{"id":15843,"date":"2025-01-19T15:03:53","date_gmt":"2025-01-19T15:03:53","guid":{"rendered":"https:\/\/www.hydraulic-cylinders.net\/product\/bucket-cylinder-for-yishan-ys220\/"},"modified":"2025-01-19T15:03:59","modified_gmt":"2025-01-19T15:03:59","slug":"bucket-cylinder-for-yishan-ys220","status":"publish","type":"product","link":"https:\/\/www.hydraulic-cylinders.net\/pl\/produkt\/bucket-cylinder-for-yishan-ys220\/","title":{"rendered":"Si\u0142ownik wiadra do Yishan YS220"},"content":{"rendered":"<h1>Si\u0142ownik wiadra do Yishan YS220<\/h1>\n<h2>Wst\u0119p<\/h2>\n<p>Si\u0142ownik \u0142y\u017cki do Yishan YS220 to specjalistyczny si\u0142ownik hydrauliczny przeznaczony do sterowania ruchem \u0142y\u017cek w ci\u0119\u017ckich maszynach, takich jak koparki, koparko-\u0142adowarki i \u0142adowarki czo\u0142owe. Jego g\u0142\u00f3wn\u0105 funkcj\u0105 jest podnoszenie, opuszczanie i przechylanie \u0142y\u017cki, u\u0142atwiaj\u0105c wykonywanie r\u00f3\u017cnych zada\u0144 zwi\u0105zanych z prze\u0142adunkiem materia\u0142\u00f3w. W uk\u0142adach hydraulicznych si\u0142ownik \u0142y\u017cki wykorzystuje zmiany ci\u015bnienia oleju hydraulicznego, aby zapewni\u0107 precyzyjn\u0105 kontrol\u0119 nad \u0142y\u017ck\u0105, umo\u017cliwiaj\u0105c operatorom wydajne przenoszenie ci\u0119\u017ckich \u0142adunk\u00f3w, adaptacj\u0119 do z\u0142o\u017conych warunk\u00f3w pracy i zr\u00f3\u017cnicowanych wymaga\u0144 operacyjnych.<\/p>\n<p><img decoding=\"async\" src=\"https:\/\/www.hydraulic-cylinders.net\/wp-content\/uploads\/2025\/01\/songte-company-2.webp\" alt=\"Si\u0142ownik wiadra do Yishan YS220\"><\/p>\n<h2>Cechy<\/h2>\n<ul>\n<li>Wysoka wytrzyma\u0142o\u015b\u0107 i trwa\u0142o\u015b\u0107: Zazwyczaj wykonany z wysokowytrzyma\u0142ej stali lub aluminium, wytrzymuje wysokie ci\u015bnienie i du\u017ce obci\u0105\u017cenia, dostosowuj\u0105c si\u0119 do trudnych warunk\u00f3w pracy. Konstrukcja uwzgl\u0119dnia odporno\u015b\u0107 na zu\u017cycie i korozj\u0119, co wyd\u0142u\u017ca jego \u017cywotno\u015b\u0107.<\/li>\n<li>Wydajne dzia\u0142anie uk\u0142adu hydraulicznego: P\u0142ynne rozci\u0105ganie i kurczenie uzyskuje si\u0119 dzi\u0119ki wykorzystaniu ci\u015bnienia oleju hydraulicznego, co umo\u017cliwia szybk\u0105 reakcj\u0119 na polecenia steruj\u0105ce i zapewnia du\u017ce si\u0142y pchania i ci\u0105gni\u0119cia, przydatne przy podnoszeniu ci\u0119\u017ckich przedmiot\u00f3w i wykonywaniu skomplikowanych zada\u0144.<\/li>\n<li>R\u00f3\u017cne typy: Si\u0142owniki jednostronnego dzia\u0142ania (hydrauliczne tylko w jednym kierunku) lub dwustronnego dzia\u0142ania (hydrauliczne w obu kierunkach) mo\u017cna dobra\u0107 w zale\u017cno\u015bci od wymaga\u0144 operacyjnych. Niekt\u00f3re modele s\u0105 teleskopowe, co pozwala na wi\u0119ksze wysuni\u0119cie bez zwi\u0119kszania wymiar\u00f3w zewn\u0119trznych, i nadaje si\u0119 do zastosowa\u0144 w ograniczonej przestrzeni.<\/li>\n<li>Idealna wymiana: Nasze produkty mog\u0105 idealnie zast\u0105pi\u0107 te cylindry hydrauliczne.<\/li>\n<\/ul>\n<p><img decoding=\"async\" src=\"https:\/\/www.hydraulic-cylinders.net\/wp-content\/uploads\/2025\/01\/songte-cylinder-head-with-all-kinds-excavator-models.webp\" alt=\"Si\u0142ownik wiadra do Yishan YS220\"><\/p>\n<h2>Aplikacje<\/h2>\n<h3>Sprz\u0119t budowlany:<\/h3>\n<p>W koparkach s\u0105 one niezb\u0119dne do kopania, za\u0142adunku i przemieszczania gleby lub gruzu. W koparko-\u0142adowarkach si\u0142owniki \u0142y\u017cki wspomagaj\u0105 zar\u00f3wno kopanie, jak i podnoszenie. W \u0142adowarkach czo\u0142owych wspomagaj\u0105 efektywne podnoszenie i przechylanie \u0142adunku.<\/p>\n<h3>Maszyny rolnicze:<\/h3>\n<p>Stosowany w \u0142adowarkach czo\u0142owych do nabierania, podnoszenia i transportu ziemi, siana i innych materia\u0142\u00f3w. W koparkach si\u0142ownik \u0142y\u017cki umo\u017cliwia kopanie, pozwalaj\u0105c \u0142y\u017cce na zag\u0142\u0119bianie si\u0119 w gleb\u0119.<\/p>\n<h2>Zagadnienia projektowe i kryteria wyboru<\/h2>\n<ul>\n<li>No\u015bno\u015b\u0107: Si\u0142ownik hydrauliczny musi mie\u0107 wystarczaj\u0105c\u0105 no\u015bno\u015b\u0107, aby spe\u0142ni\u0107 wymagania danego zastosowania.<\/li>\n<li>Skuteczno\u015b\u0107 uszczelnienia: W celu zwi\u0119kszenia skuteczno\u015bci uszczelnienia stosowane s\u0105 r\u00f3\u017cne elementy uszczelniaj\u0105ce, takie jak uszczelnienia t\u0142ok\u00f3w i uszczelnienia t\u0142oczysk wykonane z materia\u0142\u00f3w odpornych na zu\u017cycie, takich jak poliuretan i kauczuk nitrylowy.<\/li>\n<li>Trwa\u0142o\u015b\u0107: Korpus cylindra i gwintowana powierzchnia ko\u0144cowa s\u0105 precyzyjnie obrobione, aby zwi\u0119kszy\u0107 odporno\u015b\u0107 na zu\u017cycie. Regularne smarowanie jest niezb\u0119dne, aby zapobiec zu\u017cyciu i zapewni\u0107 prawid\u0142ow\u0105 prac\u0119.<\/li>\n<li>Bezpiecze\u0144stwo: Aby zapewni\u0107 bezpieczne u\u017cytkowanie, podczas instalacji i obs\u0142ugi nale\u017cy zachowa\u0107 odpowiednie \u015brodki bezpiecze\u0144stwa.<\/li>\n<li>Konserwacja: Regularne kontrole i konserwacja s\u0105 niezb\u0119dne do wykrywania i zapobiegania potencjalnym problemom. Dost\u0119pne s\u0105 r\u00f3wnie\u017c us\u0142ugi wymiany i regeneracji cz\u0119\u015bci zamiennych.<\/li>\n<\/ul>\n<p><img decoding=\"async\" src=\"https:\/\/www.hydraulic-cylinders.net\/wp-content\/uploads\/2025\/01\/songte-oil-pipes-and-spare-parts.webp\" alt=\"Si\u0142ownik wiadra do Yishan YS220\"><\/p>\n<h2>Uszczelnianie i smarowanie<\/h2>\n<p>W celu poprawy skuteczno\u015bci uszczelnienia stosowane s\u0105 r\u00f3\u017cne elementy uszczelniaj\u0105ce, takie jak uszczelnienia t\u0142oka i t\u0142oczyska, wykonane z materia\u0142\u00f3w odpornych na zu\u017cycie, takich jak poliuretan i kauczuk nitrylowy. Korpus cylindra i gwintowana powierzchnia ko\u0144cowa s\u0105 precyzyjnie obrobione, aby zwi\u0119kszy\u0107 odporno\u015b\u0107 na zu\u017cycie. Regularne smarowanie jest niezb\u0119dne, aby zapobiec zu\u017cyciu i zapewni\u0107 prawid\u0142ow\u0105 prac\u0119.<\/p>\n<h2>Konserwacja i naprawa<\/h2>\n<p>Regularne przegl\u0105dy i konserwacja s\u0105 niezb\u0119dne do wykrywania i zapobiegania potencjalnym problemom. Typowe czynno\u015bci konserwacyjne obejmuj\u0105 regularne kontrole, odpowiednie smarowanie i wymian\u0119 uszczelek. Prawid\u0142owy monta\u017c, smarowanie i regulacja maj\u0105 kluczowe znaczenie dla zapewnienia d\u0142ugowieczno\u015bci produktu. Zaleca si\u0119 stosowanie odpowiednich uchwyt\u00f3w monta\u017cowych do mocowania cylindra. Oferujemy zalecane procedury kontroli, naprawy i wymiany, cz\u0119\u015bci zamienne oraz us\u0142ugi regeneracji, aby wyd\u0142u\u017cy\u0107 \u017cywotno\u015b\u0107 produktu.<\/p>\n<p><img decoding=\"async\" src=\"https:\/\/www.hydraulic-cylinders.net\/wp-content\/uploads\/2025\/01\/songte-chushion-collar.webp\" alt=\"Si\u0142ownik wiadra do Yishan YS220\"><\/p>\n<h2>Bezpiecze\u0144stwo i wzgl\u0119dy \u015brodowiskowe<\/h2>\n<p>Prawid\u0142owe stosowanie \u015brodk\u00f3w bezpiecze\u0144stwa ma kluczowe znaczenie podczas u\u017cytkowania cylindr\u00f3w hydraulicznych. Nale\u017cy zachowa\u0107 ostro\u017cno\u015b\u0107, aby unikn\u0105\u0107 wyciek\u00f3w p\u0142ynu hydraulicznego, kt\u00f3re mog\u0105 by\u0107 szkodliwe dla \u015brodowiska i stanowi\u0107 zagro\u017cenie dla personelu.<\/p>\n<h2>Diagnostyka usterek i rozwi\u0105zywanie problem\u00f3w<\/h2>\n<p>Do typowych problem\u00f3w z si\u0142ownikami hydraulicznymi nale\u017c\u0105 awarie uszczelnie\u0144, nieszczelno\u015bci oraz problemy z wysuwaniem i wsuwaniem si\u0142ownika. Mo\u017cna je rozwi\u0105za\u0107, identyfikuj\u0105c przyczyn\u0119 i wymieniaj\u0105c uszkodzone cz\u0119\u015bci. \u015arodki zapobiegawcze, takie jak regularna konserwacja i przegl\u0105dy, mog\u0105 pom\u00f3c zapobiec problemom, zanim wyst\u0105pi\u0105.<\/p>\n<p><img decoding=\"async\" src=\"https:\/\/www.hydraulic-cylinders.net\/wp-content\/uploads\/2025\/01\/songte-bushings-with-all-kinds-of-excavator-models.webp\" alt=\"Si\u0142ownik wiadra do Yishan YS220\"><\/p>\n<h2>O nas<\/h2>\n<p>Jeste\u015bmy producentem cylindr\u00f3w hydraulicznych, oferuj\u0105cym pe\u0142n\u0105 gam\u0119 produkt\u00f3w i stali\u015bmy si\u0119 jednym z wiod\u0105cych producent\u00f3w i hurtowych dystrybutor\u00f3w cylindr\u00f3w hydraulicznych na rynku krajowym i mi\u0119dzynarodowym. Przestrzegamy zasady doskona\u0142ej jako\u015bci i opieramy si\u0119 na bran\u017cowej strategii zarz\u0105dzania produkcj\u0105 w naszym zaawansowanym warsztacie produkcyjnym. Dzi\u0119ki wykorzystaniu talent\u00f3w technologicznych, cyfrowego, zaawansowanego sprz\u0119tu produkcyjnego i profesjonalnych system\u00f3w testowych, stale ulepszamy nasz\u0105 platform\u0119 produkcyjn\u0105, udoskonalamy linie produkcyjne pod k\u0105tem jako\u015bci produkt\u00f3w i dysponujemy du\u017cym potencja\u0142em kreatywnym. Spe\u0142niamy zr\u00f3\u017cnicowane potrzeby klient\u00f3w, zapewniaj\u0105c im wysok\u0105 wydajno\u015b\u0107, precyzj\u0119 i jako\u015b\u0107.<\/p>\n<ul>\n<li>Profesjonalizm: Mamy zesp\u00f3\u0142 profesjonalist\u00f3w, kt\u00f3rzy posiadaj\u0105 wiedz\u0119 na temat cylindr\u00f3w hydraulicznych i ich zastosowa\u0144.<\/li>\n<li>Certyfikaty mi\u0119dzynarodowe: Nasze produkty uzyska\u0142y mi\u0119dzynarodowe certyfikaty, takie jak CE i ISO9001.<\/li>\n<li>Us\u0142ugi dostosowywania: Zapewniamy us\u0142ugi dostosowane do indywidualnych potrzeb naszych klient\u00f3w.<\/li>\n<li>Sprz\u0119t produkcyjny: U\u017cywamy zaawansowanego sprz\u0119tu produkcyjnego, takiego jak precyzyjne maszyny CNC i roboty spawalnicze, aby zapewni\u0107 wysok\u0105 jako\u015b\u0107 produkt\u00f3w.<\/li>\n<li>Serwis posprzeda\u017cowy: Naszym klientom zapewniamy serwis posprzeda\u017cowy obejmuj\u0105cy wsparcie techniczne, wymian\u0119 cz\u0119\u015bci zamiennych i us\u0142ugi regeneracji.<\/li>\n<\/ul>\n<p><img decoding=\"async\" src=\"https:\/\/hzpt.com\/wp-content\/uploads\/2024\/11\/songte-company-1.webp\" alt=\"Si\u0142ownik wiadra do Yishan YS220\"><\/p>\n<p>Autor: lyl<\/p>","protected":false},"excerpt":{"rendered":"<p>Bucket Cylinder For Yishan YS220 Introduction The Bucket Cylinder for Yishan YS220 is a specialized hydraulic cylinder designed to control the movement of buckets in heavy machinery such as excavators, backhoe loaders, and front loaders. Its primary function is to enable the bucket to lift, lower, and tilt, making it easier to carry out various [&hellip;]<\/p>","protected":false},"featured_media":14780,"comment_status":"open","ping_status":"closed","template":"","meta":{"_et_pb_use_builder":"","_et_pb_old_content":"","_et_gb_content_width":""},"product_brand":[],"product_cat":[1494],"product_tag":[1495,1496],"class_list":{"0":"post-15843","1":"product","2":"type-product","3":"status-publish","4":"has-post-thumbnail","6":"product_cat-bucket-cylinders","7":"product_tag-bucket-cylinders","8":"product_tag-hydraulic-cylinders","10":"first","11":"instock","12":"shipping-taxable","13":"product-type-simple"},"amp_enabled":true,"_links":{"self":[{"href":"https:\/\/www.hydraulic-cylinders.net\/pl\/wp-json\/wp\/v2\/product\/15843","targetHints":{"allow":["GET"]}}],"collection":[{"href":"https:\/\/www.hydraulic-cylinders.net\/pl\/wp-json\/wp\/v2\/product"}],"about":[{"href":"https:\/\/www.hydraulic-cylinders.net\/pl\/wp-json\/wp\/v2\/types\/product"}],"replies":[{"embeddable":true,"href":"https:\/\/www.hydraulic-cylinders.net\/pl\/wp-json\/wp\/v2\/comments?post=15843"}],"wp:featuredmedia":[{"embeddable":true,"href":"https:\/\/www.hydraulic-cylinders.net\/pl\/wp-json\/wp\/v2\/media\/14780"}],"wp:attachment":[{"href":"https:\/\/www.hydraulic-cylinders.net\/pl\/wp-json\/wp\/v2\/media?parent=15843"}],"wp:term":[{"taxonomy":"product_brand","embeddable":true,"href":"https:\/\/www.hydraulic-cylinders.net\/pl\/wp-json\/wp\/v2\/product_brand?post=15843"},{"taxonomy":"product_cat","embeddable":true,"href":"https:\/\/www.hydraulic-cylinders.net\/pl\/wp-json\/wp\/v2\/product_cat?post=15843"},{"taxonomy":"product_tag","embeddable":true,"href":"https:\/\/www.hydraulic-cylinders.net\/pl\/wp-json\/wp\/v2\/product_tag?post=15843"}],"curies":[{"name":"wp","href":"https:\/\/api.w.org\/{rel}","templated":true}]}}