{"id":15847,"date":"2025-01-19T15:04:14","date_gmt":"2025-01-19T15:04:14","guid":{"rendered":"https:\/\/www.hydraulic-cylinders.net\/product\/bucket-cylinder-for-john-deere-e330lc\/"},"modified":"2025-01-19T15:04:16","modified_gmt":"2025-01-19T15:04:16","slug":"bucket-cylinder-for-john-deere-e330lc","status":"publish","type":"product","link":"https:\/\/www.hydraulic-cylinders.net\/pl\/produkt\/bucket-cylinder-for-john-deere-e330lc\/","title":{"rendered":"Si\u0142ownik \u0142y\u017cki do John Deere E330LC"},"content":{"rendered":"<p><!DOCTYPE html><br \/>\n<html><br \/>\n<head><br \/>\n<title>Si\u0142ownik \u0142y\u017cki do John Deere E330LC<\/title><br \/>\n<\/head><br \/>\n<body><\/p>\n<h1>Si\u0142ownik \u0142y\u017cki do John Deere E330LC<\/h1>\n<h2>Wst\u0119p<\/h2>\n<p>Si\u0142ownik \u0142y\u017cki to specjalnie zaprojektowany si\u0142ownik hydrauliczny s\u0142u\u017c\u0105cy do sterowania ruchem \u0142y\u017cki w ci\u0119\u017ckich maszynach, takich jak koparki, koparko-\u0142adowarki i \u0142adowarki czo\u0142owe. Jego g\u0142\u00f3wn\u0105 funkcj\u0105 jest podnoszenie, opuszczanie i przechylanie \u0142y\u017cki, u\u0142atwiaj\u0105c tym samym r\u00f3\u017cnorodne zadania zwi\u0105zane z prze\u0142adunkiem materia\u0142\u00f3w. W uk\u0142adzie hydraulicznym si\u0142ownik \u0142y\u017cki zapewnia precyzyjn\u0105 kontrol\u0119 nad \u0142y\u017ck\u0105, wykorzystuj\u0105c zmiany ci\u015bnienia oleju hydraulicznego, co pozwala operatorowi na sprawne operowanie ci\u0119\u017ckimi \u0142adunkami i dostosowanie si\u0119 do z\u0142o\u017conych warunk\u00f3w pracy oraz zr\u00f3\u017cnicowanych wymaga\u0144 operacyjnych.<\/p>\n<p><img decoding=\"async\" src=\"https:\/\/www.hydraulic-cylinders.net\/wp-content\/uploads\/2025\/01\/songte-company-2.webp\"><\/p>\n<h2>Cechy<\/h2>\n<ol>\n<li>Wysoka wytrzyma\u0142o\u015b\u0107 i trwa\u0142o\u015b\u0107: Wykonany z wysokowytrzyma\u0142ej stali lub aluminium, si\u0142ownik \u0142y\u017cki wytrzymuje wysokie ci\u015bnienie i du\u017ce obci\u0105\u017cenia, dostosowuj\u0105c si\u0119 do trudnych warunk\u00f3w pracy. Jego konstrukcja uwzgl\u0119dnia odporno\u015b\u0107 na zu\u017cycie i korozj\u0119, co wyd\u0142u\u017ca jego \u017cywotno\u015b\u0107.<\/li>\n<li>Wydajna praca uk\u0142adu hydraulicznego: Wykorzystuj\u0105c ci\u015bnienie oleju hydraulicznego, si\u0142ownik \u0142y\u017cki umo\u017cliwia p\u0142ynne wysuwanie i wsuwanie, zapewniaj\u0105c szybk\u0105 reakcj\u0119 na polecenia steruj\u0105ce i generuj\u0105c du\u017ce si\u0142y pchaj\u0105ce i ci\u0105gn\u0105ce, odpowiednie do podnoszenia ci\u0119\u017ckich \u0142adunk\u00f3w i wykonywania skomplikowanych zada\u0144 operacyjnych.<\/li>\n<li>R\u00f3\u017cne typy: Si\u0142owniki kube\u0142kowe mo\u017cna wybra\u0107 jako si\u0142owniki jednostronnego dzia\u0142ania (ci\u015bnienie hydrauliczne tylko w jednym kierunku) lub dwustronnego dzia\u0142ania (ci\u015bnienie hydrauliczne w obu kierunkach), w zale\u017cno\u015bci od konkretnych wymaga\u0144 operacyjnych. Niekt\u00f3re modele s\u0105 teleskopowe, co pozwala na wi\u0119ksze wysuni\u0119cie bez zwi\u0119kszania wymiar\u00f3w zewn\u0119trznych, dzi\u0119ki czemu nadaj\u0105 si\u0119 do zastosowa\u0144 w ograniczonej przestrzeni.<\/li>\n<li>Idealna wymiana: Nasze produkty mog\u0105 idealnie zast\u0105pi\u0107 te cylindry hydrauliczne. <\/li>\n<\/ol>\n<p><img decoding=\"async\" src=\"https:\/\/www.hydraulic-cylinders.net\/wp-content\/uploads\/2025\/01\/songte-cylinder-head-with-all-kinds-excavator-models.webp\"><\/p>\n<h2>Aplikacje<\/h2>\n<ul>\n<li>Sprz\u0119t budowlany: Znajduj\u0105 si\u0119 w koparkach i s\u0105 niezb\u0119dne do kopania, za\u0142adunku i przemieszczania gleby lub gruzu. W koparko-\u0142adowarkach si\u0142ownik \u0142y\u017cki wspomaga zar\u00f3wno kopanie, jak i podnoszenie.<\/li>\n<li>Maszyny rolnicze: Stosowane w \u0142adowarkach czo\u0142owych, pomagaj\u0105 w nabieraniu, podnoszeniu i transporcie gleby, siana i innych materia\u0142\u00f3w.<\/li>\n<li>Koparki: Cylinder \u0142y\u017cki umo\u017cliwia wykonywanie prac wykopaliskowych, pozwalaj\u0105c \u0142y\u017cce na penetracj\u0119 gleby.<\/li>\n<li>\u0141adowarki: W \u0142adowarkach czo\u0142owych pomagaj\u0105 w wydajnym podnoszeniu i wysypywaniu towar\u00f3w.<\/li>\n<\/ul>\n<h2>Zagadnienia projektowe i kryteria wyboru<\/h2>\n<ul>\n<li>No\u015bno\u015b\u0107: Om\u00f3w zdolno\u015b\u0107 cylindra \u0142y\u017cki do wytrzymywania du\u017cych obci\u0105\u017ce\u0144 i zapewniania niezawodnej pracy.<\/li>\n<li>Uszczelnienie: Wyja\u015bnij znaczenie r\u00f3\u017cnych element\u00f3w uszczelniaj\u0105cych, takich jak uszczelnienia t\u0142ok\u00f3w i uszczelnienia t\u0142oczysk, kt\u00f3re s\u0105 wykonane z materia\u0142\u00f3w odpornych na zu\u017cycie, np. poliuretanu i kauczuku nitrylowego.<\/li>\n<li>Trwa\u0142o\u015b\u0107: Om\u00f3w \u015brodki zastosowane w konstrukcji korpusu cylindra i gwintowanych ko\u0144c\u00f3wek w celu zwi\u0119kszenia odporno\u015bci na zu\u017cycie.<\/li>\n<li>Bezpiecze\u0144stwo: Opisz kwestie bezpiecze\u0144stwa brane pod uwag\u0119 w procesie projektowania.<\/li>\n<li>\u0141atwo\u015b\u0107 konserwacji: Om\u00f3w \u0142atwo\u015b\u0107 konserwacji oraz dost\u0119pno\u015b\u0107 cz\u0119\u015bci zamiennych i us\u0142ug remontowych.<\/li>\n<\/ul>\n<p><img decoding=\"async\" src=\"https:\/\/www.hydraulic-cylinders.net\/wp-content\/uploads\/2025\/01\/songte-oil-pipes-and-spare-parts.webp\"><\/p>\n<h2>Uszczelnianie i smarowanie<\/h2>\n<p>W cylindrze czerpakowym zastosowano r\u00f3\u017cnorodne elementy uszczelniaj\u0105ce, takie jak uszczelnienia t\u0142oka i t\u0142oczyska, wykonane z materia\u0142\u00f3w odpornych na zu\u017cycie, takich jak poliuretan i kauczuk nitrylowy. Korpus cylindra i gwintowane ko\u0144c\u00f3wki s\u0105 precyzyjnie obrobione w celu zwi\u0119kszenia odporno\u015bci na zu\u017cycie. Regularne smarowanie odpowiedni\u0105 ilo\u015bci\u0105 oleju hydraulicznego jest niezb\u0119dne dla zapewnienia p\u0142ynnej pracy.<\/p>\n<h2>Regularne kontrole i \u015brodki konserwacji zapobiegawczej<\/h2>\n<ul>\n<li>Regularne kontrole: Nale\u017cy podkre\u015bli\u0107 znaczenie regularnej kontroli cylindra \u0142y\u017cki pod k\u0105tem wszelkich oznak uszkodze\u0144 lub zu\u017cycia.<\/li>\n<li>Prawid\u0142owe smarowanie: Podkre\u015bl znaczenie prawid\u0142owego smarowania, kt\u00f3re zapobiega przedwczesnemu zu\u017cyciu i zapewnia optymaln\u0105 wydajno\u015b\u0107.<\/li>\n<li>Wymiana uszczelek: Podaj wytyczne dotycz\u0105ce tego, kiedy i jak wymienia\u0107 elementy uszczelniaj\u0105ce, aby zachowa\u0107 integralno\u015b\u0107 cylindra.<\/li>\n<li>Kontrola kalibracji: Wyja\u015bnij potrzeb\u0119 okresowych kontroli kalibracji w celu zapewnienia, \u017ce \u200b\u200bcylinder czerpakowy dzia\u0142a w ramach okre\u015blonych parametr\u00f3w.<\/li>\n<\/ul>\n<p><img decoding=\"async\" src=\"https:\/\/www.hydraulic-cylinders.net\/wp-content\/uploads\/2025\/01\/songte-chushion-collar.webp\"><\/p>\n<h2>Zagadnienia bezpiecze\u0144stwa i czynniki \u015brodowiskowe<\/h2>\n<p>Podkre\u015bl znaczenie przestrzegania zasad bezpiecze\u0144stwa podczas u\u017cytkowania cylindra czerpakowego i jego wp\u0142yw na bezpiecze\u0144stwo pracy. Om\u00f3w wszelkie czynniki \u015brodowiskowe, kt\u00f3re mog\u0105 mie\u0107 wp\u0142yw na wydajno\u015b\u0107 lub konserwacj\u0119 cylindra.<\/p>\n<h2>Rozwi\u0105zywanie problem\u00f3w i typowe problemy<\/h2>\n<p>Om\u00f3w typowe problemy, kt\u00f3re mog\u0105 wyst\u0105pi\u0107 w cylindrze czerpakowym, i podaj wskaz\u00f3wki dotycz\u0105ce rozwi\u0105zywania problem\u00f3w oraz rozwi\u0105zania, kt\u00f3re pomog\u0105 czytelnikom skutecznie diagnozowa\u0107 i rozwi\u0105zywa\u0107 problemy. Zaproponuj \u015brodki zapobiegawcze w celu zminimalizowania potencjalnych problem\u00f3w.<\/p>\n<p><img decoding=\"async\" src=\"https:\/\/www.hydraulic-cylinders.net\/wp-content\/uploads\/2025\/01\/songte-bushings-with-all-kinds-of-excavator-models.webp\"><\/p>\n<h2>Zadania konserwacyjne<\/h2>\n<p>Wymie\u0144 trzy typowe czynno\u015bci konserwacyjne, w tym regularn\u0105 kontrol\u0119, prawid\u0142owe smarowanie i wymian\u0119 uszczelek, a tak\u017ce om\u00f3w znaczenie prawid\u0142owej instalacji, smarowania i regulacji. Podaj wskaz\u00f3wki dotycz\u0105ce prawid\u0142owego ustawienia cylindra podczas instalacji i zalecenie u\u017cycia odpowiednich wspornik\u00f3w monta\u017cowych do zabezpieczenia cylindra. Przedstaw zalecane procedury kontroli, naprawy i wymiany, a tak\u017ce wskaz\u00f3wki dotycz\u0105ce wyd\u0142u\u017cenia \u017cywotno\u015bci cylindra kube\u0142kowego.<\/p>\n<h2>O naszej firmie<\/h2>\n<p>Jeste\u015bmy producentem zamiennych cylindr\u00f3w hydraulicznych, oferuj\u0105cym szerok\u0105 gam\u0119 produkt\u00f3w. Stali\u015bmy si\u0119 jednym z wiod\u0105cych producent\u00f3w i hurtowych dystrybutor\u00f3w cylindr\u00f3w hydraulicznych na rynku krajowym i mi\u0119dzynarodowym. Priorytetem jest dla nas wyj\u0105tkowa jako\u015b\u0107 i opieramy si\u0119 na zindustrializowanych strategiach zarz\u0105dzania produkcj\u0105 w naszym zaawansowanym warsztacie produkcyjnym. Dzi\u0119ki wykorzystaniu talent\u00f3w technicznych, zaawansowanego sprz\u0119tu produkcyjnego i profesjonalnych system\u00f3w testowych, stale ulepszamy nasz\u0105 platform\u0119 produkcyjn\u0105 i udoskonalamy nasze procesy produkcyjne, aby zapewni\u0107 wysok\u0105 jako\u015b\u0107 produkt\u00f3w. Wyr\u00f3\u017cnia nas kreatywno\u015b\u0107, a tak\u017ce przestrzeganie zasad wysokiej wydajno\u015bci, precyzji i wysokiej jako\u015bci produkt\u00f3w, aby sprosta\u0107 zr\u00f3\u017cnicowanym potrzebom klient\u00f3w.<\/p>\n<p><img decoding=\"async\" src=\"https:\/\/www.hydraulic-cylinders.net\/wp-content\/uploads\/2025\/01\/songte-company-3.webp\"><\/p>\n<h3>Najwa\u017cniejsze informacje o firmie:<\/h3>\n<ul>\n<li>Profesjonalizm: Podkre\u015bl kompetencje firmy w dziedzinie cylindr\u00f3w hydraulicznych.<\/li>\n<li>Certyfikaty mi\u0119dzynarodowe: Om\u00f3w wszelkie istotne certyfikaty mi\u0119dzynarodowe uzyskane przez firm\u0119.<\/li>\n<li>Us\u0142ugi dostosowywania: Podkre\u015bl zdolno\u015b\u0107 firmy do dostarczania rozwi\u0105za\u0144 dostosowanych do indywidualnych potrzeb.<\/li>\n<li>Sprz\u0119t produkcyjny: Opisz zaawansowany sprz\u0119t produkcyjny wykorzystywany przez firm\u0119.<\/li>\n<li>Obs\u0142uga posprzeda\u017cowa: Podkre\u015bl zaanga\u017cowanie firmy w zapewnienie doskona\u0142ej obs\u0142ugi klienta i obs\u0142ugi posprzeda\u017cowej.<\/li>\n<\/ul>\n<p>Autor: lyl<\/p>\n<p><img decoding=\"async\" src=\"https:\/\/hzpt.com\/wp-content\/uploads\/2024\/11\/songte-company-1.webp\"><\/p>\n<p><\/body><br \/>\n<\/html><\/p>","protected":false},"excerpt":{"rendered":"<p>Bucket Cylinder For John Deere E330LC Bucket Cylinder For John Deere E330LC Introduction The bucket cylinder is a specially designed hydraulic cylinder used to control the movement of the bucket in heavy machinery such as excavators, backhoe loaders, and front-end loaders. Its main function is to enable the lifting, lowering, and tilting of the bucket, [&hellip;]<\/p>","protected":false},"featured_media":14771,"comment_status":"open","ping_status":"closed","template":"","meta":{"_et_pb_use_builder":"","_et_pb_old_content":"","_et_gb_content_width":""},"product_brand":[],"product_cat":[1494],"product_tag":[1495,1496],"class_list":{"0":"post-15847","1":"product","2":"type-product","3":"status-publish","4":"has-post-thumbnail","6":"product_cat-bucket-cylinders","7":"product_tag-bucket-cylinders","8":"product_tag-hydraulic-cylinders","10":"first","11":"instock","12":"shipping-taxable","13":"product-type-simple"},"amp_enabled":true,"_links":{"self":[{"href":"https:\/\/www.hydraulic-cylinders.net\/pl\/wp-json\/wp\/v2\/product\/15847","targetHints":{"allow":["GET"]}}],"collection":[{"href":"https:\/\/www.hydraulic-cylinders.net\/pl\/wp-json\/wp\/v2\/product"}],"about":[{"href":"https:\/\/www.hydraulic-cylinders.net\/pl\/wp-json\/wp\/v2\/types\/product"}],"replies":[{"embeddable":true,"href":"https:\/\/www.hydraulic-cylinders.net\/pl\/wp-json\/wp\/v2\/comments?post=15847"}],"wp:featuredmedia":[{"embeddable":true,"href":"https:\/\/www.hydraulic-cylinders.net\/pl\/wp-json\/wp\/v2\/media\/14771"}],"wp:attachment":[{"href":"https:\/\/www.hydraulic-cylinders.net\/pl\/wp-json\/wp\/v2\/media?parent=15847"}],"wp:term":[{"taxonomy":"product_brand","embeddable":true,"href":"https:\/\/www.hydraulic-cylinders.net\/pl\/wp-json\/wp\/v2\/product_brand?post=15847"},{"taxonomy":"product_cat","embeddable":true,"href":"https:\/\/www.hydraulic-cylinders.net\/pl\/wp-json\/wp\/v2\/product_cat?post=15847"},{"taxonomy":"product_tag","embeddable":true,"href":"https:\/\/www.hydraulic-cylinders.net\/pl\/wp-json\/wp\/v2\/product_tag?post=15847"}],"curies":[{"name":"wp","href":"https:\/\/api.w.org\/{rel}","templated":true}]}}