{"id":15853,"date":"2025-01-19T15:04:38","date_gmt":"2025-01-19T15:04:38","guid":{"rendered":"https:\/\/www.hydraulic-cylinders.net\/product\/bucket-cylinder-for-yuchai-yc18sr\/"},"modified":"2025-01-19T15:04:43","modified_gmt":"2025-01-19T15:04:43","slug":"bucket-cylinder-for-yuchai-yc18sr","status":"publish","type":"product","link":"https:\/\/www.hydraulic-cylinders.net\/pl\/produkt\/bucket-cylinder-for-yuchai-yc18sr\/","title":{"rendered":"Cylinder kube\u0142kowy do Yuchai YC18SR"},"content":{"rendered":"<h2>Cylinder kube\u0142kowy do Yuchai YC18SR<\/h2>\n<h3>Wst\u0119p<\/h3>\n<p>Si\u0142ownik \u0142y\u017cki to specjalnie zaprojektowany si\u0142ownik hydrauliczny, kt\u00f3ry s\u0142u\u017cy g\u0142\u00f3wnie do sterowania ruchem \u0142y\u017cki w ci\u0119\u017ckich maszynach, takich jak koparki, koparko-\u0142adowarki i \u0142adowarki czo\u0142owe. Jego g\u0142\u00f3wn\u0105 funkcj\u0105 jest podnoszenie, opuszczanie i przechylanie \u0142y\u017cki, u\u0142atwiaj\u0105c wykonywanie r\u00f3\u017cnych zada\u0144 zwi\u0105zanych z prze\u0142adunkiem materia\u0142\u00f3w. W uk\u0142adzie hydraulicznym si\u0142ownik \u0142y\u017cki zapewnia precyzyjn\u0105 kontrol\u0119 nad \u0142y\u017ck\u0105 poprzez zmian\u0119 ci\u015bnienia oleju hydraulicznego, umo\u017cliwiaj\u0105c operatorom wydajne przenoszenie ci\u0119\u017ckich materia\u0142\u00f3w, dostosowanie si\u0119 do z\u0142o\u017conych warunk\u00f3w pracy i zr\u00f3\u017cnicowanych wymaga\u0144 operacyjnych.<\/p>\n<p><img decoding=\"async\" src=\"https:\/\/www.hydraulic-cylinders.net\/wp-content\/uploads\/2025\/01\/songte-company-2.webp\" \/><\/p>\n<h3>Cechy<\/h3>\n<ul>\n<li><strong>Wysoka wytrzyma\u0142o\u015b\u0107 i trwa\u0142o\u015b\u0107:<\/strong> Zazwyczaj wykonane s\u0105 z wytrzyma\u0142ej stali lub aluminium, wytrzymuj\u0105 du\u017ce ci\u015bnienie i obci\u0105\u017cenia, s\u0105 przystosowane do trudnych warunk\u00f3w pracy, a ich konstrukcja zapewnia odporno\u015b\u0107 na zu\u017cycie i korozj\u0119, co wyd\u0142u\u017ca ich \u017cywotno\u015b\u0107.<\/li>\n<li><strong>Wydajna praca uk\u0142adu hydraulicznego:<\/strong> Wykorzystuje ci\u015bnienie oleju hydraulicznego w celu zapewnienia p\u0142ynnych ruch\u00f3w wysuwania i wsuwania, mo\u017ce szybko reagowa\u0107 na polecenia steruj\u0105ce, zapewnia du\u017c\u0105 si\u0142\u0119 pchania i ci\u0105gni\u0119cia oraz nadaje si\u0119 do przenoszenia ci\u0119\u017ckich materia\u0142\u00f3w i wykonywania skomplikowanych zada\u0144 operacyjnych.<\/li>\n<li><strong>R\u00f3\u017cne typy:<\/strong> W zale\u017cno\u015bci od wymaga\u0144 operacyjnych mo\u017cna wybra\u0107 si\u0142owniki jednostronnego dzia\u0142ania (hydrauliczne tylko w jednym kierunku) lub dwustronnego dzia\u0142ania (hydrauliczne w obu kierunkach). Niekt\u00f3re modele s\u0105 teleskopowe, co pozwala na wi\u0119ksz\u0105 d\u0142ugo\u015b\u0107 bez zwi\u0119kszania wymiar\u00f3w zewn\u0119trznych, dzi\u0119ki czemu nadaj\u0105 si\u0119 do zastosowa\u0144 w ograniczonej przestrzeni.<\/li>\n<li><strong>Zgodno\u015b\u0107:<\/strong> Nasz produkt mo\u017ce doskonale zast\u0105pi\u0107 te cylindry hydrauliczne i jeste\u015bmy w stanie go wyprodukowa\u0107.<\/li>\n<\/ul>\n<p><img decoding=\"async\" src=\"https:\/\/www.hydraulic-cylinders.net\/wp-content\/uploads\/2025\/01\/songte-cylinder-head-with-all-kinds-excavator-models.webp\" \/><\/p>\n<h3>Aplikacje<\/h3>\n<p>Cylindry kube\u0142kowe s\u0105 szeroko stosowane w r\u00f3\u017cnych ga\u0142\u0119ziach przemys\u0142u, w tym:<\/p>\n<ul>\n<li><strong>Sprz\u0119t budowlany:<\/strong> W koparkach s\u0105 one niezb\u0119dne do kopania, za\u0142adunku i przemieszczania gleby lub gruzu. W koparko-\u0142adowarkach si\u0142ownik \u0142y\u017cki wspomaga zar\u00f3wno kopanie, jak i podnoszenie. <\/li>\n<li><strong>Maszyny rolnicze:<\/strong> Stosowany w \u0142adowarkach czo\u0142owych do nabierania, podnoszenia i transportu ziemi, siana i innych materia\u0142\u00f3w. <\/li>\n<li><strong>Koparki:<\/strong> Cylinder \u0142y\u017cki umo\u017cliwia kopanie poprzez umo\u017cliwienie \u0142y\u017cce zag\u0142\u0119biania si\u0119 w gleb\u0119. <\/li>\n<li><strong>\u0141adowarki:<\/strong> W \u0142adowarkach czo\u0142owych pomagaj\u0105 w efektywnym podnoszeniu i przechylaniu towar\u00f3w. <\/li>\n<\/ul>\n<h3>Kryteria projektowania i wyboru<\/h3>\n<p>Przy projektowaniu cylindr\u00f3w kube\u0142kowych nale\u017cy wzi\u0105\u0107 pod uwag\u0119 szereg kwestii, takich jak:<\/p>\n<ul>\n<li><strong>No\u015bno\u015b\u0107:<\/strong> Cylinder powinien wytrzyma\u0107 ci\u0119\u017car podnoszonego materia\u0142u bez odkszta\u0142cenia lub uszkodzenia.<\/li>\n<li><strong>Opiecz\u0119towanie:<\/strong> Aby zapobiec wyciekom i utrzyma\u0107 ci\u015bnienie, nale\u017cy stosowa\u0107 r\u00f3\u017cne elementy uszczelniaj\u0105ce, takie jak uszczelki t\u0142okowe i uszczelki t\u0142oczyskowe.<\/li>\n<li><strong>Trwa\u0142o\u015b\u0107:<\/strong> Materia\u0142 cylindra powinien by\u0107 odporny na zu\u017cycie, korozj\u0119 i zm\u0119czenie, a powierzchnia powinna zosta\u0107 poddana dok\u0142adnej obr\u00f3bce w celu zwi\u0119kszenia odporno\u015bci na zu\u017cycie.<\/li>\n<li><strong>Bezpiecze\u0144stwo:<\/strong> Cylinder powinien by\u0107 zaprojektowany w spos\u00f3b zapobiegaj\u0105cy wypadkom, takim jak wyciek, przeci\u0105\u017cenie i nag\u0142a awaria.<\/li>\n<li><strong>Konserwacja:<\/strong> Cylinder powinien by\u0107 \u0142atwy do demonta\u017cu i naprawy, a odpowiednie cz\u0119\u015bci zamienne powinny by\u0107 \u0142atwo dost\u0119pne.<\/li>\n<\/ul>\n<p><img decoding=\"async\" src=\"https:\/\/www.hydraulic-cylinders.net\/wp-content\/uploads\/2025\/01\/songte-oil-pipes-and-spare-parts.webp\" \/><\/p>\n<h3>Uszczelnianie i smarowanie<\/h3>\n<p>W si\u0142ownikach kube\u0142kowych stosowane s\u0105 r\u00f3\u017cne elementy uszczelniaj\u0105ce, takie jak uszczelnienia t\u0142oka i t\u0142oczyska, wykonane z materia\u0142\u00f3w odpornych na zu\u017cycie, takich jak poliuretan i kauczuk nitrylowy. Korpus si\u0142ownika i powierzchnie gwintowane s\u0105 poddawane precyzyjnej obr\u00f3bce w celu zwi\u0119kszenia odporno\u015bci na zu\u017cycie. Regularne smarowanie olejem hydraulicznym jest niezb\u0119dne, aby zapewni\u0107 p\u0142ynny ruch i zmniejszy\u0107 zu\u017cycie.<\/p>\n<h3>Konserwacja i naprawa<\/h3>\n<p>Aby zapewni\u0107 d\u0142ugowieczno\u015b\u0107 i niezawodn\u0105 prac\u0119 si\u0142ownik\u00f3w kube\u0142kowych, nale\u017cy regularnie przeprowadza\u0107 przegl\u0105dy i konserwacj\u0119 zapobiegawcz\u0105. Typowe czynno\u015bci konserwacyjne obejmuj\u0105:<\/p>\n<ul>\n<li><strong>Regularna kontrola:<\/strong> Sprawd\u017a, czy nie ma przeciek\u00f3w, lu\u017anych po\u0142\u0105cze\u0144 i \u015blad\u00f3w zu\u017cycia.<\/li>\n<li><strong>Smarowanie:<\/strong> Nale\u017cy dba\u0107 o dobre smarowanie cylindra olejem hydraulicznym zgodnie z zaleceniami producenta.<\/li>\n<li><strong>Wymiana uszczelki:<\/strong> Aby zapobiec wyciekom i utracie ci\u015bnienia, nale\u017cy jak najszybciej wymieni\u0107 zu\u017cyte lub uszkodzone uszczelki.<\/li>\n<li><strong>Kontrola ustawienia:<\/strong> Podczas monta\u017cu nale\u017cy prawid\u0142owo ustawi\u0107 cylinder, aby zapobiec jego uszkodzeniom i zapewni\u0107 p\u0142ynn\u0105 prac\u0119.<\/li>\n<li><strong>Naprawa i wymiana:<\/strong> Post\u0119puj zgodnie z zalecanymi procedurami naprawy lub wymiany uszkodzonych podzespo\u0142\u00f3w i rozwa\u017c skorzystanie z us\u0142ug regeneracji, aby przed\u0142u\u017cy\u0107 \u017cywotno\u015b\u0107 cylindra.<\/li>\n<\/ul>\n<p><img decoding=\"async\" src=\"https:\/\/www.hydraulic-cylinders.net\/wp-content\/uploads\/2025\/01\/songte-chushion-collar.webp\" \/><\/p>\n<h3>Bezpiecze\u0144stwo i wzgl\u0119dy \u015brodowiskowe<\/h3>\n<p>Podczas u\u017cytkowania cylindr\u00f3w czerpakowych nale\u017cy podj\u0105\u0107 \u015brodki bezpiecze\u0144stwa, aby zapobiec wypadkom, takim jak przeci\u0105\u017cenie, nag\u0142a awaria i wyciek. Prawid\u0142owa utylizacja starych lub uszkodzonych cylindr\u00f3w i oleju hydraulicznego jest niezb\u0119dna, aby zapobiec zanieczyszczeniu \u015brodowiska i szkodom.<\/p>\n<h3>Diagnostyka usterek i rozwi\u0105zywanie problem\u00f3w<\/h3>\n<p>Do typowych problem\u00f3w z si\u0142ownikami czerpakowymi nale\u017c\u0105 nieszczelno\u015bci, niewystarczaj\u0105ce ci\u015bnienie i nietypowy ha\u0142as. Nale\u017cy szybko rozwi\u0105zywa\u0107 problemy, sprawdzaj\u0105c lu\u017ane po\u0142\u0105czenia, uszkodzone uszczelki i inne potencjalne przyczyny. Regularne przegl\u0105dy i konserwacja mog\u0105 pom\u00f3c zapobiec wielu problemom.<\/p>\n<p><img decoding=\"async\" src=\"https:\/\/www.hydraulic-cylinders.net\/wp-content\/uploads\/2025\/01\/songte-bushings-with-all-kinds-of-excavator-models.webp\" \/><\/p>\n<h2>Nasza firma<\/h2>\n<p>Jeste\u015bmy producentem zamiennych cylindr\u00f3w hydraulicznych, oferuj\u0105cym szerok\u0105 gam\u0119 produkt\u00f3w. Jeste\u015bmy jednym z wiod\u0105cych producent\u00f3w i hurtowych dystrybutor\u00f3w cylindr\u00f3w hydraulicznych na rynku krajowym i mi\u0119dzynarodowym. Dbamy o najwy\u017csz\u0105 jako\u015b\u0107 i opieramy si\u0119 na przemys\u0142owych strategiach zarz\u0105dzania produkcj\u0105 w precyzyjnie dopracowanych warsztatach produkcyjnych. Firma stale udoskonala platform\u0119 produkcyjn\u0105 warsztatu, wykorzystuj\u0105c talenty techniczne, cyfrowy sprz\u0119t produkcyjny wysokiej klasy oraz profesjonalne systemy testowe, co pozwala na podniesienie jako\u015bci linii produkcyjnej i udoskonalenie procesu produkcyjnego. Firma charakteryzuje si\u0119 silnym potencja\u0142em kreatywnym i kieruje si\u0119 zasad\u0105 wysokiej wydajno\u015bci, precyzji i jako\u015bci, aby sprosta\u0107 zr\u00f3\u017cnicowanym potrzebom klient\u00f3w.<\/p>\n<p><img decoding=\"async\" src=\"https:\/\/hzpt.com\/wp-content\/uploads\/2024\/11\/songte-company-1.webp\" \/><\/p>\n<h3>Profesjonalizm<\/h3>\n<p>Nasz zesp\u00f3\u0142 sk\u0142ada si\u0119 z wysoko wykwalifikowanych specjalist\u00f3w z bogatym do\u015bwiadczeniem w dziedzinie projektowania i produkcji cylindr\u00f3w hydraulicznych. Wykorzystujemy zaawansowane procesy projektowania i produkcji, aby zapewni\u0107, \u017ce nasze produkty spe\u0142niaj\u0105 najwy\u017csze standardy bran\u017cowe.<\/p>\n<h3>Mi\u0119dzynarodowa Certyfikacja<\/h3>\n<p>Nasze produkty posiadaj\u0105 certyfikaty mi\u0119dzynarodowych organizacji normalizacyjnych, w tym ISO 9001 i CE. \u015awiadczy to o naszym zaanga\u017cowaniu w jako\u015b\u0107 i zdolno\u015bci do dostarczania produkt\u00f3w spe\u0142niaj\u0105cych najbardziej rygorystyczne wymagania klient\u00f3w.<\/p>\n<h3>Us\u0142ugi personalizacji<\/h3>\n<p>Oferujemy us\u0142ugi personalizacji, aby sprosta\u0107 specyficznym potrzebom naszych klient\u00f3w. Nasz zesp\u00f3\u0142 ekspert\u00f3w wsp\u00f3\u0142pracuje z klientami w zakresie projektowania i produkcji cylindr\u00f3w hydraulicznych na zam\u00f3wienie, spe\u0142niaj\u0105cych ich indywidualne wymagania.<\/p>\n<h3>Sprz\u0119t produkcyjny<\/h3>\n<p>U\u017cywamy najnowocze\u015bniejszego sprz\u0119tu produkcyjnego, aby zapewni\u0107 najwy\u017csz\u0105 jako\u015b\u0107 naszych produkt\u00f3w. Nasz park maszynowy obejmuje centra obr\u00f3bcze CNC, urz\u0105dzenia do bada\u0144 hydraulicznych i inne zaawansowane technologicznie maszyny.<\/p>\n<h3>Serwis posprzeda\u017cowy<\/h3>\n<p>Zapewniamy doskona\u0142\u0105 obs\u0142ug\u0119 posprzeda\u017cow\u0105, aby nasi klienci byli zadowoleni z zakup\u00f3w. Nasz zesp\u00f3\u0142 ekspert\u00f3w jest do dyspozycji, aby odpowiedzie\u0107 na wszelkie pytania i zapewni\u0107 wsparcie przez ca\u0142y cykl \u017cycia produktu.<\/p>\n<h4>Autor: lyl<\/h4>","protected":false},"excerpt":{"rendered":"<p>Bucket Cylinder for Yuchai YC18SR Introduction A bucket cylinder is a specially designed hydraulic cylinder that is primarily used to control the movement of the bucket in heavy machinery such as excavators, backhoe excavators, and front loaders. Its main function is to allow the bucket to lift, lower, and tilt, making it easier to carry [&hellip;]<\/p>","protected":false},"featured_media":14788,"comment_status":"open","ping_status":"closed","template":"","meta":{"_et_pb_use_builder":"","_et_pb_old_content":"","_et_gb_content_width":""},"product_brand":[],"product_cat":[1494],"product_tag":[1495,1496],"class_list":{"0":"post-15853","1":"product","2":"type-product","3":"status-publish","4":"has-post-thumbnail","6":"product_cat-bucket-cylinders","7":"product_tag-bucket-cylinders","8":"product_tag-hydraulic-cylinders","10":"first","11":"instock","12":"shipping-taxable","13":"product-type-simple"},"amp_enabled":true,"_links":{"self":[{"href":"https:\/\/www.hydraulic-cylinders.net\/pl\/wp-json\/wp\/v2\/product\/15853","targetHints":{"allow":["GET"]}}],"collection":[{"href":"https:\/\/www.hydraulic-cylinders.net\/pl\/wp-json\/wp\/v2\/product"}],"about":[{"href":"https:\/\/www.hydraulic-cylinders.net\/pl\/wp-json\/wp\/v2\/types\/product"}],"replies":[{"embeddable":true,"href":"https:\/\/www.hydraulic-cylinders.net\/pl\/wp-json\/wp\/v2\/comments?post=15853"}],"wp:featuredmedia":[{"embeddable":true,"href":"https:\/\/www.hydraulic-cylinders.net\/pl\/wp-json\/wp\/v2\/media\/14788"}],"wp:attachment":[{"href":"https:\/\/www.hydraulic-cylinders.net\/pl\/wp-json\/wp\/v2\/media?parent=15853"}],"wp:term":[{"taxonomy":"product_brand","embeddable":true,"href":"https:\/\/www.hydraulic-cylinders.net\/pl\/wp-json\/wp\/v2\/product_brand?post=15853"},{"taxonomy":"product_cat","embeddable":true,"href":"https:\/\/www.hydraulic-cylinders.net\/pl\/wp-json\/wp\/v2\/product_cat?post=15853"},{"taxonomy":"product_tag","embeddable":true,"href":"https:\/\/www.hydraulic-cylinders.net\/pl\/wp-json\/wp\/v2\/product_tag?post=15853"}],"curies":[{"name":"wp","href":"https:\/\/api.w.org\/{rel}","templated":true}]}}