{"id":15856,"date":"2025-01-19T15:04:54","date_gmt":"2025-01-19T15:04:54","guid":{"rendered":"https:\/\/www.hydraulic-cylinders.net\/product\/bucket-cylinder-for-yuchai-yc55-8\/"},"modified":"2025-01-19T15:05:00","modified_gmt":"2025-01-19T15:05:00","slug":"bucket-cylinder-for-yuchai-yc55-8","status":"publish","type":"product","link":"https:\/\/www.hydraulic-cylinders.net\/pl\/produkt\/bucket-cylinder-for-yuchai-yc55-8\/","title":{"rendered":"Cylinder kube\u0142kowy do Yuchai YC55-8"},"content":{"rendered":"<h1>Cylinder kube\u0142kowy do Yuchai YC55-8<\/h1>\n<h2>Wst\u0119p<\/h2>\n<p>Si\u0142ownik \u0142y\u017cki do Yuchai YC55-8 to specjalnie zaprojektowany si\u0142ownik hydrauliczny s\u0142u\u017c\u0105cy do sterowania ruchem \u0142y\u017cki w ci\u0119\u017ckich maszynach, takich jak koparki, koparko-\u0142adowarki i \u0142adowarki czo\u0142owe. Jego g\u0142\u00f3wn\u0105 funkcj\u0105 jest podnoszenie, opuszczanie i przechylanie \u0142y\u017cki, u\u0142atwiaj\u0105c wykonywanie r\u00f3\u017cnych zada\u0144 zwi\u0105zanych z prze\u0142adunkiem materia\u0142\u00f3w. W uk\u0142adzie hydraulicznym si\u0142ownik \u0142y\u017cki zapewnia precyzyjn\u0105 kontrol\u0119 nad \u0142y\u017ck\u0105 poprzez zmiany ci\u015bnienia oleju hydraulicznego, umo\u017cliwiaj\u0105c operatorom wydajne podnoszenie ci\u0119\u017ckich \u0142adunk\u00f3w i dostosowywanie si\u0119 do z\u0142o\u017conych warunk\u00f3w pracy oraz zr\u00f3\u017cnicowanych wymaga\u0144.<\/p>\n<p><img decoding=\"async\" src=\"https:\/\/www.hydraulic-cylinders.net\/wp-content\/uploads\/2025\/01\/songte-company-2.webp\" alt=\"Obraz cylindra wiadra\"><\/p>\n<h2>Cechy<\/h2>\n<ul>\n<li><strong>Wysoka wytrzyma\u0142o\u015b\u0107 i trwa\u0142o\u015b\u0107:<\/strong> Wykonany zazwyczaj z wysokowytrzyma\u0142ej stali lub aluminium, si\u0142ownik \u0142y\u017cki wytrzymuje wysokie ci\u015bnienie i du\u017ce obci\u0105\u017cenia, dostosowuj\u0105c si\u0119 do trudnych warunk\u00f3w pracy. Jego konstrukcja uwzgl\u0119dnia odporno\u015b\u0107 na zu\u017cycie i korozj\u0119, co wyd\u0142u\u017ca jego \u017cywotno\u015b\u0107.<\/li>\n<li><strong>Wydajna praca uk\u0142adu hydraulicznego:<\/strong> Dzi\u0119ki wykorzystaniu ci\u015bnienia oleju hydraulicznego si\u0142ownik \u0142y\u017cki zapewnia p\u0142ynne wysuwanie i wsuwanie, co pozwala na szybk\u0105 reakcj\u0119 na polecenia steruj\u0105ce i generuje du\u017ce si\u0142y pchaj\u0105ce i ci\u0105gn\u0105ce, przydatne przy podnoszeniu ci\u0119\u017ckich \u0142adunk\u00f3w i wykonywaniu skomplikowanych zada\u0144.<\/li>\n<li><strong>R\u00f3\u017cne typy:<\/strong> Si\u0142ownik czerpakowy mo\u017ce by\u0107 wybrany jako jednostronnego dzia\u0142ania (ci\u015bnienie hydrauliczne stosowane tylko w jednym kierunku) lub dwustronnego dzia\u0142ania (ci\u015bnienie hydrauliczne stosowane w obu kierunkach) w zale\u017cno\u015bci od wymaga\u0144. Niekt\u00f3re modele s\u0105 teleskopowe, co pozwala na wi\u0119ksze wysuni\u0119cie bez zwi\u0119kszania wymiar\u00f3w zewn\u0119trznych, i nadaje si\u0119 do zastosowa\u0144 w ograniczonej przestrzeni.<\/li>\n<li><strong>Wymiana cylindr\u00f3w hydraulicznych:<\/strong> Nasz produkt mo\u017ce doskonale zast\u0105pi\u0107 tego typu si\u0142owniki hydrauliczne.<\/li>\n<\/ul>\n<p><img decoding=\"async\" src=\"https:\/\/www.hydraulic-cylinders.net\/wp-content\/uploads\/2025\/01\/songte-cylinder-head-with-all-kinds-excavator-models.webp\" alt=\"Obraz wymiany cylindra \u0142y\u017cki\"><\/p>\n<h2>Aplikacje<\/h2>\n<ul>\n<li><strong>Sprz\u0119t budowlany:<\/strong> Znajduj\u0105 si\u0119 w koparkach i s\u0105 niezb\u0119dne do kopania, za\u0142adunku i przemieszczania gleby lub gruzu. W koparko-\u0142adowarkach si\u0142ownik \u0142y\u017cki wspomaga zar\u00f3wno kopanie, jak i podnoszenie.<\/li>\n<li><strong>Maszyny rolnicze:<\/strong> Stosowany w \u0142adowarkach czo\u0142owych do nabierania, podnoszenia i transportu ziemi, siana i innych materia\u0142\u00f3w.<\/li>\n<li><strong>Koparki:<\/strong> Cylinder \u0142y\u017cki umo\u017cliwia wykopy poprzez umo\u017cliwienie zag\u0142\u0119biania si\u0119 \u0142y\u017cki w gleb\u0119.<\/li>\n<li><strong>\u0141adowarki:<\/strong> W \u0142adowarkach czo\u0142owych pomagaj\u0105 w efektywnym podnoszeniu i przechylaniu \u0142adunk\u00f3w.<\/li>\n<\/ul>\n<h2>Zagadnienia projektowe i kryteria wyboru<\/h2>\n<ul>\n<li><strong>No\u015bno\u015b\u0107:<\/strong> Om\u00f3w znaczenie no\u015bno\u015bci cylindra czerpakowego.<\/li>\n<li><strong>Opiecz\u0119towanie:<\/strong> Om\u00f3w znaczenie skutecznego uszczelnienia w celu zapobiegania przeciekom i zapewnienia optymalnej wydajno\u015bci.<\/li>\n<li><strong>Trwa\u0142o\u015b\u0107:<\/strong> Om\u00f3w wymagania dotycz\u0105ce trwa\u0142o\u015bci cylindra czerpakowego w r\u00f3\u017cnych warunkach pracy.<\/li>\n<li><strong>Bezpiecze\u0144stwo:<\/strong> Om\u00f3w zagadnienia bezpiecze\u0144stwa zwi\u0105zane z projektowaniem cylindra czerpakowego.<\/li>\n<li><strong>Utrzymywalno\u015b\u0107:<\/strong> Om\u00f3w \u0142atwo\u015b\u0107 konserwacji i naprawy cylindra czerpakowego.<\/li>\n<\/ul>\n<p><img decoding=\"async\" src=\"https:\/\/www.hydraulic-cylinders.net\/wp-content\/uploads\/2025\/01\/songte-oil-pipes-and-spare-parts.webp\" alt=\"Obraz cz\u0119\u015bci cylindra hydraulicznego\"><\/p>\n<h2>Uszczelnianie i smarowanie<\/h2>\n<p>W cylindrze czerpakowym zastosowano r\u00f3\u017cnorodne elementy uszczelniaj\u0105ce, takie jak uszczelnienia t\u0142oka i t\u0142oczyska, wykonane z materia\u0142\u00f3w odpornych na zu\u017cycie, takich jak poliuretan i kauczuk nitrylowy. Korpus cylindra i gwintowane ko\u0144c\u00f3wki s\u0105 poddawane precyzyjnej obr\u00f3bce w celu zwi\u0119kszenia odporno\u015bci na zu\u017cycie. Aby zapewni\u0107 p\u0142ynn\u0105 prac\u0119, wymagane jest regularne smarowanie odpowiedni\u0105 ilo\u015bci\u0105 oleju hydraulicznego.<\/p>\n<h2>Regularne kontrole i konserwacja zapobiegawcza<\/h2>\n<p>Regularne przegl\u0105dy i konserwacja zapobiegawcza maj\u0105 kluczowe znaczenie dla utrzymania optymalnej wydajno\u015bci i trwa\u0142o\u015bci si\u0142ownika \u0142y\u017cki. Obejmuj\u0105 one:<\/p>\n<ul>\n<li>Sprawdzenie cylindra pod k\u0105tem nieszczelno\u015bci, uszkodze\u0144 i zu\u017cycia.<\/li>\n<li>Zastosowanie odpowiedniego smarowania.<\/li>\n<li>Wymiana zu\u017cytych uszczelek.<\/li>\n<li>Wykonywanie kontroli kalibracji.<\/li>\n<\/ul>\n<p><img decoding=\"async\" src=\"https:\/\/www.hydraulic-cylinders.net\/wp-content\/uploads\/2025\/01\/songte-chushion-collar.webp\" alt=\"Obraz konserwacji cylindra hydraulicznego\"><\/p>\n<h2>Zagadnienia bezpiecze\u0144stwa i czynniki \u015brodowiskowe<\/h2>\n<p>Podczas u\u017cytkowania cylindra \u0142y\u017cki nale\u017cy przestrzega\u0107 \u015brodk\u00f3w bezpiecze\u0144stwa, aby zapobiec wypadkom i zapewni\u0107 bezpiecze\u0144stwo operatorom i osobom postronnym. Nale\u017cy r\u00f3wnie\u017c wzi\u0105\u0107 pod uwag\u0119 czynniki \u015brodowiskowe, takie jak ha\u0142as i emisje.<\/p>\n<h2>Rozwi\u0105zywanie problem\u00f3w i typowe problemy<\/h2>\n<p>Om\u00f3w mo\u017cliwe awarie i typowe problemy, kt\u00f3re mog\u0105 wyst\u0105pi\u0107 podczas u\u017cytkowania cylindra czerpakowego. Przedstaw wskaz\u00f3wki i rozwi\u0105zania umo\u017cliwiaj\u0105ce skuteczn\u0105 diagnostyk\u0119 i rozwi\u0105zywanie problem\u00f3w, a tak\u017ce \u015brodki zapobiegawcze minimalizuj\u0105ce potencjalne problemy.<\/p>\n<p><img decoding=\"async\" src=\"https:\/\/www.hydraulic-cylinders.net\/wp-content\/uploads\/2025\/01\/songte-bushings-with-all-kinds-of-excavator-models.webp\" alt=\"Rozwi\u0105zywanie problem\u00f3w z cylindrem wiadra Obraz\"><\/p>\n<p>Pami\u0119taj o logicznej organizacji artyku\u0142u, stosuj\u0105c podtytu\u0142y dla \u0142atwej nawigacji. Dodaj odpowiednie obrazy lub wykresy, aby u\u0142atwi\u0107 zrozumienie. Zadbaj o to, aby tre\u015b\u0107 by\u0142a przejrzysta, zwi\u0119z\u0142a i odpowiednia dla czytelnik\u00f3w o r\u00f3\u017cnym poziomie wiedzy technicznej.<\/p>\n<h2>O naszej firmie<\/h2>\n<p>Jeste\u015bmy producentem zamiennych cylindr\u00f3w hydraulicznych oraz wiod\u0105cym producentem i dystrybutorem hurtowym na rynku krajowym i mi\u0119dzynarodowym. Stawiamy na doskona\u0142o\u015b\u0107 jako\u015bci i opieramy si\u0119 na przemys\u0142owych strategiach zarz\u0105dzania produkcj\u0105 w naszych udoskonalonych warsztatach produkcyjnych. Nasza firma stale udoskonala platform\u0119 produkcyjn\u0105, doskonali proces produkcyjny pod k\u0105tem jako\u015bci produkt\u00f3w i posiada silne mo\u017cliwo\u015bci innowacyjne. Naszym celem jest zaspokajanie zr\u00f3\u017cnicowanych potrzeb klient\u00f3w poprzez wysok\u0105 wydajno\u015b\u0107, precyzj\u0119 i jako\u015b\u0107.<\/p>\n<p><img decoding=\"async\" src=\"https:\/\/hzpt.com\/wp-content\/uploads\/2024\/11\/songte-company-1.webp\" alt=\"Wizerunek firmy\"><\/p>\n<h3>Profesjonalizm:<\/h3>\n<p>Mamy zesp\u00f3\u0142 wykwalifikowanych specjalist\u00f3w, kt\u00f3rych zadaniem jest dostarczanie wysokiej jako\u015bci cylindr\u00f3w hydraulicznych.<\/p>\n<h3>Certyfikaty mi\u0119dzynarodowe:<\/h3>\n<p>Nasza firma posiada mi\u0119dzynarodowe certyfikaty, kt\u00f3re gwarantuj\u0105 jako\u015b\u0107 produkt\u00f3w i zgodno\u015b\u0107 z normami bran\u017cowymi.<\/p>\n<h3>Us\u0142ugi dostosowywania:<\/h3>\n<p>Oferujemy us\u0142ugi dostosowywania do indywidualnych wymaga\u0144 klient\u00f3w.<\/p>\n<h3>Sprz\u0119t produkcyjny:<\/h3>\n<p>Wykorzystujemy zaawansowany sprz\u0119t do cyfrowej produkcji, aby zapewni\u0107 precyzyjn\u0105 i wydajn\u0105 produkcj\u0119.<\/p>\n<h3>Serwis posprzeda\u017cowy:<\/h3>\n<p>Zapewniamy kompleksow\u0105 obs\u0142ug\u0119 posprzeda\u017cow\u0105, aby zagwarantowa\u0107 satysfakcj\u0119 klienta.<\/p>\n<p><img decoding=\"async\" src=\"https:\/\/www.hydraulic-cylinders.net\/wp-content\/uploads\/2025\/01\/songte-company-3.webp\" alt=\"Informacje o firmie Obraz\"><\/p>\n<p>Autor: lyl<\/p>","protected":false},"excerpt":{"rendered":"<p>Bucket Cylinder For Yuchai YC55-8 Introduction The bucket cylinder for Yuchai YC55-8 is a specially designed hydraulic cylinder used to control the motion of the bucket in heavy machinery such as excavators, backhoe loaders, and front loaders. Its main function is to enable the lifting, lowering, and tilting of the bucket, making it easier to [&hellip;]<\/p>","protected":false},"featured_media":14784,"comment_status":"open","ping_status":"closed","template":"","meta":{"_et_pb_use_builder":"","_et_pb_old_content":"","_et_gb_content_width":""},"product_brand":[],"product_cat":[1494],"product_tag":[1495,1496],"class_list":{"0":"post-15856","1":"product","2":"type-product","3":"status-publish","4":"has-post-thumbnail","6":"product_cat-bucket-cylinders","7":"product_tag-bucket-cylinders","8":"product_tag-hydraulic-cylinders","10":"first","11":"instock","12":"shipping-taxable","13":"product-type-simple"},"amp_enabled":true,"_links":{"self":[{"href":"https:\/\/www.hydraulic-cylinders.net\/pl\/wp-json\/wp\/v2\/product\/15856","targetHints":{"allow":["GET"]}}],"collection":[{"href":"https:\/\/www.hydraulic-cylinders.net\/pl\/wp-json\/wp\/v2\/product"}],"about":[{"href":"https:\/\/www.hydraulic-cylinders.net\/pl\/wp-json\/wp\/v2\/types\/product"}],"replies":[{"embeddable":true,"href":"https:\/\/www.hydraulic-cylinders.net\/pl\/wp-json\/wp\/v2\/comments?post=15856"}],"wp:featuredmedia":[{"embeddable":true,"href":"https:\/\/www.hydraulic-cylinders.net\/pl\/wp-json\/wp\/v2\/media\/14784"}],"wp:attachment":[{"href":"https:\/\/www.hydraulic-cylinders.net\/pl\/wp-json\/wp\/v2\/media?parent=15856"}],"wp:term":[{"taxonomy":"product_brand","embeddable":true,"href":"https:\/\/www.hydraulic-cylinders.net\/pl\/wp-json\/wp\/v2\/product_brand?post=15856"},{"taxonomy":"product_cat","embeddable":true,"href":"https:\/\/www.hydraulic-cylinders.net\/pl\/wp-json\/wp\/v2\/product_cat?post=15856"},{"taxonomy":"product_tag","embeddable":true,"href":"https:\/\/www.hydraulic-cylinders.net\/pl\/wp-json\/wp\/v2\/product_tag?post=15856"}],"curies":[{"name":"wp","href":"https:\/\/api.w.org\/{rel}","templated":true}]}}