{"id":15857,"date":"2025-01-19T15:05:02","date_gmt":"2025-01-19T15:05:02","guid":{"rendered":"https:\/\/www.hydraulic-cylinders.net\/product\/bucket-cylinder-for-yuchai-yc85-8\/"},"modified":"2025-01-19T15:05:05","modified_gmt":"2025-01-19T15:05:05","slug":"bucket-cylinder-for-yuchai-yc85-8","status":"publish","type":"product","link":"https:\/\/www.hydraulic-cylinders.net\/pl\/produkt\/bucket-cylinder-for-yuchai-yc85-8\/","title":{"rendered":"Cylinder kube\u0142kowy do Yuchai YC85-8"},"content":{"rendered":"<h1>Cylinder kube\u0142kowy do Yuchai YC85-8<\/h1>\n<h2>Wst\u0119p<\/h2>\n<p>Si\u0142ownik \u0142y\u017cki do Yuchai YC85-8 to specjalnie zaprojektowany si\u0142ownik hydrauliczny s\u0142u\u017c\u0105cy do sterowania ruchem \u0142y\u017cki w ci\u0119\u017ckich maszynach, takich jak koparki, koparko-\u0142adowarki i \u0142adowarki czo\u0142owe. Jego g\u0142\u00f3wn\u0105 funkcj\u0105 jest podnoszenie, opuszczanie i przechylanie \u0142y\u017cki, co u\u0142atwia wykonywanie r\u00f3\u017cnych zada\u0144 zwi\u0105zanych z prze\u0142adunkiem materia\u0142\u00f3w. W uk\u0142adzie hydraulicznym si\u0142ownik \u0142y\u017cki zapewnia precyzyjn\u0105 kontrol\u0119 nad \u0142y\u017ck\u0105 poprzez zmiany ci\u015bnienia oleju hydraulicznego, umo\u017cliwiaj\u0105c operatorom wydajne przenoszenie ci\u0119\u017ckich \u0142adunk\u00f3w i dostosowywanie si\u0119 do z\u0142o\u017conych warunk\u00f3w pracy oraz zr\u00f3\u017cnicowanych wymaga\u0144.<\/p>\n<h3>Definicja i wyja\u015bnienie<\/h3>\n<p>Si\u0142ownik \u0142y\u017cki do Yuchai YC85-8 to rodzaj si\u0142ownika hydraulicznego, kt\u00f3ry zosta\u0142 specjalnie zaprojektowany do sterowania ruchem \u0142y\u017cki w ci\u0119\u017ckich maszynach. Umo\u017cliwia on precyzyjne sterowanie podnoszeniem, opuszczaniem i przechylaniem \u0142y\u017cki, umo\u017cliwiaj\u0105c operatorom wydajne przenoszenie du\u017cych \u0142adunk\u00f3w i dostosowanie si\u0119 do r\u00f3\u017cnych warunk\u00f3w pracy i wymaga\u0144. Si\u0142ownik \u0142y\u017cki wykorzystuje ci\u015bnienie oleju hydraulicznego, aby zapewni\u0107 precyzyjn\u0105 kontrol\u0119, gwarantuj\u0105c p\u0142ynn\u0105 i niezawodn\u0105 prac\u0119.<\/p>\n<p><img decoding=\"async\" src=\"https:\/\/www.hydraulic-cylinders.net\/wp-content\/uploads\/2025\/01\/songte-company-2.webp\" alt=\"Obraz cylindra wiadra\"><\/p>\n<h2>Cechy<\/h2>\n<ul>\n<li>Wysoka wytrzyma\u0142o\u015b\u0107 i trwa\u0142o\u015b\u0107: Zazwyczaj wykonany z wysokowytrzyma\u0142ej stali lub aluminium, si\u0142ownik \u0142y\u017cki wytrzymuje wysokie ci\u015bnienie i du\u017ce obci\u0105\u017cenia, dzi\u0119ki czemu nadaje si\u0119 do pracy w trudnych warunkach. Zosta\u0142 zaprojektowany z my\u015bl\u0105 o odporno\u015bci na zu\u017cycie i korozj\u0119, co zapewnia d\u0142u\u017csz\u0105 \u017cywotno\u015b\u0107.<\/li>\n<li>Wydajna praca hydrauliczna: Wykorzystuj\u0105c ci\u015bnienie oleju hydraulicznego, si\u0142ownik \u0142y\u017cki umo\u017cliwia p\u0142ynne wysuwanie i wsuwanie, co przek\u0142ada si\u0119 na szybk\u0105 reakcj\u0119 na polecenia steruj\u0105ce. Zapewnia du\u017c\u0105 si\u0142\u0119 pchania i ci\u0105gni\u0119cia, dzi\u0119ki czemu nadaje si\u0119 do podnoszenia ci\u0119\u017ckich \u0142adunk\u00f3w i wykonywania skomplikowanych zada\u0144.<\/li>\n<li>R\u00f3\u017cne typy: Si\u0142ownik czerpakowy jest dost\u0119pny w konfiguracji jednostronnego dzia\u0142ania (ci\u015bnienie hydrauliczne w jednym kierunku) i dwustronnego dzia\u0142ania (ci\u015bnienie hydrauliczne w obu kierunkach), aby sprosta\u0107 r\u00f3\u017cnym potrzebom operacyjnym. Niekt\u00f3re modele s\u0105 teleskopowe, co pozwala na wi\u0119ksze wysuni\u0119cie bez zwi\u0119kszania wymiar\u00f3w zewn\u0119trznych, dzi\u0119ki czemu nadaj\u0105 si\u0119 do zastosowa\u0144 w ograniczonej przestrzeni.<\/li>\n<li>Idealny zamiennik: Nasz produkt mo\u017ce idealnie zast\u0105pi\u0107 istniej\u0105ce si\u0142owniki hydrauliczne. Oferujemy szeroki wyb\u00f3r opcji, aby spe\u0142ni\u0107 specyficzne wymagania.<\/li>\n<\/ul>\n<p><img decoding=\"async\" src=\"https:\/\/www.hydraulic-cylinders.net\/wp-content\/uploads\/2025\/01\/songte-cylinder-head-with-all-kinds-excavator-models.webp\" alt=\"Obraz zast\u0119pczy produktu\"><\/p>\n<h2>Aplikacje<\/h2>\n<p>Cylinder kube\u0142kowy do Yuchai YC85-8 znajduje zastosowanie w r\u00f3\u017cnych ga\u0142\u0119ziach przemys\u0142u i urz\u0105dzeniach:<\/p>\n<ul>\n<li>Sprz\u0119t budowlany: W koparkach s\u0105 one niezb\u0119dne do kopania, za\u0142adunku i przemieszczania gleby lub gruzu. W koparko-\u0142adowarkach si\u0142ownik \u0142y\u017cki wspomaga zar\u00f3wno kopanie, jak i podnoszenie.<\/li>\n<li>Maszyny rolnicze: Stosowane w \u0142adowarkach czo\u0142owych do nabierania, podnoszenia i transportu gleby, siana i innych materia\u0142\u00f3w.<\/li>\n<li>Koparki: Cylinder \u0142y\u017cki umo\u017cliwia wykonywanie prac wykopaliskowych, pozwalaj\u0105c \u0142y\u017cce na penetracj\u0119 gleby.<\/li>\n<li>\u0141adowarki czo\u0142owe: W \u0142adowarkach czo\u0142owych u\u0142atwiaj\u0105 wydajne podnoszenie i wysypywanie towar\u00f3w.<\/li>\n<\/ul>\n<h3>Sprz\u0119t budowlany<\/h3>\n<p>W sprz\u0119cie budowlanym si\u0142ownik \u0142y\u017cki jest niezb\u0119dny do wykop\u00f3w, za\u0142adunku i przemieszczania gleby lub gruzu. W koparko-\u0142adowarkach si\u0142ownik \u0142y\u017cki wspomaga zar\u00f3wno wykopy, jak i podnoszenie.<\/p>\n<h3>Maszyny rolnicze<\/h3>\n<p>W maszynach rolniczych si\u0142ownik \u0142y\u017cki stosowany jest w \u0142adowarkach czo\u0142owych do nabierania, podnoszenia i transportu gleby, siana i innych materia\u0142\u00f3w.<\/p>\n<h3>Koparki<\/h3>\n<p>W koparkach cylinder \u0142y\u017cki umo\u017cliwia wykonywanie prac wykopowych poprzez umo\u017cliwienie \u0142y\u017cce zag\u0142\u0119biania si\u0119 w gleb\u0119.<\/p>\n<h3>\u0141adowarki czo\u0142owe<\/h3>\n<p>W \u0142adowarkach czo\u0142owych si\u0142ownik \u0142y\u017cki pomaga w wydajnym podnoszeniu i wysypywaniu materia\u0142\u00f3w.<\/p>\n<h2>Zagadnienia projektowe i kryteria wyboru<\/h2>\n<p>Przy projektowaniu cylindr\u00f3w kube\u0142kowych kluczow\u0105 rol\u0119 odgrywa kilka kwestii i kryteri\u00f3w wyboru:<\/p>\n<ul>\n<li>No\u015bno\u015b\u0107: Cylinder \u0142y\u017cki musi by\u0107 zaprojektowany tak, aby wytrzyma\u0107 przewidywane obci\u0105\u017cenie, z odpowiednim marginesem bezpiecze\u0144stwa.<\/li>\n<li>Uszczelnienie: Prawid\u0142owe uszczelnienie jest niezb\u0119dne, aby zapobiec wyciekom i zapewni\u0107 wydajn\u0105 prac\u0119 uk\u0142adu hydraulicznego. R\u00f3\u017cne elementy uszczelniaj\u0105ce, takie jak uszczelnienia t\u0142ok\u00f3w i t\u0142oczysk, s\u0142u\u017c\u0105 do utrzymania integralno\u015bci uk\u0142adu hydraulicznego.<\/li>\n<li>Trwa\u0142o\u015b\u0107: Si\u0142ownik \u0142y\u017cki powinien by\u0107 odporny na trudne warunki pracy oraz zu\u017cycie i korozj\u0119. Aby zwi\u0119kszy\u0107 trwa\u0142o\u015b\u0107, zastosowano wysokiej jako\u015bci materia\u0142y i obr\u00f3bk\u0119 powierzchni.<\/li>\n<li>Bezpiecze\u0144stwo: Konstrukcja powinna uwzgl\u0119dnia\u0107 zabezpieczenia chroni\u0105ce operator\u00f3w i zapobiegaj\u0105ce wypadkom. Dotyczy to mi\u0119dzy innymi zawor\u00f3w bezpiecze\u0144stwa i innych mechanizm\u00f3w kontroluj\u0105cych nadmierne ci\u015bnienie lub nag\u0142e ruchy.<\/li>\n<li>\u0141atwo\u015b\u0107 konserwacji: \u0141atwa konserwacja i naprawa s\u0105 niezb\u0119dne dla minimalizacji przestoj\u00f3w. Nale\u017cy zwr\u00f3ci\u0107 uwag\u0119 na dost\u0119pno\u015b\u0107 w celu inspekcji, wymiany podzespo\u0142\u00f3w oraz \u0142atwo\u015b\u0107 kalibracji.<\/li>\n<\/ul>\n<p><img decoding=\"async\" src=\"https:\/\/www.hydraulic-cylinders.net\/wp-content\/uploads\/2025\/01\/songte-oil-pipes-and-spare-parts.webp\" alt=\"Rozwa\u017cania projektowe Obraz\"><\/p>\n<h2>Uszczelnianie i smarowanie<\/h2>\n<p>W celu zapewnienia prawid\u0142owego uszczelnienia i smarowania cylinder czerpakowy zawiera r\u00f3\u017cne elementy uszczelniaj\u0105ce:<\/p>\n<ul>\n<li>Rodzaje uszczelnie\u0144: Uszczelnienia t\u0142okowe, t\u0142oczyskowe i inne rodzaje uszczelnie\u0144 s\u0142u\u017c\u0105 do zapobiegania wyciekom p\u0142ynu i utrzymania wydajnej pracy uk\u0142adu hydraulicznego. Uszczelnienia te s\u0105 zazwyczaj wykonane z materia\u0142\u00f3w odpornych na zu\u017cycie, takich jak poliuretan i kauczuk nitrylowy.<\/li>\n<li>Obr\u00f3bka powierzchni: Korpus cylindra i gwintowane ko\u0144ce poddawane s\u0105 precyzyjnej obr\u00f3bce powierzchni w celu zwi\u0119kszenia odporno\u015bci na zu\u017cycie i zapewnienia odpowiedniego uszczelnienia.<\/li>\n<li>Smarowanie: Aby zapewni\u0107 p\u0142ynn\u0105 prac\u0119 i wyd\u0142u\u017cy\u0107 \u017cywotno\u015b\u0107 cylindra \u0142y\u017cki, konieczne jest regularne smarowanie odpowiedni\u0105 ilo\u015bci\u0105 oleju hydraulicznego.<\/li>\n<\/ul>\n<h2>Regularne kontrole i \u015brodki konserwacji zapobiegawczej<\/h2>\n<p>Aby zapewni\u0107 optymaln\u0105 wydajno\u015b\u0107 i trwa\u0142o\u015b\u0107 cylindra \u0142y\u017cki, nale\u017cy regularnie przeprowadza\u0107 kontrole i podejmowa\u0107 dzia\u0142ania zapobiegawcze:<\/p>\n<ul>\n<li>Regularna kontrola: Okresowo sprawdzaj cylinder \u0142y\u017cki pod k\u0105tem \u015blad\u00f3w zu\u017cycia, uszkodze\u0144 lub nieszczelno\u015bci. Sprawd\u017a punkty mocowania i po\u0142\u0105czenia pod k\u0105tem prawid\u0142owego ustawienia i szczelno\u015bci.<\/li>\n<li>Prawid\u0142owe smarowanie: Post\u0119puj zgodnie z zaleceniami producenta dotycz\u0105cymi smarowania. Stosuj zalecany \u015brodek smarny w odpowiednich odst\u0119pach czasu, aby zapewni\u0107 p\u0142ynn\u0105 prac\u0119.<\/li>\n<li>Wymiana uszczelek: Je\u015bli kt\u00f3rakolwiek z uszczelek wykazuje \u015blady zu\u017cycia lub uszkodzenia, nale\u017cy j\u0105 bezzw\u0142ocznie wymieni\u0107, aby zapobiec wyciekowi p\u0142ynu i zapewni\u0107 wydajn\u0105 prac\u0119 uk\u0142adu hydraulicznego.<\/li>\n<li>Kontrola kalibracji: Nale\u017cy okresowo sprawdza\u0107 i kalibrowa\u0107 cylinder \u0142y\u017cki, aby zapewni\u0107 precyzyjn\u0105 kontrol\u0119 i optymaln\u0105 wydajno\u015b\u0107.<\/li>\n<\/ul>\n<p><img decoding=\"async\" src=\"https:\/\/www.hydraulic-cylinders.net\/wp-content\/uploads\/2025\/01\/songte-chushion-collar.webp\" alt=\"Obraz \u015brodk\u00f3w konserwacyjnych\"><\/p>\n<h2>Zagadnienia bezpiecze\u0144stwa i czynniki \u015brodowiskowe<\/h2>\n<p>Podczas korzystania z cylindra \u0142y\u017cki, priorytetem jest zapewnienie \u015brodk\u00f3w bezpiecze\u0144stwa, aby zapobiec wypadkom i zapewni\u0107 bezpiecze\u0144stwo operatora. \u015arodki bezpiecze\u0144stwa powinny obejmowa\u0107:<\/p>\n<ul>\n<li>W\u0142a\u015bciwe szkolenie: Operatorzy powinni przej\u015b\u0107 gruntowne szkolenie w zakresie bezpiecznego u\u017cytkowania i obs\u0142ugi cylindra \u0142y\u017cki.<\/li>\n<li>Sprz\u0119t ochronny: Operatorzy powinni nosi\u0107 odpowiedni sprz\u0119t ochrony osobistej, taki jak okulary ochronne i r\u0119kawice, aby zapewni\u0107 sobie bezpiecze\u0144stwo podczas pracy.<\/li>\n<li>Wp\u0142yw na \u015brodowisko: Podczas korzystania z cylindra czerpakowego nale\u017cy wzi\u0105\u0107 pod uwag\u0119 wp\u0142yw na \u015brodowisko i zapewni\u0107 zgodno\u015b\u0107 z odpowiednimi przepisami.<\/li>\n<\/ul>\n<h2>Diagnostyka usterek i typowe problemy<\/h2>\n<p>W przypadku wyst\u0105pienia usterek lub problem\u00f3w z cylindrem \u0142y\u017cki poni\u017csze wskaz\u00f3wki i rozwi\u0105zania mog\u0105 pom\u00f3c w diagnozie i skutecznym rozwi\u0105zaniu problem\u00f3w:<\/p>\n<ul>\n<li>Wskaz\u00f3wki dotycz\u0105ce post\u0119powania w przypadku awarii: Okre\u015bl rodzaj awarii, np. wyciek p\u0142ynu lub nieprawid\u0142ow\u0105 prac\u0119 urz\u0105dzenia, i sprawd\u017a odpowiednie podzespo\u0142y pod k\u0105tem uszkodze\u0144 lub zu\u017cycia.<\/li>\n<li>Sugestie rozwi\u0105za\u0144: Na podstawie diagnozy usterki zastosuj odpowiednie rozwi\u0105zania, takie jak wymiana uszkodzonych uszczelek lub regulacja kalibracji, aby rozwi\u0105za\u0107 problem.<\/li>\n<li>","protected":false},"excerpt":{"rendered":"<p>Bucket Cylinder For Yuchai YC85-8 Introduction The bucket cylinder for Yuchai YC85-8 is a specially designed hydraulic cylinder that is used to control the movement of the bucket in heavy machinery such as excavators, backhoe loaders, and front loaders. Its main function is to enable the lifting, lowering, and tilting of the bucket, making it [&hellip;]<\/p>","protected":false},"featured_media":14782,"comment_status":"open","ping_status":"closed","template":"","meta":{"_et_pb_use_builder":"","_et_pb_old_content":"","_et_gb_content_width":""},"product_brand":[],"product_cat":[1494],"product_tag":[1495,1496],"class_list":{"0":"post-15857","1":"product","2":"type-product","3":"status-publish","4":"has-post-thumbnail","6":"product_cat-bucket-cylinders","7":"product_tag-bucket-cylinders","8":"product_tag-hydraulic-cylinders","10":"first","11":"instock","12":"shipping-taxable","13":"product-type-simple"},"amp_enabled":true,"_links":{"self":[{"href":"https:\/\/www.hydraulic-cylinders.net\/pl\/wp-json\/wp\/v2\/product\/15857","targetHints":{"allow":["GET"]}}],"collection":[{"href":"https:\/\/www.hydraulic-cylinders.net\/pl\/wp-json\/wp\/v2\/product"}],"about":[{"href":"https:\/\/www.hydraulic-cylinders.net\/pl\/wp-json\/wp\/v2\/types\/product"}],"replies":[{"embeddable":true,"href":"https:\/\/www.hydraulic-cylinders.net\/pl\/wp-json\/wp\/v2\/comments?post=15857"}],"wp:featuredmedia":[{"embeddable":true,"href":"https:\/\/www.hydraulic-cylinders.net\/pl\/wp-json\/wp\/v2\/media\/14782"}],"wp:attachment":[{"href":"https:\/\/www.hydraulic-cylinders.net\/pl\/wp-json\/wp\/v2\/media?parent=15857"}],"wp:term":[{"taxonomy":"product_brand","embeddable":true,"href":"https:\/\/www.hydraulic-cylinders.net\/pl\/wp-json\/wp\/v2\/product_brand?post=15857"},{"taxonomy":"product_cat","embeddable":true,"href":"https:\/\/www.hydraulic-cylinders.net\/pl\/wp-json\/wp\/v2\/product_cat?post=15857"},{"taxonomy":"product_tag","embeddable":true,"href":"https:\/\/www.hydraulic-cylinders.net\/pl\/wp-json\/wp\/v2\/product_tag?post=15857"}],"curies":[{"name":"wp","href":"https:\/\/api.w.org\/{rel}","templated":true}]}}