{"id":15869,"date":"2025-01-19T15:05:57","date_gmt":"2025-01-19T15:05:57","guid":{"rendered":"https:\/\/www.hydraulic-cylinders.net\/product\/bucket-cylinder-for-tota-tx60c\/"},"modified":"2025-01-19T15:06:03","modified_gmt":"2025-01-19T15:06:03","slug":"bucket-cylinder-for-tota-tx60c","status":"publish","type":"product","link":"https:\/\/www.hydraulic-cylinders.net\/pl\/produkt\/bucket-cylinder-for-tota-tx60c\/","title":{"rendered":"Cylinder \u0142y\u017cki do Tota TX60C"},"content":{"rendered":"<h1>Cylinder \u0142y\u017cki do Tota TX60C<\/h1>\n<h2>Wst\u0119p<\/h2>\n<p>Si\u0142ownik \u0142y\u017cki do koparki Tota TX60C to specjalistyczny si\u0142ownik hydrauliczny, u\u017cywany g\u0142\u00f3wnie do sterowania ruchem \u0142y\u017cki w ci\u0119\u017ckich maszynach, takich jak koparki, koparko-\u0142adowarki i \u0142adowarki czo\u0142owe. Jego g\u0142\u00f3wn\u0105 funkcj\u0105 jest podnoszenie, opuszczanie i przechylanie \u0142y\u017cki, u\u0142atwiaj\u0105c wykonywanie r\u00f3\u017cnych zada\u0144 zwi\u0105zanych z prze\u0142adunkiem materia\u0142\u00f3w. W uk\u0142adzie hydraulicznym si\u0142ownik \u0142y\u017cki precyzyjnie steruje ruchem \u0142y\u017cki poprzez zmiany ci\u015bnienia oleju hydraulicznego, umo\u017cliwiaj\u0105c operatorowi wydajne przenoszenie ci\u0119\u017ckich \u0142adunk\u00f3w, adaptacj\u0119 do z\u0142o\u017conych warunk\u00f3w pracy i spe\u0142nienie zr\u00f3\u017cnicowanych potrzeb.<\/p>\n<p><img decoding=\"async\" src=\"https:\/\/www.hydraulic-cylinders.net\/wp-content\/uploads\/2025\/01\/songte-company-2.webp\" alt=\"Cylinder \u0142y\u017cki do Tota TX60C\" \/><\/p>\n<h3>G\u0142\u00f3wne cechy<\/h3>\n<ul>\n<li>\n<h4>Wysoka wytrzyma\u0142o\u015b\u0107 i trwa\u0142o\u015b\u0107:<\/h4>\n<p> Zazwyczaj wykonany jest z wytrzyma\u0142ej stali lub aluminium, wytrzymuje du\u017ce ci\u015bnienie i obci\u0105\u017cenia, a jego konstrukcja jest odporna na zu\u017cycie i korozj\u0119, co wyd\u0142u\u017ca jego \u017cywotno\u015b\u0107.<\/li>\n<li>\n<h4>Wydajna praca uk\u0142adu hydraulicznego:<\/h4>\n<p> Wykorzystuj\u0105c ci\u015bnienie oleju hydraulicznego do uzyskania p\u0142ynnego ruchu teleskopowego, podno\u015bnik szybko reaguje na polecenia steruj\u0105ce, zapewnia du\u017c\u0105 si\u0142\u0119 pchania i ci\u0105gni\u0119cia oraz nadaje si\u0119 do przenoszenia ci\u0119\u017ckich \u0142adunk\u00f3w i wykonywania skomplikowanych zada\u0144.<\/li>\n<li>\n<h4>R\u00f3\u017cne typy:<\/h4>\n<p> Wybierz si\u0142owniki jednostronnego dzia\u0142ania (hydrauliczne dzia\u0142aj\u0105ce tylko w jednym kierunku) lub dwustronnego dzia\u0142ania (hydrauliczne dzia\u0142aj\u0105ce w dw\u00f3ch kierunkach), aby spe\u0142ni\u0107 r\u00f3\u017cne potrzeby operacyjne. Niekt\u00f3re modele s\u0105 teleskopowe, co pozwala na wi\u0119ksze wysuni\u0119cie bez zwi\u0119kszania wymiar\u00f3w zewn\u0119trznych, dzi\u0119ki czemu nadaj\u0105 si\u0119 do zastosowa\u0144 w ograniczonej przestrzeni.<\/li>\n<li>\n<h4>Dost\u0119pno\u015b\u0107 zamiennik\u00f3w:<\/h4>\n<p> Nasz produkt mo\u017ce doskonale zast\u0105pi\u0107 tego typu si\u0142owniki hydrauliczne.<\/li>\n<\/ul>\n<p><img decoding=\"async\" src=\"https:\/\/www.hydraulic-cylinders.net\/wp-content\/uploads\/2025\/01\/songte-cylinder-head-with-all-kinds-excavator-models.webp\" alt=\"Cylinder \u0142y\u017cki do Tota TX60C\" \/><\/p>\n<h2>Aplikacje<\/h2>\n<p>Si\u0142ownik kube\u0142kowy do Tota TX60C jest szeroko stosowany w r\u00f3\u017cnych dziedzinach, w tym:<\/p>\n<ul>\n<li>\n<h3>Sprz\u0119t budowlany:<\/h3>\n<p> W koparkach s\u0105 one niezb\u0119dne do wykop\u00f3w, za\u0142adunku i przemieszczania gleby lub gruzu. W koparko-\u0142adowarkach si\u0142ownik \u0142y\u017cki pomaga zar\u00f3wno w kopaniu, jak i podnoszeniu. <\/li>\n<li>\n<h3>Maszyny rolnicze:<\/h3>\n<p> Stosowany w \u0142adowarkach czo\u0142owych do nabierania, podnoszenia i transportu ziemi, siana i innych materia\u0142\u00f3w. <\/li>\n<li>\n<h3>Koparki:<\/h3>\n<p> Cylinder \u0142y\u017cki umo\u017cliwia kopanie poprzez umo\u017cliwienie \u0142y\u017cce zag\u0142\u0119biania si\u0119 w gleb\u0119.<\/li>\n<li>\n<h3>\u0141adowarki czo\u0142owe:<\/h3>\n<p> W \u0142adowarkach czo\u0142owych pomagaj\u0105 w efektywnym podnoszeniu i przechylaniu \u0142adunk\u00f3w.<\/li>\n<\/ul>\n<h2>Zagadnienia projektowe i kryteria wyboru<\/h2>\n<p>Bior\u0105c pod uwag\u0119 rozwa\u017cania projektowe, kluczowe czynniki, takie jak no\u015bno\u015b\u0107, uszczelnienie, trwa\u0142o\u015b\u0107, bezpiecze\u0144stwo i \u0142atwo\u015b\u0107 konserwacji, om\u00f3wiono poni\u017cej:<\/p>\n<ul>\n<li>\n<h3>No\u015bno\u015b\u0107:<\/h3>\n<p> Cylinder powinien by\u0107 zaprojektowany tak, aby wytrzymywa\u0142 obci\u0105\u017cenia, kt\u00f3rym b\u0119dzie poddawany w trakcie u\u017cytkowania. Nale\u017cy stosowa\u0107 materia\u0142y o wysokiej wytrzyma\u0142o\u015bci, takie jak stal lub aluminium.<\/li>\n<li>\n<h3>Opiecz\u0119towanie:<\/h3>\n<p> Aby zapewni\u0107 skuteczne uszczelnienie i zapobiec wyciekom oleju, nale\u017cy stosowa\u0107 r\u00f3\u017cne uszczelnienia, takie jak uszczelnienia t\u0142ok\u00f3w, uszczelnienia t\u0142oczysk itp., wykonane z materia\u0142\u00f3w odpornych na zu\u017cycie, takich jak poliuretan czy kauczuk nitrylowy. Korpus cylindra i gwintowane powierzchnie ko\u0144cowe powinny zosta\u0107 poddane precyzyjnej obr\u00f3bce w celu zwi\u0119kszenia odporno\u015bci na zu\u017cycie.<\/li>\n<li>\n<h3>Trwa\u0142o\u015b\u0107:<\/h3>\n<p> Cylinder powinien by\u0107 zaprojektowany tak, aby by\u0142 odporny na zu\u017cycie i korozj\u0119 oraz gwarantowa\u0142 d\u0142ugotrwa\u0142\u0105 wydajno\u015b\u0107 w trudnych warunkach.<\/li>\n<li>\n<h3>Bezpiecze\u0144stwo:<\/h3>\n<p> Cylinder powinien by\u0107 tak zaprojektowany, aby w razie awarii zapobiega\u0107 obra\u017ceniom operator\u00f3w i os\u00f3b postronnych, a tak\u017ce wyposa\u017cony w takie elementy bezpiecze\u0144stwa, jak zawory bezpiecze\u0144stwa, wy\u0142\u0105czniki awaryjne itp.<\/li>\n<li>\n<h3>\u0141atwo\u015b\u0107 konserwacji:<\/h3>\n<p> Cylinder powinien by\u0107 zaprojektowany w spos\u00f3b umo\u017cliwiaj\u0105cy \u0142atw\u0105 konserwacj\u0119, z uwzgl\u0119dnieniem takich procedur jak regularna wymiana oleju, okresowe kontrole i wymiana zu\u017cytych cz\u0119\u015bci itp.<\/li>\n<\/ul>\n<p><img decoding=\"async\" src=\"https:\/\/www.hydraulic-cylinders.net\/wp-content\/uploads\/2025\/01\/songte-oil-pipes-and-spare-parts.webp\" alt=\"Cylinder \u0142y\u017cki do Tota TX60C\" \/><\/p>\n<h2>Uszczelnianie i smarowanie<\/h2>\n<p>Aby zapewni\u0107 skuteczne uszczelnienie i zapobiec wyciekom oleju, nale\u017cy stosowa\u0107 r\u00f3\u017cne uszczelnienia, takie jak uszczelnienia t\u0142ok\u00f3w, t\u0142oczysk itp., wykonane z materia\u0142\u00f3w odpornych na zu\u017cycie, takich jak poliuretan, kauczuk nitrylowy itp. Korpus cylindra i gwintowane powierzchnie ko\u0144cowe nale\u017cy podda\u0107 precyzyjnej obr\u00f3bce w celu zwi\u0119kszenia odporno\u015bci na zu\u017cycie. Nale\u017cy regularnie uzupe\u0142nia\u0107 odpowiedni\u0105 ilo\u015b\u0107 oleju hydraulicznego, aby zapewni\u0107 p\u0142ynn\u0105 prac\u0119 i smarowanie ruchomych cz\u0119\u015bci.<\/p>\n<h2>Inspekcja i konserwacja zapobiegawcza<\/h2>\n<p>Nale\u017cy przeprowadza\u0107 regularne kontrole w celu wykrywania i zapobiegania potencjalnym problemom. Poni\u017cej przedstawiono typowe czynno\u015bci konserwacyjne:<\/p>\n<ul>\n<li>\n<h3>Regularnie sprawdzaj:<\/h3>\n<p> Sprawd\u017a, czy nie ma wyciek\u00f3w, p\u0119kni\u0119\u0107 i \u015blad\u00f3w zu\u017cycia cylindra i jego podzespo\u0142\u00f3w.<\/li>\n<li>\n<h3>Odpowiednie smarowanie:<\/h3>\n<p> Aby zapewni\u0107 p\u0142ynn\u0105 prac\u0119 i d\u0142ug\u0105 \u017cywotno\u015b\u0107 cylindra, nale\u017cy go smarowa\u0107 zalecanym olejem.<\/li>\n<li>\n<h3>Wymie\u0144 uszczelki:<\/h3>\n<p> Wymie\u0144 zu\u017cyte lub uszkodzone uszczelki, aby zapobiec przeciekom.<\/li>\n<li>\n<h3>Kontrola kalibracji:<\/h3>\n<p> Nale\u017cy okresowo sprawdza\u0107 cylinder, aby mie\u0107 pewno\u015b\u0107, \u017ce jest prawid\u0142owo skalibrowany.<\/li>\n<\/ul>\n<p>Prawid\u0142owy monta\u017c ma kluczowe znaczenie dla zapewnienia trwa\u0142o\u015bci cylindra. Prawid\u0142owe ustawienie cylindra jest kluczowe podczas instalacji, aby zapobiec jego uszkodzeniu lub awarii. Zaleca si\u0119 stosowanie odpowiednich wspornik\u00f3w monta\u017cowych do zabezpieczenia cylindra. Oferujemy zalecane procedury kontroli, naprawy i wymiany, aby wyd\u0142u\u017cy\u0107 \u017cywotno\u015b\u0107 cylindra.<\/p>\n<p><img decoding=\"async\" src=\"https:\/\/www.hydraulic-cylinders.net\/wp-content\/uploads\/2025\/01\/songte-chushion-collar.webp\" alt=\"Cylinder \u0142y\u017cki do Tota TX60C\" \/><\/p>\n<h2>Zagadnienia bezpiecze\u0144stwa i czynniki \u015brodowiskowe<\/h2>\n<p>Podczas u\u017cytkowania cylindra \u0142y\u017cki nale\u017cy bezwzgl\u0119dnie przestrzega\u0107 \u015brodk\u00f3w bezpiecze\u0144stwa, aby zapobiec obra\u017ceniom, uszkodzeniom lub wypadkom. Obejmuje to utrzymanie uk\u0142adu hydraulicznego w czysto\u015bci, unikanie przeci\u0105\u017ce\u0144 i przestrzeganie zalecanych procedur obs\u0142ugi.<\/p>\n<h2>Diagnozowanie usterek i rozwi\u0105zywanie problem\u00f3w<\/h2>\n<p>Poni\u017cej om\u00f3wiono typowe awarie i wskaz\u00f3wki dotycz\u0105ce rozwi\u0105zywania problem\u00f3w:<\/p>\n<ul>\n<li>\n<h3>Wycieki oleju:<\/h3>\n<p> Sprawd\u017a, czy uszczelki nie s\u0105 zu\u017cyte lub uszkodzone i wymie\u0144 je. <\/li>\n<li>\n<h3>Powolna praca:<\/h3>\n<p> Sprawd\u017a, czy ci\u015bnienie hydrauliczne nie jest zbyt niskie i dolej zalecanego oleju. <\/li>\n<li>\n<h3>Ha\u0142a\u015bliwa praca:<\/h3>\n<p> Sprawd\u017a, czy nie ma lu\u017anych cz\u0119\u015bci, uszkodzonych uszczelek i zu\u017cytych podzespo\u0142\u00f3w. W razie potrzeby wymie\u0144 je. <\/li>\n<li>\n<h3>Cylinder nie wysuwa si\u0119 lub nie chowa:<\/h3>\n<p> Sprawd\u017a, czy ci\u015bnienie hydrauliczne nie jest niskie, porty zablokowane lub uszczelki uszkodzone, i wymie\u0144 je.<\/li>\n<\/ul>\n<p>\u015arodki zapobiegawcze, takie jak regularna konserwacja, czyszczenie i prawid\u0142owe u\u017cytkowanie, mog\u0105 zmniejszy\u0107 ryzyko awarii cylindra.<\/p>\n<p><img decoding=\"async\" src=\"https:\/\/www.hydraulic-cylinders.net\/wp-content\/uploads\/2025\/01\/songte-bushings-with-all-kinds-of-excavator-models.webp\" alt=\"Cylinder \u0142y\u017cki do Tota TX60C\" \/><\/p>\n<h2>O naszej firmie<\/h2>\n<p>Jeste\u015bmy wiod\u0105cym producentem i hurtownikiem si\u0142ownik\u00f3w hydraulicznych na rynku krajowym i mi\u0119dzynarodowym, oferuj\u0105cym pe\u0142n\u0105 gam\u0119 produkt\u00f3w. Kierujemy si\u0119 zasad\u0105 doskona\u0142ej jako\u015bci i opieramy si\u0119 na zindustrializowanych strategiach zarz\u0105dzania produkcj\u0105 w precyzyjnie dopracowanych warsztatach produkcyjnych. Stale udoskonalamy nasz\u0105 platform\u0119 produkcyjn\u0105 pod k\u0105tem talent\u00f3w technicznych, cyfrowego, zaawansowanego sprz\u0119tu produkcyjnego oraz profesjonalnych system\u00f3w testowych. Dzi\u0119ki wysokiej wydajno\u015bci, precyzji i wysokim standardom jako\u015bci, zaspokajamy zr\u00f3\u017cnicowane potrzeby naszych klient\u00f3w.<\/p>\n<h3>Profesjonalizm:<\/h3>\n<p>Mamy wysoko wykwalifikowany i do\u015bwiadczony zesp\u00f3\u0142 profesjonalist\u00f3w, kt\u00f3ry dostarcza naszym klientom produkty i us\u0142ugi najwy\u017cszej jako\u015bci.<\/p>\n<h3>Certyfikaty mi\u0119dzynarodowe:<\/h3>\n<p>Nasze produkty posiadaj\u0105 certyfikaty zgodno\u015bci z normami mi\u0119dzynarodowymi, takimi jak ISO 9001:2015, dzi\u0119ki czemu zapewniamy klientom gwarancj\u0119 jako\u015bci.<\/p>\n<h3>Us\u0142ugi dostosowywania:<\/h3>\n<p>Oferujemy us\u0142ugi dostosowane do indywidualnych potrzeb naszych klient\u00f3w.<\/p>\n<h3>Sprz\u0119t produkcyjny:<\/h3>\n<p>Posiadamy zaawansowany sprz\u0119t produkcyjny i nowoczesne centrum testowe, aby zapewni\u0107 jako\u015b\u0107 naszych produkt\u00f3w.<\/p>\n<h3>Serwis posprzeda\u017cowy:<\/h3>\n<p>Oferujemy niezawodny serwis posprzeda\u017cowy, obejmuj\u0105cy konserwacj\u0119, naprawy i wymian\u0119, aby zapewni\u0107 d\u0142ugotrwa\u0142\u0105 wydajno\u015b\u0107 naszych produkt\u00f3w.<\/p>\n<p><img decoding=\"async\" src=\"https:\/\/hzpt.com\/wp-content\/uploads\/2024\/11\/songte-company-1.webp\" alt=\"Cylinder \u0142y\u017cki do Tota TX60C\" \/><\/p>\n<p><em>Autor: lyl<\/em><\/p>","protected":false},"excerpt":{"rendered":"<p>Bucket Cylinder For Tota TX60C Introduction The bucket cylinder for Tota TX60C is a specialized hydraulic cylinder mainly used to control the movement of the bucket in heavy machinery such as excavators, backhoe loaders, and front loaders. Its main function is to allow the bucket to lift, lower, and tilt, making it easier to handle [&hellip;]<\/p>","protected":false},"featured_media":14787,"comment_status":"open","ping_status":"closed","template":"","meta":{"_et_pb_use_builder":"","_et_pb_old_content":"","_et_gb_content_width":""},"product_brand":[],"product_cat":[1494],"product_tag":[1495,1496],"class_list":{"0":"post-15869","1":"product","2":"type-product","3":"status-publish","4":"has-post-thumbnail","6":"product_cat-bucket-cylinders","7":"product_tag-bucket-cylinders","8":"product_tag-hydraulic-cylinders","10":"first","11":"instock","12":"shipping-taxable","13":"product-type-simple"},"amp_enabled":true,"_links":{"self":[{"href":"https:\/\/www.hydraulic-cylinders.net\/pl\/wp-json\/wp\/v2\/product\/15869","targetHints":{"allow":["GET"]}}],"collection":[{"href":"https:\/\/www.hydraulic-cylinders.net\/pl\/wp-json\/wp\/v2\/product"}],"about":[{"href":"https:\/\/www.hydraulic-cylinders.net\/pl\/wp-json\/wp\/v2\/types\/product"}],"replies":[{"embeddable":true,"href":"https:\/\/www.hydraulic-cylinders.net\/pl\/wp-json\/wp\/v2\/comments?post=15869"}],"wp:featuredmedia":[{"embeddable":true,"href":"https:\/\/www.hydraulic-cylinders.net\/pl\/wp-json\/wp\/v2\/media\/14787"}],"wp:attachment":[{"href":"https:\/\/www.hydraulic-cylinders.net\/pl\/wp-json\/wp\/v2\/media?parent=15869"}],"wp:term":[{"taxonomy":"product_brand","embeddable":true,"href":"https:\/\/www.hydraulic-cylinders.net\/pl\/wp-json\/wp\/v2\/product_brand?post=15869"},{"taxonomy":"product_cat","embeddable":true,"href":"https:\/\/www.hydraulic-cylinders.net\/pl\/wp-json\/wp\/v2\/product_cat?post=15869"},{"taxonomy":"product_tag","embeddable":true,"href":"https:\/\/www.hydraulic-cylinders.net\/pl\/wp-json\/wp\/v2\/product_tag?post=15869"}],"curies":[{"name":"wp","href":"https:\/\/api.w.org\/{rel}","templated":true}]}}