{"id":15883,"date":"2025-01-19T15:07:07","date_gmt":"2025-01-19T15:07:07","guid":{"rendered":"https:\/\/www.hydraulic-cylinders.net\/product\/bucket-cylinder-for-volwa-small-excavator-dls815-9\/"},"modified":"2025-01-19T15:07:09","modified_gmt":"2025-01-19T15:07:09","slug":"bucket-cylinder-for-volwa-small-excavator-dls815-9","status":"publish","type":"product","link":"https:\/\/www.hydraulic-cylinders.net\/pl\/produkt\/bucket-cylinder-for-volwa-small-excavator-dls815-9\/","title":{"rendered":"Si\u0142ownik \u0142y\u017cki do ma\u0142ej koparki Volwa DLS815-9"},"content":{"rendered":"<h1>Si\u0142ownik \u0142y\u017cki do ma\u0142ej koparki Volwa DLS815-9<\/h1>\n<h2>Wst\u0119p<\/h2>\n<h3>Definicja cylindra kube\u0142kowego<\/h3>\n<p>Si\u0142ownik \u0142y\u017cki to specjalnie zaprojektowany si\u0142ownik hydrauliczny s\u0142u\u017c\u0105cy do sterowania ruchem \u0142y\u017cki w ci\u0119\u017ckich maszynach, takich jak koparki, koparko-\u0142adowarki i \u0142adowarki czo\u0142owe. Jego g\u0142\u00f3wn\u0105 funkcj\u0105 jest umo\u017cliwienie podnoszenia, opuszczania i przechylania \u0142y\u017cki, u\u0142atwiaj\u0105c wykonywanie r\u00f3\u017cnych zada\u0144 zwi\u0105zanych z prze\u0142adunkiem materia\u0142\u00f3w. W uk\u0142adzie hydraulicznym si\u0142ownik \u0142y\u017cki zapewnia precyzyjn\u0105 kontrol\u0119 nad \u0142y\u017ck\u0105 poprzez zmian\u0119 ci\u015bnienia oleju hydraulicznego, umo\u017cliwiaj\u0105c operatorowi wydajne przenoszenie du\u017cych \u0142adunk\u00f3w, dostosowanie si\u0119 do z\u0142o\u017conych warunk\u00f3w pracy i zr\u00f3\u017cnicowanych wymaga\u0144 operacyjnych.<\/p>\n<p><img decoding=\"async\" src=\"https:\/\/www.hydraulic-cylinders.net\/wp-content\/uploads\/2025\/01\/songte-company-2.webp\"\/><\/p>\n<h3>Cechy<\/h3>\n<ul>\n<li><strong>Wysoka wytrzyma\u0142o\u015b\u0107 i trwa\u0142o\u015b\u0107:<\/strong> Zazwyczaj wykonany jest z wytrzyma\u0142ej stali lub aluminium, wytrzymuje du\u017ce ci\u015bnienie i obci\u0105\u017cenia, jest przystosowany do trudnych warunk\u00f3w pracy, a jego konstrukcja zapewnia odporno\u015b\u0107 na zu\u017cycie i korozj\u0119, co wyd\u0142u\u017ca jego \u017cywotno\u015b\u0107.<\/li>\n<li><strong>Wydajna praca uk\u0142adu hydraulicznego:<\/strong> Wykorzystuj\u0105c ci\u015bnienie oleju hydraulicznego do uzyskania p\u0142ynnego rozci\u0105gania i wci\u0105gania, podno\u015bnik mo\u017ce szybko reagowa\u0107 na polecenia operatora, zapewnia du\u017c\u0105 si\u0142\u0119 pchania i ci\u0105gni\u0119cia oraz nadaje si\u0119 do przenoszenia ci\u0119\u017ckich \u0142adunk\u00f3w i wykonywania skomplikowanych zada\u0144 operacyjnych.<\/li>\n<li><strong>R\u00f3\u017cne typy:<\/strong> Si\u0142owniki jednostronnego dzia\u0142ania (hydrauliczne dzia\u0142aj\u0105ce tylko w jednym kierunku) lub dwustronnego dzia\u0142ania (hydrauliczne dzia\u0142aj\u0105ce w obu kierunkach) mo\u017cna dobra\u0107 w zale\u017cno\u015bci od potrzeb, aby spe\u0142ni\u0107 r\u00f3\u017cne wymagania robocze. Niekt\u00f3re modele s\u0105 teleskopowe, co pozwala na wi\u0119ksze wysuni\u0119cie bez zwi\u0119kszania wymiar\u00f3w zewn\u0119trznych i nadaje si\u0119 do zastosowa\u0144 o ograniczonej przestrzeni.<\/li>\n<li><strong>Idealny zamiennik:<\/strong> Nasze produkty mog\u0105 doskonale zast\u0105pi\u0107 te si\u0142owniki hydrauliczne.<\/li>\n<\/ul>\n<p><img decoding=\"async\" src=\"https:\/\/www.hydraulic-cylinders.net\/wp-content\/uploads\/2025\/01\/songte-cylinder-head-with-all-kinds-excavator-models.webp\"\/><\/p>\n<h2>Aplikacje<\/h2>\n<p>Cylindry kube\u0142kowe s\u0105 powszechnie stosowane w r\u00f3\u017cnych maszynach, w tym:<\/p>\n<ul>\n<li><strong>Sprz\u0119t budowlany:<\/strong> W koparkach s\u0105 one niezb\u0119dne do kopania, za\u0142adunku i przemieszczania gleby lub gruzu. W koparko-\u0142adowarkach si\u0142owniki \u0142y\u017cki pomagaj\u0105 zar\u00f3wno w kopaniu, jak i podnoszeniu. <\/li>\n<li><strong>Maszyny rolnicze:<\/strong> Cylindry \u0142y\u017cek w koparkach s\u0142u\u017c\u0105 do nabierania, podnoszenia i transportu gleby, siana i innych materia\u0142\u00f3w w \u0142adowarkach czo\u0142owych. Umo\u017cliwiaj\u0105 one kopanie, pozwalaj\u0105c \u0142y\u017cce na zag\u0142\u0119bianie si\u0119 w gleb\u0119. <\/li>\n<li><strong>\u0141adowarki:<\/strong> W \u0142adowarkach czo\u0142owych pomagaj\u0105 efektywnie podnosi\u0107 i roz\u0142adowywa\u0107 \u0142adunki.<\/li>\n<\/ul>\n<h2>Zagadnienia projektowe i kryteria wyboru<\/h2>\n<h3>Kluczowe zagadnienia projektowe<\/h3>\n<ul>\n<li><strong>No\u015bno\u015b\u0107:<\/strong> Si\u0142ownik musi by\u0107 w stanie wytrzyma\u0107 obci\u0105\u017cenia przewidywane w danym zastosowaniu. <\/li>\n<li><strong>Opiecz\u0119towanie:<\/strong> Cylinder musi by\u0107 w stanie utrzyma\u0107 ci\u015bnienie i zapobiega\u0107 wyciekom. <\/li>\n<li><strong>Trwa\u0142o\u015b\u0107:<\/strong> Cylinder musi by\u0107 w stanie wytrzyma\u0107 oczekiwany cykl \u017cycia i warunki \u015brodowiskowe. <\/li>\n<li><strong>Bezpiecze\u0144stwo:<\/strong> Cylinder musi by\u0107 zaprojektowany z uwzgl\u0119dnieniem zabezpiecze\u0144 zapobiegaj\u0105cych wypadkom. <\/li>\n<li><strong>Utrzymywalno\u015b\u0107:<\/strong> Cylinder musi by\u0107 zaprojektowany w spos\u00f3b umo\u017cliwiaj\u0105cy \u0142atw\u0105 konserwacj\u0119 i napraw\u0119.<\/li>\n<\/ul>\n<p><img decoding=\"async\" src=\"https:\/\/www.hydraulic-cylinders.net\/wp-content\/uploads\/2025\/01\/songte-oil-pipes-and-spare-parts.webp\"\/><\/p>\n<h3>Uszczelnianie i smarowanie<\/h3>\n<p>W si\u0142ownikach kube\u0142kowych stosuje si\u0119 r\u00f3\u017cnego rodzaju elementy uszczelniaj\u0105ce, takie jak uszczelnienia t\u0142okowe i t\u0142oczyskowe. Uszczelnienia te wykonane s\u0105 z materia\u0142\u00f3w odpornych na zu\u017cycie, takich jak poliuretan i kauczuk nitrylowy, a korpus si\u0142ownika i gwintowane powierzchnie ko\u0144cowe s\u0105 precyzyjnie obrabiane w celu zwi\u0119kszenia odporno\u015bci na zu\u017cycie. Konieczne jest r\u00f3wnie\u017c regularne uzupe\u0142nianie odpowiedniej ilo\u015bci oleju hydraulicznego w celu smarowania.<\/p>\n<h3>\u015arodki konserwacji zapobiegawczej<\/h3>\n<ul>\n<li><strong>Regularna kontrola:<\/strong> Regularnie sprawdzaj cylinder i uk\u0142ad hydrauliczny pod k\u0105tem oznak zu\u017cycia lub uszkodze\u0144. <\/li>\n<li><strong>Prawid\u0142owe smarowanie:<\/strong> Upewnij si\u0119, \u017ce cylinder i jego elementy s\u0105 odpowiednio nasmarowane. <\/li>\n<li><strong>Wymiana uszczelki:<\/strong> Aby zapobiec przeciekom, nale\u017cy niezw\u0142ocznie wymieni\u0107 zu\u017cyte lub uszkodzone uszczelki. <\/li>\n<li><strong>Kontrola kalibracji:<\/strong> Sprawd\u017a kalibracj\u0119 cylindra, aby mie\u0107 pewno\u015b\u0107, \u017ce dzia\u0142a prawid\u0142owo. <\/li>\n<\/ul>\n<p><img decoding=\"async\" src=\"https:\/\/www.hydraulic-cylinders.net\/wp-content\/uploads\/2025\/01\/songte-chushion-collar.webp\"\/><\/p>\n<h2>Zagadnienia bezpiecze\u0144stwa i czynniki \u015brodowiskowe<\/h2>\n<p>Podczas u\u017cytkowania cylindr\u00f3w kube\u0142kowych nale\u017cy przestrzega\u0107 odpowiednich \u015brodk\u00f3w bezpiecze\u0144stwa, aby zapobiec wypadkom. Ponadto nale\u017cy uwzgl\u0119dni\u0107 czynniki \u015brodowiskowe i podj\u0105\u0107 odpowiednie \u015brodki w celu zminimalizowania wp\u0142ywu na \u015brodowisko.<\/p>\n<h2>Rozwi\u0105zywanie problem\u00f3w i typowe problemy<\/h2>\n<ul>\n<li><strong>Wyciek:<\/strong> Sprawd\u017a uszczelki i w razie potrzeby wymie\u0144 je.<\/li>\n<li><strong>Powolna praca:<\/strong> Sprawd\u017a poziom p\u0142ynu hydraulicznego i upewnij si\u0119, \u017ce uk\u0142ad jest prawid\u0142owo smarowany.<\/li>\n<li><strong>Ha\u0142as nienormalny:<\/strong> Sprawd\u017a, czy elementy nie s\u0105 lu\u017ane lub uszkodzone.<\/li>\n<\/ul>\n<p>Regularna konserwacja i przegl\u0105dy mog\u0105 pom\u00f3c zapobiec tym problemom.<\/p>\n<p><img decoding=\"async\" src=\"https:\/\/www.hydraulic-cylinders.net\/wp-content\/uploads\/2025\/01\/songte-bushings-with-all-kinds-of-excavator-models.webp\"\/><\/p>\n<h2>O nas<\/h2>\n<p>Jeste\u015bmy producentem cylindr\u00f3w hydraulicznych, kt\u00f3re mog\u0105 zast\u0105pi\u0107 oryginalne. Nasza firma oferuje pe\u0142n\u0105 gam\u0119 produkt\u00f3w i sta\u0142a si\u0119 jednym z wiod\u0105cych producent\u00f3w i hurtowych dystrybutor\u00f3w cylindr\u00f3w hydraulicznych na rynku krajowym i mi\u0119dzynarodowym. Przestrzegamy zasady doskona\u0142ej jako\u015bci, opieramy si\u0119 na strategii zarz\u0105dzania produkcj\u0105 przemys\u0142ow\u0105 w wyspecjalizowanych warsztatach produkcyjnych, stale ulepszamy platform\u0119 produkcyjn\u0105 warsztatu, podnosimy jako\u015b\u0107 linii produkcyjnej i posiadamy silne zdolno\u015bci kreatywne. Dok\u0142adamy wszelkich stara\u0144, aby sprosta\u0107 zr\u00f3\u017cnicowanym potrzebom klient\u00f3w, kieruj\u0105c si\u0119 zasad\u0105 wysokiej wydajno\u015bci, precyzji i jako\u015bci.<\/p>\n<ul>\n<li><strong>Profesjonalizm:<\/strong> Nasz zesp\u00f3\u0142 sk\u0142ada si\u0119 z profesjonalist\u00f3w posiadaj\u0105cych bogate do\u015bwiadczenie i wiedz\u0119 w bran\u017cy cylindr\u00f3w hydraulicznych. <\/li>\n<li><strong>Certyfikacja mi\u0119dzynarodowa:<\/strong> Nasze produkty posiadaj\u0105 mi\u0119dzynarodowe certyfikaty, takie jak ISO9001 i CE. <\/li>\n<li><strong>Us\u0142uga personalizacji:<\/strong> Mo\u017cemy zapewni\u0107 us\u0142ugi dostosowane do indywidualnych potrzeb klient\u00f3w. <\/li>\n<li><strong>Sprz\u0119t produkcyjny:<\/strong> Dysponujemy zaawansowanym sprz\u0119tem produkcyjnym, aby zagwarantowa\u0107 jako\u015b\u0107 naszych produkt\u00f3w. <\/li>\n<li><strong>Serwis posprzeda\u017cowy:<\/strong> Zapewniamy doskona\u0142\u0105 obs\u0142ug\u0119 posprzeda\u017cow\u0105, aby zagwarantowa\u0107 satysfakcj\u0119 klienta.<\/li>\n<\/ul>\n<p><img decoding=\"async\" src=\"https:\/\/hzpt.com\/wp-content\/uploads\/2024\/11\/songte-company-1.webp\"\/><\/p>\n<p><em>Autor: lyl<\/em><\/p>","protected":false},"excerpt":{"rendered":"<p>Bucket Cylinder For Volwa Small Excavator DLS815-9 Introduction Definition of Bucket Cylinder A bucket cylinder is a specially designed hydraulic cylinder used to control the movement of the bucket in heavy machinery such as excavators, backhoe loaders, and front loaders. Its main function is to enable the bucket to lift, lower and tilt, making it [&hellip;]<\/p>","protected":false},"featured_media":14788,"comment_status":"open","ping_status":"closed","template":"","meta":{"_et_pb_use_builder":"","_et_pb_old_content":"","_et_gb_content_width":""},"product_brand":[],"product_cat":[1494],"product_tag":[1495,1496],"class_list":{"0":"post-15883","1":"product","2":"type-product","3":"status-publish","4":"has-post-thumbnail","6":"product_cat-bucket-cylinders","7":"product_tag-bucket-cylinders","8":"product_tag-hydraulic-cylinders","10":"first","11":"instock","12":"shipping-taxable","13":"product-type-simple"},"amp_enabled":true,"_links":{"self":[{"href":"https:\/\/www.hydraulic-cylinders.net\/pl\/wp-json\/wp\/v2\/product\/15883","targetHints":{"allow":["GET"]}}],"collection":[{"href":"https:\/\/www.hydraulic-cylinders.net\/pl\/wp-json\/wp\/v2\/product"}],"about":[{"href":"https:\/\/www.hydraulic-cylinders.net\/pl\/wp-json\/wp\/v2\/types\/product"}],"replies":[{"embeddable":true,"href":"https:\/\/www.hydraulic-cylinders.net\/pl\/wp-json\/wp\/v2\/comments?post=15883"}],"wp:featuredmedia":[{"embeddable":true,"href":"https:\/\/www.hydraulic-cylinders.net\/pl\/wp-json\/wp\/v2\/media\/14788"}],"wp:attachment":[{"href":"https:\/\/www.hydraulic-cylinders.net\/pl\/wp-json\/wp\/v2\/media?parent=15883"}],"wp:term":[{"taxonomy":"product_brand","embeddable":true,"href":"https:\/\/www.hydraulic-cylinders.net\/pl\/wp-json\/wp\/v2\/product_brand?post=15883"},{"taxonomy":"product_cat","embeddable":true,"href":"https:\/\/www.hydraulic-cylinders.net\/pl\/wp-json\/wp\/v2\/product_cat?post=15883"},{"taxonomy":"product_tag","embeddable":true,"href":"https:\/\/www.hydraulic-cylinders.net\/pl\/wp-json\/wp\/v2\/product_tag?post=15883"}],"curies":[{"name":"wp","href":"https:\/\/api.w.org\/{rel}","templated":true}]}}