{"id":15885,"date":"2025-01-19T15:07:16","date_gmt":"2025-01-19T15:07:16","guid":{"rendered":"https:\/\/www.hydraulic-cylinders.net\/product\/bucket-cylinder-for-volwa-small-excavator-dls880-9b\/"},"modified":"2025-01-19T15:07:18","modified_gmt":"2025-01-19T15:07:18","slug":"bucket-cylinder-for-volwa-small-excavator-dls880-9b","status":"publish","type":"product","link":"https:\/\/www.hydraulic-cylinders.net\/pl\/produkt\/bucket-cylinder-for-volwa-small-excavator-dls880-9b\/","title":{"rendered":"Si\u0142ownik \u0142y\u017cki do ma\u0142ej koparki Volwa DLS880-9B"},"content":{"rendered":"<h1>Si\u0142ownik \u0142y\u017cki do ma\u0142ej koparki Volwa DLS880-9B<\/h1>\n<h2>Wst\u0119p<\/h2>\n<h3>Definicja produktu<\/h3>\n<p>Si\u0142ownik \u0142y\u017cki to specjalnie zaprojektowany si\u0142ownik hydrauliczny s\u0142u\u017c\u0105cy do sterowania ruchem \u0142y\u017cki w ci\u0119\u017ckich maszynach, takich jak koparki, koparko-\u0142adowarki i \u0142adowarki czo\u0142owe. Jego g\u0142\u00f3wn\u0105 funkcj\u0105 jest podnoszenie, opuszczanie i przechylanie \u0142y\u017cki, u\u0142atwiaj\u0105c wykonywanie r\u00f3\u017cnych zada\u0144 zwi\u0105zanych z prze\u0142adunkiem materia\u0142\u00f3w. W uk\u0142adzie hydraulicznym si\u0142ownik \u0142y\u017cki zapewnia precyzyjn\u0105 kontrol\u0119 nad \u0142y\u017ck\u0105 poprzez zmian\u0119 ci\u015bnienia oleju hydraulicznego, umo\u017cliwiaj\u0105c operatorom wydajne przenoszenie ci\u0119\u017ckich \u0142adunk\u00f3w i dostosowywanie si\u0119 do z\u0142o\u017conych warunk\u00f3w pracy oraz zr\u00f3\u017cnicowanych wymaga\u0144.<\/p>\n<p><img decoding=\"async\" src=\"https:\/\/www.hydraulic-cylinders.net\/wp-content\/uploads\/2025\/01\/songte-company-2.webp\" alt=\"Obraz cylindra wiadra\"><\/p>\n<h3>Cechy<\/h3>\n<ul>\n<li>Wysoka wytrzyma\u0142o\u015b\u0107 i trwa\u0142o\u015b\u0107: Zazwyczaj wykonane z wysokowytrzyma\u0142ej stali lub aluminium, wytrzymuj\u0105 du\u017ce ci\u015bnienie i du\u017ce obci\u0105\u017cenia, s\u0105 przystosowane do trudnych warunk\u00f3w pracy, zaprojektowane z my\u015bl\u0105 o odporno\u015bci na zu\u017cycie i korozj\u0119, co wyd\u0142u\u017ca ich \u017cywotno\u015b\u0107.<\/li>\n<li>Wydajna praca uk\u0142adu hydraulicznego: Wykorzystanie ci\u015bnienia oleju hydraulicznego w celu uzyskania p\u0142ynnego rozci\u0105gania i wci\u0105gania, mo\u017cliwo\u015b\u0107 szybkiej reakcji na polecenia steruj\u0105ce, zapewnienie du\u017cej si\u0142y pchania i ci\u0105gni\u0119cia, odpowiednia do obs\u0142ugi ci\u0119\u017ckich \u0142adunk\u00f3w i skomplikowanych zada\u0144.<\/li>\n<li>R\u00f3\u017cne typy: Si\u0142owniki jednostronnego dzia\u0142ania (hydrauliczne tylko w jednym kierunku) lub dwustronnego dzia\u0142ania (hydrauliczne w obu kierunkach) mo\u017cna dobra\u0107 w zale\u017cno\u015bci od potrzeb, aby spe\u0142ni\u0107 r\u00f3\u017cne wymagania operacyjne. Niekt\u00f3re modele s\u0105 teleskopowe, co pozwala na wi\u0119ksze wysuni\u0119cie bez zwi\u0119kszania wymiar\u00f3w zewn\u0119trznych, i nadaje si\u0119 do zastosowa\u0144 w ograniczonej przestrzeni.<\/li>\n<li>Wysoka wszechstronno\u015b\u0107: Nasz produkt doskonale zast\u0119puje te si\u0142owniki hydrauliczne.<\/li>\n<\/ul>\n<p><img decoding=\"async\" src=\"https:\/\/www.hydraulic-cylinders.net\/wp-content\/uploads\/2025\/01\/songte-cylinder-head-with-all-kinds-excavator-models.webp\" alt=\"Obraz cylindra wiadra\"><\/p>\n<h2>Zastosowanie<\/h2>\n<p>Si\u0142owniki czerpakowe s\u0105 szeroko stosowane w r\u00f3\u017cnych maszynach budowlanych i rolniczych w celu poprawy wydajno\u015bci pracy i zmniejszenia jej pracoch\u0142onno\u015bci. Oto kilka typowych zastosowa\u0144:<\/p>\n<h3>Sprz\u0119t budowlany<\/h3>\n<p>W koparkach s\u0105 one niezb\u0119dne do kopania, za\u0142adunku i przemieszczania gleby lub gruzu. W koparko-\u0142adowarkach si\u0142ownik \u0142y\u017cki pomaga zar\u00f3wno w wykopywaniu, jak i podnoszeniu. W \u0142adowarkach czo\u0142owych wspomagaj\u0105 efektywne podnoszenie i wysypywanie \u0142adunku.<\/p>\n<h3>Maszyny rolnicze<\/h3>\n<p>Stosowany w \u0142adowarkach czo\u0142owych do podnoszenia, zbierania i transportu ziemi, siana i innych materia\u0142\u00f3w.<\/p>\n<h3>Koparki<\/h3>\n<p>Cylinder czerpakowy umo\u017cliwia wykopywanie poprzez umo\u017cliwienie czerpakowi zag\u0142\u0119biania si\u0119 w gleb\u0119.<\/p>\n<h3>Sprz\u0119t do \u0142adowania<\/h3>\n<p>W \u0142adowarkach czo\u0142owych pomagaj\u0105 skutecznie podnosi\u0107 i przechyla\u0107 \u0142adunek.<\/p>\n<p><img decoding=\"async\" src=\"https:\/\/www.hydraulic-cylinders.net\/wp-content\/uploads\/2025\/01\/songte-bushings-with-all-kinds-of-excavator-models.webp\" alt=\"Obraz cylindra wiadra\"><\/p>\n<h2>Zagadnienia projektowe i kryteria wyboru<\/h2>\n<h3>Rozwa\u017cania projektowe<\/h3>\n<ul>\n<li>No\u015bno\u015b\u0107: Mo\u017cliwo\u015b\u0107 wytrzymywania du\u017cego ci\u015bnienia i du\u017cych obci\u0105\u017ce\u0144, przystosowanie do trudnych warunk\u00f3w pracy.<\/li>\n<li>Wydajno\u015b\u0107 uszczelnienia: stosowanie r\u00f3\u017cnych element\u00f3w uszczelniaj\u0105cych, takich jak uszczelnienia t\u0142ok\u00f3w, uszczelnienia t\u0142oczysk itp., dob\u00f3r materia\u0142\u00f3w odpornych na zu\u017cycie, takich jak poliuretan, kauczuk nitrylowy itp., dok\u0142adna obr\u00f3bka korpus\u00f3w cylindr\u00f3w i powierzchni gwintowanych w celu zwi\u0119kszenia odporno\u015bci na zu\u017cycie.<\/li>\n<li>Trwa\u0142o\u015b\u0107: Zaprojektowane z my\u015bl\u0105 o odporno\u015bci na zu\u017cycie i korozj\u0119, co wyd\u0142u\u017ca \u017cywotno\u015b\u0107.<\/li>\n<li>Bezpiecze\u0144stwo: Zapewnienie niezawodno\u015bci produktu podczas pracy oraz bezpiecze\u0144stwa i ochrony operatora.<\/li>\n<li>\u0141atwo\u015b\u0107 konserwacji: Produkt powinien by\u0107 \u0142atwy w konserwacji i naprawie, ze szczeg\u00f3\u0142owym wskazaniem cyklu konserwacji i \u015brodk\u00f3w ostro\u017cno\u015bci.<\/li>\n<\/ul>\n<p><img decoding=\"async\" src=\"https:\/\/www.hydraulic-cylinders.net\/wp-content\/uploads\/2025\/01\/songte-oil-pipes-and-spare-parts.webp\" alt=\"Obraz cylindra wiadra\"><\/p>\n<h3>Uszczelnianie i smarowanie<\/h3>\n<ul>\n<li>Zastosowanie r\u00f3\u017cnorodnych element\u00f3w uszczelniaj\u0105cych, takich jak uszczelnienia t\u0142ok\u00f3w, uszczelnienia t\u0142oczysk itp.<\/li>\n<li>Wyb\u00f3r materia\u0142\u00f3w odpornych na zu\u017cycie, takich jak poliuretan, kauczuk nitrylowy itp.<\/li>\n<li>Dok\u0142adna obr\u00f3bka korpus\u00f3w cylindr\u00f3w i powierzchni gwintowanych w celu zwi\u0119kszenia odporno\u015bci na zu\u017cycie.<\/li>\n<li>Regularne uzupe\u0142nianie odpowiedniego oleju hydraulicznego w celu smarowania.<\/li>\n<\/ul>\n<h3>Konserwacja i naprawa<\/h3>\n<ul>\n<li>Regularne kontrole maj\u0105ce na celu sprawdzenie stopnia zu\u017cycia, uszkodze\u0144 i przeciek\u00f3w.<\/li>\n<li>Regularne smarowanie zapewnia prawid\u0142ow\u0105 prac\u0119 cylindra.<\/li>\n<li>Regularna wymiana uszczelek i innych zu\u017cytych cz\u0119\u015bci.<\/li>\n<li>U\u017cycie odpowiednich wspornik\u00f3w monta\u017cowych w celu zamocowania cylindra na miejscu.<\/li>\n<li>Zalecane procedury kontroli, naprawy i wymiany.<\/li>\n<li>Dostarczanie cz\u0119\u015bci zamiennych i us\u0142ug regeneracji.<\/li>\n<\/ul>\n<h2>Zagadnienia bezpiecze\u0144stwa i czynniki \u015brodowiskowe<\/h2>\n<p>Podczas u\u017cytkowania cylindra czerpakowego wa\u017cne jest przestrzeganie procedur bezpiecze\u0144stwa, aby zapobiec wypadkom i obra\u017ceniom. Nale\u017cy r\u00f3wnie\u017c uwzgl\u0119dni\u0107 czynniki \u015brodowiskowe, takie jak ha\u0142as, wibracje i zanieczyszczenie.<\/p>\n<h2>Rozwi\u0105zywanie problem\u00f3w i typowe problemy<\/h2>\n<p>Do typowych problem\u00f3w z si\u0142ownikami czerpakowymi nale\u017c\u0105 zu\u017cycie, uszkodzenia, nieszczelno\u015bci i awarie. Aby zdiagnozowa\u0107 i rozwi\u0105za\u0107 te problemy, wa\u017cne jest przestrzeganie odpowiednich procedur i wytycznych.<\/p>\n<h2>Wprowadzenie do firmy<\/h2>\n<p>Nasza firma jest producentem zamiennych cylindr\u00f3w hydraulicznych, oferuj\u0105cym pe\u0142n\u0105 gam\u0119 produkt\u00f3w, staj\u0105c si\u0119 jednym z wiod\u0105cych producent\u00f3w i hurtowych dystrybutor\u00f3w cylindr\u00f3w hydraulicznych na rynku krajowym i mi\u0119dzynarodowym. Kierujemy si\u0119 strategi\u0105 zarz\u0105dzania produkcj\u0105 przemys\u0142ow\u0105, opieraj\u0105c si\u0119 na doskona\u0142ej jako\u015bci, wykorzystuj\u0105c talent technologiczny, cyfrowy sprz\u0119t produkcyjny wysokiej klasy oraz profesjonalne systemy testowe, aby stale ulepsza\u0107 platform\u0119 produkcyjn\u0105 warsztatu, podnosi\u0107 jako\u015b\u0107 produkt\u00f3w na linii produkcyjnej oraz rozwija\u0107 kreatywno\u015b\u0107. Spe\u0142niamy zr\u00f3\u017cnicowane potrzeby klient\u00f3w, kieruj\u0105c si\u0119 zasadami wysokiej wydajno\u015bci, precyzji i jako\u015bci.<\/p>\n<p>Nasza firma nieustannie si\u0119 doskonali i rozwija pod wzgl\u0119dem profesjonalizmu, mi\u0119dzynarodowych certyfikat\u00f3w, us\u0142ug niestandardowych, sprz\u0119tu produkcyjnego i obs\u0142ugi posprzeda\u017cowej.<\/p>\n<p><img decoding=\"async\" src=\"https:\/\/hzpt.com\/wp-content\/uploads\/2024\/11\/songte-company-1.webp\" alt=\"Obraz cylindra wiadra\"><\/p>\n<p>Autor: lyl<\/p>","protected":false},"excerpt":{"rendered":"<p>Bucket Cylinder For Volwa Small Excavator DLS880-9B Introduction Defining the product A bucket cylinder is a specially designed hydraulic cylinder used to control the movement of the bucket in heavy machinery such as excavators, backhoe loaders, and front-end loaders. Its main function is to allow the bucket to be lifted, lowered, and tilted, making it [&hellip;]<\/p>","protected":false},"featured_media":14785,"comment_status":"open","ping_status":"closed","template":"","meta":{"_et_pb_use_builder":"","_et_pb_old_content":"","_et_gb_content_width":""},"product_brand":[],"product_cat":[1494],"product_tag":[1495,1496],"class_list":{"0":"post-15885","1":"product","2":"type-product","3":"status-publish","4":"has-post-thumbnail","6":"product_cat-bucket-cylinders","7":"product_tag-bucket-cylinders","8":"product_tag-hydraulic-cylinders","10":"first","11":"instock","12":"shipping-taxable","13":"product-type-simple"},"amp_enabled":true,"_links":{"self":[{"href":"https:\/\/www.hydraulic-cylinders.net\/pl\/wp-json\/wp\/v2\/product\/15885","targetHints":{"allow":["GET"]}}],"collection":[{"href":"https:\/\/www.hydraulic-cylinders.net\/pl\/wp-json\/wp\/v2\/product"}],"about":[{"href":"https:\/\/www.hydraulic-cylinders.net\/pl\/wp-json\/wp\/v2\/types\/product"}],"replies":[{"embeddable":true,"href":"https:\/\/www.hydraulic-cylinders.net\/pl\/wp-json\/wp\/v2\/comments?post=15885"}],"wp:featuredmedia":[{"embeddable":true,"href":"https:\/\/www.hydraulic-cylinders.net\/pl\/wp-json\/wp\/v2\/media\/14785"}],"wp:attachment":[{"href":"https:\/\/www.hydraulic-cylinders.net\/pl\/wp-json\/wp\/v2\/media?parent=15885"}],"wp:term":[{"taxonomy":"product_brand","embeddable":true,"href":"https:\/\/www.hydraulic-cylinders.net\/pl\/wp-json\/wp\/v2\/product_brand?post=15885"},{"taxonomy":"product_cat","embeddable":true,"href":"https:\/\/www.hydraulic-cylinders.net\/pl\/wp-json\/wp\/v2\/product_cat?post=15885"},{"taxonomy":"product_tag","embeddable":true,"href":"https:\/\/www.hydraulic-cylinders.net\/pl\/wp-json\/wp\/v2\/product_tag?post=15885"}],"curies":[{"name":"wp","href":"https:\/\/api.w.org\/{rel}","templated":true}]}}