{"id":15888,"date":"2025-01-19T15:07:28","date_gmt":"2025-01-19T15:07:28","guid":{"rendered":"https:\/\/www.hydraulic-cylinders.net\/product\/bucket-cylinder-for-volwa-middle-excavator-dls260\/"},"modified":"2025-01-19T15:07:30","modified_gmt":"2025-01-19T15:07:30","slug":"bucket-cylinder-for-volwa-middle-excavator-dls260","status":"publish","type":"product","link":"https:\/\/www.hydraulic-cylinders.net\/pl\/produkt\/bucket-cylinder-for-volwa-middle-excavator-dls260\/","title":{"rendered":"Si\u0142ownik \u0142y\u017cki do koparki \u015bredniej Volwa DLS260"},"content":{"rendered":"<h1>Si\u0142ownik \u0142y\u017cki do koparki \u015bredniej Volwa DLS260<\/h1>\n<h2>Wst\u0119p<\/h2>\n<p>Si\u0142ownik \u0142y\u017cki, znany r\u00f3wnie\u017c jako si\u0142ownik koparki, to specjalnie zaprojektowany si\u0142ownik hydrauliczny, u\u017cywany g\u0142\u00f3wnie do sterowania ruchem \u0142y\u017cki w ci\u0119\u017ckich maszynach, takich jak koparki, koparko-\u0142adowarki i \u0142adowarki czo\u0142owe. Jego g\u0142\u00f3wn\u0105 funkcj\u0105 jest podnoszenie, opuszczanie i przechylanie \u0142y\u017cki, u\u0142atwiaj\u0105c wykonywanie r\u00f3\u017cnych zada\u0144 zwi\u0105zanych z prze\u0142adunkiem materia\u0142\u00f3w. W uk\u0142adzie hydraulicznym si\u0142ownik \u0142y\u017cki zapewnia precyzyjn\u0105 kontrol\u0119 ruchu \u0142y\u017cki poprzez zmian\u0119 ci\u015bnienia oleju hydraulicznego, umo\u017cliwiaj\u0105c operatorom wydajne przenoszenie ci\u0119\u017ckich \u0142adunk\u00f3w w z\u0142o\u017conych warunkach pracy i przy zr\u00f3\u017cnicowanych wymaganiach operacyjnych.<\/p>\n<p><img decoding=\"async\" src=\"https:\/\/www.hydraulic-cylinders.net\/wp-content\/uploads\/2025\/01\/songte-company-2.webp\"><\/p>\n<h2>Cechy<\/h2>\n<ul>\n<li>Wysoka wytrzyma\u0142o\u015b\u0107 i trwa\u0142o\u015b\u0107: Cylinder \u0142y\u017cki, zazwyczaj wykonany z wytrzyma\u0142ej stali lub aluminium, wytrzymuje wysokie ci\u015bnienie i du\u017ce obci\u0105\u017cenia, jest przystosowany do trudnych warunk\u00f3w pracy. Zosta\u0142 zaprojektowany z my\u015bl\u0105 o odporno\u015bci na zu\u017cycie i korozj\u0119, co wyd\u0142u\u017ca jego \u017cywotno\u015b\u0107.<\/li>\n<li>Wydajna praca uk\u0142adu hydraulicznego: Wykorzystuj\u0105c ci\u015bnienie oleju hydraulicznego do uzyskania p\u0142ynnego ruchu rozszerzania i kurczenia, uk\u0142ad mo\u017ce szybko reagowa\u0107 na polecenia steruj\u0105ce, zapewnia\u0107 du\u017ce si\u0142y pchania i ci\u0105gni\u0119cia oraz nadaje si\u0119 do obs\u0142ugi du\u017cych obci\u0105\u017ce\u0144 i skomplikowanych zada\u0144 operacyjnych.<\/li>\n<li>R\u00f3\u017cnorodne typy: Si\u0142owniki jednostronnego dzia\u0142ania (hydrauliczne tylko w jednym kierunku) lub dwustronnego dzia\u0142ania (hydrauliczne w obu kierunkach) mo\u017cna dobra\u0107 w zale\u017cno\u015bci od potrzeb operacyjnych. Niekt\u00f3re modele s\u0105 teleskopowe, co pozwala na wi\u0119ksze wysuni\u0119cie bez zwi\u0119kszania wymiar\u00f3w zewn\u0119trznych, dzi\u0119ki czemu nadaj\u0105 si\u0119 do zastosowa\u0144 w ograniczonej przestrzeni.<\/li>\n<li>\u0141atwe w monta\u017cu i konserwacji: Nasze produkty mog\u0105 z powodzeniem zast\u0105pi\u0107 te cylindry. Oferujemy cz\u0119\u015bci zamienne i us\u0142ugi regeneracji, aby wyd\u0142u\u017cy\u0107 \u017cywotno\u015b\u0107 Twojego sprz\u0119tu.<\/li>\n<\/ul>\n<p><img decoding=\"async\" src=\"https:\/\/www.hydraulic-cylinders.net\/wp-content\/uploads\/2025\/01\/songte-cylinder-head-with-all-kinds-excavator-models.webp\"><\/p>\n<h2>Aplikacje<\/h2>\n<p>Cylinder kube\u0142kowy ma szeroki zakres zastosowa\u0144, w tym:<\/p>\n<ul>\n<li>Sprz\u0119t budowlany: W koparkach s\u0105 one niezb\u0119dne do wykop\u00f3w, za\u0142adunku i przemieszczania gleby lub gruzu. W koparko-\u0142adowarkach si\u0142ownik \u0142y\u017cki pomaga zar\u00f3wno w wykopach, jak i podnoszeniu. <\/li>\n<li>Maszyny rolnicze: U\u017cywane do \u0142adowarek czo\u0142owych, do zbierania, podnoszenia i transportu gleby, siana i innych materia\u0142\u00f3w. W koparkach si\u0142ownik \u0142y\u017cki umo\u017cliwia jej penetracj\u0119 w gleb\u0119 w celu wykonania kopania. <\/li>\n<li>\u0141adowarka: W \u0142adowarkach czo\u0142owych pomagaj\u0105 w podnoszeniu i przechylaniu, dzi\u0119ki czemu s\u0105 skuteczne przy roz\u0142adunku \u0142adunku. <\/li>\n<\/ul>\n<h2>Zagadnienia projektowe i kryteria wyboru<\/h2>\n<ul>\n<li>No\u015bno\u015b\u0107: Cylindry kube\u0142kowe s\u0105 projektowane tak, aby wytrzymywa\u0107 du\u017ce obci\u0105\u017cenia i wysokie ci\u015bnienie, dlatego ich no\u015bno\u015b\u0107 ma zasadnicze znaczenie dla ich wydajno\u015bci. <\/li>\n<li>Skuteczno\u015b\u0107 uszczelnienia: Aby zapobiec wyciekom p\u0142ynu hydraulicznego i zagwarantowa\u0107 p\u0142ynn\u0105 prac\u0119 uk\u0142adu hydraulicznego, w cylindrze zastosowano r\u00f3\u017cne elementy uszczelniaj\u0105ce, takie jak uszczelki t\u0142okowe, uszczelki t\u0142oczyskowe i wycieraczki. <\/li>\n<li>Trwa\u0142o\u015b\u0107: Cylindry czerpakowe s\u0105 nara\u017cone na trudne warunki i materia\u0142y \u015bcierne, dlatego musz\u0105 by\u0107 wykonane z trwa\u0142ych i odpornych na korozj\u0119 materia\u0142\u00f3w. <\/li>\n<li>Bezpiecze\u0144stwo: Wzgl\u0119dy bezpiecze\u0144stwa s\u0105 kluczowe dla zapewnienia bezpiecznej obs\u0142ugi cylindr\u00f3w czerpakowych. Powinny by\u0107 one wyposa\u017cone w zawory bezpiecze\u0144stwa i inne urz\u0105dzenia zabezpieczaj\u0105ce, aby zapobiec wypadkom. <\/li>\n<li>Konserwacja: Regularna konserwacja jest niezb\u0119dna dla zapewnienia d\u0142ugowieczno\u015bci si\u0142ownik\u00f3w czerpakowych. Wymagania konserwacyjne obejmuj\u0105 regularne kontrole, odpowiednie smarowanie oraz wymian\u0119 zu\u017cytych lub uszkodzonych cz\u0119\u015bci.<\/li>\n<\/ul>\n<p><img decoding=\"async\" src=\"https:\/\/www.hydraulic-cylinders.net\/wp-content\/uploads\/2025\/01\/songte-oil-pipes-and-spare-parts.webp\"><\/p>\n<h2>Uszczelnianie i smarowanie<\/h2>\n<p>W si\u0142ownikach kube\u0142kowych zastosowano r\u00f3\u017cne elementy uszczelniaj\u0105ce, takie jak uszczelnienia t\u0142oka i t\u0142oczyska, aby zapobiec wyciekom p\u0142ynu hydraulicznego. Uszczelnienia wykonane s\u0105 z materia\u0142\u00f3w odpornych na zu\u017cycie, takich jak poliuretan i kauczuk nitrylowy. Korpus si\u0142ownika i gwintowana powierzchnia ko\u0144cowa s\u0105 precyzyjnie obrobione, aby zwi\u0119kszy\u0107 odporno\u015b\u0107 na zu\u017cycie. Regularne smarowanie odpowiednim olejem hydraulicznym jest niezb\u0119dne dla zapewnienia p\u0142ynnej pracy uk\u0142adu hydraulicznego i wyd\u0142u\u017cenia \u017cywotno\u015bci si\u0142ownika.<\/p>\n<h2>Konserwacja i naprawa<\/h2>\n<p>Aby zapewni\u0107 d\u0142ugowieczno\u015b\u0107 si\u0142ownik\u00f3w kube\u0142kowych, niezb\u0119dna jest regularna konserwacja i naprawy. Typowe czynno\u015bci konserwacyjne obejmuj\u0105 regularne kontrole, odpowiednie smarowanie oraz wymian\u0119 zu\u017cytych lub uszkodzonych cz\u0119\u015bci. Wa\u017cne jest prawid\u0142owe ustawienie si\u0142ownika podczas monta\u017cu, u\u017cycie odpowiednich wspornik\u00f3w monta\u017cowych do zabezpieczenia si\u0142ownika oraz przestrzeganie zalecanych procedur kontroli, naprawy i wymiany.<\/p>\n<p><img decoding=\"async\" src=\"https:\/\/www.hydraulic-cylinders.net\/wp-content\/uploads\/2025\/01\/songte-chushion-collar.webp\"><\/p>\n<h2>Bezpiecze\u0144stwo i wzgl\u0119dy \u015brodowiskowe<\/h2>\n<p>Cylindry kube\u0142kowe powinny by\u0107 projektowane i instalowane z uwzgl\u0119dnieniem kwestii bezpiecze\u0144stwa. Zawory bezpiecze\u0144stwa powinny by\u0107 zainstalowane, aby zapobiec wypadkom. Prawid\u0142owa utylizacja zu\u017cytych cz\u0119\u015bci jest niezb\u0119dna, aby unikn\u0105\u0107 szk\u00f3d dla \u015brodowiska.<\/p>\n<h2>Typowe problemy i rozwi\u0105zywanie problem\u00f3w<\/h2>\n<p>Do typowych problem\u00f3w z si\u0142ownikami kube\u0142kowymi nale\u017c\u0105 nieszczelno\u015bci, uszkodzenia uszczelnie\u0144 i niewsp\u00f3\u0142osiowo\u015b\u0107. Rozwi\u0105zywanie problem\u00f3w mo\u017cna przeprowadzi\u0107 poprzez kontrol\u0119 uszczelnie\u0144 si\u0142ownika, sprawdzenie prawid\u0142owego wyr\u00f3wnania i zapewnienie prawid\u0142owego smarowania. Regularna konserwacja i wymiana zu\u017cytych lub uszkodzonych cz\u0119\u015bci mo\u017ce zapobiec potencjalnym problemom.<\/p>\n<p><img decoding=\"async\" src=\"https:\/\/www.hydraulic-cylinders.net\/wp-content\/uploads\/2025\/01\/songte-bushings-with-all-kinds-of-excavator-models.webp\"><\/p>\n<h2>O naszej firmie<\/h2>\n<p>Jeste\u015bmy producentem cylindr\u00f3w hydraulicznych oferuj\u0105cym pe\u0142n\u0105 gam\u0119 produkt\u00f3w, co czyni nas jednym z wiod\u0105cych producent\u00f3w i hurtowych dystrybutor\u00f3w cylindr\u00f3w hydraulicznych na rynku krajowym i mi\u0119dzynarodowym. Kierujemy si\u0119 zasad\u0105 doskona\u0142ej jako\u015bci i opieramy si\u0119 na strategii zarz\u0105dzania produkcj\u0105 przemys\u0142ow\u0105, kt\u00f3r\u0105 zapewniaj\u0105 nasze wyspecjalizowane warsztaty produkcyjne. Stale udoskonalamy nasz\u0105 platform\u0119 produkcyjn\u0105, podnosimy jako\u015b\u0107 naszych produkt\u00f3w i dysponujemy du\u017cym potencja\u0142em kreatywnym, aby sprosta\u0107 zr\u00f3\u017cnicowanym potrzebom naszych klient\u00f3w. Oferujemy r\u00f3wnie\u017c profesjonalne us\u0142ugi personalizacji, a nasze urz\u0105dzenia produkcyjne i systemy testowe spe\u0142niaj\u0105 mi\u0119dzynarodowe standardy certyfikacji. Posiadamy silny zesp\u00f3\u0142 obs\u0142ugi posprzeda\u017cowej, kt\u00f3ry zapewnia naszym klientom terminowe i skuteczne wsparcie techniczne.<\/p>\n<p><img decoding=\"async\" src=\"https:\/\/hzpt.com\/wp-content\/uploads\/2024\/11\/songte-company-1.webp\"><\/p>\n<p>Autor: lyl<\/p>","protected":false},"excerpt":{"rendered":"<p>Bucket Cylinder For Volwa Middle Excavator DLS260 Introduction The bucket cylinder, also known as the digger cylinder, is a specially designed hydraulic cylinder primarily used to control the movement of the bucket in heavy machinery such as excavators, backhoe loaders, and front-end loaders. Its main function is to enable the bucket to lift, lower, and [&hellip;]<\/p>","protected":false},"featured_media":14780,"comment_status":"open","ping_status":"closed","template":"","meta":{"_et_pb_use_builder":"","_et_pb_old_content":"","_et_gb_content_width":""},"product_brand":[],"product_cat":[1494],"product_tag":[1495,1496],"class_list":{"0":"post-15888","1":"product","2":"type-product","3":"status-publish","4":"has-post-thumbnail","6":"product_cat-bucket-cylinders","7":"product_tag-bucket-cylinders","8":"product_tag-hydraulic-cylinders","10":"first","11":"instock","12":"shipping-taxable","13":"product-type-simple"},"amp_enabled":true,"_links":{"self":[{"href":"https:\/\/www.hydraulic-cylinders.net\/pl\/wp-json\/wp\/v2\/product\/15888","targetHints":{"allow":["GET"]}}],"collection":[{"href":"https:\/\/www.hydraulic-cylinders.net\/pl\/wp-json\/wp\/v2\/product"}],"about":[{"href":"https:\/\/www.hydraulic-cylinders.net\/pl\/wp-json\/wp\/v2\/types\/product"}],"replies":[{"embeddable":true,"href":"https:\/\/www.hydraulic-cylinders.net\/pl\/wp-json\/wp\/v2\/comments?post=15888"}],"wp:featuredmedia":[{"embeddable":true,"href":"https:\/\/www.hydraulic-cylinders.net\/pl\/wp-json\/wp\/v2\/media\/14780"}],"wp:attachment":[{"href":"https:\/\/www.hydraulic-cylinders.net\/pl\/wp-json\/wp\/v2\/media?parent=15888"}],"wp:term":[{"taxonomy":"product_brand","embeddable":true,"href":"https:\/\/www.hydraulic-cylinders.net\/pl\/wp-json\/wp\/v2\/product_brand?post=15888"},{"taxonomy":"product_cat","embeddable":true,"href":"https:\/\/www.hydraulic-cylinders.net\/pl\/wp-json\/wp\/v2\/product_cat?post=15888"},{"taxonomy":"product_tag","embeddable":true,"href":"https:\/\/www.hydraulic-cylinders.net\/pl\/wp-json\/wp\/v2\/product_tag?post=15888"}],"curies":[{"name":"wp","href":"https:\/\/api.w.org\/{rel}","templated":true}]}}