{"id":15891,"date":"2025-01-19T15:07:40","date_gmt":"2025-01-19T15:07:40","guid":{"rendered":"https:\/\/www.hydraulic-cylinders.net\/product\/bucket-cylinder-for-volwa-middle-excavator-dls270-8b\/"},"modified":"2025-01-19T15:07:42","modified_gmt":"2025-01-19T15:07:42","slug":"bucket-cylinder-for-volwa-middle-excavator-dls270-8b","status":"publish","type":"product","link":"https:\/\/www.hydraulic-cylinders.net\/pl\/produkt\/bucket-cylinder-for-volwa-middle-excavator-dls270-8b\/","title":{"rendered":"Si\u0142ownik \u0142y\u017cki do koparki \u015bredniej Volwa DLS270-8B"},"content":{"rendered":"<p><!DOCTYPE html><br \/>\n<html><br \/>\n<head><br \/>\n<title>Si\u0142ownik \u0142y\u017cki do koparki \u015bredniej Volwa DLS270-8B<\/title><br \/>\n<\/head><br \/>\n<body><\/p>\n<h1>Si\u0142ownik \u0142y\u017cki do koparki \u015bredniej Volwa DLS270-8B<\/h1>\n<h2>Wst\u0119p<\/h2>\n<p>Si\u0142ownik \u0142y\u017cki to specjalnie zaprojektowany si\u0142ownik hydrauliczny s\u0142u\u017c\u0105cy do sterowania ruchem \u0142y\u017cki w ci\u0119\u017ckich maszynach, takich jak koparki, koparko-\u0142adowarki i \u0142adowarki czo\u0142owe. Jego g\u0142\u00f3wn\u0105 funkcj\u0105 jest podnoszenie, opuszczanie i przechylanie \u0142y\u017cki, u\u0142atwiaj\u0105c r\u00f3\u017cnorodne zadania zwi\u0105zane z prze\u0142adunkiem materia\u0142\u00f3w. W uk\u0142adzie hydraulicznym si\u0142ownik \u0142y\u017cki zapewnia precyzyjn\u0105 kontrol\u0119 nad \u0142y\u017ck\u0105, wykorzystuj\u0105c zmian\u0119 ci\u015bnienia oleju hydraulicznego, umo\u017cliwiaj\u0105c operatorom wydajne podnoszenie ci\u0119\u017ckich \u0142adunk\u00f3w i dostosowywanie si\u0119 do z\u0142o\u017conych warunk\u00f3w pracy oraz zr\u00f3\u017cnicowanych potrzeb operacyjnych.<\/p>\n<p><img decoding=\"async\" src=\"https:\/\/www.hydraulic-cylinders.net\/wp-content\/uploads\/2025\/01\/songte-company-2.webp\" alt=\"Obraz cylindra wiadra\"><\/p>\n<h2>Cechy<\/h2>\n<ul>\n<li><strong>Wysoka wytrzyma\u0142o\u015b\u0107 i trwa\u0142o\u015b\u0107:<\/strong> Zazwyczaj wykonany z wysokowytrzyma\u0142ej stali lub aluminium, si\u0142ownik \u0142y\u017cki wytrzymuje wysokie ci\u015bnienie i du\u017ce obci\u0105\u017cenia, dostosowuj\u0105c si\u0119 do trudnych warunk\u00f3w pracy. Jego konstrukcja uwzgl\u0119dnia odporno\u015b\u0107 na zu\u017cycie i korozj\u0119, co wyd\u0142u\u017ca jego \u017cywotno\u015b\u0107.<\/li>\n<li><strong>Wydajna praca uk\u0142adu hydraulicznego:<\/strong> Dzi\u0119ki wykorzystaniu ci\u015bnienia oleju hydraulicznego si\u0142ownik \u0142y\u017cki zapewnia p\u0142ynne wysuwanie i wsuwanie, umo\u017cliwiaj\u0105c szybk\u0105 reakcj\u0119 na polecenia steruj\u0105ce i zapewniaj\u0105c du\u017c\u0105 si\u0142\u0119 pchania i ci\u0105gni\u0119cia, odpowiedni\u0105 do podnoszenia ci\u0119\u017ckich \u0142adunk\u00f3w i wykonywania skomplikowanych zada\u0144.<\/li>\n<li><strong>R\u00f3\u017cne typy:<\/strong> Si\u0142ownik czerpakowy mo\u017ce by\u0107 jednostronnego dzia\u0142ania (ci\u015bnienie hydrauliczne dzia\u0142a tylko w jednym kierunku) lub dwustronnego dzia\u0142ania (ci\u015bnienie hydrauliczne dzia\u0142a w obu kierunkach) w zale\u017cno\u015bci od konkretnych wymaga\u0144 operacyjnych. Niekt\u00f3re modele s\u0105 teleskopowe, co pozwala na wi\u0119ksze wysuni\u0119cie bez zwi\u0119kszania wymiar\u00f3w zewn\u0119trznych, co jest idealne w zastosowaniach o ograniczonej przestrzeni.<\/li>\n<li><strong>Idealny zamiennik:<\/strong> Nasze produkty mog\u0105 doskonale zast\u0105pi\u0107 te si\u0142owniki hydrauliczne.<\/li>\n<\/ul>\n<p><img decoding=\"async\" src=\"https:\/\/www.hydraulic-cylinders.net\/wp-content\/uploads\/2025\/01\/songte-cylinder-head-with-all-kinds-excavator-models.webp\" alt=\"Obraz wymiany cylindra \u0142y\u017cki\"><\/p>\n<h2>Aplikacje<\/h2>\n<ul>\n<li><strong>Sprz\u0119t budowlany:<\/strong> Si\u0142owniki \u0142y\u017cki s\u0105 niezb\u0119dne w koparkach do kopania, za\u0142adunku i przemieszczania gleby lub gruzu. W koparko-\u0142adowarkach si\u0142ownik \u0142y\u017cki wspomaga zar\u00f3wno kopanie, jak i podnoszenie.<\/li>\n<li><strong>Maszyny rolnicze:<\/strong> Stosowany w \u0142adowarkach czo\u0142owych do nabierania, podnoszenia i transportu ziemi, siana i innych materia\u0142\u00f3w.<\/li>\n<li><strong>Koparki:<\/strong> Cylinder \u0142y\u017cki umo\u017cliwia wykopy poprzez umo\u017cliwienie zag\u0142\u0119biania si\u0119 \u0142y\u017cki w gleb\u0119.<\/li>\n<li><strong>\u0141adowarki czo\u0142owe:<\/strong> W \u0142adowarkach czo\u0142owych pomagaj\u0105 w efektywnym podnoszeniu i przechylaniu \u0142adunk\u00f3w.<\/li>\n<\/ul>\n<h2>Zagadnienia projektowe i kryteria wyboru<\/h2>\n<p>Przy projektowaniu istotne znaczenie maj\u0105 takie czynniki jak no\u015bno\u015b\u0107, uszczelnienie, trwa\u0142o\u015b\u0107, bezpiecze\u0144stwo i \u0142atwo\u015b\u0107 konserwacji.<\/p>\n<p><img decoding=\"async\" src=\"https:\/\/www.hydraulic-cylinders.net\/wp-content\/uploads\/2025\/01\/songte-oil-pipes-and-spare-parts.webp\" alt=\"Rozwa\u017cania dotycz\u0105ce projektowania cylindr\u00f3w hydraulicznych Obraz\"><\/p>\n<h2>Uszczelnianie i smarowanie<\/h2>\n<p>Si\u0142ownik czerpakowy wyposa\u017cony jest w r\u00f3\u017cnego rodzaju uszczelnienia, takie jak uszczelnienia t\u0142oka i t\u0142oczyska, wykonane z materia\u0142\u00f3w odpornych na zu\u017cycie, takich jak poliuretan i kauczuk nitrylowy. Korpus cylindra i gwintowane powierzchnie ko\u0144cowe s\u0105 precyzyjnie obrobione w celu zwi\u0119kszenia odporno\u015bci na zu\u017cycie. Konieczne jest regularne smarowanie odpowiedni\u0105 ilo\u015bci\u0105 oleju hydraulicznego.<\/p>\n<h2>Inspekcja i konserwacja zapobiegawcza<\/h2>\n<ul>\n<li>Regularnie sprawdzaj cylinder pod k\u0105tem ewentualnych wyciek\u00f3w, uszkodze\u0144 lub zu\u017cycia.<\/li>\n<li>Zapewnij odpowiednie smarowanie wszystkich ruchomych cz\u0119\u015bci.<\/li>\n<li>W razie potrzeby wymie\u0144 uszczelki i inne zu\u017cyte elementy.<\/li>\n<\/ul>\n<p><img decoding=\"async\" src=\"https:\/\/www.hydraulic-cylinders.net\/wp-content\/uploads\/2025\/01\/songte-chushion-collar.webp\" alt=\"Obraz inspekcyjny si\u0142ownika hydraulicznego\"><\/p>\n<h2>Zagadnienia bezpiecze\u0144stwa i czynniki \u015brodowiskowe<\/h2>\n<p>Zapewnienie \u015brodk\u00f3w bezpiecze\u0144stwa podczas u\u017cytkowania cylindra czerpakowego jest kluczowe dla zapobiegania wypadkom i obra\u017ceniom. Prawid\u0142owa obs\u0142uga, konserwacja i przestrzeganie wytycznych bezpiecze\u0144stwa s\u0105 kluczowe.<\/p>\n<p><img decoding=\"async\" src=\"https:\/\/www.hydraulic-cylinders.net\/wp-content\/uploads\/2025\/01\/songte-bushings-with-all-kinds-of-excavator-models.webp\" alt=\"Obraz bezpiecze\u0144stwa cylindra \u0142y\u017cki\"><\/p>\n<h2>Rozwi\u0105zywanie problem\u00f3w i typowe problemy<\/h2>\n<p>Prawid\u0142owe rozwi\u0105zywanie problem\u00f3w i szybkie rozwi\u0105zywanie typowych problem\u00f3w s\u0105 kluczowe dla utrzymania optymalnej wydajno\u015bci. Regularne przegl\u0105dy, \u015brodki zapobiegawcze i skuteczne techniki rozwi\u0105zywania problem\u00f3w pomagaj\u0105 w diagnozowaniu i rozwi\u0105zywaniu problem\u00f3w.<\/p>\n<h2>Nasza firma<\/h2>\n<p>Jeste\u015bmy producentem zamiennych cylindr\u00f3w hydraulicznych, oferuj\u0105cym szerok\u0105 gam\u0119 produkt\u00f3w. Jeste\u015bmy jednym z wiod\u0105cych producent\u00f3w i hurtowych dystrybutor\u00f3w cylindr\u00f3w hydraulicznych na rynku krajowym i mi\u0119dzynarodowym. Nasza firma kieruje si\u0119 zasadami doskona\u0142o\u015bci, opieraj\u0105c si\u0119 na zindustrializowanych strategiach zarz\u0105dzania produkcj\u0105 w precyzyjnie dopracowanych warsztatach produkcyjnych. Koncentruj\u0105c si\u0119 na technologicznych talentach, zaawansowanym sprz\u0119cie do produkcji cyfrowej i profesjonalnych systemach testowych, stale ulepszamy nasz\u0105 platform\u0119 produkcyjn\u0105 i procesy produkcyjne pod k\u0105tem jako\u015bci produkt\u00f3w. Dysponujemy silnym potencja\u0142em kreatywnym, zapewniaj\u0105c wydajn\u0105, precyzyjn\u0105 i wysokiej jako\u015bci produkcj\u0119, aby sprosta\u0107 zr\u00f3\u017cnicowanym wymaganiom klient\u00f3w.<\/p>\n<p><img decoding=\"async\" src=\"https:\/\/www.hydraulic-cylinders.net\/wp-content\/uploads\/2025\/01\/songte-company-3.webp\" alt=\"Wizerunek naszej firmy\"><br \/>\n<\/body><br \/>\n<\/html><\/p>","protected":false},"excerpt":{"rendered":"<p>Bucket Cylinder For Volwa Middle Excavator DLS270-8B Bucket Cylinder For Volwa Middle Excavator DLS270-8B Introduction The bucket cylinder is a specially designed hydraulic cylinder used to control the movement of the bucket in heavy machinery such as excavators, backhoe loaders, and front loaders. Its main function is to enable the lifting, lowering, and tilting of [&hellip;]<\/p>","protected":false},"featured_media":14773,"comment_status":"open","ping_status":"closed","template":"","meta":{"_et_pb_use_builder":"","_et_pb_old_content":"","_et_gb_content_width":""},"product_brand":[],"product_cat":[1494],"product_tag":[1495,1496],"class_list":{"0":"post-15891","1":"product","2":"type-product","3":"status-publish","4":"has-post-thumbnail","6":"product_cat-bucket-cylinders","7":"product_tag-bucket-cylinders","8":"product_tag-hydraulic-cylinders","10":"first","11":"instock","12":"shipping-taxable","13":"product-type-simple"},"amp_enabled":true,"_links":{"self":[{"href":"https:\/\/www.hydraulic-cylinders.net\/pl\/wp-json\/wp\/v2\/product\/15891","targetHints":{"allow":["GET"]}}],"collection":[{"href":"https:\/\/www.hydraulic-cylinders.net\/pl\/wp-json\/wp\/v2\/product"}],"about":[{"href":"https:\/\/www.hydraulic-cylinders.net\/pl\/wp-json\/wp\/v2\/types\/product"}],"replies":[{"embeddable":true,"href":"https:\/\/www.hydraulic-cylinders.net\/pl\/wp-json\/wp\/v2\/comments?post=15891"}],"wp:featuredmedia":[{"embeddable":true,"href":"https:\/\/www.hydraulic-cylinders.net\/pl\/wp-json\/wp\/v2\/media\/14773"}],"wp:attachment":[{"href":"https:\/\/www.hydraulic-cylinders.net\/pl\/wp-json\/wp\/v2\/media?parent=15891"}],"wp:term":[{"taxonomy":"product_brand","embeddable":true,"href":"https:\/\/www.hydraulic-cylinders.net\/pl\/wp-json\/wp\/v2\/product_brand?post=15891"},{"taxonomy":"product_cat","embeddable":true,"href":"https:\/\/www.hydraulic-cylinders.net\/pl\/wp-json\/wp\/v2\/product_cat?post=15891"},{"taxonomy":"product_tag","embeddable":true,"href":"https:\/\/www.hydraulic-cylinders.net\/pl\/wp-json\/wp\/v2\/product_tag?post=15891"}],"curies":[{"name":"wp","href":"https:\/\/api.w.org\/{rel}","templated":true}]}}