{"id":15893,"date":"2025-01-19T15:07:50","date_gmt":"2025-01-19T15:07:50","guid":{"rendered":"https:\/\/www.hydraulic-cylinders.net\/product\/bucket-cylinder-for-volwa-large-excavator-dls360-8b\/"},"modified":"2025-01-19T15:07:52","modified_gmt":"2025-01-19T15:07:52","slug":"bucket-cylinder-for-volwa-large-excavator-dls360-8b","status":"publish","type":"product","link":"https:\/\/www.hydraulic-cylinders.net\/pl\/produkt\/bucket-cylinder-for-volwa-large-excavator-dls360-8b\/","title":{"rendered":"Si\u0142ownik \u0142y\u017cki do du\u017cej koparki Volwa DLS360-8B"},"content":{"rendered":"<h1>Si\u0142ownik \u0142y\u017cki do du\u017cej koparki Volwa DLS360-8B<\/h1>\n<h2>Wst\u0119p<\/h2>\n<p>Si\u0142ownik \u0142y\u017cki do koparki Volwa DLS360-8B to specjalnie zaprojektowany si\u0142ownik hydrauliczny s\u0142u\u017c\u0105cy do sterowania ruchem \u0142y\u017cki w ci\u0119\u017ckich maszynach, takich jak koparki, koparko-\u0142adowarki i \u0142adowarki czo\u0142owe. Jego g\u0142\u00f3wn\u0105 funkcj\u0105 jest podnoszenie, opuszczanie i przechylanie \u0142y\u017cki, u\u0142atwiaj\u0105c tym samym r\u00f3\u017cnorodne zadania zwi\u0105zane z prze\u0142adunkiem materia\u0142\u00f3w. W uk\u0142adzie hydraulicznym si\u0142ownik \u0142y\u017cki zapewnia precyzyjn\u0105 kontrol\u0119 nad \u0142y\u017ck\u0105, wykorzystuj\u0105c zmiany ci\u015bnienia oleju hydraulicznego, umo\u017cliwiaj\u0105c operatorom wydajne przenoszenie du\u017cych \u0142adunk\u00f3w i dostosowywanie si\u0119 do z\u0142o\u017conych warunk\u00f3w pracy oraz zr\u00f3\u017cnicowanych wymaga\u0144.<\/p>\n<p><img decoding=\"async\" src=\"https:\/\/www.hydraulic-cylinders.net\/wp-content\/uploads\/2025\/01\/songte-company-2.webp\" alt=\"Obraz cylindra wiadra\"><\/p>\n<h2>Cechy<\/h2>\n<ul>\n<li>Wysoka wytrzyma\u0142o\u015b\u0107 i trwa\u0142o\u015b\u0107: Zazwyczaj wykonane z wysokowytrzyma\u0142ej stali lub aluminium, wytrzymuj\u0105 du\u017ce ci\u015bnienie i du\u017ce obci\u0105\u017cenia, s\u0105 przystosowane do trudnych warunk\u00f3w pracy, a tak\u017ce zaprojektowane z uwzgl\u0119dnieniem odporno\u015bci na zu\u017cycie i korozj\u0119, aby wyd\u0142u\u017cy\u0107 \u017cywotno\u015b\u0107.<\/li>\n<li>Wydajna praca uk\u0142adu hydraulicznego: Wykorzystuj\u0105c ci\u015bnienie oleju hydraulicznego do uzyskania p\u0142ynnych ruch\u00f3w wysuwania i wsuwania, si\u0142ownik \u0142y\u017cki mo\u017ce szybko reagowa\u0107 na polecenia steruj\u0105ce, zapewniaj\u0105c du\u017c\u0105 si\u0142\u0119 pchania i ci\u0105gni\u0119cia, odpowiedni\u0105 do przenoszenia ci\u0119\u017ckich \u0142adunk\u00f3w i wykonywania skomplikowanych zada\u0144.<\/li>\n<li>R\u00f3\u017cne typy: Dost\u0119pne w wersji jednostronnego dzia\u0142ania (ci\u015bnienie hydrauliczne tylko w jednym kierunku) lub dwustronnego dzia\u0142ania (ci\u015bnienie hydrauliczne w obu kierunkach), aby sprosta\u0107 r\u00f3\u017cnym potrzebom operacyjnym. Niekt\u00f3re modele s\u0105 teleskopowe, co pozwala na wi\u0119ksze wysuni\u0119cie bez zwi\u0119kszania wymiar\u00f3w zewn\u0119trznych, i nadaje si\u0119 do zastosowa\u0144 w ograniczonej przestrzeni.<\/li>\n<li>Idealna wymiana: Nasze produkty mog\u0105 idealnie zast\u0105pi\u0107 te cylindry hydrauliczne. <\/li>\n<\/ul>\n<p><img decoding=\"async\" src=\"https:\/\/www.hydraulic-cylinders.net\/wp-content\/uploads\/2025\/01\/songte-cylinder-head-with-all-kinds-excavator-models.webp\" alt=\"Obraz cylindra hydraulicznego\"><\/p>\n<h2>Aplikacje<\/h2>\n<h3>Sprz\u0119t budowlany:<\/h3>\n<p>W koparkach s\u0105 one niezb\u0119dne do kopania, za\u0142adunku i przemieszczania gleby lub gruzu. W koparko-\u0142adowarkach si\u0142ownik \u0142y\u017cki wspomaga zar\u00f3wno kopanie, jak i podnoszenie. <\/p>\n<h3>Maszyny rolnicze:<\/h3>\n<p>Stosowany w \u0142adowarkach czo\u0142owych do nabierania, podnoszenia i transportu ziemi, siana i innych materia\u0142\u00f3w.<\/p>\n<h3>Koparki:<\/h3>\n<p>Cylinder \u0142y\u017cki umo\u017cliwia kopanie poprzez umo\u017cliwienie \u0142y\u017cce wnikania w gleb\u0119.<\/p>\n<h3>\u0141adowarki:<\/h3>\n<p>W \u0142adowarkach czo\u0142owych pomagaj\u0105 w efektywnym podnoszeniu i wysypywaniu \u0142adunk\u00f3w.<\/p>\n<h2>Zagadnienia projektowe i kryteria wyboru<\/h2>\n<ul>\n<li>No\u015bno\u015b\u0107: Om\u00f3w zdolno\u015b\u0107 cylindra \u0142y\u017cki do wytrzymywania du\u017cych obci\u0105\u017ce\u0144 i zapewniania stabilno\u015bci.<\/li>\n<li>Uszczelnienie: Zbadaj zastosowanie r\u00f3\u017cnych element\u00f3w uszczelniaj\u0105cych, takich jak uszczelnienia t\u0142ok\u00f3w i uszczelnienia t\u0142oczysk, wykonanych z materia\u0142\u00f3w odpornych na zu\u017cycie, w tym poliuretanu i kauczuku nitrylowego, a tak\u017ce znaczenie precyzyjnej obr\u00f3bki korpusu cylindra i gwintowanych powierzchni ko\u0144cowych dla zwi\u0119kszenia odporno\u015bci na zu\u017cycie, a tak\u017ce potrzeb\u0119 regularnego smarowania olejem hydraulicznym.<\/li>\n<li>Trwa\u0142o\u015b\u0107: Om\u00f3w zagadnienia zwi\u0105zane z trwa\u0142o\u015bci\u0105, odporno\u015bci\u0105 na zu\u017cycie i korozj\u0119.<\/li>\n<li>Bezpiecze\u0144stwo: Nale\u017cy zwr\u00f3ci\u0107 uwag\u0119 na kwestie bezpiecze\u0144stwa i konieczno\u015b\u0107 przestrzegania \u015brodk\u00f3w ostro\u017cno\u015bci podczas korzystania z cylindra czerpakowego.<\/li>\n<li>Konserwacja: Opisz regularne kontrole i dzia\u0142ania konserwacyjne maj\u0105ce na celu zapewnienie optymalnej wydajno\u015bci i wyd\u0142u\u017cenie \u017cywotno\u015bci cylindra \u0142y\u017cki.<\/li>\n<\/ul>\n<p><img decoding=\"async\" src=\"https:\/\/www.hydraulic-cylinders.net\/wp-content\/uploads\/2025\/01\/songte-oil-pipes-and-spare-parts.webp\" alt=\"Obraz element\u00f3w cylindra hydraulicznego\"><\/p>\n<h2>Bezpiecze\u0144stwo i wzgl\u0119dy \u015brodowiskowe<\/h2>\n<p>Podczas u\u017cytkowania cylindra czerpakowego niezwykle wa\u017cne jest przestrzeganie \u015brodk\u00f3w bezpiecze\u0144stwa, aby zapobiec wypadkom i zapewni\u0107 bezpieczne \u015brodowisko pracy. Obejmuje to odpowiednie przeszkolenie, przestrzeganie instrukcji obs\u0142ugi oraz stosowanie odpowiedniego sprz\u0119tu ochronnego.<\/p>\n<h2>Rozwi\u0105zywanie problem\u00f3w i typowe problemy<\/h2>\n<p>Om\u00f3w mo\u017cliwe usterki i typowe problemy, z kt\u00f3rymi mog\u0105 spotka\u0107 si\u0119 u\u017cytkownicy si\u0142ownika \u0142y\u017cki. Zaproponuj wskaz\u00f3wki i rozwi\u0105zania dotycz\u0105ce diagnozowania i rozwi\u0105zywania tych problem\u00f3w, a tak\u017ce \u015brodki zapobiegawcze minimalizuj\u0105ce potencjalne problemy.<\/p>\n<p><img decoding=\"async\" src=\"https:\/\/www.hydraulic-cylinders.net\/wp-content\/uploads\/2025\/01\/songte-bushings-with-all-kinds-of-excavator-models.webp\" alt=\"Obraz tulei cylindr\u00f3w hydraulicznych\"><\/p>\n<h2>Zadania konserwacyjne<\/h2>\n<p>Podkre\u015bl trzy typowe czynno\u015bci konserwacyjne: regularne przegl\u0105dy, prawid\u0142owe smarowanie oraz wymian\u0119 uszczelnie\u0144 i kontrol\u0119 kalibracji. Podkre\u015bl znaczenie prawid\u0142owej instalacji, smarowania i regulacji dla wyd\u0142u\u017cenia \u017cywotno\u015bci si\u0142ownika kube\u0142kowego. Udziel wskaz\u00f3wek dotycz\u0105cych prawid\u0142owego ustawienia si\u0142ownika podczas instalacji i zasugeruj u\u017cycie odpowiednich wspornik\u00f3w monta\u017cowych do jego zabezpieczenia. Zalecenia dotycz\u0105ce procedur kontroli, naprawy i wymiany oraz wskaz\u00f3wki dotycz\u0105ce wyd\u0142u\u017cenia \u017cywotno\u015bci si\u0142ownika kube\u0142kowego.<\/p>\n<p><img decoding=\"async\" src=\"https:\/\/www.hydraulic-cylinders.net\/wp-content\/uploads\/2025\/01\/songte-chushion-collar.webp\" alt=\"Obraz instalacji cylindra hydraulicznego\"><\/p>\n<h2>O naszej firmie<\/h2>\n<p>Jeste\u015bmy producentem specjalizuj\u0105cym si\u0119 w produkcji zamiennych cylindr\u00f3w hydraulicznych. Dzi\u0119ki szerokiej gamie produkt\u00f3w stali\u015bmy si\u0119 jednym z wiod\u0105cych producent\u00f3w i hurtowych dystrybutor\u00f3w cylindr\u00f3w hydraulicznych na rynku krajowym i mi\u0119dzynarodowym. Przestrzegamy zasady doskona\u0142ej jako\u015bci i opieramy si\u0119 na strategii zarz\u0105dzania produkcj\u0105 przemys\u0142ow\u0105 w wyspecjalizowanych warsztatach produkcyjnych. Dzi\u0119ki wykorzystaniu talent\u00f3w technicznych, zdigitalizowanego, zaawansowanego sprz\u0119tu produkcyjnego oraz profesjonalnych system\u00f3w testowych, stale ulepszamy platform\u0119 produkcyjn\u0105 naszych warsztat\u00f3w, doskonalimy proces produkcji i jako\u015b\u0107 produkt\u00f3w oraz posiadamy silne zdolno\u015bci kreatywne, aby sprosta\u0107 zr\u00f3\u017cnicowanym potrzebom klient\u00f3w, zapewniaj\u0105c wysok\u0105 wydajno\u015b\u0107, precyzj\u0119 i przestrzegaj\u0105c rygorystycznych zasad jako\u015bci.<\/p>\n<p>Ponadto zapewniamy profesjonalizm, mi\u0119dzynarodowe certyfikaty, us\u0142ugi dostosowane do potrzeb klienta, zaawansowany sprz\u0119t produkcyjny i us\u0142ugi posprzeda\u017cowe. <\/p>\n<p><img decoding=\"async\" src=\"https:\/\/www.hydraulic-cylinders.net\/wp-content\/uploads\/2025\/01\/songte-company-3.webp\" alt=\"Wizerunek firmy\"><\/p>\n<p>Autor: lyl<\/p>","protected":false},"excerpt":{"rendered":"<p>Bucket Cylinder For Volwa Large Excavator DLS360-8B Introduction The bucket cylinder for Volwa large excavator DLS360-8B is a specially designed hydraulic cylinder used to control the movement of the bucket in heavy machinery such as excavators, backhoe loaders, and front loaders. Its main function is to enable the bucket to lift, lower, and tilt, making [&hellip;]<\/p>","protected":false},"featured_media":14769,"comment_status":"open","ping_status":"closed","template":"","meta":{"_et_pb_use_builder":"","_et_pb_old_content":"","_et_gb_content_width":""},"product_brand":[],"product_cat":[1494],"product_tag":[1495,1496],"class_list":{"0":"post-15893","1":"product","2":"type-product","3":"status-publish","4":"has-post-thumbnail","6":"product_cat-bucket-cylinders","7":"product_tag-bucket-cylinders","8":"product_tag-hydraulic-cylinders","10":"first","11":"instock","12":"shipping-taxable","13":"product-type-simple"},"amp_enabled":true,"_links":{"self":[{"href":"https:\/\/www.hydraulic-cylinders.net\/pl\/wp-json\/wp\/v2\/product\/15893","targetHints":{"allow":["GET"]}}],"collection":[{"href":"https:\/\/www.hydraulic-cylinders.net\/pl\/wp-json\/wp\/v2\/product"}],"about":[{"href":"https:\/\/www.hydraulic-cylinders.net\/pl\/wp-json\/wp\/v2\/types\/product"}],"replies":[{"embeddable":true,"href":"https:\/\/www.hydraulic-cylinders.net\/pl\/wp-json\/wp\/v2\/comments?post=15893"}],"wp:featuredmedia":[{"embeddable":true,"href":"https:\/\/www.hydraulic-cylinders.net\/pl\/wp-json\/wp\/v2\/media\/14769"}],"wp:attachment":[{"href":"https:\/\/www.hydraulic-cylinders.net\/pl\/wp-json\/wp\/v2\/media?parent=15893"}],"wp:term":[{"taxonomy":"product_brand","embeddable":true,"href":"https:\/\/www.hydraulic-cylinders.net\/pl\/wp-json\/wp\/v2\/product_brand?post=15893"},{"taxonomy":"product_cat","embeddable":true,"href":"https:\/\/www.hydraulic-cylinders.net\/pl\/wp-json\/wp\/v2\/product_cat?post=15893"},{"taxonomy":"product_tag","embeddable":true,"href":"https:\/\/www.hydraulic-cylinders.net\/pl\/wp-json\/wp\/v2\/product_tag?post=15893"}],"curies":[{"name":"wp","href":"https:\/\/api.w.org\/{rel}","templated":true}]}}