{"id":15911,"date":"2025-01-19T15:09:18","date_gmt":"2025-01-19T15:09:18","guid":{"rendered":"https:\/\/www.hydraulic-cylinders.net\/product\/bucket-cylinder-for-aotai-at80e-9\/"},"modified":"2025-01-19T15:09:20","modified_gmt":"2025-01-19T15:09:20","slug":"bucket-cylinder-for-aotai-at80e-9","status":"publish","type":"product","link":"https:\/\/www.hydraulic-cylinders.net\/pl\/produkt\/bucket-cylinder-for-aotai-at80e-9\/","title":{"rendered":"Si\u0142ownik \u0142y\u017cki do Aotai AT80E-9"},"content":{"rendered":"<h1>Si\u0142ownik \u0142y\u017cki do Aotai AT80E-9<\/h1>\n<h2>Wst\u0119p<\/h2>\n<p>Si\u0142ownik \u0142y\u017cki to specjalnie zaprojektowany si\u0142ownik hydrauliczny s\u0142u\u017c\u0105cy do sterowania ruchem \u0142y\u017cki w ci\u0119\u017ckich maszynach, takich jak koparki, koparko-\u0142adowarki i \u0142adowarki czo\u0142owe. Jego g\u0142\u00f3wn\u0105 funkcj\u0105 jest podnoszenie, opuszczanie i przechylanie \u0142y\u017cki w celu wydajnego transportu materia\u0142\u00f3w. W uk\u0142adzie hydraulicznym si\u0142ownik \u0142y\u017cki steruje precyzyjnym ruchem \u0142y\u017cki poprzez zmiany ci\u015bnienia oleju hydraulicznego, umo\u017cliwiaj\u0105c operatorom wydajne przenoszenie ci\u0119\u017ckich \u0142adunk\u00f3w i dostosowywanie si\u0119 do z\u0142o\u017conych warunk\u00f3w pracy oraz zr\u00f3\u017cnicowanych wymaga\u0144.<\/p>\n<p><img decoding=\"async\" src=\"https:\/\/www.hydraulic-cylinders.net\/wp-content\/uploads\/2025\/01\/songte-company-2.webp\"><\/p>\n<h2>Cechy<\/h2>\n<ul>\n<li>\n<h3>Wysoka wytrzyma\u0142o\u015b\u0107 i trwa\u0142o\u015b\u0107<\/h3>\n<p>Cylindry kube\u0142kowe s\u0105 zazwyczaj wykonane z wytrzyma\u0142ej stali lub aluminium, dzi\u0119ki czemu wytrzymuj\u0105 du\u017ce ci\u015bnienie i obci\u0105\u017cenia. S\u0105 projektowane z uwzgl\u0119dnieniem odporno\u015bci na zu\u017cycie i korozj\u0119, co wyd\u0142u\u017ca ich \u017cywotno\u015b\u0107.<\/p>\n<\/li>\n<li>\n<h3>Wydajna praca hydrauliczna<\/h3>\n<p>Cylindry czerpakowe wykorzystuj\u0105 ci\u015bnienie oleju hydraulicznego w celu zapewnienia p\u0142ynnych ruch\u00f3w rozszerzania i kurczenia, mog\u0105 szybko reagowa\u0107 na polecenia steruj\u0105ce, zapewniaj\u0105 du\u017c\u0105 si\u0142\u0119 pchania i ci\u0105gni\u0119cia oraz nadaj\u0105 si\u0119 do przenoszenia ci\u0119\u017ckich \u0142adunk\u00f3w i wykonywania skomplikowanych zada\u0144.<\/p>\n<\/li>\n<li>\n<h3>R\u00f3\u017cne typy<\/h3>\n<p>Si\u0142owniki kube\u0142kowe mog\u0105 by\u0107 jednostronnego dzia\u0142ania (p\u0142yn hydrauliczny dzia\u0142a w jednym kierunku) lub dwustronnego dzia\u0142ania (p\u0142yn hydrauliczny dzia\u0142a w obu kierunkach), w zale\u017cno\u015bci od wymaga\u0144 eksploatacyjnych. Niekt\u00f3re modele s\u0105 teleskopowe, co pozwala na wi\u0119ksze wysuni\u0119cie bez zwi\u0119kszania wymiar\u00f3w zewn\u0119trznych, co sprawdza si\u0119 w zastosowaniach o ograniczonej przestrzeni.<\/p>\n<\/li>\n<li>\n<h3>Idealny zamiennik cylindr\u00f3w hydraulicznych<\/h3>\n<p>Nasze produkty mog\u0105 doskonale zast\u0105pi\u0107 te si\u0142owniki hydrauliczne.<\/p>\n<p>  <img decoding=\"async\" src=\"https:\/\/www.hydraulic-cylinders.net\/wp-content\/uploads\/2025\/01\/songte-cylinder-head-with-all-kinds-excavator-models.webp\"><\/li>\n<\/ul>\n<h2>Aplikacje<\/h2>\n<p>Cylindry czerpakowe s\u0105 niezb\u0119dne w r\u00f3\u017cnych typach ci\u0119\u017ckiego sprz\u0119tu, w tym:<\/p>\n<ul>\n<li>\n<h3>Sprz\u0119t budowlany<\/h3>\n<p>W koparkach cylindry \u0142y\u017cki s\u0105 kluczowe do kopania, za\u0142adunku i przemieszczania gleby lub gruzu. W koparko-\u0142adowarkach cylindry \u0142y\u017cki pomagaj\u0105 zar\u00f3wno w kopaniu, jak i podnoszeniu. <\/p>\n<\/li>\n<li>\n<h3>Maszyny rolnicze<\/h3>\n<p>Stosowane w \u0142adowarkach czo\u0142owych do nabierania, podnoszenia i transportu ziemi, siana i innych materia\u0142\u00f3w. W koparkach si\u0142owniki \u0142y\u017cki umo\u017cliwiaj\u0105 kopanie poprzez umo\u017cliwienie \u0142y\u017cce penetracji gleby. W \u0142adowarkach czo\u0142owych u\u0142atwiaj\u0105 one wydajne podnoszenie i wysypywanie materia\u0142\u00f3w.<\/p>\n<\/li>\n<\/ul>\n<h2>Rozwa\u017cania projektowe<\/h2>\n<p>Cylindry kube\u0142kowe s\u0105 projektowane z uwzgl\u0119dnieniem wielu czynnik\u00f3w, aby zapewni\u0107 ich optymaln\u0105 wydajno\u015b\u0107:<\/p>\n<ul>\n<li>\n<h3>No\u015bno\u015b\u0107<\/h3>\n<p>Cylindry kube\u0142kowe zaprojektowano tak, aby wytrzymywa\u0142y du\u017ce obci\u0105\u017cenia i ci\u015bnienia, co zapewnia ich no\u015bno\u015b\u0107.<\/p>\n<\/li>\n<li>\n<h3>Opiecz\u0119towanie<\/h3>\n<p>W cylindrach kube\u0142kowych stosuje si\u0119 r\u00f3\u017cnego rodzaju uszczelnienia, takie jak uszczelnienia t\u0142ok\u00f3w i uszczelnienia t\u0142oczysk, wykonane z materia\u0142\u00f3w odpornych na zu\u017cycie, jak poliuretan i kauczuk nitrylowy, co zapewnia ich trwa\u0142o\u015b\u0107 i skuteczno\u015b\u0107 uszczelniania.<\/p>\n<\/li>\n<li>\n<h3>Bezpiecze\u0144stwo<\/h3>\n<p>Si\u0142owniki czerpakowe zosta\u0142y zaprojektowane z my\u015bl\u0105 o bezpiecze\u0144stwie, zapewniaj\u0105c bezpiecze\u0144stwo operator\u00f3w i \u015brodowiska. Prawid\u0142owa instalacja i konserwacja s\u0105 kluczowe dla zapewnienia ich bezpiecznej pracy.<\/p>\n<\/li>\n<li>\n<h3>Konserwacja<\/h3>\n<p>Aby zapewni\u0107 optymaln\u0105 wydajno\u015b\u0107 cylindr\u00f3w kube\u0142kowych, konieczna jest regularna konserwacja, obejmuj\u0105ca smarowanie, wymian\u0119 uszczelnie\u0144 i kontrole kalibracji.<\/p>\n<\/li>\n<\/ul>\n<p><img decoding=\"async\" src=\"https:\/\/www.hydraulic-cylinders.net\/wp-content\/uploads\/2025\/01\/songte-oil-pipes-and-spare-parts.webp\"><\/p>\n<h2>Instalacja i konserwacja<\/h2>\n<p>Aby zapewni\u0107 optymaln\u0105 wydajno\u015b\u0107 i d\u0142ug\u0105 \u017cywotno\u015b\u0107 si\u0142ownika czerpakowego, wa\u017cne jest przestrzeganie prawid\u0142owych procedur instalacji i konserwacji. Typowe czynno\u015bci konserwacyjne obejmuj\u0105:<\/p>\n<ul>\n<li>\n<h3>Regularna kontrola<\/h3>\n<p>Nale\u017cy regularnie sprawdza\u0107, czy nie ma wyciek\u00f3w, zarysowa\u0144 lub innych oznak uszkodze\u0144, aby mie\u0107 pewno\u015b\u0107, \u017ce cylinder jest w dobrym stanie.<\/p>\n<\/li>\n<li>\n<h3>Smarowanie<\/h3>\n<p>W\u0142a\u015bciwe smarowanie pozwala na p\u0142ynny ruch cylindra \u0142y\u017cki i pomaga zapobiega\u0107 uszkodzeniom spowodowanym tarciem.<\/p>\n<\/li>\n<li>\n<h3>Wymiana uszczelki<\/h3>\n<p>Wymiana zu\u017cytych uszczelek jest kluczowa dla zapobiegania wyciekom i zapewnienia optymalnej pracy cylindra.<\/p>\n<\/li>\n<li>\n<h3>Kontrola ustawienia<\/h3>\n<p>Sprawdzenie ustawienia cylindra \u0142y\u017cki jest istotne w celu zapewnienia jego prawid\u0142owej pracy.<\/p>\n<\/li>\n<\/ul>\n<p><img decoding=\"async\" src=\"https:\/\/www.hydraulic-cylinders.net\/wp-content\/uploads\/2025\/01\/songte-chushion-collar.webp\"><\/p>\n<h2>Bezpiecze\u0144stwo i wzgl\u0119dy \u015brodowiskowe<\/h2>\n<p>Podczas korzystania z cylindra czerpakowego bezpiecze\u0144stwo jest najwa\u017cniejsze. Nale\u017cy przestrzega\u0107 prawid\u0142owych procedur instalacji, konserwacji i obs\u0142ugi, aby zapewni\u0107 bezpiecze\u0144stwo operator\u00f3w i \u015brodowiska.<\/p>\n<p><img decoding=\"async\" src=\"https:\/\/hzpt.com\/wp-content\/uploads\/2024\/11\/songte-company-1.webp\"><\/p>\n<h2>O nas<\/h2>\n<p>Nasza firma jest producentem zamiennych cylindr\u00f3w hydraulicznych, oferuj\u0105cym pe\u0142n\u0105 gam\u0119 produkt\u00f3w. Stali\u015bmy si\u0119 jednym z wiod\u0105cych producent\u00f3w i hurtowych dystrybutor\u00f3w cylindr\u00f3w hydraulicznych na rynku krajowym i mi\u0119dzynarodowym. Nasz zak\u0142ad produkcyjny realizuje strategi\u0119 zarz\u0105dzania produkcj\u0105 przemys\u0142ow\u0105, opieraj\u0105c si\u0119 na doskona\u0142ej jako\u015bci, zaawansowanych technologiach, cyfrowym sprz\u0119cie produkcyjnym najwy\u017cszej klasy oraz profesjonalnych systemach testowych. Stale udoskonalamy platform\u0119 produkcyjn\u0105 zak\u0142adu, podnosimy jako\u015b\u0107 linii produkcyjnej i dysponujemy silnym potencja\u0142em kreatywnym, kieruj\u0105c si\u0119 zasadami wysokiej wydajno\u015bci, precyzji i jako\u015bci, aby sprosta\u0107 zr\u00f3\u017cnicowanym potrzebom klient\u00f3w.<\/p>\n<p>Do wyr\u00f3\u017cniaj\u0105cych si\u0119 cech naszej firmy nale\u017c\u0105:<\/p>\n<ul>\n<li>\n<h3>Profesjonalizm<\/h3>\n<p>Nasz zesp\u00f3\u0142 sk\u0142ada si\u0119 z wysoko wykwalifikowanych i do\u015bwiadczonych fachowc\u00f3w w dziedzinie si\u0142ownik\u00f3w hydraulicznych, co gwarantuje, \u017ce nasze produkty spe\u0142niaj\u0105 najwy\u017csze standardy.<\/p>\n<\/li>\n<li>\n<h3>Certyfikaty mi\u0119dzynarodowe<\/h3>\n<p>Nasze produkty uzyska\u0142y szereg mi\u0119dzynarodowych certyfikat\u00f3w, kt\u00f3re gwarantuj\u0105 ich jako\u015b\u0107 i bezpiecze\u0144stwo.<\/p>\n<\/li>\n<li>\n<h3>Us\u0142ugi personalizacji<\/h3>\n<p>Oferujemy us\u0142ugi dostosowane do indywidualnych potrzeb i wymaga\u0144 klient\u00f3w.<\/p>\n<\/li>\n<li>\n<h3>Sprz\u0119t produkcyjny<\/h3>\n<p>Nasza firma wykorzystuje najnowocze\u015bniejszy sprz\u0119t produkcyjny, aby zagwarantowa\u0107 jako\u015b\u0107 naszych produkt\u00f3w.<\/p>\n<\/li>\n<li>\n<h3>Serwis posprzeda\u017cowy<\/h3>\n<p>Zapewniamy doskona\u0142\u0105 obs\u0142ug\u0119 i wsparcie posprzeda\u017cowe, aby mie\u0107 pewno\u015b\u0107, \u017ce nasi klienci s\u0105 zadowoleni z zakup\u00f3w.<\/p>\n<\/li>\n<\/ul>\n<p><img decoding=\"async\" src=\"https:\/\/www.hydraulic-cylinders.net\/wp-content\/uploads\/2025\/01\/songte-company-3.webp\"><\/p>\n<p>Autor: lyl<\/p>","protected":false},"excerpt":{"rendered":"<p>Bucket Cylinder For Aotai AT80E-9 Introduction A bucket cylinder is a specially designed hydraulic cylinder used to control the movement of the bucket in heavy machinery such as excavators, backhoe loaders, and front loaders. Its main function is to raise, lower, and tilt the bucket for efficient material handling tasks. In the hydraulic system, the [&hellip;]<\/p>","protected":false},"featured_media":14761,"comment_status":"open","ping_status":"closed","template":"","meta":{"_et_pb_use_builder":"","_et_pb_old_content":"","_et_gb_content_width":""},"product_brand":[],"product_cat":[1494],"product_tag":[1495,1496],"class_list":{"0":"post-15911","1":"product","2":"type-product","3":"status-publish","4":"has-post-thumbnail","6":"product_cat-bucket-cylinders","7":"product_tag-bucket-cylinders","8":"product_tag-hydraulic-cylinders","10":"first","11":"instock","12":"shipping-taxable","13":"product-type-simple"},"amp_enabled":true,"_links":{"self":[{"href":"https:\/\/www.hydraulic-cylinders.net\/pl\/wp-json\/wp\/v2\/product\/15911","targetHints":{"allow":["GET"]}}],"collection":[{"href":"https:\/\/www.hydraulic-cylinders.net\/pl\/wp-json\/wp\/v2\/product"}],"about":[{"href":"https:\/\/www.hydraulic-cylinders.net\/pl\/wp-json\/wp\/v2\/types\/product"}],"replies":[{"embeddable":true,"href":"https:\/\/www.hydraulic-cylinders.net\/pl\/wp-json\/wp\/v2\/comments?post=15911"}],"wp:featuredmedia":[{"embeddable":true,"href":"https:\/\/www.hydraulic-cylinders.net\/pl\/wp-json\/wp\/v2\/media\/14761"}],"wp:attachment":[{"href":"https:\/\/www.hydraulic-cylinders.net\/pl\/wp-json\/wp\/v2\/media?parent=15911"}],"wp:term":[{"taxonomy":"product_brand","embeddable":true,"href":"https:\/\/www.hydraulic-cylinders.net\/pl\/wp-json\/wp\/v2\/product_brand?post=15911"},{"taxonomy":"product_cat","embeddable":true,"href":"https:\/\/www.hydraulic-cylinders.net\/pl\/wp-json\/wp\/v2\/product_cat?post=15911"},{"taxonomy":"product_tag","embeddable":true,"href":"https:\/\/www.hydraulic-cylinders.net\/pl\/wp-json\/wp\/v2\/product_tag?post=15911"}],"curies":[{"name":"wp","href":"https:\/\/api.w.org\/{rel}","templated":true}]}}