{"id":15913,"date":"2025-01-19T15:09:26","date_gmt":"2025-01-19T15:09:26","guid":{"rendered":"https:\/\/www.hydraulic-cylinders.net\/product\/bucket-cylinder-for-aotai-at150e-9\/"},"modified":"2025-01-19T15:09:29","modified_gmt":"2025-01-19T15:09:29","slug":"bucket-cylinder-for-aotai-at150e-9","status":"publish","type":"product","link":"https:\/\/www.hydraulic-cylinders.net\/pl\/produkt\/bucket-cylinder-for-aotai-at150e-9\/","title":{"rendered":"Si\u0142ownik \u0142y\u017cki do Aotai AT150E-9"},"content":{"rendered":"<h1>Si\u0142ownik \u0142y\u017cki do Aotai AT150E-9<\/h1>\n<h2>Wst\u0119p<\/h2>\n<p>Si\u0142ownik \u0142y\u017cki do koparki Aotai AT150E-9 to si\u0142ownik hydrauliczny zaprojektowany specjalnie do sterowania ruchem koparek w ci\u0119\u017ckich maszynach, takich jak koparki, koparko-\u0142adowarki i \u0142adowarki czo\u0142owe. Jego g\u0142\u00f3wn\u0105 funkcj\u0105 jest umo\u017cliwienie podnoszenia, opuszczania i przechylania koparki, u\u0142atwiaj\u0105c wykonywanie r\u00f3\u017cnych zada\u0144 zwi\u0105zanych z prze\u0142adunkiem materia\u0142\u00f3w. W uk\u0142adzie hydraulicznym si\u0142ownik \u0142y\u017cki precyzyjnie steruje ruchami koparki, wykorzystuj\u0105c zmiany ci\u015bnienia w oleju hydraulicznym, umo\u017cliwiaj\u0105c operatorom wydajne przenoszenie ci\u0119\u017ckich przedmiot\u00f3w, dostosowywanie si\u0119 do z\u0142o\u017conych warunk\u00f3w pracy i zr\u00f3\u017cnicowanych wymaga\u0144.<\/p>\n<p><img decoding=\"async\" src=\"https:\/\/www.hydraulic-cylinders.net\/wp-content\/uploads\/2025\/01\/songte-company-2.webp\" alt=\"Si\u0142ownik czerpakowy do Aotai AT150E-9\" \/><\/p>\n<h2>Cechy<\/h2>\n<ul>\n<li>\n<h3>Wysoka wytrzyma\u0142o\u015b\u0107 i trwa\u0142o\u015b\u0107<\/h3>\n<p>Cylinder jest zazwyczaj wykonany z wytrzyma\u0142ej stali lub aluminium, co pozwala mu wytrzyma\u0107 du\u017ce ci\u015bnienie i du\u017ce obci\u0105\u017cenia. Zaprojektowano go z my\u015bl\u0105 o odporno\u015bci na zu\u017cycie i korozj\u0119, aby wyd\u0142u\u017cy\u0107 jego \u017cywotno\u015b\u0107.<\/p>\n<\/li>\n<li>\n<h3>Wydajna praca hydrauliczna<\/h3>\n<p>Si\u0142ownik \u0142y\u017cki wykorzystuje ci\u015bnienie oleju hydraulicznego, aby zapewni\u0107 p\u0142ynne ruchy rozci\u0105gania i kurczenia, szybko reaguje na polecenia steruj\u0105ce, generuje du\u017c\u0105 si\u0142\u0119 pchania i ci\u0105gni\u0119cia oraz nadaje si\u0119 do przenoszenia ci\u0119\u017ckich przedmiot\u00f3w i wykonywania skomplikowanych zada\u0144.<\/p>\n<\/li>\n<li>\n<h3>R\u00f3\u017cne typy<\/h3>\n<p>Si\u0142ownik jest dost\u0119pny w wersji jednostronnego dzia\u0142ania (sterowany hydraulicznie tylko w jednym kierunku) lub dwustronnego dzia\u0142ania (sterowany hydraulicznie w obu kierunkach), aby sprosta\u0107 r\u00f3\u017cnym potrzebom operacyjnym. Niekt\u00f3re modele s\u0105 teleskopowe, co pozwala na wi\u0119ksze wysuni\u0119cie bez zwi\u0119kszania wymiar\u00f3w zewn\u0119trznych, i nadaje si\u0119 do zastosowa\u0144 w ograniczonej przestrzeni.<\/p>\n<\/li>\n<li>\n<h3>Idealny zamiennik cylindr\u00f3w hydraulicznych<\/h3>\n<p>Nasz produkt mo\u017ce doskonale zast\u0105pi\u0107 tego typu si\u0142owniki hydrauliczne.<\/p>\n<\/li>\n<li>\n<h3>Zastosowanie<\/h3>\n<p>Si\u0142ownik \u0142y\u017cki do Aotai AT150E-9 jest stosowany w r\u00f3\u017cnych maszynach budowlanych, w tym:<\/p>\n<ul>\n<li>Koparki: Cylindry \u0142y\u017cki umo\u017cliwiaj\u0105 kopanie, pozwalaj\u0105c \u0142opacie wnika\u0107 w gleb\u0119.<\/li>\n<li>\u0141adowarki czo\u0142owe: pomagaj\u0105 skutecznie podnosi\u0107 i przechyla\u0107 \u0142adunki.<\/li>\n<li>Koparki g\u0105sienicowe: Cylindry \u0142y\u017cki pomagaj\u0105 w kopaniu i podnoszeniu.<\/li>\n<li>Maszyny rolnicze: Stosowane w \u0142adowarkach czo\u0142owych do nabierania, podnoszenia i transportu gleby, siana i innych materia\u0142\u00f3w.<\/li>\n<\/ul>\n<\/li>\n<\/ul>\n<h2>Zagadnienia projektowe i kryteria wyboru<\/h2>\n<ul>\n<li>\n<h3>No\u015bno\u015b\u0107<\/h3>\n<p>No\u015bno\u015b\u0107 cylindra jest kluczowym czynnikiem konstrukcyjnym. Musi on wytrzyma\u0107 specyficzne wymagania obci\u0105\u017ceniowe danego zastosowania.<\/p>\n<\/li>\n<li>\n<h3>Uszczelnienie i trwa\u0142o\u015b\u0107<\/h3>\n<p>Uszczelnienie i trwa\u0142o\u015b\u0107 cylindra to kluczowe czynniki wp\u0142ywaj\u0105ce na jego \u017cywotno\u015b\u0107 i wydajno\u015b\u0107. W naszym cylindrze zastosowano wysokiej jako\u015bci uszczelki wykonane z materia\u0142\u00f3w odpornych na zu\u017cycie, takich jak poliuretan i kauczuk nitrylowy, a powierzchnia korpusu cylindra jest poddawana precyzyjnej obr\u00f3bce w celu zwi\u0119kszenia odporno\u015bci na zu\u017cycie.<\/p>\n<\/li>\n<li>\n<h3>Bezpiecze\u0144stwo i konserwacja<\/h3>\n<p>Cylinder musi by\u0107 zaprojektowany z my\u015bl\u0105 o bezpiecze\u0144stwie i konserwacji. Musi by\u0107 \u0142atwy w monta\u017cu, konserwacji i naprawie, minimalizuj\u0105c przestoje podczas konserwacji i napraw.<\/p>\n<\/li>\n<li>\n<h3>Smarowanie i uszczelnianie<\/h3>\n<p>W naszym cylindrze zastosowano r\u00f3\u017cnorodne uszczelnienia, takie jak uszczelnienia t\u0142oka, t\u0142oczyska i zgarniacza, wykonane z materia\u0142\u00f3w odpornych na zu\u017cycie, takich jak poliuretan i kauczuk nitrylowy. Regularne smarowanie i wymiana uszczelnie\u0144 s\u0105 niezb\u0119dne do prawid\u0142owego dzia\u0142ania cylindra.<\/p>\n<\/li>\n<li>\n<h3>Zgodno\u015b\u0107 z p\u0142ynami<\/h3>\n<p>Cylinder powinien by\u0107 kompatybilny z p\u0142ynem hydraulicznym u\u017cywanym w uk\u0142adzie hydraulicznym. U\u017cycie niew\u0142a\u015bciwego rodzaju p\u0142ynu mo\u017ce spowodowa\u0107 uszkodzenie cylindra lub ca\u0142ego uk\u0142adu hydraulicznego.<\/p>\n<\/li>\n<\/ul>\n<p><img decoding=\"async\" src=\"https:\/\/www.hydraulic-cylinders.net\/wp-content\/uploads\/2025\/01\/songte-oil-pipes-and-spare-parts.webp\" alt=\"Si\u0142ownik czerpakowy do Aotai AT150E-9\" \/><\/p>\n<h2>Konserwacja<\/h2>\n<p>Regularne przegl\u0105dy i konserwacja zapobiegawcza s\u0105 niezb\u0119dne dla zapewnienia optymalnej wydajno\u015bci si\u0142ownika \u0142y\u017cki. Typowe czynno\u015bci konserwacyjne obejmuj\u0105:<\/p>\n<ul>\n<li>\n<h3>Regularna kontrola<\/h3>\n<p>Regularna kontrola cylindra jest konieczna w celu wykrycia wszelkich oznak zu\u017cycia, uszkodze\u0144 lub nieszczelno\u015bci. Wszelkie problemy nale\u017cy natychmiast rozwi\u0105za\u0107, aby zapobiec dalszym uszkodzeniom.<\/p>\n<\/li>\n<li>\n<h3>Prawid\u0142owe smarowanie<\/h3>\n<p>Cylinder czerpakowy wymaga regularnego smarowania, aby zapewni\u0107 prawid\u0142owe funkcjonowanie jego ruchomych cz\u0119\u015bci i zapobiec ich zu\u017cyciu.<\/p>\n<\/li>\n<li>\n<h3>Wymiana uszczelki<\/h3>\n<p>Wymiana uszczelek jest konieczna w celu zachowania szczelno\u015bci cylindra i zapobiegania wyciekom.<\/p>\n<\/li>\n<li>\n<h3>Kontrola kalibracji<\/h3>\n<p>Aby mie\u0107 pewno\u015b\u0107, \u017ce cylinder spe\u0142nia wymagane normy wydajno\u015bci, nale\u017cy go regularnie kalibrowa\u0107.<\/p>\n<\/li>\n<\/ul>\n<p><img decoding=\"async\" src=\"https:\/\/www.hydraulic-cylinders.net\/wp-content\/uploads\/2025\/01\/songte-chushion-collar.webp\" alt=\"Si\u0142ownik czerpakowy do Aotai AT150E-9\" \/><\/p>\n<h2>Zagadnienia bezpiecze\u0144stwa i czynniki \u015brodowiskowe<\/h2>\n<p>Podczas u\u017cytkowania cylindra kube\u0142kowego do Aotai AT150E-9 nale\u017cy zawsze przestrzega\u0107 \u015brodk\u00f3w bezpiecze\u0144stwa, aby zapobiec wypadkom i obra\u017ceniom. Podczas u\u017cytkowania cylindra nale\u017cy koniecznie uwzgl\u0119dni\u0107 czynniki \u015brodowiskowe, takie jak temperatura, wilgotno\u015b\u0107 i nara\u017cenie na substancje \u017cr\u0105ce, kt\u00f3re mog\u0105 wp\u0142ywa\u0107 na jego dzia\u0142anie.<\/p>\n<h2>Typowe problemy i rozwi\u0105zywanie problem\u00f3w<\/h2>\n<p>Poni\u017cej przedstawiono kilka typowych problem\u00f3w, kt\u00f3re mog\u0105 wyst\u0105pi\u0107 podczas u\u017cytkowania cylindra kube\u0142kowego:<\/p>\n<ul>\n<li>\n<h3>Przeciek<\/h3>\n<p>Wyciek to cz\u0119sty problem, zazwyczaj spowodowany uszkodzeniem uszczelek. Wymiana uszczelek mo\u017ce pom\u00f3c rozwi\u0105za\u0107 problem.<\/p>\n<\/li>\n<li>\n<h3>Nadmierny ha\u0142as<\/h3>\n<p>Nadmierny ha\u0142as mo\u017ce wynika\u0107 z r\u00f3\u017cnych przyczyn, takich jak uszkodzone elementy wewn\u0119trzne, niski poziom p\u0142ynu hydraulicznego lub zatkane filtry. Sprawd\u017a uk\u0142ad hydrauliczny pod k\u0105tem problem\u00f3w, kt\u00f3re mog\u0105 powodowa\u0107 nadmierny ha\u0142as.<\/p>\n<\/li>\n<li>\n<h3>Powolny ruch<\/h3>\n<p>Powolny ruch jest zazwyczaj spowodowany niskim poziomem p\u0142ynu hydraulicznego, zatkanymi filtrami lub uszkodzonymi elementami wewn\u0119trznymi. Sprawd\u017a uk\u0142ad hydrauliczny i wymie\u0144 uszkodzone elementy.<\/p>\n<\/li>\n<\/ul>\n<p><img decoding=\"async\" src=\"https:\/\/www.hydraulic-cylinders.net\/wp-content\/uploads\/2025\/01\/songte-bushings-with-all-kinds-of-excavator-models.webp\" alt=\"Si\u0142ownik czerpakowy do Aotai AT150E-9\" \/><\/p>\n<h2>O naszej firmie<\/h2>\n<p>Jeste\u015bmy wiod\u0105cym producentem i hurtowym dystrybutorem si\u0142ownik\u00f3w hydraulicznych na rynku krajowym i mi\u0119dzynarodowym. Nasze produkty charakteryzuj\u0105 si\u0119 doskona\u0142\u0105 jako\u015bci\u0105, a my stosujemy precyzyjne strategie zarz\u0105dzania produkcj\u0105, wykorzystuj\u0105c wysoko wykwalifikowanych technik\u00f3w, cyfrowy sprz\u0119t produkcyjny najwy\u017cszej klasy oraz profesjonalny system testowania, aby wytwarza\u0107 si\u0142owniki spe\u0142niaj\u0105ce zr\u00f3\u017cnicowane potrzeby naszych klient\u00f3w. Oferujemy us\u0142ugi dostosowane do indywidualnych potrzeb, sprz\u0119t produkcyjny i serwis posprzeda\u017cowy, aby zapewni\u0107 naszym klientom maksymalne korzy\u015bci z inwestycji.<\/p>\n<ul>\n<li>\n<h3>Specjalizacja i Certyfikacja Mi\u0119dzynarodowa<\/h3>\n<p>Nasza firma specjalizuje si\u0119 w produkcji r\u00f3\u017cnorodnych cylindr\u00f3w hydraulicznych. Nasze produkty spe\u0142niaj\u0105 mi\u0119dzynarodowe normy jako\u015bciowe, takie jak ISO, CE i SGS.<\/p>\n<\/li>\n<li>\n<h3>Us\u0142ugi dostosowane do indywidualnych potrzeb<\/h3>\n<p>Zapewniamy us\u0142ugi dostosowane do indywidualnych wymaga\u0144 naszych klient\u00f3w, oferuj\u0105c im specjalnie zaprojektowane cylindry hydrauliczne dostosowane do ich wyj\u0105tkowych potrzeb.<\/p>\n<\/li>\n<li>\n<h3>Sprz\u0119t produkcyjny i us\u0142ugi posprzeda\u017cowe<\/h3>\n<p>Dysponujemy najnowocze\u015bniejszym sprz\u0119tem produkcyjnym i profesjonalnym zespo\u0142em obs\u0142ugi posprzeda\u017cowej, kt\u00f3ry zapewnia naszym klientom terminowe i skuteczne wsparcie.<\/p>\n<\/li>\n<\/ul>\n<p><img decoding=\"async\" src=\"https:\/\/hzpt.com\/wp-content\/uploads\/2024\/11\/songte-company-1.webp\" alt=\"Si\u0142ownik czerpakowy do Aotai AT150E-9\" \/><\/p>\n<p><em>Autor: lyl<\/em><\/p>","protected":false},"excerpt":{"rendered":"<p>Bucket Cylinder For Aotai AT150E-9 Introduction The Bucket Cylinder for Aotai AT150E-9 is a hydraulic cylinder specifically designed to control the movement of shovels in heavy machinery such as excavators, backhoe excavators, and front-loaders. Its main function is to enable the shovel to lift, lower, and tilt, making it easier to perform various material handling [&hellip;]<\/p>","protected":false},"featured_media":14788,"comment_status":"open","ping_status":"closed","template":"","meta":{"_et_pb_use_builder":"","_et_pb_old_content":"","_et_gb_content_width":""},"product_brand":[],"product_cat":[1494],"product_tag":[1495,1496],"class_list":{"0":"post-15913","1":"product","2":"type-product","3":"status-publish","4":"has-post-thumbnail","6":"product_cat-bucket-cylinders","7":"product_tag-bucket-cylinders","8":"product_tag-hydraulic-cylinders","10":"first","11":"instock","12":"shipping-taxable","13":"product-type-simple"},"amp_enabled":true,"_links":{"self":[{"href":"https:\/\/www.hydraulic-cylinders.net\/pl\/wp-json\/wp\/v2\/product\/15913","targetHints":{"allow":["GET"]}}],"collection":[{"href":"https:\/\/www.hydraulic-cylinders.net\/pl\/wp-json\/wp\/v2\/product"}],"about":[{"href":"https:\/\/www.hydraulic-cylinders.net\/pl\/wp-json\/wp\/v2\/types\/product"}],"replies":[{"embeddable":true,"href":"https:\/\/www.hydraulic-cylinders.net\/pl\/wp-json\/wp\/v2\/comments?post=15913"}],"wp:featuredmedia":[{"embeddable":true,"href":"https:\/\/www.hydraulic-cylinders.net\/pl\/wp-json\/wp\/v2\/media\/14788"}],"wp:attachment":[{"href":"https:\/\/www.hydraulic-cylinders.net\/pl\/wp-json\/wp\/v2\/media?parent=15913"}],"wp:term":[{"taxonomy":"product_brand","embeddable":true,"href":"https:\/\/www.hydraulic-cylinders.net\/pl\/wp-json\/wp\/v2\/product_brand?post=15913"},{"taxonomy":"product_cat","embeddable":true,"href":"https:\/\/www.hydraulic-cylinders.net\/pl\/wp-json\/wp\/v2\/product_cat?post=15913"},{"taxonomy":"product_tag","embeddable":true,"href":"https:\/\/www.hydraulic-cylinders.net\/pl\/wp-json\/wp\/v2\/product_tag?post=15913"}],"curies":[{"name":"wp","href":"https:\/\/api.w.org\/{rel}","templated":true}]}}