{"id":15922,"date":"2025-01-19T15:10:17","date_gmt":"2025-01-19T15:10:17","guid":{"rendered":"https:\/\/www.hydraulic-cylinders.net\/product\/bucket-cylinder-for-atlas-2307lc\/"},"modified":"2025-01-19T15:10:19","modified_gmt":"2025-01-19T15:10:19","slug":"bucket-cylinder-for-atlas-2307lc","status":"publish","type":"product","link":"https:\/\/www.hydraulic-cylinders.net\/pl\/produkt\/bucket-cylinder-for-atlas-2307lc\/","title":{"rendered":"Cylinder kube\u0142kowy do Atlasa 2307LC"},"content":{"rendered":"<p><!DOCTYPE html><br \/>\n<html><br \/>\n<head><br \/>\n<title>Cylinder kube\u0142kowy do Atlasa 2307LC<\/title><br \/>\n<\/head><br \/>\n<body><\/p>\n<h1>Cylinder kube\u0142kowy do Atlasa 2307LC<\/h1>\n<h2>Wst\u0119p<\/h2>\n<p>Si\u0142ownik \u0142y\u017cki do Atlasa 2307LC to specjalnie zaprojektowany si\u0142ownik hydrauliczny s\u0142u\u017c\u0105cy do sterowania ruchem \u0142y\u017cki w ci\u0119\u017ckich maszynach, takich jak koparki, koparko-\u0142adowarki i \u0142adowarki czo\u0142owe. Jego g\u0142\u00f3wn\u0105 funkcj\u0105 jest podnoszenie, opuszczanie i przechylanie \u0142y\u017cki, u\u0142atwiaj\u0105c wykonywanie r\u00f3\u017cnych zada\u0144 zwi\u0105zanych z prze\u0142adunkiem materia\u0142\u00f3w. W uk\u0142adzie hydraulicznym si\u0142ownik \u0142y\u017cki wykorzystuje zmiany ci\u015bnienia oleju hydraulicznego, aby zapewni\u0107 precyzyjn\u0105 kontrol\u0119 nad \u0142y\u017ck\u0105, umo\u017cliwiaj\u0105c operatorom wydajne przenoszenie ci\u0119\u017ckich \u0142adunk\u00f3w i dostosowanie si\u0119 do z\u0142o\u017conych warunk\u00f3w pracy oraz zr\u00f3\u017cnicowanych wymaga\u0144.<\/p>\n<p><img decoding=\"async\" src=\"https:\/\/www.hydraulic-cylinders.net\/wp-content\/uploads\/2025\/01\/songte-company-2.webp\" alt=\"Obraz cylindra wiadra\"><\/p>\n<h2>Cechy<\/h2>\n<ul>\n<li>Wysoka wytrzyma\u0142o\u015b\u0107 i trwa\u0142o\u015b\u0107: Wykonane z wysokowytrzyma\u0142ej stali lub aluminium, wytrzymuj\u0105 du\u017ce ci\u015bnienie i du\u017ce obci\u0105\u017cenia, s\u0105 przystosowane do trudnych warunk\u00f3w pracy, a tak\u017ce zaprojektowane z uwzgl\u0119dnieniem odporno\u015bci na zu\u017cycie i korozj\u0119, aby wyd\u0142u\u017cy\u0107 ich \u017cywotno\u015b\u0107.<\/li>\n<li>Wydajna praca uk\u0142adu hydraulicznego: wykorzystuje ci\u015bnienie oleju hydraulicznego w celu uzyskania p\u0142ynnego wysuwania i wsuwania, umo\u017cliwia szybk\u0105 reakcj\u0119 na polecenia steruj\u0105ce, zapewnia du\u017c\u0105 si\u0142\u0119 pchania i ci\u0105gni\u0119cia oraz jest odpowiedni do obs\u0142ugi ci\u0119\u017ckich \u0142adunk\u00f3w i wykonywania skomplikowanych zada\u0144.<\/li>\n<li>R\u00f3\u017cne typy: Mo\u017cna wybiera\u0107 mi\u0119dzy cylindrami jednostronnego dzia\u0142ania (hydrauliczne dzia\u0142anie tylko w jednym kierunku) lub dwustronnego dzia\u0142ania (hydrauliczne dzia\u0142anie w obu kierunkach) w zale\u017cno\u015bci od potrzeb. Niekt\u00f3re modele s\u0105 teleskopowe, co pozwala na wi\u0119ksze wyd\u0142u\u017cenie bez zwi\u0119kszania wymiar\u00f3w zewn\u0119trznych, nadaj\u0105c si\u0119 do zastosowa\u0144 w ograniczonej przestrzeni.<\/li>\n<\/ul>\n<p><img decoding=\"async\" src=\"https:\/\/www.hydraulic-cylinders.net\/wp-content\/uploads\/2025\/01\/songte-cylinder-head-with-all-kinds-excavator-models.webp\" alt=\"Zastosowanie cylindra kube\u0142kowego\"><\/p>\n<h2>Aplikacje<\/h2>\n<p>Si\u0142ownik czerpakowy do Atlasa 2307LC znajduje zastosowanie w r\u00f3\u017cnych ga\u0142\u0119ziach przemys\u0142u, w tym:<\/p>\n<h3>Sprz\u0119t budowlany<\/h3>\n<p>W koparkach jest on niezb\u0119dny do wykop\u00f3w, za\u0142adunku i przemieszczania gleby lub gruzu. W koparko-\u0142adowarkach si\u0142ownik \u0142y\u017cki wspomaga zar\u00f3wno kopanie, jak i podnoszenie.<\/p>\n<h3>Maszyny rolnicze<\/h3>\n<p>Stosowany w \u0142adowarkach czo\u0142owych do nabierania, podnoszenia i transportu ziemi, siana i innych materia\u0142\u00f3w.<\/p>\n<h3>Koparki<\/h3>\n<p>Cylinder \u0142y\u017cki umo\u017cliwia kopanie poprzez umo\u017cliwienie \u0142y\u017cce wnikania w gleb\u0119.<\/p>\n<h3>\u0141adowarki<\/h3>\n<p>W \u0142adowarkach czo\u0142owych pomagaj\u0105 w efektywnym podnoszeniu i wysypywaniu towar\u00f3w.<\/p>\n<p><img decoding=\"async\" src=\"https:\/\/www.hydraulic-cylinders.net\/wp-content\/uploads\/2025\/01\/songte-oil-pipes-and-spare-parts.webp\" alt=\"Konstrukcja cylindra kube\u0142kowego\"><\/p>\n<h2>Zagadnienia projektowe i kryteria wyboru<\/h2>\n<ul>\n<li>No\u015bno\u015b\u0107: Cylinder \u0142y\u017cki jest zaprojektowany tak, aby wytrzyma\u0107 okre\u015blone wymagania dotycz\u0105ce obci\u0105\u017cenia i zapewni\u0107 bezpieczn\u0105 prac\u0119.<\/li>\n<li>Uszczelnienie: Aby zapobiec przeciekom i zachowa\u0107 w\u0142a\u015bciw\u0105 wydajno\u015b\u0107, stosuje si\u0119 r\u00f3\u017cne uszczelnienia, takie jak uszczelnienia t\u0142okowe i uszczelnienia t\u0142oczyskowe.<\/li>\n<li>Trwa\u0142o\u015b\u0107: Cylinder zaprojektowano tak, aby by\u0142 odporny na zu\u017cycie i korozj\u0119, co wyd\u0142u\u017ca jego \u017cywotno\u015b\u0107.<\/li>\n<li>Bezpiecze\u0144stwo: W celu zagwarantowania bezpiecznej obs\u0142ugi i zapobiegania wypadkom zastosowano funkcje bezpiecze\u0144stwa.<\/li>\n<li>\u0141atwo\u015b\u0107 konserwacji: Du\u017c\u0105 uwag\u0119 po\u015bwi\u0119cono \u0142atwej konserwacji i naprawie, co umo\u017cliwia efektywne serwisowanie i skr\u00f3cenie przestoj\u00f3w.<\/li>\n<\/ul>\n<p><img decoding=\"async\" src=\"https:\/\/www.hydraulic-cylinders.net\/wp-content\/uploads\/2025\/01\/songte-chushion-collar.webp\" alt=\"Uszczelki cylindr\u00f3w wiaderkowych\"><\/p>\n<h2>Uszczelnianie i smarowanie<\/h2>\n<p>W si\u0142owniku kube\u0142kowym zastosowano r\u00f3\u017cnorodne elementy uszczelniaj\u0105ce, takie jak uszczelnienia t\u0142oka i t\u0142oczyska, wykonane z materia\u0142\u00f3w odpornych na zu\u017cycie, takich jak poliuretan i kauczuk nitrylowy. Korpus si\u0142ownika i gwintowane powierzchnie ko\u0144cowe s\u0105 precyzyjnie obrabiane w celu zwi\u0119kszenia odporno\u015bci na zu\u017cycie. Regularne smarowanie odpowiedni\u0105 ilo\u015bci\u0105 oleju hydraulicznego jest wymagane, aby zapewni\u0107 p\u0142ynn\u0105 prac\u0119 i zapobiec uszkodzeniom.<\/p>\n<h2>Konserwacja i \u015brodki zapobiegawcze<\/h2>\n<ul>\n<li>Regularne kontrole: Nale\u017cy przeprowadza\u0107 okresowe kontrole w celu wykrycia wszelkich problem\u00f3w lub potencjalnych usterek.<\/li>\n<li>W\u0142a\u015bciwe smarowanie: W\u0142a\u015bciwe smarowanie jest niezb\u0119dne do uzyskania optymalnej wydajno\u015bci oraz zapobiegania zu\u017cyciu i uszkodzeniom.<\/li>\n<li>Wymiana uszczelek: Uszkodzone lub zu\u017cyte uszczelki nale\u017cy bezzw\u0142ocznie wymieni\u0107, aby zachowa\u0107 w\u0142a\u015bciw\u0105 szczelno\u015b\u0107 i zapobiec przeciekom.<\/li>\n<li>Kontrole kalibracji: Regularna kalibracja zapewnia dok\u0142adne dzia\u0142anie i zapobiega awariom.<\/li>\n<\/ul>\n<p><img decoding=\"async\" src=\"https:\/\/www.hydraulic-cylinders.net\/wp-content\/uploads\/2025\/01\/songte-bushings-with-all-kinds-of-excavator-models.webp\" alt=\"Konserwacja cylindra \u0142y\u017cki\"><\/p>\n<h2>Zagadnienia bezpiecze\u0144stwa i czynniki \u015brodowiskowe<\/h2>\n<p>Podczas u\u017cytkowania cylindra czerpakowego nale\u017cy bezwzgl\u0119dnie przestrzega\u0107 \u015brodk\u00f3w bezpiecze\u0144stwa, aby zapobiec wypadkom i zminimalizowa\u0107 wp\u0142yw na \u015brodowisko. Podczas instalacji, obs\u0142ugi i konserwacji nale\u017cy zachowa\u0107 \u015brodki ostro\u017cno\u015bci, aby zapewni\u0107 bezpiecze\u0144stwo personelu i otoczenia.<\/p>\n<h2>Rozwi\u0105zywanie problem\u00f3w i typowe problemy<\/h2>\n<p>Do typowych problem\u00f3w, kt\u00f3re mog\u0105 wyst\u0105pi\u0107 z cylindrem \u0142y\u017cki, nale\u017c\u0105 nieszczelno\u015bci, nieodpowiednia wydajno\u015b\u0107 i nieprawid\u0142owa obs\u0142uga. Oto kilka wskaz\u00f3wek i rozwi\u0105za\u0144 u\u0142atwiaj\u0105cych diagnoz\u0119 i rozwi\u0105zanie problem\u00f3w, a tak\u017ce \u015brodki zapobiegawcze minimalizuj\u0105ce potencjalne problemy.<\/p>\n<p><img decoding=\"async\" src=\"https:\/\/www.hydraulic-cylinders.net\/wp-content\/uploads\/2025\/01\/songte-company-1.webp\" alt=\"Rozwi\u0105zywanie problem\u00f3w z cylindrem \u0142y\u017cki\"><\/p>\n<h2>Przegl\u0105d firmy<\/h2>\n<p>Jeste\u015bmy producentem zamiennych cylindr\u00f3w hydraulicznych, oferuj\u0105cym szerok\u0105 gam\u0119 produkt\u00f3w. Stali\u015bmy si\u0119 jednym z wiod\u0105cych producent\u00f3w i hurtowych dystrybutor\u00f3w cylindr\u00f3w hydraulicznych na rynku krajowym i mi\u0119dzynarodowym. Nasza firma kieruje si\u0119 zasad\u0105 doskona\u0142o\u015bci jako\u015bci i opiera si\u0119 na przemys\u0142owych strategiach zarz\u0105dzania produkcj\u0105, wspieranych przez zaawansowane warsztaty produkcyjne. Koncentruj\u0105c si\u0119 na kompetencjach technologicznych, zaawansowanym sprz\u0119cie do produkcji cyfrowej i profesjonalnych systemach testowych, stale ulepszamy nasz\u0105 platform\u0119 produkcyjn\u0105, doskonalimy proces produkcyjny pod k\u0105tem jako\u015bci produkt\u00f3w i dysponujemy silnymi mo\u017cliwo\u015bciami innowacyjnymi. Dok\u0142adamy wszelkich stara\u0144, aby sprosta\u0107 zr\u00f3\u017cnicowanym wymaganiom klient\u00f3w, zapewniaj\u0105c wysok\u0105 wydajno\u015b\u0107, precyzj\u0119 i jako\u015b\u0107.<\/p>\n<p><img decoding=\"async\" src=\"https:\/\/www.hydraulic-cylinders.net\/wp-content\/uploads\/2025\/01\/songte-company-3.webp\" alt=\"Wizerunek firmy\"><\/p>\n<h3>Profesjonalizm<\/h3>\n<p>Profesjonalizm jest dla nas priorytetem w ka\u017cdym aspekcie naszej dzia\u0142alno\u015bci, w\u0142\u0105czaj\u0105c w to rozw\u00f3j produkt\u00f3w, produkcj\u0119 i obs\u0142ug\u0119 klienta.<\/p>\n<h3>Certyfikaty mi\u0119dzynarodowe<\/h3>\n<p>Nasze produkty uzyska\u0142y mi\u0119dzynarodowe certyfikaty, gwarantuj\u0105ce, \u017ce ich jako\u015b\u0107 i wydajno\u015b\u0107 odpowiadaj\u0105 najwy\u017cszym standardom.<\/p>\n<h3>Us\u0142ugi personalizacji<\/h3>\n<p>Oferujemy us\u0142ugi dostosowane do indywidualnych potrzeb klient\u00f3w, dostosowane do ich wymaga\u0144 i specyfikacji.<\/p>\n<h3>Sprz\u0119t produkcyjny<\/h3>\n<p>Wykorzystujemy najnowocze\u015bniejszy sprz\u0119t produkcyjny, aby zapewni\u0107 precyzj\u0119 i wydajno\u015b\u0107 produkcji.<\/p>\n<h3>Serwis posprzeda\u017cowy<\/h3>\n<p>Oferujemy kompleksowe us\u0142ugi posprzeda\u017cowe, obejmuj\u0105ce wymian\u0119 cz\u0119\u015bci i regeneracj\u0119, co pozwala wyd\u0142u\u017cy\u0107 \u017cywotno\u015b\u0107 naszych cylindr\u00f3w hydraulicznych.<\/p>\n<hr>\n<p>Autor: lyl<\/p>\n<p><\/body><br \/>\n<\/html><\/p>","protected":false},"excerpt":{"rendered":"<p>Bucket Cylinder For Atlas 2307LC Bucket Cylinder For Atlas 2307LC Introduction The Bucket Cylinder for Atlas 2307LC is a specially designed hydraulic cylinder used to control the movement of the bucket in heavy machinery such as excavators, backhoe loaders, and front-end loaders. Its main function is to enable the lifting, lowering, and tilting of the [&hellip;]<\/p>","protected":false},"featured_media":14771,"comment_status":"open","ping_status":"closed","template":"","meta":{"_et_pb_use_builder":"","_et_pb_old_content":"","_et_gb_content_width":""},"product_brand":[],"product_cat":[1494],"product_tag":[1495,1496],"class_list":{"0":"post-15922","1":"product","2":"type-product","3":"status-publish","4":"has-post-thumbnail","6":"product_cat-bucket-cylinders","7":"product_tag-bucket-cylinders","8":"product_tag-hydraulic-cylinders","10":"first","11":"instock","12":"shipping-taxable","13":"product-type-simple"},"amp_enabled":true,"_links":{"self":[{"href":"https:\/\/www.hydraulic-cylinders.net\/pl\/wp-json\/wp\/v2\/product\/15922","targetHints":{"allow":["GET"]}}],"collection":[{"href":"https:\/\/www.hydraulic-cylinders.net\/pl\/wp-json\/wp\/v2\/product"}],"about":[{"href":"https:\/\/www.hydraulic-cylinders.net\/pl\/wp-json\/wp\/v2\/types\/product"}],"replies":[{"embeddable":true,"href":"https:\/\/www.hydraulic-cylinders.net\/pl\/wp-json\/wp\/v2\/comments?post=15922"}],"wp:featuredmedia":[{"embeddable":true,"href":"https:\/\/www.hydraulic-cylinders.net\/pl\/wp-json\/wp\/v2\/media\/14771"}],"wp:attachment":[{"href":"https:\/\/www.hydraulic-cylinders.net\/pl\/wp-json\/wp\/v2\/media?parent=15922"}],"wp:term":[{"taxonomy":"product_brand","embeddable":true,"href":"https:\/\/www.hydraulic-cylinders.net\/pl\/wp-json\/wp\/v2\/product_brand?post=15922"},{"taxonomy":"product_cat","embeddable":true,"href":"https:\/\/www.hydraulic-cylinders.net\/pl\/wp-json\/wp\/v2\/product_cat?post=15922"},{"taxonomy":"product_tag","embeddable":true,"href":"https:\/\/www.hydraulic-cylinders.net\/pl\/wp-json\/wp\/v2\/product_tag?post=15922"}],"curies":[{"name":"wp","href":"https:\/\/api.w.org\/{rel}","templated":true}]}}