{"id":15925,"date":"2025-01-19T15:10:29","date_gmt":"2025-01-19T15:10:29","guid":{"rendered":"https:\/\/www.hydraulic-cylinders.net\/product\/bucket-cylinder-for-bonny-wzy32-7\/"},"modified":"2025-01-19T15:10:31","modified_gmt":"2025-01-19T15:10:31","slug":"bucket-cylinder-for-bonny-wzy32-7","status":"publish","type":"product","link":"https:\/\/www.hydraulic-cylinders.net\/pl\/produkt\/bucket-cylinder-for-bonny-wzy32-7\/","title":{"rendered":"Si\u0142ownik czerpakowy do Bonny WZY32-7"},"content":{"rendered":"<h1>Si\u0142ownik czerpakowy do Bonny WZY32-7<\/h1>\n<h2>Wst\u0119p<\/h2>\n<p>Si\u0142ownik \u0142y\u017cki to specjalnie zaprojektowany si\u0142ownik hydrauliczny, u\u017cywany g\u0142\u00f3wnie do sterowania ruchem \u0142y\u017cki w ci\u0119\u017ckich maszynach, takich jak koparki, koparko-\u0142adowarki i \u0142adowarki czo\u0142owe. Jego g\u0142\u00f3wn\u0105 funkcj\u0105 jest podnoszenie, opuszczanie i przechylanie \u0142y\u017cki, u\u0142atwiaj\u0105c wykonywanie r\u00f3\u017cnych zada\u0144 zwi\u0105zanych z prze\u0142adunkiem materia\u0142\u00f3w. Si\u0142owniki \u0142y\u017cki dzia\u0142aj\u0105 precyzyjnie w uk\u0142adzie hydraulicznym, umo\u017cliwiaj\u0105c wydajne przenoszenie ci\u0119\u017ckich \u0142adunk\u00f3w i dostosowuj\u0105c si\u0119 do z\u0142o\u017conych warunk\u00f3w pracy oraz zr\u00f3\u017cnicowanych wymaga\u0144.<\/p>\n<p><img decoding=\"async\" src=\"https:\/\/www.hydraulic-cylinders.net\/wp-content\/uploads\/2025\/01\/songte-company-2.webp\" alt=\"Cylinder kube\u0142kowy do Bonny WZY32-7 obraz\" \/><\/p>\n<h2>Cechy<\/h2>\n<ul>\n<li>Wysoka wytrzyma\u0142o\u015b\u0107 i trwa\u0142o\u015b\u0107: Zazwyczaj wykonany z wysokowytrzyma\u0142ej stali lub aluminium, wytrzymuje du\u017ce ci\u015bnienie i obci\u0105\u017cenia, jest przystosowany do trudnych warunk\u00f3w pracy. Zaprojektowany z my\u015bl\u0105 o odporno\u015bci na zu\u017cycie i korozj\u0119, co wyd\u0142u\u017ca jego \u017cywotno\u015b\u0107.<\/li>\n<li>Wydajna praca uk\u0142adu hydraulicznego: Dzi\u0119ki ci\u015bnieniu oleju hydraulicznego osi\u0105gane jest p\u0142ynne dzia\u0142anie teleskopowe, a urz\u0105dzenie szybko reaguje na polecenia steruj\u0105ce, zapewniaj\u0105c du\u017c\u0105 si\u0142\u0119 pchania i ci\u0105gni\u0119cia, co jest przydatne przy podnoszeniu ci\u0119\u017ckich \u0142adunk\u00f3w i wykonywaniu skomplikowanych zada\u0144.<\/li>\n<li>R\u00f3\u017cne typy: Si\u0142owniki jednostronnego dzia\u0142ania (hydraulika dzia\u0142a tylko w jednym kierunku) lub dwustronnego dzia\u0142ania (hydraulika dzia\u0142a w dw\u00f3ch kierunkach) mo\u017cna dobra\u0107 w zale\u017cno\u015bci od wymaga\u0144, aby spe\u0142ni\u0107 r\u00f3\u017cne potrzeby operacyjne. Niekt\u00f3re modele s\u0105 teleskopowe, co pozwala na wi\u0119ksz\u0105 rozbudow\u0119 bez zwi\u0119kszania wymiar\u00f3w zewn\u0119trznych, i nadaje si\u0119 do zastosowa\u0144 w ograniczonej przestrzeni.<\/li>\n<li>Idealna wymiana: Nasze produkty mog\u0105 idealnie zast\u0105pi\u0107 te cylindry hydrauliczne.<\/li>\n<\/ul>\n<p><img decoding=\"async\" src=\"https:\/\/www.hydraulic-cylinders.net\/wp-content\/uploads\/2025\/01\/songte-cylinder-head-with-all-kinds-excavator-models.webp\" alt=\"Cylinder kube\u0142kowy do Bonny WZY32-7 obraz\" \/><\/p>\n<h2>Aplikacje<\/h2>\n<p>Cylindry kube\u0142kowe s\u0105 stosowane w r\u00f3\u017cnych ga\u0142\u0119ziach przemys\u0142u, takich jak:<\/p>\n<ul>\n<li>Sprz\u0119t budowlany: W koparkach s\u0105 one niezb\u0119dne do kopania, za\u0142adunku i przemieszczania gleby lub gruzu. W koparko-\u0142adowarkach cylindry \u0142y\u017cki u\u0142atwiaj\u0105 kopanie i podnoszenie. W \u0142adowarkach czo\u0142owych u\u0142atwiaj\u0105 efektywne podnoszenie i przechylanie \u0142adunk\u00f3w.<\/li>\n<li>Maszyny rolnicze: U\u017cywane w \u0142adowarkach czo\u0142owych do nabierania, podnoszenia i transportu gleby, siana i innych materia\u0142\u00f3w. W koparkach cylindry \u0142y\u017cki umo\u017cliwiaj\u0105 kopanie, pozwalaj\u0105c \u0142y\u017cce na penetracj\u0119 gleby.<\/li>\n<\/ul>\n<h2>Zagadnienia projektowe i kryteria wyboru<\/h2>\n<p>Przy projektowaniu cylindr\u00f3w kube\u0142kowych nale\u017cy wzi\u0105\u0107 pod uwag\u0119 r\u00f3\u017cne czynniki, takie jak:<\/p>\n<ul>\n<li>No\u015bno\u015b\u0107: Cylinder musi by\u0107 na tyle wytrzyma\u0142y, aby utrzyma\u0107 przenoszony przez niego ci\u0119\u017car.<\/li>\n<li>Uszczelnienie: Cylinder musi by\u0107 szczelny, aby zapobiec wyciekom p\u0142ynu hydraulicznego.<\/li>\n<li>Trwa\u0142o\u015b\u0107: Cylinder musi by\u0107 odporny na zu\u017cycie i uszkodzenia.<\/li>\n<li>Bezpiecze\u0144stwo: Butla musi spe\u0142nia\u0107 normy bezpiecze\u0144stwa i zapobiega\u0107 wypadkom.<\/li>\n<li>Konserwacja: Aby przed\u0142u\u017cy\u0107 \u017cywotno\u015b\u0107 cylindra, musi by\u0107 on \u0142atwy w konserwacji.<\/li>\n<\/ul>\n<p>Nasze si\u0142owniki kube\u0142kowe przesz\u0142y rygorystyczne testy, aby zagwarantowa\u0107 spe\u0142nienie wszystkich tych kryteri\u00f3w. U\u017cywamy wysokiej jako\u015bci materia\u0142\u00f3w uszczelniaj\u0105cych i precyzyjnych proces\u00f3w produkcyjnych, aby zapewni\u0107 trwa\u0142o\u015b\u0107 i bezpiecze\u0144stwo. Regularna konserwacja, obejmuj\u0105ca smarowanie i wymian\u0119 uszczelnie\u0144, jest niezb\u0119dna dla zapewnienia optymalnej wydajno\u015bci i d\u0142ugowieczno\u015bci.<\/p>\n<p><img decoding=\"async\" src=\"https:\/\/www.hydraulic-cylinders.net\/wp-content\/uploads\/2025\/01\/songte-oil-pipes-and-spare-parts.webp\" alt=\"Cylinder kube\u0142kowy do Bonny WZY32-7 obraz\" \/><\/p>\n<h2>Uszczelnianie i smarowanie<\/h2>\n<p>Stosujemy r\u00f3\u017cnorodne elementy uszczelniaj\u0105ce, takie jak uszczelnienia t\u0142ok\u00f3w i t\u0142oczysk, wykonane z materia\u0142\u00f3w odpornych na zu\u017cycie, takich jak poliuretan i kauczuk nitrylowy, aby zapewni\u0107 szczelno\u015b\u0107. Korpus cylindra i gwintowane powierzchnie ko\u0144cowe s\u0105 precyzyjnie obrabiane w celu zwi\u0119kszenia odporno\u015bci na zu\u017cycie. Regularne smarowanie olejem hydraulicznym jest niezb\u0119dne dla zapewnienia p\u0142ynnej pracy i wyd\u0142u\u017cenia \u017cywotno\u015bci cylindra.<\/p>\n<h2>Konserwacja i naprawa<\/h2>\n<p>Regularne przegl\u0105dy, prawid\u0142owe smarowanie, wymiana uszczelek i kalibracja to typowe czynno\u015bci konserwacyjne. Prawid\u0142owy monta\u017c, smarowanie i regulacja s\u0105 kluczowe. Podczas monta\u017cu konieczne jest prawid\u0142owe ustawienie, dlatego zalecamy stosowanie odpowiednich wspornik\u00f3w monta\u017cowych do zabezpieczenia cylindra. Oferujemy r\u00f3wnie\u017c zalecane procedury kontroli, naprawy i wymiany, a tak\u017ce cz\u0119\u015bci zamienne i us\u0142ugi regeneracji, aby wyd\u0142u\u017cy\u0107 \u017cywotno\u015b\u0107 cylindra kube\u0142kowego.<\/p>\n<p><img decoding=\"async\" src=\"https:\/\/www.hydraulic-cylinders.net\/wp-content\/uploads\/2025\/01\/songte-chushion-collar.webp\" alt=\"Cylinder kube\u0142kowy do Bonny WZY32-7 obraz\" \/><\/p>\n<h2>Bezpiecze\u0144stwo i wzgl\u0119dy \u015brodowiskowe<\/h2>\n<p>Cylindry czerpakowe musz\u0105 by\u0107 u\u017cywane z zachowaniem odpowiednich \u015brodk\u00f3w bezpiecze\u0144stwa, aby zapobiec wypadkom. P\u0142yn hydrauliczny nale\u017cy utylizowa\u0107 w odpowiedni spos\u00f3b, aby zapobiec szkodom dla \u015brodowiska.<\/p>\n<h2>Diagnostyka usterek i typowe problemy<\/h2>\n<p>Do typowych problem\u00f3w z si\u0142ownikami czerpakowymi nale\u017c\u0105 nieszczelno\u015bci, niedostateczna moc i nieregularny ruch. Problemy te mog\u0105 by\u0107 spowodowane r\u00f3\u017cnymi czynnikami, takimi jak zu\u017cyte uszczelki, uszkodzone t\u0142oki lub zatkane filtry. Prawid\u0142owa diagnoza i terminowa naprawa s\u0105 niezb\u0119dne, aby zapobiec dalszym uszkodzeniom lub wypadkom.<\/p>\n<h2>O naszej firmie<\/h2>\n<p>Jeste\u015bmy producentem zamiennych cylindr\u00f3w hydraulicznych, oferuj\u0105cym kompletne kategorie produkt\u00f3w, i stali\u015bmy si\u0119 jednym z wiod\u0105cych producent\u00f3w i hurtowych dystrybutor\u00f3w cylindr\u00f3w hydraulicznych na rynku krajowym i mi\u0119dzynarodowym. Kierujemy si\u0119 zasad\u0105 doskona\u0142ej jako\u015bci i opieramy si\u0119 na strategiach zarz\u0105dzania produkcj\u0105 przemys\u0142ow\u0105, zapewniaj\u0105c precyzyjne warsztaty produkcyjne. Stale udoskonalamy nasz\u0105 platform\u0119 produkcyjn\u0105, doskonalimy jako\u015b\u0107 naszych produkt\u00f3w i dysponujemy du\u017cym potencja\u0142em kreatywnym. Spe\u0142niamy oczekiwania klient\u00f3w, zapewniaj\u0105c im wysok\u0105 wydajno\u015b\u0107, precyzj\u0119 i przestrzegaj\u0105c zasad jako\u015bci.<\/p>\n<p><img decoding=\"async\" src=\"https:\/\/hzpt.com\/wp-content\/uploads\/2024\/11\/songte-company-1.webp\" alt=\"Cylinder kube\u0142kowy do Bonny WZY32-7 obraz\" \/><\/p>\n<h3>Profesjonalizm<\/h3>\n<p>Nasz zesp\u00f3\u0142 sk\u0142ada si\u0119 z profesjonalist\u00f3w z bogatym do\u015bwiadczeniem w dziedzinie cylindr\u00f3w hydraulicznych i pokrewnych dziedzin. Nasi pracownicy posiadaj\u0105 wiedz\u0119 i dysponuj\u0105 zaawansowan\u0105 technologi\u0105 oraz sprz\u0119tem do produkcji wysokiej jako\u015bci cylindr\u00f3w czerpakowych.<\/p>\n<h3>Mi\u0119dzynarodowa Certyfikacja<\/h3>\n<p>Nasze produkty posiadaj\u0105 mi\u0119dzynarodowe certyfikaty, takie jak CE, SGS i ISO 9001. Przestrzegamy rygorystycznych norm kontroli jako\u015bci, aby zagwarantowa\u0107 najwy\u017csz\u0105 jako\u015b\u0107 naszych produkt\u00f3w.<\/p>\n<h3>Us\u0142ugi personalizacji<\/h3>\n<p>Oferujemy us\u0142ugi dostosowywania do indywidualnych potrzeb klient\u00f3w, dotycz\u0105ce m.in. projektu, rozmiaru i u\u017cytych materia\u0142\u00f3w.<\/p>\n<h3>Sprz\u0119t produkcyjny<\/h3>\n<p>Posiadamy zaawansowany sprz\u0119t produkcyjny, taki jak maszyny CNC i urz\u0105dzenia testowe, co gwarantuje wydajn\u0105 i dok\u0142adn\u0105 produkcj\u0119.<\/p>\n<h3>Serwis posprzeda\u017cowy<\/h3>\n<p>Zapewniamy kompleksow\u0105 obs\u0142ug\u0119 posprzeda\u017cow\u0105, obejmuj\u0105c\u0105 wsparcie techniczne, naprawy i wymian\u0119. Nasz zesp\u00f3\u0142 obs\u0142ugi klienta jest do dyspozycji klient\u00f3w w przypadku pyta\u0144 lub problem\u00f3w.<\/p>\n<p>Autorem tego artyku\u0142u jest lyl.<\/p>","protected":false},"excerpt":{"rendered":"<p>Bucket Cylinder For Bonny WZY32-7 Introduction A bucket cylinder is a specially designed hydraulic cylinder used primarily for controlling the movement of buckets in heavy machinery such as excavators, backhoe excavators, and front-end loaders. Its main function is to enable the bucket to be lifted, lowered, and tilted, making it easier to handle various material [&hellip;]<\/p>","protected":false},"featured_media":14762,"comment_status":"open","ping_status":"closed","template":"","meta":{"_et_pb_use_builder":"","_et_pb_old_content":"","_et_gb_content_width":""},"product_brand":[],"product_cat":[1494],"product_tag":[1495,1496],"class_list":{"0":"post-15925","1":"product","2":"type-product","3":"status-publish","4":"has-post-thumbnail","6":"product_cat-bucket-cylinders","7":"product_tag-bucket-cylinders","8":"product_tag-hydraulic-cylinders","10":"first","11":"instock","12":"shipping-taxable","13":"product-type-simple"},"amp_enabled":true,"_links":{"self":[{"href":"https:\/\/www.hydraulic-cylinders.net\/pl\/wp-json\/wp\/v2\/product\/15925","targetHints":{"allow":["GET"]}}],"collection":[{"href":"https:\/\/www.hydraulic-cylinders.net\/pl\/wp-json\/wp\/v2\/product"}],"about":[{"href":"https:\/\/www.hydraulic-cylinders.net\/pl\/wp-json\/wp\/v2\/types\/product"}],"replies":[{"embeddable":true,"href":"https:\/\/www.hydraulic-cylinders.net\/pl\/wp-json\/wp\/v2\/comments?post=15925"}],"wp:featuredmedia":[{"embeddable":true,"href":"https:\/\/www.hydraulic-cylinders.net\/pl\/wp-json\/wp\/v2\/media\/14762"}],"wp:attachment":[{"href":"https:\/\/www.hydraulic-cylinders.net\/pl\/wp-json\/wp\/v2\/media?parent=15925"}],"wp:term":[{"taxonomy":"product_brand","embeddable":true,"href":"https:\/\/www.hydraulic-cylinders.net\/pl\/wp-json\/wp\/v2\/product_brand?post=15925"},{"taxonomy":"product_cat","embeddable":true,"href":"https:\/\/www.hydraulic-cylinders.net\/pl\/wp-json\/wp\/v2\/product_cat?post=15925"},{"taxonomy":"product_tag","embeddable":true,"href":"https:\/\/www.hydraulic-cylinders.net\/pl\/wp-json\/wp\/v2\/product_tag?post=15925"}],"curies":[{"name":"wp","href":"https:\/\/api.w.org\/{rel}","templated":true}]}}