{"id":15931,"date":"2025-01-19T15:10:53","date_gmt":"2025-01-19T15:10:53","guid":{"rendered":"https:\/\/www.hydraulic-cylinders.net\/product\/bucket-cylinder-for-bonny-ce2200-7\/"},"modified":"2025-01-19T15:10:57","modified_gmt":"2025-01-19T15:10:57","slug":"bucket-cylinder-for-bonny-ce2200-7","status":"publish","type":"product","link":"https:\/\/www.hydraulic-cylinders.net\/pl\/produkt\/bucket-cylinder-for-bonny-ce2200-7\/","title":{"rendered":"Si\u0142ownik \u0142y\u017cki do Bonny CE2200-7"},"content":{"rendered":"<h1>Si\u0142ownik \u0142y\u017cki do Bonny CE2200-7<\/h1>\n<h2>Wst\u0119p<\/h2>\n<p>Si\u0142ownik \u0142y\u017cki do koparki Bonny CE2200-7 to specjalistyczny si\u0142ownik hydrauliczny s\u0142u\u017c\u0105cy do sterowania ruchem \u0142y\u017cki w ci\u0119\u017ckich maszynach, takich jak koparki, koparko-\u0142adowarki i \u0142adowarki czo\u0142owe. Jego g\u0142\u00f3wn\u0105 funkcj\u0105 jest umo\u017cliwienie podnoszenia, opuszczania i przechylania \u0142y\u017cki w celu u\u0142atwienia transportu materia\u0142\u00f3w. W uk\u0142adzie hydraulicznym si\u0142ownik \u0142y\u017cki steruje precyzyjnymi ruchami \u0142y\u017cki poprzez zmian\u0119 ci\u015bnienia oleju hydraulicznego, umo\u017cliwiaj\u0105c operatorom wydajne przenoszenie du\u017cych \u0142adunk\u00f3w, dostosowywanie si\u0119 do z\u0142o\u017conych warunk\u00f3w pracy i zr\u00f3\u017cnicowanych wymaga\u0144.<\/p>\n<p><img decoding=\"async\" src=\"https:\/\/www.hydraulic-cylinders.net\/wp-content\/uploads\/2025\/01\/songte-company-2.webp\" alt=\"Si\u0142ownik \u0142y\u017cki do Bonny CE2200-7\"><\/p>\n<h2>Cechy<\/h2>\n<ul>\n<li>\n<h3>Wysoka wytrzyma\u0142o\u015b\u0107 i trwa\u0142o\u015b\u0107<\/h3>\n<p>Si\u0142ownik \u0142y\u017cki jest zazwyczaj wykonany z wysokowytrzyma\u0142ej stali lub aluminium, co pozwala mu wytrzyma\u0107 wysokie ci\u015bnienie i du\u017ce obci\u0105\u017cenia, dostosowuj\u0105c si\u0119 do trudnych warunk\u00f3w pracy. Konstrukcja uwzgl\u0119dnia odporno\u015b\u0107 na zu\u017cycie i korozj\u0119, co wyd\u0142u\u017ca jego \u017cywotno\u015b\u0107.<\/p>\n<\/li>\n<li>\n<h3>Wydajna praca hydrauliczna<\/h3>\n<p>Si\u0142ownik \u0142y\u017cki wykorzystuje ci\u015bnienie oleju hydraulicznego, aby zapewni\u0107 p\u0142ynne wysuwanie i wsuwanie, szybko reaguje na polecenia steruj\u0105ce, zapewnia du\u017c\u0105 si\u0142\u0119 pchania i ci\u0105gni\u0119cia, odpowiedni\u0105 do przenoszenia ci\u0119\u017ckich \u0142adunk\u00f3w i skomplikowanych operacji.<\/p>\n<\/li>\n<li>\n<h3>Dost\u0119pne r\u00f3\u017cne typy<\/h3>\n<p>Si\u0142ownik czerpakowy jest dost\u0119pny w wersji jednostronnego dzia\u0142ania (hydrauliczny w jednym kierunku) lub dwustronnego dzia\u0142ania (hydrauliczny w obu kierunkach), w zale\u017cno\u015bci od potrzeb. Niekt\u00f3re modele s\u0105 teleskopowe, co pozwala na wi\u0119ksze wysuni\u0119cie bez zwi\u0119kszania wymiar\u00f3w zewn\u0119trznych, i nadaje si\u0119 do zastosowa\u0144 w ograniczonej przestrzeni.<\/p>\n<\/li>\n<li>\n<h3>Idealna opcja wymiany<\/h3>\n<p>Nasz produkt mo\u017ce doskonale zast\u0105pi\u0107 te cylindry hydrauliczne, jeste\u015bmy w stanie wyprodukowa\u0107 ten produkt.<\/p>\n<\/li>\n<li>\n<h3>Scenariusze zastosowa\u0144<\/h3>\n<ul>\n<li>\n<h4>Sprz\u0119t budowlany<\/h4>\n<p>W koparkach s\u0105 one niezb\u0119dne do kopania, za\u0142adunku i przemieszczania gleby lub gruzu. W koparko-\u0142adowarkach si\u0142ownik \u0142y\u017cki wspomaga zar\u00f3wno kopanie, jak i podnoszenie. W \u0142adowarkach czo\u0142owych wspomagaj\u0105 one wydajne podnoszenie i wysypywanie materia\u0142\u00f3w.<\/p>\n<p>        <img decoding=\"async\" src=\"https:\/\/hzpt.com\/wp-content\/uploads\/2024\/11\/songte-company-1.webp\" alt=\"Si\u0142ownik \u0142y\u017cki do Bonny CE2200-7\">\n      <\/li>\n<li>\n<h4>Maszyny rolnicze<\/h4>\n<p>Stosowany w \u0142adowarkach czo\u0142owych do kopania, podnoszenia i transportu gleby, siana i innych materia\u0142\u00f3w. W koparkach si\u0142ownik \u0142y\u017cki umo\u017cliwia kopanie, pozwalaj\u0105c \u0142y\u017cce wnika\u0107 w gleb\u0119.<\/p>\n<p>        <img decoding=\"async\" src=\"https:\/\/www.hydraulic-cylinders.net\/wp-content\/uploads\/2025\/01\/songte-chushion-collar.webp\" alt=\"Si\u0142ownik \u0142y\u017cki do Bonny CE2200-7\">\n      <\/li>\n<\/ul>\n<\/li>\n<\/ul>\n<h2>Zagadnienia projektowe i kryteria wyboru<\/h2>\n<ul>\n<li>\n<h3>No\u015bno\u015b\u0107<\/h3>\n<p>No\u015bno\u015b\u0107 cylindra \u0142y\u017cki jest kluczowym czynnikiem decyduj\u0105cym o tym, czy b\u0119dzie on w stanie obs\u0142ugiwa\u0107 du\u017ce obci\u0105\u017cenia. Projekt musi uwzgl\u0119dnia\u0107 ci\u015bnienie hydrauliczne wymagane do poruszania \u0142y\u017ck\u0105 oraz ci\u0119\u017car przenoszonego materia\u0142u.<\/p>\n<\/li>\n<li>\n<h3>Opiecz\u0119towanie<\/h3>\n<p>Mechanizm uszczelniaj\u0105cy si\u0142ownika czerpakowego jest niezb\u0119dny, aby zapewni\u0107 jego odporno\u015b\u0107 na ci\u015bnienie hydrauliczne bez ryzyka wycieku. Projekt musi uwzgl\u0119dnia\u0107 zastosowanie odpowiednich materia\u0142\u00f3w na elementy uszczelniaj\u0105ce, takie jak uszczelnienia t\u0142oka i t\u0142oczyska.<\/p>\n<\/li>\n<li>\n<h3>Trwa\u0142o\u015b\u0107<\/h3>\n<p>Si\u0142ownik czerpakowy musi by\u0107 odporny na trudne warunki pracy oraz zu\u017cycie i korozj\u0119. Projekt musi uwzgl\u0119dnia\u0107 zastosowanie odpowiednich materia\u0142\u00f3w w elementach nara\u017conych na zu\u017cycie i korozj\u0119, takich jak korpus si\u0142ownika i t\u0142oczysko.<\/p>\n<\/li>\n<li>\n<h3>Bezpiecze\u0144stwo<\/h3>\n<p>Konstrukcja cylindra czerpakowego musi uwzgl\u0119dnia\u0107 czynniki bezpiecze\u0144stwa, takie jak konieczno\u015b\u0107 wyeliminowania ryzyka awarii, kt\u00f3ra mog\u0142aby spowodowa\u0107 obra\u017cenia lub uszkodzenie sprz\u0119tu lub \u015brodowiska.<\/p>\n<\/li>\n<li>\n<h3>Konserwacja<\/h3>\n<p>Si\u0142ownik czerpakowy wymaga okresowej konserwacji, aby zapewni\u0107 jego prawid\u0142owe dzia\u0142anie. Konstrukcja musi uwzgl\u0119dnia\u0107 \u0142atwy dost\u0119p do podzespo\u0142\u00f3w wymagaj\u0105cych konserwacji, takich jak uszczelnienia t\u0142oka, uszczelnienia t\u0142oczyska i przewody hydrauliczne.<\/p>\n<p>    <img decoding=\"async\" src=\"https:\/\/www.hydraulic-cylinders.net\/wp-content\/uploads\/2025\/01\/songte-oil-pipes-and-spare-parts.webp\" alt=\"Si\u0142ownik \u0142y\u017cki do Bonny CE2200-7\">\n  <\/li>\n<\/ul>\n<h2>Uszczelnianie i smarowanie<\/h2>\n<p>W si\u0142owniku kube\u0142kowym zastosowano r\u00f3\u017cnorodne elementy uszczelniaj\u0105ce, takie jak uszczelnienia t\u0142oka i t\u0142oczyska, wykonane z materia\u0142\u00f3w odpornych na zu\u017cycie, takich jak poliuretan i kauczuk nitrylowy. Korpus si\u0142ownika i gwintowana powierzchnia ko\u0144cowa s\u0105 precyzyjnie obrabiane w celu zwi\u0119kszenia odporno\u015bci na zu\u017cycie. Regularne smarowanie olejem hydraulicznym jest niezb\u0119dne dla zapewnienia p\u0142ynnej pracy, zmniejszenia zu\u017cycia i wyd\u0142u\u017cenia \u017cywotno\u015bci.<\/p>\n<h2>Inspekcja i konserwacja zapobiegawcza<\/h2>\n<ul>\n<li>\n<h3>Regularna kontrola<\/h3>\n<p>Sprawd\u017a korpus cylindra, t\u0142ok i t\u0142oczysko pod k\u0105tem zu\u017cycia, uszkodze\u0144 i niewsp\u00f3\u0142osiowo\u015bci. Sprawd\u017a przewody hydrauliczne i z\u0142\u0105czki pod k\u0105tem wyciek\u00f3w, p\u0119kni\u0119\u0107 i lu\u017anych po\u0142\u0105cze\u0144.<\/p>\n<\/li>\n<li>\n<h3>Prawid\u0142owe smarowanie<\/h3>\n<p>U\u017cyj odpowiedniego oleju hydraulicznego i upewnij si\u0119, \u017ce jego poziom jest na zalecanym poziomie. Sprawd\u017a filtr oleju i wymie\u0144 go w razie potrzeby.<\/p>\n<\/li>\n<li>\n<h3>Wymiana uszczelki<\/h3>\n<p>Niezw\u0142ocznie wymie\u0144 zu\u017cyte lub uszkodzone uszczelki t\u0142oka lub t\u0142oczyska, aby zapobiec wyciekom i zapewni\u0107 w\u0142a\u015bciwe uszczelnienie.<\/p>\n<\/li>\n<li>\n<h3>Kontrola kalibracji<\/h3>\n<p>Upewnij si\u0119, \u017ce kalibracja butli jest prawid\u0142owa, aby zapobiec przeci\u0105\u017ceniu lub niedoci\u0105\u017ceniu. Sprawd\u017a manometr i w razie potrzeby wyreguluj kalibracj\u0119.<\/p>\n<p>    <img decoding=\"async\" src=\"https:\/\/www.hydraulic-cylinders.net\/wp-content\/uploads\/2025\/01\/songte-bushings-with-all-kinds-of-excavator-models.webp\" alt=\"Si\u0142ownik \u0142y\u017cki do Bonny CE2200-7\">\n  <\/li>\n<\/ul>\n<h2>Zagadnienia bezpiecze\u0144stwa i czynniki \u015brodowiskowe<\/h2>\n<p>Bezpiecze\u0144stwo jest kluczowe podczas u\u017cytkowania cylindra czerpakowego. Zawsze nale\u017cy przestrzega\u0107 wytycznych bezpiecze\u0144stwa, nosi\u0107 odpowiedni sprz\u0119t ochronny i upewni\u0107 si\u0119, \u017ce sprz\u0119t jest w dobrym stanie technicznym. U\u017cytkowanie cylindra czerpakowego mo\u017ce mie\u0107 negatywny wp\u0142yw na \u015brodowisko, powoduj\u0105c erozj\u0119 gleby, zanieczyszczenie py\u0142em i ha\u0142as. Nale\u017cy zapewni\u0107 bezpieczne obchodzenie si\u0119 z materia\u0142ami niebezpiecznymi i ich utylizacj\u0119.<\/p>\n<h2>Rozwi\u0105zywanie problem\u00f3w i typowe problemy<\/h2>\n<p>Do typowych problem\u00f3w z cylindrem czerpakowym nale\u017c\u0105 nieszczelno\u015bci, niewystarczaj\u0105ce lub nier\u00f3wnomierne ci\u015bnienie oraz niesprawne zawory steruj\u0105ce. Rozwi\u0105\u017c te problemy, sprawdzaj\u0105c korpus cylindra, t\u0142ok i uszczelki t\u0142oczyska, przewody hydrauliczne i z\u0142\u0105czki. Prawid\u0142owa konserwacja i regularne przegl\u0105dy mog\u0105 zapobiec wielu z tych problem\u00f3w.<\/p>\n<h2>Wprowadzenie do firmy<\/h2>\n<p>Jeste\u015bmy wiod\u0105cym producentem i hurtownikiem si\u0142ownik\u00f3w hydraulicznych na rynku krajowym i mi\u0119dzynarodowym. Nasze produkty s\u0105 wszechstronne, a wysoka jako\u015b\u0107 jest gwarantowana przez wydajne i precyzyjne strategie zarz\u0105dzania produkcj\u0105. Nasze do\u015bwiadczenie w zakresie technologii, sprz\u0119tu i profesjonalnych system\u00f3w kontroli, w po\u0142\u0105czeniu z wykwalifikowan\u0105 kadr\u0105, gwarantuje spe\u0142nienie zr\u00f3\u017cnicowanych potrzeb klient\u00f3w. Oferujemy us\u0142ugi dostosowane do indywidualnych potrzeb, a nasze produkty posiadaj\u0105 mi\u0119dzynarodowe certyfikaty, co czyni nas wiarygodnym partnerem dla producent\u00f3w ci\u0119\u017ckiego sprz\u0119tu i dealer\u00f3w sprz\u0119tu hydraulicznego.<\/p>\n<ul>\n<li>\n<h3>Profesjonalizm<\/h3>\n<p>Posiadamy profesjonaln\u0105 i do\u015bwiadczon\u0105 kadr\u0119, kt\u00f3rej celem jest dostarczanie produkt\u00f3w i us\u0142ug najwy\u017cszej jako\u015bci.<\/p>\n<\/li>\n<li>\n<h3>Certyfikaty mi\u0119dzynarodowe<\/h3>\n<p>Nasze produkty posiadaj\u0105 mi\u0119dzynarodowe certyfikaty, gwarantuj\u0105ce spe\u0142nienie najwy\u017cszych standard\u00f3w jako\u015bci.<\/p>\n<\/li>\n<li>\n<h3>Us\u0142ugi dostosowane do indywidualnych potrzeb<\/h3>\n<p>Oferujemy us\u0142ugi dostosowane do zr\u00f3\u017cnicowanych potrzeb klient\u00f3w.<\/p>\n<\/li>\n<li>\n<h3>Sprz\u0119t produkcyjny<\/h3>\n<p>Wykorzystujemy najnowocze\u015bniejszy sprz\u0119t produkcyjny, aby zapewni\u0107 wydajno\u015b\u0107 i precyzj\u0119 proces\u00f3w produkcyjnych.<\/p>\n<\/li>\n<li>\n<h3>Serwis posprzeda\u017cowy<\/h3>\n<p>Zapewniamy kompleksowy serwis posprzeda\u017cowy, obejmuj\u0105cy napraw\u0119 i wymian\u0119 cz\u0119\u015bci, aby zapewni\u0107 d\u0142ug\u0105 \u017cywotno\u015b\u0107 naszych produkt\u00f3w.<\/p>\n<p>    <img decoding=\"async\" src=\"https:\/\/www.hydraulic-cylinders.net\/wp-content\/uploads\/2025\/01\/songte-company-3.webp\" alt=\"Si\u0142ownik \u0142y\u017cki do Bonny CE2200-7\">\n  <\/li>\n<\/ul>\n<p>Autor: lyl<\/p>","protected":false},"excerpt":{"rendered":"<p>Bucket Cylinder For Bonny CE2200-7 Introduction The bucket cylinder for Bonny CE2200-7 is a specialized hydraulic cylinder used for controlling the movement of the bucket in heavy machinery such as excavators, backhoe excavators, and front-end loaders. Its primary function is to enable the bucket to lift, lower, and tilt for easy material handling tasks. In [&hellip;]<\/p>","protected":false},"featured_media":14784,"comment_status":"open","ping_status":"closed","template":"","meta":{"_et_pb_use_builder":"","_et_pb_old_content":"","_et_gb_content_width":""},"product_brand":[],"product_cat":[1494],"product_tag":[1495,1496],"class_list":{"0":"post-15931","1":"product","2":"type-product","3":"status-publish","4":"has-post-thumbnail","6":"product_cat-bucket-cylinders","7":"product_tag-bucket-cylinders","8":"product_tag-hydraulic-cylinders","10":"first","11":"instock","12":"shipping-taxable","13":"product-type-simple"},"amp_enabled":true,"_links":{"self":[{"href":"https:\/\/www.hydraulic-cylinders.net\/pl\/wp-json\/wp\/v2\/product\/15931","targetHints":{"allow":["GET"]}}],"collection":[{"href":"https:\/\/www.hydraulic-cylinders.net\/pl\/wp-json\/wp\/v2\/product"}],"about":[{"href":"https:\/\/www.hydraulic-cylinders.net\/pl\/wp-json\/wp\/v2\/types\/product"}],"replies":[{"embeddable":true,"href":"https:\/\/www.hydraulic-cylinders.net\/pl\/wp-json\/wp\/v2\/comments?post=15931"}],"wp:featuredmedia":[{"embeddable":true,"href":"https:\/\/www.hydraulic-cylinders.net\/pl\/wp-json\/wp\/v2\/media\/14784"}],"wp:attachment":[{"href":"https:\/\/www.hydraulic-cylinders.net\/pl\/wp-json\/wp\/v2\/media?parent=15931"}],"wp:term":[{"taxonomy":"product_brand","embeddable":true,"href":"https:\/\/www.hydraulic-cylinders.net\/pl\/wp-json\/wp\/v2\/product_brand?post=15931"},{"taxonomy":"product_cat","embeddable":true,"href":"https:\/\/www.hydraulic-cylinders.net\/pl\/wp-json\/wp\/v2\/product_cat?post=15931"},{"taxonomy":"product_tag","embeddable":true,"href":"https:\/\/www.hydraulic-cylinders.net\/pl\/wp-json\/wp\/v2\/product_tag?post=15931"}],"curies":[{"name":"wp","href":"https:\/\/api.w.org\/{rel}","templated":true}]}}