{"id":15932,"date":"2025-01-19T15:10:59","date_gmt":"2025-01-19T15:10:59","guid":{"rendered":"https:\/\/www.hydraulic-cylinders.net\/product\/bucket-cylinder-for-bonny-wzyd18-6\/"},"modified":"2025-01-19T15:11:02","modified_gmt":"2025-01-19T15:11:02","slug":"bucket-cylinder-for-bonny-wzyd18-6","status":"publish","type":"product","link":"https:\/\/www.hydraulic-cylinders.net\/pl\/produkt\/bucket-cylinder-for-bonny-wzyd18-6\/","title":{"rendered":"Cylinder wiadra do Bonny WZYD18-6"},"content":{"rendered":"<h1>Cylinder kube\u0142kowy do Bonny WZYD18-6<\/h1>\n<h2>Wst\u0119p<\/h2>\n<p>Si\u0142ownik \u0142y\u017cki do koparki Bonny WZYD18-6 to specjalistyczny si\u0142ownik hydrauliczny przeznaczony do sterowania ruchem \u0142y\u017cki w ci\u0119\u017ckich maszynach, takich jak koparki, koparko-\u0142adowarki i \u0142adowarki czo\u0142owe. Jego g\u0142\u00f3wn\u0105 funkcj\u0105 jest podnoszenie, opuszczanie i przechylanie \u0142y\u017cki, umo\u017cliwiaj\u0105c tym samym wydajne przenoszenie r\u00f3\u017cnych materia\u0142\u00f3w. W uk\u0142adzie hydraulicznym si\u0142ownik \u0142y\u017cki zapewnia precyzyjn\u0105 kontrol\u0119 nad \u0142y\u017ck\u0105 poprzez zmian\u0119 ci\u015bnienia oleju hydraulicznego, umo\u017cliwiaj\u0105c operatorom wydajne przenoszenie du\u017cych \u0142adunk\u00f3w i dostosowanie si\u0119 do z\u0142o\u017conych warunk\u00f3w pracy oraz zr\u00f3\u017cnicowanych wymaga\u0144 operacyjnych.<\/p>\n<p><img decoding=\"async\" src=\"https:\/\/www.hydraulic-cylinders.net\/wp-content\/uploads\/2025\/01\/songte-company-2.webp\" alt=\"Cylinder kube\u0142kowy do Bonny WZYD18-6\"><\/p>\n<h2>Cechy produktu<\/h2>\n<ul>\n<li>\n<h3>Wysoka wytrzyma\u0142o\u015b\u0107 i trwa\u0142o\u015b\u0107<\/h3>\n<p>Zazwyczaj wykonany z wysokowytrzyma\u0142ej stali lub aluminium, si\u0142ownik \u0142y\u017cki wytrzymuje wysokie ci\u015bnienie i du\u017ce obci\u0105\u017cenia, dostosowuj\u0105c si\u0119 do trudnych warunk\u00f3w pracy. Jego konstrukcja uwzgl\u0119dnia odporno\u015b\u0107 na zu\u017cycie i korozj\u0119, co wyd\u0142u\u017ca jego \u017cywotno\u015b\u0107.<\/p>\n<\/li>\n<li>\n<h3>Wydajna praca hydrauliczna<\/h3>\n<p>Wykorzystuj\u0105c ci\u015bnienie oleju hydraulicznego, si\u0142ownik \u0142y\u017cki zapewnia p\u0142ynne ruchy wysuwania i wsuwania, szybko reaguj\u0105c na polecenia steruj\u0105ce, generuj\u0105c du\u017ce si\u0142y pchania i ci\u0105gni\u0119cia, dzi\u0119ki czemu nadaje si\u0119 do podnoszenia ci\u0119\u017ckich \u0142adunk\u00f3w i wykonywania skomplikowanych zada\u0144 operacyjnych.<\/p>\n<\/li>\n<li>\n<h3>R\u00f3\u017cne typy<\/h3>\n<p>Si\u0142ownik czerpakowy mo\u017ce by\u0107 wybrany jako si\u0142ownik jednostronnego dzia\u0142ania (wykorzystuj\u0105cy hydraulik\u0119 tylko w jednym kierunku) lub dwustronnego dzia\u0142ania (wykorzystuj\u0105cy hydraulik\u0119 w dw\u00f3ch kierunkach), w zale\u017cno\u015bci od wymaga\u0144 operacyjnych. Niekt\u00f3re modele s\u0105 teleskopowe, co pozwala na wi\u0119ksze wysuni\u0119cie bez zwi\u0119kszania wymiar\u00f3w zewn\u0119trznych, dzi\u0119ki czemu nadaj\u0105 si\u0119 do zastosowa\u0144 w ograniczonej przestrzeni.<\/p>\n<\/li>\n<li>\n<h3>Dost\u0119pno\u015b\u0107 produktu<\/h3>\n<p>Nasze produkty mog\u0105 doskonale zast\u0105pi\u0107 si\u0142owniki hydrauliczne i oferujemy szeroki wyb\u00f3r opcji. <\/p>\n<\/li>\n<li>\n<h3>Scenariusze zastosowa\u0144<\/h3>\n<p>Si\u0142ownik czerpakowy jest powszechnie stosowany w r\u00f3\u017cnych ga\u0142\u0119ziach przemys\u0142u, m.in. w sprz\u0119cie budowlanym, maszynach rolniczych, koparkach i \u0142adowarkach.<\/p>\n<\/li>\n<\/ul>\n<h2>Zagadnienia projektowe i kryteria wyboru<\/h2>\n<p>Si\u0142owniki kube\u0142kowe to kluczowe elementy uk\u0142ad\u00f3w hydraulicznych i powinny by\u0107 starannie projektowane i dobierane, bior\u0105c pod uwag\u0119 takie czynniki, jak no\u015bno\u015b\u0107, szczelno\u015b\u0107, trwa\u0142o\u015b\u0107, bezpiecze\u0144stwo i \u0142atwo\u015b\u0107 konserwacji. Oto niekt\u00f3re z kluczowych aspekt\u00f3w projektowych i kryteri\u00f3w wyboru:<\/p>\n<ul>\n<li>\n<h3>No\u015bno\u015b\u0107<\/h3>\n<p>Si\u0142ownik czerpakowy musi by\u0107 w stanie wytrzyma\u0107 maksymalne obci\u0105\u017cenie, jakie prawdopodobnie napotka podczas pracy, bez ryzyka awarii. Rozmiar, typ i materia\u0142y u\u017cyte do jego konstrukcji musz\u0105 by\u0107 starannie dobrane w zale\u017cno\u015bci od konkretnego zastosowania.<\/p>\n<\/li>\n<li>\n<h3>Opiecz\u0119towanie<\/h3>\n<p>Si\u0142ownik czerpakowy musi by\u0107 skutecznie uszczelniony, aby zapobiec wyciekom p\u0142ynu hydraulicznego, kt\u00f3re mog\u0142yby powodowa\u0107 problemy eksploatacyjne i zwi\u0119ksza\u0107 wymagania konserwacyjne. Aby zapewni\u0107 skuteczne uszczelnienie, mo\u017cna stosowa\u0107 r\u00f3\u017cne rodzaje uszczelnie\u0144, takie jak uszczelnienia t\u0142oka i t\u0142oczyska, wykonane z materia\u0142\u00f3w takich jak poliuretan i kauczuk nitrylowy. Korpus si\u0142ownika i gwintowane powierzchnie ko\u0144cowe r\u00f3wnie\u017c powinny by\u0107 precyzyjnie obrobione, aby zwi\u0119kszy\u0107 odporno\u015b\u0107 na zu\u017cycie.<\/p>\n<\/li>\n<li>\n<h3>Trwa\u0142o\u015b\u0107<\/h3>\n<p>Si\u0142ownik \u0142y\u017cki musi by\u0107 trwa\u0142y, odporny na zu\u017cycie i korozj\u0119 oraz odporny na trudne warunki pracy. Wysokiej jako\u015bci materia\u0142y, precyzyjne procesy produkcyjne i odpowiednia obr\u00f3bka powierzchni gwarantuj\u0105 d\u0142ug\u0105 \u017cywotno\u015b\u0107.<\/p>\n<\/li>\n<li>\n<h3>Bezpiecze\u0144stwo<\/h3>\n<p>Si\u0142ownik czerpaka musi by\u0107 zaprojektowany tak, aby spe\u0142nia\u0142 wymogi bezpiecze\u0144stwa, takie jak zapobieganie ryzyku wyboczenia lub nag\u0142ej awarii oraz zapobieganie wyciekowi p\u0142ynu hydraulicznego pod ci\u015bnieniem. Aby zapewni\u0107 bezpiecze\u0144stwo, nale\u017cy przestrzega\u0107 prawid\u0142owych procedur instalacji, konserwacji i obs\u0142ugi.<\/p>\n<\/li>\n<li>\n<h3>Utrzymywalno\u015b\u0107<\/h3>\n<p>Cylinder czerpakowy musi by\u0107 zaprojektowany w spos\u00f3b umo\u017cliwiaj\u0105cy \u0142atw\u0105 konserwacj\u0119 i napraw\u0119 w razie potrzeby, w tym \u0142atwy demonta\u017c i ponowny monta\u017c, dost\u0119pno\u015b\u0107 cz\u0119\u015bci zamiennych i dost\u0119p do wsparcia technicznego.<\/p>\n<\/li>\n<\/ul>\n<p><img decoding=\"async\" src=\"https:\/\/www.hydraulic-cylinders.net\/wp-content\/uploads\/2025\/01\/songte-oil-pipes-and-spare-parts.webp\" alt=\"Cylinder kube\u0142kowy do Bonny WZYD18-6\"><\/p>\n<h2>Uszczelnianie i smarowanie<\/h2>\n<p>Si\u0142ownik czerpakowy wymaga skutecznego uszczelnienia i smarowania, aby zapewni\u0107 p\u0142ynn\u0105 prac\u0119 i zapobiec wyciekom p\u0142ynu hydraulicznego. Aby zapewni\u0107 skuteczne uszczelnienie, mo\u017cna stosowa\u0107 r\u00f3\u017cne rodzaje uszczelnie\u0144, takie jak uszczelnienia t\u0142oka i t\u0142oczyska, wykonane z materia\u0142\u00f3w takich jak poliuretan i kauczuk nitrylowy. Korpus si\u0142ownika i gwintowane powierzchnie ko\u0144cowe r\u00f3wnie\u017c powinny by\u0107 precyzyjnie obrobione, aby zwi\u0119kszy\u0107 odporno\u015b\u0107 na zu\u017cycie. Regularne dodawanie odpowiedniego oleju hydraulicznego mo\u017ce zapewni\u0107 prawid\u0142owe smarowanie si\u0142ownika czerpakowego.<\/p>\n<h2>Konserwacja i naprawa<\/h2>\n<p>Regularna konserwacja i naprawy s\u0105 niezb\u0119dne dla zapewnienia prawid\u0142owego dzia\u0142ania si\u0142ownika czerpakowego i wyd\u0142u\u017cenia jego \u017cywotno\u015bci. Do typowych czynno\u015bci konserwacyjnych nale\u017c\u0105 regularne kontrole, odpowiednie smarowanie i kalibracja. Prawid\u0142owy monta\u017c, smarowanie i regulacja s\u0105 r\u00f3wnie\u017c kluczowe dla zapewnienia d\u0142ugowieczno\u015bci si\u0142ownika czerpakowego. Zaleca si\u0119 r\u00f3wnie\u017c stosowanie odpowiednich wspornik\u00f3w monta\u017cowych do mocowania si\u0142ownika oraz przestrzeganie zalecanych procedur kontroli, napraw i wymiany.<\/p>\n<p><img decoding=\"async\" src=\"https:\/\/www.hydraulic-cylinders.net\/wp-content\/uploads\/2025\/01\/songte-chushion-collar.webp\" alt=\"Cylinder kube\u0142kowy do Bonny WZYD18-6\"><\/p>\n<h2>Zagadnienia bezpiecze\u0144stwa i czynniki \u015brodowiskowe<\/h2>\n<p>Cylindry czerpakowe musz\u0105 by\u0107 u\u017cywane z zachowaniem odpowiednich \u015brodk\u00f3w bezpiecze\u0144stwa, aby zapobiec wypadkom i zapewni\u0107 bezpieczn\u0105 prac\u0119. Do czynnik\u00f3w \u015brodowiskowych, kt\u00f3re nale\u017cy wzi\u0105\u0107 pod uwag\u0119 podczas u\u017cytkowania cylindra czerpakowego, nale\u017c\u0105 odpowiednia wentylacja i w\u0142a\u015bciwa utylizacja p\u0142ynu hydraulicznego.<\/p>\n<h2>Rozwi\u0105zywanie problem\u00f3w i typowe problemy<\/h2>\n<p>Si\u0142owniki kube\u0142kowe mog\u0105 napotyka\u0107 na r\u00f3\u017cne problemy eksploatacyjne, takie jak wycieki lub spadki ci\u015bnienia. Kluczowe jest prawid\u0142owe zdiagnozowanie problemu i podj\u0119cie odpowiednich dzia\u0142a\u0144 w celu jego rozwi\u0105zania. Do typowych problem\u00f3w i ich rozwi\u0105za\u0144 nale\u017c\u0105: sprawdzenie prawid\u0142owego smarowania, sprawdzenie uszczelek pod k\u0105tem uszkodze\u0144 oraz sprawdzenie zu\u017cycia element\u00f3w cylindra.<\/p>\n<p><img decoding=\"async\" src=\"https:\/\/www.hydraulic-cylinders.net\/wp-content\/uploads\/2025\/01\/songte-bushings-with-all-kinds-of-excavator-models.webp\" alt=\"Cylinder kube\u0142kowy do Bonny WZYD18-6\"><\/p>\n<h2>O naszej firmie<\/h2>\n<p>Jeste\u015bmy wiod\u0105cym producentem i hurtowym dystrybutorem si\u0142ownik\u00f3w hydraulicznych na rynku krajowym i mi\u0119dzynarodowym. Nasze produkty charakteryzuj\u0105 si\u0119 doskona\u0142\u0105 jako\u015bci\u0105, a w naszej strategii zarz\u0105dzania produkcj\u0105 przemys\u0142ow\u0105 stosujemy precyzyjne praktyki produkcyjne. Dysponujemy zespo\u0142em profesjonalist\u00f3w, zaawansowanym sprz\u0119tem produkcyjnym i specjalistycznymi systemami testowania, co pozwala nam dostarcza\u0107 wysokiej jako\u015bci produkty, spe\u0142niaj\u0105ce zr\u00f3\u017cnicowane potrzeby naszych klient\u00f3w. Oferujemy us\u0142ugi dostosowane do indywidualnych potrzeb, a nasze produkty posiadaj\u0105 mi\u0119dzynarodowe certyfikaty. Nasza firma zapewnia szerok\u0105 gam\u0119 urz\u0105dze\u0144 produkcyjnych, doskona\u0142\u0105 obs\u0142ug\u0119 posprzeda\u017cow\u0105 i posiada silne zdolno\u015bci produkcyjne, aby tworzy\u0107 wysokiej jako\u015bci produkty, kt\u00f3re spe\u0142niaj\u0105 potrzeby klient\u00f3w.<\/p>\n<ul>\n<li>\n<h3>Profesjonalizm<\/h3>\n<p>W naszej firmie pracuj\u0105 specjali\u015bci z du\u017cym do\u015bwiadczeniem w dziedzinie si\u0142ownik\u00f3w hydraulicznych, a precyzyjne techniki produkcji gwarantuj\u0105 wysok\u0105 jako\u015b\u0107 naszych produkt\u00f3w.<\/p>\n<\/li>\n<li>\n<h3>Mi\u0119dzynarodowa Certyfikacja<\/h3>\n<p>Nasze produkty posiadaj\u0105 mi\u0119dzynarodowe certyfikaty, kt\u00f3re gwarantuj\u0105 spe\u0142nienie najwy\u017cszych standard\u00f3w jako\u015bci i bezpiecze\u0144stwa.<\/p>\n<\/li>\n<li>\n<h3>Us\u0142uga dostosowana do potrzeb<\/h3>\n<p>Oferujemy us\u0142ugi dostosowane do indywidualnych potrzeb naszych klient\u00f3w.<\/p>\n<\/li>\n<li>\n<h3>Sprz\u0119t produkcyjny<\/h3>\n<p>Nasza firma dysponuje zaawansowanym sprz\u0119tem produkcyjnym, kt\u00f3ry pozwala nam na wydajn\u0105 produkcj\u0119 wysokiej jako\u015bci produkt\u00f3w.<\/p>\n<\/li>\n<li>\n<h3>Serwis posprzeda\u017cowy<\/h3>\n<p>Zapewniamy doskona\u0142\u0105 obs\u0142ug\u0119 posprzeda\u017cow\u0105, aby mie\u0107 pewno\u015b\u0107, \u017ce nasi klienci s\u0105 zadowoleni z naszych produkt\u00f3w i us\u0142ug.<\/p>\n<\/li>\n<\/ul>\n<p><img decoding=\"async\" src=\"https:\/\/hzpt.com\/wp-content\/uploads\/2024\/11\/songte-company-1.webp\" alt=\"Cylinder kube\u0142kowy do Bonny WZYD18-6\"><\/p>\n<p>Autor: lyl<\/p>","protected":false},"excerpt":{"rendered":"<p>Bucket Cylinder for Bonny WZYD18-6 Introduction The bucket cylinder for Bonny WZYD18-6 is a type of specialized hydraulic cylinder designed to control the movement of the bucket in heavy machinery such as excavators, backhoe excavators, and front-end loaders. Its main function is to facilitate the lifting, lowering, and tilting of the bucket, thereby enabling efficient [&hellip;]<\/p>","protected":false},"featured_media":14782,"comment_status":"open","ping_status":"closed","template":"","meta":{"_et_pb_use_builder":"","_et_pb_old_content":"","_et_gb_content_width":""},"product_brand":[],"product_cat":[1494],"product_tag":[1495,1496],"class_list":{"0":"post-15932","1":"product","2":"type-product","3":"status-publish","4":"has-post-thumbnail","6":"product_cat-bucket-cylinders","7":"product_tag-bucket-cylinders","8":"product_tag-hydraulic-cylinders","10":"first","11":"instock","12":"shipping-taxable","13":"product-type-simple"},"amp_enabled":true,"_links":{"self":[{"href":"https:\/\/www.hydraulic-cylinders.net\/pl\/wp-json\/wp\/v2\/product\/15932","targetHints":{"allow":["GET"]}}],"collection":[{"href":"https:\/\/www.hydraulic-cylinders.net\/pl\/wp-json\/wp\/v2\/product"}],"about":[{"href":"https:\/\/www.hydraulic-cylinders.net\/pl\/wp-json\/wp\/v2\/types\/product"}],"replies":[{"embeddable":true,"href":"https:\/\/www.hydraulic-cylinders.net\/pl\/wp-json\/wp\/v2\/comments?post=15932"}],"wp:featuredmedia":[{"embeddable":true,"href":"https:\/\/www.hydraulic-cylinders.net\/pl\/wp-json\/wp\/v2\/media\/14782"}],"wp:attachment":[{"href":"https:\/\/www.hydraulic-cylinders.net\/pl\/wp-json\/wp\/v2\/media?parent=15932"}],"wp:term":[{"taxonomy":"product_brand","embeddable":true,"href":"https:\/\/www.hydraulic-cylinders.net\/pl\/wp-json\/wp\/v2\/product_brand?post=15932"},{"taxonomy":"product_cat","embeddable":true,"href":"https:\/\/www.hydraulic-cylinders.net\/pl\/wp-json\/wp\/v2\/product_cat?post=15932"},{"taxonomy":"product_tag","embeddable":true,"href":"https:\/\/www.hydraulic-cylinders.net\/pl\/wp-json\/wp\/v2\/product_tag?post=15932"}],"curies":[{"name":"wp","href":"https:\/\/api.w.org\/{rel}","templated":true}]}}