{"id":15934,"date":"2025-01-19T15:11:09","date_gmt":"2025-01-19T15:11:09","guid":{"rendered":"https:\/\/www.hydraulic-cylinders.net\/product\/bucket-cylinder-for-bonny-ced1250-7\/"},"modified":"2025-01-19T15:11:15","modified_gmt":"2025-01-19T15:11:15","slug":"bucket-cylinder-for-bonny-ced1250-7","status":"publish","type":"product","link":"https:\/\/www.hydraulic-cylinders.net\/pl\/produkt\/bucket-cylinder-for-bonny-ced1250-7\/","title":{"rendered":"Si\u0142ownik \u0142y\u017cki do Bonny CED1250-7"},"content":{"rendered":"<h2>Si\u0142ownik \u0142y\u017cki do Bonny CED1250-7<\/h2>\n<p>Si\u0142ownik \u0142y\u017cki do koparki Bonny CED1250-7 to specjalistyczny si\u0142ownik hydrauliczny przeznaczony do sterowania ruchem \u0142y\u017cki w ci\u0119\u017ckich maszynach, takich jak koparki, koparko-\u0142adowarki i \u0142adowarki czo\u0142owe. Jego g\u0142\u00f3wn\u0105 funkcj\u0105 jest podnoszenie, opuszczanie i przechylanie \u0142y\u017cki, u\u0142atwiaj\u0105c r\u00f3\u017cnorodne zadania zwi\u0105zane z prze\u0142adunkiem materia\u0142\u00f3w. W uk\u0142adzie hydraulicznym si\u0142ownik \u0142y\u017cki zapewnia precyzyjn\u0105 kontrol\u0119 nad \u0142y\u017ck\u0105 poprzez zmiany ci\u015bnienia oleju hydraulicznego, umo\u017cliwiaj\u0105c operatorom wydajne przenoszenie ci\u0119\u017ckich \u0142adunk\u00f3w i dostosowywanie si\u0119 do z\u0142o\u017conych warunk\u00f3w pracy oraz zr\u00f3\u017cnicowanych wymaga\u0144.<\/p>\n<p><img decoding=\"async\" src=\"https:\/\/www.hydraulic-cylinders.net\/wp-content\/uploads\/2025\/01\/songte-company-2.webp\"><\/p>\n<h3>Cechy cylindra kube\u0142kowego:<\/h3>\n<ol>\n<li><strong>Wysoka wytrzyma\u0142o\u015b\u0107 i trwa\u0142o\u015b\u0107:<\/strong> Zazwyczaj wykonany z wysokowytrzyma\u0142ej stali lub aluminium, wytrzymuje wysokie ci\u015bnienie i du\u017ce obci\u0105\u017cenia, dostosowuj\u0105c si\u0119 do trudnych warunk\u00f3w pracy. Konstrukcja uwzgl\u0119dnia odporno\u015b\u0107 na zu\u017cycie i korozj\u0119, co wyd\u0142u\u017ca \u017cywotno\u015b\u0107.<\/li>\n<li><strong>Wydajna praca uk\u0142adu hydraulicznego:<\/strong> Wykorzystuj\u0105c ci\u015bnienie oleju hydraulicznego, urz\u0105dzenie zapewnia p\u0142ynne ruchy rozci\u0105gania i kurczenia, szybk\u0105 reakcj\u0119 na polecenia steruj\u0105ce i wytwarza du\u017ce si\u0142y pchania i ci\u0105gni\u0119cia, odpowiednie do przenoszenia ci\u0119\u017ckich \u0142adunk\u00f3w i wykonywania skomplikowanych zada\u0144.<\/li>\n<li><strong>R\u00f3\u017cne typy:<\/strong> Dost\u0119pne w wersji z si\u0142ownikami jednostronnego dzia\u0142ania (hydraulicznie dzia\u0142aj\u0105cymi tylko w jednym kierunku) lub dwustronnego dzia\u0142ania (hydraulicznie dzia\u0142aj\u0105cymi w obu kierunkach), aby spe\u0142ni\u0107 r\u00f3\u017cne wymagania operacyjne. Niekt\u00f3re modele s\u0105 teleskopowe, co pozwala na wi\u0119ksze wysuni\u0119cie bez zwi\u0119kszania wymiar\u00f3w zewn\u0119trznych, i nadaje si\u0119 do zastosowa\u0144 w ograniczonej przestrzeni.<\/li>\n<li><strong>Idealny zamiennik:<\/strong> Nasz produkt mo\u017ce doskonale zast\u0105pi\u0107 tego typu si\u0142owniki hydrauliczne. <\/li>\n<\/ol>\n<p><img decoding=\"async\" src=\"https:\/\/www.hydraulic-cylinders.net\/wp-content\/uploads\/2025\/01\/songte-cylinder-head-with-all-kinds-excavator-models.webp\"><\/p>\n<h3>Zastosowania cylindra kube\u0142kowego:<\/h3>\n<p>Cylinder kube\u0142kowy znajduje zastosowanie w r\u00f3\u017cnych urz\u0105dzeniach, w tym:<\/p>\n<ol>\n<li><strong>Sprz\u0119t budowlany:<\/strong> Znajduj\u0105 si\u0119 w koparkach i s\u0105 niezb\u0119dne do wykop\u00f3w, za\u0142adunku i przemieszczania gleby lub gruzu. W koparko-\u0142adowarkach si\u0142ownik \u0142y\u017cki wspomaga zar\u00f3wno kopanie, jak i podnoszenie.<\/li>\n<li><strong>Maszyny rolnicze:<\/strong> Stosowany w \u0142adowarkach czo\u0142owych do nabierania, podnoszenia i transportu ziemi, siana i innych materia\u0142\u00f3w.<\/li>\n<li><strong>Koparki:<\/strong> Cylinder \u0142y\u017cki umo\u017cliwia wykonywanie prac wykopaliskowych poprzez umo\u017cliwienie \u0142y\u017cce penetracji gleby.<\/li>\n<li><strong>\u0141adowarki czo\u0142owe:<\/strong> W \u0142adowarkach czo\u0142owych pomagaj\u0105 w efektywnym podnoszeniu i przechylaniu \u0142adunk\u00f3w.<\/li>\n<\/ol>\n<h3>Zagadnienia projektowe i kryteria wyboru:<\/h3>\n<p>Podczas projektowania cylindra kube\u0142kowego bierze si\u0119 pod uwag\u0119 kilka czynnik\u00f3w i kryteri\u00f3w wyboru:<\/p>\n<ol>\n<li><strong>No\u015bno\u015b\u0107:<\/strong> Cylinder jest zaprojektowany tak, aby wytrzyma\u0107 zamierzone obci\u0105\u017cenie i warunki pracy.<\/li>\n<li><strong>Opiecz\u0119towanie:<\/strong> Aby zapewni\u0107 odpowiednie uszczelnienie i zapobiec wyciekom oleju, stosuje si\u0119 r\u00f3\u017cne elementy uszczelniaj\u0105ce, takie jak uszczelki t\u0142okowe i uszczelki t\u0142oczyskowe.<\/li>\n<li><strong>Trwa\u0142o\u015b\u0107:<\/strong> Cylinder jest skonstruowany tak, aby wytrzyma\u0107 spodziewane zu\u017cycie i uszkodzenia podczas eksploatacji.<\/li>\n<li><strong>Bezpiecze\u0144stwo:<\/strong> Zastosowano funkcje bezpiecze\u0144stwa maj\u0105ce na celu zapobieganie wypadkom i zapewnienie ochrony operatora.<\/li>\n<li><strong>Utrzymywalno\u015b\u0107:<\/strong> Konstrukcja cylindra pozwala na \u0142atw\u0105 konserwacj\u0119 i napraw\u0119, minimalizuj\u0105c przestoje.<\/li>\n<\/ol>\n<p><img decoding=\"async\" src=\"https:\/\/www.hydraulic-cylinders.net\/wp-content\/uploads\/2025\/01\/songte-oil-pipes-and-spare-parts.webp\"><\/p>\n<h3>Uszczelnianie i smarowanie:<\/h3>\n<p>Si\u0142ownik czerpakowy zawiera r\u00f3\u017cne elementy uszczelniaj\u0105ce, takie jak uszczelnienia t\u0142oka i t\u0142oczyska, wykonane z materia\u0142\u00f3w odpornych na zu\u017cycie, takich jak poliuretan i kauczuk nitrylowy. Korpus cylindra i gwintowane ko\u0144c\u00f3wki s\u0105 precyzyjnie obrabiane w celu zwi\u0119kszenia odporno\u015bci na zu\u017cycie. Aby zapewni\u0107 p\u0142ynn\u0105 prac\u0119, wymagane jest regularne smarowanie odpowiedni\u0105 ilo\u015bci\u0105 oleju hydraulicznego.<\/p>\n<h3>Regularne kontrole i konserwacja zapobiegawcza:<\/h3>\n<p>Aby zapewni\u0107 d\u0142ugowieczno\u015b\u0107 i wydajno\u015b\u0107 cylindra czerpakowego, zaleca si\u0119 regularne kontrole i dzia\u0142ania zapobiegawcze. Obejmuj\u0105 one:<\/p>\n<ol>\n<li>Regularne sprawdzanie, czy nie wyst\u0119puj\u0105 oznaki uszkodze\u0144 lub zu\u017cycia.<\/li>\n<li>Zastosowanie odpowiedniego smarowania.<\/li>\n<li>Wymiana uszczelek, gdy zachodzi konieczno\u015b\u0107.<\/li>\n<li>Wykonywanie kontroli kalibracji.<\/li>\n<\/ol>\n<h3>Prawid\u0142owy przewodnik instalacji:<\/h3>\n<p>Aby prawid\u0142owo zamontowa\u0107 si\u0142ownik kube\u0142kowy, nale\u017cy wykona\u0107 nast\u0119puj\u0105ce czynno\u015bci:<\/p>\n<ol>\n<li>Podczas monta\u017cu nale\u017cy prawid\u0142owo ustawi\u0107 cylinder.<\/li>\n<li>Do zabezpieczenia cylindra nale\u017cy u\u017cy\u0107 odpowiednich wspornik\u00f3w monta\u017cowych.<\/li>\n<\/ol>\n<p><img decoding=\"async\" src=\"https:\/\/www.hydraulic-cylinders.net\/wp-content\/uploads\/2025\/01\/songte-chushion-collar.webp\"><\/p>\n<h3>Zagadnienia bezpiecze\u0144stwa i czynniki \u015brodowiskowe:<\/h3>\n<p>Podczas korzystania z cylindra czerpakowego wa\u017cne jest przestrzeganie \u015brodk\u00f3w bezpiecze\u0144stwa w celu zapobiegania wypadkom i zapewnienia bezpiecznego \u015brodowiska pracy.<\/p>\n<h3>Diagnostyka usterek i typowe problemy:<\/h3>\n<p>Do typowych usterek i problem\u00f3w, kt\u00f3re mog\u0105 wyst\u0105pi\u0107 w cylindrze czerpakowym, nale\u017c\u0105:<\/p>\n<ol>\n<li>Wyciek oleju hydraulicznego.<\/li>\n<li>Obni\u017cona wydajno\u015b\u0107 lub brak reakcji.<\/li>\n<li>Nietypowy ha\u0142as podczas pracy.<\/li>\n<\/ol>\n<p>Aby rozwi\u0105za\u0107 te problemy i znale\u017a\u0107 rozwi\u0105zanie, zapoznaj si\u0119 z poni\u017cszymi wskaz\u00f3wkami i rozwi\u0105zaniami:<\/p>\n<h3>Zadania konserwacyjne:<\/h3>\n<p>Typowe czynno\u015bci konserwacyjne si\u0142ownika kube\u0142kowego obejmuj\u0105 regularn\u0105 kontrol\u0119, prawid\u0142owe smarowanie, wymian\u0119 uszczelek i kontrole kalibracji. Podkre\u015bl znaczenie prawid\u0142owej instalacji, smarowania i regulacji. Udziel wskaz\u00f3wek dotycz\u0105cych ustawienia si\u0142ownika podczas instalacji i zalec u\u017cycie odpowiednich wspornik\u00f3w monta\u017cowych do jego zabezpieczenia. Zaproponuj zalecane procedury kontroli, naprawy i wymiany, a tak\u017ce wskaz\u00f3wki dotycz\u0105ce wyd\u0142u\u017cenia \u017cywotno\u015bci si\u0142ownika kube\u0142kowego.<\/p>\n<p><img decoding=\"async\" src=\"https:\/\/www.hydraulic-cylinders.net\/wp-content\/uploads\/2025\/01\/songte-bushings-with-all-kinds-of-excavator-models.webp\"><\/p>\n<p>Pami\u0119taj, aby artyku\u0142 by\u0142 logicznie uporz\u0105dkowany, u\u017cywaj podtytu\u0142\u00f3w u\u0142atwiaj\u0105cych nawigacj\u0119, dodawaj odpowiednie obrazy i wykresy, aby u\u0142atwi\u0107 zrozumienie, a tak\u017ce zadbaj o to, aby tre\u015b\u0107 by\u0142a przejrzysta, zwi\u0119z\u0142a i odpowiednia dla czytelnik\u00f3w o r\u00f3\u017cnym poziomie wiedzy technicznej.<\/p>\n<h2>O naszej firmie<\/h2>\n<p>Jeste\u015bmy producentem zamiennych cylindr\u00f3w hydraulicznych i jednym z wiod\u0105cych producent\u00f3w oraz dystrybutor\u00f3w hurtowych na rynku krajowym i mi\u0119dzynarodowym. Nasza firma kieruje si\u0119 zasadami doskona\u0142ej jako\u015bci, opieraj\u0105c si\u0119 na przemys\u0142owych strategiach zarz\u0105dzania produkcj\u0105 w doskonale wyposa\u017conych warsztatach produkcyjnych. Dzi\u0119ki wykorzystaniu talent\u00f3w technicznych, zaawansowanego cyfrowego sprz\u0119tu produkcyjnego oraz profesjonalnych system\u00f3w testowych, stale udoskonalamy nasz\u0105 platform\u0119 produkcyjn\u0105 i doskonalimy proces produkcyjny, aby zapewni\u0107 wysok\u0105 jako\u015b\u0107 produkt\u00f3w. Dysponujemy silnym potencja\u0142em kreatywnym i d\u0105\u017cymy do zaspokojenia zr\u00f3\u017cnicowanych potrzeb klient\u00f3w, zapewniaj\u0105c im wysok\u0105 wydajno\u015b\u0107, precyzj\u0119 i przestrzegaj\u0105c zasad jako\u015bci.<\/p>\n<p><img decoding=\"async\" src=\"https:\/\/hzpt.com\/wp-content\/uploads\/2024\/11\/songte-company-1.webp\"><\/p>\n<h3>Najwa\u017cniejsze cechy naszej firmy:<\/h3>\n<ol>\n<li>Profesjonalizm<\/li>\n<li>Certyfikaty mi\u0119dzynarodowe<\/li>\n<li>Us\u0142ugi personalizacji<\/li>\n<li>Zaawansowany sprz\u0119t produkcyjny<\/li>\n<li>Us\u0142ugi posprzeda\u017cowe<\/li>\n<\/ol>\n<p><img decoding=\"async\" src=\"https:\/\/www.hydraulic-cylinders.net\/wp-content\/uploads\/2025\/01\/songte-company-3.webp\"><\/p>\n<p>Autor: lyl<\/p>","protected":false},"excerpt":{"rendered":"<p>Bucket Cylinder For Bonny CED1250-7 The Bucket Cylinder for Bonny CED1250-7 is a specialized hydraulic cylinder designed for controlling the movement of the bucket in heavy machinery such as excavators, backhoe loaders, and front-end loaders. Its main function is to enable the lifting, lowering, and tilting of the bucket, facilitating various material handling tasks. In [&hellip;]<\/p>","protected":false},"featured_media":14778,"comment_status":"open","ping_status":"closed","template":"","meta":{"_et_pb_use_builder":"","_et_pb_old_content":"","_et_gb_content_width":""},"product_brand":[],"product_cat":[1494],"product_tag":[1495,1496],"class_list":{"0":"post-15934","1":"product","2":"type-product","3":"status-publish","4":"has-post-thumbnail","6":"product_cat-bucket-cylinders","7":"product_tag-bucket-cylinders","8":"product_tag-hydraulic-cylinders","10":"first","11":"instock","12":"shipping-taxable","13":"product-type-simple"},"amp_enabled":true,"_links":{"self":[{"href":"https:\/\/www.hydraulic-cylinders.net\/pl\/wp-json\/wp\/v2\/product\/15934","targetHints":{"allow":["GET"]}}],"collection":[{"href":"https:\/\/www.hydraulic-cylinders.net\/pl\/wp-json\/wp\/v2\/product"}],"about":[{"href":"https:\/\/www.hydraulic-cylinders.net\/pl\/wp-json\/wp\/v2\/types\/product"}],"replies":[{"embeddable":true,"href":"https:\/\/www.hydraulic-cylinders.net\/pl\/wp-json\/wp\/v2\/comments?post=15934"}],"wp:featuredmedia":[{"embeddable":true,"href":"https:\/\/www.hydraulic-cylinders.net\/pl\/wp-json\/wp\/v2\/media\/14778"}],"wp:attachment":[{"href":"https:\/\/www.hydraulic-cylinders.net\/pl\/wp-json\/wp\/v2\/media?parent=15934"}],"wp:term":[{"taxonomy":"product_brand","embeddable":true,"href":"https:\/\/www.hydraulic-cylinders.net\/pl\/wp-json\/wp\/v2\/product_brand?post=15934"},{"taxonomy":"product_cat","embeddable":true,"href":"https:\/\/www.hydraulic-cylinders.net\/pl\/wp-json\/wp\/v2\/product_cat?post=15934"},{"taxonomy":"product_tag","embeddable":true,"href":"https:\/\/www.hydraulic-cylinders.net\/pl\/wp-json\/wp\/v2\/product_tag?post=15934"}],"curies":[{"name":"wp","href":"https:\/\/api.w.org\/{rel}","templated":true}]}}