{"id":15950,"date":"2025-01-19T15:12:27","date_gmt":"2025-01-19T15:12:27","guid":{"rendered":"https:\/\/www.hydraulic-cylinders.net\/product\/bucket-cylinder-for-bada-wys40\/"},"modified":"2025-01-19T15:12:29","modified_gmt":"2025-01-19T15:12:29","slug":"bucket-cylinder-for-bada-wys40","status":"publish","type":"product","link":"https:\/\/www.hydraulic-cylinders.net\/pl\/produkt\/bucket-cylinder-for-bada-wys40\/","title":{"rendered":"Cylinder kube\u0142kowy do Bada WYS40"},"content":{"rendered":"<h1>Cylinder kube\u0142kowy do Bada WYS40<\/h1>\n<h2>Wst\u0119p<\/h2>\n<p>Si\u0142ownik \u0142y\u017cki to specjalistyczny si\u0142ownik hydrauliczny przeznaczony do sterowania ruchem \u0142y\u017cki w ci\u0119\u017ckich maszynach, takich jak koparki, koparko-\u0142adowarki i \u0142adowarki czo\u0142owe. Jego g\u0142\u00f3wn\u0105 funkcj\u0105 jest umo\u017cliwienie podnoszenia, opuszczania i przechylania \u0142y\u017cki, u\u0142atwiaj\u0105c wykonywanie r\u00f3\u017cnych zada\u0144 zwi\u0105zanych z prze\u0142adunkiem materia\u0142\u00f3w. W uk\u0142adzie hydraulicznym si\u0142ownik \u0142y\u017cki wykorzystuje zmiany ci\u015bnienia oleju hydraulicznego do precyzyjnego sterowania \u0142y\u017ck\u0105, umo\u017cliwiaj\u0105c operatorom wydajne przenoszenie ci\u0119\u017ckich \u0142adunk\u00f3w i dostosowywanie si\u0119 do z\u0142o\u017conych warunk\u00f3w pracy oraz zr\u00f3\u017cnicowanych wymaga\u0144.<\/p>\n<p><img decoding=\"async\" src=\"https:\/\/www.hydraulic-cylinders.net\/wp-content\/uploads\/2025\/01\/songte-company-2.webp\" alt=\"Obraz cylindra wiadra\"><\/p>\n<h2>Cechy<\/h2>\n<ul>\n<li>Wysoka wytrzyma\u0142o\u015b\u0107 i trwa\u0142o\u015b\u0107: Zazwyczaj wykonane z wysokowytrzyma\u0142ej stali lub aluminium, wytrzymuj\u0105 du\u017ce ci\u015bnienie i obci\u0105\u017cenia, s\u0105 przystosowane do trudnych warunk\u00f3w pracy oraz zaprojektowane tak, aby by\u0142y odporne na zu\u017cycie i korozj\u0119, co wyd\u0142u\u017ca ich \u017cywotno\u015b\u0107.<\/li>\n<li>Wydajne dzia\u0142anie uk\u0142adu hydraulicznego: Wykorzystuj\u0105c ci\u015bnienie oleju hydraulicznego do uzyskania p\u0142ynnego rozszerzania i kurczenia, uk\u0142ad mo\u017ce szybko reagowa\u0107 na polecenia steruj\u0105ce, zapewnia\u0107 du\u017ce si\u0142y pchania i ci\u0105gni\u0119cia oraz nadaje si\u0119 do obs\u0142ugi du\u017cych obci\u0105\u017ce\u0144 i wykonywania skomplikowanych zada\u0144.<\/li>\n<li>R\u00f3\u017cne typy: Si\u0142owniki jednostronnego dzia\u0142ania (hydrauliczne tylko w jednym kierunku) lub dwustronnego dzia\u0142ania (hydrauliczne w obu kierunkach) mo\u017cna dobra\u0107 w zale\u017cno\u015bci od potrzeb, aby spe\u0142ni\u0107 r\u00f3\u017cne wymagania operacyjne. Niekt\u00f3re modele s\u0105 teleskopowe, co pozwala na wi\u0119ksze wysuni\u0119cie bez zwi\u0119kszania wymiar\u00f3w zewn\u0119trznych, i nadaje si\u0119 do zastosowa\u0144 w ograniczonej przestrzeni.<\/li>\n<li>Mo\u017cna go stosowa\u0107 jako zamiennik innych cylindr\u00f3w hydraulicznych.<\/li>\n<li>\u0141atwy monta\u017c i konserwacja.<\/li>\n<\/ul>\n<p><img decoding=\"async\" src=\"https:\/\/www.hydraulic-cylinders.net\/wp-content\/uploads\/2025\/01\/songte-cylinder-head-with-all-kinds-excavator-models.webp\" alt=\"Obraz cylindra wiadra\"><\/p>\n<h2>Aplikacje<\/h2>\n<p>Cylinder czerpakowy jest powszechnie stosowany w r\u00f3\u017cnych maszynach ci\u0119\u017ckich, w tym:<\/p>\n<ul>\n<li>Sprz\u0119t budowlany: W koparkach s\u0105 one niezb\u0119dne do wykop\u00f3w, za\u0142adunku i przemieszczania gleby lub gruzu. W koparko-\u0142adowarkach si\u0142ownik \u0142y\u017cki pomaga zar\u00f3wno w wykopywaniu, jak i podnoszeniu. <\/li>\n<li>Maszyny rolnicze: Stosowane w \u0142adowarkach czo\u0142owych do nabierania, podnoszenia i transportu gleby, siana i innych materia\u0142\u00f3w. <\/li>\n<li>Koparki: Cylindry \u0142y\u017cek umo\u017cliwiaj\u0105 wykonywanie prac wykopaliskowych poprzez umo\u017cliwienie \u0142y\u017ckom penetracji gleby. <\/li>\n<li>\u0141adowarki: W \u0142adowarkach czo\u0142owych pomagaj\u0105 w wydajnym podnoszeniu i wysypywaniu towar\u00f3w.<\/li>\n<\/ul>\n<p>Poni\u017cej szczeg\u00f3\u0142owo opisano ka\u017cde zastosowanie cylindra:<\/p>\n<h3>Sprz\u0119t budowlany<\/h3>\n<p>Si\u0142owniki \u0142y\u017cki odgrywaj\u0105 kluczow\u0105 rol\u0119 w koparkach, poniewa\u017c odpowiadaj\u0105 za kopanie, nabieranie i przemieszczanie gleby oraz gruzu. Umo\u017cliwiaj\u0105 koparkom wydajn\u0105 prac\u0119 i radz\u0105 sobie nawet z najtrudniejszymi wykopami. Koparko-\u0142adowarki r\u00f3wnie\u017c wykorzystuj\u0105 si\u0142owniki \u0142y\u017cki, aby u\u0142atwi\u0107 kopanie i podnoszenie. W tych maszynach si\u0142ownik odgrywa kluczow\u0105 rol\u0119 w sterowaniu ruchem i po\u0142o\u017ceniem \u0142y\u017cki, umo\u017cliwiaj\u0105c operatorom uzyskanie precyzyjnych rezultat\u00f3w.<\/p>\n<h3>Maszyny rolnicze<\/h3>\n<p>Si\u0142owniki \u0142y\u017cki s\u0105 stosowane w \u0142adowarkach czo\u0142owych do nabierania, podnoszenia i transportu ziemi, siana i innych materia\u0142\u00f3w. Si\u0142ownik umo\u017cliwia \u0142adowarce wydajne i precyzyjne wykonywanie tych zada\u0144. Kontroluj\u0105c po\u0142o\u017cenie i ruch \u0142y\u017cki, si\u0142ownik umo\u017cliwia \u0142adowarce podnoszenie i transport nawet najci\u0119\u017cszych \u0142adunk\u00f3w.<\/p>\n<h3>Koparki<\/h3>\n<p>W koparkach si\u0142ownik \u0142y\u017cki umo\u017cliwia jej penetracj\u0119 w g\u0142\u0105b gruntu w celu wykonania prac wykopowych. Si\u0142ownik steruje ruchem i po\u0142o\u017ceniem \u0142y\u017cki, umo\u017cliwiaj\u0105c operatorom uzyskanie precyzyjnych rezultat\u00f3w. Koparki s\u0105 wykorzystywane w szerokim zakresie zastosowa\u0144, w tym w g\u00f3rnictwie, budownictwie i rozbi\u00f3rkach.<\/p>\n<h3>\u0141adowarki<\/h3>\n<p>\u0141adowarki czo\u0142owe wykorzystuj\u0105 si\u0142owniki \u0142y\u017cki, aby usprawni\u0107 podnoszenie i wysypywanie materia\u0142\u00f3w. Steruj\u0105c ruchem i po\u0142o\u017ceniem \u0142y\u017cki, si\u0142ownik pozwala \u0142adowarce z \u0142atwo\u015bci\u0105 obs\u0142ugiwa\u0107 ci\u0119\u017ckie \u0142adunki. \u0141adowarki s\u0105 wykorzystywane w szerokim zakresie zastosowa\u0144, mi\u0119dzy innymi w rolnictwie, budownictwie i g\u00f3rnictwie.<\/p>\n<h2>Zagadnienia projektowe i kryteria wyboru<\/h2>\n<p>Projektuj\u0105c si\u0142owniki kube\u0142kowe, nale\u017cy uwzgl\u0119dni\u0107 takie czynniki, jak no\u015bno\u015b\u0107, uszczelnienie, trwa\u0142o\u015b\u0107, bezpiecze\u0144stwo i \u0142atwo\u015b\u0107 konserwacji. Poni\u017cej przedstawiono zagadnienia projektowe:<\/p>\n<ul>\n<li>No\u015bno\u015b\u0107: Cylinder powinien by\u0107 zaprojektowany tak, aby wytrzyma\u0107 maksymalne obci\u0105\u017cenie, jakiemu b\u0119dzie poddawany.<\/li>\n<li>Uszczelnienie: Aby zapobiec wyciekom p\u0142ynu hydraulicznego i zapewni\u0107 p\u0142ynn\u0105 prac\u0119, nale\u017cy stosowa\u0107 materia\u0142y uszczelniaj\u0105ce najwy\u017cszej jako\u015bci.<\/li>\n<li>Trwa\u0142o\u015b\u0107: Cylinder powinien by\u0107 zaprojektowany tak, aby wytrzyma\u0142 trudne warunki pracy i minimalizowa\u0142 zu\u017cycie.<\/li>\n<li>Bezpiecze\u0144stwo: Cylinder powinien by\u0107 zaprojektowany w spos\u00f3b zapewniaj\u0105cy bezpiecze\u0144stwo operatora i zapobiegaj\u0105cy wypadkom.<\/li>\n<li>\u0141atwo\u015b\u0107 konserwacji: Cylinder powinien by\u0107 \u0142atwy w konserwacji, z wymiennymi cz\u0119\u015bciami i czytelnymi instrukcjami dotycz\u0105cymi procedur konserwacyjnych.<\/li>\n<\/ul>\n<p><img decoding=\"async\" src=\"https:\/\/www.hydraulic-cylinders.net\/wp-content\/uploads\/2025\/01\/songte-oil-pipes-and-spare-parts.webp\" alt=\"Obraz cylindra wiadra\"><\/p>\n<h2>Uszczelnianie i smarowanie<\/h2>\n<p>Aby zapewni\u0107 szczelno\u015b\u0107 cylindra, nale\u017cy stosowa\u0107 r\u00f3\u017cne uszczelnienia, takie jak uszczelnienia t\u0142oka i t\u0142oczyska. Uszczelnienia powinny by\u0107 wykonane z materia\u0142\u00f3w odpornych na zu\u017cycie, takich jak poliuretan i kauczuk nitrylowy, aby zapewni\u0107 d\u0142ug\u0105 \u017cywotno\u015b\u0107. Cylinder powinien by\u0107 zaprojektowany z precyzyjnie obrobionym korpusem i powierzchni\u0105 gwintu, aby zwi\u0119kszy\u0107 odporno\u015b\u0107 na zu\u017cycie. Regularne smarowanie olejem hydraulicznym jest niezb\u0119dne dla zapewnienia p\u0142ynnej pracy i wyd\u0142u\u017cenia \u017cywotno\u015bci cylindra.<\/p>\n<h2>Konserwacja i naprawa<\/h2>\n<p>Regularna konserwacja i naprawy s\u0105 niezb\u0119dne do zapewnienia prawid\u0142owego dzia\u0142ania cylindra i wyd\u0142u\u017cenia jego \u017cywotno\u015bci. Typowe czynno\u015bci konserwacyjne obejmuj\u0105 regularne kontrole, odpowiednie smarowanie, wymian\u0119 uszczelek i kontrole kalibracji. Prawid\u0142owy monta\u017c, smarowanie i regulacja s\u0105 niezb\u0119dne dla zapewnienia prawid\u0142owego dzia\u0142ania cylindra. Zaleca si\u0119 stosowanie odpowiednich wspornik\u00f3w monta\u017cowych do mocowania cylindra. Nale\u017cy przestrzega\u0107 zalecanych procedur kontroli, naprawy i wymiany, a w razie potrzeby skorzysta\u0107 z us\u0142ug regeneracji, aby wyd\u0142u\u017cy\u0107 \u017cywotno\u015b\u0107 cylindra.<\/p>\n<p><img decoding=\"async\" src=\"https:\/\/www.hydraulic-cylinders.net\/wp-content\/uploads\/2025\/01\/songte-chushion-collar.webp\" alt=\"Obraz cylindra wiadra\"><\/p>\n<h2>Bezpiecze\u0144stwo i wzgl\u0119dy \u015brodowiskowe<\/h2>\n<p>Podczas u\u017cytkowania cylindra czerpakowego nale\u017cy podj\u0105\u0107 \u015brodki bezpiecze\u0144stwa, aby zapobiec wypadkom. Nale\u017cy bezwzgl\u0119dnie przestrzega\u0107 instrukcji producenta i upewni\u0107 si\u0119, \u017ce cylinder jest prawid\u0142owo zainstalowany, regularnie konserwowany i poddawany cz\u0119stym przegl\u0105dom. Ostro\u017cne obchodzenie si\u0119 z cylindrem i noszenie odzie\u017cy ochronnej mo\u017ce pom\u00f3c w zapobieganiu wypadkom. Podczas u\u017cytkowania cylindra nale\u017cy r\u00f3wnie\u017c uwzgl\u0119dni\u0107 czynniki \u015brodowiskowe. Prawid\u0142owa utylizacja oleju hydraulicznego i innych materia\u0142\u00f3w niebezpiecznych jest niezb\u0119dna, aby zminimalizowa\u0107 wp\u0142yw na \u015brodowisko.<\/p>\n<h2>Diagnostyka usterek i rozwi\u0105zywanie problem\u00f3w<\/h2>\n<p>Do typowych problem\u00f3w z cylindrem \u0142y\u017cki nale\u017c\u0105: nieszczelno\u015b\u0107, powolny lub niestabilny ruch oraz nietypowy ha\u0142as. Aby zdiagnozowa\u0107 i rozwi\u0105za\u0107 te problemy, nale\u017cy regularnie sprawdza\u0107 cylinder i u\u017cywa\u0107 odpowiednich narz\u0119dzi do identyfikacji problemu. Regularna konserwacja i naprawy mog\u0105 pom\u00f3c zapobiec wyst\u0105pieniu tych problem\u00f3w.<\/p>\n<h2>Wprowadzenie do firmy<\/h2>\n<p>Jeste\u015bmy producentem zamiennych si\u0142ownik\u00f3w hydraulicznych, oferuj\u0105cym kompleksow\u0105 gam\u0119 produkt\u00f3w i us\u0142ug, aby sprosta\u0107 zr\u00f3\u017cnicowanym potrzebom naszych klient\u00f3w. Koncentruj\u0105c si\u0119 na doskona\u0142ej jako\u015bci, opieramy si\u0119 na udoskonalonym warsztacie produkcyjnym i zindustrializowanych strategiach zarz\u0105dzania produkcj\u0105, aby stale ulepsza\u0107 nasz\u0105 platform\u0119 produkcyjn\u0105 i doskonali\u0107 jako\u015b\u0107 naszej linii produkcyjnej. Posiadamy bogate do\u015bwiadczenie w tworzeniu produkt\u00f3w o wysokiej wydajno\u015bci, precyzji i jako\u015bci, spe\u0142niaj\u0105cych zr\u00f3\u017cnicowane potrzeby naszych klient\u00f3w.<\/p>\n<p>Nasz\u0105 firm\u0119 charakteryzuje:<\/p>\n<ul>\n<li>Profesjonalizm: Mamy zesp\u00f3\u0142 wysoko wykwalifikowanych specjalist\u00f3w, kt\u00f3rzy s\u0105 ekspertami w projektowaniu i produkcji cylindr\u00f3w hydraulicznych.<\/li>\n<li>Certyfikacja mi\u0119dzynarodowa: Nasze produkty uzyska\u0142y certyfikaty wielu organizacji mi\u0119dzynarodowych, co gwarantuje ich jako\u015b\u0107 i bezpiecze\u0144stwo.<\/li>\n<li>Us\u0142ugi dostosowywania: Zapewniamy us\u0142ugi dostosowane do indywidualnych potrzeb naszych klient\u00f3w.<\/li>\n<li>Sprz\u0119t produkcyjny: Posiadamy zaawansowany sprz\u0119t produkcyjny i systemy testowe, aby zapewni\u0107 jako\u015b\u0107 naszych produkt\u00f3w.<\/li>\n<li>Serwis posprzeda\u017cowy: Zapewniamy kompleksowy serwis posprzeda\u017cowy, obejmuj\u0105cy konserwacj\u0119, naprawy i wymian\u0119.<\/li>\n<\/ul>\n<p><img decoding=\"async\" src=\"https:\/\/hzpt.com\/wp-content\/uploads\/2024\/11\/songte-company-1.webp\" alt=\"Obraz cylindra wiadra\"><\/p>\n<p>Zale\u017cy nam na dostarczaniu naszym klientom najlepszych produkt\u00f3w i us\u0142ug, a tak\u017ce na ci\u0105g\u0142ym doskonaleniu naszych mo\u017cliwo\u015bci produkcyjnych i podnoszeniu jako\u015bci produkt\u00f3w. Naszym celem jest stanie si\u0119 wiod\u0105cym producentem i hurtownikiem si\u0142ownik\u00f3w hydraulicznych na rynku krajowym i mi\u0119dzynarodowym.<\/p>\n<p><em>Autor: lyl<\/em><\/p>","protected":false},"excerpt":{"rendered":"<p>Bucket Cylinder For Bada WYS40 Introduction The bucket cylinder is a specialized hydraulic cylinder designed for controlling the movement of the bucket in heavy machinery such as excavators, backhoe excavators, and front-end loaders. Its primary function is to enable the bucket to lift, lower, and tilt, making it easier to handle various material handling tasks. [&hellip;]<\/p>","protected":false},"featured_media":14776,"comment_status":"open","ping_status":"closed","template":"","meta":{"_et_pb_use_builder":"","_et_pb_old_content":"","_et_gb_content_width":""},"product_brand":[],"product_cat":[1494],"product_tag":[1495,1496],"class_list":{"0":"post-15950","1":"product","2":"type-product","3":"status-publish","4":"has-post-thumbnail","6":"product_cat-bucket-cylinders","7":"product_tag-bucket-cylinders","8":"product_tag-hydraulic-cylinders","10":"first","11":"instock","12":"shipping-taxable","13":"product-type-simple"},"amp_enabled":true,"_links":{"self":[{"href":"https:\/\/www.hydraulic-cylinders.net\/pl\/wp-json\/wp\/v2\/product\/15950","targetHints":{"allow":["GET"]}}],"collection":[{"href":"https:\/\/www.hydraulic-cylinders.net\/pl\/wp-json\/wp\/v2\/product"}],"about":[{"href":"https:\/\/www.hydraulic-cylinders.net\/pl\/wp-json\/wp\/v2\/types\/product"}],"replies":[{"embeddable":true,"href":"https:\/\/www.hydraulic-cylinders.net\/pl\/wp-json\/wp\/v2\/comments?post=15950"}],"wp:featuredmedia":[{"embeddable":true,"href":"https:\/\/www.hydraulic-cylinders.net\/pl\/wp-json\/wp\/v2\/media\/14776"}],"wp:attachment":[{"href":"https:\/\/www.hydraulic-cylinders.net\/pl\/wp-json\/wp\/v2\/media?parent=15950"}],"wp:term":[{"taxonomy":"product_brand","embeddable":true,"href":"https:\/\/www.hydraulic-cylinders.net\/pl\/wp-json\/wp\/v2\/product_brand?post=15950"},{"taxonomy":"product_cat","embeddable":true,"href":"https:\/\/www.hydraulic-cylinders.net\/pl\/wp-json\/wp\/v2\/product_cat?post=15950"},{"taxonomy":"product_tag","embeddable":true,"href":"https:\/\/www.hydraulic-cylinders.net\/pl\/wp-json\/wp\/v2\/product_tag?post=15950"}],"curies":[{"name":"wp","href":"https:\/\/api.w.org\/{rel}","templated":true}]}}