{"id":15952,"date":"2025-01-19T15:12:35","date_gmt":"2025-01-19T15:12:35","guid":{"rendered":"https:\/\/www.hydraulic-cylinders.net\/product\/bucket-cylinder-for-baoding-wy150\/"},"modified":"2025-01-19T15:12:37","modified_gmt":"2025-01-19T15:12:37","slug":"bucket-cylinder-for-baoding-wy150","status":"publish","type":"product","link":"https:\/\/www.hydraulic-cylinders.net\/pl\/produkt\/bucket-cylinder-for-baoding-wy150\/","title":{"rendered":"Cylinder kube\u0142kowy do Baoding WY150"},"content":{"rendered":"<h2>Cylinder kube\u0142kowy do Baoding WY150<\/h2>\n<h3>Wst\u0119p<\/h3>\n<p>Si\u0142ownik \u0142y\u017cki do koparki Baoding WY150 to specjalistyczny si\u0142ownik hydrauliczny, kt\u00f3ry s\u0142u\u017cy g\u0142\u00f3wnie do sterowania ruchem \u0142y\u017cek w ci\u0119\u017ckich maszynach, takich jak koparki, koparko-\u0142adowarki i \u0142adowarki czo\u0142owe. Jego g\u0142\u00f3wn\u0105 funkcj\u0105 jest podnoszenie, opuszczanie i przechylanie \u0142y\u017cki, co u\u0142atwia wykonywanie r\u00f3\u017cnych zada\u0144 zwi\u0105zanych z prze\u0142adunkiem materia\u0142\u00f3w. W uk\u0142adach hydraulicznych si\u0142ownik \u0142y\u017cki zapewnia precyzyjn\u0105 kontrol\u0119 nad \u0142y\u017ck\u0105 poprzez zmiany ci\u015bnienia oleju hydraulicznego, umo\u017cliwiaj\u0105c operatorom wydajne przenoszenie du\u017cych \u0142adunk\u00f3w i dostosowywanie si\u0119 do z\u0142o\u017conych warunk\u00f3w pracy oraz zr\u00f3\u017cnicowanych wymaga\u0144.<\/p>\n<p><img decoding=\"async\" src=\"https:\/\/www.hydraulic-cylinders.net\/wp-content\/uploads\/2025\/01\/songte-company-2.webp\" alt=\"obraz cylindra wiadra\"><\/p>\n<h3>Cechy<\/h3>\n<ul>\n<li>Wysoka wytrzyma\u0142o\u015b\u0107 i trwa\u0142o\u015b\u0107: Zazwyczaj wykonany z wysokowytrzyma\u0142ej stali lub aluminium, si\u0142ownik \u0142y\u017cki wytrzymuje wysokie ci\u015bnienie i du\u017ce obci\u0105\u017cenia, dostosowuj\u0105c si\u0119 do trudnych warunk\u00f3w pracy. Konstrukcja uwzgl\u0119dnia odporno\u015b\u0107 na zu\u017cycie i korozj\u0119, aby wyd\u0142u\u017cy\u0107 \u017cywotno\u015b\u0107.<\/li>\n<li>Wydajna praca uk\u0142adu hydraulicznego: Dzi\u0119ki wykorzystaniu ci\u015bnienia oleju hydraulicznego do uzyskania p\u0142ynnego rozci\u0105gania i kurczenia, si\u0142ownik \u0142y\u017cki mo\u017ce szybko reagowa\u0107 na polecenia steruj\u0105ce, generuj\u0105c du\u017ce si\u0142y pchaj\u0105ce i ci\u0105gn\u0105ce, odpowiednie do obs\u0142ugi ci\u0119\u017ckich \u0142adunk\u00f3w i wykonywania skomplikowanych zada\u0144.<\/li>\n<li>R\u00f3\u017cne typy: Si\u0142owniki jednostronnego dzia\u0142ania (hydrauliczne tylko w jednym kierunku) lub dwustronnego dzia\u0142ania (hydrauliczne w obu kierunkach) mo\u017cna dobra\u0107 w zale\u017cno\u015bci od wymaga\u0144 operacyjnych. Niekt\u00f3re modele s\u0105 teleskopowe, co pozwala na wi\u0119ksze wysuni\u0119cie bez zwi\u0119kszania wymiar\u00f3w zewn\u0119trznych, dzi\u0119ki czemu nadaj\u0105 si\u0119 do zastosowa\u0144 o ograniczonej przestrzeni.<\/li>\n<li>Wyprodukowane przez nasz\u0105 firm\u0119: Nasze produkty doskonale mog\u0105 zast\u0105pi\u0107 tego typu si\u0142owniki hydrauliczne.<\/li>\n<\/ul>\n<p><img decoding=\"async\" src=\"https:\/\/www.hydraulic-cylinders.net\/wp-content\/uploads\/2025\/01\/songte-cylinder-head-with-all-kinds-excavator-models.webp\" alt=\"wizerunek firmy produkuj\u0105cej cylindry wiaderkowe\"><\/p>\n<h3>Aplikacje<\/h3>\n<p>Cylinder kube\u0142kowy ma szeroki zakres zastosowa\u0144, w tym:<\/p>\n<ul>\n<li>Sprz\u0119t budowlany: W koparkach s\u0105 one niezb\u0119dne do kopania, za\u0142adunku i przemieszczania gleby lub gruzu. W koparko-\u0142adowarkach si\u0142ownik \u0142y\u017cki pomaga zar\u00f3wno w kopaniu, jak i podnoszeniu. <\/li>\n<li>Maszyny rolnicze: U\u017cywane do \u0142adowarek czo\u0142owych, do nabierania, podnoszenia i transportu gleby, siana i innych materia\u0142\u00f3w. <\/li>\n<li>Koparki: Cylinder \u0142y\u017cki umo\u017cliwia kopanie poprzez zag\u0142\u0119bianie si\u0119 \u0142y\u017cki w gleb\u0119. <\/li>\n<li>\u0141adowarki czo\u0142owe: W \u0142adowarkach czo\u0142owych pomagaj\u0105 skutecznie podnosi\u0107 i przechyla\u0107 \u0142adunki. <\/li>\n<\/ul>\n<h3>Zagadnienia projektowe i kryteria wyboru<\/h3>\n<p>Przy projektowaniu cylindra kube\u0142kowego nale\u017cy wzi\u0105\u0107 pod uwag\u0119 nast\u0119puj\u0105ce kwestie:<\/p>\n<ul>\n<li>No\u015bno\u015b\u0107: Aby mie\u0107 pewno\u015b\u0107, \u017ce cylinder wytrzyma du\u017ce obci\u0105\u017cenia i ci\u015bnienie.<\/li>\n<li>Uszczelnienie: Mo\u017cna stosowa\u0107 r\u00f3\u017cne elementy uszczelniaj\u0105ce, takie jak uszczelnienia t\u0142ok\u00f3w i uszczelnienia t\u0142oczysk, przy czym materia\u0142y takie jak poliuretan i kauczuk nitrylowy s\u0105 odporne na zu\u017cycie.<\/li>\n<li>Trwa\u0142o\u015b\u0107: Cylindry wykonane s\u0105 z materia\u0142\u00f3w o wysokiej wytrzyma\u0142o\u015bci, co zapewnia d\u0142ug\u0105 \u017cywotno\u015b\u0107.<\/li>\n<li>Bezpiecze\u0144stwo: Konstrukcja cylindra uwzgl\u0119dnia r\u00f3wnie\u017c elementy bezpiecze\u0144stwa, takie jak zawory bezpiecze\u0144stwa.<\/li>\n<li>\u0141atwo\u015b\u0107 konserwacji: Cylinder zaprojektowano tak, aby by\u0142 \u0142atwy w konserwacji i naprawie, a cz\u0119\u015bci zamienne s\u0105 powszechnie dost\u0119pne.<\/li>\n<\/ul>\n<p><img decoding=\"async\" src=\"https:\/\/www.hydraulic-cylinders.net\/wp-content\/uploads\/2025\/01\/songte-oil-pipes-and-spare-parts.webp\" alt=\"obraz projektu cylindra kube\u0142kowego\"><\/p>\n<p>Si\u0142ownik czerpakowy mo\u017ce by\u0107 uszczelniony i smarowany za pomoc\u0105 r\u00f3\u017cnych komponent\u00f3w, takich jak uszczelnienia t\u0142oka i t\u0142oczyska, wykonanych z materia\u0142\u00f3w odpornych na zu\u017cycie, takich jak poliuretan i kauczuk nitrylowy. Korpus i powierzchnia gwintu si\u0142ownika s\u0105 poddawane precyzyjnej obr\u00f3bce w celu zwi\u0119kszenia odporno\u015bci na zu\u017cycie, a regularne smarowanie olejem hydraulicznym jest konieczne.<\/p>\n<h3>Konserwacja i naprawa<\/h3>\n<p>Regularne przegl\u0105dy, prawid\u0142owe smarowanie, wymiana uszczelek i kalibracja to typowe czynno\u015bci konserwacyjne, kt\u00f3re nale\u017cy wykonywa\u0107 przy cylindrze kube\u0142kowym. Podczas monta\u017cu nale\u017cy zapewni\u0107 odpowiednie wskaz\u00f3wki dotycz\u0105ce monta\u017cu, zalecaj\u0105c u\u017cycie odpowiednich wspornik\u00f3w monta\u017cowych do zabezpieczenia cylindra. Zalecane procedury kontroli, naprawy i wymiany mog\u0105 wyd\u0142u\u017cy\u0107 \u017cywotno\u015b\u0107 cylindra.<\/p>\n<p><img decoding=\"async\" src=\"https:\/\/www.hydraulic-cylinders.net\/wp-content\/uploads\/2025\/01\/songte-chushion-collar.webp\" alt=\"obraz konserwacji cylindra \u0142y\u017cki\"><\/p>\n<h3>Zagadnienia bezpiecze\u0144stwa i czynniki \u015brodowiskowe<\/h3>\n<p>Podczas u\u017cytkowania cylindra czerpakowego nale\u017cy zachowa\u0107 \u015brodki bezpiecze\u0144stwa, aby zapobiec wypadkom. Podczas projektowania i u\u017cytkowania cylindra nale\u017cy r\u00f3wnie\u017c uwzgl\u0119dni\u0107 czynniki \u015brodowiskowe, aby zminimalizowa\u0107 ich wp\u0142yw na otoczenie.<\/p>\n<h3>Rozwi\u0105zywanie problem\u00f3w i typowe problemy<\/h3>\n<p>Do typowych usterek si\u0142ownika \u0142y\u017cki nale\u017c\u0105 wycieki oleju, niewystarczaj\u0105ca si\u0142a podnoszenia i nietypowe odg\u0142osy. W celu rozwi\u0105zania wszelkich problem\u00f3w nale\u017cy zastosowa\u0107 odpowiedni\u0105 diagnostyk\u0119 i techniki rozwi\u0105zywania problem\u00f3w.<\/p>\n<p><img decoding=\"async\" src=\"https:\/\/www.hydraulic-cylinders.net\/wp-content\/uploads\/2025\/01\/songte-bushings-with-all-kinds-of-excavator-models.webp\" alt=\"obraz rozwi\u0105zywania problem\u00f3w z cylindrem wiadra\"><\/p>\n<h3>O naszej firmie<\/h3>\n<p>Jeste\u015bmy producentem zamiennych cylindr\u00f3w hydraulicznych, oferuj\u0105cym szerok\u0105 gam\u0119 produkt\u00f3w. Stali\u015bmy si\u0119 jednym z wiod\u0105cych producent\u00f3w i hurtowych dystrybutor\u00f3w cylindr\u00f3w hydraulicznych na rynku krajowym i zagranicznym, kieruj\u0105c si\u0119 zasad\u0105 doskona\u0142ej jako\u015bci. Opieramy si\u0119 na strategii przemys\u0142owego zarz\u0105dzania produkcj\u0105, wykorzystuj\u0105c nasze wyspecjalizowane warsztaty produkcyjne, a tak\u017ce stale udoskonalamy platform\u0119 produkcyjn\u0105 i podnosimy jako\u015b\u0107 produkcji naszych produkt\u00f3w, inwestuj\u0105c w talent techniczny, cyfrowy sprz\u0119t produkcyjny wysokiej klasy oraz profesjonalne systemy testowe. Posiadamy silne zdolno\u015bci kreatywne, a nasze produkty charakteryzuj\u0105 si\u0119 wysok\u0105 wydajno\u015bci\u0105, precyzj\u0105 i jako\u015bci\u0105, jednocze\u015bnie spe\u0142niaj\u0105c zr\u00f3\u017cnicowane potrzeby klient\u00f3w.<\/p>\n<p><img decoding=\"async\" src=\"https:\/\/hzpt.com\/wp-content\/uploads\/2024\/11\/songte-company-1.webp\" alt=\"wizerunek firmy\"><\/p>\n<p>Nasz\u0105 firm\u0119 cechuje profesjonalizm, mi\u0119dzynarodowe certyfikaty, us\u0142ugi dostosowywania, sprz\u0119t produkcyjny i obs\u0142uga posprzeda\u017cowa.<\/p>\n<h2>Autor: lyl<\/h2>","protected":false},"excerpt":{"rendered":"<p>Bucket Cylinder For Baoding WY150 Introduction The bucket cylinder for Baoding WY150 is a specialized hydraulic cylinder that is primarily used to control the movement of buckets in heavy machinery such as excavators, backhoe loaders, and front-end loaders. Its main function is to enable the bucket to lift, lower, and tilt, which facilitates various material [&hellip;]<\/p>","protected":false},"featured_media":14771,"comment_status":"open","ping_status":"closed","template":"","meta":{"_et_pb_use_builder":"","_et_pb_old_content":"","_et_gb_content_width":""},"product_brand":[],"product_cat":[1494],"product_tag":[1495,1496],"class_list":{"0":"post-15952","1":"product","2":"type-product","3":"status-publish","4":"has-post-thumbnail","6":"product_cat-bucket-cylinders","7":"product_tag-bucket-cylinders","8":"product_tag-hydraulic-cylinders","10":"first","11":"instock","12":"shipping-taxable","13":"product-type-simple"},"amp_enabled":true,"_links":{"self":[{"href":"https:\/\/www.hydraulic-cylinders.net\/pl\/wp-json\/wp\/v2\/product\/15952","targetHints":{"allow":["GET"]}}],"collection":[{"href":"https:\/\/www.hydraulic-cylinders.net\/pl\/wp-json\/wp\/v2\/product"}],"about":[{"href":"https:\/\/www.hydraulic-cylinders.net\/pl\/wp-json\/wp\/v2\/types\/product"}],"replies":[{"embeddable":true,"href":"https:\/\/www.hydraulic-cylinders.net\/pl\/wp-json\/wp\/v2\/comments?post=15952"}],"wp:featuredmedia":[{"embeddable":true,"href":"https:\/\/www.hydraulic-cylinders.net\/pl\/wp-json\/wp\/v2\/media\/14771"}],"wp:attachment":[{"href":"https:\/\/www.hydraulic-cylinders.net\/pl\/wp-json\/wp\/v2\/media?parent=15952"}],"wp:term":[{"taxonomy":"product_brand","embeddable":true,"href":"https:\/\/www.hydraulic-cylinders.net\/pl\/wp-json\/wp\/v2\/product_brand?post=15952"},{"taxonomy":"product_cat","embeddable":true,"href":"https:\/\/www.hydraulic-cylinders.net\/pl\/wp-json\/wp\/v2\/product_cat?post=15952"},{"taxonomy":"product_tag","embeddable":true,"href":"https:\/\/www.hydraulic-cylinders.net\/pl\/wp-json\/wp\/v2\/product_tag?post=15952"}],"curies":[{"name":"wp","href":"https:\/\/api.w.org\/{rel}","templated":true}]}}