{"id":15956,"date":"2025-01-19T15:12:51","date_gmt":"2025-01-19T15:12:51","guid":{"rendered":"https:\/\/www.hydraulic-cylinders.net\/product\/bucket-cylinder-for-baoding-wy90-7\/"},"modified":"2025-01-19T15:12:53","modified_gmt":"2025-01-19T15:12:53","slug":"bucket-cylinder-for-baoding-wy90-7","status":"publish","type":"product","link":"https:\/\/www.hydraulic-cylinders.net\/pl\/produkt\/bucket-cylinder-for-baoding-wy90-7\/","title":{"rendered":"Cylinder kube\u0142kowy do Baoding WY90-7"},"content":{"rendered":"<h1>Cylinder kube\u0142kowy do Baoding WY90-7<\/h1>\n<h2>Definicja produktu<\/h2>\n<p>Si\u0142ownik \u0142y\u017cki do koparki Baoding WY90-7 to specjalistyczny si\u0142ownik hydrauliczny przeznaczony g\u0142\u00f3wnie do sterowania ruchem koparek w ci\u0119\u017ckich maszynach, takich jak koparki, koparko-\u0142adowarki i \u0142adowarki czo\u0142owe. Jego g\u0142\u00f3wn\u0105 funkcj\u0105 jest umo\u017cliwienie podnoszenia, opuszczania i przechylania koparki, u\u0142atwiaj\u0105c wykonywanie r\u00f3\u017cnorodnych zada\u0144 zwi\u0105zanych z prze\u0142adunkiem materia\u0142\u00f3w. W uk\u0142adzie hydraulicznym si\u0142ownik \u0142y\u017cki wykorzystuje zmiany ci\u015bnienia oleju hydraulicznego, aby zapewni\u0107 precyzyjn\u0105 kontrol\u0119 nad kopark\u0105, umo\u017cliwiaj\u0105c operatorom wydajne przenoszenie ci\u0119\u017ckich \u0142adunk\u00f3w i dostosowywanie si\u0119 do z\u0142o\u017conych warunk\u00f3w pracy oraz zr\u00f3\u017cnicowanych wymaga\u0144.<\/p>\n<p><img decoding=\"async\" src=\"https:\/\/www.hydraulic-cylinders.net\/wp-content\/uploads\/2025\/01\/songte-company-2.webp\" alt=\"cylinder kube\u0142kowy do Baoding WY90-7\" \/><\/p>\n<h2>Cechy produktu<\/h2>\n<ul>\n<li>Wysoka wytrzyma\u0142o\u015b\u0107 i trwa\u0142o\u015b\u0107: Zazwyczaj wykonane z wytrzyma\u0142ej stali lub aluminium, wytrzymuj\u0105 du\u017ce ci\u015bnienie i du\u017ce obci\u0105\u017cenia, s\u0105 przystosowane do trudnych warunk\u00f3w pracy oraz zaprojektowane z my\u015bl\u0105 o odporno\u015bci na zu\u017cycie i korozj\u0119, co wyd\u0142u\u017ca ich \u017cywotno\u015b\u0107.<\/li>\n<li>Wydajne dzia\u0142anie uk\u0142adu hydraulicznego: P\u0142ynne rozci\u0105ganie i wsuwanie jest mo\u017cliwe dzi\u0119ki wykorzystaniu ci\u015bnienia oleju hydraulicznego, kt\u00f3re mo\u017ce szybko reagowa\u0107 na polecenia operacyjne, zapewniaj\u0105c du\u017c\u0105 si\u0142\u0119 pchania i ci\u0105gni\u0119cia, odpowiedni\u0105 do przenoszenia ci\u0119\u017ckich \u0142adunk\u00f3w i wykonywania skomplikowanych zada\u0144.<\/li>\n<li>R\u00f3\u017cnorodne typy: Si\u0142owniki jednostronnego dzia\u0142ania (hydrauliczne dzia\u0142aj\u0105ce tylko w jednym kierunku) lub dwustronnego dzia\u0142ania (hydrauliczne dzia\u0142aj\u0105ce w obu kierunkach) mo\u017cna dobra\u0107 w zale\u017cno\u015bci od potrzeb, aby spe\u0142ni\u0107 zr\u00f3\u017cnicowane potrzeby operacyjne. Niekt\u00f3re modele s\u0105 teleskopowe, co pozwala na wi\u0119ksze wysuni\u0119cie bez zwi\u0119kszania wymiar\u00f3w zewn\u0119trznych, i nadaje si\u0119 do zastosowa\u0144 w ograniczonej przestrzeni.<\/li>\n<li>Kompatybilny z r\u00f3\u017cnymi maszynami: Nasz produkt mo\u017ce doskonale zast\u0105pi\u0107 te si\u0142owniki hydrauliczne.<\/li>\n<\/ul>\n<p><img decoding=\"async\" src=\"https:\/\/www.hydraulic-cylinders.net\/wp-content\/uploads\/2025\/01\/songte-cylinder-head-with-all-kinds-excavator-models.webp\" alt=\"kompatybilny si\u0142ownik hydrauliczny do r\u00f3\u017cnych maszyn\" \/><\/p>\n<h2>Aplikacje<\/h2>\n<p>Si\u0142ownik czerpakowy do Baoding WY90-7 mo\u017ce by\u0107 stosowany w r\u00f3\u017cnych maszynach ci\u0119\u017ckich, w tym:<\/p>\n<ul>\n<li>Sprz\u0119t budowlany: Jest niezb\u0119dny dla koparek, poniewa\u017c kopi\u0105, \u0142aduj\u0105 i przemieszczaj\u0105 ziemi\u0119 lub gruz. W koparko-\u0142adowarkach si\u0142ownik \u0142y\u017cki wspomaga kopanie i podnoszenie. <\/li>\n<li>Maszyny rolnicze: Stosowane w \u0142adowarkach czo\u0142owych do nabierania, podnoszenia i transportu gleby, siana i innych materia\u0142\u00f3w. <\/li>\n<li>Koparki: Cylinder \u0142y\u017cki umo\u017cliwia kopanie, pozwalaj\u0105c \u0142opacie wnika\u0107 w gleb\u0119.<\/li>\n<li>\u0141adowarka: W \u0142adowarkach czo\u0142owych pomagaj\u0105 w efektywnym podnoszeniu i przechylaniu \u0142adunku.<\/li>\n<\/ul>\n<h2>Zagadnienia projektowe i kryteria wyboru<\/h2>\n<p>Podczas projektowania cylindra kube\u0142kowego dla Baoding WY90-7 wzi\u0119to pod uwag\u0119 szereg czynnik\u00f3w, w tym:<\/p>\n<h3>No\u015bno\u015b\u0107<\/h3>\n<p>Cylinder zaprojektowano tak, aby wytrzymywa\u0142 ogromne obci\u0105\u017cenia. Wykonano go z materia\u0142\u00f3w o wysokiej wytrzyma\u0142o\u015bci, dzi\u0119ki czemu mo\u017ce pracowa\u0107 w kontakcie z ci\u0119\u017ckim sprz\u0119tem i w trudnych warunkach.<\/p>\n<h3>Opiecz\u0119towanie<\/h3>\n<p>W cylindrze zastosowano r\u00f3\u017cnego rodzaju uszczelki, takie jak uszczelki t\u0142okowe, uszczelki t\u0142oczyskowe i uszczelki zgarniaj\u0105ce wykonane z poliuretanu, kauczuku nitrylowego itp., aby wytrzyma\u0107 zu\u017cycie i zapobiec wyciekom p\u0142ynu hydraulicznego.<\/p>\n<h3>Trwa\u0142o\u015b\u0107<\/h3>\n<p>Cylinder zaprojektowano tak, aby by\u0142 trwa\u0142y i odporny na korozj\u0119. Powierzchnie ko\u0144cowe cylindra i gwintowane ko\u0144ce zosta\u0142y poddane precyzyjnej obr\u00f3bce w celu zwi\u0119kszenia odporno\u015bci na zu\u017cycie.<\/p>\n<h3>Bezpiecze\u0144stwo<\/h3>\n<p>Si\u0142ownik \u0142y\u017cki zosta\u0142 zaprojektowany z my\u015bl\u0105 o bezpiecze\u0144stwie i nie spowoduje \u017cadnych uszkodze\u0144 ani obra\u017ce\u0144, je\u015bli b\u0119dzie u\u017cywany prawid\u0142owo. Wyposa\u017cony jest w mechanizmy bezpiecze\u0144stwa, zapobiegaj\u0105ce wypadkom, takie jak zawory bezpiecze\u0144stwa, kt\u00f3re zapobiegaj\u0105 p\u0119kni\u0119ciu lub zapadni\u0119ciu si\u0119 cylindra w przypadku awarii uk\u0142adu hydraulicznego.<\/p>\n<h3>Konserwacja<\/h3>\n<p>Si\u0142ownik \u0142y\u017cki wymaga regularnej konserwacji, obejmuj\u0105cej czyszczenie, kontrol\u0119 i smarowanie. Zaleca si\u0119, aby u\u017cytkownicy okresowo wymieniali zu\u017cyte uszczelki i inne elementy oraz uzupe\u0142niali olej hydrauliczny, aby zapewni\u0107 prawid\u0142owe dzia\u0142anie si\u0142ownika.<\/p>\n<p><img decoding=\"async\" src=\"https:\/\/www.hydraulic-cylinders.net\/wp-content\/uploads\/2025\/01\/songte-oil-pipes-and-spare-parts.webp\" alt=\"cz\u0119\u015bci zamienne do cylindra czerpakowego\" \/><\/p>\n<h2>Uszczelnianie i smarowanie<\/h2>\n<p>W cylindrze czerpakowym zastosowano r\u00f3\u017cne uszczelnienia, takie jak uszczelnienia t\u0142oka, uszczelnienia t\u0142oczyska i uszczelnienia zgarniaj\u0105ce, wykonane z poliuretanu, kauczuku nitrylowego itp., aby zapewni\u0107 odporno\u015b\u0107 na zu\u017cycie i zapobiec wyciekom p\u0142ynu hydraulicznego. Wymaga on regularnego smarowania olejem hydraulicznym, aby zapewni\u0107 p\u0142ynn\u0105 prac\u0119 i zapobiec zu\u017cyciu. Powierzchnie ko\u0144cowe i gwintowane ko\u0144c\u00f3wki cylindra s\u0105 precyzyjnie obrobione w celu zwi\u0119kszenia odporno\u015bci na zu\u017cycie, ale nadal wymagaj\u0105 regularnego smarowania.<\/p>\n<h2>Konserwacja i naprawa<\/h2>\n<p>Regularna konserwacja i naprawa cylindra czerpakowego s\u0105 niezb\u0119dne dla zapewnienia jego prawid\u0142owego dzia\u0142ania i d\u0142ugiej \u017cywotno\u015bci. Czynno\u015bci konserwacyjne obejmuj\u0105 czyszczenie, kontrol\u0119 i smarowanie. Naprawy obejmuj\u0105 wymian\u0119 zu\u017cytych uszczelek i innych podzespo\u0142\u00f3w oraz, w razie potrzeby, regeneracj\u0119 cylindra. Poni\u017cej znajduje si\u0119 kilka wskaz\u00f3wek dotycz\u0105cych prawid\u0142owej konserwacji i napraw:<\/p>\n<ul>\n<li>Regularnie sprawdzaj cylinder pod k\u0105tem zu\u017cycia, nieszczelno\u015bci i innych problem\u00f3w.<\/li>\n<li>Aby zapewni\u0107 prawid\u0142owe dzia\u0142anie cylindra, nale\u017cy okresowo wymienia\u0107 zu\u017cyte uszczelki i inne elementy.<\/li>\n<li>Regularnie uzupe\u0142niaj olej hydrauliczny, aby zapewni\u0107 p\u0142ynn\u0105 prac\u0119 urz\u0105dzenia i zapobiec jego zu\u017cyciu.<\/li>\n<li>Podczas monta\u017cu nale\u017cy prawid\u0142owo ustawi\u0107 cylinder i u\u017cy\u0107 w\u0142a\u015bciwych wspornik\u00f3w monta\u017cowych, aby go zabezpieczy\u0107.<\/li>\n<li>Aby zapewni\u0107 bezpieczn\u0105 i skuteczn\u0105 prac\u0119 cylindra, nale\u017cy post\u0119powa\u0107 zgodnie z zalecanymi procedurami kontroli, napraw i wymiany.<\/li>\n<li>Do konserwacji cylindra nale\u017cy u\u017cywa\u0107 wy\u0142\u0105cznie oryginalnych cz\u0119\u015bci i podzespo\u0142\u00f3w.<\/li>\n<\/ul>\n<p><img decoding=\"async\" src=\"https:\/\/www.hydraulic-cylinders.net\/wp-content\/uploads\/2025\/01\/songte-chushion-collar.webp\" alt=\"ko\u0142nierz oporowy do si\u0142ownika \u0142y\u017cki\" \/><\/p>\n<h2>Bezpiecze\u0144stwo i wzgl\u0119dy \u015brodowiskowe<\/h2>\n<p>Podczas u\u017cytkowania cylindra wiadra nale\u017cy zachowa\u0107 \u015brodki bezpiecze\u0144stwa, aby zapobiec wypadkom i obra\u017ceniom. Nale\u017cy bezwzgl\u0119dnie przestrzega\u0107 instrukcji producenta dotycz\u0105cych bezpiecznej obs\u0142ugi i konserwacji oraz stosowa\u0107 odpowiedni sprz\u0119t ochrony osobistej, taki jak r\u0119kawice i okulary ochronne.<\/p>\n<h2>Rozwi\u0105zywanie problem\u00f3w i typowe problemy<\/h2>\n<p>Si\u0142ownik czerpakowy mo\u017ce napotyka\u0107 na r\u00f3\u017cne problemy, takie jak wycieki, zu\u017cyte uszczelki i inne. Rozwi\u0105zywanie tych problem\u00f3w wymaga podstawowej wiedzy na temat si\u0142ownika i jego podzespo\u0142\u00f3w. Poni\u017cej przedstawiono kilka typowych problem\u00f3w i ich rozwi\u0105zania:<\/p>\n<ul>\n<li>Nieszczelny cylinder: Sprawd\u017a uszczelki i inne elementy pod k\u0105tem zu\u017cycia i w razie potrzeby wymie\u0144 je.<\/li>\n<li>Zu\u017cyte uszczelki: Wymie\u0144 uszczelki na oryginalne cz\u0119\u015bci i podzespo\u0142y.<\/li>\n<li>Inne problemy: Aby zidentyfikowa\u0107 i rozwi\u0105za\u0107 problem, nale\u017cy post\u0119powa\u0107 zgodnie z procedurami rozwi\u0105zywania problem\u00f3w zalecanymi przez producenta.<\/li>\n<\/ul>\n<p><img decoding=\"async\" src=\"https:\/\/www.hydraulic-cylinders.net\/wp-content\/uploads\/2025\/01\/songte-bushings-with-all-kinds-of-excavator-models.webp\" alt=\"tuleje do cylindra czerpakowego\" \/><\/p>\n<h2>O naszej firmie<\/h2>\n<p>Jeste\u015bmy producentem si\u0142ownik\u00f3w hydraulicznych, kt\u00f3re mog\u0105 zast\u0105pi\u0107 si\u0142owniki czerpakowe do maszyn Baoding WY90-7. Nasza firma oferuje pe\u0142n\u0105 gam\u0119 produkt\u00f3w i jest jednym z wiod\u0105cych producent\u00f3w i hurtowych dystrybutor\u00f3w si\u0142ownik\u00f3w hydraulicznych na rynku krajowym i mi\u0119dzynarodowym. Przestrzegamy zasady doskona\u0142ej jako\u015bci, opieraj\u0105c si\u0119 na przemys\u0142owych strategiach zarz\u0105dzania produkcj\u0105 w precyzyjnych warsztatach produkcyjnych, ci\u0105g\u0142ym doskonaleniu naszych platform produkcyjnych, doskonaleniu metod produkcji i jako\u015bci produkt\u00f3w oraz posiadaniu silnego potencja\u0142u tw\u00f3rczego. Nasza firma zaspokaja zr\u00f3\u017cnicowane potrzeby klient\u00f3w dzi\u0119ki wysokiej wydajno\u015bci, precyzji i wysokim standardom jako\u015bci. <\/p>\n<p><img decoding=\"async\" src=\"https:\/\/hzpt.com\/wp-content\/uploads\/2024\/11\/songte-company-1.webp\" alt=\"logo firmy\" \/><\/p>\n<h3>Nasze specjalizacje<\/h3>\n<ul>\n<li>Profesjonalizm<\/li>\n<li>Certyfikacja mi\u0119dzynarodowa<\/li>\n<li>Us\u0142ugi dostosowane do indywidualnych potrzeb<\/li>\n<li>Zaawansowany sprz\u0119t produkcyjny<\/li>\n<li>Doskona\u0142a obs\u0142uga posprzeda\u017cowa<\/li>\n<\/ul>\n<p>Produkty naszej firmy posiadaj\u0105 liczne mi\u0119dzynarodowe certyfikaty, takie jak ISO 9001, CE i SGS. Dysponujemy r\u00f3wnie\u017c profesjonalnym zespo\u0142em technicznym, kt\u00f3ry zapewnia us\u0142ugi dostosowane do indywidualnych potrzeb. Nasza firma stosuje rygorystyczne \u015brodki kontroli jako\u015bci i wykorzystuje zaawansowany sprz\u0119t produkcyjny, aby zagwarantowa\u0107, \u017ce nasze produkty spe\u0142niaj\u0105 wysokie standardy jako\u015bci. Zapewniamy r\u00f3wnie\u017c doskona\u0142\u0105 obs\u0142ug\u0119 posprzeda\u017cow\u0105, aby zagwarantowa\u0107 satysfakcj\u0119 klienta.<\/p>\n<p>Je\u015bli szukasz niezawodnego dostawcy si\u0142ownik\u00f3w hydraulicznych, skontaktuj si\u0119 z nami, aby uzyska\u0107 wi\u0119cej informacji.<\/p>\n<p>Autor: lyl.<\/p>","protected":false},"excerpt":{"rendered":"<p>Bucket Cylinder For Baoding WY90-7 Product Definition The bucket cylinder for Baoding WY90-7 is a specialized hydraulic cylinder designed primarily for controlling the movement of shovels in heavy machinery such as excavators, backhoe loaders, and front-end loaders. Its main function is to enable the shovel to lift, lower and tilt, making it easier to handle [&hellip;]<\/p>","protected":false},"featured_media":14761,"comment_status":"open","ping_status":"closed","template":"","meta":{"_et_pb_use_builder":"","_et_pb_old_content":"","_et_gb_content_width":""},"product_brand":[],"product_cat":[1494],"product_tag":[1495,1496],"class_list":{"0":"post-15956","1":"product","2":"type-product","3":"status-publish","4":"has-post-thumbnail","6":"product_cat-bucket-cylinders","7":"product_tag-bucket-cylinders","8":"product_tag-hydraulic-cylinders","10":"first","11":"instock","12":"shipping-taxable","13":"product-type-simple"},"amp_enabled":true,"_links":{"self":[{"href":"https:\/\/www.hydraulic-cylinders.net\/pl\/wp-json\/wp\/v2\/product\/15956","targetHints":{"allow":["GET"]}}],"collection":[{"href":"https:\/\/www.hydraulic-cylinders.net\/pl\/wp-json\/wp\/v2\/product"}],"about":[{"href":"https:\/\/www.hydraulic-cylinders.net\/pl\/wp-json\/wp\/v2\/types\/product"}],"replies":[{"embeddable":true,"href":"https:\/\/www.hydraulic-cylinders.net\/pl\/wp-json\/wp\/v2\/comments?post=15956"}],"wp:featuredmedia":[{"embeddable":true,"href":"https:\/\/www.hydraulic-cylinders.net\/pl\/wp-json\/wp\/v2\/media\/14761"}],"wp:attachment":[{"href":"https:\/\/www.hydraulic-cylinders.net\/pl\/wp-json\/wp\/v2\/media?parent=15956"}],"wp:term":[{"taxonomy":"product_brand","embeddable":true,"href":"https:\/\/www.hydraulic-cylinders.net\/pl\/wp-json\/wp\/v2\/product_brand?post=15956"},{"taxonomy":"product_cat","embeddable":true,"href":"https:\/\/www.hydraulic-cylinders.net\/pl\/wp-json\/wp\/v2\/product_cat?post=15956"},{"taxonomy":"product_tag","embeddable":true,"href":"https:\/\/www.hydraulic-cylinders.net\/pl\/wp-json\/wp\/v2\/product_tag?post=15956"}],"curies":[{"name":"wp","href":"https:\/\/api.w.org\/{rel}","templated":true}]}}