{"id":15969,"date":"2025-01-19T15:13:51","date_gmt":"2025-01-19T15:13:51","guid":{"rendered":"https:\/\/www.hydraulic-cylinders.net\/product\/bucket-cylinder-for-dasin-ds18\/"},"modified":"2025-01-19T15:13:53","modified_gmt":"2025-01-19T15:13:53","slug":"bucket-cylinder-for-dasin-ds18","status":"publish","type":"product","link":"https:\/\/www.hydraulic-cylinders.net\/pl\/produkt\/bucket-cylinder-for-dasin-ds18\/","title":{"rendered":"Cylinder kube\u0142kowy do Dasin DS18"},"content":{"rendered":"<p><!DOCTYPE html><br \/>\n<html><br \/>\n<head><br \/>\n<title>Cylinder kube\u0142kowy do Dasin DS18<\/title><br \/>\n<\/head><br \/>\n<body><\/p>\n<h1>Cylinder kube\u0142kowy do Dasin DS18<\/h1>\n<h2>Wst\u0119p<\/h2>\n<p>Si\u0142ownik \u0142y\u017cki do koparki Dasin DS18 to specjalnie zaprojektowany si\u0142ownik hydrauliczny s\u0142u\u017c\u0105cy do sterowania ruchem \u0142y\u017cki w ci\u0119\u017ckich maszynach, takich jak koparki, koparko-\u0142adowarki i \u0142adowarki czo\u0142owe. Jego g\u0142\u00f3wn\u0105 funkcj\u0105 jest podnoszenie, opuszczanie i przechylanie \u0142y\u017cki, co u\u0142atwia wykonywanie r\u00f3\u017cnych zada\u0144 zwi\u0105zanych z prze\u0142adunkiem materia\u0142\u00f3w. W uk\u0142adzie hydraulicznym si\u0142ownik \u0142y\u017cki zapewnia precyzyjn\u0105 kontrol\u0119 nad \u0142y\u017ck\u0105 poprzez zmian\u0119 ci\u015bnienia oleju hydraulicznego, umo\u017cliwiaj\u0105c operatorom wydajne przenoszenie ci\u0119\u017ckich \u0142adunk\u00f3w i dostosowanie si\u0119 do z\u0142o\u017conych warunk\u00f3w pracy oraz zr\u00f3\u017cnicowanych wymaga\u0144.<\/p>\n<p><img decoding=\"async\" src=\"https:\/\/www.hydraulic-cylinders.net\/wp-content\/uploads\/2025\/01\/songte-company-2.webp\" alt=\"Obraz cylindra wiadra\"><\/p>\n<h2>Cechy<\/h2>\n<ul>\n<li>Wysoka wytrzyma\u0142o\u015b\u0107 i trwa\u0142o\u015b\u0107: Zazwyczaj wykonane z wysokowytrzyma\u0142ej stali lub aluminium, wytrzymuj\u0105 du\u017ce ci\u015bnienie i du\u017ce obci\u0105\u017cenia, s\u0105 odpowiednie do pracy w trudnych warunkach oraz zaprojektowane z uwzgl\u0119dnieniem odporno\u015bci na zu\u017cycie i korozj\u0119, aby wyd\u0142u\u017cy\u0107 okres eksploatacji.<\/li>\n<li>Wydajna praca uk\u0142adu hydraulicznego: wykorzystuje ci\u015bnienie oleju hydraulicznego w celu uzyskania p\u0142ynnych ruch\u00f3w wysuwania i wsuwania, umo\u017cliwia szybk\u0105 reakcj\u0119 na polecenia steruj\u0105ce, zapewnia du\u017c\u0105 si\u0142\u0119 pchania i ci\u0105gni\u0119cia oraz jest odpowiedni do obs\u0142ugi ci\u0119\u017ckich \u0142adunk\u00f3w i wykonywania skomplikowanych zada\u0144.<\/li>\n<li>R\u00f3\u017cne typy: Mo\u017cliwo\u015b\u0107 wyboru mi\u0119dzy si\u0142ownikami jednostronnego dzia\u0142ania (hydrauliczne, dzia\u0142aj\u0105ce tylko w jednym kierunku) lub dwustronnego dzia\u0142ania (hydrauliczne, dzia\u0142aj\u0105ce w obu kierunkach) w zale\u017cno\u015bci od konkretnych potrzeb operacyjnych. Niekt\u00f3re modele s\u0105 teleskopowe, co pozwala na wi\u0119ksze wysuni\u0119cie si\u0142ownika bez zwi\u0119kszania jego wymiar\u00f3w zewn\u0119trznych, co jest odpowiednie do zastosowa\u0144 w ograniczonej przestrzeni.<\/li>\n<\/ul>\n<p><img decoding=\"async\" src=\"https:\/\/www.hydraulic-cylinders.net\/wp-content\/uploads\/2025\/01\/songte-cylinder-head-with-all-kinds-excavator-models.webp\" alt=\"Obraz produktu\"><\/p>\n<h2>Aplikacje<\/h2>\n<p>Si\u0142ownik kube\u0142kowy do Dasin DS18 znajduje zastosowanie w r\u00f3\u017cnorodnych urz\u0105dzeniach:<\/p>\n<ul>\n<li>Sprz\u0119t budowlany: Znajduj\u0105 si\u0119 w koparkach i s\u0105 niezb\u0119dne do kopania, za\u0142adunku i przemieszczania gleby lub gruzu. W koparko-\u0142adowarkach si\u0142ownik \u0142y\u017cki wspomaga zar\u00f3wno kopanie, jak i podnoszenie.<\/li>\n<li>Maszyny rolnicze: Stosowane w \u0142adowarkach czo\u0142owych do nabierania, podnoszenia i transportu gleby, siana i innych materia\u0142\u00f3w.<\/li>\n<li>Koparki: Cylinder \u0142y\u017cki umo\u017cliwia kopanie poprzez umo\u017cliwienie \u0142y\u017cce wnikania w gleb\u0119.<\/li>\n<li>\u0141adowarki czo\u0142owe: W \u0142adowarkach czo\u0142owych pomagaj\u0105 w wydajnym podnoszeniu i wysypywaniu towar\u00f3w.<\/li>\n<\/ul>\n<h2>Zagadnienia projektowe i kryteria wyboru<\/h2>\n<p>Przy projektowaniu cylindr\u00f3w kube\u0142kowych bierze si\u0119 pod uwag\u0119 kilka czynnik\u00f3w:<\/p>\n<ul>\n<li>No\u015bno\u015b\u0107: Cylindry s\u0105 zaprojektowane tak, aby wytrzyma\u0107 okre\u015blone obci\u0105\u017cenie, co gwarantuje bezpieczn\u0105 i wydajn\u0105 prac\u0119.<\/li>\n<li>Uszczelnienie: R\u00f3\u017cne elementy uszczelniaj\u0105ce, takie jak uszczelki t\u0142okowe i uszczelki t\u0142oczyskowe, s\u0142u\u017c\u0105 do zapobiegania wyciekom p\u0142ynu hydraulicznego i zapewnienia prawid\u0142owego dzia\u0142ania.<\/li>\n<li>Trwa\u0142o\u015b\u0107: Cylindry wykonane s\u0105 z materia\u0142\u00f3w i pow\u0142ok, kt\u00f3re zwi\u0119kszaj\u0105 trwa\u0142o\u015b\u0107 oraz odporno\u015b\u0107 na zu\u017cycie i korozj\u0119.<\/li>\n<li>Bezpiecze\u0144stwo: W celu zapobiegania wypadkom i zapewnienia ochrony operatorowi podczas pracy zastosowano funkcje bezpiecze\u0144stwa.<\/li>\n<li>\u0141atwo\u015b\u0107 konserwacji: Konstrukcja urz\u0105dzenia zapewnia \u0142atwy dost\u0119p do podzespo\u0142\u00f3w oraz umo\u017cliwia konserwacj\u0119 i naprawy, co przek\u0142ada si\u0119 na sprawne serwisowanie.<\/li>\n<\/ul>\n<p><img decoding=\"async\" src=\"https:\/\/www.hydraulic-cylinders.net\/wp-content\/uploads\/2025\/01\/songte-oil-pipes-and-spare-parts.webp\" alt=\"Obraz produktu\"><\/p>\n<h2>Uszczelnianie i smarowanie<\/h2>\n<p>Si\u0142ownik czerpakowy wykorzystuje r\u00f3\u017cnorodne elementy uszczelniaj\u0105ce, takie jak uszczelnienia t\u0142oka i t\u0142oczyska, wykonane z materia\u0142\u00f3w odpornych na zu\u017cycie, takich jak poliuretan i kauczuk nitrylowy. Korpus cylindra i gwintowane ko\u0144c\u00f3wki poddawane s\u0105 precyzyjnej obr\u00f3bce powierzchniowej w celu zwi\u0119kszenia odporno\u015bci na zu\u017cycie. Aby zapewni\u0107 p\u0142ynn\u0105 prac\u0119, wymagane jest regularne smarowanie odpowiedni\u0105 ilo\u015bci\u0105 oleju hydraulicznego.<\/p>\n<h2>Inspekcja i konserwacja zapobiegawcza<\/h2>\n<p>Aby zapewni\u0107 optymaln\u0105 wydajno\u015b\u0107 i trwa\u0142o\u015b\u0107 si\u0142ownika \u0142y\u017cki, nale\u017cy regularnie przeprowadza\u0107 kontrole i konserwacj\u0119 zapobiegawcz\u0105. Do dzia\u0142a\u0144 tych nale\u017c\u0105:<\/p>\n<ul>\n<li>Regularne kontrole maj\u0105ce na celu wykrycie wszelkich \u015blad\u00f3w zu\u017cycia, uszkodze\u0144 lub wyciek\u00f3w.<\/li>\n<li>W\u0142a\u015bciwe smarowanie zapewnia dobre smarowanie wszystkich ruchomych cz\u0119\u015bci.<\/li>\n<li>W razie konieczno\u015bci wymiany uszczelek w celu zachowania w\u0142a\u015bciwej wydajno\u015bci uszczelnienia.<\/li>\n<li>Kontrole kalibracji w celu zapewnienia dok\u0142adnego dzia\u0142ania.<\/li>\n<\/ul>\n<p><img decoding=\"async\" src=\"https:\/\/www.hydraulic-cylinders.net\/wp-content\/uploads\/2025\/01\/songte-chushion-collar.webp\" alt=\"Obraz produktu\"><\/p>\n<h2>Zagadnienia bezpiecze\u0144stwa i czynniki \u015brodowiskowe<\/h2>\n<p>Aby zapobiec wypadkom i zapewni\u0107 bezpiecze\u0144stwo operatora, nale\u017cy u\u017cywa\u0107 cylindra \u0142y\u017cki z zachowaniem odpowiednich \u015brodk\u00f3w ostro\u017cno\u015bci. Podczas obs\u0142ugi ci\u0119\u017ckich maszyn nale\u017cy przestrzega\u0107 wszystkich wytycznych i przepis\u00f3w bezpiecze\u0144stwa.<\/p>\n<h2>Diagnostyka usterek i typowe problemy<\/h2>\n<p>W przypadku jakichkolwiek usterek lub problem\u00f3w z si\u0142ownikiem \u0142y\u017cki, poni\u017csze wskaz\u00f3wki i metody rozwi\u0105zywania problem\u00f3w pomog\u0105 w diagnozie i skutecznym rozwi\u0105zaniu problem\u00f3w. Konieczne jest r\u00f3wnie\u017c podj\u0119cie \u015brodk\u00f3w zapobiegawczych w celu zminimalizowania potencjalnych problem\u00f3w.<\/p>\n<p><img decoding=\"async\" src=\"https:\/\/www.hydraulic-cylinders.net\/wp-content\/uploads\/2025\/01\/songte-bushings-with-all-kinds-of-excavator-models.webp\" alt=\"Obraz produktu\"><\/p>\n<h2>Zadania konserwacyjne<\/h2>\n<p>Do typowych czynno\u015bci konserwacyjnych nale\u017c\u0105 regularne kontrole, prawid\u0142owe smarowanie, wymiana uszczelnie\u0144 i kontrola kalibracji. Nale\u017cy podkre\u015bli\u0107 znaczenie prawid\u0142owej instalacji, smarowania i regulacji. Nale\u017cy udzieli\u0107 wskaz\u00f3wek dotycz\u0105cych prawid\u0142owego ustawienia cylindra podczas instalacji oraz zaleci\u0107 u\u017cycie odpowiednich wspornik\u00f3w monta\u017cowych w celu zapewnienia bezpiecznego monta\u017cu. Nale\u017cy zaleci\u0107 procedury kontroli, naprawy i wymiany oraz udzieli\u0107 wskaz\u00f3wek dotycz\u0105cych wyd\u0142u\u017cenia \u017cywotno\u015bci cylindra kube\u0142kowego.<\/p>\n<h2>O naszej firmie<\/h2>\n<p>Jeste\u015bmy producentem zamiennych cylindr\u00f3w hydraulicznych i oferujemy szeroki asortyment produkt\u00f3w. Jeste\u015bmy jednym z wiod\u0105cych producent\u00f3w i hurtowych dystrybutor\u00f3w cylindr\u00f3w hydraulicznych na rynku krajowym i mi\u0119dzynarodowym. Przestrzegamy zasad doskona\u0142ej jako\u015bci i opieramy si\u0119 na przemys\u0142owych strategiach zarz\u0105dzania produkcj\u0105 w naszych zaawansowanych warsztatach produkcyjnych. Dzi\u0119ki wykorzystaniu talent\u00f3w technicznych, zaawansowanego sprz\u0119tu do produkcji cyfrowej oraz profesjonalnych system\u00f3w testowych, stale ulepszamy nasz\u0105 platform\u0119 produkcyjn\u0105, doskonalimy proces produkcyjny pod k\u0105tem jako\u015bci produkt\u00f3w i dysponujemy du\u017cymi mo\u017cliwo\u015bciami produkcyjnymi. Naszym celem jest spe\u0142nianie zr\u00f3\u017cnicowanych wymaga\u0144 klient\u00f3w poprzez wysok\u0105 wydajno\u015b\u0107, precyzj\u0119 i jako\u015b\u0107.<\/p>\n<p><img decoding=\"async\" src=\"https:\/\/www.hydraulic-cylinders.net\/wp-content\/uploads\/2025\/01\/songte-company-3.webp\" alt=\"Wizerunek firmy\"><\/p>\n<p>Nasza firma znana jest z:<\/p>\n<ul>\n<li>Ekspertyza: Posiadamy zesp\u00f3\u0142 profesjonalist\u00f3w, kt\u00f3rzy s\u0105 ekspertami w dziedzinie si\u0142ownik\u00f3w hydraulicznych.<\/li>\n<li>Certyfikacja mi\u0119dzynarodowa: Nasze produkty spe\u0142niaj\u0105 mi\u0119dzynarodowe standardy jako\u015bci i posiadaj\u0105 stosowne certyfikaty.<\/li>\n<li>Us\u0142ugi dostosowywania: Oferujemy rozwi\u0105zania dostosowane do indywidualnych potrzeb klient\u00f3w.<\/li>\n<li>Sprz\u0119t produkcyjny: Posiadamy zaawansowany sprz\u0119t produkcyjny, co gwarantuje wysok\u0105 jako\u015b\u0107 produkcji.<\/li>\n<li>Obs\u0142uga posprzeda\u017cowa: Zapewniamy doskona\u0142\u0105 obs\u0142ug\u0119 posprzeda\u017cow\u0105, aby zagwarantowa\u0107 satysfakcj\u0119 klienta.<\/li>\n<\/ul>\n<p>Autor: lyl<\/p>\n<p><\/body><br \/>\n<\/html><\/p>","protected":false},"excerpt":{"rendered":"<p>Bucket Cylinder For Dasin DS18 Bucket Cylinder For Dasin DS18 Introduction The bucket cylinder for Dasin DS18 is a specially designed hydraulic cylinder used to control the movement of the bucket in heavy machinery such as excavators, backhoe loaders, and front loaders. Its main function is to enable the bucket to be raised, lowered, and [&hellip;]<\/p>","protected":false},"featured_media":14765,"comment_status":"open","ping_status":"closed","template":"","meta":{"_et_pb_use_builder":"","_et_pb_old_content":"","_et_gb_content_width":""},"product_brand":[],"product_cat":[1494],"product_tag":[1495,1496],"class_list":{"0":"post-15969","1":"product","2":"type-product","3":"status-publish","4":"has-post-thumbnail","6":"product_cat-bucket-cylinders","7":"product_tag-bucket-cylinders","8":"product_tag-hydraulic-cylinders","10":"first","11":"instock","12":"shipping-taxable","13":"product-type-simple"},"amp_enabled":true,"_links":{"self":[{"href":"https:\/\/www.hydraulic-cylinders.net\/pl\/wp-json\/wp\/v2\/product\/15969","targetHints":{"allow":["GET"]}}],"collection":[{"href":"https:\/\/www.hydraulic-cylinders.net\/pl\/wp-json\/wp\/v2\/product"}],"about":[{"href":"https:\/\/www.hydraulic-cylinders.net\/pl\/wp-json\/wp\/v2\/types\/product"}],"replies":[{"embeddable":true,"href":"https:\/\/www.hydraulic-cylinders.net\/pl\/wp-json\/wp\/v2\/comments?post=15969"}],"wp:featuredmedia":[{"embeddable":true,"href":"https:\/\/www.hydraulic-cylinders.net\/pl\/wp-json\/wp\/v2\/media\/14765"}],"wp:attachment":[{"href":"https:\/\/www.hydraulic-cylinders.net\/pl\/wp-json\/wp\/v2\/media?parent=15969"}],"wp:term":[{"taxonomy":"product_brand","embeddable":true,"href":"https:\/\/www.hydraulic-cylinders.net\/pl\/wp-json\/wp\/v2\/product_brand?post=15969"},{"taxonomy":"product_cat","embeddable":true,"href":"https:\/\/www.hydraulic-cylinders.net\/pl\/wp-json\/wp\/v2\/product_cat?post=15969"},{"taxonomy":"product_tag","embeddable":true,"href":"https:\/\/www.hydraulic-cylinders.net\/pl\/wp-json\/wp\/v2\/product_tag?post=15969"}],"curies":[{"name":"wp","href":"https:\/\/api.w.org\/{rel}","templated":true}]}}