{"id":15973,"date":"2025-01-19T15:14:11","date_gmt":"2025-01-19T15:14:11","guid":{"rendered":"https:\/\/www.hydraulic-cylinders.net\/product\/bucket-cylinder-for-dasin-ds90-7\/"},"modified":"2025-01-19T15:14:13","modified_gmt":"2025-01-19T15:14:13","slug":"bucket-cylinder-for-dasin-ds90-7","status":"publish","type":"product","link":"https:\/\/www.hydraulic-cylinders.net\/pl\/produkt\/bucket-cylinder-for-dasin-ds90-7\/","title":{"rendered":"Cylinder kube\u0142kowy do Dasin DS90-7"},"content":{"rendered":"<h1>Cylinder kube\u0142kowy do Dasin DS90-7<\/h1>\n<h2>Wst\u0119p<\/h2>\n<p>Si\u0142ownik \u0142y\u017cki do koparki Dasin DS90-7 to specjalnie zaprojektowany si\u0142ownik hydrauliczny s\u0142u\u017c\u0105cy do sterowania ruchem \u0142y\u017cki w ci\u0119\u017ckich maszynach, takich jak koparki, koparko-\u0142adowarki i \u0142adowarki czo\u0142owe. Jego g\u0142\u00f3wn\u0105 funkcj\u0105 jest podnoszenie, opuszczanie i przechylanie \u0142y\u017cki, u\u0142atwiaj\u0105c tym samym r\u00f3\u017cnorodne zadania zwi\u0105zane z prze\u0142adunkiem materia\u0142\u00f3w. W uk\u0142adzie hydraulicznym si\u0142ownik \u0142y\u017cki zapewnia precyzyjn\u0105 kontrol\u0119 nad \u0142y\u017ck\u0105, wykorzystuj\u0105c zmiany ci\u015bnienia oleju hydraulicznego, umo\u017cliwiaj\u0105c operatorom wydajne przenoszenie ci\u0119\u017ckich \u0142adunk\u00f3w i dostosowywanie si\u0119 do z\u0142o\u017conych warunk\u00f3w pracy oraz zr\u00f3\u017cnicowanych wymaga\u0144.<\/p>\n<p><img decoding=\"async\" src=\"https:\/\/www.hydraulic-cylinders.net\/wp-content\/uploads\/2025\/01\/songte-company-2.webp\"><\/p>\n<h2>Cechy<\/h2>\n<ul>\n<li>Wysoka wytrzyma\u0142o\u015b\u0107 i trwa\u0142o\u015b\u0107: Zazwyczaj wykonany z wysokowytrzyma\u0142ej stali lub aluminium, si\u0142ownik \u0142y\u017cki jest w stanie wytrzyma\u0107 wysokie ci\u015bnienia i du\u017ce obci\u0105\u017cenia, dostosowuj\u0105c si\u0119 do trudnych warunk\u00f3w pracy. Konstrukcja uwzgl\u0119dnia odporno\u015b\u0107 na zu\u017cycie i korozj\u0119, co wyd\u0142u\u017ca jego \u017cywotno\u015b\u0107.<\/li>\n<li>Wydajna praca uk\u0142adu hydraulicznego: Dzi\u0119ki wykorzystaniu ci\u015bnienia oleju hydraulicznego si\u0142ownik \u0142y\u017cki zapewnia p\u0142ynne ruchy wysuwania i wsuwania, co pozwala na szybk\u0105 reakcj\u0119 na polecenia steruj\u0105ce i zapewnia du\u017c\u0105 si\u0142\u0119 pchania i ci\u0105gni\u0119cia, przydatn\u0105 przy podnoszeniu ci\u0119\u017ckich \u0142adunk\u00f3w i wykonywaniu skomplikowanych zada\u0144.<\/li>\n<li>R\u00f3\u017cne typy: Si\u0142ownik kube\u0142kowy mo\u017ce by\u0107 wybrany jako si\u0142ownik jednostronnego dzia\u0142ania (ci\u015bnienie hydrauliczne tylko w jednym kierunku) lub dwustronnego dzia\u0142ania (ci\u015bnienie hydrauliczne w obu kierunkach), w zale\u017cno\u015bci od konkretnych wymaga\u0144 operacyjnych. Niekt\u00f3re modele s\u0105 teleskopowe, co pozwala na wi\u0119ksze wysuni\u0119cie bez zwi\u0119kszania wymiar\u00f3w zewn\u0119trznych, dzi\u0119ki czemu nadaj\u0105 si\u0119 do zastosowa\u0144 w ograniczonej przestrzeni.<\/li>\n<li>Idealny zamiennik cylindr\u00f3w hydraulicznych: Nasze produkty mog\u0105 doskonale zast\u0105pi\u0107 cylindry hydrauliczne.<\/li>\n<\/ul>\n<p><img decoding=\"async\" src=\"https:\/\/www.hydraulic-cylinders.net\/wp-content\/uploads\/2025\/01\/songte-cylinder-head-with-all-kinds-excavator-models.webp\"><\/p>\n<h2>Aplikacje<\/h2>\n<p>Cylinder kube\u0142kowy jest szeroko stosowany w r\u00f3\u017cnych ga\u0142\u0119ziach przemys\u0142u i urz\u0105dzeniach, w tym:<\/p>\n<ul>\n<li>Maszyny budowlane: Znajduj\u0105 si\u0119 w koparkach i s\u0105 niezb\u0119dne do kopania, za\u0142adunku i przemieszczania gleby lub gruzu. W koparko-\u0142adowarkach si\u0142ownik \u0142y\u017cki wspomaga zar\u00f3wno kopanie, jak i podnoszenie.<\/li>\n<li>Maszyny rolnicze: Stosowane w \u0142adowarkach czo\u0142owych do nabierania, podnoszenia i transportu gleby, siana i innych materia\u0142\u00f3w.<\/li>\n<li>Koparki: Cylinder \u0142y\u017cki umo\u017cliwia kopanie poprzez umo\u017cliwienie \u0142y\u017cce wnikania w gleb\u0119.<\/li>\n<li>\u0141adowarki czo\u0142owe: W \u0142adowarkach czo\u0142owych pomagaj\u0105 w wydajnym podnoszeniu i wysypywaniu towar\u00f3w.<\/li>\n<\/ul>\n<h2>Zagadnienia projektowe i standardy wyboru<\/h2>\n<p>Przy projektowaniu cylindra czerpakowego brane s\u0105 pod uwag\u0119 r\u00f3\u017cne czynniki i kryteria doboru:<\/p>\n<ul>\n<li>No\u015bno\u015b\u0107: Cylinder musi by\u0107 w stanie wytrzyma\u0107 przy\u0142o\u017cone obci\u0105\u017cenia i ci\u015bnienia.<\/li>\n<li>Uszczelnienie: W celu zapewnienia w\u0142a\u015bciwego uszczelnienia i zapobiegania przeciekom stosuje si\u0119 r\u00f3\u017cne elementy uszczelniaj\u0105ce, takie jak uszczelki t\u0142okowe i uszczelki t\u0142oczyskowe.<\/li>\n<li>Trwa\u0142o\u015b\u0107: Cylinder zaprojektowano i wyprodukowano tak, aby wytrzyma\u0142 wymagania ci\u0119\u017ckich zastosowa\u0144 i trudnych warunk\u00f3w \u015brodowiskowych.<\/li>\n<li>Bezpiecze\u0144stwo: Aby zagwarantowa\u0107 bezpieczn\u0105 obs\u0142ug\u0119 cylindra \u0142y\u017cki, wdro\u017cono \u015brodki bezpiecze\u0144stwa.<\/li>\n<li>\u0141atwo\u015b\u0107 konserwacji: Podejmowane s\u0105 dzia\u0142ania u\u0142atwiaj\u0105ce konserwacj\u0119 i napraw\u0119 cylindra.<\/li>\n<\/ul>\n<p><img decoding=\"async\" src=\"https:\/\/www.hydraulic-cylinders.net\/wp-content\/uploads\/2025\/01\/songte-oil-pipes-and-spare-parts.webp\"><\/p>\n<h2>Uszczelnianie i smarowanie<\/h2>\n<p>Si\u0142ownik kube\u0142kowy wykorzystuje r\u00f3\u017cnorodne elementy uszczelniaj\u0105ce, takie jak uszczelnienia t\u0142oka i t\u0142oczyska, wykonane z materia\u0142\u00f3w odpornych na zu\u017cycie, takich jak poliuretan i kauczuk nitrylowy. Korpus cylindra i gwintowane ko\u0144c\u00f3wki poddawane s\u0105 precyzyjnej obr\u00f3bce powierzchni w celu zwi\u0119kszenia odporno\u015bci na zu\u017cycie. Regularne smarowanie odpowiedni\u0105 ilo\u015bci\u0105 oleju hydraulicznego jest niezb\u0119dne dla zapewnienia p\u0142ynnej pracy i d\u0142ugiej \u017cywotno\u015bci si\u0142ownika.<\/p>\n<h2>Regularne kontrole i konserwacja zapobiegawcza<\/h2>\n<p>Aby utrzyma\u0107 optymaln\u0105 wydajno\u015b\u0107 si\u0142ownika \u0142y\u017cki, zaleca si\u0119 regularne kontrole i konserwacj\u0119 zapobiegawcz\u0105:<\/p>\n<ul>\n<li>Sprawd\u017a, czy nie ma \u015blad\u00f3w zu\u017cycia, uszkodze\u0144 lub przeciek\u00f3w.<\/li>\n<li>Zapewnij odpowiednie smarowanie.<\/li>\n<li>W razie konieczno\u015bci wymie\u0144 uszczelki.<\/li>\n<li>Przeprowad\u017a kontrol\u0119 kalibracji, aby zapewni\u0107 prawid\u0142owe dzia\u0142anie urz\u0105dzenia.<\/li>\n<\/ul>\n<p><img decoding=\"async\" src=\"https:\/\/www.hydraulic-cylinders.net\/wp-content\/uploads\/2025\/01\/songte-chushion-collar.webp\"><\/p>\n<h2>Zagadnienia bezpiecze\u0144stwa i czynniki \u015brodowiskowe<\/h2>\n<p>Podczas u\u017cytkowania cylindra czerpakowego, priorytetem jest zapewnienie \u015brodk\u00f3w bezpiecze\u0144stwa, aby zapobiec wypadkom i zapewni\u0107 bezpieczne \u015brodowisko pracy. Nale\u017cy r\u00f3wnie\u017c uwzgl\u0119dni\u0107 czynniki \u015brodowiskowe, aby zminimalizowa\u0107 negatywny wp\u0142yw na otoczenie.<\/p>\n<h2>Rozwi\u0105zywanie problem\u00f3w i typowe problemy<\/h2>\n<p>W przypadku jakichkolwiek usterek lub problem\u00f3w poni\u017csze wskaz\u00f3wki i rozwi\u0105zania mog\u0105 pom\u00f3c w diagnozie i rozwi\u0105zaniu problem\u00f3w:<\/p>\n<ul>\n<li>Aby zapobiec potencjalnym problemom, nale\u017cy regularnie sprawdza\u0107 i konserwowa\u0107 cylinder.<\/li>\n<li>Post\u0119puj zgodnie z zalecanymi procedurami monta\u017cu, smarowania i regulacji.<\/li>\n<li>Zapewnij w\u0142a\u015bciwe wskaz\u00f3wki dotycz\u0105ce ustawienia cylindra podczas instalacji.<\/li>\n<li>Do zabezpieczenia cylindra nale\u017cy u\u017cy\u0107 odpowiednich wspornik\u00f3w monta\u017cowych.<\/li>\n<li>Zaproponuj zalecane procedury kontroli, naprawy i wymiany.<\/li>\n<li>Podaj wskaz\u00f3wki dotycz\u0105ce wyd\u0142u\u017cenia \u017cywotno\u015bci cylindra czerpakowego.<\/li>\n<\/ul>\n<p><img decoding=\"async\" src=\"https:\/\/www.hydraulic-cylinders.net\/wp-content\/uploads\/2025\/01\/songte-bushings-with-all-kinds-of-excavator-models.webp\"><\/p>\n<p>Pami\u0119taj, aby artyku\u0142 by\u0142 logicznie uporz\u0105dkowany, u\u017cywaj podtytu\u0142\u00f3w u\u0142atwiaj\u0105cych nawigacj\u0119, dodawaj odpowiednie obrazy i wykresy, aby u\u0142atwi\u0107 zrozumienie, a tak\u017ce zadbaj o to, aby tre\u015b\u0107 by\u0142a przejrzysta, zwi\u0119z\u0142a i odpowiednia dla czytelnik\u00f3w o r\u00f3\u017cnym poziomie wiedzy technicznej.<\/p>\n<h2>O naszej firmie<\/h2>\n<p>Jeste\u015bmy producentem zamiennych si\u0142ownik\u00f3w hydraulicznych, oferuj\u0105cym szerok\u0105 gam\u0119 produkt\u00f3w. Stali\u015bmy si\u0119 jednym z wiod\u0105cych producent\u00f3w i hurtowych dystrybutor\u00f3w si\u0142ownik\u00f3w hydraulicznych na rynku krajowym i mi\u0119dzynarodowym. Nasza firma realizuje strategi\u0119 uprzemys\u0142owionego zarz\u0105dzania produkcj\u0105, opieraj\u0105c si\u0119 na doskona\u0142ej jako\u015bci, zaawansowanych warsztatach produkcyjnych, utalentowanych pracownikach technicznych, zaawansowanym sprz\u0119cie do produkcji cyfrowej oraz profesjonalnych systemach testowych. Stale udoskonalamy nasz\u0105 platform\u0119 produkcyjn\u0105, stosujemy doskona\u0142e procesy produkcyjne i dysponujemy silnym potencja\u0142em innowacyjnym. Kieruj\u0105c si\u0119 zasadami wysokiej wydajno\u015bci, precyzji i jako\u015bci, zaspokajamy zr\u00f3\u017cnicowane potrzeby naszych klient\u00f3w.<\/p>\n<p><img decoding=\"async\" src=\"https:\/\/www.hydraulic-cylinders.net\/wp-content\/uploads\/2025\/01\/songte-company-3.webp\"><\/p>\n<p>Ponadto szczycimy si\u0119 naszym profesjonalizmem, mi\u0119dzynarodowymi certyfikatami, dostosowanymi do potrzeb us\u0142ugami, sprz\u0119tem produkcyjnym i obs\u0142ug\u0105 posprzeda\u017cow\u0105.<\/p>\n<p>Autor: lyl<\/p>","protected":false},"excerpt":{"rendered":"<p>Bucket Cylinder For Dasin DS90-7 Introduction The bucket cylinder for Dasin DS90-7 is a specially designed hydraulic cylinder used to control the movement of the bucket in heavy machinery such as excavators, backhoe loaders, and front-end loaders. Its main function is to enable the lifting, lowering, and tilting of the bucket, making it easier for [&hellip;]<\/p>","protected":false},"featured_media":14788,"comment_status":"open","ping_status":"closed","template":"","meta":{"_et_pb_use_builder":"","_et_pb_old_content":"","_et_gb_content_width":""},"product_brand":[],"product_cat":[1494],"product_tag":[1495,1496],"class_list":{"0":"post-15973","1":"product","2":"type-product","3":"status-publish","4":"has-post-thumbnail","6":"product_cat-bucket-cylinders","7":"product_tag-bucket-cylinders","8":"product_tag-hydraulic-cylinders","10":"first","11":"instock","12":"shipping-taxable","13":"product-type-simple"},"amp_enabled":true,"_links":{"self":[{"href":"https:\/\/www.hydraulic-cylinders.net\/pl\/wp-json\/wp\/v2\/product\/15973","targetHints":{"allow":["GET"]}}],"collection":[{"href":"https:\/\/www.hydraulic-cylinders.net\/pl\/wp-json\/wp\/v2\/product"}],"about":[{"href":"https:\/\/www.hydraulic-cylinders.net\/pl\/wp-json\/wp\/v2\/types\/product"}],"replies":[{"embeddable":true,"href":"https:\/\/www.hydraulic-cylinders.net\/pl\/wp-json\/wp\/v2\/comments?post=15973"}],"wp:featuredmedia":[{"embeddable":true,"href":"https:\/\/www.hydraulic-cylinders.net\/pl\/wp-json\/wp\/v2\/media\/14788"}],"wp:attachment":[{"href":"https:\/\/www.hydraulic-cylinders.net\/pl\/wp-json\/wp\/v2\/media?parent=15973"}],"wp:term":[{"taxonomy":"product_brand","embeddable":true,"href":"https:\/\/www.hydraulic-cylinders.net\/pl\/wp-json\/wp\/v2\/product_brand?post=15973"},{"taxonomy":"product_cat","embeddable":true,"href":"https:\/\/www.hydraulic-cylinders.net\/pl\/wp-json\/wp\/v2\/product_cat?post=15973"},{"taxonomy":"product_tag","embeddable":true,"href":"https:\/\/www.hydraulic-cylinders.net\/pl\/wp-json\/wp\/v2\/product_tag?post=15973"}],"curies":[{"name":"wp","href":"https:\/\/api.w.org\/{rel}","templated":true}]}}