{"id":15988,"date":"2025-01-19T15:15:27","date_gmt":"2025-01-19T15:15:27","guid":{"rendered":"https:\/\/www.hydraulic-cylinders.net\/product\/bucket-cylinder-for-hengte-wheel-excavator-htl65-8\/"},"modified":"2025-01-19T15:15:29","modified_gmt":"2025-01-19T15:15:29","slug":"bucket-cylinder-for-hengte-wheel-excavator-htl65-8","status":"publish","type":"product","link":"https:\/\/www.hydraulic-cylinders.net\/pl\/produkt\/bucket-cylinder-for-hengte-wheel-excavator-htl65-8\/","title":{"rendered":"Cylinder \u0142y\u017cki do koparki ko\u0142owej Hengte HTL65-8"},"content":{"rendered":"<h1>Si\u0142ownik \u0142y\u017cki do koparki ko\u0142owej Hengte HTL65-8<\/h1>\n<h2>Wst\u0119p<\/h2>\n<p>Si\u0142ownik \u0142y\u017cki to specjalnie zaprojektowany si\u0142ownik hydrauliczny s\u0142u\u017c\u0105cy do sterowania ruchem \u0142y\u017cki w ci\u0119\u017ckich maszynach, takich jak koparki, koparko-\u0142adowarki i \u0142adowarki czo\u0142owe. Jego g\u0142\u00f3wn\u0105 funkcj\u0105 jest umo\u017cliwienie podnoszenia, opuszczania i przechylania \u0142y\u017cki, u\u0142atwiaj\u0105c wykonywanie r\u00f3\u017cnych zada\u0144 zwi\u0105zanych z prze\u0142adunkiem materia\u0142\u00f3w. W uk\u0142adzie hydraulicznym si\u0142ownik \u0142y\u017cki wykorzystuje zmiany ci\u015bnienia oleju hydraulicznego, aby zapewni\u0107 precyzyjn\u0105 kontrol\u0119 nad \u0142y\u017ck\u0105, umo\u017cliwiaj\u0105c operatorom wydajne przenoszenie ci\u0119\u017ckich \u0142adunk\u00f3w i dostosowanie si\u0119 do z\u0142o\u017conych warunk\u00f3w pracy oraz zr\u00f3\u017cnicowanych wymaga\u0144.<\/p>\n<p><img decoding=\"async\" src=\"https:\/\/www.hydraulic-cylinders.net\/wp-content\/uploads\/2025\/01\/songte-company-2.webp\" alt=\"Si\u0142ownik \u0142y\u017cki do koparki ko\u0142owej Hengte HTL65-8\"><\/p>\n<h2>Cechy<\/h2>\n<ul>\n<li>Wysoka wytrzyma\u0142o\u015b\u0107 i trwa\u0142o\u015b\u0107: Zazwyczaj wykonany z wysokowytrzyma\u0142ej stali lub aluminium, wytrzymuje wysokie ci\u015bnienie i du\u017ce obci\u0105\u017cenia, dostosowuj\u0105c si\u0119 do trudnych warunk\u00f3w pracy. Konstrukcja uwzgl\u0119dnia odporno\u015b\u0107 na zu\u017cycie i korozj\u0119, co wyd\u0142u\u017ca \u017cywotno\u015b\u0107.<\/li>\n<li>Wydajna praca uk\u0142adu hydraulicznego: Wykorzystuj\u0105c ci\u015bnienie oleju hydraulicznego do uzyskania p\u0142ynnego rozci\u0105gania i wci\u0105gania, urz\u0105dzenie mo\u017ce szybko reagowa\u0107 na polecenia operacyjne, zapewniaj\u0105c du\u017c\u0105 si\u0142\u0119 pchania i ci\u0105gni\u0119cia, odpowiedni\u0105 do obs\u0142ugi ci\u0119\u017ckich \u0142adunk\u00f3w i skomplikowanych zada\u0144 operacyjnych.<\/li>\n<li>R\u00f3\u017cne typy: Si\u0142owniki jednostronnego dzia\u0142ania (hydraulika dzia\u0142a tylko w jednym kierunku) lub dwustronnego dzia\u0142ania (hydraulika dzia\u0142a w obu kierunkach) mo\u017cna dobra\u0107 w zale\u017cno\u015bci od potrzeb, aby spe\u0142ni\u0107 r\u00f3\u017cne wymagania operacyjne. Niekt\u00f3re modele s\u0105 teleskopowe, co pozwala na wi\u0119ksze wysuni\u0119cie bez zwi\u0119kszania wymiar\u00f3w zewn\u0119trznych, i nadaje si\u0119 do zastosowa\u0144 w ograniczonej przestrzeni.<\/li>\n<li>Wymiana: Nasz produkt doskonale zast\u0119puje te si\u0142owniki hydrauliczne.<\/li>\n<\/ul>\n<p><img decoding=\"async\" src=\"https:\/\/www.hydraulic-cylinders.net\/wp-content\/uploads\/2025\/01\/songte-cylinder-head-with-all-kinds-excavator-models.webp\" alt=\"Si\u0142ownik \u0142y\u017cki do koparki ko\u0142owej Hengte HTL65-8\"><\/p>\n<h2>Aplikacje<\/h2>\n<p>Cylinder czerpakowy jest powszechnie stosowany w r\u00f3\u017cnych maszynach ci\u0119\u017ckich, w tym:<\/p>\n<ul>\n<li>Sprz\u0119t budowlany: W koparkach s\u0105 one niezb\u0119dne do kopania, za\u0142adunku i przemieszczania ziemi lub gruzu. W koparko-\u0142adowarkach cylindry \u0142y\u017cki pomagaj\u0105 zar\u00f3wno w kopaniu, jak i podnoszeniu. W \u0142adowarkach czo\u0142owych u\u0142atwiaj\u0105 efektywne podnoszenie i wysypywanie materia\u0142\u00f3w.<\/li>\n<li>Maszyny rolnicze: U\u017cywane w \u0142adowarkach czo\u0142owych do nabierania, podnoszenia i transportu gleby, siana i innych materia\u0142\u00f3w. W koparkach cylindry \u0142y\u017cki u\u0142atwiaj\u0105 kopanie, umo\u017cliwiaj\u0105c \u0142y\u017cce zag\u0142\u0119bianie si\u0119 w gleb\u0119.<\/li>\n<\/ul>\n<h2>Zagadnienia projektowe i standardy wyboru<\/h2>\n<p>Kluczowe kwestie projektowe si\u0142ownika kube\u0142kowego to jego no\u015bno\u015b\u0107, uszczelnienie, trwa\u0142o\u015b\u0107, bezpiecze\u0144stwo i \u0142atwo\u015b\u0107 konserwacji. W si\u0142owniku zastosowano r\u00f3\u017cne uszczelnienia, takie jak uszczelnienia t\u0142oka i t\u0142oczyska, wykonane z materia\u0142\u00f3w odpornych na zu\u017cycie, takich jak poliuretan i kauczuk nitrylowy. Korpus si\u0142ownika i gwintowana powierzchnia ko\u0144cowa s\u0105 precyzyjnie obrobione w celu zwi\u0119kszenia odporno\u015bci na zu\u017cycie. Do smarowania wymagane jest regularne wtryskiwanie oleju. <\/p>\n<p><img decoding=\"async\" src=\"https:\/\/www.hydraulic-cylinders.net\/wp-content\/uploads\/2025\/01\/songte-oil-pipes-and-spare-parts.webp\" alt=\"Si\u0142ownik \u0142y\u017cki do koparki ko\u0142owej Hengte HTL65-8\"><\/p>\n<h2>Uszczelnianie i smarowanie<\/h2>\n<p>W cylindrze kube\u0142kowym stosuje si\u0119 r\u00f3\u017cne uszczelnienia, takie jak uszczelnienia t\u0142okowe i t\u0142oczyskowe. Wykonane s\u0105 one z materia\u0142\u00f3w odpornych na zu\u017cycie, takich jak poliuretan i kauczuk nitrylowy. Korpus cylindra i gwintowana powierzchnia ko\u0144cowa s\u0105 precyzyjnie obrobione w celu zwi\u0119kszenia odporno\u015bci na zu\u017cycie. Do smarowania wymagane jest regularne wtryskiwanie oleju.<\/p>\n<h2>Konserwacja i naprawa<\/h2>\n<p>Regularne przegl\u0105dy, odpowiednie smarowanie, wymiana uszczelek i kalibracja to typowe czynno\u015bci konserwacyjne. Prawid\u0142owy monta\u017c, smarowanie i regulacja s\u0105 istotne, a podczas monta\u017cu zapewniamy odpowiednie wskaz\u00f3wki dotycz\u0105ce ustawienia cylindra. Zaleca si\u0119 stosowanie odpowiednich wspornik\u00f3w monta\u017cowych do mocowania cylindra. Przedstawiamy r\u00f3wnie\u017c zalecane procedury kontroli, naprawy i wymiany. Nasza firma oferuje us\u0142ugi wymiany cz\u0119\u015bci i regeneracji, aby wyd\u0142u\u017cy\u0107 \u017cywotno\u015b\u0107 cylindra kube\u0142kowego.<\/p>\n<p><img decoding=\"async\" src=\"https:\/\/www.hydraulic-cylinders.net\/wp-content\/uploads\/2025\/01\/songte-chushion-collar.webp\" alt=\"Si\u0142ownik \u0142y\u017cki do koparki ko\u0142owej Hengte HTL65-8\"><\/p>\n<h2>Kwestie bezpiecze\u0144stwa i czynniki \u015brodowiskowe<\/h2>\n<p>Przestrzeganie zasad bezpiecze\u0144stwa podczas korzystania z cylindra wiadrowego jest wa\u017cne, aby unikn\u0105\u0107 wypadk\u00f3w i ograniczy\u0107 szkodliwo\u015b\u0107 dla \u015brodowiska. Aby zapobiec wypadkom, nale\u017cy przestrzega\u0107 odpowiednich szkole\u0144 i procedur bezpiecze\u0144stwa.<\/p>\n<h2>Diagnostyka usterek i rozwi\u0105zywanie problem\u00f3w<\/h2>\n<p>Do typowych problem\u00f3w z si\u0142ownikami czerpakowymi nale\u017c\u0105 wycieki oleju, uszkodzenia uszczelnie\u0144 i awarie t\u0142oka. Przedstawiono wskaz\u00f3wki i rozwi\u0105zania dotycz\u0105ce rozwi\u0105zywania problem\u00f3w, aby pom\u00f3c czytelnikom skutecznie diagnozowa\u0107 i rozwi\u0105zywa\u0107 problemy, a tak\u017ce zaproponowano \u015brodki zapobiegawcze w celu zminimalizowania potencjalnych problem\u00f3w.<\/p>\n<p><img decoding=\"async\" src=\"https:\/\/www.hydraulic-cylinders.net\/wp-content\/uploads\/2025\/01\/songte-bushings-with-all-kinds-of-excavator-models.webp\" alt=\"Si\u0142ownik \u0142y\u017cki do koparki ko\u0142owej Hengte HTL65-8\"><\/p>\n<h2>O naszej firmie<\/h2>\n<p>Jeste\u015bmy producentem zamiennych cylindr\u00f3w hydraulicznych oferuj\u0105cym pe\u0142n\u0105 gam\u0119 produkt\u00f3w, staj\u0105c si\u0119 jednym z wiod\u0105cych producent\u00f3w i hurtowych dystrybutor\u00f3w cylindr\u00f3w hydraulicznych na rynku krajowym i mi\u0119dzynarodowym. Kierujemy si\u0119 zasad\u0105 doskona\u0142ej jako\u015bci, opieramy si\u0119 na strategii przemys\u0142owego zarz\u0105dzania produkcj\u0105 w naszym warsztacie, stale udoskonalamy platform\u0119 produkcyjn\u0105, doskonalimy jako\u015b\u0107 procesu produkcyjnego i posiadamy silne zdolno\u015bci innowacyjne. Wykorzystuj\u0105c wysoko zaawansowany technologicznie personel, cyfrowy, zaawansowany sprz\u0119t produkcyjny oraz profesjonalny system testowania, d\u0105\u017cymy do zaspokojenia zr\u00f3\u017cnicowanych potrzeb naszych klient\u00f3w, oferuj\u0105c wysok\u0105 wydajno\u015b\u0107, precyzj\u0119 i wysok\u0105 jako\u015b\u0107 produkt\u00f3w.<\/p>\n<p><img decoding=\"async\" src=\"https:\/\/hzpt.com\/wp-content\/uploads\/2024\/11\/songte-company-1.webp\" alt=\"Si\u0142ownik \u0142y\u017cki do koparki ko\u0142owej Hengte HTL65-8\"><\/p>\n<p>Oferujemy profesjonalne us\u0142ugi, mi\u0119dzynarodowe certyfikaty, us\u0142ugi dostosowane do indywidualnych potrzeb, sprz\u0119t produkcyjny oraz serwis posprzeda\u017cowy, kt\u00f3re spe\u0142niaj\u0105 potrzeby naszych klient\u00f3w. Ponadto, posiadamy bogate do\u015bwiadczenie w produkcji cylindr\u00f3w hydraulicznych i oferujemy klientom szereg opcji personalizacji, dostosowanych do ich potrzeb.<\/p>\n<p>Autor: lyl<\/p>","protected":false},"excerpt":{"rendered":"<p>Bucket Cylinder for Hengte Wheel Excavator HTL65-8 Introduction A bucket cylinder is a specially designed hydraulic cylinder used to control the movement of the bucket in heavy machinery such as excavators, backhoe excavators, and front-end loaders. Its main function is to enable the bucket to lift, lower and tilt, making it easier to handle various [&hellip;]<\/p>","protected":false},"featured_media":14788,"comment_status":"open","ping_status":"closed","template":"","meta":{"_et_pb_use_builder":"","_et_pb_old_content":"","_et_gb_content_width":""},"product_brand":[],"product_cat":[1494],"product_tag":[1495,1496],"class_list":{"0":"post-15988","1":"product","2":"type-product","3":"status-publish","4":"has-post-thumbnail","6":"product_cat-bucket-cylinders","7":"product_tag-bucket-cylinders","8":"product_tag-hydraulic-cylinders","10":"first","11":"instock","12":"shipping-taxable","13":"product-type-simple"},"amp_enabled":true,"_links":{"self":[{"href":"https:\/\/www.hydraulic-cylinders.net\/pl\/wp-json\/wp\/v2\/product\/15988","targetHints":{"allow":["GET"]}}],"collection":[{"href":"https:\/\/www.hydraulic-cylinders.net\/pl\/wp-json\/wp\/v2\/product"}],"about":[{"href":"https:\/\/www.hydraulic-cylinders.net\/pl\/wp-json\/wp\/v2\/types\/product"}],"replies":[{"embeddable":true,"href":"https:\/\/www.hydraulic-cylinders.net\/pl\/wp-json\/wp\/v2\/comments?post=15988"}],"wp:featuredmedia":[{"embeddable":true,"href":"https:\/\/www.hydraulic-cylinders.net\/pl\/wp-json\/wp\/v2\/media\/14788"}],"wp:attachment":[{"href":"https:\/\/www.hydraulic-cylinders.net\/pl\/wp-json\/wp\/v2\/media?parent=15988"}],"wp:term":[{"taxonomy":"product_brand","embeddable":true,"href":"https:\/\/www.hydraulic-cylinders.net\/pl\/wp-json\/wp\/v2\/product_brand?post=15988"},{"taxonomy":"product_cat","embeddable":true,"href":"https:\/\/www.hydraulic-cylinders.net\/pl\/wp-json\/wp\/v2\/product_cat?post=15988"},{"taxonomy":"product_tag","embeddable":true,"href":"https:\/\/www.hydraulic-cylinders.net\/pl\/wp-json\/wp\/v2\/product_tag?post=15988"}],"curies":[{"name":"wp","href":"https:\/\/api.w.org\/{rel}","templated":true}]}}