{"id":15994,"date":"2025-01-19T15:15:58","date_gmt":"2025-01-19T15:15:58","guid":{"rendered":"https:\/\/www.hydraulic-cylinders.net\/product\/bucket-cylinder-for-yigong-cy85-8\/"},"modified":"2025-01-19T15:16:02","modified_gmt":"2025-01-19T15:16:02","slug":"bucket-cylinder-for-yigong-cy85-8","status":"publish","type":"product","link":"https:\/\/www.hydraulic-cylinders.net\/pl\/produkt\/bucket-cylinder-for-yigong-cy85-8\/","title":{"rendered":"Cylinder wiadra do Yigong CY85-8"},"content":{"rendered":"<h2>Wst\u0119p<\/h2>\n<h3>Czym jest cylinder czerpakowy do Yigong CY85-8?<\/h3>\n<p>Si\u0142ownik \u0142y\u017cki Yigong CY85-8 to specjalnie zaprojektowany si\u0142ownik hydrauliczny, kt\u00f3ry s\u0142u\u017cy g\u0142\u00f3wnie do sterowania ruchem \u0142y\u017cki w ci\u0119\u017ckich maszynach, takich jak koparki, koparko-\u0142adowarki i \u0142adowarki czo\u0142owe. Jego g\u0142\u00f3wn\u0105 funkcj\u0105 jest podnoszenie, opuszczanie i przechylanie \u0142y\u017cki, u\u0142atwiaj\u0105c wykonywanie r\u00f3\u017cnych zada\u0144 zwi\u0105zanych z prze\u0142adunkiem materia\u0142\u00f3w. W uk\u0142adzie hydraulicznym si\u0142ownik \u0142y\u017cki zapewnia precyzyjn\u0105 kontrol\u0119 nad \u0142y\u017ck\u0105 poprzez zmiany ci\u015bnienia oleju hydraulicznego, umo\u017cliwiaj\u0105c operatorom wydajne przenoszenie ci\u0119\u017ckich \u0142adunk\u00f3w i dostosowywanie si\u0119 do z\u0142o\u017conych warunk\u00f3w pracy oraz zr\u00f3\u017cnicowanych potrzeb operacyjnych.<\/p>\n<p><img decoding=\"async\" src=\"https:\/\/www.hydraulic-cylinders.net\/wp-content\/uploads\/2025\/01\/songte-company-2.webp\" alt=\"Cylinder wiadra do Yigong CY85-8\" \/><\/p>\n<h3>Cechy cylindra kube\u0142kowego do Yigong CY85-8<\/h3>\n<ul>\n<li>Wysoka wytrzyma\u0142o\u015b\u0107 i trwa\u0142o\u015b\u0107: Zazwyczaj wykonane z wysokowytrzyma\u0142ej stali lub aluminium, wytrzymuj\u0105 du\u017ce ci\u015bnienie i du\u017ce obci\u0105\u017cenia, s\u0105 dostosowane do trudnych warunk\u00f3w pracy oraz zaprojektowane z my\u015bl\u0105 o odporno\u015bci na zu\u017cycie i korozj\u0119, co wyd\u0142u\u017ca ich \u017cywotno\u015b\u0107.<\/li>\n<li>Wydajne dzia\u0142anie uk\u0142adu hydraulicznego: P\u0142ynne wysuwanie i wsuwanie odbywa si\u0119 dzi\u0119ki wykorzystaniu ci\u015bnienia oleju hydraulicznego, co umo\u017cliwia szybk\u0105 reakcj\u0119 na polecenia steruj\u0105ce, zapewnia du\u017c\u0105 si\u0142\u0119 pchania i ci\u0105gni\u0119cia i jest przydatne przy obs\u0142udze ci\u0119\u017ckich \u0142adunk\u00f3w i skomplikowanych zadaniach operacyjnych.<\/li>\n<li>R\u00f3\u017cne typy: Si\u0142owniki jednostronnego dzia\u0142ania (wykorzystuj\u0105ce hydraulik\u0119 tylko w jednym kierunku) lub dwustronnego dzia\u0142ania (wykorzystuj\u0105ce hydraulik\u0119 w obu kierunkach) mo\u017cna dobra\u0107 w zale\u017cno\u015bci od wymaga\u0144, aby spe\u0142ni\u0107 zr\u00f3\u017cnicowane potrzeby operacyjne. Niekt\u00f3re modele s\u0105 teleskopowe, co pozwala na wi\u0119ksze wysuni\u0119cie bez zwi\u0119kszania wymiar\u00f3w zewn\u0119trznych, dzi\u0119ki czemu nadaj\u0105 si\u0119 do zastosowa\u0144 w ograniczonej przestrzeni.<\/li>\n<li>Mo\u017cna go stosowa\u0107 jako zamiennik innych cylindr\u00f3w hydraulicznych.<\/li>\n<\/ul>\n<p><img decoding=\"async\" src=\"https:\/\/www.hydraulic-cylinders.net\/wp-content\/uploads\/2025\/01\/songte-cylinder-head-with-all-kinds-excavator-models.webp\" alt=\"Cylinder wiadra do Yigong CY85-8\" \/><\/p>\n<h3>Zastosowania cylindra kube\u0142kowego do Yigong CY85-8<\/h3>\n<p>Si\u0142ownik czerpakowy do Yigong CY85-8 jest szeroko stosowany w r\u00f3\u017cnych ci\u0119\u017ckich maszynach i urz\u0105dzeniach, takich jak:<\/p>\n<ul>\n<li>Sprz\u0119t budowlany: W koparkach s\u0105 one niezb\u0119dne do kopania, za\u0142adunku i przemieszczania gleby lub gruzu. W koparko-\u0142adowarkach si\u0142owniki \u0142y\u017cki wspomagaj\u0105 zar\u00f3wno kopanie, jak i podnoszenie. <\/li>\n<li>Maszyny rolnicze: Stosowane w \u0142adowarkach czo\u0142owych do nabierania, podnoszenia i transportu gleby, siana i innych materia\u0142\u00f3w. <\/li>\n<li>Koparki: Cylinder \u0142y\u017cki umo\u017cliwia kopanie poprzez zag\u0142\u0119bianie si\u0119 \u0142y\u017cki w gleb\u0119.<\/li>\n<li>\u0141adowarki czo\u0142owe: W \u0142adowarkach czo\u0142owych pomagaj\u0105 skutecznie podnosi\u0107 i roz\u0142adowywa\u0107 \u0142adunki. <\/li>\n<\/ul>\n<h3>Kryteria projektowania i wyboru<\/h3>\n<p>Konstrukcja i dob\u00f3r cylindra kube\u0142kowego do Yigong CY85-8 opieraj\u0105 si\u0119 na kilku za\u0142o\u017ceniach, w tym:<\/p>\n<ul>\n<li>No\u015bno\u015b\u0107: Cylinder musi by\u0107 zaprojektowany tak, aby wytrzyma\u0107 przewidywane obci\u0105\u017cenie. <\/li>\n<li>Uszczelnienie: Aby zapobiec wyciekom oleju hydraulicznego, stosuje si\u0119 r\u00f3\u017cne elementy uszczelniaj\u0105ce, takie jak uszczelki t\u0142okowe i uszczelki t\u0142oczyskowe. <\/li>\n<li>Trwa\u0142o\u015b\u0107: Cylinder musi by\u0107 wykonany z materia\u0142\u00f3w odpornych na zu\u017cycie, korozj\u0119 i inne czynniki \u015brodowiskowe. <\/li>\n<li>Bezpiecze\u0144stwo: Cylinder musi by\u0107 zaprojektowany w spos\u00f3b minimalizuj\u0105cy ryzyko wypadk\u00f3w i obra\u017ce\u0144. <\/li>\n<li>\u0141atwo\u015b\u0107 konserwacji: Konstrukcja musi umo\u017cliwia\u0107 \u0142atw\u0105 konserwacj\u0119 i napraw\u0119 cylindra. <\/li>\n<\/ul>\n<p><img decoding=\"async\" src=\"https:\/\/www.hydraulic-cylinders.net\/wp-content\/uploads\/2025\/01\/songte-oil-pipes-and-spare-parts.webp\" alt=\"Cylinder wiadra do Yigong CY85-8\" \/><\/p>\n<h3>Uszczelnianie i smarowanie cylindra kube\u0142kowego do Yigong CY85-8<\/h3>\n<p>W si\u0142owniku czerpakowym Yigong CY85-8 zastosowano r\u00f3\u017cne elementy uszczelniaj\u0105ce, takie jak uszczelnienia t\u0142oka i t\u0142oczyska, aby zapobiec wyciekom oleju hydraulicznego. Uszczelnienia te wykonane s\u0105 z materia\u0142\u00f3w odpornych na zu\u017cycie, takich jak poliuretan i kauczuk nitrylowy. Korpus si\u0142ownika i gwintowane powierzchnie ko\u0144cowe s\u0105 precyzyjnie obrobione w celu zwi\u0119kszenia odporno\u015bci na zu\u017cycie. Zaleca si\u0119 regularne uzupe\u0142nianie odpowiedniej ilo\u015bci oleju hydraulicznego w celu smarowania.<\/p>\n<h3>Okresowe przegl\u0105dy i \u015brodki konserwacji zapobiegawczej<\/h3>\n<p>Okresowe przegl\u0105dy i konserwacja zapobiegawcza mog\u0105 pom\u00f3c wyd\u0142u\u017cy\u0107 \u017cywotno\u015b\u0107 cylindra czerpakowego Yigong CY85-8. Oto niekt\u00f3re z dzia\u0142a\u0144:<\/p>\n<ul>\n<li>Regularnie sprawdzaj cylinder pod k\u0105tem nieszczelno\u015bci, uszkodze\u0144 i zu\u017cycia. <\/li>\n<li>Nak\u0142adanie odpowiednich \u015brodk\u00f3w smarnych na cylinder w celu zapewnienia jego p\u0142ynnej pracy. <\/li>\n<li>Wymiana uszczelek, gdy zachodzi konieczno\u015b\u0107. <\/li>\n<li>Sprawdzanie i kalibracja cylindra w celu zapewnienia jego prawid\u0142owego dzia\u0142ania. <\/li>\n<\/ul>\n<h3>Instrukcja instalacji produktu<\/h3>\n<p>Prawid\u0142owy monta\u017c si\u0142ownika kube\u0142kowego do Yigong CY85-8 jest niezb\u0119dny dla optymalnej wydajno\u015bci i bezpiecze\u0144stwa. Zalecane procedury instalacji obejmuj\u0105:<\/p>\n<ul>\n<li>Prawid\u0142owe ustawienie cylindra w celu unikni\u0119cia jakiegokolwiek braku wyr\u00f3wnania. <\/li>\n<li>Zabezpieczenie cylindra za pomoc\u0105 odpowiednich wspornik\u00f3w monta\u017cowych. <\/li>\n<li>Przestrzeganie zalecanych procedur kontroli, napraw i wymiany. <\/li>\n<li>\u015awiadczenie us\u0142ug regeneracyjnych maj\u0105cych na celu wyd\u0142u\u017cenie \u017cywotno\u015bci produktu. <\/li>\n<\/ul>\n<p><img decoding=\"async\" src=\"https:\/\/www.hydraulic-cylinders.net\/wp-content\/uploads\/2025\/01\/songte-chushion-collar.webp\" alt=\"Cylinder wiadra do Yigong CY85-8\" \/><\/p>\n<h3>Zagadnienia bezpiecze\u0144stwa i czynniki \u015brodowiskowe<\/h3>\n<p>Podczas u\u017cytkowania si\u0142ownika czerpakowego do Yigong CY85-8 nale\u017cy przestrzega\u0107 wszystkich stosownych wytycznych i procedur bezpiecze\u0144stwa. Prawid\u0142owe u\u017cytkowanie mo\u017ce pom\u00f3c zminimalizowa\u0107 ryzyko wypadk\u00f3w lub obra\u017ce\u0144. Nale\u017cy r\u00f3wnie\u017c wzi\u0105\u0107 pod uwag\u0119 czynniki \u015brodowiskowe, takie jak w\u0142a\u015bciwa utylizacja zu\u017cytego oleju hydraulicznego.<\/p>\n<h3>Rozwi\u0105zywanie problem\u00f3w i typowe problemy<\/h3>\n<p>Typowe problemy z si\u0142ownikiem \u0142y\u017cki Yigong CY85-8 obejmuj\u0105 wyciek oleju hydraulicznego, niewystarczaj\u0105c\u0105 si\u0142\u0119 i awari\u0119. Oto kilka wskaz\u00f3wek i rozwi\u0105za\u0144:<\/p>\n<ul>\n<li>Sprawdzenie cylindra pod k\u0105tem nieszczelno\u015bci i uszkodze\u0144. <\/li>\n<li>Sprawdzanie poziomu oleju hydraulicznego i uzupe\u0142nianie go w razie potrzeby. <\/li>\n<li>Wymiana uszkodzonych lub zu\u017cytych uszczelek. <\/li>\n<li>Sprawdzanie i kalibracja cylindra. <\/li>\n<li>Zapewnianie konserwacji zapobiegawczej w celu zminimalizowania potencjalnych problem\u00f3w. <\/li>\n<\/ul>\n<p><img decoding=\"async\" src=\"https:\/\/www.hydraulic-cylinders.net\/wp-content\/uploads\/2025\/01\/songte-bushings-with-all-kinds-of-excavator-models.webp\" alt=\"Cylinder wiadra do Yigong CY85-8\" \/><\/p>\n<h2>O naszej firmie<\/h2>\n<p>Jeste\u015bmy producentem cylindr\u00f3w hydraulicznych, kt\u00f3re mog\u0105 zast\u0105pi\u0107 inne cylindry. Nasza firma oferuje szerok\u0105 gam\u0119 produkt\u00f3w i sta\u0142a si\u0119 jednym z wiod\u0105cych producent\u00f3w i hurtowych dystrybutor\u00f3w cylindr\u00f3w hydraulicznych na rynku krajowym i mi\u0119dzynarodowym. D\u0105\u017cymy do zapewnienia najwy\u017cszej jako\u015bci i opieramy si\u0119 na przemys\u0142owych strategiach zarz\u0105dzania produkcj\u0105, wspieranych przez zaawansowane warsztaty produkcyjne, utalentowanych technolog\u00f3w, wysokiej klasy sprz\u0119t do produkcji cyfrowej oraz profesjonalne systemy testowe. Stale udoskonalamy nasz\u0105 platform\u0119 produkcyjn\u0105 i jako\u015b\u0107 produkt\u00f3w, aby sprosta\u0107 zr\u00f3\u017cnicowanym potrzebom naszych klient\u00f3w sprawnie, precyzyjnie i z najwy\u017csz\u0105 jako\u015bci\u0105.<\/p>\n<p><img decoding=\"async\" src=\"https:\/\/hzpt.com\/wp-content\/uploads\/2024\/11\/songte-company-1.webp\" alt=\"Cylinder wiadra do Yigong CY85-8\" \/><\/p>\n<h3>Profesjonalizm<\/h3>\n<p>Posiadamy zesp\u00f3\u0142 profesjonalnych in\u017cynier\u00f3w i technik\u00f3w, kt\u00f3rzy dok\u0142adaj\u0105 wszelkich stara\u0144, aby zapewni\u0107 jako\u015b\u0107 i wydajno\u015b\u0107 naszych produkt\u00f3w. Nasz proces produkcyjny jest stale udoskonalany, a nasze produkty s\u0105 wytwarzane zgodnie z surowymi standardami jako\u015bci. <\/p>\n<h3>Mi\u0119dzynarodowa Certyfikacja<\/h3>\n<p>Nasze produkty przesz\u0142y mi\u0119dzynarodowe testy certyfikacyjne i uzyska\u0142y certyfikaty takie jak ISO9001:2015 i CE. <\/p>\n<h3>Us\u0142ugi personalizacji<\/h3>\n<p>Oferujemy us\u0142ugi personalizacji, aby sprosta\u0107 unikalnym potrzebom naszych klient\u00f3w. Dostarczamy rozwi\u0105zania dostosowane do r\u00f3\u017cnych zastosowa\u0144 i bran\u017c. <\/p>\n<h3>Sprz\u0119t produkcyjny<\/h3>\n<p>Aby zagwarantowa\u0107 precyzj\u0119 i dok\u0142adno\u015b\u0107 procesu produkcyjnego, korzystamy z najwy\u017cszej klasy cyfrowego sprz\u0119tu produkcyjnego. <\/p>\n<h3>Serwis posprzeda\u017cowy<\/h3>\n<p>Zapewniamy kompleksow\u0105 obs\u0142ug\u0119 posprzeda\u017cow\u0105 i wsparcie, aby zagwarantowa\u0107 satysfakcj\u0119 klienta. Nasza firma dysponuje profesjonalnym zespo\u0142em technicznym, kt\u00f3ry zapewnia terminowe i skuteczne wsparcie klientom. <\/p>\n<p>Autor: lyl<\/p>","protected":false},"excerpt":{"rendered":"<p>Introduction What is Bucket Cylinder For Yigong CY85-8? The Bucket Cylinder For Yigong CY85-8 is a specially designed hydraulic cylinder that is mainly used to control the movement of the bucket in heavy machinery such as excavators, backhoe loaders, and front loaders. Its main function is to enable the bucket to lift, lower, and tilt, [&hellip;]<\/p>","protected":false},"featured_media":14778,"comment_status":"open","ping_status":"closed","template":"","meta":{"_et_pb_use_builder":"","_et_pb_old_content":"","_et_gb_content_width":""},"product_brand":[],"product_cat":[1494],"product_tag":[1495,1496],"class_list":{"0":"post-15994","1":"product","2":"type-product","3":"status-publish","4":"has-post-thumbnail","6":"product_cat-bucket-cylinders","7":"product_tag-bucket-cylinders","8":"product_tag-hydraulic-cylinders","10":"first","11":"instock","12":"shipping-taxable","13":"product-type-simple"},"amp_enabled":true,"_links":{"self":[{"href":"https:\/\/www.hydraulic-cylinders.net\/pl\/wp-json\/wp\/v2\/product\/15994","targetHints":{"allow":["GET"]}}],"collection":[{"href":"https:\/\/www.hydraulic-cylinders.net\/pl\/wp-json\/wp\/v2\/product"}],"about":[{"href":"https:\/\/www.hydraulic-cylinders.net\/pl\/wp-json\/wp\/v2\/types\/product"}],"replies":[{"embeddable":true,"href":"https:\/\/www.hydraulic-cylinders.net\/pl\/wp-json\/wp\/v2\/comments?post=15994"}],"wp:featuredmedia":[{"embeddable":true,"href":"https:\/\/www.hydraulic-cylinders.net\/pl\/wp-json\/wp\/v2\/media\/14778"}],"wp:attachment":[{"href":"https:\/\/www.hydraulic-cylinders.net\/pl\/wp-json\/wp\/v2\/media?parent=15994"}],"wp:term":[{"taxonomy":"product_brand","embeddable":true,"href":"https:\/\/www.hydraulic-cylinders.net\/pl\/wp-json\/wp\/v2\/product_brand?post=15994"},{"taxonomy":"product_cat","embeddable":true,"href":"https:\/\/www.hydraulic-cylinders.net\/pl\/wp-json\/wp\/v2\/product_cat?post=15994"},{"taxonomy":"product_tag","embeddable":true,"href":"https:\/\/www.hydraulic-cylinders.net\/pl\/wp-json\/wp\/v2\/product_tag?post=15994"}],"curies":[{"name":"wp","href":"https:\/\/api.w.org\/{rel}","templated":true}]}}