{"id":15996,"date":"2025-01-19T15:16:08","date_gmt":"2025-01-19T15:16:08","guid":{"rendered":"https:\/\/www.hydraulic-cylinders.net\/product\/bucket-cylinder-for-yigong-cy65-8\/"},"modified":"2025-01-19T15:16:10","modified_gmt":"2025-01-19T15:16:10","slug":"bucket-cylinder-for-yigong-cy65-8","status":"publish","type":"product","link":"https:\/\/www.hydraulic-cylinders.net\/pl\/produkt\/bucket-cylinder-for-yigong-cy65-8\/","title":{"rendered":"Cylinder kube\u0142kowy do Yigong CY65-8"},"content":{"rendered":"<p><!DOCTYPE html><br \/>\n<html><br \/>\n<head><br \/>\n<title>Cylinder kube\u0142kowy do Yigong CY65-8<\/title><br \/>\n<\/head><br \/>\n<body><\/p>\n<h1>Cylinder kube\u0142kowy do Yigong CY65-8<\/h1>\n<h2>Wst\u0119p<\/h2>\n<p>Si\u0142ownik \u0142y\u017cki do Yigong CY65-8 to specjalistyczny si\u0142ownik hydrauliczny przeznaczony do sterowania ruchem \u0142y\u017cki w ci\u0119\u017ckich maszynach, takich jak koparki, koparko-\u0142adowarki i \u0142adowarki czo\u0142owe. Jego g\u0142\u00f3wn\u0105 funkcj\u0105 jest podnoszenie, opuszczanie i przechylanie \u0142y\u017cki, co u\u0142atwia wykonywanie r\u00f3\u017cnych zada\u0144 zwi\u0105zanych z prze\u0142adunkiem materia\u0142\u00f3w. W uk\u0142adzie hydraulicznym si\u0142ownik \u0142y\u017cki wykorzystuje zmiany ci\u015bnienia oleju hydraulicznego, aby zapewni\u0107 precyzyjn\u0105 kontrol\u0119 nad \u0142y\u017ck\u0105, umo\u017cliwiaj\u0105c operatorom wydajne przenoszenie ci\u0119\u017ckich \u0142adunk\u00f3w i dostosowanie si\u0119 do z\u0142o\u017conych warunk\u00f3w pracy oraz zr\u00f3\u017cnicowanych wymaga\u0144.<\/p>\n<p><img decoding=\"async\" src=\"https:\/\/www.hydraulic-cylinders.net\/wp-content\/uploads\/2025\/01\/songte-company-2.webp\" alt=\"Obraz cylindra wiadra\"><\/p>\n<h2>Cechy<\/h2>\n<ul>\n<li>Wysoka wytrzyma\u0142o\u015b\u0107 i trwa\u0142o\u015b\u0107: Zazwyczaj wykonany z wysokowytrzyma\u0142ej stali lub aluminium, wytrzymuje wysokie ci\u015bnienie i du\u017ce obci\u0105\u017cenia, dostosowuj\u0105c si\u0119 do trudnych warunk\u00f3w pracy. Konstrukcja uwzgl\u0119dnia odporno\u015b\u0107 na zu\u017cycie i korozj\u0119, co wyd\u0142u\u017ca jego \u017cywotno\u015b\u0107.<\/li>\n<li>Wydajna praca uk\u0142adu hydraulicznego: Wykorzystuj\u0105c ci\u015bnienie oleju hydraulicznego, uzyskuje si\u0119 p\u0142ynne ruchy wysuwania i wsuwania, co pozwala na szybk\u0105 reakcj\u0119 na polecenia steruj\u0105ce i zapewnia du\u017ce si\u0142y pchania i ci\u0105gni\u0119cia, odpowiednie do przenoszenia ci\u0119\u017ckich \u0142adunk\u00f3w i wykonywania skomplikowanych zada\u0144.<\/li>\n<li>R\u00f3\u017cne typy: Dost\u0119pne w wersji z si\u0142ownikami jednostronnego dzia\u0142ania (hydrauliczne dzia\u0142anie tylko w jednym kierunku) lub dwustronnego dzia\u0142ania (hydrauliczne dzia\u0142anie w obu kierunkach), co pozwala na spe\u0142nienie r\u00f3\u017cnych wymaga\u0144 operacyjnych. Niekt\u00f3re modele s\u0105 teleskopowe, co pozwala na wi\u0119ksze wysuni\u0119cie si\u0142ownika bez zwi\u0119kszania jego wymiar\u00f3w zewn\u0119trznych, co jest odpowiednie do zastosowa\u0144 w ograniczonej przestrzeni.<\/li>\n<li>Idealna wymiana: Nasze produkty mog\u0105 idealnie zast\u0105pi\u0107 wy\u017cej wymienione cylindry hydrauliczne.<\/li>\n<\/ul>\n<p><img decoding=\"async\" src=\"https:\/\/www.hydraulic-cylinders.net\/wp-content\/uploads\/2025\/01\/songte-cylinder-head-with-all-kinds-excavator-models.webp\" alt=\"Obraz cylindra zamiennego\"><\/p>\n<h2>Aplikacje<\/h2>\n<p>Nasz cylinder kube\u0142kowy znajduje zastosowanie w r\u00f3\u017cnych sektorach:<\/p>\n<h3>Sprz\u0119t budowlany<\/h3>\n<p>W koparkach odgrywa kluczow\u0105 rol\u0119 w kopaniu, \u0142adowaniu i przemieszczaniu gleby lub gruzu. W koparko-\u0142adowarkach si\u0142ownik \u0142y\u017cki pomaga w kopaniu i podnoszeniu.<\/p>\n<h3>Maszyny rolnicze<\/h3>\n<p>Stosowany w \u0142adowarkach czo\u0142owych do nabierania, podnoszenia i transportu ziemi, siana i innych materia\u0142\u00f3w.<\/p>\n<h3>Koparki<\/h3>\n<p>Cylinder \u0142y\u017cki umo\u017cliwia wykonywanie prac wykopaliskowych poprzez umo\u017cliwienie \u0142y\u017cce penetracji gleby.<\/p>\n<h3>\u0141adowarki<\/h3>\n<p>W \u0142adowarkach czo\u0142owych pomagaj\u0105 w wydajnym podnoszeniu i wysypywaniu towar\u00f3w.<\/p>\n<p><img decoding=\"async\" src=\"https:\/\/www.hydraulic-cylinders.net\/wp-content\/uploads\/2025\/01\/songte-oil-pipes-and-spare-parts.webp\" alt=\"Obraz aplikacji\"><\/p>\n<h2>Zagadnienia projektowe i kryteria wyboru<\/h2>\n<ul>\n<li>No\u015bno\u015b\u0107: Om\u00f3w zdolno\u015b\u0107 cylindra do wytrzymywania obci\u0105\u017ce\u0144 i ci\u015bnie\u0144.<\/li>\n<li>Uszczelnienie: Wyja\u015bnij znaczenie stosowania r\u00f3\u017cnych element\u00f3w uszczelniaj\u0105cych, takich jak uszczelnienia t\u0142ok\u00f3w i t\u0142oczysk, wykonanych z materia\u0142\u00f3w odpornych na zu\u017cycie, takich jak poliuretan i kauczuk nitrylowy. Podkre\u015bl precyzyjn\u0105 obr\u00f3bk\u0119 powierzchni korpusu cylindra i gwintowanego ko\u0144ca, aby zwi\u0119kszy\u0107 odporno\u015b\u0107 na zu\u017cycie.<\/li>\n<li>Trwa\u0142o\u015b\u0107: Om\u00f3w zdolno\u015b\u0107 cylindra do wytrzymywania trudnych warunk\u00f3w pracy i zachowania wydajno\u015bci przez d\u0142ugi czas.<\/li>\n<li>Bezpiecze\u0144stwo: Podkre\u015bl funkcje bezpiecze\u0144stwa zastosowane w projekcie, aby zagwarantowa\u0107 bezpieczn\u0105 obs\u0142ug\u0119.<\/li>\n<li>\u0141atwo\u015b\u0107 konserwacji: Om\u00f3w \u0142atwo\u015b\u0107 konserwacji i naprawy cylindra.<\/li>\n<\/ul>\n<p><img decoding=\"async\" src=\"https:\/\/www.hydraulic-cylinders.net\/wp-content\/uploads\/2025\/01\/songte-bushings-with-all-kinds-of-excavator-models.webp\" alt=\"Projekt i uszczelnienie obrazu\"><\/p>\n<h2>Uszczelnianie i smarowanie<\/h2>\n<p>Nasz si\u0142ownik czerpakowy wykorzystuje r\u00f3\u017cnorodne elementy uszczelniaj\u0105ce, aby zapewni\u0107 prawid\u0142owe dzia\u0142anie. Nale\u017c\u0105 do nich uszczelnienia t\u0142oka, t\u0142oczyska itp. Uszczelnienia wykonane s\u0105 z materia\u0142\u00f3w odpornych na zu\u017cycie, takich jak poliuretan i kauczuk nitrylowy. Korpus si\u0142ownika i gwintowana ko\u0144c\u00f3wka s\u0105 poddawane precyzyjnej obr\u00f3bce powierzchni w celu zwi\u0119kszenia odporno\u015bci na zu\u017cycie. Regularne smarowanie odpowiedni\u0105 ilo\u015bci\u0105 oleju hydraulicznego jest niezb\u0119dne dla zapewnienia p\u0142ynnej pracy.<\/p>\n<h2>Inspekcja i konserwacja zapobiegawcza<\/h2>\n<ul>\n<li>Regularne kontrole: przeprowadzanie rutynowych kontroli w celu zidentyfikowania potencjalnych problem\u00f3w i zapewnienia prawid\u0142owego funkcjonowania.<\/li>\n<li>W\u0142a\u015bciwe smarowanie: Utrzymuj w\u0142a\u015bciwe smarowanie, aby zapobiega\u0107 zu\u017cyciu i przed\u0142u\u017cy\u0107 \u017cywotno\u015b\u0107 cylindra.<\/li>\n<li>Wymiana uszczelek: Aby zapobiega\u0107 przeciekom i zachowa\u0107 optymaln\u0105 wydajno\u015b\u0107, nale\u017cy regularnie sprawdza\u0107 i wymienia\u0107 uszczelki.<\/li>\n<li>Kontrole kalibracji: Nale\u017cy okresowo kalibrowa\u0107 cylinder w celu zapewnienia dok\u0142adnego dzia\u0142ania.<\/li>\n<\/ul>\n<p><img decoding=\"async\" src=\"https:\/\/www.hydraulic-cylinders.net\/wp-content\/uploads\/2025\/01\/songte-chushion-collar.webp\" alt=\"Obraz konserwacyjny\"><\/p>\n<h2>Zagadnienia bezpiecze\u0144stwa i czynniki \u015brodowiskowe<\/h2>\n<p>Podczas u\u017cytkowania cylindra wiadra, niezwykle wa\u017cne jest przestrzeganie \u015brodk\u00f3w bezpiecze\u0144stwa, aby zapobiec wypadkom i zapewni\u0107 bezpieczne \u015brodowisko pracy. \u015arodki te obejmuj\u0105 odpowiednie szkolenie, przestrzeganie wytycznych bezpiecze\u0144stwa oraz stosowanie odpowiedniego sprz\u0119tu ochrony osobistej.<\/p>\n<h2>Diagnostyka usterek i typowe problemy<\/h2>\n<p>Do typowych usterek i problem\u00f3w, kt\u00f3re mog\u0105 wyst\u0105pi\u0107 w si\u0142owniku \u0142y\u017cki, nale\u017c\u0105 wycieki, obni\u017cona wydajno\u015b\u0107 i nietypowe d\u017awi\u0119ki. Szybkie rozwi\u0105zanie tych problem\u00f3w jest kluczowe dla unikni\u0119cia dalszych uszkodze\u0144 i zapewnienia optymalnego dzia\u0142ania.<\/p>\n<p><img decoding=\"async\" src=\"https:\/\/www.hydraulic-cylinders.net\/wp-content\/uploads\/2025\/01\/songte-company-1.webp\" alt=\"Obraz diagnostyki usterek\"><\/p>\n<h2>\u015arodki zapobiegawcze<\/h2>\n<p>Aby zminimalizowa\u0107 potencjalne problemy, niezb\u0119dne jest wdro\u017cenie \u015brodk\u00f3w zapobiegawczych. Mog\u0105 one obejmowa\u0107 regularne kontrole, odpowiednie smarowanie i przestrzeganie zalecanych wytycznych dotycz\u0105cych obs\u0142ugi. Podejmuj\u0105c te \u015brodki ostro\u017cno\u015bci, mo\u017cna ograniczy\u0107 potencjalne problemy, zapewniaj\u0105c p\u0142ynn\u0105 prac\u0119 i wyd\u0142u\u017caj\u0105c \u017cywotno\u015b\u0107 produktu.<\/p>\n<h2>Przewodnik instalacji<\/h2>\n<p>Prawid\u0142owy monta\u017c si\u0142ownika \u0142y\u017cki ma kluczowe znaczenie dla optymalnej wydajno\u015bci i bezpiecze\u0144stwa. Post\u0119puj zgodnie z poni\u017cszymi wskaz\u00f3wkami:<\/p>\n<ul>\n<li>Podczas monta\u017cu nale\u017cy zapewni\u0107 prawid\u0142owe ustawienie cylindra.<\/li>\n<li>Do zabezpieczenia cylindra nale\u017cy u\u017cy\u0107 odpowiednich wspornik\u00f3w monta\u017cowych.<\/li>\n<li>Post\u0119puj zgodnie z zalecanymi procedurami kontroli, napraw i wymiany.<\/li>\n<li>Oferujemy us\u0142ugi regeneracji i cz\u0119\u015bci zamienne w celu wyd\u0142u\u017cenia \u017cywotno\u015bci cylindra \u0142y\u017cki.<\/li>\n<li>Podaj wskaz\u00f3wki, jak wyd\u0142u\u017cy\u0107 \u017cywotno\u015b\u0107 cylindra.<\/li>\n<\/ul>\n<p><img decoding=\"async\" src=\"https:\/\/www.hydraulic-cylinders.net\/wp-content\/uploads\/2025\/01\/songte-company-3.webp\" alt=\"Obraz przewodnika instalacji\"><\/p>\n<h2>O naszej firmie<\/h2>\n<p>Jeste\u015bmy wiod\u0105cym producentem i hurtowym dystrybutorem si\u0142ownik\u00f3w hydraulicznych na rynku krajowym i mi\u0119dzynarodowym. Nasza firma oferuje szerok\u0105 gam\u0119 produkt\u00f3w i przestrzega zasad doskona\u0142o\u015bci, wykorzystuj\u0105c zaawansowany sprz\u0119t produkcyjny, profesjonalne systemy testowe oraz zesp\u00f3\u0142 utalentowanych specjalist\u00f3w. Zapewniamy us\u0142ugi dostosowane do indywidualnych potrzeb, posiadamy mi\u0119dzynarodowe certyfikaty i oferujemy najwy\u017cszej jako\u015bci us\u0142ugi posprzeda\u017cowe. Nasze zaanga\u017cowanie w wysok\u0105 wydajno\u015b\u0107, precyzj\u0119 i jako\u015b\u0107 gwarantuje, \u017ce zaspokajamy zr\u00f3\u017cnicowane potrzeby naszych klient\u00f3w.<\/p>\n<p><img decoding=\"async\" src=\"https:\/\/hzpt.com\/wp-content\/uploads\/2024\/11\/songte-company-1.webp\" alt=\"Wizerunek firmy\"><\/p>\n<p>Autor: lyl<\/p>\n<p><\/body><br \/>\n<\/html><\/p>","protected":false},"excerpt":{"rendered":"<p>Bucket Cylinder For Yigong CY65-8 Bucket Cylinder For Yigong CY65-8 Introduction The bucket cylinder for Yigong CY65-8 is a specialized hydraulic cylinder designed to control the movement of the bucket in heavy machinery such as excavators, backhoe loaders, and front loaders. Its main function is to enable the lifting, lowering, and tilting of the bucket, [&hellip;]<\/p>","protected":false},"featured_media":14773,"comment_status":"open","ping_status":"closed","template":"","meta":{"_et_pb_use_builder":"","_et_pb_old_content":"","_et_gb_content_width":""},"product_brand":[],"product_cat":[1494],"product_tag":[1495,1496],"class_list":{"0":"post-15996","1":"product","2":"type-product","3":"status-publish","4":"has-post-thumbnail","6":"product_cat-bucket-cylinders","7":"product_tag-bucket-cylinders","8":"product_tag-hydraulic-cylinders","10":"first","11":"instock","12":"shipping-taxable","13":"product-type-simple"},"amp_enabled":true,"_links":{"self":[{"href":"https:\/\/www.hydraulic-cylinders.net\/pl\/wp-json\/wp\/v2\/product\/15996","targetHints":{"allow":["GET"]}}],"collection":[{"href":"https:\/\/www.hydraulic-cylinders.net\/pl\/wp-json\/wp\/v2\/product"}],"about":[{"href":"https:\/\/www.hydraulic-cylinders.net\/pl\/wp-json\/wp\/v2\/types\/product"}],"replies":[{"embeddable":true,"href":"https:\/\/www.hydraulic-cylinders.net\/pl\/wp-json\/wp\/v2\/comments?post=15996"}],"wp:featuredmedia":[{"embeddable":true,"href":"https:\/\/www.hydraulic-cylinders.net\/pl\/wp-json\/wp\/v2\/media\/14773"}],"wp:attachment":[{"href":"https:\/\/www.hydraulic-cylinders.net\/pl\/wp-json\/wp\/v2\/media?parent=15996"}],"wp:term":[{"taxonomy":"product_brand","embeddable":true,"href":"https:\/\/www.hydraulic-cylinders.net\/pl\/wp-json\/wp\/v2\/product_brand?post=15996"},{"taxonomy":"product_cat","embeddable":true,"href":"https:\/\/www.hydraulic-cylinders.net\/pl\/wp-json\/wp\/v2\/product_cat?post=15996"},{"taxonomy":"product_tag","embeddable":true,"href":"https:\/\/www.hydraulic-cylinders.net\/pl\/wp-json\/wp\/v2\/product_tag?post=15996"}],"curies":[{"name":"wp","href":"https:\/\/api.w.org\/{rel}","templated":true}]}}