{"id":15998,"date":"2025-01-19T15:16:16","date_gmt":"2025-01-19T15:16:16","guid":{"rendered":"https:\/\/www.hydraulic-cylinders.net\/product\/bucket-cylinder-for-yigong-cy210\/"},"modified":"2025-01-19T15:16:19","modified_gmt":"2025-01-19T15:16:19","slug":"bucket-cylinder-for-yigong-cy210","status":"publish","type":"product","link":"https:\/\/www.hydraulic-cylinders.net\/pl\/produkt\/bucket-cylinder-for-yigong-cy210\/","title":{"rendered":"Cylinder wiadra do Yigong CY210"},"content":{"rendered":"<h1>Cylinder wiadra do Yigong CY210<\/h1>\n<h2>Wst\u0119p<\/h2>\n<p>Si\u0142ownik \u0142y\u017cki do Yigong CY210 to specjalistyczny si\u0142ownik hydrauliczny przeznaczony do sterowania ruchem \u0142y\u017cki w ci\u0119\u017ckich maszynach, takich jak koparki, koparko-\u0142adowarki i \u0142adowarki czo\u0142owe. Jego g\u0142\u00f3wn\u0105 funkcj\u0105 jest podnoszenie, opuszczanie i przechylanie \u0142y\u017cki, u\u0142atwiaj\u0105c wykonywanie r\u00f3\u017cnych zada\u0144 zwi\u0105zanych z prze\u0142adunkiem materia\u0142\u00f3w. W uk\u0142adzie hydraulicznym si\u0142ownik \u0142y\u017cki zapewnia precyzyjn\u0105 kontrol\u0119 nad \u0142y\u017ck\u0105 poprzez zmiany ci\u015bnienia oleju hydraulicznego, umo\u017cliwiaj\u0105c operatorom wydajne przenoszenie ci\u0119\u017ckich przedmiot\u00f3w, adaptacj\u0119 do z\u0142o\u017conych warunk\u00f3w pracy i zr\u00f3\u017cnicowanych potrzeb operacyjnych.<\/p>\n<p><img decoding=\"async\" src=\"https:\/\/www.hydraulic-cylinders.net\/wp-content\/uploads\/2025\/01\/songte-company-2.webp\" alt=\"Cylinder wiadra do Yigong CY210\"><\/p>\n<h2>Cechy<\/h2>\n<ul>\n<li>Wysoka wytrzyma\u0142o\u015b\u0107 i trwa\u0142o\u015b\u0107: Zazwyczaj wykonane z wysokowytrzyma\u0142ej stali lub aluminium, wytrzymuj\u0105 du\u017ce ci\u015bnienie i du\u017ce obci\u0105\u017cenia, nadaj\u0105 si\u0119 do trudnych warunk\u00f3w pracy, zaprojektowane z my\u015bl\u0105 o odporno\u015bci na zu\u017cycie i korozj\u0119, co wyd\u0142u\u017ca ich \u017cywotno\u015b\u0107.<\/li>\n<li>Wydajna praca uk\u0142adu hydraulicznego: wykorzystuje ci\u015bnienie oleju hydraulicznego w celu uzyskania p\u0142ynnego rozci\u0105gania i kurczenia, umo\u017cliwia szybk\u0105 reakcj\u0119 na polecenia steruj\u0105ce, zapewnia du\u017ce si\u0142y pchania i ci\u0105gni\u0119cia, nadaje si\u0119 do przenoszenia ci\u0119\u017ckich przedmiot\u00f3w i wykonywania skomplikowanych zada\u0144 operacyjnych.<\/li>\n<li>R\u00f3\u017cnorodne typy: Mo\u017cna wybra\u0107 cylindry jednostronnego dzia\u0142ania (hydrauliczne dzia\u0142aj\u0105ce tylko w jednym kierunku) lub dwustronnego dzia\u0142ania (hydrauliczne dzia\u0142aj\u0105ce w dw\u00f3ch kierunkach) w zale\u017cno\u015bci od potrzeb, aby spe\u0142ni\u0107 r\u00f3\u017cne wymagania operacyjne. Niekt\u00f3re modele s\u0105 teleskopowe, co pozwala na wi\u0119ksz\u0105 ekspansj\u0119 bez zwi\u0119kszania wymiar\u00f3w zewn\u0119trznych, odpowiednie do zastosowa\u0144 w ograniczonej przestrzeni.<\/li>\n<li>Zast\u0119puje inne cylindry hydrauliczne: Nasz produkt mo\u017ce doskonale zast\u0105pi\u0107 te cylindry hydrauliczne.<\/li>\n<\/ul>\n<p><img decoding=\"async\" src=\"https:\/\/www.hydraulic-cylinders.net\/wp-content\/uploads\/2025\/01\/songte-cylinder-head-with-all-kinds-excavator-models.webp\" alt=\"Cylinder wiadra do Yigong CY210\"><\/p>\n<h2>Aplikacje<\/h2>\n<p>Cylinder kube\u0142kowy do Yigong CY210 odgrywa kluczow\u0105 rol\u0119 w wielu ga\u0142\u0119ziach przemys\u0142u, takich jak:<\/p>\n<ul>\n<li>Sprz\u0119t budowlany: W koparkach s\u0105 one niezb\u0119dne do kopania, za\u0142adunku i przemieszczania gleby lub gruzu. W koparko-\u0142adowarkach si\u0142ownik \u0142y\u017cki pomaga zar\u00f3wno w kopaniu, jak i podnoszeniu. <\/li>\n<li>Maszyny rolnicze: U\u017cywane do \u0142adowarek czo\u0142owych, do zbierania, podnoszenia i transportu gleby, siana i innych materia\u0142\u00f3w. <\/li>\n<li>Koparki: Cylinder \u0142y\u017cki umo\u017cliwia kopanie poprzez umo\u017cliwienie \u0142y\u017cce zag\u0142\u0119biania si\u0119 w gleb\u0119.<\/li>\n<li>\u0141adowarki: W \u0142adowarkach czo\u0142owych pomagaj\u0105 w wydajnym podnoszeniu i wysypywaniu towar\u00f3w.<\/li>\n<\/ul>\n<h2>Projektowanie i kryteria wyboru produktu<\/h2>\n<p>Projektuj\u0105c cylinder kube\u0142kowy do Yigong CY210, wzi\u0119li\u015bmy pod uwag\u0119 nast\u0119puj\u0105ce czynniki:<\/p>\n<ul>\n<li>No\u015bno\u015b\u0107: Cylinder musi by\u0107 w stanie wytrzyma\u0107 du\u017ce obci\u0105\u017cenia i wysokie ci\u015bnienia w r\u00f3\u017cnych \u015brodowiskach pracy.<\/li>\n<li>Uszczelnienie: Aby zapobiec wyciekom oleju i zapewni\u0107 wydajn\u0105 prac\u0119, stosuje si\u0119 r\u00f3\u017cne elementy uszczelniaj\u0105ce, takie jak uszczelki t\u0142okowe i uszczelki t\u0142oczyskowe.<\/li>\n<li>Trwa\u0142o\u015b\u0107: Wysoka odporno\u015b\u0107 na zu\u017cycie i korozj\u0119 to kluczowe czynniki wp\u0142ywaj\u0105ce na wyd\u0142u\u017cenie \u017cywotno\u015bci cylindra.<\/li>\n<li>Bezpiecze\u0144stwo: Wbudowane funkcje bezpiecze\u0144stwa, takie jak zawory bezpiecze\u0144stwa, gwarantuj\u0105 bezpieczn\u0105 prac\u0119 w r\u00f3\u017cnych sytuacjach.<\/li>\n<li>Konserwacja: Konstrukcja cylindra umo\u017cliwia \u0142atw\u0105 konserwacj\u0119 i napraw\u0119, co minimalizuje przestoje i koszty.<\/li>\n<\/ul>\n<p><img decoding=\"async\" src=\"https:\/\/www.hydraulic-cylinders.net\/wp-content\/uploads\/2025\/01\/songte-oil-pipes-and-spare-parts.webp\" alt=\"Cylinder wiadra do Yigong CY210\"><\/p>\n<h2>Uszczelnianie i smarowanie<\/h2>\n<p>W si\u0142owniku kube\u0142kowym Yigong CY210 zastosowano r\u00f3\u017cnorodne elementy uszczelniaj\u0105ce, takie jak uszczelnienia t\u0142oka i t\u0142oczyska, wykonane z materia\u0142\u00f3w odpornych na zu\u017cycie, takich jak poliuretan i kauczuk nitrylowy. Korpus si\u0142ownika i powierzchnia gwintu zosta\u0142y poddane precyzyjnej obr\u00f3bce w celu zwi\u0119kszenia odporno\u015bci na zu\u017cycie. Regularne smarowanie odpowiedni\u0105 ilo\u015bci\u0105 oleju hydraulicznego jest niezb\u0119dne dla zapewnienia p\u0142ynnej pracy i wyd\u0142u\u017cenia \u017cywotno\u015bci si\u0142ownika.<\/p>\n<h2>Konserwacja i zapobieganie<\/h2>\n<p>Regularne przegl\u0105dy, prawid\u0142owe smarowanie, wymiana uszczelek i kontrole kalibracji to typowe czynno\u015bci konserwacyjne si\u0142ownika kube\u0142kowego Yigong CY210. Prawid\u0142owy monta\u017c, smarowanie i regulacja s\u0105 niezb\u0119dne dla wyd\u0142u\u017cenia \u017cywotno\u015bci si\u0142ownika. Podczas monta\u017cu nale\u017cy zapewni\u0107 odpowiednie wskaz\u00f3wki dotycz\u0105ce ustawienia si\u0142ownika, zaleci\u0107 u\u017cycie odpowiednich wspornik\u00f3w monta\u017cowych do zabezpieczenia si\u0142ownika oraz poda\u0107 zalecane procedury kontroli, naprawy i wymiany, aby wyd\u0142u\u017cy\u0107 \u017cywotno\u015b\u0107 si\u0142ownika.<\/p>\n<p><img decoding=\"async\" src=\"https:\/\/www.hydraulic-cylinders.net\/wp-content\/uploads\/2025\/01\/songte-chushion-collar.webp\" alt=\"Cylinder wiadra do Yigong CY210\"><\/p>\n<h2>Zagadnienia bezpiecze\u0144stwa i czynniki \u015brodowiskowe<\/h2>\n<p>Podczas u\u017cytkowania cylindra kube\u0142kowego do Yigong CY210 nale\u017cy bezwzgl\u0119dnie przestrzega\u0107 odpowiednich \u015brodk\u00f3w bezpiecze\u0144stwa, takich jak noszenie sprz\u0119tu ochronnego i przestrzeganie instrukcji obs\u0142ugi. Czynniki \u015brodowiskowe, takie jak temperatura, wilgotno\u015b\u0107 i ci\u015bnienie atmosferyczne, mog\u0105 wp\u0142ywa\u0107 na wydajno\u015b\u0107 cylindra i nale\u017cy je bra\u0107 pod uwag\u0119 podczas pracy.<\/p>\n<h2>Diagnostyka usterek i typowe problemy<\/h2>\n<p>Typowe problemy z cylindrem czerpakowym Yigong CY210 obejmuj\u0105 wycieki oleju, obni\u017con\u0105 wydajno\u015b\u0107 i spadek ci\u015bnienia. Diagnoza tych problem\u00f3w wymaga dok\u0142adnej kontroli i przetestowania r\u00f3\u017cnych element\u00f3w, takich jak uszczelki, t\u0142oki i zawory. Prawid\u0142owa konserwacja i terminowe naprawy mog\u0105 zapobiec wyst\u0105pieniu tych problem\u00f3w.<\/p>\n<h2>O naszej firmie<\/h2>\n<p>Jeste\u015bmy producentem cz\u0119\u015bci zamiennych do si\u0142ownik\u00f3w hydraulicznych, oferuj\u0105cym pe\u0142n\u0105 gam\u0119 produkt\u00f3w i staj\u0105c si\u0119 jednym z wiod\u0105cych producent\u00f3w i hurtowych dystrybutor\u00f3w si\u0142ownik\u00f3w hydraulicznych na rynku krajowym i mi\u0119dzynarodowym. Kierujemy si\u0119 polityk\u0105 doskona\u0142ej jako\u015bci i strategi\u0105 zarz\u0105dzania produkcj\u0105 opart\u0105 na zindustrializowanym zak\u0142adzie produkcyjnym, ci\u0105g\u0142ym doskonaleniu platformy produkcyjnej zak\u0142adu, podnoszeniu jako\u015bci linii produkcyjnej, posiadaniu du\u017cych mo\u017cliwo\u015bci produkcyjnych oraz zaspokajaniu zr\u00f3\u017cnicowanych potrzeb klient\u00f3w dzi\u0119ki wysokiej wydajno\u015bci, precyzji i jako\u015bci. <\/p>\n<p><img decoding=\"async\" src=\"https:\/\/hzpt.com\/wp-content\/uploads\/2024\/11\/songte-company-1.webp\" alt=\"Cylinder wiadra do Yigong CY210\"><\/p>\n<h3>Profesjonalizm<\/h3>\n<p>W naszej firmie pracuje zesp\u00f3\u0142 do\u015bwiadczonych specjalist\u00f3w, kt\u00f3rych celem jest dostarczanie klientom wysokiej jako\u015bci zamiennych cylindr\u00f3w hydraulicznych, kt\u00f3re spe\u0142niaj\u0105 ich oczekiwania.<\/p>\n<h3>Mi\u0119dzynarodowa Certyfikacja<\/h3>\n<p>Nasze si\u0142owniki hydrauliczne uzyska\u0142y szereg mi\u0119dzynarodowych certyfikat\u00f3w, takich jak ISO9001 i CE, co gwarantuje ich jako\u015b\u0107 i niezawodno\u015b\u0107.<\/p>\n<h3>Us\u0142ugi personalizacji<\/h3>\n<p>Oferujemy us\u0142ugi dostosowywania, maj\u0105ce na celu dostosowanie cylindr\u00f3w hydraulicznych do konkretnych potrzeb klienta, dostarczaj\u0105c rozwi\u0105zania dla r\u00f3\u017cnych wyzwa\u0144 operacyjnych.<\/p>\n<h3>Sprz\u0119t produkcyjny<\/h3>\n<p>Nasza firma dysponuje zaawansowanym sprz\u0119tem produkcyjnym, takim jak centra obr\u00f3bcze CNC, stanowiska do pr\u00f3b hydraulicznych i drukarki 3D, co gwarantuje jako\u015b\u0107 i dok\u0142adno\u015b\u0107 cylindr\u00f3w hydraulicznych.<\/p>\n<h3>Us\u0142ugi posprzeda\u017cowe<\/h3>\n<p>Zapewniamy us\u0142ugi posprzeda\u017cowe, takie jak wymiana cz\u0119\u015bci i us\u0142ugi regeneracji, aby zapewni\u0107 d\u0142ugowieczno\u015b\u0107 i niezawodno\u015b\u0107 naszych cylindr\u00f3w hydraulicznych.<\/p>\n<footer>Autor: lyl.<\/footer>","protected":false},"excerpt":{"rendered":"<p>Bucket Cylinder For Yigong CY210 Introduction The bucket cylinder for Yigong CY210 is a specialized hydraulic cylinder designed to control the movement of the bucket in heavy machinery such as excavators, backhoe excavators, and front-end loaders. Its main function is to enable the bucket to lift, lower, and tilt, making it easier to handle various [&hellip;]<\/p>","protected":false},"featured_media":14769,"comment_status":"open","ping_status":"closed","template":"","meta":{"_et_pb_use_builder":"","_et_pb_old_content":"","_et_gb_content_width":""},"product_brand":[],"product_cat":[1494],"product_tag":[1495,1496],"class_list":{"0":"post-15998","1":"product","2":"type-product","3":"status-publish","4":"has-post-thumbnail","6":"product_cat-bucket-cylinders","7":"product_tag-bucket-cylinders","8":"product_tag-hydraulic-cylinders","10":"first","11":"instock","12":"shipping-taxable","13":"product-type-simple"},"amp_enabled":true,"_links":{"self":[{"href":"https:\/\/www.hydraulic-cylinders.net\/pl\/wp-json\/wp\/v2\/product\/15998","targetHints":{"allow":["GET"]}}],"collection":[{"href":"https:\/\/www.hydraulic-cylinders.net\/pl\/wp-json\/wp\/v2\/product"}],"about":[{"href":"https:\/\/www.hydraulic-cylinders.net\/pl\/wp-json\/wp\/v2\/types\/product"}],"replies":[{"embeddable":true,"href":"https:\/\/www.hydraulic-cylinders.net\/pl\/wp-json\/wp\/v2\/comments?post=15998"}],"wp:featuredmedia":[{"embeddable":true,"href":"https:\/\/www.hydraulic-cylinders.net\/pl\/wp-json\/wp\/v2\/media\/14769"}],"wp:attachment":[{"href":"https:\/\/www.hydraulic-cylinders.net\/pl\/wp-json\/wp\/v2\/media?parent=15998"}],"wp:term":[{"taxonomy":"product_brand","embeddable":true,"href":"https:\/\/www.hydraulic-cylinders.net\/pl\/wp-json\/wp\/v2\/product_brand?post=15998"},{"taxonomy":"product_cat","embeddable":true,"href":"https:\/\/www.hydraulic-cylinders.net\/pl\/wp-json\/wp\/v2\/product_cat?post=15998"},{"taxonomy":"product_tag","embeddable":true,"href":"https:\/\/www.hydraulic-cylinders.net\/pl\/wp-json\/wp\/v2\/product_tag?post=15998"}],"curies":[{"name":"wp","href":"https:\/\/api.w.org\/{rel}","templated":true}]}}