{"id":16006,"date":"2025-01-19T15:16:54","date_gmt":"2025-01-19T15:16:54","guid":{"rendered":"https:\/\/www.hydraulic-cylinders.net\/product\/bucket-cylinder-for-xiniu-xn120-l\/"},"modified":"2025-01-19T15:16:56","modified_gmt":"2025-01-19T15:16:56","slug":"bucket-cylinder-for-xiniu-xn120-l","status":"publish","type":"product","link":"https:\/\/www.hydraulic-cylinders.net\/pl\/produkt\/bucket-cylinder-for-xiniu-xn120-l\/","title":{"rendered":"Si\u0142ownik kube\u0142kowy do Xiniu XN120-L"},"content":{"rendered":"<h1>Si\u0142ownik kube\u0142kowy do Xiniu XN120-L<\/h1>\n<h2>Wst\u0119p<\/h2>\n<p>Si\u0142ownik \u0142y\u017cki do Xiniu XN120-L to rodzaj si\u0142ownika hydraulicznego specjalnie zaprojektowanego do sterowania ruchem koparek w ci\u0119\u017ckich maszynach, takich jak koparki, koparko-\u0142adowarki i \u0142adowarki czo\u0142owe. Jego g\u0142\u00f3wn\u0105 funkcj\u0105 jest podnoszenie, opuszczanie i przechylanie \u0142y\u017cki, u\u0142atwiaj\u0105c wykonywanie r\u00f3\u017cnych zada\u0144 zwi\u0105zanych z prze\u0142adunkiem materia\u0142\u00f3w. W uk\u0142adzie hydraulicznym si\u0142ownik \u0142y\u017cki wykorzystuje zmiany ci\u015bnienia oleju hydraulicznego do precyzyjnego sterowania \u0142y\u017ck\u0105, umo\u017cliwiaj\u0105c operatorom wydajne przenoszenie ci\u0119\u017ckich \u0142adunk\u00f3w, adaptacj\u0119 do z\u0142o\u017conych warunk\u00f3w pracy i zr\u00f3\u017cnicowanych wymaga\u0144.<\/p>\n<p><img decoding=\"async\" src=\"https:\/\/www.hydraulic-cylinders.net\/wp-content\/uploads\/2025\/01\/songte-company-2.webp\" alt=\"Cylinder kube\u0142kowy do Xiniu XN120-L Obraz\"><\/p>\n<h2>Cechy<\/h2>\n<ul>\n<li>Wysoka wytrzyma\u0142o\u015b\u0107 i trwa\u0142o\u015b\u0107: Zazwyczaj wykonane z wysokowytrzyma\u0142ej stali lub aluminium, wytrzymuj\u0105 du\u017ce ci\u015bnienie i obci\u0105\u017cenia, s\u0105 przystosowane do trudnych warunk\u00f3w pracy, zaprojektowane z my\u015bl\u0105 o odporno\u015bci na zu\u017cycie i korozj\u0119 oraz wyd\u0142u\u017conej \u017cywotno\u015bci.<\/li>\n<li>Wydajna praca uk\u0142adu hydraulicznego: wykorzystanie ci\u015bnienia oleju hydraulicznego w celu uzyskania p\u0142ynnego ruchu rozszerzania i kurczenia, szybka reakcja na polecenia steruj\u0105ce, zapewnienie du\u017cej si\u0142y pchania i ci\u0105gni\u0119cia, odpowiednia do obs\u0142ugi ci\u0119\u017ckich \u0142adunk\u00f3w i wykonywania skomplikowanych zada\u0144.<\/li>\n<li>R\u00f3\u017cne typy: Si\u0142owniki jednostronnego dzia\u0142ania (hydrauliczne dzia\u0142aj\u0105ce tylko w jednym kierunku) lub dwustronnego dzia\u0142ania (hydrauliczne dzia\u0142aj\u0105ce w dw\u00f3ch kierunkach) mo\u017cna dobra\u0107 w zale\u017cno\u015bci od potrzeb, aby spe\u0142ni\u0107 zr\u00f3\u017cnicowane potrzeby operacyjne. Niekt\u00f3re modele s\u0105 teleskopowe, co pozwala na wi\u0119ksze wysuni\u0119cie bez zwi\u0119kszania wymiar\u00f3w zewn\u0119trznych, i nadaje si\u0119 do zastosowa\u0144 w ograniczonej przestrzeni.<\/li>\n<li>Idealny zamiennik: Nasze produkty mog\u0105 doskonale zast\u0105pi\u0107 te si\u0142owniki hydrauliczne.<\/li>\n<\/ul>\n<p><img decoding=\"async\" src=\"https:\/\/www.hydraulic-cylinders.net\/wp-content\/uploads\/2025\/01\/songte-cylinder-head-with-all-kinds-excavator-models.webp\" alt=\"Cylinder kube\u0142kowy do Xiniu XN120-L Obraz\"><\/p>\n<h2>Aplikacje<\/h2>\n<p>Si\u0142ownik kube\u0142kowy do Xiniu XN120-L jest szeroko stosowany w wielu zastosowaniach. Oto niekt\u00f3re z nich:<\/p>\n<ul>\n<li>Sprz\u0119t budowlany: W koparkach s\u0105 one niezb\u0119dne do wykop\u00f3w, za\u0142adunku i przemieszczania gleby lub gruzu. W koparko-\u0142adowarkach cylindry \u0142y\u017cki pomagaj\u0105 zar\u00f3wno w kopaniu, jak i podnoszeniu. W \u0142adowarkach czo\u0142owych u\u0142atwiaj\u0105 efektywne podnoszenie i przechylanie \u0142adunk\u00f3w.<\/li>\n<li>Maszyny rolnicze: U\u017cywane w \u0142adowarkach czo\u0142owych do nabierania, podnoszenia i transportu gleby, siana i innych materia\u0142\u00f3w. W koparkach si\u0142ownik \u0142y\u017cki umo\u017cliwia wykopy poprzez zag\u0142\u0119bianie si\u0119 \u0142y\u017cki w gleb\u0119.<\/li>\n<\/ul>\n<h2>Zagadnienia projektowe i kryteria wyboru<\/h2>\n<p>Kryteria doboru cylindr\u00f3w kube\u0142kowych musz\u0105 uwzgl\u0119dnia\u0107 szereg kwestii projektowych, takich jak:<\/p>\n<ul>\n<li>No\u015bno\u015b\u0107: Cylinder powinien wytrzyma\u0107 maksymalne obci\u0105\u017cenie, jakie maszyna mo\u017ce na niego wywiera\u0107.<\/li>\n<li>Uszczelnienie: Cylinder powinien by\u0107 skutecznie uszczelniony, aby zapobiec przedostawaniu si\u0119 oleju hydraulicznego i zanieczyszcze\u0144 do wn\u0119trza cylindra.<\/li>\n<li>Trwa\u0142o\u015b\u0107: Cylinder powinien by\u0107 na tyle trwa\u0142y, aby oprze\u0107 si\u0119 wp\u0142ywowi trudnych warunk\u00f3w \u015brodowiskowych, takich jak kurz, woda i zanieczyszczenia.<\/li>\n<li>Bezpiecze\u0144stwo: Konstrukcja cylindra powinna uwzgl\u0119dnia\u0107 \u015brodki bezpiecze\u0144stwa, takie jak ochrona cylindra przed uszkodzeniami fizycznymi.<\/li>\n<li>\u0141atwo\u015b\u0107 konserwacji: Cylinder powinien by\u0107 \u0142atwy w konserwacji i naprawie, gdy\u017c stanowi istotny element maszyny, a jakakolwiek awaria mo\u017ce prowadzi\u0107 do d\u0142ugiego przestoju.<\/li>\n<\/ul>\n<p><img decoding=\"async\" src=\"https:\/\/www.hydraulic-cylinders.net\/wp-content\/uploads\/2025\/01\/songte-oil-pipes-and-spare-parts.webp\" alt=\"Cylinder kube\u0142kowy do Xiniu XN120-L Obraz\"><\/p>\n<h2>Uszczelnianie i smarowanie<\/h2>\n<p>W si\u0142owniku kube\u0142kowym zastosowano r\u00f3\u017cne elementy uszczelniaj\u0105ce, takie jak uszczelnienia t\u0142oka, uszczelnienia t\u0142oczyska i inne. Elementy te wykonane s\u0105 z materia\u0142\u00f3w odpornych na zu\u017cycie, takich jak poliuretan i kauczuk nitrylowy, co zapewnia d\u0142ug\u0105 \u017cywotno\u015b\u0107. Korpus si\u0142ownika i gwinty s\u0105 poddane obr\u00f3bce w celu zwi\u0119kszenia odporno\u015bci na zu\u017cycie. Si\u0142ownik kube\u0142kowy wymaga okresowego smarowania olejem hydraulicznym, aby zapewni\u0107 jego prawid\u0142owe dzia\u0142anie.<\/p>\n<h2>Konserwacja i naprawa<\/h2>\n<p>Regularne przegl\u0105dy, odpowiednie smarowanie, wymiana uszczelek, kontrola kalibracji i inne czynno\u015bci konserwacyjne s\u0105 kluczowe dla trwa\u0142o\u015bci si\u0142ownik\u00f3w kube\u0142kowych. Prawid\u0142owe ustawienie si\u0142ownika podczas monta\u017cu jest niezb\u0119dne dla optymalnej wydajno\u015bci. Zaleca si\u0119 stosowanie odpowiednich wspornik\u00f3w monta\u017cowych do zabezpieczenia si\u0142ownika. Oferujemy us\u0142ugi przegl\u0105d\u00f3w, napraw i wymiany, aby pom\u00f3c klientom w rozwi\u0105zaniu wszelkich problem\u00f3w z si\u0142ownikami kube\u0142kowymi.<\/p>\n<p><img decoding=\"async\" src=\"https:\/\/www.hydraulic-cylinders.net\/wp-content\/uploads\/2025\/01\/songte-chushion-collar.webp\" alt=\"Cylinder kube\u0142kowy do Xiniu XN120-L Obraz\"><\/p>\n<h2>Zagadnienia bezpiecze\u0144stwa i czynniki \u015brodowiskowe<\/h2>\n<p>Si\u0142ownik czerpakowy do Xiniu XN120-L nale\u017cy instalowa\u0107, u\u017cytkowa\u0107 i konserwowa\u0107 z zachowaniem \u015brodk\u00f3w bezpiecze\u0144stwa. Nieprzestrzeganie tych zasad mo\u017ce prowadzi\u0107 do obra\u017ce\u0144 cia\u0142a lub uszkodzenia maszyny. Czynniki \u015brodowiskowe, takie jak temperatura, wilgotno\u015b\u0107 i kurz, mog\u0105 wp\u0142ywa\u0107 na wydajno\u015b\u0107 si\u0142ownika i nale\u017cy je uwzgl\u0119dni\u0107 podczas wyboru i instalacji.<\/p>\n<h2>Diagnostyka usterek i rozwi\u0105zywanie problem\u00f3w<\/h2>\n<p>Typowe problemy z si\u0142ownikami kube\u0142kowymi mog\u0105 obejmowa\u0107 nieszczelno\u015bci, niewystarczaj\u0105c\u0105 si\u0142\u0119 i nietypowy ha\u0142as. Zalecamy regularn\u0105 kontrol\u0119 si\u0142ownika i niezw\u0142oczne rozwi\u0105zywanie wszelkich problem\u00f3w, aby unikn\u0105\u0107 powa\u017cnych przestoj\u00f3w. Wskaz\u00f3wki i rozwi\u0105zania dotycz\u0105ce rozwi\u0105zywania problem\u00f3w mog\u0105 pom\u00f3c czytelnikom w diagnozowaniu i skutecznym rozwi\u0105zywaniu problem\u00f3w z si\u0142ownikami kube\u0142kowymi.<\/p>\n<p><img decoding=\"async\" src=\"https:\/\/www.hydraulic-cylinders.net\/wp-content\/uploads\/2025\/01\/songte-bushings-with-all-kinds-of-excavator-models.webp\" alt=\"Cylinder kube\u0142kowy do Xiniu XN120-L Obraz\"><\/p>\n<h2>O naszej firmie<\/h2>\n<p>Jeste\u015bmy producentem zamiennych cylindr\u00f3w hydraulicznych, oferuj\u0105cym pe\u0142n\u0105 gam\u0119 produkt\u00f3w, staj\u0105c si\u0119 jednym z wiod\u0105cych producent\u00f3w i hurtowych dystrybutor\u00f3w cylindr\u00f3w hydraulicznych na rynku krajowym i mi\u0119dzynarodowym. Przestrzegamy zasady doskona\u0142ej jako\u015bci i opieramy si\u0119 na strategii zarz\u0105dzania produkcj\u0105 przemys\u0142ow\u0105 w wyspecjalizowanych warsztatach produkcyjnych. Stale udoskonalamy platform\u0119 produkcyjn\u0105 warsztatu, doskonalimy proces produkcji i posiadamy bogate do\u015bwiadczenie, aby sprosta\u0107 zr\u00f3\u017cnicowanym potrzebom klient\u00f3w, zapewniaj\u0105c wysok\u0105 wydajno\u015b\u0107, precyzj\u0119 i jako\u015b\u0107.<\/p>\n<p>Oferujemy us\u0142ugi dostosowane do indywidualnych potrzeb, profesjonalny sprz\u0119t produkcyjny, uznawane na ca\u0142ym \u015bwiecie certyfikaty oraz kompleksowy system obs\u0142ugi posprzeda\u017cowej. Dzi\u0119ki temu mamy pewno\u015b\u0107, \u017ce nasze produkty spe\u0142niaj\u0105 lub przewy\u017cszaj\u0105 oczekiwania klient\u00f3w.<\/p>\n<p><img decoding=\"async\" src=\"https:\/\/hzpt.com\/wp-content\/uploads\/2024\/11\/songte-company-1.webp\" alt=\"Cylinder kube\u0142kowy do Xiniu XN120-L Obraz\"><\/p>\n<p>Autor: lyl.<\/p>","protected":false},"excerpt":{"rendered":"<p>Bucket Cylinder For Xiniu XN120-L Introduction The bucket cylinder for Xiniu XN120-L is a type of hydraulic cylinder specially designed to control the movement of shovels in heavy machinery such as excavators, backhoe excavators, and front-end loaders. Its main function is to allow the bucket to lift, lower and tilt, making it easier to handle [&hellip;]<\/p>","protected":false},"featured_media":14784,"comment_status":"open","ping_status":"closed","template":"","meta":{"_et_pb_use_builder":"","_et_pb_old_content":"","_et_gb_content_width":""},"product_brand":[],"product_cat":[1494],"product_tag":[1495,1496],"class_list":{"0":"post-16006","1":"product","2":"type-product","3":"status-publish","4":"has-post-thumbnail","6":"product_cat-bucket-cylinders","7":"product_tag-bucket-cylinders","8":"product_tag-hydraulic-cylinders","10":"first","11":"instock","12":"shipping-taxable","13":"product-type-simple"},"amp_enabled":true,"_links":{"self":[{"href":"https:\/\/www.hydraulic-cylinders.net\/pl\/wp-json\/wp\/v2\/product\/16006","targetHints":{"allow":["GET"]}}],"collection":[{"href":"https:\/\/www.hydraulic-cylinders.net\/pl\/wp-json\/wp\/v2\/product"}],"about":[{"href":"https:\/\/www.hydraulic-cylinders.net\/pl\/wp-json\/wp\/v2\/types\/product"}],"replies":[{"embeddable":true,"href":"https:\/\/www.hydraulic-cylinders.net\/pl\/wp-json\/wp\/v2\/comments?post=16006"}],"wp:featuredmedia":[{"embeddable":true,"href":"https:\/\/www.hydraulic-cylinders.net\/pl\/wp-json\/wp\/v2\/media\/14784"}],"wp:attachment":[{"href":"https:\/\/www.hydraulic-cylinders.net\/pl\/wp-json\/wp\/v2\/media?parent=16006"}],"wp:term":[{"taxonomy":"product_brand","embeddable":true,"href":"https:\/\/www.hydraulic-cylinders.net\/pl\/wp-json\/wp\/v2\/product_brand?post=16006"},{"taxonomy":"product_cat","embeddable":true,"href":"https:\/\/www.hydraulic-cylinders.net\/pl\/wp-json\/wp\/v2\/product_cat?post=16006"},{"taxonomy":"product_tag","embeddable":true,"href":"https:\/\/www.hydraulic-cylinders.net\/pl\/wp-json\/wp\/v2\/product_tag?post=16006"}],"curies":[{"name":"wp","href":"https:\/\/api.w.org\/{rel}","templated":true}]}}