{"id":16015,"date":"2025-01-19T15:17:40","date_gmt":"2025-01-19T15:17:40","guid":{"rendered":"https:\/\/www.hydraulic-cylinders.net\/product\/bucket-cylinder-for-kato-small-excavator-hd450-5-7\/"},"modified":"2025-01-19T15:17:42","modified_gmt":"2025-01-19T15:17:42","slug":"bucket-cylinder-for-kato-small-excavator-hd450-5-7","status":"publish","type":"product","link":"https:\/\/www.hydraulic-cylinders.net\/pl\/produkt\/bucket-cylinder-for-kato-small-excavator-hd450-5-7\/","title":{"rendered":"Si\u0142ownik \u0142y\u017cki do ma\u0142ej koparki Kato HD450-5-7"},"content":{"rendered":"<h1>Si\u0142ownik \u0142y\u017cki do ma\u0142ej koparki Kato HD450-5-7<\/h1>\n<h2>Wst\u0119p<\/h2>\n<p>Si\u0142ownik \u0142y\u017cki to specjalnie zaprojektowany si\u0142ownik hydrauliczny s\u0142u\u017c\u0105cy do sterowania ruchem \u0142y\u017cki w ci\u0119\u017ckich maszynach, takich jak koparki, koparko-\u0142adowarki i \u0142adowarki czo\u0142owe. Jego g\u0142\u00f3wn\u0105 funkcj\u0105 jest podnoszenie, opuszczanie i przechylanie \u0142y\u017cki, u\u0142atwiaj\u0105c wykonywanie r\u00f3\u017cnych zada\u0144 zwi\u0105zanych z prze\u0142adunkiem materia\u0142\u00f3w. W uk\u0142adzie hydraulicznym si\u0142ownik \u0142y\u017cki zapewnia precyzyjn\u0105 kontrol\u0119 nad \u0142y\u017ck\u0105, wykorzystuj\u0105c zmiany ci\u015bnienia oleju hydraulicznego, umo\u017cliwiaj\u0105c operatorom wydajne przenoszenie ci\u0119\u017ckich \u0142adunk\u00f3w i dostosowywanie si\u0119 do z\u0142o\u017conych warunk\u00f3w pracy oraz zr\u00f3\u017cnicowanych wymaga\u0144.<\/p>\n<p><img decoding=\"async\" src=\"https:\/\/www.hydraulic-cylinders.net\/wp-content\/uploads\/2025\/01\/songte-company-2.webp\"><\/p>\n<h2>Cechy<\/h2>\n<ul>\n<li>Wysoka wytrzyma\u0142o\u015b\u0107 i trwa\u0142o\u015b\u0107: Zazwyczaj wykonane z wysokowytrzyma\u0142ej stali lub aluminium, wytrzymuj\u0105 du\u017ce ci\u015bnienie i du\u017ce obci\u0105\u017cenia, s\u0105 przystosowane do trudnych warunk\u00f3w pracy, a tak\u017ce zaprojektowane z uwzgl\u0119dnieniem odporno\u015bci na zu\u017cycie i korozj\u0119, aby wyd\u0142u\u017cy\u0107 okres eksploatacji.<\/li>\n<li>Wydajna praca uk\u0142adu hydraulicznego: wykorzystanie ci\u015bnienia oleju hydraulicznego w celu uzyskania p\u0142ynnego wysuwania i wsuwania, mo\u017cliwo\u015b\u0107 szybkiej reakcji na polecenia steruj\u0105ce, zapewnienie du\u017cych si\u0142 pchaj\u0105cych i ci\u0105gn\u0105cych, odpowiednie do obs\u0142ugi ci\u0119\u017ckich \u0142adunk\u00f3w i skomplikowanych zada\u0144 operacyjnych.<\/li>\n<li>R\u00f3\u017cne typy: Dost\u0119pne w wersji jednostronnego dzia\u0142ania (hydrauliczne tylko w jednym kierunku) lub dwustronnego dzia\u0142ania (hydrauliczne w obu kierunkach), co pozwala na spe\u0142nienie r\u00f3\u017cnych wymaga\u0144 operacyjnych. Niekt\u00f3re modele s\u0105 teleskopowe, co pozwala na wi\u0119ksze wysuni\u0119cie bez zwi\u0119kszania wymiar\u00f3w zewn\u0119trznych, i nadaje si\u0119 do zastosowa\u0144 w ograniczonej przestrzeni.<\/li>\n<\/ul>\n<p><img decoding=\"async\" src=\"https:\/\/www.hydraulic-cylinders.net\/wp-content\/uploads\/2025\/01\/songte-cylinder-head-with-all-kinds-excavator-models.webp\"><\/p>\n<h2>Aplikacje<\/h2>\n<ul>\n<li>Sprz\u0119t budowlany: Znajduje si\u0119 w koparkach, gdzie odgrywa kluczow\u0105 rol\u0119 w wykopach, za\u0142adunku i przemieszczaniu gleby lub gruzu. W koparko-\u0142adowarkach cylindry \u0142y\u017cki wspomagaj\u0105 zar\u00f3wno wykopy, jak i podnoszenie.<\/li>\n<li>Maszyny rolnicze: Stosowane w \u0142adowarkach czo\u0142owych do nabierania, podnoszenia i transportu gleby, siana i innych materia\u0142\u00f3w.<\/li>\n<li>Koparki: Cylinder \u0142y\u017cki umo\u017cliwia kopanie poprzez umo\u017cliwienie \u0142y\u017cce wnikania w gleb\u0119.<\/li>\n<li>\u0141adowarki czo\u0142owe: W \u0142adowarkach czo\u0142owych u\u0142atwiaj\u0105 podnoszenie i wysypywanie towar\u00f3w.<\/li>\n<\/ul>\n<h2>Zagadnienia projektowe i kryteria wyboru<\/h2>\n<p>Je\u015bli chodzi o kwestie projektowe, przy wyborze cylindr\u00f3w kube\u0142kowych nale\u017cy wzi\u0105\u0107 pod uwag\u0119 kilka kluczowych czynnik\u00f3w:<\/p>\n<ul>\n<li>No\u015bno\u015b\u0107: Cylinder musi mie\u0107 wytrzyma\u0142o\u015b\u0107 umo\u017cliwiaj\u0105c\u0105 utrzymanie zamierzonego obci\u0105\u017cenia i bezpieczn\u0105 prac\u0119 w okre\u015blonych granicach.<\/li>\n<li>Uszczelnienie: Skuteczne uszczelnienia s\u0105 niezb\u0119dne, aby zapobiega\u0107 przeciekom i zachowa\u0107 prawid\u0142owe funkcjonowanie.<\/li>\n<li>Trwa\u0142o\u015b\u0107: Cylinder powinien by\u0107 zaprojektowany tak, aby wytrzyma\u0107 przewidywane warunki eksploatacji, w tym takie czynniki jak zu\u017cycie i korozja.<\/li>\n<li>Bezpiecze\u0144stwo: Nale\u017cy wdro\u017cy\u0107 \u015brodki bezpiecze\u0144stwa, kt\u00f3re zagwarantuj\u0105 ochron\u0119 operator\u00f3w i sprz\u0119tu.<\/li>\n<li>\u0141atwo\u015b\u0107 konserwacji: Nale\u017cy wzi\u0105\u0107 pod uwag\u0119 \u0142atwo\u015b\u0107 konserwacji i napraw, w tym dost\u0119pno\u015b\u0107 podzespo\u0142\u00f3w i dogodne punkty dost\u0119pu.<\/li>\n<\/ul>\n<p><img decoding=\"async\" src=\"https:\/\/www.hydraulic-cylinders.net\/wp-content\/uploads\/2025\/01\/songte-oil-pipes-and-spare-parts.webp\"><\/p>\n<h2>Uszczelnianie i smarowanie<\/h2>\n<p>W si\u0142owniku kube\u0142kowym zastosowano r\u00f3\u017cnorodne elementy uszczelniaj\u0105ce, takie jak uszczelnienia t\u0142oka i t\u0142oczyska, wykonane z materia\u0142\u00f3w odpornych na zu\u017cycie, takich jak poliuretan i kauczuk nitrylowy. Korpus si\u0142ownika i gwintowane ko\u0144c\u00f3wki s\u0105 precyzyjnie obrabiane w celu zwi\u0119kszenia odporno\u015bci na zu\u017cycie. Regularne smarowanie odpowiedni\u0105 ilo\u015bci\u0105 oleju hydraulicznego jest niezb\u0119dne dla zapewnienia p\u0142ynnej pracy.<\/p>\n<h2>Regularne kontrole i konserwacja zapobiegawcza<\/h2>\n<ul>\n<li>Regularnie sprawdzaj cylinder pod k\u0105tem oznak zu\u017cycia, uszkodzenia lub nieszczelno\u015bci.<\/li>\n<li>Prawid\u0142owo smaruj wszystkie ruchome cz\u0119\u015bci, aby zminimalizowa\u0107 tarcie i utrzyma\u0107 optymaln\u0105 wydajno\u015b\u0107.<\/li>\n<li>W razie potrzeby wymie\u0144 uszczelki i podk\u0142adki, aby zapobiec przeciekom i zachowa\u0107 integralno\u015b\u0107 uszczelnienia.<\/li>\n<li>Przeprowad\u017a kontrol\u0119 kalibracji, aby mie\u0107 pewno\u015b\u0107, \u017ce cylindr dzia\u0142a prawid\u0142owo.<\/li>\n<\/ul>\n<p><img decoding=\"async\" src=\"https:\/\/www.hydraulic-cylinders.net\/wp-content\/uploads\/2025\/01\/songte-chushion-collar.webp\"><\/p>\n<h2>Zagadnienia bezpiecze\u0144stwa i czynniki \u015brodowiskowe<\/h2>\n<p>Podczas u\u017cytkowania cylindra czerpakowego nale\u017cy przestrzega\u0107 \u015brodk\u00f3w bezpiecze\u0144stwa, aby unikn\u0105\u0107 wypadk\u00f3w oraz chroni\u0107 personel i sprz\u0119t. Nale\u017cy przestrzega\u0107 \u015brodk\u00f3w ostro\u017cno\u015bci, takich jak noszenie odpowiedniego sprz\u0119tu ochrony osobistej i obs\u0142uga maszyny zgodnie z ustalonymi wytycznymi.<\/p>\n<h2>Rozwi\u0105zywanie problem\u00f3w i typowe problemy<\/h2>\n<p>Do typowych problem\u00f3w, kt\u00f3re mog\u0105 wyst\u0105pi\u0107 w przypadku si\u0142ownik\u00f3w czerpakowych, nale\u017c\u0105 wycieki, niedostateczna moc i nieregularne ruchy. Nale\u017cy poda\u0107 wskaz\u00f3wki dotycz\u0105ce rozwi\u0105zywania problem\u00f3w i ich rozwi\u0105zania, aby pom\u00f3c czytelnikom w skutecznej diagnozie i rozwi\u0105zywaniu problem\u00f3w. Dodatkowo nale\u017cy zasugerowa\u0107 \u015brodki zapobiegawcze w celu zminimalizowania potencjalnych problem\u00f3w.<\/p>\n<p><img decoding=\"async\" src=\"https:\/\/www.hydraulic-cylinders.net\/wp-content\/uploads\/2025\/01\/songte-bushings-with-all-kinds-of-excavator-models.webp\"><\/p>\n<h2>Przewodnik instalacji<\/h2>\n<p>Prawid\u0142owy monta\u017c ma kluczowe znaczenie dla optymalnej wydajno\u015bci i trwa\u0142o\u015bci si\u0142ownika kube\u0142kowego. Proces instalacji powinien obejmowa\u0107 prawid\u0142owe wyosiowanie si\u0142ownika, wskaz\u00f3wki dotycz\u0105ce metod wyosiowania oraz zalecenia dotycz\u0105ce u\u017cycia odpowiednich wspornik\u00f3w monta\u017cowych w celu zabezpieczenia si\u0142ownika na miejscu. Nale\u017cy przedstawi\u0107 zalecane procedury kontroli, naprawy i wymiany, a tak\u017ce wskaz\u00f3wki dotycz\u0105ce wyd\u0142u\u017cenia \u017cywotno\u015bci si\u0142ownika kube\u0142kowego.<\/p>\n<h2>O naszej firmie<\/h2>\n<p>Jeste\u015bmy producentem zamiennych cylindr\u00f3w hydraulicznych, oferuj\u0105cym szerok\u0105 gam\u0119 produkt\u00f3w. Jako wiod\u0105cy producent i hurtowy dystrybutor cylindr\u00f3w hydraulicznych na rynku krajowym i mi\u0119dzynarodowym, kierujemy si\u0119 zasadami doskona\u0142o\u015bci, opieraj\u0105c si\u0119 na przemys\u0142owych strategiach zarz\u0105dzania produkcj\u0105 w naszym zaawansowanym warsztacie produkcyjnym. Koncentruj\u0105c si\u0119 na kompetencjach technologicznych, zaawansowanym sprz\u0119cie do produkcji cyfrowej i profesjonalnych systemach testowych, stale udoskonalamy nasz\u0105 platform\u0119 produkcyjn\u0105, aby zapewni\u0107 sta\u0142\u0105 jako\u015b\u0107 produkt\u00f3w. Posiadamy silne mo\u017cliwo\u015bci innowacyjne i stawiamy na wydajno\u015b\u0107, precyzj\u0119 i wysok\u0105 jako\u015b\u0107, aby sprosta\u0107 zr\u00f3\u017cnicowanym potrzebom klient\u00f3w.<\/p>\n<p><img decoding=\"async\" src=\"https:\/\/www.hydraulic-cylinders.net\/wp-content\/uploads\/2025\/01\/songte-company-3.webp\"><\/p>\n<p>Ponadto k\u0142adziemy nacisk na nasz profesjonalizm, mi\u0119dzynarodowe certyfikaty, us\u0142ugi dostosowane do indywidualnych potrzeb, sprz\u0119t produkcyjny i serwis posprzeda\u017cowy.<\/p>\n<p>Autor: lyl<\/p>\n<p><img decoding=\"async\" src=\"https:\/\/hzpt.com\/wp-content\/uploads\/2024\/11\/songte-company-1.webp\"><\/p>","protected":false},"excerpt":{"rendered":"<p>Bucket Cylinder For Kato Small Excavator HD450-5-7 Introduction The bucket cylinder is a specially designed hydraulic cylinder used to control the movement of the bucket in heavy machinery such as excavators, backhoe loaders, and front loaders. Its main function is to enable the bucket to raise, lower, and tilt, making it easier to handle various [&hellip;]<\/p>","protected":false},"featured_media":14762,"comment_status":"open","ping_status":"closed","template":"","meta":{"_et_pb_use_builder":"","_et_pb_old_content":"","_et_gb_content_width":""},"product_brand":[],"product_cat":[1494],"product_tag":[1495,1496],"class_list":{"0":"post-16015","1":"product","2":"type-product","3":"status-publish","4":"has-post-thumbnail","6":"product_cat-bucket-cylinders","7":"product_tag-bucket-cylinders","8":"product_tag-hydraulic-cylinders","10":"first","11":"instock","12":"shipping-taxable","13":"product-type-simple"},"amp_enabled":true,"_links":{"self":[{"href":"https:\/\/www.hydraulic-cylinders.net\/pl\/wp-json\/wp\/v2\/product\/16015","targetHints":{"allow":["GET"]}}],"collection":[{"href":"https:\/\/www.hydraulic-cylinders.net\/pl\/wp-json\/wp\/v2\/product"}],"about":[{"href":"https:\/\/www.hydraulic-cylinders.net\/pl\/wp-json\/wp\/v2\/types\/product"}],"replies":[{"embeddable":true,"href":"https:\/\/www.hydraulic-cylinders.net\/pl\/wp-json\/wp\/v2\/comments?post=16015"}],"wp:featuredmedia":[{"embeddable":true,"href":"https:\/\/www.hydraulic-cylinders.net\/pl\/wp-json\/wp\/v2\/media\/14762"}],"wp:attachment":[{"href":"https:\/\/www.hydraulic-cylinders.net\/pl\/wp-json\/wp\/v2\/media?parent=16015"}],"wp:term":[{"taxonomy":"product_brand","embeddable":true,"href":"https:\/\/www.hydraulic-cylinders.net\/pl\/wp-json\/wp\/v2\/product_brand?post=16015"},{"taxonomy":"product_cat","embeddable":true,"href":"https:\/\/www.hydraulic-cylinders.net\/pl\/wp-json\/wp\/v2\/product_cat?post=16015"},{"taxonomy":"product_tag","embeddable":true,"href":"https:\/\/www.hydraulic-cylinders.net\/pl\/wp-json\/wp\/v2\/product_tag?post=16015"}],"curies":[{"name":"wp","href":"https:\/\/api.w.org\/{rel}","templated":true}]}}