{"id":16024,"date":"2025-01-19T15:18:19","date_gmt":"2025-01-19T15:18:19","guid":{"rendered":"https:\/\/www.hydraulic-cylinders.net\/product\/bucket-cylinder-for-kato-small-excavator-hd820r820v\/"},"modified":"2025-01-19T15:18:21","modified_gmt":"2025-01-19T15:18:21","slug":"bucket-cylinder-for-kato-small-excavator-hd820r820v","status":"publish","type":"product","link":"https:\/\/www.hydraulic-cylinders.net\/pl\/produkt\/bucket-cylinder-for-kato-small-excavator-hd820r820v\/","title":{"rendered":"Si\u0142ownik \u0142y\u017cki do ma\u0142ej koparki Kato HD820R820V"},"content":{"rendered":"<h1>Si\u0142ownik \u0142y\u017cki do ma\u0142ej koparki Kato HD820R820V<\/h1>\n<h2>Wst\u0119p<\/h2>\n<p>Si\u0142ownik \u0142y\u017cki to specjalistyczny si\u0142ownik hydrauliczny, u\u017cywany g\u0142\u00f3wnie do sterowania ruchem \u0142y\u017cki w ci\u0119\u017ckich maszynach, takich jak koparki, koparko-\u0142adowarki i \u0142adowarki czo\u0142owe. Jego g\u0142\u00f3wn\u0105 funkcj\u0105 jest podnoszenie, opuszczanie i przechylanie \u0142y\u017cki, u\u0142atwiaj\u0105c r\u00f3\u017cnorodne zadania zwi\u0105zane z prze\u0142adunkiem materia\u0142\u00f3w. W uk\u0142adzie hydraulicznym si\u0142ownik \u0142y\u017cki zapewnia precyzyjn\u0105 kontrol\u0119 nad \u0142y\u017ck\u0105 poprzez zmiany ci\u015bnienia oleju hydraulicznego, umo\u017cliwiaj\u0105c operatorom wydajne przenoszenie ci\u0119\u017ckich przedmiot\u00f3w i dostosowywanie si\u0119 do z\u0142o\u017conych warunk\u00f3w pracy oraz zr\u00f3\u017cnicowanych potrzeb operacyjnych.<\/p>\n<p><img decoding=\"async\" src=\"https:\/\/www.hydraulic-cylinders.net\/wp-content\/uploads\/2025\/01\/songte-company-2.webp\" alt=\"Si\u0142ownik \u0142y\u017cki do ma\u0142ej koparki Kato HD820R820V\" \/><\/p>\n<h2>Cechy<\/h2>\n<ul>\n<li>Wysoka wytrzyma\u0142o\u015b\u0107 i trwa\u0142o\u015b\u0107: Zazwyczaj wykonane z wysokowytrzyma\u0142ej stali lub aluminium, wytrzymuj\u0105 du\u017ce ci\u015bnienie i du\u017ce obci\u0105\u017cenia, s\u0105 przystosowane do trudnych warunk\u00f3w pracy. Zaprojektowane z my\u015bl\u0105 o odporno\u015bci na zu\u017cycie i korozj\u0119, co wyd\u0142u\u017ca ich \u017cywotno\u015b\u0107.<\/li>\n<li>Wydajne dzia\u0142anie uk\u0142adu hydraulicznego: P\u0142ynne rozszerzanie i kurczenie si\u0119 uzyskuje si\u0119 dzi\u0119ki wykorzystaniu ci\u015bnienia oleju hydraulicznego, co pozwala na szybk\u0105 reakcj\u0119 na polecenia steruj\u0105ce, zapewniaj\u0105c du\u017c\u0105 si\u0142\u0119 pchania i ci\u0105gni\u0119cia, odpowiedni\u0105 do przenoszenia ci\u0119\u017ckich przedmiot\u00f3w i wykonywania skomplikowanych zada\u0144 operacyjnych.<\/li>\n<li>R\u00f3\u017cne typy: cylindry jednostronnego dzia\u0142ania (hydrauliczne dzia\u0142aj\u0105ce tylko w jednym kierunku) lub dwustronnego dzia\u0142ania (hydrauliczne dzia\u0142aj\u0105ce w obu kierunkach) mo\u017cna wybiera\u0107 w zale\u017cno\u015bci od potrzeb, aby spe\u0142ni\u0107 r\u00f3\u017cne wymagania operacyjne. Niekt\u00f3re modele s\u0105 chowane, co pozwala na wi\u0119ksze wysuni\u0119cie bez zwi\u0119kszania wymiar\u00f3w zewn\u0119trznych, nadaj\u0105c si\u0119 do zastosowa\u0144 w ograniczonej przestrzeni.<\/li>\n<li>\u0141atwa wymiana: Nasze cylindry hydrauliczne mog\u0105 doskonale zast\u0105pi\u0107 te cylindry hydrauliczne.<\/li>\n<\/ul>\n<p><img decoding=\"async\" src=\"https:\/\/www.hydraulic-cylinders.net\/wp-content\/uploads\/2025\/01\/songte-cylinder-head-with-all-kinds-excavator-models.webp\" alt=\"Si\u0142ownik \u0142y\u017cki do ma\u0142ej koparki Kato HD820R820V\" \/><\/p>\n<h2>Aplikacje<\/h2>\n<p>Cylinder czerpakowy jest powszechnie stosowany w r\u00f3\u017cnych maszynach ci\u0119\u017ckich, w tym:<\/p>\n<ul>\n<li>Sprz\u0119t budowlany: W koparkach s\u0105 one niezb\u0119dne do kopania, za\u0142adunku i przemieszczania gleby lub gruzu. W koparko-\u0142adowarkach cylindry \u0142y\u017cki pomagaj\u0105 zar\u00f3wno w kopaniu, jak i podnoszeniu. <\/li>\n<li>Maszyny rolnicze: Stosowane w \u0142adowarkach czo\u0142owych do nabierania, podnoszenia i transportu gleby, siana i innych materia\u0142\u00f3w. <\/li>\n<li>Koparki: Cylindry \u0142y\u017cki umo\u017cliwiaj\u0105 kopanie, pozwalaj\u0105c \u0142y\u017cce wnika\u0107 w gleb\u0119.<\/li>\n<li>\u0141adowarki: W \u0142adowarkach czo\u0142owych pomagaj\u0105 w efektywnym podnoszeniu i przechylaniu \u0142adunk\u00f3w.<\/li>\n<\/ul>\n<h2>Zagadnienia projektowe i standardy wyboru<\/h2>\n<p>Z punktu widzenia projektowania, cylindry hydrauliczne musz\u0105 wytrzymywa\u0107 obci\u0105\u017cenia, charakteryzowa\u0107 si\u0119 dobrymi w\u0142a\u015bciwo\u015bciami uszczelniaj\u0105cymi, by\u0107 trwa\u0142e, bezpieczne i \u0142atwe w konserwacji. Oto kilka kluczowych kwestii projektowych:<\/p>\n<ul>\n<li>No\u015bno\u015b\u0107: Cylindry hydrauliczne musz\u0105 by\u0107 zaprojektowane tak, aby wytrzyma\u0107 maksymalne obci\u0105\u017cenie, jakiemu b\u0119d\u0105 poddawane w czasie pracy.<\/li>\n<li>Uszczelnienie: Nale\u017cy stosowa\u0107 r\u00f3\u017cne elementy uszczelniaj\u0105ce, takie jak uszczelnienia t\u0142ok\u00f3w i t\u0142oczysk. Zaleca si\u0119 stosowanie element\u00f3w uszczelniaj\u0105cych wykonanych z materia\u0142\u00f3w odpornych na zu\u017cycie, takich jak poliuretan i kauczuk nitrylowy.<\/li>\n<li>Trwa\u0142o\u015b\u0107: Korpus cylindra i powierzchnia ko\u0144cowa gwintu powinny by\u0107 poddane dok\u0142adnej obr\u00f3bce w celu zwi\u0119kszenia odporno\u015bci na zu\u017cycie.<\/li>\n<li>Bezpiecze\u0144stwo: Cylindry hydrauliczne musz\u0105 by\u0107 zaprojektowane w spos\u00f3b zapewniaj\u0105cy bezpieczn\u0105 obs\u0142ug\u0119 i zapobiegaj\u0105cy wypadkom.<\/li>\n<li>\u0141atwo\u015b\u0107 konserwacji: Cylindry hydrauliczne powinny by\u0107 \u0142atwe w konserwacji i naprawie. Aby zapewni\u0107 ich ci\u0105g\u0142\u0105 prac\u0119, nale\u017cy regularnie przeprowadza\u0107 konserwacj\u0119.<\/li>\n<\/ul>\n<p><img decoding=\"async\" src=\"https:\/\/www.hydraulic-cylinders.net\/wp-content\/uploads\/2025\/01\/songte-oil-pipes-and-spare-parts.webp\" alt=\"Si\u0142ownik \u0142y\u017cki do ma\u0142ej koparki Kato HD820R820V\" \/><\/p>\n<h2>Uszczelnienie i smarowanie<\/h2>\n<p>W cylindrach hydraulicznych nale\u017cy stosowa\u0107 r\u00f3\u017cne elementy uszczelniaj\u0105ce, takie jak uszczelnienia t\u0142ok\u00f3w i t\u0142oczysk. Zaleca si\u0119 stosowanie element\u00f3w uszczelniaj\u0105cych wykonanych z materia\u0142\u00f3w odpornych na zu\u017cycie, takich jak poliuretan i kauczuk nitrylowy. Korpus cylindra i powierzchnia gwintu powinny by\u0107 precyzyjnie obrobione, aby zwi\u0119kszy\u0107 odporno\u015b\u0107 na zu\u017cycie. Wymagane jest regularne smarowanie odpowiedni\u0105 ilo\u015bci\u0105 oleju hydraulicznego.<\/p>\n<h2>Konserwacja<\/h2>\n<p>Regularne kontrole i dzia\u0142ania konserwacyjne mog\u0105 pom\u00f3c wyd\u0142u\u017cy\u0107 \u017cywotno\u015b\u0107 cylindr\u00f3w hydraulicznych. Typowe czynno\u015bci konserwacyjne obejmuj\u0105:<\/p>\n<ul>\n<li>Regularna kontrola: Nale\u017cy regularnie sprawdza\u0107, czy cylindry hydrauliczne nie s\u0105 uszkodzone lub zu\u017cyte.<\/li>\n<li>Prawid\u0142owe smarowanie: Nanie\u015b\u0107 odpowiedni\u0105 ilo\u015b\u0107 \u015brodka smaruj\u0105cego na cylindry hydrauliczne.<\/li>\n<li>Wymiana uszczelek: Zu\u017cyte uszczelki nale\u017cy wymienia\u0107 w odpowiednim czasie.<\/li>\n<li>Kontrola kalibracji: Nale\u017cy okresowo sprawdza\u0107 kalibracj\u0119 cylindr\u00f3w hydraulicznych w celu zapewnienia dok\u0142adno\u015bci.<\/li>\n<\/ul>\n<p><img decoding=\"async\" src=\"https:\/\/www.hydraulic-cylinders.net\/wp-content\/uploads\/2025\/01\/songte-chushion-collar.webp\" alt=\"Si\u0142ownik \u0142y\u017cki do ma\u0142ej koparki Kato HD820R820V\" \/><\/p>\n<h2>Bezpiecze\u0144stwo i wzgl\u0119dy \u015brodowiskowe<\/h2>\n<p>Si\u0142ownik hydrauliczny jest kluczowym elementem ci\u0119\u017ckich maszyn, dlatego nale\u017cy zachowa\u0107 odpowiednie \u015brodki bezpiecze\u0144stwa podczas monta\u017cu, obs\u0142ugi i konserwacji. Kwestie ochrony \u015brodowiska obejmuj\u0105 prawid\u0142ow\u0105 utylizacj\u0119 oleju hydraulicznego i podzespo\u0142\u00f3w hydraulicznych.<\/p>\n<h2>Rozwi\u0105zywanie problem\u00f3w i typowe problemy<\/h2>\n<p>Do typowych problem\u00f3w z si\u0142ownikami hydraulicznymi nale\u017c\u0105 zu\u017cycie uszczelnie\u0144, nieszczelno\u015b\u0107 oraz uszkodzenie korpusu si\u0142ownika lub t\u0142oka. Nale\u017cy niezw\u0142ocznie rozwi\u0105zywa\u0107 problemy i podejmowa\u0107 dzia\u0142ania zapobiegawcze w celu ograniczenia potencjalnych problem\u00f3w.<\/p>\n<h2>O naszej firmie<\/h2>\n<p>Jeste\u015bmy producentem zamiennych cylindr\u00f3w hydraulicznych, oferuj\u0105cym pe\u0142n\u0105 gam\u0119 produkt\u00f3w, i stali\u015bmy si\u0119 jednym z wiod\u0105cych producent\u00f3w i hurtowych dystrybutor\u00f3w cylindr\u00f3w hydraulicznych na rynku krajowym i mi\u0119dzynarodowym. Kierujemy si\u0119 zasad\u0105 doskona\u0142ej jako\u015bci, opieramy si\u0119 na strategii zarz\u0105dzania produkcj\u0105 industrializacyjn\u0105 w wyspecjalizowanych warsztatach produkcyjnych, stale ulepszamy platform\u0119 produkcyjn\u0105 warsztatu, podnosimy jako\u015b\u0107 linii produkcyjnej oraz posiadamy silne zdolno\u015bci kreatywne, dostarczaj\u0105c klientom wydajne, precyzyjne i wysokiej jako\u015bci produkty, spe\u0142niaj\u0105ce zr\u00f3\u017cnicowane wymagania.<\/p>\n<p><img decoding=\"async\" src=\"https:\/\/www.hydraulic-cylinders.net\/wp-content\/uploads\/2025\/01\/songte-company-3.webp\" alt=\"Si\u0142ownik \u0142y\u017cki do ma\u0142ej koparki Kato HD820R820V\" \/><\/p>\n<p>Nasz\u0105 specjalno\u015bci\u0105 s\u0105 m.in. mi\u0119dzynarodowe certyfikaty, us\u0142ugi niestandardowe, sprz\u0119t produkcyjny i us\u0142ugi posprzeda\u017cowe.<\/p>\n<h3>Certyfikaty mi\u0119dzynarodowe<\/h3>\n<p>Nasze produkty posiadaj\u0105 certyfikaty mi\u0119dzynarodowych jednostek certyfikuj\u0105cych, takich jak ISO9001, CE i SGS.<\/p>\n<h3>Us\u0142ugi niestandardowe<\/h3>\n<p>Oferujemy dostosowane do indywidualnych potrzeb projektowanie i produkcj\u0119 cylindr\u00f3w hydraulicznych, aby sprosta\u0107 szczeg\u00f3lnym potrzebom klient\u00f3w.<\/p>\n<h3>Sprz\u0119t produkcyjny<\/h3>\n<p>Aby zagwarantowa\u0107 jako\u015b\u0107 naszych produkt\u00f3w, dysponujemy zaawansowanym sprz\u0119tem produkcyjnym, takim jak tokarki CNC, centra obr\u00f3bcze i urz\u0105dzenia testowe.<\/p>\n<h3>Us\u0142ugi posprzeda\u017cowe<\/h3>\n<p>Oferujemy klientom kompleksow\u0105 obs\u0142ug\u0119 posprzeda\u017cow\u0105, obejmuj\u0105c\u0105 cz\u0119\u015bci zamienne, us\u0142ugi regeneracji i wsparcie techniczne, aby mie\u0107 pewno\u015b\u0107, \u017ce nasze produkty dzia\u0142aj\u0105 niezawodnie i wydajnie.<\/p>\n<p><img decoding=\"async\" src=\"https:\/\/hzpt.com\/wp-content\/uploads\/2024\/11\/songte-company-1.webp\" alt=\"Si\u0142ownik \u0142y\u017cki do ma\u0142ej koparki Kato HD820R820V\" \/><\/p>\n<h4>Autor: lyl<\/h4>","protected":false},"excerpt":{"rendered":"<p>Bucket Cylinder For Kato Small Excavator HD820R820V Introduction The bucket cylinder is a specialized hydraulic cylinder used primarily to control the movement of buckets in heavy machinery such as excavators, backhoe excavators, and front-end loaders. Its main function is to enable the bucket to be lifted, lowered, and tilted, facilitating various material handling tasks. In [&hellip;]<\/p>","protected":false},"featured_media":14778,"comment_status":"open","ping_status":"closed","template":"","meta":{"_et_pb_use_builder":"","_et_pb_old_content":"","_et_gb_content_width":""},"product_brand":[],"product_cat":[1494],"product_tag":[1495,1496],"class_list":{"0":"post-16024","1":"product","2":"type-product","3":"status-publish","4":"has-post-thumbnail","6":"product_cat-bucket-cylinders","7":"product_tag-bucket-cylinders","8":"product_tag-hydraulic-cylinders","10":"first","11":"instock","12":"shipping-taxable","13":"product-type-simple"},"amp_enabled":true,"_links":{"self":[{"href":"https:\/\/www.hydraulic-cylinders.net\/pl\/wp-json\/wp\/v2\/product\/16024","targetHints":{"allow":["GET"]}}],"collection":[{"href":"https:\/\/www.hydraulic-cylinders.net\/pl\/wp-json\/wp\/v2\/product"}],"about":[{"href":"https:\/\/www.hydraulic-cylinders.net\/pl\/wp-json\/wp\/v2\/types\/product"}],"replies":[{"embeddable":true,"href":"https:\/\/www.hydraulic-cylinders.net\/pl\/wp-json\/wp\/v2\/comments?post=16024"}],"wp:featuredmedia":[{"embeddable":true,"href":"https:\/\/www.hydraulic-cylinders.net\/pl\/wp-json\/wp\/v2\/media\/14778"}],"wp:attachment":[{"href":"https:\/\/www.hydraulic-cylinders.net\/pl\/wp-json\/wp\/v2\/media?parent=16024"}],"wp:term":[{"taxonomy":"product_brand","embeddable":true,"href":"https:\/\/www.hydraulic-cylinders.net\/pl\/wp-json\/wp\/v2\/product_brand?post=16024"},{"taxonomy":"product_cat","embeddable":true,"href":"https:\/\/www.hydraulic-cylinders.net\/pl\/wp-json\/wp\/v2\/product_cat?post=16024"},{"taxonomy":"product_tag","embeddable":true,"href":"https:\/\/www.hydraulic-cylinders.net\/pl\/wp-json\/wp\/v2\/product_tag?post=16024"}],"curies":[{"name":"wp","href":"https:\/\/api.w.org\/{rel}","templated":true}]}}