{"id":16049,"date":"2025-01-20T08:24:32","date_gmt":"2025-01-20T08:24:32","guid":{"rendered":"https:\/\/www.hydraulic-cylinders.net\/product\/arm-cylinderfor-komatsu-small-excavator-pc45-1-5-7\/"},"modified":"2025-01-20T08:24:34","modified_gmt":"2025-01-20T08:24:34","slug":"arm-cylinderfor-komatsu-small-excavator-pc45-1-5-7","status":"publish","type":"product","link":"https:\/\/www.hydraulic-cylinders.net\/pl\/produkt\/arm-cylinderfor-komatsu-small-excavator-pc45-1-5-7\/","title":{"rendered":"Si\u0142ownik ramienia do ma\u0142ej koparki Komatsu PC45-1-5-7"},"content":{"rendered":"<h2>Si\u0142ownik ramienia do ma\u0142ej koparki Komatsu PC45-1-5-7<\/h2>\n<h3>Definicja i wyja\u015bnienie<\/h3>\n<p>Si\u0142ownik ramienia to specjalnie zaprojektowany si\u0142ownik hydrauliczny, kt\u00f3ry zapewnia ruch liniowy i zasilanie r\u00f3\u017cnego rodzaju ramion maszyn, takich jak koparki, d\u017awigi i ramiona robot\u00f3w. Si\u0142ownik ramienia odgrywa kluczow\u0105 rol\u0119 w uk\u0142adzie hydraulicznym, umo\u017cliwiaj\u0105c efektywne poruszanie si\u0119 i sterowanie dodatkowymi narz\u0119dziami lub osprz\u0119tem. Si\u0142owniki te nie tylko zapewniaj\u0105 p\u0142ynny ruch, ale tak\u017ce wytrzymuj\u0105 du\u017ce obci\u0105\u017cenia, gwarantuj\u0105c wydajn\u0105 prac\u0119 i niezawodno\u015b\u0107 maszyn w r\u00f3\u017cnych warunkach eksploatacyjnych.<\/p>\n<p><img decoding=\"async\" src=\"https:\/\/www.hydraulic-cylinders.net\/wp-content\/uploads\/2025\/01\/songte-company-2.webp\" alt=\"Obraz cylindra ramienia\"><\/p>\n<h3>Cechy<\/h3>\n<ul>\n<li>Wydajne przenoszenie mocy: Si\u0142ownik ramienia zapewnia mocny ruch liniowy i si\u0142\u0119, gwarantuj\u0105c wydajn\u0105 prac\u0119 ramienia maszyny podczas r\u00f3\u017cnych operacji.<\/li>\n<li>Precyzyjna kontrola: Dzi\u0119ki uk\u0142adowi hydraulicznemu si\u0142ownik ramienia mo\u017ce uzyska\u0107 precyzyjn\u0105 kontrol\u0119 ruchu, co sprawia, \u017ce \u200b\u200bobs\u0142uga dodatkowych narz\u0119dzi jest bardziej elastyczna i dok\u0142adna.<\/li>\n<li>Wysoka trwa\u0142o\u015b\u0107: Cylindry ramienia s\u0105 zazwyczaj wykonane z materia\u0142\u00f3w o wysokiej wytrzyma\u0142o\u015bci i charakteryzuj\u0105 si\u0119 dobr\u0105 odporno\u015bci\u0105 na zu\u017cycie i korozj\u0119, co sprawia, \u017ce \u200b\u200bnadaj\u0105 si\u0119 do d\u0142ugotrwa\u0142ego u\u017cytkowania w trudnych warunkach.<\/li>\n<li>Wielofunkcyjna adaptowalno\u015b\u0107: Cylindry te mo\u017cna szeroko stosowa\u0107 w r\u00f3\u017cnych maszynach, takich jak koparki, d\u017awigi i ramiona robotyczne, aby sprosta\u0107 zr\u00f3\u017cnicowanym wymaganiom roboczym.<\/li>\n<li>\u0141atwa konserwacja: Zaprojektowane z my\u015bl\u0105 o \u0142atwej konserwacji i wymianie, regularne kontrole i konserwacje staj\u0105 si\u0119 wygodniejsze, redukuj\u0105c przestoje sprz\u0119tu.<\/li>\n<\/ul>\n<p>Mo\u017cemy wyprodukowa\u0107 ten produkt i nasz produkt mo\u017ce doskonale zast\u0105pi\u0107 te cylindry hydrauliczne.<\/p>\n<p><img decoding=\"async\" src=\"https:\/\/www.hydraulic-cylinders.net\/wp-content\/uploads\/2025\/01\/songte-oil-pipes-and-spare-parts.webp\" alt=\"Obraz cz\u0119\u015bci zamiennych\"><\/p>\n<h3>Aplikacje<\/h3>\n<p>Si\u0142ownik ramienia jest stosowany w r\u00f3\u017cnych ga\u0142\u0119ziach przemys\u0142u i zastosowaniach, w tym:<\/p>\n<ul>\n<li>Budownictwo: W koparkach i d\u017awigach si\u0142ownik ramienia s\u0142u\u017cy do sterowania ruchem \u0142y\u017cki lub wysi\u0119gnika podczas rob\u00f3t ziemnych, przenoszenia materia\u0142\u00f3w i instalacji konstrukcyjnych.<\/li>\n<li>Produkcja: W zautomatyzowanych liniach produkcyjnych si\u0142ownik ramienia jest wykorzystywany do poruszania ramionami robota podczas monta\u017cu, spawania i obs\u0142ugi materia\u0142\u00f3w, co zwi\u0119ksza wydajno\u015b\u0107 i dok\u0142adno\u015b\u0107 produkcji.<\/li>\n<li>Maszyny rolnicze: W maszynach rolniczych, takich jak kombajny i sadzarki, si\u0142ownik ramienia steruje ruchem ramienia roboczego, wykonuj\u0105cego takie zadania, jak sadzenie, nawo\u017cenie i zbi\u00f3r.<\/li>\n<li>G\u00f3rnictwo: W sprz\u0119cie g\u00f3rniczym si\u0142ownik ramienia s\u0142u\u017cy do sterowania ruchem ramienia sprz\u0119tu g\u00f3rniczego wykorzystywanego do wydobywania i transportu rudy.<\/li>\n<li>Logistyka i transport: W w\u00f3zkach wid\u0142owych i robotach prze\u0142adunkowych si\u0142ownik ramienia s\u0142u\u017cy do sterowania podnoszeniem i ruchem wide\u0142, umo\u017cliwiaj\u0105c obs\u0142ug\u0119 i uk\u0142adanie materia\u0142\u00f3w.<\/li>\n<\/ul>\n<h3>Zagadnienia projektowe i standardy wyboru<\/h3>\n<p>Przy projektowaniu cylindr\u00f3w ramieniowych nale\u017cy wzi\u0105\u0107 pod uwag\u0119 nast\u0119puj\u0105ce kluczowe kwestie:<\/p>\n<ul>\n<li>No\u015bno\u015b\u0107<\/li>\n<li>Wydajno\u015b\u0107 uszczelnienia<\/li>\n<li>Trwa\u0142o\u015b\u0107<\/li>\n<li>Bezpiecze\u0144stwo<\/li>\n<li>Utrzymywalno\u015b\u0107<\/li>\n<\/ul>\n<p>W si\u0142ownikach ramieniowych zazwyczaj stosuje si\u0119 materia\u0142y o wysokiej wytrzyma\u0142o\u015bci oraz r\u00f3\u017cnorodne elementy uszczelniaj\u0105ce, takie jak uszczelnienia t\u0142oka i t\u0142oczyska, wykonane z materia\u0142\u00f3w odpornych na zu\u017cycie, takich jak poliuretan i kauczuk nitrylowy. Korpus si\u0142ownika i gwintowana powierzchnia ko\u0144cowa s\u0105 precyzyjnie obrobione w celu zwi\u0119kszenia odporno\u015bci na zu\u017cycie. Do smarowania wymagane jest regularne dodawanie oleju hydraulicznego, a dla zapewnienia prawid\u0142owego smarowania zaleca si\u0119 stosowanie odpowiedniej ilo\u015bci oleju hydraulicznego.<\/p>\n<p><img decoding=\"async\" src=\"https:\/\/www.hydraulic-cylinders.net\/wp-content\/uploads\/2025\/01\/songte-cylinder-head-with-all-kinds-excavator-models.webp\" alt=\"Obraz g\u0142owicy cylindra\"><\/p>\n<h3>Konserwacja i rozwi\u0105zywanie problem\u00f3w<\/h3>\n<p>Regularne przegl\u0105dy i konserwacja zapobiegawcza s\u0105 niezb\u0119dne dla zapewnienia prawid\u0142owego dzia\u0142ania si\u0142ownika ramienia. Typowe problemy i metody rozwi\u0105zywania problem\u00f3w obejmuj\u0105:<\/p>\n<ul>\n<li>Wyciek oleju: Sprawd\u017a elementy uszczelniaj\u0105ce i w razie potrzeby wymie\u0144.<\/li>\n<li>Powolny ruch: Sprawd\u017a poziom oleju hydraulicznego i filtr oleju pod k\u0105tem dro\u017cno\u015bci.<\/li>\n<li>Ha\u0142as podczas pracy: Sprawd\u017a, czy elementy cylindra nie s\u0105 lu\u017ane lub uszkodzone.<\/li>\n<li>Niewystarczaj\u0105ca moc: Sprawd\u017a poziom oleju hydraulicznego, pomp\u0119 i zaw\u00f3r pod k\u0105tem ewentualnych usterek.<\/li>\n<\/ul>\n<p>Aby zapobiec potencjalnym problemom, zaleca si\u0119 regularne sprawdzanie cylindra ramienia i wymian\u0119 zu\u017cytych lub uszkodzonych cz\u0119\u015bci.<\/p>\n<p><img decoding=\"async\" src=\"https:\/\/www.hydraulic-cylinders.net\/wp-content\/uploads\/2025\/01\/songte-chushion-collar.webp\" alt=\"Obraz ko\u0142nierza poduszkowego\"><\/p>\n<h3>Przewodnik instalacji<\/h3>\n<p>Monta\u017c cylindra ramienia nale\u017cy wykona\u0107 wed\u0142ug poni\u017cszych krok\u00f3w:<\/p>\n<ol>\n<li>Upewnij si\u0119, \u017ce powierzchnia monta\u017cowa jest czysta i wolna od zanieczyszcze\u0144.<\/li>\n<li>Wyr\u00f3wnaj sworznie cylindra ze wspornikami monta\u017cowymi i zabezpiecz je odpowiednimi elementami mocuj\u0105cymi.<\/li>\n<li>Pod\u0142\u0105cz w\u0119\u017ce lub przewody hydrauliczne do port\u00f3w cylindra i mocno je dokr\u0119\u0107.<\/li>\n<li>Nape\u0142nij uk\u0142ad hydrauliczny odpowiednim olejem i sprawd\u017a, czy nie ma wyciek\u00f3w.<\/li>\n<li>Sprawd\u017a, czy cylinder ramienia dzia\u0142a prawid\u0142owo.<\/li>\n<\/ol>\n<p><img decoding=\"async\" src=\"https:\/\/www.hydraulic-cylinders.net\/wp-content\/uploads\/2025\/01\/songte-bushings-with-all-kinds-of-excavator-models.webp\" alt=\"Obraz tulei\"><\/p>\n<h3>Zagadnienia bezpiecze\u0144stwa i czynniki \u015brodowiskowe<\/h3>\n<p>Podczas u\u017cytkowania cylindra ramienia nale\u017cy przestrzega\u0107 \u015brodk\u00f3w ostro\u017cno\u015bci i \u015brodk\u00f3w zapobiegaj\u0105cych wypadkom. Prawid\u0142owe u\u017cytkowanie, konserwacja i regularne przegl\u0105dy mog\u0105 zapewni\u0107 bezpieczn\u0105 prac\u0119. Czynniki \u015brodowiskowe, takie jak kurz, zanieczyszczenia i inne zanieczyszczenia, mog\u0105 wp\u0142ywa\u0107 na wydajno\u015b\u0107 i \u017cywotno\u015b\u0107 cylindra, dlatego wa\u017cne jest, aby utrzymywa\u0107 cylinder i jego otoczenie w czysto\u015bci i bez zanieczyszcze\u0144.<\/p>\n<h3>O nas<\/h3>\n<p>Jeste\u015bmy profesjonalnym producentem zamiennych cylindr\u00f3w hydraulicznych, oferuj\u0105cym szerok\u0105 gam\u0119 produkt\u00f3w. Stali\u015bmy si\u0119 jednym z wiod\u0105cych producent\u00f3w i hurtownik\u00f3w cylindr\u00f3w hydraulicznych na rynku krajowym i mi\u0119dzynarodowym. Zawsze kierujemy si\u0119 zasad\u0105 doskona\u0142ej jako\u015bci, opieraj\u0105c si\u0119 na strategii zarz\u0105dzania produkcj\u0105 przemys\u0142ow\u0105 w nowoczesnym zak\u0142adzie produkcyjnym, aby stale podnosi\u0107 poziom techniczny i wydajno\u015b\u0107 produkcji. Wprowadzaj\u0105c wysokiej klasy cyfrowy sprz\u0119t produkcyjny i profesjonalne systemy testowe, stale optymalizujemy nasz\u0105 platform\u0119 produkcyjn\u0105 i udoskonalamy proces kontroli jako\u015bci produkt\u00f3w, wykorzystuj\u0105c przy tym zaawansowane mo\u017cliwo\u015bci innowacyjne. Naszym celem jest zaspokajanie zr\u00f3\u017cnicowanych potrzeb naszych klient\u00f3w poprzez wydajne, precyzyjne i wysokiej jako\u015bci podej\u015bcie.<\/p>\n<p>Jeste\u015bmy dumni z tego, \u017ce jeste\u015bmy firm\u0105 profesjonaln\u0105, posiadaj\u0105c\u0105 mi\u0119dzynarodowe certyfikaty, oferuj\u0105c\u0105 us\u0142ugi niestandardowe, posiadaj\u0105c\u0105 zaawansowany sprz\u0119t produkcyjny i zapewniaj\u0105c\u0105 doskona\u0142\u0105 obs\u0142ug\u0119 posprzeda\u017cow\u0105.<\/p>\n<p><img decoding=\"async\" src=\"https:\/\/www.hydraulic-cylinders.net\/wp-content\/uploads\/2025\/01\/songte-company-4.webp\" alt=\"Obraz firmy 1\"><br \/>\n<img decoding=\"async\" src=\"https:\/\/www.hydraulic-cylinders.net\/wp-content\/uploads\/2025\/01\/songte-company-3.webp\" alt=\"Obraz firmy 2\"><\/p>\n<p>Autor: lyl.<\/p>","protected":false},"excerpt":{"rendered":"<p>Arm Cylinder For Komatsu Small Excavator PC45-1-5-7 Definition and Explanation The arm cylinder is a specially designed hydraulic cylinder used to provide linear motion and power for various types of machinery arms, such as excavators, cranes, and robotic arms. The arm cylinder plays a crucial role in the hydraulic system, allowing additional tools or attachments [&hellip;]<\/p>","protected":false},"featured_media":14770,"comment_status":"open","ping_status":"closed","template":"","meta":{"_et_pb_use_builder":"","_et_pb_old_content":"","_et_gb_content_width":""},"product_brand":[],"product_cat":[1497],"product_tag":[1498,1496],"class_list":{"0":"post-16049","1":"product","2":"type-product","3":"status-publish","4":"has-post-thumbnail","6":"product_cat-arm-cylinders","7":"product_tag-arm-cylinders","8":"product_tag-hydraulic-cylinders","10":"first","11":"instock","12":"shipping-taxable","13":"product-type-simple"},"amp_enabled":true,"_links":{"self":[{"href":"https:\/\/www.hydraulic-cylinders.net\/pl\/wp-json\/wp\/v2\/product\/16049","targetHints":{"allow":["GET"]}}],"collection":[{"href":"https:\/\/www.hydraulic-cylinders.net\/pl\/wp-json\/wp\/v2\/product"}],"about":[{"href":"https:\/\/www.hydraulic-cylinders.net\/pl\/wp-json\/wp\/v2\/types\/product"}],"replies":[{"embeddable":true,"href":"https:\/\/www.hydraulic-cylinders.net\/pl\/wp-json\/wp\/v2\/comments?post=16049"}],"wp:featuredmedia":[{"embeddable":true,"href":"https:\/\/www.hydraulic-cylinders.net\/pl\/wp-json\/wp\/v2\/media\/14770"}],"wp:attachment":[{"href":"https:\/\/www.hydraulic-cylinders.net\/pl\/wp-json\/wp\/v2\/media?parent=16049"}],"wp:term":[{"taxonomy":"product_brand","embeddable":true,"href":"https:\/\/www.hydraulic-cylinders.net\/pl\/wp-json\/wp\/v2\/product_brand?post=16049"},{"taxonomy":"product_cat","embeddable":true,"href":"https:\/\/www.hydraulic-cylinders.net\/pl\/wp-json\/wp\/v2\/product_cat?post=16049"},{"taxonomy":"product_tag","embeddable":true,"href":"https:\/\/www.hydraulic-cylinders.net\/pl\/wp-json\/wp\/v2\/product_tag?post=16049"}],"curies":[{"name":"wp","href":"https:\/\/api.w.org\/{rel}","templated":true}]}}