{"id":16060,"date":"2025-01-20T08:25:34","date_gmt":"2025-01-20T08:25:34","guid":{"rendered":"https:\/\/www.hydraulic-cylinders.net\/product\/arm-cylinderfor-komatsu-middle-excavator-pc228\/"},"modified":"2025-01-20T08:25:36","modified_gmt":"2025-01-20T08:25:36","slug":"arm-cylinderfor-komatsu-middle-excavator-pc228","status":"publish","type":"product","link":"https:\/\/www.hydraulic-cylinders.net\/pl\/produkt\/arm-cylinderfor-komatsu-middle-excavator-pc228\/","title":{"rendered":"Si\u0142ownik ramienia do koparki \u015brodkowej Komatsu PC228"},"content":{"rendered":"<h2>Si\u0142ownik ramienia do koparki \u015brodkowej Komatsu PC228<\/h2>\n<h3>Wst\u0119p<\/h3>\n<p>Si\u0142ownik ramienia to specjalistyczny si\u0142ownik hydrauliczny zaprojektowany do zapewnienia ruchu liniowego i zasilania ramion r\u00f3\u017cnego typu maszyn, takich jak koparki, d\u017awigi i ramiona robot\u00f3w. Si\u0142ownik ramienia odgrywa kluczow\u0105 rol\u0119 w uk\u0142adach hydraulicznych, umo\u017cliwiaj\u0105c efektywny ruch i sterowanie do\u0142\u0105czonymi narz\u0119dziami lub akcesoriami. Si\u0142owniki te nie tylko zapewniaj\u0105 p\u0142ynny ruch, ale tak\u017ce wytrzymuj\u0105 du\u017ce obci\u0105\u017cenia, zapewniaj\u0105c wydajn\u0105 prac\u0119 i niezawodno\u015b\u0107 maszyn w r\u00f3\u017cnych warunkach pracy.<\/p>\n<p><img decoding=\"async\" src=\"https:\/\/www.hydraulic-cylinders.net\/wp-content\/uploads\/2025\/01\/songte-company-2.webp\"><\/p>\n<h3>Cechy<\/h3>\n<ul>\n<li>Wydajne przenoszenie mocy: Cylinder ramienia zapewnia mocny ruch liniowy i si\u0142\u0119, gwarantuj\u0105c wysok\u0105 wydajno\u015b\u0107 w r\u00f3\u017cnych warunkach pracy.<\/li>\n<li>Precyzyjna kontrola: Dzi\u0119ki uk\u0142adom hydraulicznym si\u0142ownik ramienia mo\u017ce uzyska\u0107 precyzyjn\u0105 kontrol\u0119 ruchu, co sprawia, \u017ce \u200b\u200bobs\u0142uga pod\u0142\u0105czonych narz\u0119dzi jest bardziej elastyczna i dok\u0142adna.<\/li>\n<li>Wysoka trwa\u0142o\u015b\u0107: Cylindry ramienia s\u0105 zwykle wykonane z materia\u0142\u00f3w o wysokiej wytrzyma\u0142o\u015bci, kt\u00f3re charakteryzuj\u0105 si\u0119 dobr\u0105 odporno\u015bci\u0105 na zu\u017cycie i korozj\u0119, dzi\u0119ki czemu nadaj\u0105 si\u0119 do d\u0142ugotrwa\u0142ego u\u017cytkowania w trudnych warunkach.<\/li>\n<li>Wielofunkcyjno\u015b\u0107: Te cylindry mo\u017cna szeroko stosowa\u0107 w r\u00f3\u017cnych urz\u0105dzeniach mechanicznych, takich jak koparki, d\u017awigi i ramiona robotyczne, dostosowuj\u0105c je do r\u00f3\u017cnych wymaga\u0144 roboczych.<\/li>\n<li>\u0141atwa konserwacja: Projekt uwzgl\u0119dnia \u0142atwo\u015b\u0107 konserwacji i wymiany, dzi\u0119ki czemu regularne kontrole i konserwacje s\u0105 wygodniejsze, a przestoje sprz\u0119tu skr\u00f3cone.<\/li>\n<\/ul>\n<p><img decoding=\"async\" src=\"https:\/\/www.hydraulic-cylinders.net\/wp-content\/uploads\/2025\/01\/songte-oil-pipes-and-spare-parts.webp\"><\/p>\n<h3>Aplikacje<\/h3>\n<p>Si\u0142ownik ramienia ma szerokie zastosowanie w r\u00f3\u017cnych ga\u0142\u0119ziach przemys\u0142u, takich jak:<\/p>\n<ul>\n<li>In\u017cynieria budowlana: Si\u0142ownik ramienia steruje ruchem \u0142y\u017cki lub wysi\u0119gnika koparek i d\u017awig\u00f3w, wykonuj\u0105c zadania zwi\u0105zane z przemieszczaniem ziemi, przenoszeniem materia\u0142\u00f3w i monta\u017cem konstrukcji.<\/li>\n<li>Produkcja: Si\u0142ownik ramienia steruje ruchem ramion robota w zautomatyzowanych liniach produkcyjnych, wykonuj\u0105c procesy monta\u017cu, spawania i obs\u0142ugi, zwi\u0119kszaj\u0105c wydajno\u015b\u0107 i dok\u0142adno\u015b\u0107 produkcji.<\/li>\n<li>Maszyny rolnicze: Si\u0142ownik ramienia steruje ruchem ramion roboczych w maszynach rolniczych, takich jak kombajny i siewniki, s\u0142u\u017c\u0105cych do siewu, nawo\u017cenia i zbioru.<\/li>\n<li>G\u00f3rnictwo: Si\u0142ownik ramienia steruje ruchem ramion sprz\u0119tu g\u00f3rniczego, wykonuj\u0105cego zadania zwi\u0105zane z wydobyciem rudy i jej obs\u0142ug\u0105.<\/li>\n<li>Logistyka i transport: Si\u0142ownik ramienia steruje podnoszeniem i ruchem ramion wide\u0142 w w\u00f3zkach wid\u0142owych i robotach prze\u0142adunkowych, realizuj\u0105c przenoszenie materia\u0142\u00f3w i ich uk\u0142adanie.<\/li>\n<\/ul>\n<h3>Zagadnienia projektowe i kryteria wyboru<\/h3>\n<p>The arm cylinder&#8217;s design and selection criteria take into account key factors such as carrying capacity, sealing, durability, safety, and maintainability.<\/p>\n<ul>\n<li>Carrying Capacity: The arm cylinder&#8217;s carrying capacity is crucial in selecting the appropriate cylinder size and strength to handle the intended load.<\/li>\n<li>Uszczelnienie: W cylindrze ramienia zastosowano r\u00f3\u017cne elementy uszczelniaj\u0105ce, takie jak uszczelnienia t\u0142oka i uszczelnienia t\u0142oczyska, kt\u00f3re musz\u0105 by\u0107 wykonane z materia\u0142\u00f3w odpornych na zu\u017cycie, takich jak poliuretan i kauczuk nitrylowy, aby zapewni\u0107 d\u0142ug\u0105 \u017cywotno\u015b\u0107.<\/li>\n<li>Durability: The arm cylinder&#8217;s body and threaded end surface undergo fine processing to improve wear resistance and corrosion resistance.<\/li>\n<li>Bezpiecze\u0144stwo: Prawid\u0142owa instalacja i okresowe kontrole s\u0105 niezb\u0119dne do zapewnienia bezpiecznej pracy cylindra ramienia.<\/li>\n<li>\u0141atwo\u015b\u0107 konserwacji: \u0141atwa konserwacja i wymiana cz\u0119\u015bci ograniczaj\u0105 przestoje sprz\u0119tu i gwarantuj\u0105 ci\u0105g\u0142\u0105 prac\u0119.<\/li>\n<\/ul>\n<p><img decoding=\"async\" src=\"https:\/\/www.hydraulic-cylinders.net\/wp-content\/uploads\/2025\/01\/songte-cylinder-head-with-all-kinds-excavator-models.webp\"><\/p>\n<h3>Uszczelnianie i smarowanie<\/h3>\n<p>Si\u0142ownik ramienia wykorzystuje r\u00f3\u017cne elementy uszczelniaj\u0105ce, takie jak uszczelnienia t\u0142oka i t\u0142oczyska, kt\u00f3re musz\u0105 by\u0107 wykonane z materia\u0142\u00f3w odpornych na zu\u017cycie, takich jak poliuretan i kauczuk nitrylowy, aby zapewni\u0107 d\u0142ug\u0105 \u017cywotno\u015b\u0107. Korpus si\u0142ownika i gwintowana powierzchnia ko\u0144cowa s\u0105 poddawane precyzyjnej obr\u00f3bce w celu zwi\u0119kszenia odporno\u015bci na zu\u017cycie i korozj\u0119. Regularne smarowanie si\u0142ownika ramienia odpowiedni\u0105 ilo\u015bci\u0105 oleju hydraulicznego jest niezb\u0119dne dla zapewnienia p\u0142ynnej pracy.<\/p>\n<h3>Konserwacja i naprawa<\/h3>\n<p>Okresowe przegl\u0105dy i konserwacja zapobiegawcza s\u0105 niezb\u0119dne dla zapewnienia optymalnej pracy si\u0142ownika ramienia. Zaleca si\u0119 nast\u0119puj\u0105ce czynno\u015bci konserwacyjne i naprawcze:<\/p>\n<ul>\n<li>Regularna kontrola korpusu cylindra i gwint\u00f3w ko\u0144cowych pod k\u0105tem zu\u017cycia i uszkodze\u0144<\/li>\n<li>Okresowa wymiana element\u00f3w uszczelniaj\u0105cych, takich jak uszczelki t\u0142okowe i uszczelki t\u0142oczyskowe<\/li>\n<li>Prawid\u0142owy monta\u017c i moment dokr\u0119cania element\u00f3w cylindra<\/li>\n<li>Stosowanie wysokiej jako\u015bci oleju hydraulicznego i regularna wymiana oleju<\/li>\n<li>Regularne czyszczenie korpusu cylindra w celu zapobiegania zanieczyszczeniom<\/li>\n<\/ul>\n<p><img decoding=\"async\" src=\"https:\/\/www.hydraulic-cylinders.net\/wp-content\/uploads\/2025\/01\/songte-chushion-collar.webp\"><\/p>\n<h3>Przewodnik instalacji<\/h3>\n<p>Prawid\u0142owy monta\u017c si\u0142ownika ramienia jest kluczowy dla zapewnienia bezpiecznej i wydajnej pracy. Zaleca si\u0119 wykonanie nast\u0119puj\u0105cych krok\u00f3w:<\/p>\n<ol>\n<li>Przed monta\u017cem nale\u017cy sprawdzi\u0107, czy cylinder nie jest uszkodzony lub zu\u017cyty.<\/li>\n<li>Upewnij si\u0119, \u017ce cylinder jest kompatybilny z maszyn\u0105 i mocowanym narz\u0119dziem.<\/li>\n<li>Oczy\u015b\u0107 powierzchni\u0119 monta\u017cow\u0105 i na\u0142\u00f3\u017c odpowiedni \u015brodek uszczelniaj\u0105cy, np. Loctite.<\/li>\n<li>Install the cylinder body and tighten the mounting bolts to the manufacturer&#8217;s recommended torque.<\/li>\n<li>Zamocuj narz\u0119dzie na ko\u0144cu pr\u0119ta cylindra i zabezpiecz je odpowiednim sworzniem lub \u015brub\u0105.<\/li>\n<li>Przed u\u017cyciem nale\u017cy sprawdzi\u0107, czy cylinder dzia\u0142a prawid\u0142owo.<\/li>\n<\/ol>\n<h3>Bezpiecze\u0144stwo i wzgl\u0119dy \u015brodowiskowe<\/h3>\n<p>Podczas obs\u0142ugi maszyn z si\u0142ownikami ramieniowymi niezb\u0119dne s\u0105 \u015brodki bezpiecze\u0144stwa. Operatorzy musz\u0105 przestrzega\u0107 odpowiednich procedur bezpiecze\u0144stwa, aby zapobiega\u0107 wypadkom i obra\u017ceniom. Ponadto, prawid\u0142owa utylizacja oleju hydraulicznego i zu\u017cytych podzespo\u0142\u00f3w zapewnia ochron\u0119 \u015brodowiska.<\/p>\n<h3>Rozwi\u0105zywanie problem\u00f3w i typowe problemy<\/h3>\n<p>Poni\u017cej przedstawiono kilka typowych problem\u00f3w, kt\u00f3re mog\u0105 wyst\u0105pi\u0107 w przypadku cylindr\u00f3w ramienia:<\/p>\n<ul>\n<li>Wyciek p\u0142ynu z korpusu cylindra lub ko\u0144ca pr\u0119ta<\/li>\n<li>Zmniejszona no\u015bno\u015b\u0107<\/li>\n<li>Szarpane lub niestabilne ruchy<\/li>\n<li>Nietypowy ha\u0142as lub wibracje<\/li>\n<\/ul>\n<p>Je\u015bli wyst\u0105pi kt\u00f3rykolwiek z tych problem\u00f3w, poni\u017csze kroki mog\u0105 pom\u00f3c w zdiagnozowaniu i rozwi\u0105zaniu problemu:<\/p>\n<ul>\n<li>Sprawd\u017a korpus cylindra i elementy uszczelniaj\u0105ce pod k\u0105tem zu\u017cycia i uszkodze\u0144.<\/li>\n<li>Sprawd\u017a poziom i jako\u015b\u0107 oleju hydraulicznego.<\/li>\n<li>Sprawd\u017a, czy \u015bruby mocuj\u0105ce i po\u0142\u0105czenia s\u0105 dokr\u0119cone w\u0142a\u015bciwym momentem.<\/li>\n<li>Je\u015bli problem nadal wyst\u0119puje, skonsultuj si\u0119 z profesjonalnym technikiem lub skontaktuj si\u0119 z producentem, aby uzyska\u0107 pomoc.<\/li>\n<\/ul>\n<p><img decoding=\"async\" src=\"https:\/\/www.hydraulic-cylinders.net\/wp-content\/uploads\/2025\/01\/songte-bushings-with-all-kinds-of-excavator-models.webp\"><\/p>\n<h3>O nas<\/h3>\n<p>We are a professional manufacturer of replacement hydraulic cylinders with a wide range of products. We have become one of the leading hydraulic cylinder manufacturers and wholesale distributors in domestic and international markets. We always adhere to the principle of excellent quality, relying on the industrial production management strategy of a refined manufacturing workshop to continuously improve our technical level and production efficiency. Through the introduction of advanced digital manufacturing equipment and professional testing systems, we optimize our manufacturing platform and improve our product quality control process, with strong innovation capabilities. Our goal is to meet customers&#8217; diversified needs with high efficiency, precision, and high-quality principles.<\/p>\n<h3>Przegl\u0105d firmy<\/h3>\n<ul>\n<li>Profesjonalizm: Mamy zesp\u00f3\u0142 do\u015bwiadczonych specjalist\u00f3w, kt\u00f3rzy s\u0105 ekspertami w zakresie produkcji cylindr\u00f3w hydraulicznych i s\u0105 zobowi\u0105zani do dostarczania naszym klientom wysokiej jako\u015bci produkt\u00f3w i us\u0142ug.<\/li>\n<li>Certyfikaty mi\u0119dzynarodowe: Nasze produkty uzyska\u0142y szereg certyfikat\u00f3w mi\u0119dzynarodowych, takich jak CE i ISO9001, co gwarantuje ich jako\u015b\u0107 i niezawodno\u015b\u0107.<\/li>\n<li>Us\u0142ugi dostosowywania: Oferujemy rozwi\u0105zania w zakresie cylindr\u00f3w dostosowane do konkretnych potrzeb klient\u00f3w.<\/li>\n<li>Sprz\u0119t produkcyjny: Posiadamy zaawansowany cyfrowy sprz\u0119t produkcyjny, taki jak centra obr\u00f3bcze CNC i automatyczne maszyny spawalnicze, co gwarantuje wysok\u0105 jako\u015b\u0107 i wydajno\u015b\u0107.<\/li>\n<li>Serwis posprzeda\u017cowy: Zapewniamy kompleksowy serwis posprzeda\u017cowy, obejmuj\u0105cy wsparcie techniczne, konserwacj\u0119 i naprawy, aby zagwarantowa\u0107 satysfakcj\u0119 klienta.<\/li>\n<\/ul>\n<p><img decoding=\"async\" src=\"https:\/\/www.hydraulic-cylinders.net\/wp-content\/uploads\/2025\/01\/songte-company-4.webp\"><\/p>\n<p><img decoding=\"async\" src=\"https:\/\/www.hydraulic-cylinders.net\/wp-content\/uploads\/2025\/01\/songte-company-3.webp\"><\/p>\n<p>Autor: lyl<\/p>","protected":false},"excerpt":{"rendered":"<p>Arm Cylinder for Komatsu Middle Excavator PC228 Introduction The arm cylinder is a specialized hydraulic cylinder designed to provide linear motion and power to the arms of various types of machinery, such as excavators, cranes, and robotic arms. The arm cylinder plays a critical role in hydraulic systems, enabling the effective movement and control of [&hellip;]<\/p>","protected":false},"featured_media":14766,"comment_status":"open","ping_status":"closed","template":"","meta":{"_et_pb_use_builder":"","_et_pb_old_content":"","_et_gb_content_width":""},"product_brand":[],"product_cat":[1497],"product_tag":[1498,1496],"class_list":{"0":"post-16060","1":"product","2":"type-product","3":"status-publish","4":"has-post-thumbnail","6":"product_cat-arm-cylinders","7":"product_tag-arm-cylinders","8":"product_tag-hydraulic-cylinders","10":"first","11":"instock","12":"shipping-taxable","13":"product-type-simple"},"amp_enabled":true,"_links":{"self":[{"href":"https:\/\/www.hydraulic-cylinders.net\/pl\/wp-json\/wp\/v2\/product\/16060","targetHints":{"allow":["GET"]}}],"collection":[{"href":"https:\/\/www.hydraulic-cylinders.net\/pl\/wp-json\/wp\/v2\/product"}],"about":[{"href":"https:\/\/www.hydraulic-cylinders.net\/pl\/wp-json\/wp\/v2\/types\/product"}],"replies":[{"embeddable":true,"href":"https:\/\/www.hydraulic-cylinders.net\/pl\/wp-json\/wp\/v2\/comments?post=16060"}],"wp:featuredmedia":[{"embeddable":true,"href":"https:\/\/www.hydraulic-cylinders.net\/pl\/wp-json\/wp\/v2\/media\/14766"}],"wp:attachment":[{"href":"https:\/\/www.hydraulic-cylinders.net\/pl\/wp-json\/wp\/v2\/media?parent=16060"}],"wp:term":[{"taxonomy":"product_brand","embeddable":true,"href":"https:\/\/www.hydraulic-cylinders.net\/pl\/wp-json\/wp\/v2\/product_brand?post=16060"},{"taxonomy":"product_cat","embeddable":true,"href":"https:\/\/www.hydraulic-cylinders.net\/pl\/wp-json\/wp\/v2\/product_cat?post=16060"},{"taxonomy":"product_tag","embeddable":true,"href":"https:\/\/www.hydraulic-cylinders.net\/pl\/wp-json\/wp\/v2\/product_tag?post=16060"}],"curies":[{"name":"wp","href":"https:\/\/api.w.org\/{rel}","templated":true}]}}