{"id":1610,"date":"2023-10-08T02:03:41","date_gmt":"2023-10-08T02:03:41","guid":{"rendered":"https:\/\/hydraulic-cylinders.net\/?post_type=product&#038;p=1610"},"modified":"2025-04-11T03:36:15","modified_gmt":"2025-04-11T03:36:15","slug":"mining-dump-truck-steering-cylinder","status":"publish","type":"product","link":"https:\/\/www.hydraulic-cylinders.net\/pl\/produkt\/mining-dump-truck-steering-cylinder\/","title":{"rendered":"Si\u0142ownik uk\u0142adu kierowniczego wywrotki g\u00f3rniczej"},"content":{"rendered":"<h1 style=\"text-align: center;\"><strong>Si\u0142ownik uk\u0142adu kierowniczego wywrotki g\u00f3rniczej<\/strong><\/h1>\n<p><img loading=\"lazy\" decoding=\"async\" class=\"aligncenter wp-image-1611\" src=\"https:\/\/hydraulic-cylinders.net\/wp-content\/uploads\/2023\/10\/steering-cylinder-1-2-300x300.webp\" alt=\"\" width=\"400\" height=\"400\" \/><\/p>\n<p>Si\u0142ownik uk\u0142adu kierowniczego wywrotki g\u00f3rniczej to kluczowy element zaprojektowany specjalnie do wywrotek g\u00f3rniczych. Ten si\u0142ownik hydrauliczny odgrywa kluczow\u0105 rol\u0119 w sterowaniu pojazdem, zapewniaj\u0105c precyzyjn\u0105 kontrol\u0119 i zwrotno\u015b\u0107 w trudnych warunkach panuj\u0105cych na terenach kopalnianych.<\/p>\n<p>Si\u0142ownik uk\u0142adu kierowniczego wywrotki g\u00f3rniczej to niezb\u0119dny element, kt\u00f3ry znacz\u0105co przyczynia si\u0119 do kontroli, zwrotno\u015bci i bezpiecze\u0144stwa wywrotki. Dzi\u0119ki solidnej konstrukcji, ulepszonej kontroli uk\u0142adu kierowniczego i optymalnej zwrotno\u015bci, ten si\u0142ownik hydrauliczny umo\u017cliwia operatorom \u0142atwe i precyzyjne poruszanie si\u0119 po terenie kopalni. Przestrzegaj\u0105c prawid\u0142owych metod u\u017cytkowania i zalecanych praktyk konserwacyjnych, operatorzy mog\u0105 zapewni\u0107 d\u0142ugotrwa\u0142\u0105 \u017cywotno\u015b\u0107 i niezawodne dzia\u0142anie si\u0142ownika uk\u0142adu kierowniczego wywrotki g\u00f3rniczej. Wybierz ten wysokowydajny si\u0142ownik, aby poprawi\u0107 mo\u017cliwo\u015bci sterowania wywrotk\u0105 g\u00f3rnicz\u0105 i zoptymalizowa\u0107 operacje g\u00f3rnicze.<\/p>\n<p>G\u0142\u00f3wne cechy cylindra uk\u0142adu kierowniczego wywrotki g\u00f3rniczej:<\/p>\n<ol>\n<li>Solidna konstrukcja:<\/li>\n<\/ol>\n<ul>\n<li>Si\u0142ownik uk\u0142adu kierowniczego wywrotki g\u00f3rniczej charakteryzuje si\u0119 solidn\u0105 konstrukcj\u0105, wykorzystaniem wysokiej jako\u015bci materia\u0142\u00f3w i precyzyjn\u0105 obr\u00f3bk\u0105 mechaniczn\u0105.<\/li>\n<li>Urz\u0105dzenie zosta\u0142o zaprojektowane tak, aby wytrzyma\u0107 rygorystyczne wymagania \u015brodowisk g\u00f3rniczych, zapewniaj\u0105c trwa\u0142o\u015b\u0107 i d\u0142ugowieczno\u015b\u0107.<\/li>\n<\/ul>\n<ol start=\"2\">\n<li>Ulepszona kontrola uk\u0142adu kierowniczego:<\/li>\n<\/ol>\n<ul>\n<li>Ten si\u0142ownik hydrauliczny zapewnia wyj\u0105tkow\u0105 kontrol\u0119 uk\u0142adu kierowniczego, umo\u017cliwiaj\u0105c operatorom precyzyjne i \u0142atwe manewrowanie wywrotkami g\u00f3rniczymi.<\/li>\n<li>Zapewnia niezb\u0119dn\u0105 si\u0142\u0119 i responsywno\u015b\u0107, aby porusza\u0107 si\u0119 po zr\u00f3\u017cnicowanym terenie i pod du\u017cym obci\u0105\u017ceniem, gwarantuj\u0105c p\u0142ynne i precyzyjne sterowanie.<\/li>\n<\/ul>\n<ol start=\"3\">\n<li>Optymalna manewrowo\u015b\u0107:<\/li>\n<\/ol>\n<ul>\n<li>Si\u0142ownik uk\u0142adu kierowniczego wywrotki g\u00f3rniczej umo\u017cliwia zwinne i efektywne manewrowanie, optymalizuj\u0105c zdolno\u015b\u0107 pojazdu do pokonywania ciasnych zakr\u0119t\u00f3w i ograniczonej przestrzeni.<\/li>\n<li>Umo\u017cliwia operatorom zachowanie kontroli i maksymalizacj\u0119 wydajno\u015bci w trudnych warunkach g\u00f3rniczych.<\/li>\n<\/ul>\n<h2><strong>Parametry cylindra uk\u0142adu kierowniczego wywrotki g\u00f3rniczej:<\/strong><\/h2>\n<table border=\"1\" cellspacing=\"0\" cellpadding=\"0\">\n<tbody>\n<tr>\n<td>Nazwa produktu<\/td>\n<td>Si\u0142ownik uk\u0142adu kierowniczego wywrotki g\u00f3rniczej<\/td>\n<\/tr>\n<tr>\n<td>Cechy:<\/td>\n<td>Sterowanie ko\u0142em zapewnia pomoc<\/td>\n<\/tr>\n<tr>\n<td>\u015arednica otworu:<\/td>\n<td>63 mm\uff5e210 mm<\/td>\n<\/tr>\n<tr>\n<td>\u015arednica pr\u0119ta:<\/td>\n<td>40 mm\uff5e100 mm<br \/>\nSkok \u22642000 mm<\/td>\n<\/tr>\n<tr>\n<td>Si\u0142a ci\u0105gu:<\/td>\n<td>Maksymalnie 779 kN<br \/>\n(\u015arednica otworu 210 mm\/ci\u015bnienie 22,5 MPa)<\/td>\n<\/tr>\n<tr>\n<td>Zastosowania cylindr\u00f3w uk\u0142adu kierowniczego:<\/td>\n<td>Wywrotka g\u00f3rnicza<\/td>\n<\/tr>\n<\/tbody>\n<\/table>\n<h2><strong>Schemat identyfikacji cylindra wywrotki g\u00f3rniczej:<\/strong><\/h2>\n<p><img loading=\"lazy\" decoding=\"async\" class=\"alignnone wp-image-1594 size-full\" src=\"https:\/\/hydraulic-cylinders.net\/wp-content\/uploads\/2023\/10\/mining-dump-truck-cylinder.webp\" alt=\"\" width=\"1418\" height=\"946\" srcset=\"https:\/\/hydraulic-cylinders.net\/wp-content\/uploads\/2023\/10\/mining-dump-truck-cylinder.webp 1418w, https:\/\/hydraulic-cylinders.net\/wp-content\/uploads\/2023\/10\/mining-dump-truck-cylinder-1280x854.webp 1280w, https:\/\/hydraulic-cylinders.net\/wp-content\/uploads\/2023\/10\/mining-dump-truck-cylinder-980x654.webp 980w, https:\/\/hydraulic-cylinders.net\/wp-content\/uploads\/2023\/10\/mining-dump-truck-cylinder-480x320.webp 480w\" sizes=\"(min-width: 0px) and (max-width: 480px) 480px, (min-width: 481px) and (max-width: 980px) 980px, (min-width: 981px) and (max-width: 1280px) 1280px, (min-width: 1281px) 1418px, 100vw\" \/><\/p>\n<h2><strong>Metoda u\u017cytkowania cylindra steruj\u0105cego wywrotki g\u00f3rniczej<\/strong><strong>:<\/strong><\/h2>\n<ol>\n<li><strong>Integracja z systemem sterowania:<\/strong><\/li>\n<\/ol>\n<ul>\n<li>Si\u0142ownik uk\u0142adu kierowniczego wywrotki g\u00f3rniczej jest zintegrowany z uk\u0142adem kierowniczym wywrotki.<\/li>\n<li>Jest on po\u0142\u0105czony z uk\u0142adem kierowniczym, przenosz\u0105c ruchy kierownic\u0105 na boczne ruchy k\u00f3\u0142.<\/li>\n<\/ul>\n<ol start=\"2\">\n<li><strong>\u0179r\u00f3d\u0142o zasilania hydraulicznego:<\/strong><\/li>\n<\/ol>\n<ul>\n<li>Aby dzia\u0142a\u0107 efektywnie, cylinder wykorzystuje ci\u015bnienie hydrauliczne.<\/li>\n<li>Jest on pod\u0142\u0105czony do \u017ar\u00f3d\u0142a zasilania hydraulicznego, takiego jak pompa hydrauliczna, kt\u00f3ra generuje ci\u015bnienie niezb\u0119dne do uruchomienia cylindra.<\/li>\n<\/ul>\n<ol start=\"3\">\n<li><strong>Sterowanie z kierownicy:<\/strong><\/li>\n<\/ol>\n<ul>\n<li>Operatorzy steruj\u0105 wozid\u0142em g\u00f3rniczym za pomoc\u0105 kierownicy znajduj\u0105cej si\u0119 w kabinie.<\/li>\n<li>Ruch ko\u0142a kierownicy przekazywany jest do cylindra uk\u0142adu kierowniczego wywrotki g\u00f3rniczej, co umo\u017cliwia precyzyjny ruch k\u00f3\u0142.<\/li>\n<\/ul>\n<h2><strong>Jak przep\u0142uka\u0107 uk\u0142ad hydrauliczny?<\/strong><\/h2>\n<p>P\u0142ukanie uk\u0142adu hydraulicznego to wa\u017cna procedura konserwacyjna, kt\u00f3ra pomaga usun\u0105\u0107 zanieczyszczenia, zu\u017cyty p\u0142yn i zanieczyszczenia z uk\u0142adu, zapewniaj\u0105c optymaln\u0105 wydajno\u015b\u0107 i trwa\u0142o\u015b\u0107. Oto przewodnik krok po kroku, jak przep\u0142uka\u0107 uk\u0142ad hydrauliczny:<\/p>\n<ol>\n<li><strong>Przygotowanie:<\/strong><\/li>\n<\/ol>\n<ul>\n<li>Zapoznaj si\u0119 z zaleceniami i wytycznymi producenta dotycz\u0105cymi p\u0142ukania uk\u0142adu hydraulicznego. Upewnij si\u0119, \u017ce masz odpowiednie narz\u0119dzia, sprz\u0119t bezpiecze\u0144stwa i zapasowy p\u0142yn hydrauliczny.<\/li>\n<li>Zaparkuj urz\u0105dzenie w dobrze wentylowanym pomieszczeniu i podejmij wszelkie \u015brodki bezpiecze\u0144stwa, np. wy\u0142\u0105cz silnik i upu\u015b\u0107 ci\u015bnienie w uk\u0142adzie.<\/li>\n<\/ul>\n<ol start=\"2\">\n<li><strong>Opr\u00f3\u017cnij uk\u0142ad:<\/strong><\/li>\n<\/ol>\n<ul>\n<li>Znajd\u017a korki spustowe i zawory na zbiorniku hydraulicznym lub poszczeg\u00f3lnych elementach uk\u0142adu, takich jak cylindry lub zawory steruj\u0105ce.<\/li>\n<li>Umie\u015bci\u0107 odpowiedni pojemnik pod punktem spustowym w celu zebrania starego p\u0142ynu hydraulicznego.<\/li>\n<\/ul>\n<ol start=\"3\">\n<li><strong>Otwarte punkty spustowe:<\/strong><\/li>\n<\/ol>\n<ul>\n<li>Ostro\u017cnie otw\u00f3rz korki spustowe lub zawory za pomoc\u0105 odpowiednich narz\u0119dzi, umo\u017cliwiaj\u0105c ca\u0142kowite wyp\u0142yni\u0119cie starego p\u0142ynu hydraulicznego.<\/li>\n<li>Upewnij si\u0119, \u017ce wszystkie punkty spustowe s\u0105 otwarte, aby zapewni\u0107 dok\u0142adne przep\u0142ukanie uk\u0142adu.<\/li>\n<\/ul>\n<ol start=\"4\">\n<li><strong>Przep\u0142ucz p\u0142ynem:<\/strong><\/li>\n<\/ol>\n<ul>\n<li>Zamknij zawory spustowe i nape\u0142nij zbiornik hydrauliczny odpowiednim p\u0142ynem p\u0142ucz\u0105cym zalecanym przez producenta.<\/li>\n<li>Uruchom silnik urz\u0105dzenia i w\u0142\u0105cz uk\u0142ad hydrauliczny, aby umo\u017cliwi\u0107 obieg p\u0142ynu p\u0142ucz\u0105cego.<\/li>\n<li>Wykonaj funkcje hydrauliczne, takie jak podnoszenie i opuszczanie osprz\u0119tu lub uruchamianie cylindr\u00f3w, aby upewni\u0107 si\u0119, \u017ce p\u0142yn p\u0142ucz\u0105cy dotrze do wszystkich podzespo\u0142\u00f3w.<\/li>\n<\/ul>\n<ol start=\"5\">\n<li><strong>Dzia\u0142anie systemu:<\/strong><\/li>\n<\/ol>\n<ul>\n<li>Uruchom uk\u0142ad hydrauliczny na odpowiednio d\u0142ugi czas, stosuj\u0105c si\u0119 do wskaz\u00f3wek i zalece\u0144 producenta dotycz\u0105cych czasu p\u0142ukania.<\/li>\n<li>Wielokrotnie uruchamiaj wszystkie funkcje hydrauliczne, aby mie\u0107 pewno\u015b\u0107, \u017ce p\u0142yn p\u0142ucz\u0105cy dotrze do wszystkich obszar\u00f3w uk\u0142adu.<\/li>\n<li>Podczas p\u0142ukania nale\u017cy monitorowa\u0107 p\u0142yn, aby sprawdzi\u0107, czy nie ma w nim zanieczyszcze\u0144 lub zanieczyszcze\u0144.<\/li>\n<\/ul>\n<ol start=\"6\">\n<li><strong>Odced\u017a i powt\u00f3rz:<\/strong><\/li>\n<\/ol>\n<ul>\n<li>Po zako\u0144czeniu p\u0142ukania nale\u017cy ponownie otworzy\u0107 punkty spustowe, aby umo\u017cliwi\u0107 odp\u0142yw p\u0142ynu p\u0142ucz\u0105cego.<\/li>\n<li>Zu\u017cyty p\u0142yn do p\u0142ukania nale\u017cy zebra\u0107 i zutylizowa\u0107 zgodnie z lokalnymi przepisami.<\/li>\n<li>W razie konieczno\u015bci lub gdy stara ciecz i zanieczyszczenia nie zostan\u0105 odpowiednio usuni\u0119te, nale\u017cy powt\u00f3rzy\u0107 proces p\u0142ukania.<\/li>\n<\/ul>\n<ol start=\"7\">\n<li><strong>Nape\u0142nij nowym p\u0142ynem:<\/strong><\/li>\n<\/ol>\n<ul>\n<li>Zamknij wszystkie punkty spustowe i nape\u0142nij uk\u0142ad hydrauliczny \u015bwie\u017cym, zalecanym p\u0142ynem hydraulicznym.<\/li>\n<li>Upewnij si\u0119, \u017ce poziom p\u0142ynu jest odpowiedni i zgodny ze specyfikacjami producenta.<\/li>\n<\/ul>\n<ol start=\"8\">\n<li><strong>Testowanie systemu:<\/strong><\/li>\n<\/ol>\n<ul>\n<li>Uruchom silnik urz\u0105dzenia i w\u0142\u0105cz uk\u0142ad hydrauliczny.<\/li>\n<li>Przeprowad\u017a test funkcji hydraulicznych, aby upewni\u0107 si\u0119, \u017ce dzia\u0142aj\u0105 prawid\u0142owo, i sprawd\u017a, czy nie ma \u017cadnych \u015blad\u00f3w wyciek\u00f3w p\u0142yn\u00f3w lub nieprawid\u0142owo\u015bci.<\/li>\n<li>Monitoruj system w trakcie jego dzia\u0142ania i rozwi\u0105zuj wszelkie problemy, kt\u00f3re mog\u0105 si\u0119 pojawi\u0107.<\/li>\n<\/ul>\n<h2><strong>Mo\u017cliwo\u015bci i pojemno\u015b\u0107 fabryki:<\/strong><\/h2>\n<h3>(1) Monta\u017c<\/h3>\n<p>Dysponujemy najwy\u017cszej klasy niezale\u017cn\u0105 platform\u0105 badawczo-rozwojow\u0105. Warsztat produkcji si\u0142ownik\u00f3w hydraulicznych posiada cztery p\u00f3\u0142automatyczne linie monta\u017cowe si\u0142ownik\u00f3w podnosz\u0105cych i jedn\u0105 automatyczn\u0105 lini\u0119 monta\u017cow\u0105 si\u0142ownik\u00f3w przechy\u0142u, o projektowanej rocznej zdolno\u015bci produkcyjnej 1 miliona sztuk. Specjalny warsztat cylindr\u00f3w jest wyposa\u017cony w r\u00f3\u017cne specyfikacje p\u00f3\u0142automatycznego systemu monta\u017cu czyszcz\u0105cego o projektowanej rocznej zdolno\u015bci produkcyjnej 200 000 i wyposa\u017cony w s\u0142ynny sprz\u0119t do obr\u00f3bki CNC, centrum obr\u00f3bcze, specjalny sprz\u0119t do precyzyjnej obr\u00f3bki cylindr\u00f3w, robot spawalniczy, automatyczna maszyna czyszcz\u0105ca, automatyczna maszyna do monta\u017cu cylindr\u00f3w i automatyczna linia produkcyjna do malowania. Istniej\u0105cy krytyczny sprz\u0119t sk\u0142ada si\u0119 z ponad 300 zestaw\u00f3w. Optymalna alokacja i efektywne wykorzystanie zasob\u00f3w sprz\u0119towych zapewniaj\u0105 wymagania dotycz\u0105ce dok\u0142adno\u015bci produkt\u00f3w i spe\u0142niaj\u0105 potrzeby wysokiej jako\u015bci produkt\u00f3w.<\/p>\n<p><img loading=\"lazy\" decoding=\"async\" class=\"alignnone wp-image-626\" src=\"https:\/\/hydraulic-cylinders.net\/wp-content\/uploads\/2023\/08\/hydraulic-cylinder-product-1-300x158.webp\" alt=\"\" width=\"495\" height=\"260\" srcset=\"https:\/\/hydraulic-cylinders.net\/wp-content\/uploads\/2023\/08\/hydraulic-cylinder-product-1-300x158.webp 495w, https:\/\/hydraulic-cylinders.net\/wp-content\/uploads\/2023\/08\/hydraulic-cylinder-product-1-480x252.webp 480w\" sizes=\"(min-width: 0px) and (max-width: 480px) 480px, (min-width: 481px) 495px, 100vw\" \/> <img loading=\"lazy\" decoding=\"async\" class=\"alignnone wp-image-627\" src=\"https:\/\/hydraulic-cylinders.net\/wp-content\/uploads\/2023\/08\/hydraulic-cylinder-product-2-300x189.webp\" alt=\"\" width=\"413\" height=\"260\" \/><\/p>\n<h3>(2) Obr\u00f3bka<\/h3>\n<p>Warsztat obr\u00f3bki skrawaniem jest wyposa\u017cony w niestandardowe centrum tokarskie z pochylon\u0105 szyn\u0105, centrum obr\u00f3bcze, szybkobie\u017cn\u0105 honownic\u0119, robota spawalniczego i inny powi\u0105zany sprz\u0119t, kt\u00f3ry mo\u017ce obs\u0142ugiwa\u0107 przetwarzanie rur cylindrycznych o maksymalnej \u015brednicy wewn\u0119trznej 400 mm i maksymalnej d\u0142ugo\u015bci 6 metr\u00f3w.<\/p>\n<p><img loading=\"lazy\" decoding=\"async\" class=\"alignnone wp-image-628 size-large\" src=\"https:\/\/hydraulic-cylinders.net\/wp-content\/uploads\/2023\/08\/hydraulic-cylinder-product-3-1024x391.webp\" alt=\"\" width=\"1024\" height=\"391\" srcset=\"https:\/\/hydraulic-cylinders.net\/wp-content\/uploads\/2023\/08\/hydraulic-cylinder-product-3-980x374.webp 980w, https:\/\/hydraulic-cylinders.net\/wp-content\/uploads\/2023\/08\/hydraulic-cylinder-product-3-480x183.webp 480w\" sizes=\"(min-width: 0px) and (max-width: 480px) 480px, (min-width: 481px) and (max-width: 980px) 980px, (min-width: 981px) 1024px, 100vw\" \/><\/p>\n<h3>(3) Spawanie<\/h3>\n<p><img loading=\"lazy\" decoding=\"async\" class=\"alignnone wp-image-629 size-large\" src=\"https:\/\/hydraulic-cylinders.net\/wp-content\/uploads\/2023\/08\/hydraulic-cylinder-product-4-1024x510.webp\" alt=\"\" width=\"1024\" height=\"510\" srcset=\"https:\/\/hydraulic-cylinders.net\/wp-content\/uploads\/2023\/08\/hydraulic-cylinder-product-4-980x488.webp 980w, https:\/\/hydraulic-cylinders.net\/wp-content\/uploads\/2023\/08\/hydraulic-cylinder-product-4-480x239.webp 480w\" sizes=\"(min-width: 0px) and (max-width: 480px) 480px, (min-width: 481px) and (max-width: 980px) 980px, (min-width: 981px) 1024px, 100vw\" \/><\/p>\n<h3>(4) Malowanie i powlekanie<\/h3>\n<p>Z ma\u0142ymi i \u015brednimi automatycznymi liniami do powlekania farbami na bazie wody, w celu osi\u0105gni\u0119cia automatycznego za\u0142adunku i roz\u0142adunku robota oraz automatycznego natryskiwania, wydajno\u015b\u0107 projektowa 4000 sztuk na zmian\u0119;<br \/>\nPosiadamy r\u00f3wnie\u017c p\u00f3\u0142automatyczn\u0105 lini\u0119 do produkcji farb do du\u017cych cylindr\u00f3w nap\u0119dzan\u0105 \u0142a\u0144cuchem nap\u0119dowym, o wydajno\u015bci 60 skrzy\u0144 na zmian\u0119.<\/p>\n<p><img loading=\"lazy\" decoding=\"async\" class=\"alignnone wp-image-630\" src=\"https:\/\/hydraulic-cylinders.net\/wp-content\/uploads\/2023\/08\/hydraulic-cylinder-product-5-300x213.webp\" alt=\"\" width=\"366\" height=\"260\" \/> <img loading=\"lazy\" decoding=\"async\" class=\"alignnone wp-image-631\" src=\"https:\/\/hydraulic-cylinders.net\/wp-content\/uploads\/2023\/08\/hydraulic-cylinder-product-6-300x225.webp\" alt=\"\" width=\"347\" height=\"260\" \/><\/p>\n<h3>(5) Testowanie<\/h3>\n<p>Dysponujemy najwy\u017cszej klasy urz\u0105dzeniami kontrolnymi i stanowiskami testowymi, aby zapewni\u0107, \u017ce wydajno\u015b\u0107 cylindra spe\u0142nia wymagania.<\/p>\n<p><img loading=\"lazy\" decoding=\"async\" class=\"alignnone wp-image-632\" src=\"https:\/\/hydraulic-cylinders.net\/wp-content\/uploads\/2023\/08\/hydraulic-cylinder-product-8-300x200.webp\" alt=\"\" width=\"389\" height=\"260\" \/><\/p>\n<p>&nbsp;<\/p>\n<p>&nbsp;<\/p>\n<p>Jeste\u015bmy jednym z najlepszych producent\u00f3w cylindr\u00f3w hydraulicznych. Oferujemy kompleksow\u0105 ofert\u0119 cylindr\u00f3w hydraulicznych. Dostarczamy r\u00f3wnie\u017c\u2026 <a href=\"https:\/\/hzpt.com\/agricultural-pto-gearbox\/\" target=\"_blank\" rel=\"noopener\">przek\u0142adnie rolnicze<\/a>. Eksportowali\u015bmy nasze produkty do klient\u00f3w na ca\u0142ym \u015bwiecie i zdobyli\u015bmy dobr\u0105 reputacj\u0119 dzi\u0119ki najwy\u017cszej jako\u015bci produkt\u00f3w i us\u0142ug posprzeda\u017cnych. Zapraszamy klient\u00f3w w kraju i za granic\u0105 do kontaktu z nami w celu negocjacji biznesowych, wymiany informacji i <a href=\"https:\/\/www.hydraulic-cylinders.net\/pl\/contact-us\/\">wsp\u00f3\u0142pracowa\u0107 z nami<\/a>!<\/p>","protected":false},"excerpt":{"rendered":"<p>Mining Dump Truck Steering Cylinder The mining dump truck steering cylinder is a crucial component designed specifically for mining dump trucks. This hydraulic cylinder plays a vital role in steering the vehicle, providing precise control and maneuverability in the challenging conditions of mining sites. The mining dump truck steering cylinder is an essential component that [&hellip;]<\/p>","protected":false},"featured_media":1612,"comment_status":"open","ping_status":"closed","template":"","meta":{"_et_pb_use_builder":"","_et_pb_old_content":"","_et_gb_content_width":""},"product_brand":[],"product_cat":[1550,1517,1532,1376],"product_tag":[1380],"class_list":{"0":"post-1610","1":"product","2":"type-product","3":"status-publish","4":"has-post-thumbnail","6":"product_cat-double-acting-hydraulic-cylinder","7":"product_cat-dump-truck-hydraulic-cylinders","8":"product_cat-mining-dump-truck-hydraulic-cylinders","9":"product_cat-hydraulic-cylinder","10":"product_tag-hydraulic-cylinder","12":"first","13":"instock","14":"shipping-taxable","15":"product-type-simple"},"amp_enabled":true,"_links":{"self":[{"href":"https:\/\/www.hydraulic-cylinders.net\/pl\/wp-json\/wp\/v2\/product\/1610","targetHints":{"allow":["GET"]}}],"collection":[{"href":"https:\/\/www.hydraulic-cylinders.net\/pl\/wp-json\/wp\/v2\/product"}],"about":[{"href":"https:\/\/www.hydraulic-cylinders.net\/pl\/wp-json\/wp\/v2\/types\/product"}],"replies":[{"embeddable":true,"href":"https:\/\/www.hydraulic-cylinders.net\/pl\/wp-json\/wp\/v2\/comments?post=1610"}],"wp:featuredmedia":[{"embeddable":true,"href":"https:\/\/www.hydraulic-cylinders.net\/pl\/wp-json\/wp\/v2\/media\/1612"}],"wp:attachment":[{"href":"https:\/\/www.hydraulic-cylinders.net\/pl\/wp-json\/wp\/v2\/media?parent=1610"}],"wp:term":[{"taxonomy":"product_brand","embeddable":true,"href":"https:\/\/www.hydraulic-cylinders.net\/pl\/wp-json\/wp\/v2\/product_brand?post=1610"},{"taxonomy":"product_cat","embeddable":true,"href":"https:\/\/www.hydraulic-cylinders.net\/pl\/wp-json\/wp\/v2\/product_cat?post=1610"},{"taxonomy":"product_tag","embeddable":true,"href":"https:\/\/www.hydraulic-cylinders.net\/pl\/wp-json\/wp\/v2\/product_tag?post=1610"}],"curies":[{"name":"wp","href":"https:\/\/api.w.org\/{rel}","templated":true}]}}