{"id":16102,"date":"2025-01-20T08:28:53","date_gmt":"2025-01-20T08:28:53","guid":{"rendered":"https:\/\/www.hydraulic-cylinders.net\/product\/arm-cylinderfor-sumitomo-middle-excavator-sh220lc-5\/"},"modified":"2025-01-20T08:28:56","modified_gmt":"2025-01-20T08:28:56","slug":"arm-cylinderfor-sumitomo-middle-excavator-sh220lc-5","status":"publish","type":"product","link":"https:\/\/www.hydraulic-cylinders.net\/pl\/produkt\/arm-cylinderfor-sumitomo-middle-excavator-sh220lc-5\/","title":{"rendered":"Si\u0142ownik ramienia do koparki \u015bredniej Sumitomo SH220LC-5"},"content":{"rendered":"<h1>Si\u0142ownik ramienia do koparki \u015bredniej Sumitomo SH220LC-5<\/h1>\n<h2>Wst\u0119p<\/h2>\n<p>Si\u0142ownik ramienia to specjalnie zaprojektowany si\u0142ownik hydrauliczny, kt\u00f3ry s\u0142u\u017cy g\u0142\u00f3wnie do zapewnienia ruchu liniowego i zasilania ramienia r\u00f3\u017cnego rodzaju maszyn, takich jak koparki, d\u017awigi i ramiona robotyczne. Si\u0142ownik ramienia odgrywa kluczow\u0105 rol\u0119 w uk\u0142adach hydraulicznych, umo\u017cliwiaj\u0105c wydajny ruch i sterowanie dodatkowymi narz\u0119dziami lub osprz\u0119tem. Si\u0142owniki te nie tylko zapewniaj\u0105 p\u0142ynny ruch, ale tak\u017ce wytrzymuj\u0105 du\u017ce obci\u0105\u017cenia, gwarantuj\u0105c wydajn\u0105 prac\u0119 i niezawodno\u015b\u0107 maszyn w r\u00f3\u017cnych warunkach pracy.<\/p>\n<p><img decoding=\"async\" src=\"https:\/\/www.hydraulic-cylinders.net\/wp-content\/uploads\/2025\/01\/songte-company-2.webp\"><\/p>\n<h2>Cechy<\/h2>\n<ul>\n<li>Wysokowydajne przenoszenie mocy: Cylinder ramienia zapewnia mocny ruch liniowy i si\u0142\u0119, gwarantuj\u0105c wysok\u0105 wydajno\u015b\u0107 ramienia maszyny w r\u00f3\u017cnych operacjach.<\/li>\n<li>Precyzyjna kontrola: Dzi\u0119ki uk\u0142adowi hydraulicznemu si\u0142ownik ramienia umo\u017cliwia precyzyjn\u0105 kontrol\u0119 ruchu, co sprawia, \u017ce \u200b\u200bobs\u0142uga dodatkowych narz\u0119dzi jest bardziej elastyczna i dok\u0142adna.<\/li>\n<li>Wysoka trwa\u0142o\u015b\u0107: Cylindry ramienia s\u0105 zazwyczaj produkowane z materia\u0142\u00f3w o wysokiej wytrzyma\u0142o\u015bci, zapewniaj\u0105cych doskona\u0142\u0105 odporno\u015b\u0107 na zu\u017cycie i korozj\u0119, odpowiednich do d\u0142ugotrwa\u0142ego u\u017cytkowania w trudnych warunkach.<\/li>\n<li>Wielofunkcyjna adaptowalno\u015b\u0107: Cylindry te mo\u017cna szeroko stosowa\u0107 w r\u00f3\u017cnych urz\u0105dzeniach mechanicznych, takich jak koparki, d\u017awigi i ramiona robotyczne, kt\u00f3re spe\u0142niaj\u0105 r\u00f3\u017cne wymagania robocze.<\/li>\n<li>\u0141atwa konserwacja: Zaprojektowany z my\u015bl\u0105 o \u0142atwej konserwacji i wymianie si\u0142ownik ramienia umo\u017cliwia wygodne regularne kontrole i konserwacj\u0119, redukuj\u0105c przestoje sprz\u0119tu.<\/li>\n<\/ul>\n<p><img decoding=\"async\" src=\"https:\/\/www.hydraulic-cylinders.net\/wp-content\/uploads\/2025\/01\/songte-oil-pipes-and-spare-parts.webp\"><\/p>\n<h2>Aplikacje<\/h2>\n<ul>\n<li>In\u017cynieria budowlana: W koparkach i d\u017awigach si\u0142ownik ramienia s\u0142u\u017cy do sterowania ruchem \u0142y\u017cki lub wysi\u0119gnika podczas rob\u00f3t ziemnych, przenoszenia materia\u0142\u00f3w i instalacji konstrukcyjnych.<\/li>\n<li>Przemys\u0142 wytw\u00f3rczy: W zautomatyzowanych liniach produkcyjnych si\u0142ownik ramienia jest wykorzystywany do poruszania ramionami robota w procesach monta\u017cu, spawania i obs\u0142ugi, co zwi\u0119ksza wydajno\u015b\u0107 i precyzj\u0119 produkcji.<\/li>\n<li>Maszyny rolnicze: W sprz\u0119cie rolniczym, takim jak kombajny i siewniki, si\u0142ownik ramienia steruje ruchem ramienia roboczego podczas wykonywania takich zada\u0144, jak siew, nawo\u017cenie i zbi\u00f3r.<\/li>\n<li>G\u00f3rnictwo: W sprz\u0119cie g\u00f3rniczym cylinder ramienia jest stosowany do kontrolowania ruchu ramienia podczas wydobywania i transportu minera\u0142\u00f3w.<\/li>\n<li>Logistyka i transport: W w\u00f3zkach wid\u0142owych i robotach prze\u0142adunkowych si\u0142ownik ramienia s\u0142u\u017cy do sterowania podnoszeniem i ruchem wide\u0142, umo\u017cliwiaj\u0105c przenoszenie i uk\u0142adanie materia\u0142\u00f3w.<\/li>\n<\/ul>\n<h2>Zagadnienia projektowe i kryteria wyboru<\/h2>\n<p>Przy rozwa\u017caniu kwestii projektowych i kryteri\u00f3w wyboru nale\u017cy wzi\u0105\u0107 pod uwag\u0119 kilka czynnik\u00f3w:<\/p>\n<ul>\n<li>No\u015bno\u015b\u0107: Cylinder ramienia powinien by\u0107 w stanie wytrzyma\u0107 spodziewane obci\u0105\u017cenia podczas pracy.<\/li>\n<li>Uszczelnienie: Aby zagwarantowa\u0107 skuteczne uszczelnienie i zapobiec przeciekom, nale\u017cy stosowa\u0107 r\u00f3\u017cne elementy uszczelniaj\u0105ce, takie jak uszczelki t\u0142okowe i uszczelki t\u0142oczyskowe.<\/li>\n<li>Trwa\u0142o\u015b\u0107: Korpus cylindra i gwintowane ko\u0144ce powinny zosta\u0107 poddane starannej obr\u00f3bce w celu zwi\u0119kszenia odporno\u015bci na zu\u017cycie.<\/li>\n<li>Bezpiecze\u0144stwo: Nale\u017cy wdro\u017cy\u0107 \u015brodki bezpiecze\u0144stwa, aby zapobiec wypadkom i zapewni\u0107 ochron\u0119 personelu i sprz\u0119tu.<\/li>\n<li>\u0141atwo\u015b\u0107 konserwacji: Konstrukcja powinna umo\u017cliwia\u0107 \u0142atw\u0105 konserwacj\u0119 i napraw\u0119, minimalizuj\u0105c przestoje.<\/li>\n<\/ul>\n<p><img decoding=\"async\" src=\"https:\/\/www.hydraulic-cylinders.net\/wp-content\/uploads\/2025\/01\/songte-cylinder-head-with-all-kinds-excavator-models.webp\"><\/p>\n<h2>Uszczelnianie i smarowanie<\/h2>\n<p>Si\u0142ownik ramienia wykorzystuje r\u00f3\u017cnorodne elementy uszczelniaj\u0105ce, takie jak uszczelnienia t\u0142oka i t\u0142oczyska, wykonane z materia\u0142\u00f3w odpornych na zu\u017cycie, takich jak poliuretan i kauczuk nitrylowy. Korpus cylindra i gwintowane ko\u0144c\u00f3wki s\u0105 poddawane precyzyjnej obr\u00f3bce w celu zwi\u0119kszenia odporno\u015bci na zu\u017cycie. Aby zapewni\u0107 p\u0142ynn\u0105 prac\u0119, wymagane jest regularne smarowanie odpowiedni\u0105 ilo\u015bci\u0105 oleju hydraulicznego.<\/p>\n<h2>Regularne kontrole i konserwacja zapobiegawcza<\/h2>\n<p>Aby zapewni\u0107 optymaln\u0105 wydajno\u015b\u0107 i niezawodno\u015b\u0107, niezb\u0119dne s\u0105 regularne przegl\u0105dy i konserwacja zapobiegawcza. Nale\u017cy podj\u0105\u0107 nast\u0119puj\u0105ce dzia\u0142ania:<\/p>\n<ul>\n<li>Sprawd\u017a cylinder pod k\u0105tem oznak zu\u017cycia, uszkodzenia lub nieszczelno\u015bci.<\/li>\n<li>Sprawd\u017a i wymie\u0144 zu\u017cyte lub uszkodzone uszczelki i inne elementy.<\/li>\n<li>Wyczy\u015b\u0107 cylinder i sprawd\u017a jego prawid\u0142owe smarowanie.<\/li>\n<li>Dokr\u0119\u0107 wszelkie lu\u017ane po\u0142\u0105czenia i z\u0142\u0105czki.<\/li>\n<li>Nale\u017cy przestrzega\u0107 wytycznych producenta i harmonogramu konserwacji.<\/li>\n<\/ul>\n<h2>Przewodnik instalacji<\/h2>\n<p>Prawid\u0142owy monta\u017c si\u0142ownika ramienia jest kluczowy dla jego efektywnego dzia\u0142ania. Post\u0119puj zgodnie z poni\u017cszymi wskaz\u00f3wkami:<\/p>\n<ul>\n<li>Upewnij si\u0119, \u017ce cylinder jest prawid\u0142owo wyr\u00f3wnany i solidnie zamontowany w maszynie.<\/li>\n<li>Sprawd\u017a, czy wszystkie po\u0142\u0105czenia hydrauliczne s\u0105 prawid\u0142owo pod\u0142\u0105czone i dokr\u0119cone.<\/li>\n<li>Sprawd\u017a, czy nie wyst\u0119puj\u0105 \u017cadne przeszkody, kt\u00f3re mog\u0142yby mie\u0107 wp\u0142yw na ruch cylindra.<\/li>\n<li>Post\u0119puj zgodnie z instrukcjami producenta dotycz\u0105cymi u\u0142o\u017cenia i pod\u0142\u0105czenia w\u0119\u017ca hydraulicznego.<\/li>\n<li>Przed uruchomieniem cylindra nale\u017cy sprawdzi\u0107 jego dzia\u0142anie.<\/li>\n<\/ul>\n<p><img decoding=\"async\" src=\"https:\/\/www.hydraulic-cylinders.net\/wp-content\/uploads\/2025\/01\/songte-bushings-with-all-kinds-of-excavator-models.webp\"><\/p>\n<h2>Zagadnienia bezpiecze\u0144stwa i czynniki \u015brodowiskowe<\/h2>\n<p>Podczas u\u017cytkowania si\u0142ownika ramienia niezwykle wa\u017cne s\u0105 \u015brodki bezpiecze\u0144stwa. Przestrzeganie wszystkich wytycznych i przepis\u00f3w bezpiecze\u0144stwa jest niezwykle istotne, aby zapobiega\u0107 wypadkom i zapewni\u0107 bezpiecze\u0144stwo personelu i sprz\u0119tu. Aby zapewni\u0107 optymaln\u0105 wydajno\u015b\u0107 i trwa\u0142o\u015b\u0107 si\u0142ownika, nale\u017cy r\u00f3wnie\u017c uwzgl\u0119dni\u0107 czynniki \u015brodowiskowe, takie jak temperatura i wilgotno\u015b\u0107.<\/p>\n<h2>Rozwi\u0105zywanie problem\u00f3w i typowe problemy<\/h2>\n<p>Oto kilka typowych wskaz\u00f3wek i rozwi\u0105za\u0144 dotycz\u0105cych rozwi\u0105zywania problem\u00f3w:<\/p>\n<ul>\n<li>Je\u015bli cylinder nie wysuwa si\u0119 lub nie chowa prawid\u0142owo, sprawd\u017a, czy nie wyst\u0119puj\u0105 jakie\u015b przeszkody lub problemy z uk\u0142adem hydraulicznym.<\/li>\n<li>W przypadku wycieku nale\u017cy sprawdzi\u0107 uszczelki i po\u0142\u0105czenia pod k\u0105tem uszkodze\u0144 lub zu\u017cycia i w razie konieczno\u015bci wymieni\u0107 je.<\/li>\n<li>Je\u017celi cylinder pracuje nieregularnie, sprawd\u017a, czy p\u0142yn hydrauliczny nie jest zanieczyszczony i w razie potrzeby wyczy\u015b\u0107 go lub wymie\u0144.<\/li>\n<li>Je\u017celi podczas pracy s\u0142ycha\u0107 nadmierny ha\u0142as, nale\u017cy sprawdzi\u0107 cylinder pod k\u0105tem lu\u017anych lub zu\u017cytych cz\u0119\u015bci i przeprowadzi\u0107 niezb\u0119dne czynno\u015bci konserwacyjne.<\/li>\n<\/ul>\n<p><img decoding=\"async\" src=\"https:\/\/www.hydraulic-cylinders.net\/wp-content\/uploads\/2025\/01\/songte-chushion-collar.webp\"><\/p>\n<p>Pami\u0119taj, aby artyku\u0142 by\u0142 logicznie uporz\u0105dkowany, u\u017cywaj podtytu\u0142\u00f3w u\u0142atwiaj\u0105cych nawigacj\u0119, dodawaj odpowiednie obrazy i wykresy, aby u\u0142atwi\u0107 zrozumienie, a tak\u017ce zadbaj o to, aby tre\u015b\u0107 by\u0142a przejrzysta, zwi\u0119z\u0142a i odpowiednia dla czytelnik\u00f3w o r\u00f3\u017cnym poziomie wiedzy technicznej. <\/p>\n<h3>O nas<\/h3>\n<p>Jeste\u015bmy profesjonalnym producentem zamiennych cylindr\u00f3w hydraulicznych, oferuj\u0105cym szerok\u0105 gam\u0119 produkt\u00f3w. Stali\u015bmy si\u0119 jednym z wiod\u0105cych producent\u00f3w i hurtowych dystrybutor\u00f3w cylindr\u00f3w hydraulicznych na rynku krajowym i mi\u0119dzynarodowym. Nasze zaanga\u017cowanie w d\u0105\u017cenie do doskona\u0142o\u015bci jako\u015bci jest realizowane poprzez strategi\u0119 zarz\u0105dzania produkcj\u0105 przemys\u0142ow\u0105, opart\u0105 na zaawansowanym warsztacie produkcyjnym. Stale podnosimy nasz\u0105 wiedz\u0119 techniczn\u0105 i wydajno\u015b\u0107 produkcji, wprowadzaj\u0105c zaawansowany sprz\u0119t do produkcji cyfrowej oraz profesjonalne systemy testowe. Dzi\u0119ki silnemu potencja\u0142owi innowacyjnemu, naszym celem jest zaspokajanie zr\u00f3\u017cnicowanych potrzeb klient\u00f3w w oparciu o zasady wydajno\u015bci, precyzji i wysokiej jako\u015bci.<\/p>\n<p><img decoding=\"async\" src=\"https:\/\/www.hydraulic-cylinders.net\/wp-content\/uploads\/2025\/01\/songte-company-4.webp\"><br \/>\n<img decoding=\"async\" src=\"https:\/\/www.hydraulic-cylinders.net\/wp-content\/uploads\/2025\/01\/songte-company-3.webp\"><\/p>\n<p>Oferujemy kompleksowe wprowadzenie do naszej firmy, od profesjonalizmu, mi\u0119dzynarodowych certyfikat\u00f3w i dostosowanych us\u0142ug po zaawansowany sprz\u0119t produkcyjny i kompleksow\u0105 obs\u0142ug\u0119 posprzeda\u017cow\u0105.<\/p>\n<p><em>Autor: lyl<\/em><\/p>","protected":false},"excerpt":{"rendered":"<p>Arm Cylinder For Sumitomo Middle Excavator SH220LC-5 Introduction An arm cylinder is a specially designed hydraulic cylinder that is primarily used to provide linear motion and power to the arm of various types of machinery, such as excavators, cranes, and robotic arms. The arm cylinder plays a crucial role in hydraulic systems, enabling the efficient [&hellip;]<\/p>","protected":false},"featured_media":14759,"comment_status":"open","ping_status":"closed","template":"","meta":{"_et_pb_use_builder":"","_et_pb_old_content":"","_et_gb_content_width":""},"product_brand":[],"product_cat":[1497],"product_tag":[1498,1496],"class_list":{"0":"post-16102","1":"product","2":"type-product","3":"status-publish","4":"has-post-thumbnail","6":"product_cat-arm-cylinders","7":"product_tag-arm-cylinders","8":"product_tag-hydraulic-cylinders","10":"first","11":"instock","12":"shipping-taxable","13":"product-type-simple"},"amp_enabled":true,"_links":{"self":[{"href":"https:\/\/www.hydraulic-cylinders.net\/pl\/wp-json\/wp\/v2\/product\/16102","targetHints":{"allow":["GET"]}}],"collection":[{"href":"https:\/\/www.hydraulic-cylinders.net\/pl\/wp-json\/wp\/v2\/product"}],"about":[{"href":"https:\/\/www.hydraulic-cylinders.net\/pl\/wp-json\/wp\/v2\/types\/product"}],"replies":[{"embeddable":true,"href":"https:\/\/www.hydraulic-cylinders.net\/pl\/wp-json\/wp\/v2\/comments?post=16102"}],"wp:featuredmedia":[{"embeddable":true,"href":"https:\/\/www.hydraulic-cylinders.net\/pl\/wp-json\/wp\/v2\/media\/14759"}],"wp:attachment":[{"href":"https:\/\/www.hydraulic-cylinders.net\/pl\/wp-json\/wp\/v2\/media?parent=16102"}],"wp:term":[{"taxonomy":"product_brand","embeddable":true,"href":"https:\/\/www.hydraulic-cylinders.net\/pl\/wp-json\/wp\/v2\/product_brand?post=16102"},{"taxonomy":"product_cat","embeddable":true,"href":"https:\/\/www.hydraulic-cylinders.net\/pl\/wp-json\/wp\/v2\/product_cat?post=16102"},{"taxonomy":"product_tag","embeddable":true,"href":"https:\/\/www.hydraulic-cylinders.net\/pl\/wp-json\/wp\/v2\/product_tag?post=16102"}],"curies":[{"name":"wp","href":"https:\/\/api.w.org\/{rel}","templated":true}]}}