{"id":16113,"date":"2025-01-20T08:30:20","date_gmt":"2025-01-20T08:30:20","guid":{"rendered":"https:\/\/www.hydraulic-cylinders.net\/product\/arm-cylinderfor-sumitomo-large-excavator-sh450a2\/"},"modified":"2025-01-20T08:30:24","modified_gmt":"2025-01-20T08:30:24","slug":"arm-cylinderfor-sumitomo-large-excavator-sh450a2","status":"publish","type":"product","link":"https:\/\/www.hydraulic-cylinders.net\/pl\/produkt\/arm-cylinderfor-sumitomo-large-excavator-sh450a2\/","title":{"rendered":"Si\u0142ownik ramienia do du\u017cej koparki Sumitomo SH450A2"},"content":{"rendered":"<h1>Si\u0142ownik ramienia do du\u017cej koparki Sumitomo SH450A2<\/h1>\n<h2>Wst\u0119p<\/h2>\n<p>Si\u0142ownik ramienia to specjalnie zaprojektowany si\u0142ownik hydrauliczny, kt\u00f3ry zapewnia ruch liniowy i zasilanie ramienia r\u00f3\u017cnych maszyn, takich jak koparki, d\u017awigi i ramiona mechaniczne. Odgrywa kluczow\u0105 rol\u0119 w uk\u0142adach hydraulicznych, umo\u017cliwiaj\u0105c sprawny ruch i sterowanie dodatkowymi narz\u0119dziami lub osprz\u0119tem. Si\u0142owniki te nie tylko zapewniaj\u0105 p\u0142ynny ruch, ale tak\u017ce wytrzymuj\u0105 du\u017ce obci\u0105\u017cenia, gwarantuj\u0105c wysok\u0105 wydajno\u015b\u0107 i niezawodno\u015b\u0107 maszyn w r\u00f3\u017cnych warunkach pracy.<\/p>\n<h3>Definicja i wyja\u015bnienie<\/h3>\n<p>Si\u0142ownik ramienia, znany r\u00f3wnie\u017c jako si\u0142ownik ramienia koparki lub si\u0142ownik ramienia hydraulicznego, to element hydrauliczny, kt\u00f3ry przekszta\u0142ca energi\u0119 hydrauliczn\u0105 w si\u0142\u0119 mechaniczn\u0105, poruszaj\u0105c ramieniem ci\u0119\u017ckich maszyn. Sk\u0142ada si\u0119 z cylindra, t\u0142oka, t\u0142oczyska, uszczelnie\u0144 i innych element\u00f3w. Doprowadzenie p\u0142ynu hydraulicznego do cylindra powoduje popychanie t\u0142oka, co powoduje wysuwanie lub wsuwanie t\u0142oczyska, a tym samym poruszanie ramieniem. Precyzyjna kontrola i trwa\u0142o\u015b\u0107 si\u0142ownik\u00f3w ramienia sprawiaj\u0105, \u017ce s\u0105 one niezb\u0119dne do wydajnej pracy maszyn w budownictwie, przemy\u015ble, rolnictwie, g\u00f3rnictwie, logistyce i transporcie.<\/p>\n<p><img decoding=\"async\" src=\"https:\/\/www.hydraulic-cylinders.net\/wp-content\/uploads\/2025\/01\/songte-company-2.webp\" alt=\"Obraz cylindra ramienia\"><\/p>\n<h2>Cechy<\/h2>\n<ul>\n<li><strong>Wysoka wydajno\u015b\u0107 transmisji:<\/strong> Si\u0142ownik ramienia zapewnia mocny ruch liniowy i si\u0142\u0119, gwarantuj\u0105c wysok\u0105 wydajno\u015b\u0107 ramienia mechanicznego podczas r\u00f3\u017cnych operacji.<\/li>\n<li><strong>Precyzyjna kontrola:<\/strong> Dzi\u0119ki uk\u0142adowi hydraulicznemu si\u0142ownik ramienia umo\u017cliwia precyzyjn\u0105 kontrol\u0119 ruchu, co sprawia, \u017ce \u200b\u200bpraca z pod\u0142\u0105czonymi narz\u0119dziami jest bardziej elastyczna i dok\u0142adna.<\/li>\n<li><strong>Wytrzyma\u0142y:<\/strong> Cylindry ramienia s\u0105 zazwyczaj wykonane z materia\u0142\u00f3w o wysokiej wytrzyma\u0142o\u015bci i charakteryzuj\u0105 si\u0119 doskona\u0142\u0105 odporno\u015bci\u0105 na zu\u017cycie i korozj\u0119, dzi\u0119ki czemu nadaj\u0105 si\u0119 do d\u0142ugotrwa\u0142ego u\u017cytkowania w trudnych warunkach.<\/li>\n<li><strong>Wielofunkcyjna adaptowalno\u015b\u0107:<\/strong> Si\u0142owniki te mo\u017cna szeroko stosowa\u0107 w r\u00f3\u017cnych typach maszyn, takich jak koparki, d\u017awigi i ramiona mechaniczne, dostosowuj\u0105c si\u0119 do r\u00f3\u017cnych wymaga\u0144 roboczych.<\/li>\n<li><strong>\u0141atwa konserwacja:<\/strong> Zaprojektowane z my\u015bl\u0105 o \u0142atwej konserwacji i wymianie, si\u0142owniki ramienia u\u0142atwiaj\u0105 regularne kontrole i konserwacj\u0119, zmniejszaj\u0105c przestoje sprz\u0119tu.<\/li>\n<\/ul>\n<p><img decoding=\"async\" src=\"https:\/\/www.hydraulic-cylinders.net\/wp-content\/uploads\/2025\/01\/songte-oil-pipes-and-spare-parts.webp\" alt=\"Obraz cz\u0119\u015bci zamiennych cylindra ramienia\"><\/p>\n<h2>Aplikacje<\/h2>\n<p>Cylindry ramieniowe s\u0105 powszechnie stosowane w nast\u0119puj\u0105cych ga\u0142\u0119ziach przemys\u0142u:<\/p>\n<h3>1. In\u017cynieria budowlana<\/h3>\n<p>W koparkach i d\u017awigach si\u0142owniki ramion steruj\u0105 ruchem \u0142y\u017cek lub wysi\u0119gnik\u00f3w, co umo\u017cliwia prace ziemne, przenoszenie materia\u0142\u00f3w i monta\u017c konstrukcji.<\/p>\n<h3>2. Produkcja<\/h3>\n<p>W zautomatyzowanych liniach produkcyjnych si\u0142owniki ramion umo\u017cliwiaj\u0105 ruch ramion mechanicznych podczas monta\u017cu, spawania i obs\u0142ugi materia\u0142\u00f3w, co zwi\u0119ksza wydajno\u015b\u0107 i precyzj\u0119 produkcji.<\/p>\n<h3>3. Maszyny rolnicze<\/h3>\n<p>W maszynach rolniczych, takich jak kombajny i siewniki, si\u0142owniki ramion steruj\u0105 ruchem ramion roboczych, wykonuj\u0105cych zadania takie jak siew, nawo\u017cenie i zbi\u00f3r.<\/p>\n<h3>4. G\u00f3rnictwo<\/h3>\n<p>W sprz\u0119cie g\u00f3rniczym cylindry ramieniowe s\u0142u\u017c\u0105 do sterowania ruchem ramion maszyn g\u00f3rniczych s\u0142u\u017c\u0105cych do wydobywania i transportu rudy.<\/p>\n<h3>5. Logistyka i transport<\/h3>\n<p>W w\u00f3zkach wid\u0142owych i robotach prze\u0142adunkowych si\u0142owniki ramion s\u0142u\u017c\u0105 do sterowania podnoszeniem i ruchem wide\u0142, u\u0142atwiaj\u0105c przenoszenie materia\u0142\u00f3w i ich uk\u0142adanie.<\/p>\n<p><img decoding=\"async\" src=\"https:\/\/www.hydraulic-cylinders.net\/wp-content\/uploads\/2025\/01\/songte-chushion-collar.webp\" alt=\"Obraz zastosowania cylindra ramienia\"><\/p>\n<h2>Zagadnienia projektowe i kryteria wyboru<\/h2>\n<p>Przy projektowaniu i doborze cylindr\u00f3w ramieniowych bierze si\u0119 pod uwag\u0119 kilka kluczowych czynnik\u00f3w:<\/p>\n<h3>1. No\u015bno\u015b\u0107:<\/h3>\n<p>Cylindry ramieniowe musz\u0105 wytrzymywa\u0107 okre\u015blone wymagania obci\u0105\u017ceniowe maszyn, w kt\u00f3rych s\u0105 montowane.<\/p>\n<h3>2. Uszczelnianie:<\/h3>\n<p>Aby zapewni\u0107 prawid\u0142owe funkcjonowanie i trwa\u0142o\u015b\u0107 cylindra, stosuje si\u0119 r\u00f3\u017cne elementy uszczelniaj\u0105ce, takie jak uszczelki t\u0142okowe i t\u0142oczyskowe. Uszczelnienia te wykonane s\u0105 z materia\u0142\u00f3w odpornych na zu\u017cycie, takich jak poliuretan i kauczuk nitrylowy.<\/p>\n<h3>3. Trwa\u0142o\u015b\u0107:<\/h3>\n<p>Korpus cylindra i gwintowane powierzchnie ko\u0144cowe poddawane s\u0105 precyzyjnej obr\u00f3bce w celu zwi\u0119kszenia odporno\u015bci na zu\u017cycie, co gwarantuje trwa\u0142o\u015b\u0107 cylindra w trudnych warunkach pracy.<\/p>\n<h3>4. Bezpiecze\u0144stwo:<\/h3>\n<p>Do kwestii projektowych zalicza si\u0119 takie elementy bezpiecze\u0144stwa, jak zawory bezpiecze\u0144stwa i mechanizmy zatrzymania awaryjnego, kt\u00f3re zapobiegaj\u0105 wypadkom i zapewniaj\u0105 bezpiecze\u0144stwo operatora.<\/p>\n<h3>5. Utrzymywalno\u015b\u0107:<\/h3>\n<p>Cylindry ramienia zaprojektowano tak, aby by\u0142y \u0142atwe w konserwacji i wymianie, co zmniejsza przestoje podczas regularnych kontroli i serwisowania.<\/p>\n<p><img decoding=\"async\" src=\"https:\/\/www.hydraulic-cylinders.net\/wp-content\/uploads\/2025\/01\/songte-cylinder-head-with-all-kinds-excavator-models.webp\" alt=\"Obraz projektu cylindra ramienia\"><\/p>\n<h2>Uszczelnianie i smarowanie<\/h2>\n<p>W cylindrach ramieniowych zastosowano r\u00f3\u017cne elementy uszczelniaj\u0105ce, aby zapewni\u0107 skuteczne uszczelnienie. Wymagaj\u0105 one r\u00f3wnie\u017c okresowego smarowania odpowiedni\u0105 ilo\u015bci\u0105 oleju hydraulicznego w celu zmniejszenia tarcia i zagwarantowania p\u0142ynnej pracy.<\/p>\n<h2>Regularne kontrole i konserwacja zapobiegawcza<\/h2>\n<p>Aby zachowa\u0107 optymaln\u0105 wydajno\u015b\u0107 i przed\u0142u\u017cy\u0107 \u017cywotno\u015b\u0107 cylindr\u00f3w ramienia, nale\u017cy podj\u0105\u0107 nast\u0119puj\u0105ce \u015brodki:<\/p>\n<h3>1. Regularna kontrola:<\/h3>\n<p>Sprawd\u017a cylinder ramienia pod k\u0105tem oznak zu\u017cycia, wyciek\u00f3w lub uszkodze\u0144. Zwr\u00f3\u0107 uwag\u0119 na uszczelki, po\u0142\u0105czenia i og\u00f3lny stan cylindra.<\/p>\n<h3>2. Konserwacja zapobiegawcza:<\/h3>\n<p>Wykonuj rutynowe czynno\u015bci konserwacyjne, takie jak czyszczenie, smarowanie i wymiana uszczelek, zgodnie z zaleceniami producenta.<\/p>\n<h3>3. Szybkie rozwi\u0105zywanie problem\u00f3w:<\/h3>\n<p>Rozwi\u0105zuj wszelkie problemy i usterki bezzw\u0142ocznie, diagnozuj\u0105c problem i wdra\u017caj\u0105c odpowiednie rozwi\u0105zania. Zapoznaj si\u0119 z instrukcj\u0105 rozwi\u0105zywania problem\u00f3w dostarczon\u0105 przez producenta.<\/p>\n<p><img decoding=\"async\" src=\"https:\/\/www.hydraulic-cylinders.net\/wp-content\/uploads\/2025\/01\/songte-bushings-with-all-kinds-of-excavator-models.webp\" alt=\"Obraz konserwacji cylindra ramienia\"><\/p>\n<h2>Zagadnienia bezpiecze\u0144stwa produktu i czynniki \u015brodowiskowe<\/h2>\n<p>Podczas u\u017cytkowania si\u0142ownik\u00f3w ramieniowych kluczowe jest przestrzeganie \u015brodk\u00f3w bezpiecze\u0144stwa, aby zapobiec wypadkom i zapewni\u0107 bezpiecze\u0144stwo operatora. Niezb\u0119dne jest odpowiednie przeszkolenie, przestrzeganie wytycznych bezpiecze\u0144stwa oraz stosowanie \u015brodk\u00f3w ochrony indywidualnej. Ponadto, aby zapewni\u0107 trwa\u0142o\u015b\u0107 i wydajno\u015b\u0107 si\u0142ownik\u00f3w ramieniowych, nale\u017cy uwzgl\u0119dni\u0107 czynniki \u015brodowiskowe, takie jak temperatura, wilgotno\u015b\u0107 i nara\u017cenie na substancje \u017cr\u0105ce.<\/p>\n<h2>Rozwi\u0105zywanie problem\u00f3w i typowe problemy<\/h2>\n<p>Do typowych problem\u00f3w z si\u0142ownikami ramienia nale\u017c\u0105 nieszczelno\u015bci, niedostateczna moc, powolna praca i nietypowe d\u017awi\u0119ki. Aby skutecznie zdiagnozowa\u0107 i rozwi\u0105za\u0107 te problemy, nale\u017cy zapozna\u0107 si\u0119 z instrukcj\u0105 rozwi\u0105zywania problem\u00f3w dostarczon\u0105 przez producenta. Nale\u017cy wdro\u017cy\u0107 \u015brodki zapobiegawcze, aby zminimalizowa\u0107 potencjalne problemy i utrzyma\u0107 optymaln\u0105 wydajno\u015b\u0107.<\/p>\n<p><img decoding=\"async\" src=\"https:\/\/www.hydraulic-cylinders.net\/wp-content\/uploads\/2025\/01\/songte-chushion-collar.webp\" alt=\"Rozwi\u0105zywanie problem\u00f3w z cylindrem ramienia Obraz\"><\/p>\n<h2>O nas<\/h2>\n<p>Jeste\u015bmy profesjonalnym producentem zamiennych cylindr\u00f3w hydraulicznych, oferuj\u0105cym szerok\u0105 gam\u0119 produkt\u00f3w. Stali\u015bmy si\u0119 jednym z wiod\u0105cych producent\u00f3w i hurtowych dystrybutor\u00f3w cylindr\u00f3w hydraulicznych na rynku krajowym i mi\u0119dzynarodowym. Kierujemy si\u0119 zasad\u0105 doskona\u0142o\u015bci jako\u015bci i stale doskonalimy nasze mo\u017cliwo\u015bci technologiczne oraz wydajno\u015b\u0107 produkcji poprzez przemys\u0142owe strategie zarz\u0105dzania produkcj\u0105. Wprowadzaj\u0105c zaawansowany, cyfrowy sprz\u0119t produkcyjny i profesjonalne systemy testowe, optymalizujemy nasz\u0105 platform\u0119 produkcyjn\u0105 i usprawniamy procesy kontroli jako\u015bci produkt\u00f3w. Nasz silny potencja\u0142 innowacyjny jest ukierunkowany na zaspokajanie zr\u00f3\u017cnicowanych potrzeb naszych klient\u00f3w, zapewniaj\u0105c wydajno\u015b\u0107, precyzj\u0119 i wysok\u0105 jako\u015b\u0107 produkt\u00f3w.<\/p>\n<p><img decoding=\"async\" src=\"https:\/\/www.hydraulic-cylinders.net\/wp-content\/uploads\/2025\/01\/songte-company-4.webp\" alt=\"Wizerunek firmy\"><br \/>\n<img decoding=\"async\" src=\"https:\/\/www.hydraulic-cylinders.net\/wp-content\/uploads\/2025\/01\/songte-company-3.webp\" alt=\"Wizerunek firmy\"><\/p>\n<p>Nasza firma wyr\u00f3\u017cnia si\u0119 na rynku dzi\u0119ki nast\u0119puj\u0105cym cechom:<\/p>\n<ul>\n<li><strong>Ekspertyza:<\/strong> Jeste\u015bmy zespo\u0142em ekspert\u00f3w zajmuj\u0105cych si\u0119 produkcj\u0105 cylindr\u00f3w hydraulicznych, posiadaj\u0105cych szerok\u0105 wiedz\u0119 i do\u015bwiadczenie w tej dziedzinie.<\/li>\n<li><strong>Certyfikacja mi\u0119dzynarodowa:<\/strong> Nasze produkty spe\u0142niaj\u0105 mi\u0119dzynarodowe standardy jako\u015bci i posiadaj\u0105 stosowne certyfikaty potwierdzaj\u0105ce ich niezawodno\u015b\u0107 i wydajno\u015b\u0107.<\/li>\n<li><strong>Us\u0142ugi dostosowywania:<\/strong> Oferujemy rozwi\u0105zania w zakresie si\u0142ownik\u00f3w hydraulicznych dostosowane do konkretnych wymaga\u0144 naszych klient\u00f3w.<\/li>\n<li><strong>Zaawansowany sprz\u0119t produkcyjny:<\/strong> Zainwestowali\u015bmy w wysokiej klasy sprz\u0119t do produkcji cyfrowej, aby zapewni\u0107 precyzj\u0119 i wydajno\u015b\u0107<br \/>","protected":false},"excerpt":{"rendered":"<p>Arm Cylinder for Sumitomo Large Excavator SH450A2 Introduction The arm cylinder is a specially designed hydraulic cylinder that provides linear motion and power to the arm of various machinery, such as excavators, cranes, and mechanical arms. It plays a crucial role in hydraulic systems, allowing for efficient movement and control of additional tools or attachments. [&hellip;]<\/p>","protected":false},"featured_media":14786,"comment_status":"open","ping_status":"closed","template":"","meta":{"_et_pb_use_builder":"","_et_pb_old_content":"","_et_gb_content_width":""},"product_brand":[],"product_cat":[1497],"product_tag":[1498,1496],"class_list":{"0":"post-16113","1":"product","2":"type-product","3":"status-publish","4":"has-post-thumbnail","6":"product_cat-arm-cylinders","7":"product_tag-arm-cylinders","8":"product_tag-hydraulic-cylinders","10":"first","11":"instock","12":"shipping-taxable","13":"product-type-simple"},"amp_enabled":true,"_links":{"self":[{"href":"https:\/\/www.hydraulic-cylinders.net\/pl\/wp-json\/wp\/v2\/product\/16113","targetHints":{"allow":["GET"]}}],"collection":[{"href":"https:\/\/www.hydraulic-cylinders.net\/pl\/wp-json\/wp\/v2\/product"}],"about":[{"href":"https:\/\/www.hydraulic-cylinders.net\/pl\/wp-json\/wp\/v2\/types\/product"}],"replies":[{"embeddable":true,"href":"https:\/\/www.hydraulic-cylinders.net\/pl\/wp-json\/wp\/v2\/comments?post=16113"}],"wp:featuredmedia":[{"embeddable":true,"href":"https:\/\/www.hydraulic-cylinders.net\/pl\/wp-json\/wp\/v2\/media\/14786"}],"wp:attachment":[{"href":"https:\/\/www.hydraulic-cylinders.net\/pl\/wp-json\/wp\/v2\/media?parent=16113"}],"wp:term":[{"taxonomy":"product_brand","embeddable":true,"href":"https:\/\/www.hydraulic-cylinders.net\/pl\/wp-json\/wp\/v2\/product_brand?post=16113"},{"taxonomy":"product_cat","embeddable":true,"href":"https:\/\/www.hydraulic-cylinders.net\/pl\/wp-json\/wp\/v2\/product_cat?post=16113"},{"taxonomy":"product_tag","embeddable":true,"href":"https:\/\/www.hydraulic-cylinders.net\/pl\/wp-json\/wp\/v2\/product_tag?post=16113"}],"curies":[{"name":"wp","href":"https:\/\/api.w.org\/{rel}","templated":true}]}}