{"id":1613,"date":"2023-10-08T02:59:47","date_gmt":"2023-10-08T02:59:47","guid":{"rendered":"https:\/\/hydraulic-cylinders.net\/?post_type=product&#038;p=1613"},"modified":"2025-04-01T07:35:41","modified_gmt":"2025-04-01T07:35:41","slug":"mining-dump-truck-piston-accumulator","status":"publish","type":"product","link":"https:\/\/www.hydraulic-cylinders.net\/pl\/produkt\/mining-dump-truck-piston-accumulator\/","title":{"rendered":"Akumulator t\u0142okowy do wywrotki g\u00f3rniczej"},"content":{"rendered":"<h1 style=\"text-align: center;\"><strong>Akumulator t\u0142okowy do wywrotki g\u00f3rniczej<\/strong><\/h1>\n<p><img loading=\"lazy\" decoding=\"async\" class=\"aligncenter wp-image-1614\" src=\"https:\/\/hydraulic-cylinders.net\/wp-content\/uploads\/2023\/10\/piston-accumulator-1-300x300.webp\" alt=\"\" width=\"400\" height=\"400\" \/><\/p>\n<p>Niezawodno\u015b\u0107 i bezpiecze\u0144stwo sprz\u0119tu s\u0105 najwa\u017cniejsze w wymagaj\u0105cym \u015bwiecie operacji g\u00f3rniczych. Akumulator t\u0142okowy wywrotki g\u00f3rniczej to kluczowy element zaprojektowany w celu optymalizacji wydajno\u015bci i zwi\u0119kszenia bezpiecze\u0144stwa wywrotek g\u00f3rniczych.<\/p>\n<p>Akumulator t\u0142okowy do wywrotek g\u00f3rniczych to kluczowy element, kt\u00f3ry zwi\u0119ksza wydajno\u015b\u0107 i bezpiecze\u0144stwo wywrotek g\u00f3rniczych. Jego wysokie ci\u015bnienie, efektywne magazynowanie energii oraz funkcje bezpiecze\u0144stwa zapewniaj\u0105 niezawodn\u0105 i responsywn\u0105 prac\u0119 uk\u0142adu hydraulicznego. Integruj\u0105c akumulator t\u0142okowy do wywrotek g\u00f3rniczych z flot\u0105 maszyn g\u00f3rniczych i stosuj\u0105c w\u0142a\u015bciwe metody u\u017cytkowania oraz praktyki konserwacyjne, mo\u017cesz zoptymalizowa\u0107 wydajno\u015b\u0107, efektywno\u015b\u0107 i bezpiecze\u0144stwo swoich operacji g\u00f3rniczych. Wybierz ten wyj\u0105tkowy element, aby w pe\u0142ni wykorzysta\u0107 potencja\u0142 swoich wywrotek g\u00f3rniczych.<\/p>\n<p>G\u0142\u00f3wne cechy akumulatora t\u0142okowego do wywrotek g\u00f3rniczych:<\/p>\n<ol>\n<li>Wydajno\u015b\u0107 wysokiego ci\u015bnienia:<\/li>\n<\/ol>\n<ul>\n<li>Akumulator t\u0142okowy wywrotki g\u00f3rniczej zaprojektowano tak, aby wytrzymywa\u0142 warunki wysokiego ci\u015bnienia powszechnie spotykane w operacjach g\u00f3rniczych.<\/li>\n<li>Solidna konstrukcja i trwa\u0142e materia\u0142y gwarantuj\u0105 niezawodn\u0105 prac\u0119 nawet w trudnych warunkach.<\/li>\n<\/ul>\n<ol start=\"2\">\n<li>Efektywne magazynowanie energii:<\/li>\n<\/ol>\n<ul>\n<li>Ten akumulator t\u0142okowy skutecznie magazynuje energi\u0119 hydrauliczn\u0105, umo\u017cliwiaj\u0105c szybk\u0105 i responsywn\u0105 obs\u0142ug\u0119 r\u00f3\u017cnych funkcji hydraulicznych w wywrotce.<\/li>\n<li>Zapewnia sta\u0142e dostarczanie mocy, minimalizuj\u0105c wahania ci\u015bnienia w systemie i optymalizuj\u0105c og\u00f3ln\u0105 wydajno\u015b\u0107.<\/li>\n<\/ul>\n<ol start=\"3\">\n<li>Poprawa bezpiecze\u0144stwa:<\/li>\n<\/ol>\n<ul>\n<li>Akumulator t\u0142okowy wywrotki g\u00f3rniczej pe\u0142ni funkcj\u0119 urz\u0105dzenia zabezpieczaj\u0105cego, zapewniaj\u0105c rezerw\u0119 energii hydraulicznej na wypadek sytuacji awaryjnych.<\/li>\n<li>Pomaga zapobiega\u0107 potencjalnym wypadkom lub szkodom spowodowanym przez nag\u0142e awarie systemu lub przerwy w dostawie pr\u0105du.<\/li>\n<\/ul>\n<h2><strong>Parametry akumulatora t\u0142okowego wywrotki g\u00f3rniczej:<\/strong><\/h2>\n<table border=\"1\" cellspacing=\"0\" cellpadding=\"0\">\n<tbody>\n<tr>\n<td>Nazwa produktu<\/td>\n<td>Akumulator t\u0142okowy do wywrotki g\u00f3rniczej<\/td>\n<\/tr>\n<tr>\n<td>Cechy:<\/td>\n<td>Obci\u0105\u017cenie jest r\u00f3wnomiernie roz\u0142o\u017cone na osie \u015brodkow\u0105 i tyln\u0105 w czasie rzeczywistym, co r\u00f3wnowa\u017cy no\u015bno\u015b\u0107 obu osi.<\/td>\n<\/tr>\n<tr>\n<td>Si\u0142a ci\u0105gu:<\/td>\n<td>Maksymalnie 27,5 MPa<\/td>\n<\/tr>\n<tr>\n<td>Zastosowania akumulator\u00f3w t\u0142okowych:<\/td>\n<td>Wywrotka g\u00f3rnicza<\/td>\n<\/tr>\n<\/tbody>\n<\/table>\n<h2><strong>Schemat identyfikacji cylindra wywrotki g\u00f3rniczej:<\/strong><\/h2>\n<p><img loading=\"lazy\" decoding=\"async\" class=\"alignnone wp-image-1594 size-full\" src=\"https:\/\/hydraulic-cylinders.net\/wp-content\/uploads\/2023\/10\/mining-dump-truck-cylinder.webp\" alt=\"\" width=\"1418\" height=\"946\" srcset=\"https:\/\/hydraulic-cylinders.net\/wp-content\/uploads\/2023\/10\/mining-dump-truck-cylinder.webp 1418w, https:\/\/hydraulic-cylinders.net\/wp-content\/uploads\/2023\/10\/mining-dump-truck-cylinder-1280x854.webp 1280w, https:\/\/hydraulic-cylinders.net\/wp-content\/uploads\/2023\/10\/mining-dump-truck-cylinder-980x654.webp 980w, https:\/\/hydraulic-cylinders.net\/wp-content\/uploads\/2023\/10\/mining-dump-truck-cylinder-480x320.webp 480w\" sizes=\"(min-width: 0px) and (max-width: 480px) 480px, (min-width: 481px) and (max-width: 980px) 980px, (min-width: 981px) and (max-width: 1280px) 1280px, (min-width: 1281px) 1418px, 100vw\" \/><\/p>\n<h2><strong>Metoda u\u017cytkowania akumulatora t\u0142okowego wywrotki g\u00f3rniczej<\/strong><strong>:<\/strong><\/h2>\n<ol>\n<li><strong>Integracja z uk\u0142adem hydraulicznym:<\/strong><\/li>\n<\/ol>\n<ul>\n<li>Akumulator t\u0142okowy wywrotki g\u00f3rniczej jest zintegrowany z uk\u0142adem hydraulicznym wywrotki.<\/li>\n<li>Zazwyczaj jest on po\u0142\u0105czony z pomp\u0105 hydrauliczn\u0105 i strategicznie umiejscowiony w systemie, aby zoptymalizowa\u0107 magazynowanie i dostarczanie energii.<\/li>\n<\/ul>\n<ol start=\"2\">\n<li><strong>Magazynowanie energii hydraulicznej:<\/strong><\/li>\n<\/ol>\n<ul>\n<li>Akumulator magazynuje energi\u0119 hydrauliczn\u0105 w okresach niskiego zapotrzebowania lub gdy funkcje hydrauliczne nie s\u0105 u\u017cywane.<\/li>\n<li>W miar\u0119 wzrostu zapotrzebowania na energi\u0119 hydrauliczn\u0105, zmagazynowana energia zostaje uwolniona, zapewniaj\u0105c niezawodne i natychmiastowe \u017ar\u00f3d\u0142o zasilania.<\/li>\n<\/ul>\n<ol start=\"3\">\n<li><strong>Prawid\u0142owy rozmiar i konfiguracja:<\/strong><\/li>\n<\/ol>\n<ul>\n<li>Istotne jest, aby dobra\u0107 odpowiedni rozmiar i konfiguracj\u0119 akumulatora t\u0142okowego wywrotki g\u00f3rniczej, tak aby odpowiada\u0142 on konkretnym wymaganiom uk\u0142adu hydraulicznego wywrotki.<\/li>\n<li>Konsultacje ze specjalistami lub zapoznanie si\u0119 z wytycznymi producenta mog\u0105 zagwarantowa\u0107 optymaln\u0105 wydajno\u015b\u0107 i bezpiecze\u0144stwo.<\/li>\n<\/ul>\n<h2><strong>Czym jest zamkni\u0119ty uk\u0142ad hydrauliczny?<\/strong><\/h2>\n<p>Uk\u0142ad hydrauliczny z obiegiem zamkni\u0119tym, znany r\u00f3wnie\u017c jako uk\u0142ad hydrauliczny z obiegiem zamkni\u0119tym, jest powszechnie stosowany w maszynach przemys\u0142owych i urz\u0105dzeniach mobilnych. Wykorzystuje on pomp\u0119 o zmiennej wydajno\u015bci do utrzymywania sta\u0142ego ci\u015bnienia w uk\u0142adzie hydraulicznym, niezale\u017cnie od obci\u0105\u017cenia.<\/p>\n<p>Oto najwa\u017cniejsze cechy i elementy uk\u0142adu hydraulicznego o obiegu zamkni\u0119tym:<\/p>\n<ol>\n<li><strong>Pompa o zmiennej wydajno\u015bci:<\/strong> Uk\u0142ad hydrauliczny z zamkni\u0119t\u0105 p\u0119tl\u0105 wykorzystuje pomp\u0119 o zmiennej wydajno\u015bci do dostarczania p\u0142ynu hydraulicznego do uk\u0142adu. Pompa dostosowuje swoj\u0105 wydajno\u015b\u0107 lub obj\u0119to\u015b\u0107 skoku w zale\u017cno\u015bci od obci\u0105\u017cenia, utrzymuj\u0105c sta\u0142e ci\u015bnienie.<\/li>\n<li><strong>Kompensator ci\u015bnienia:<\/strong> Kompensator ci\u015bnienia, znany r\u00f3wnie\u017c jako zaw\u00f3r regulacji ci\u015bnienia, reguluje i kontroluje ci\u015bnienie w systemie. Zapewnia sta\u0142e ci\u015bnienie, nawet przy zmieniaj\u0105cych si\u0119 wymaganiach dotycz\u0105cych obci\u0105\u017cenia.<\/li>\n<li><strong>Kontrola sprz\u0119\u017cenia zwrotnego:<\/strong> Uk\u0142ady hydrauliczne z zamkni\u0119t\u0105 p\u0119tl\u0105 wykorzystuj\u0105 mechanizmy sterowania ze sprz\u0119\u017ceniem zwrotnym do monitorowania i regulacji ci\u015bnienia w uk\u0142adzie. Sterowanie ze sprz\u0119\u017ceniem zwrotnym umo\u017cliwia precyzyjn\u0105 regulacj\u0119 ci\u015bnienia, zapewniaj\u0105c optymaln\u0105 wydajno\u015b\u0107 i sprawno\u015b\u0107.<\/li>\n<li><strong>Silnik hydrauliczny lub si\u0142ownik:<\/strong> Silnik hydrauliczny lub si\u0142ownik przekszta\u0142ca energi\u0119 hydrauliczn\u0105 w ruch mechaniczny lub si\u0142\u0119. Odbiera p\u0142yn hydrauliczny z uk\u0142adu zamkni\u0119tego i przekszta\u0142ca go w ruch obrotowy lub liniowy, aby wykona\u0107 prac\u0119.<\/li>\n<li><strong>Zbiornik hydrauliczny:<\/strong> Zbiornik hydrauliczny przechowuje p\u0142yn hydrauliczny niezb\u0119dny do dzia\u0142ania uk\u0142adu hydraulicznego z obiegiem zamkni\u0119tym. Stanowi \u017ar\u00f3d\u0142o p\u0142ynu dla pompy i dzia\u0142a jako rozpraszacz ciep\u0142a, pomagaj\u0105c utrzyma\u0107 temperatur\u0119 p\u0142ynu w dopuszczalnych granicach.<\/li>\n<\/ol>\n<h2><strong>Mo\u017cliwo\u015bci i pojemno\u015b\u0107 fabryki:<\/strong><\/h2>\n<h3>(1) Monta\u017c<\/h3>\n<p>Dysponujemy najwy\u017cszej klasy niezale\u017cn\u0105 platform\u0105 badawczo-rozwojow\u0105. Warsztat produkcji si\u0142ownik\u00f3w hydraulicznych posiada cztery p\u00f3\u0142automatyczne linie monta\u017cowe si\u0142ownik\u00f3w podnosz\u0105cych i jedn\u0105 automatyczn\u0105 lini\u0119 monta\u017cow\u0105 si\u0142ownik\u00f3w przechy\u0142u, o projektowanej rocznej zdolno\u015bci produkcyjnej 1 miliona sztuk. Specjalny warsztat cylindr\u00f3w jest wyposa\u017cony w r\u00f3\u017cne specyfikacje p\u00f3\u0142automatycznego systemu monta\u017cu czyszcz\u0105cego o projektowanej rocznej zdolno\u015bci produkcyjnej 200 000 i wyposa\u017cony w s\u0142ynny sprz\u0119t do obr\u00f3bki CNC, centrum obr\u00f3bcze, specjalny sprz\u0119t do precyzyjnej obr\u00f3bki cylindr\u00f3w, robot spawalniczy, automatyczna maszyna czyszcz\u0105ca, automatyczna maszyna do monta\u017cu cylindr\u00f3w i automatyczna linia produkcyjna do malowania. Istniej\u0105cy krytyczny sprz\u0119t sk\u0142ada si\u0119 z ponad 300 zestaw\u00f3w. Optymalna alokacja i efektywne wykorzystanie zasob\u00f3w sprz\u0119towych zapewniaj\u0105 wymagania dotycz\u0105ce dok\u0142adno\u015bci produkt\u00f3w i spe\u0142niaj\u0105 potrzeby wysokiej jako\u015bci produkt\u00f3w.<\/p>\n<p><img loading=\"lazy\" decoding=\"async\" class=\"alignnone wp-image-626\" src=\"https:\/\/hydraulic-cylinders.net\/wp-content\/uploads\/2023\/08\/hydraulic-cylinder-product-1-300x158.webp\" alt=\"\" width=\"495\" height=\"260\" srcset=\"https:\/\/hydraulic-cylinders.net\/wp-content\/uploads\/2023\/08\/hydraulic-cylinder-product-1-300x158.webp 495w, https:\/\/hydraulic-cylinders.net\/wp-content\/uploads\/2023\/08\/hydraulic-cylinder-product-1-480x252.webp 480w\" sizes=\"(min-width: 0px) and (max-width: 480px) 480px, (min-width: 481px) 495px, 100vw\" \/> <img loading=\"lazy\" decoding=\"async\" class=\"alignnone wp-image-627\" src=\"https:\/\/hydraulic-cylinders.net\/wp-content\/uploads\/2023\/08\/hydraulic-cylinder-product-2-300x189.webp\" alt=\"\" width=\"413\" height=\"260\" \/><\/p>\n<h3>(2) Obr\u00f3bka<\/h3>\n<p>Warsztat obr\u00f3bki skrawaniem jest wyposa\u017cony w niestandardowe centrum tokarskie z pochylon\u0105 szyn\u0105, centrum obr\u00f3bcze, szybkobie\u017cn\u0105 honownic\u0119, robota spawalniczego i inny powi\u0105zany sprz\u0119t, kt\u00f3ry mo\u017ce obs\u0142ugiwa\u0107 przetwarzanie rur cylindrycznych o maksymalnej \u015brednicy wewn\u0119trznej 400 mm i maksymalnej d\u0142ugo\u015bci 6 metr\u00f3w.<\/p>\n<p><img loading=\"lazy\" decoding=\"async\" class=\"alignnone wp-image-628 size-large\" src=\"https:\/\/hydraulic-cylinders.net\/wp-content\/uploads\/2023\/08\/hydraulic-cylinder-product-3-1024x391.webp\" alt=\"\" width=\"1024\" height=\"391\" srcset=\"https:\/\/hydraulic-cylinders.net\/wp-content\/uploads\/2023\/08\/hydraulic-cylinder-product-3-980x374.webp 980w, https:\/\/hydraulic-cylinders.net\/wp-content\/uploads\/2023\/08\/hydraulic-cylinder-product-3-480x183.webp 480w\" sizes=\"(min-width: 0px) and (max-width: 480px) 480px, (min-width: 481px) and (max-width: 980px) 980px, (min-width: 981px) 1024px, 100vw\" \/><\/p>\n<h3>(3) Spawanie<\/h3>\n<p><img loading=\"lazy\" decoding=\"async\" class=\"alignnone wp-image-629 size-large\" src=\"https:\/\/hydraulic-cylinders.net\/wp-content\/uploads\/2023\/08\/hydraulic-cylinder-product-4-1024x510.webp\" alt=\"\" width=\"1024\" height=\"510\" srcset=\"https:\/\/hydraulic-cylinders.net\/wp-content\/uploads\/2023\/08\/hydraulic-cylinder-product-4-980x488.webp 980w, https:\/\/hydraulic-cylinders.net\/wp-content\/uploads\/2023\/08\/hydraulic-cylinder-product-4-480x239.webp 480w\" sizes=\"(min-width: 0px) and (max-width: 480px) 480px, (min-width: 481px) and (max-width: 980px) 980px, (min-width: 981px) 1024px, 100vw\" \/><\/p>\n<h3>(4) Malowanie i powlekanie<\/h3>\n<p>Z ma\u0142ymi i \u015brednimi automatycznymi liniami do powlekania farbami na bazie wody, w celu osi\u0105gni\u0119cia automatycznego za\u0142adunku i roz\u0142adunku robota oraz automatycznego natryskiwania, wydajno\u015b\u0107 projektowa 4000 sztuk na zmian\u0119;<br \/>\nPosiadamy r\u00f3wnie\u017c p\u00f3\u0142automatyczn\u0105 lini\u0119 do produkcji farb do du\u017cych cylindr\u00f3w nap\u0119dzan\u0105 \u0142a\u0144cuchem nap\u0119dowym, o wydajno\u015bci 60 skrzy\u0144 na zmian\u0119.<\/p>\n<p><img loading=\"lazy\" decoding=\"async\" class=\"alignnone wp-image-630\" src=\"https:\/\/hydraulic-cylinders.net\/wp-content\/uploads\/2023\/08\/hydraulic-cylinder-product-5-300x213.webp\" alt=\"\" width=\"366\" height=\"260\" \/> <img loading=\"lazy\" decoding=\"async\" class=\"alignnone wp-image-631\" src=\"https:\/\/hydraulic-cylinders.net\/wp-content\/uploads\/2023\/08\/hydraulic-cylinder-product-6-300x225.webp\" alt=\"\" width=\"347\" height=\"260\" \/><\/p>\n<h3>(5) Testowanie<\/h3>\n<p>Dysponujemy najwy\u017cszej klasy urz\u0105dzeniami kontrolnymi i stanowiskami testowymi, aby zapewni\u0107, \u017ce wydajno\u015b\u0107 cylindra spe\u0142nia wymagania.<\/p>\n<p><img loading=\"lazy\" decoding=\"async\" class=\"alignnone wp-image-632\" src=\"https:\/\/hydraulic-cylinders.net\/wp-content\/uploads\/2023\/08\/hydraulic-cylinder-product-8-300x200.webp\" alt=\"\" width=\"389\" height=\"260\" \/><\/p>\n<p>&nbsp;<\/p>\n<p>&nbsp;<\/p>\n<p>Jeste\u015bmy jednym z najlepszych producent\u00f3w cylindr\u00f3w hydraulicznych. Oferujemy kompleksow\u0105 ofert\u0119 cylindr\u00f3w hydraulicznych. Dostarczamy r\u00f3wnie\u017c\u2026 <a href=\"https:\/\/hzpt.com\/agricultural-pto-gearbox\/\" target=\"_blank\" rel=\"noopener\">przek\u0142adnie rolnicze<\/a>. Eksportowali\u015bmy nasze produkty do klient\u00f3w na ca\u0142ym \u015bwiecie i zdobyli\u015bmy dobr\u0105 reputacj\u0119 dzi\u0119ki najwy\u017cszej jako\u015bci produkt\u00f3w i us\u0142ug posprzeda\u017cnych. Zapraszamy klient\u00f3w w kraju i za granic\u0105 do kontaktu z nami w celu negocjacji biznesowych, wymiany informacji i <a href=\"https:\/\/www.hydraulic-cylinders.net\/pl\/contact-us\/\">wsp\u00f3\u0142pracowa\u0107 z nami<\/a>!<\/p>","protected":false},"excerpt":{"rendered":"<p>Mining Dump Truck Piston Accumulator Equipment reliability and safety are paramount in the demanding world of mining operations. The mining dump truck piston accumulator is a crucial component designed to optimize performance and enhance safety in mining dump trucks The mining dump truck piston accumulator is a vital component that enhances performance and safety in [&hellip;]<\/p>","protected":false},"featured_media":1615,"comment_status":"open","ping_status":"closed","template":"","meta":{"_et_pb_use_builder":"","_et_pb_old_content":"","_et_gb_content_width":""},"product_brand":[],"product_cat":[1517,1532,1376],"product_tag":[1380],"class_list":{"0":"post-1613","1":"product","2":"type-product","3":"status-publish","4":"has-post-thumbnail","6":"product_cat-dump-truck-hydraulic-cylinders","7":"product_cat-mining-dump-truck-hydraulic-cylinders","8":"product_cat-hydraulic-cylinder","9":"product_tag-hydraulic-cylinder","11":"first","12":"instock","13":"shipping-taxable","14":"product-type-simple"},"amp_enabled":true,"_links":{"self":[{"href":"https:\/\/www.hydraulic-cylinders.net\/pl\/wp-json\/wp\/v2\/product\/1613","targetHints":{"allow":["GET"]}}],"collection":[{"href":"https:\/\/www.hydraulic-cylinders.net\/pl\/wp-json\/wp\/v2\/product"}],"about":[{"href":"https:\/\/www.hydraulic-cylinders.net\/pl\/wp-json\/wp\/v2\/types\/product"}],"replies":[{"embeddable":true,"href":"https:\/\/www.hydraulic-cylinders.net\/pl\/wp-json\/wp\/v2\/comments?post=1613"}],"wp:featuredmedia":[{"embeddable":true,"href":"https:\/\/www.hydraulic-cylinders.net\/pl\/wp-json\/wp\/v2\/media\/1615"}],"wp:attachment":[{"href":"https:\/\/www.hydraulic-cylinders.net\/pl\/wp-json\/wp\/v2\/media?parent=1613"}],"wp:term":[{"taxonomy":"product_brand","embeddable":true,"href":"https:\/\/www.hydraulic-cylinders.net\/pl\/wp-json\/wp\/v2\/product_brand?post=1613"},{"taxonomy":"product_cat","embeddable":true,"href":"https:\/\/www.hydraulic-cylinders.net\/pl\/wp-json\/wp\/v2\/product_cat?post=1613"},{"taxonomy":"product_tag","embeddable":true,"href":"https:\/\/www.hydraulic-cylinders.net\/pl\/wp-json\/wp\/v2\/product_tag?post=1613"}],"curies":[{"name":"wp","href":"https:\/\/api.w.org\/{rel}","templated":true}]}}