{"id":16131,"date":"2025-01-20T08:31:51","date_gmt":"2025-01-20T08:31:51","guid":{"rendered":"https:\/\/www.hydraulic-cylinders.net\/product\/arm-cylinderfor-caterpillar-small-excavator-e314dcr\/"},"modified":"2025-01-20T08:31:53","modified_gmt":"2025-01-20T08:31:53","slug":"arm-cylinderfor-caterpillar-small-excavator-e314dcr","status":"publish","type":"product","link":"https:\/\/www.hydraulic-cylinders.net\/pl\/produkt\/arm-cylinderfor-caterpillar-small-excavator-e314dcr\/","title":{"rendered":"Si\u0142ownik ramienia do ma\u0142ej koparki Caterpillar E314DCR"},"content":{"rendered":"<p>Si\u0142ownik ramienia do ma\u0142ej koparki Caterpillar E314DCR<\/p>\n<p>Wst\u0119p<br \/>\nSi\u0142ownik ramienia to specjalistyczny si\u0142ownik hydrauliczny, kt\u00f3ry s\u0142u\u017cy g\u0142\u00f3wnie do zapewnienia ruchu liniowego i zasilania ramion r\u00f3\u017cnego rodzaju maszyn, takich jak koparki, d\u017awigi i ramiona mechaniczne. Si\u0142ownik ramienia odgrywa kluczow\u0105 rol\u0119 w uk\u0142adzie hydraulicznym, umo\u017cliwiaj\u0105c ruch dodatkowych narz\u0119dzi lub osprz\u0119tu i efektywne sterowanie nimi. Si\u0142owniki te nie tylko zapewniaj\u0105 p\u0142ynny ruch, ale tak\u017ce wytrzymuj\u0105 du\u017ce obci\u0105\u017cenia, gwarantuj\u0105c wydajn\u0105 prac\u0119 i niezawodno\u015b\u0107 maszyn w r\u00f3\u017cnych warunkach pracy.<\/p>\n<p><img decoding=\"async\" src=\"https:\/\/www.hydraulic-cylinders.net\/wp-content\/uploads\/2025\/01\/songte-company-2.webp\"><\/p>\n<p>Cechy<br \/>\n1. Wysokowydajna przek\u0142adnia: Cylinder ramienia mo\u017ce zapewni\u0107 mocny ruch liniowy i si\u0142\u0119, gwarantuj\u0105c wysok\u0105 wydajno\u015b\u0107 ramienia mechanicznego w r\u00f3\u017cnych operacjach.<br \/>\n2. Precyzyjna kontrola: Dzi\u0119ki uk\u0142adowi hydraulicznemu si\u0142ownik ramienia mo\u017ce uzyska\u0107 precyzyjn\u0105 kontrol\u0119 ruchu, co sprawia, \u017ce \u200b\u200bobs\u0142uga dodatkowych narz\u0119dzi jest bardziej elastyczna i dok\u0142adna.<br \/>\n3. Wysoka trwa\u0142o\u015b\u0107: Cylindry ramienia s\u0105 zazwyczaj wykonane z materia\u0142\u00f3w o wysokiej wytrzyma\u0142o\u015bci i charakteryzuj\u0105 si\u0119 dobr\u0105 odporno\u015bci\u0105 na zu\u017cycie i korozj\u0119, dzi\u0119ki czemu nadaj\u0105 si\u0119 do d\u0142ugotrwa\u0142ego u\u017cytkowania w trudnych warunkach.<br \/>\n4. Wszechstronno\u015b\u0107: Cylindry te mo\u017cna szeroko stosowa\u0107 w r\u00f3\u017cnych urz\u0105dzeniach mechanicznych, takich jak koparki, d\u017awigi i ramiona mechaniczne, dostosowuj\u0105c je do r\u00f3\u017cnych wymaga\u0144 roboczych.<br \/>\n5. \u0141atwa konserwacja: Projekt uwzgl\u0119dnia \u0142atwo\u015b\u0107 konserwacji i wymiany, dzi\u0119ki czemu regularne kontrole i konserwacje s\u0105 wygodniejsze, a przestoje sprz\u0119tu skr\u00f3cone.<\/p>\n<p><img decoding=\"async\" src=\"https:\/\/www.hydraulic-cylinders.net\/wp-content\/uploads\/2025\/01\/songte-oil-pipes-and-spare-parts.webp\"><\/p>\n<p>Aplikacje<br \/>\n1. Budownictwo: W koparkach i d\u017awigach si\u0142owniki ramieniowe s\u0142u\u017c\u0105 do sterowania ruchem \u0142y\u017cek lub wysi\u0119gnik\u00f3w podczas rob\u00f3t ziemnych, przenoszenia materia\u0142\u00f3w i instalacji konstrukcyjnych.<br \/>\n2. Produkcja: W zautomatyzowanych liniach produkcyjnych cylindry ramieniowe s\u0142u\u017c\u0105 do poruszania ramionami mechanicznymi, np. podczas monta\u017cu, spawania i obs\u0142ugi, w celu zwi\u0119kszenia wydajno\u015bci i dok\u0142adno\u015bci produkcji.<br \/>\n3. Maszyny rolnicze: W maszynach rolniczych, takich jak kombajny i sadzarki, si\u0142owniki ramienia steruj\u0105 ruchem ramienia roboczego, co umo\u017cliwia wykonywanie takich zada\u0144, jak sadzenie nasion, nawo\u017cenie i zbi\u00f3r.<br \/>\n4. G\u00f3rnictwo: W sprz\u0119cie g\u00f3rniczym cylindry ramieniowe s\u0142u\u017c\u0105 do sterowania ruchem ramion sprz\u0119tu g\u00f3rniczego wykorzystywanego do wydobywania i transportu rudy.<br \/>\n5. Logistyka i transport: W w\u00f3zkach wid\u0142owych i robotach prze\u0142adunkowych si\u0142owniki ramion s\u0142u\u017c\u0105 do sterowania podnoszeniem i ruchem wide\u0142, umo\u017cliwiaj\u0105c obs\u0142ug\u0119 i uk\u0142adanie materia\u0142\u00f3w.<\/p>\n<p>Zagadnienia projektowe i standardy wyboru<br \/>\n1. No\u015bno\u015b\u0107: Cylindry ramion musz\u0105 mie\u0107 wystarczaj\u0105c\u0105 wytrzyma\u0142o\u015b\u0107, aby utrzyma\u0107 ci\u0119\u017car dodatkowych narz\u0119dzi lub element\u00f3w mocuj\u0105cych.<br \/>\n2. Uszczelnienie: Aby zapobiec wyciekom i zapewni\u0107 normaln\u0105 prac\u0119 cylindra, stosuje si\u0119 r\u00f3\u017cne uszczelnienia, takie jak uszczelnienia t\u0142okowe i uszczelnienia t\u0142oczyskowe.<br \/>\n3. Trwa\u0142o\u015b\u0107: Korpus cylindra, t\u0142ok i pr\u0119t wykonane s\u0105 z materia\u0142\u00f3w o wysokiej wytrzyma\u0142o\u015bci, odpornych na zu\u017cycie i korozj\u0119, co gwarantuje d\u0142ugotrwa\u0142e u\u017cytkowanie w trudnych warunkach.<br \/>\n4. Bezpiecze\u0144stwo: Projekt powinien uwzgl\u0119dnia\u0107 bezpiecze\u0144stwo operatora i otaczaj\u0105cego \u015brodowiska.<br \/>\n5. \u0141atwo\u015b\u0107 konserwacji: Projekt powinien uwzgl\u0119dnia\u0107 \u0142atwo\u015b\u0107 konserwacji i wymiany, aby regularne kontrole i konserwacje by\u0142y wygodniejsze.<\/p>\n<p><img decoding=\"async\" src=\"https:\/\/www.hydraulic-cylinders.net\/wp-content\/uploads\/2025\/01\/songte-cylinder-head-with-all-kinds-excavator-models.webp\"><\/p>\n<p>Uszczelnianie i smarowanie<br \/>\nR\u00f3\u017cne elementy uszczelniaj\u0105ce, takie jak uszczelnienia t\u0142oka i t\u0142oczyska, s\u0142u\u017c\u0105 do zapobiegania wyciekom oleju hydraulicznego. Wyb\u00f3r materia\u0142\u00f3w uszczelniaj\u0105cych, takich jak poliuretan i kauczuk nitrylowy, opiera si\u0119 na ich odporno\u015bci na zu\u017cycie. Korpus cylindra i gwintowana powierzchnia ko\u0144cowa s\u0105 precyzyjnie obrabiane w celu zwi\u0119kszenia odporno\u015bci na zu\u017cycie. Regularne uzupe\u0142nianie oleju hydraulicznego jest niezb\u0119dne do zapewnienia smarowania cylindra.<\/p>\n<p>Konserwacja i \u015brodki ostro\u017cno\u015bci<br \/>\n1. Regularne kontrole: Nale\u017cy przeprowadza\u0107 regularne kontrole w celu wykrycia i terminowej naprawy wszelkich usterek lub uszkodze\u0144.<br \/>\n2. Konserwacja zapobiegawcza: Konserwacj\u0119 zapobiegawcz\u0105 nale\u017cy wykonywa\u0107 w celu zapobiegania potencjalnym problemom i wyd\u0142u\u017cenia \u017cywotno\u015bci cylindra.<br \/>\n3. Bezpieczna obs\u0142uga: Operatorzy powinni przestrzega\u0107 przepis\u00f3w i wytycznych bezpiecze\u0144stwa, aby unikn\u0105\u0107 wypadk\u00f3w i obra\u017ce\u0144.<br \/>\n4. Prawid\u0142owa instalacja: Aby zapewni\u0107 prawid\u0142ow\u0105 prac\u0119, cylinder nale\u017cy zainstalowa\u0107 prawid\u0142owo, zgodnie z instrukcj\u0105 instalacji.<\/p>\n<p><img decoding=\"async\" src=\"https:\/\/www.hydraulic-cylinders.net\/wp-content\/uploads\/2025\/01\/songte-chushion-collar.webp\"><\/p>\n<p>Instrukcja instalacji produktu<br \/>\n1. Cylinder nale\u017cy zamontowa\u0107 solidnie i stabilnie, zgodnie z instrukcj\u0105 monta\u017cu.<br \/>\n2. Przew\u00f3d hydrauliczny powinien by\u0107 pod\u0142\u0105czony i dokr\u0119cony.<br \/>\n3. Przed u\u017cyciem cylinder nale\u017cy nape\u0142ni\u0107 olejem hydraulicznym.<br \/>\n4. Sprawd\u017a dzia\u0142anie cylindra, aby upewni\u0107 si\u0119, \u017ce dzia\u0142a prawid\u0142owo.<\/p>\n<p>Zagadnienia bezpiecze\u0144stwa i czynniki \u015brodowiskowe<br \/>\nBezpiecze\u0144stwo jest niezwykle wa\u017cne podczas u\u017cytkowania si\u0142ownik\u00f3w ramieniowych. Operatorzy musz\u0105 by\u0107 przeszkoleni w zakresie prawid\u0142owej obs\u0142ugi i konserwacji si\u0142ownika, aby unikn\u0105\u0107 wypadk\u00f3w i obra\u017ce\u0144. Aby zapewni\u0107 prawid\u0142owe dzia\u0142anie si\u0142ownika, nale\u017cy r\u00f3wnie\u017c uwzgl\u0119dni\u0107 czynniki \u015brodowiskowe, takie jak temperatura, wilgotno\u015b\u0107 i kurz.<\/p>\n<p>Rozwi\u0105zywanie problem\u00f3w i typowe problemy<br \/>\n1. Wyciek: Sprawd\u017a szczelno\u015b\u0107 element\u00f3w uszczelniaj\u0105cych i ruroci\u0105gu hydraulicznego, a uszkodzone elementy wymie\u0144 w odpowiednim czasie.<br \/>\n2. Powolny ruch: Sprawd\u017a uk\u0142ad hydrauliczny i cylinder pod k\u0105tem zablokowania lub uszkodzenia. W razie potrzeby wyczy\u015b\u0107 je lub napraw.<br \/>\n3. Nietypowy ha\u0142as: Sprawd\u017a cylinder i uk\u0142ad hydrauliczny pod k\u0105tem uszkodze\u0144 lub zu\u017cycia i wymie\u0144 lub napraw uszkodzone podzespo\u0142y.<br \/>\n4. Dryft cylindra: Sprawd\u017a uk\u0142ad hydrauliczny pod k\u0105tem wyciek\u00f3w i zanieczyszcze\u0144 i napraw lub wymie\u0144 uszkodzone podzespo\u0142y.<br \/>\n5. Przegrzanie: Sprawd\u017a, czy uk\u0142ad hydrauliczny nie jest nadmiernie obci\u0105\u017cony lub czy nie wyst\u0119puje niewystarczaj\u0105ce ch\u0142odzenie. W razie potrzeby wykonaj odpowiednie regulacje lub naprawy.<\/p>\n<p><img decoding=\"async\" src=\"https:\/\/www.hydraulic-cylinders.net\/wp-content\/uploads\/2025\/01\/songte-bushings-with-all-kinds-of-excavator-models.webp\"><\/p>\n<p>Wprowadzenie do firmy<br \/>\nJeste\u015bmy profesjonalnym producentem zamiennych cylindr\u00f3w hydraulicznych, oferuj\u0105cym szerok\u0105 gam\u0119 produkt\u00f3w. Stali\u015bmy si\u0119 wiod\u0105cym producentem i hurtowym dystrybutorem cylindr\u00f3w hydraulicznych zar\u00f3wno w kraju, jak i za granic\u0105. Zawsze przestrzegamy zasady doskona\u0142ej jako\u015bci, opieramy si\u0119 na strategii przemys\u0142owego zarz\u0105dzania produkcj\u0105 w dopracowanym warsztacie produkcyjnym, stale podnosz\u0105c poziom techniczny i wydajno\u015b\u0107 produkcji. Wprowadzaj\u0105c wysokiej klasy cyfrowy sprz\u0119t produkcyjny i profesjonalne systemy testowe, stale optymalizujemy platform\u0119 produkcyjn\u0105, usprawniamy proces kontroli jako\u015bci produkt\u00f3w i dysponujemy silnymi mo\u017cliwo\u015bciami innowacyjnymi. Naszym celem jest zaspokajanie zr\u00f3\u017cnicowanych potrzeb klient\u00f3w, kieruj\u0105c si\u0119 zasadami wydajno\u015bci, precyzji i wysokiej jako\u015bci.<\/p>\n<p>Oferujemy profesjonalne, certyfikowane us\u0142ugi mi\u0119dzynarodowe, dostosowane do indywidualnych potrzeb, zaawansowany sprz\u0119t produkcyjny i doskona\u0142\u0105 obs\u0142ug\u0119 posprzeda\u017cow\u0105.<\/p>\n<p><img decoding=\"async\" src=\"https:\/\/www.hydraulic-cylinders.net\/wp-content\/uploads\/2025\/01\/songte-company-4.webp\"><br \/>\n<img decoding=\"async\" src=\"https:\/\/www.hydraulic-cylinders.net\/wp-content\/uploads\/2025\/01\/songte-company-3.webp\"><\/p>\n<p>Autor: lyl.<\/p>","protected":false},"excerpt":{"rendered":"<p>Arm Cylinder For Caterpillar Small Excavator E314DCR Introduction Arm cylinder is a specialized hydraulic cylinder that is primarily used to provide linear motion and power to the arms of various types of machinery, such as excavators, cranes, and mechanical arms. The arm cylinder plays a critical role in the hydraulic system, allowing additional tools or [&hellip;]<\/p>","protected":false},"featured_media":14763,"comment_status":"open","ping_status":"closed","template":"","meta":{"_et_pb_use_builder":"","_et_pb_old_content":"","_et_gb_content_width":""},"product_brand":[],"product_cat":[1497],"product_tag":[1498,1496],"class_list":{"0":"post-16131","1":"product","2":"type-product","3":"status-publish","4":"has-post-thumbnail","6":"product_cat-arm-cylinders","7":"product_tag-arm-cylinders","8":"product_tag-hydraulic-cylinders","10":"first","11":"instock","12":"shipping-taxable","13":"product-type-simple"},"amp_enabled":true,"_links":{"self":[{"href":"https:\/\/www.hydraulic-cylinders.net\/pl\/wp-json\/wp\/v2\/product\/16131","targetHints":{"allow":["GET"]}}],"collection":[{"href":"https:\/\/www.hydraulic-cylinders.net\/pl\/wp-json\/wp\/v2\/product"}],"about":[{"href":"https:\/\/www.hydraulic-cylinders.net\/pl\/wp-json\/wp\/v2\/types\/product"}],"replies":[{"embeddable":true,"href":"https:\/\/www.hydraulic-cylinders.net\/pl\/wp-json\/wp\/v2\/comments?post=16131"}],"wp:featuredmedia":[{"embeddable":true,"href":"https:\/\/www.hydraulic-cylinders.net\/pl\/wp-json\/wp\/v2\/media\/14763"}],"wp:attachment":[{"href":"https:\/\/www.hydraulic-cylinders.net\/pl\/wp-json\/wp\/v2\/media?parent=16131"}],"wp:term":[{"taxonomy":"product_brand","embeddable":true,"href":"https:\/\/www.hydraulic-cylinders.net\/pl\/wp-json\/wp\/v2\/product_brand?post=16131"},{"taxonomy":"product_cat","embeddable":true,"href":"https:\/\/www.hydraulic-cylinders.net\/pl\/wp-json\/wp\/v2\/product_cat?post=16131"},{"taxonomy":"product_tag","embeddable":true,"href":"https:\/\/www.hydraulic-cylinders.net\/pl\/wp-json\/wp\/v2\/product_tag?post=16131"}],"curies":[{"name":"wp","href":"https:\/\/api.w.org\/{rel}","templated":true}]}}