{"id":1616,"date":"2023-10-08T08:26:42","date_gmt":"2023-10-08T08:26:42","guid":{"rendered":"https:\/\/hydraulic-cylinders.net\/?post_type=product&#038;p=1616"},"modified":"2025-04-11T02:55:39","modified_gmt":"2025-04-11T02:55:39","slug":"press-master-cylinder","status":"publish","type":"product","link":"https:\/\/www.hydraulic-cylinders.net\/pl\/produkt\/press-master-cylinder\/","title":{"rendered":"Naci\u015bnij cylinder g\u0142\u00f3wny"},"content":{"rendered":"<h1 style=\"text-align: center;\"><strong>Naci\u015bnij cylinder g\u0142\u00f3wny<\/strong><\/h1>\n<p><img loading=\"lazy\" decoding=\"async\" class=\"aligncenter wp-image-1617\" src=\"https:\/\/hydraulic-cylinders.net\/wp-content\/uploads\/2023\/10\/master-cylinder-1-300x300.webp\" alt=\"\" width=\"400\" height=\"400\" \/><\/p>\n<p>Si\u0142ownik g\u0142\u00f3wny prasy jest niezb\u0119dnym elementem pras hydraulicznych, zaprojektowanym w celu zapewnienia precyzyjnej i du\u017cej si\u0142y w szerokim zakresie zastosowa\u0144 przemys\u0142owych.<\/p>\n<p>Si\u0142ownik g\u0142\u00f3wny prasy to pot\u0119\u017cny element, kt\u00f3ry zapewnia precyzj\u0119 i moc pras hydraulicznych. Dzi\u0119ki solidnej konstrukcji, precyzyjnemu generowaniu si\u0142y i wysokiej mocy wyj\u015bciowej, jest to niezb\u0119dne narz\u0119dzie w wielu zastosowaniach przemys\u0142owych. Przestrzegaj\u0105c prawid\u0142owych metod u\u017cytkowania i konserwacji, mo\u017cesz zmaksymalizowa\u0107 wydajno\u015b\u0107, produktywno\u015b\u0107 i trwa\u0142o\u015b\u0107 swojej prasy hydraulicznej. Wybierz si\u0142ownik g\u0142\u00f3wny prasy, aby w pe\u0142ni wykorzysta\u0107 potencja\u0142 swojej prasy hydraulicznej i wznie\u015b\u0107 swoje mo\u017cliwo\u015bci produkcyjne na nowy poziom.<\/p>\n<p>Charakterystyka klucza g\u0142\u00f3wnego cylindra prasy:<\/p>\n<ol>\n<li>Solidna konstrukcja:<\/li>\n<\/ol>\n<ul>\n<li>Si\u0142ownik g\u0142\u00f3wny prasy wykonany jest z materia\u0142\u00f3w najwy\u017cszej jako\u015bci, co gwarantuje trwa\u0142o\u015b\u0107 i d\u0142ugotrwa\u0142\u0105 wydajno\u015b\u0107.<\/li>\n<li>Solidna konstrukcja pozwala na wytrzymanie du\u017cych obci\u0105\u017ce\u0144 i pracy w \u015brodowiskach o wysokim ci\u015bnieniu, zapewniaj\u0105c niezawodno\u015b\u0107 w wymagaj\u0105cych warunkach przemys\u0142owych.<\/li>\n<\/ul>\n<ol start=\"2\">\n<li>Precyzyjne generowanie si\u0142y:<\/li>\n<\/ol>\n<ul>\n<li>Ten cylinder zosta\u0142 zaprojektowany tak, aby dostarcza\u0107 precyzyjn\u0105 si\u0142\u0119 z wyj\u0105tkow\u0105 dok\u0142adno\u015bci\u0105, umo\u017cliwiaj\u0105c dok\u0142adn\u0105 kontrol\u0119 procesu prasowania.<\/li>\n<li>Zaawansowana konstrukcja i techniki produkcyjne gwarantuj\u0105 sp\u00f3jn\u0105 i powtarzaln\u0105 generacj\u0119 si\u0142y, co przek\u0142ada si\u0119 na wysok\u0105 jako\u015b\u0107 i niezawodno\u015b\u0107 produkcji.<\/li>\n<\/ul>\n<ol start=\"3\">\n<li>Wysoka moc wyj\u015bciowa:<\/li>\n<\/ol>\n<ul>\n<li>Si\u0142ownik g\u0142\u00f3wny prasy jest w stanie wygenerowa\u0107 znaczn\u0105 si\u0142\u0119, dzi\u0119ki czemu nadaje si\u0119 do szerokiej gamy zastosowa\u0144 przemys\u0142owych.<\/li>\n<li>Du\u017ca moc wyj\u015bciowa umo\u017cliwia wydajne i efektywne procesy odkszta\u0142cania, monta\u017cu i formowania materia\u0142\u00f3w, zwi\u0119kszaj\u0105c wydajno\u015b\u0107 i skracaj\u0105c czas cykli.<\/li>\n<\/ul>\n<h2><strong>Parametry cylindra g\u0142\u00f3wnego prasy:<\/strong><\/h2>\n<table border=\"1\" cellspacing=\"0\" cellpadding=\"0\">\n<tbody>\n<tr>\n<td>Nazwa produktu<\/td>\n<td>Si\u0142ownik g\u0142\u00f3wny prasy hydraulicznej<\/td>\n<\/tr>\n<tr>\n<td>Cechy:<\/td>\n<td>Zapewnij g\u0142\u00f3wny impuls dla prasy<\/td>\n<\/tr>\n<tr>\n<td>T\u0142ok nurnikowy:<\/td>\n<td>500mm\uff5e1800mm<br \/>\nSkok \u22644500 mm<\/td>\n<\/tr>\n<tr>\n<td>Si\u0142a ci\u0105gu:<\/td>\n<td>Maksymalnie 80MN<br \/>\n(T\u0142ok 1800mm\/ci\u015bnienie 31,5MPa)<\/td>\n<\/tr>\n<tr>\n<td>Zastosowania hydraulicznego cylindra g\u0142\u00f3wnego:<\/td>\n<td>Naciska\u0107<\/td>\n<\/tr>\n<\/tbody>\n<\/table>\n<h2><strong>Fabryka cylindr\u00f3w prasowych:<\/strong><\/h2>\n<p><img loading=\"lazy\" decoding=\"async\" class=\"alignnone wp-image-1619 size-full\" src=\"https:\/\/hydraulic-cylinders.net\/wp-content\/uploads\/2023\/10\/press-cylinder.webp\" alt=\"\" width=\"1418\" height=\"946\" srcset=\"https:\/\/hydraulic-cylinders.net\/wp-content\/uploads\/2023\/10\/press-cylinder.webp 1418w, https:\/\/hydraulic-cylinders.net\/wp-content\/uploads\/2023\/10\/press-cylinder-1280x854.webp 1280w, https:\/\/hydraulic-cylinders.net\/wp-content\/uploads\/2023\/10\/press-cylinder-980x654.webp 980w, https:\/\/hydraulic-cylinders.net\/wp-content\/uploads\/2023\/10\/press-cylinder-480x320.webp 480w\" sizes=\"(min-width: 0px) and (max-width: 480px) 480px, (min-width: 481px) and (max-width: 980px) 980px, (min-width: 981px) and (max-width: 1280px) 1280px, (min-width: 1281px) 1418px, 100vw\" \/><\/p>\n<h2><strong>Metoda u\u017cycia cylindra g\u0142\u00f3wnego prasy<\/strong><strong>:<\/strong><\/h2>\n<ol>\n<li><strong>Instalacja i integracja:<\/strong><\/li>\n<\/ol>\n<ul>\n<li>Zamontuj pewnie si\u0142ownik g\u0142\u00f3wny prasy na ramie prasy hydraulicznej, zwracaj\u0105c uwag\u0119 na w\u0142a\u015bciwe wyr\u00f3wnanie i po\u0142\u0105czenie z uk\u0142adem hydraulicznym.<\/li>\n<li>Aby zapewni\u0107 optymaln\u0105 wydajno\u015b\u0107 i bezpiecze\u0144stwo, nale\u017cy przestrzega\u0107 wskaz\u00f3wek i zalece\u0144 producenta dotycz\u0105cych instalacji.<\/li>\n<\/ul>\n<ol start=\"2\">\n<li><strong>Po\u0142\u0105czenia hydrauliczne:<\/strong><\/li>\n<\/ol>\n<ul>\n<li>Pod\u0142\u0105cz g\u0142\u00f3wny cylinder prasy do agregatu hydraulicznego za pomoc\u0105 odpowiednich w\u0119\u017cy hydraulicznych i z\u0142\u0105czek.<\/li>\n<li>Sprawd\u017a, czy po\u0142\u0105czenia hydrauliczne s\u0105 szczelne i nie powoduj\u0105 wyciek\u00f3w, aby zagwarantowa\u0107 wydajny transfer p\u0142yn\u00f3w i niezawodn\u0105 prac\u0119.<\/li>\n<\/ul>\n<ol start=\"3\">\n<li><strong>Regulacja ci\u015bnienia:<\/strong><\/li>\n<\/ol>\n<ul>\n<li>Dostosuj ci\u015bnienie hydrauliczne dostarczane do cylindra g\u0142\u00f3wnego prasy zgodnie z wymaganiami konkretnego zastosowania.<\/li>\n<li>Aby okre\u015bli\u0107 zalecany zakres ci\u015bnienia zapewniaj\u0105cy optymaln\u0105 wydajno\u015b\u0107, zapoznaj si\u0119 z instrukcj\u0105 obs\u0142ugi prasy hydraulicznej lub wskaz\u00f3wkami producenta.<\/li>\n<\/ul>\n<ol start=\"4\">\n<li><strong>Sterowanie i obs\u0142uga:<\/strong><\/li>\n<\/ol>\n<ul>\n<li>Si\u0142ownik g\u0142\u00f3wny prasy jest zazwyczaj obs\u0142ugiwany za pomoc\u0105 panelu sterowania lub interfejsu, co pozwala na precyzyjn\u0105 kontrol\u0119 generowania si\u0142y i cyklu prasowania.<\/li>\n<li>Zapoznaj si\u0119 z funkcjami sterowania, takimi jak regulacja si\u0142y, d\u0142ugo\u015b\u0107 skoku i kontrola pr\u0119dko\u015bci, aby uzyska\u0107 po\u017c\u0105dane rezultaty.<\/li>\n<\/ul>\n<h2><strong>Jak dzia\u0142aj\u0105 uk\u0142ady hydrauliczne?<\/strong><\/h2>\n<p>Uk\u0142ady hydrauliczne dzia\u0142aj\u0105 w oparciu o zasad\u0119 przenoszenia si\u0142y za pomoc\u0105 nie\u015bci\u015bliwych p\u0142yn\u00f3w, zazwyczaj oleju hydraulicznego. Uk\u0142ady te s\u0105 powszechnie stosowane w r\u00f3\u017cnych zastosowaniach, od ci\u0119\u017ckich maszyn i sprz\u0119tu budowlanego po uk\u0142ady hamulcowe pojazd\u00f3w i sterowanie samolotami. Oto uproszczone wyja\u015bnienie dzia\u0142ania uk\u0142ad\u00f3w hydraulicznych:<\/p>\n<ol>\n<li><strong>Podstawowe komponenty:<\/strong>\n<ul>\n<li>P\u0142yn hydrauliczny: Zazwyczaj stosuje si\u0119 olej hydrauliczny ze wzgl\u0119du na jego odporno\u015b\u0107 na \u015bciskanie i p\u0142ynny przep\u0142yw.<\/li>\n<li>Pompa: Pompa odpowiada za generowanie przep\u0142ywu p\u0142ynu hydraulicznego poprzez zamian\u0119 energii mechanicznej, takiej jak energia silnika elektrycznego lub spalinowego, na energi\u0119 hydrauliczn\u0105.<\/li>\n<li>Zbiornik: Zbiornik przechowuje p\u0142yn hydrauliczny i pomaga rozproszy\u0107 ciep\u0142o wytwarzane podczas pracy.<\/li>\n<li>Zawory: Zawory steruj\u0105 przep\u0142ywem i kierunkiem p\u0142ynu hydraulicznego w uk\u0142adzie.<\/li>\n<li>Si\u0142owniki: Si\u0142owniki, takie jak cylindry hydrauliczne lub silniki, zamieniaj\u0105 ci\u015bnienie hydrauliczne na si\u0142\u0119 mechaniczn\u0105 lub ruch.<\/li>\n<\/ul>\n<\/li>\n<li><strong>Prawo Pascala:<\/strong><br \/>\nUk\u0142ady hydrauliczne dzia\u0142aj\u0105 w oparciu o prawo Pascala, kt\u00f3re g\u0142osi, \u017ce ci\u015bnienie jest przekazywane jednakowo we wszystkich kierunkach, gdy do p\u0142ynu w przestrzeni zamkni\u0119tej zostanie przy\u0142o\u017cone ci\u015bnienie.<\/li>\n<li><strong>Przep\u0142yw cieczy:<\/strong>\n<ul>\n<li>Pompa hydrauliczna pobiera p\u0142yn hydrauliczny ze zbiornika i wytwarza ci\u015bnienie, wt\u0142aczaj\u0105c p\u0142yn do uk\u0142adu.<\/li>\n<li>P\u0142yn pod ci\u015bnieniem przep\u0142ywa przez przewody hydrauliczne lub rury, kt\u00f3re s\u0105 po\u0142\u0105czone z r\u00f3\u017cnymi komponentami w uk\u0142adzie.<\/li>\n<\/ul>\n<\/li>\n<li><strong>Kontrola przep\u0142ywu cieczy:<\/strong>\n<ul>\n<li>Zawory odgrywaj\u0105 kluczow\u0105 rol\u0119 w kontrolowaniu przep\u0142ywu i kierunku p\u0142ynu hydraulicznego.<\/li>\n<li>Zawory steruj\u0105ce kierunkowe wyznaczaj\u0105 \u015bcie\u017ck\u0119 przep\u0142ywu cieczy, umo\u017cliwiaj\u0105c skierowanie jej do okre\u015blonych si\u0142ownik\u00f3w lub komponent\u00f3w.<\/li>\n<li>Zawory regulacji ci\u015bnienia reguluj\u0105 ci\u015bnienie w uk\u0142adzie, utrzymuj\u0105c je na po\u017c\u0105danym poziomie.<\/li>\n<\/ul>\n<\/li>\n<li><strong>Dzia\u0142anie si\u0142ownika:<\/strong>\n<ul>\n<li>Si\u0142owniki hydrauliczne, takie jak cylindry lub silniki, pobieraj\u0105 z uk\u0142adu p\u0142yn hydrauliczny pod ci\u015bnieniem.<\/li>\n<li>W cylindrze hydraulicznym ciecz pod ci\u015bnieniem wp\u0142ywa do jednej strony cylindra, popychaj\u0105c t\u0142ok i generuj\u0105c si\u0142\u0119 lub ruch liniowy.<\/li>\n<li>W silniku hydraulicznym przep\u0142yw cieczy powoduje obr\u00f3t wirnika silnika, wytwarzaj\u0105c si\u0142\u0119 obrotow\u0105 lub ruch.<\/li>\n<\/ul>\n<\/li>\n<li><strong>Generowanie si\u0142y i ruchu:<\/strong>\n<ul>\n<li>Ci\u015bnienie p\u0142ynu hydraulicznego wytwarzane przez pomp\u0119 wytwarza si\u0142\u0119 w si\u0142ownikach.<\/li>\n<li>Si\u0142a ta jest nast\u0119pnie wykorzystywana do wykonywania pracy, np. podnoszenia ci\u0119\u017ckich \u0142adunk\u00f3w, przesuwania maszyn lub obs\u0142ugi r\u00f3\u017cnych mechanizm\u00f3w.<\/li>\n<\/ul>\n<\/li>\n<li><strong>Kontrola i bezpiecze\u0144stwo:<\/strong>\n<ul>\n<li>Uk\u0142ady hydrauliczne cz\u0119sto zawieraj\u0105 uk\u0142ady sterowania, w tym czujniki, mechanizmy sprz\u0119\u017cenia zwrotnego i sterowanie elektroniczne, kt\u00f3re s\u0142u\u017c\u0105 do regulacji i optymalizacji dzia\u0142ania uk\u0142adu.<\/li>\n<li>Aby zapobiec nadmiernemu ci\u015bnieniu i ochroni\u0107 uk\u0142ad przed uszkodzeniem, montuje si\u0119 takie zabezpieczenia, jak zawory bezpiecze\u0144stwa i zawory ograniczaj\u0105ce ci\u015bnienie.<\/li>\n<\/ul>\n<\/li>\n<\/ol>\n<h2><strong>Mo\u017cliwo\u015bci i pojemno\u015b\u0107 fabryki:<\/strong><\/h2>\n<h3>(1) Monta\u017c<\/h3>\n<p>Dysponujemy najwy\u017cszej klasy niezale\u017cn\u0105 platform\u0105 badawczo-rozwojow\u0105. Warsztat produkcji si\u0142ownik\u00f3w hydraulicznych posiada cztery p\u00f3\u0142automatyczne linie monta\u017cowe si\u0142ownik\u00f3w podnosz\u0105cych i jedn\u0105 automatyczn\u0105 lini\u0119 monta\u017cow\u0105 si\u0142ownik\u00f3w przechy\u0142u, o projektowanej rocznej zdolno\u015bci produkcyjnej 1 miliona sztuk. Specjalny warsztat cylindr\u00f3w jest wyposa\u017cony w r\u00f3\u017cne specyfikacje p\u00f3\u0142automatycznego systemu monta\u017cu czyszcz\u0105cego o projektowanej rocznej zdolno\u015bci produkcyjnej 200 000 i wyposa\u017cony w s\u0142ynny sprz\u0119t do obr\u00f3bki CNC, centrum obr\u00f3bcze, specjalny sprz\u0119t do precyzyjnej obr\u00f3bki cylindr\u00f3w, robot spawalniczy, automatyczna maszyna czyszcz\u0105ca, automatyczna maszyna do monta\u017cu cylindr\u00f3w i automatyczna linia produkcyjna do malowania. Istniej\u0105cy krytyczny sprz\u0119t sk\u0142ada si\u0119 z ponad 300 zestaw\u00f3w. Optymalna alokacja i efektywne wykorzystanie zasob\u00f3w sprz\u0119towych zapewniaj\u0105 wymagania dotycz\u0105ce dok\u0142adno\u015bci produkt\u00f3w i spe\u0142niaj\u0105 potrzeby wysokiej jako\u015bci produkt\u00f3w.<\/p>\n<p><img loading=\"lazy\" decoding=\"async\" class=\"alignnone wp-image-626\" src=\"https:\/\/hydraulic-cylinders.net\/wp-content\/uploads\/2023\/08\/hydraulic-cylinder-product-1-300x158.webp\" alt=\"\" width=\"495\" height=\"260\" srcset=\"https:\/\/hydraulic-cylinders.net\/wp-content\/uploads\/2023\/08\/hydraulic-cylinder-product-1-300x158.webp 495w, https:\/\/hydraulic-cylinders.net\/wp-content\/uploads\/2023\/08\/hydraulic-cylinder-product-1-480x252.webp 480w\" sizes=\"(min-width: 0px) and (max-width: 480px) 480px, (min-width: 481px) 495px, 100vw\" \/> <img loading=\"lazy\" decoding=\"async\" class=\"alignnone wp-image-627\" src=\"https:\/\/hydraulic-cylinders.net\/wp-content\/uploads\/2023\/08\/hydraulic-cylinder-product-2-300x189.webp\" alt=\"\" width=\"413\" height=\"260\" \/><\/p>\n<h3>(2) Obr\u00f3bka<\/h3>\n<p>Warsztat obr\u00f3bki skrawaniem jest wyposa\u017cony w niestandardowe centrum tokarskie z pochylon\u0105 szyn\u0105, centrum obr\u00f3bcze, szybkobie\u017cn\u0105 honownic\u0119, robota spawalniczego i inny powi\u0105zany sprz\u0119t, kt\u00f3ry mo\u017ce obs\u0142ugiwa\u0107 przetwarzanie rur cylindrycznych o maksymalnej \u015brednicy wewn\u0119trznej 400 mm i maksymalnej d\u0142ugo\u015bci 6 metr\u00f3w.<\/p>\n<p><img loading=\"lazy\" decoding=\"async\" class=\"alignnone wp-image-628 size-large\" src=\"https:\/\/hydraulic-cylinders.net\/wp-content\/uploads\/2023\/08\/hydraulic-cylinder-product-3-1024x391.webp\" alt=\"\" width=\"1024\" height=\"391\" srcset=\"https:\/\/hydraulic-cylinders.net\/wp-content\/uploads\/2023\/08\/hydraulic-cylinder-product-3-980x374.webp 980w, https:\/\/hydraulic-cylinders.net\/wp-content\/uploads\/2023\/08\/hydraulic-cylinder-product-3-480x183.webp 480w\" sizes=\"(min-width: 0px) and (max-width: 480px) 480px, (min-width: 481px) and (max-width: 980px) 980px, (min-width: 981px) 1024px, 100vw\" \/><\/p>\n<h3>(3) Spawanie<\/h3>\n<p><img loading=\"lazy\" decoding=\"async\" class=\"alignnone wp-image-629 size-large\" src=\"https:\/\/hydraulic-cylinders.net\/wp-content\/uploads\/2023\/08\/hydraulic-cylinder-product-4-1024x510.webp\" alt=\"\" width=\"1024\" height=\"510\" srcset=\"https:\/\/hydraulic-cylinders.net\/wp-content\/uploads\/2023\/08\/hydraulic-cylinder-product-4-980x488.webp 980w, https:\/\/hydraulic-cylinders.net\/wp-content\/uploads\/2023\/08\/hydraulic-cylinder-product-4-480x239.webp 480w\" sizes=\"(min-width: 0px) and (max-width: 480px) 480px, (min-width: 481px) and (max-width: 980px) 980px, (min-width: 981px) 1024px, 100vw\" \/><\/p>\n<h3>(4) Malowanie i powlekanie<\/h3>\n<p>Z ma\u0142ymi i \u015brednimi automatycznymi liniami do powlekania farbami na bazie wody, w celu osi\u0105gni\u0119cia automatycznego za\u0142adunku i roz\u0142adunku robota oraz automatycznego natryskiwania, wydajno\u015b\u0107 projektowa 4000 sztuk na zmian\u0119;<br \/>\nPosiadamy r\u00f3wnie\u017c p\u00f3\u0142automatyczn\u0105 lini\u0119 do produkcji farb do du\u017cych cylindr\u00f3w nap\u0119dzan\u0105 \u0142a\u0144cuchem nap\u0119dowym, o wydajno\u015bci 60 skrzy\u0144 na zmian\u0119.<\/p>\n<p><img loading=\"lazy\" decoding=\"async\" class=\"alignnone wp-image-630\" src=\"https:\/\/hydraulic-cylinders.net\/wp-content\/uploads\/2023\/08\/hydraulic-cylinder-product-5-300x213.webp\" alt=\"\" width=\"366\" height=\"260\" \/> <img loading=\"lazy\" decoding=\"async\" class=\"alignnone wp-image-631\" src=\"https:\/\/hydraulic-cylinders.net\/wp-content\/uploads\/2023\/08\/hydraulic-cylinder-product-6-300x225.webp\" alt=\"\" width=\"347\" height=\"260\" \/><\/p>\n<h3>(5) Testowanie<\/h3>\n<p>Dysponujemy najwy\u017cszej klasy urz\u0105dzeniami kontrolnymi i stanowiskami testowymi, aby zapewni\u0107, \u017ce wydajno\u015b\u0107 cylindra spe\u0142nia wymagania.<\/p>\n<p><img loading=\"lazy\" decoding=\"async\" class=\"alignnone wp-image-632\" src=\"https:\/\/hydraulic-cylinders.net\/wp-content\/uploads\/2023\/08\/hydraulic-cylinder-product-8-300x200.webp\" alt=\"\" width=\"389\" height=\"260\" \/><\/p>\n<p>&nbsp;<\/p>\n<p>&nbsp;<\/p>\n<p>Jeste\u015bmy jednym z najlepszych producent\u00f3w cylindr\u00f3w hydraulicznych. Oferujemy kompleksow\u0105 ofert\u0119 cylindr\u00f3w hydraulicznych. Dostarczamy r\u00f3wnie\u017c\u2026 <a href=\"https:\/\/hzpt.com\/agricultural-pto-gearbox\/\" target=\"_blank\" rel=\"noopener\">przek\u0142adnie rolnicze<\/a>. Eksportowali\u015bmy nasze produkty do klient\u00f3w na ca\u0142ym \u015bwiecie i zdobyli\u015bmy dobr\u0105 reputacj\u0119 dzi\u0119ki najwy\u017cszej jako\u015bci produkt\u00f3w i us\u0142ug posprzeda\u017cnych. Zapraszamy klient\u00f3w w kraju i za granic\u0105 do kontaktu z nami w celu negocjacji biznesowych, wymiany informacji i <a href=\"https:\/\/www.hydraulic-cylinders.net\/pl\/contact-us\/\">wsp\u00f3\u0142pracowa\u0107 z nami<\/a>!<\/p>","protected":false},"excerpt":{"rendered":"<p>Press Master Cylinder The press master cylinder is an essential component in hydraulic presses, designed to deliver precise and powerful force for a wide range of industrial applications. The press master cylinder is a powerhouse component that empowers hydraulic presses with precision and power. With its robust construction, precision force generation, and high power output, [&hellip;]<\/p>","protected":false},"featured_media":1618,"comment_status":"open","ping_status":"closed","template":"","meta":{"_et_pb_use_builder":"","_et_pb_old_content":"","_et_gb_content_width":""},"product_brand":[],"product_cat":[1522,1549,1376],"product_tag":[1380],"class_list":{"0":"post-1616","1":"product","2":"type-product","3":"status-publish","4":"has-post-thumbnail","6":"product_cat-press-hydraulic-cylinders","7":"product_cat-single-acting-hydraulic-cylinder","8":"product_cat-hydraulic-cylinder","9":"product_tag-hydraulic-cylinder","11":"first","12":"instock","13":"shipping-taxable","14":"product-type-simple"},"amp_enabled":true,"_links":{"self":[{"href":"https:\/\/www.hydraulic-cylinders.net\/pl\/wp-json\/wp\/v2\/product\/1616","targetHints":{"allow":["GET"]}}],"collection":[{"href":"https:\/\/www.hydraulic-cylinders.net\/pl\/wp-json\/wp\/v2\/product"}],"about":[{"href":"https:\/\/www.hydraulic-cylinders.net\/pl\/wp-json\/wp\/v2\/types\/product"}],"replies":[{"embeddable":true,"href":"https:\/\/www.hydraulic-cylinders.net\/pl\/wp-json\/wp\/v2\/comments?post=1616"}],"wp:featuredmedia":[{"embeddable":true,"href":"https:\/\/www.hydraulic-cylinders.net\/pl\/wp-json\/wp\/v2\/media\/1618"}],"wp:attachment":[{"href":"https:\/\/www.hydraulic-cylinders.net\/pl\/wp-json\/wp\/v2\/media?parent=1616"}],"wp:term":[{"taxonomy":"product_brand","embeddable":true,"href":"https:\/\/www.hydraulic-cylinders.net\/pl\/wp-json\/wp\/v2\/product_brand?post=1616"},{"taxonomy":"product_cat","embeddable":true,"href":"https:\/\/www.hydraulic-cylinders.net\/pl\/wp-json\/wp\/v2\/product_cat?post=1616"},{"taxonomy":"product_tag","embeddable":true,"href":"https:\/\/www.hydraulic-cylinders.net\/pl\/wp-json\/wp\/v2\/product_tag?post=1616"}],"curies":[{"name":"wp","href":"https:\/\/api.w.org\/{rel}","templated":true}]}}