{"id":16165,"date":"2025-01-20T08:35:01","date_gmt":"2025-01-20T08:35:01","guid":{"rendered":"https:\/\/www.hydraulic-cylinders.net\/product\/arm-cylinderfor-caterpillar-middle-excavator-e325d\/"},"modified":"2025-01-20T08:35:03","modified_gmt":"2025-01-20T08:35:03","slug":"arm-cylinderfor-caterpillar-middle-excavator-e325d","status":"publish","type":"product","link":"https:\/\/www.hydraulic-cylinders.net\/pl\/produkt\/arm-cylinderfor-caterpillar-middle-excavator-e325d\/","title":{"rendered":"Si\u0142ownik ramienia do koparki Caterpillar Middle Excavator E325D"},"content":{"rendered":"<h1>Si\u0142ownik ramienia do koparki Caterpillar Middle Excavator E325D<\/h1>\n<h2>Wst\u0119p<\/h2>\n<p>Si\u0142ownik ramienia to specjalistyczny si\u0142ownik hydrauliczny zaprojektowany do zapewnienia ruchu liniowego i zasilania ramienia r\u00f3\u017cnych maszyn, takich jak koparki, d\u017awigi i ramiona mechaniczne. Odgrywa kluczow\u0105 rol\u0119 w uk\u0142adach hydraulicznych, umo\u017cliwiaj\u0105c efektywny ruch i sterowanie osprz\u0119tem lub akcesoriami. Si\u0142owniki te nie tylko zapewniaj\u0105 p\u0142ynny ruch, ale tak\u017ce wytrzymuj\u0105 du\u017ce obci\u0105\u017cenia, gwarantuj\u0105c wydajn\u0105 prac\u0119 i niezawodno\u015b\u0107 maszyn w r\u00f3\u017cnych warunkach pracy.<\/p>\n<p><img decoding=\"async\" src=\"https:\/\/www.hydraulic-cylinders.net\/wp-content\/uploads\/2025\/01\/songte-company-2.webp\" alt=\"Obraz cylindra hydraulicznego\"><\/p>\n<h2>Cechy<\/h2>\n<ul>\n<li>Wydajne przenoszenie mocy: Cylinder ramienia zapewnia mocny ruch liniowy i si\u0142\u0119, gwarantuj\u0105c wysok\u0105 wydajno\u015b\u0107 ramienia mechanicznego podczas r\u00f3\u017cnych operacji.<\/li>\n<li>Precyzyjna kontrola: Dzi\u0119ki uk\u0142adowi hydraulicznemu si\u0142ownik ramienia mo\u017ce uzyska\u0107 precyzyjn\u0105 kontrol\u0119 ruchu, co sprawia, \u017ce \u200b\u200bobs\u0142uga osprz\u0119tu jest bardziej elastyczna i dok\u0142adna.<\/li>\n<li>Wysoka trwa\u0142o\u015b\u0107: Cylindry ramienia s\u0105 zwykle wykonane z materia\u0142\u00f3w o wysokiej wytrzyma\u0142o\u015bci, z dobr\u0105 odporno\u015bci\u0105 na zu\u017cycie i korozj\u0119, odpowiednich do d\u0142ugotrwa\u0142ego u\u017cytkowania w trudnych warunkach.<\/li>\n<li>Wielofunkcyjna mo\u017cliwo\u015b\u0107 adaptacji: Te cylindry mo\u017cna szeroko stosowa\u0107 w r\u00f3\u017cnych urz\u0105dzeniach mechanicznych, takich jak koparki, d\u017awigi i ramiona mechaniczne, dostosowuj\u0105c si\u0119 do r\u00f3\u017cnych wymaga\u0144 roboczych.<\/li>\n<li>\u0141atwa konserwacja: Zaprojektowano je z my\u015bl\u0105 o \u0142atwej konserwacji i wymianie, dzi\u0119ki czemu regularne kontrole i konserwacje s\u0105 wygodniejsze, a przestoje sprz\u0119tu skr\u00f3cone.<\/li>\n<\/ul>\n<p>Jeste\u015bmy w stanie wyprodukowa\u0107 ten produkt i nasz produkt mo\u017ce doskonale zast\u0105pi\u0107 te cylindry hydrauliczne.<\/p>\n<p><img decoding=\"async\" src=\"https:\/\/www.hydraulic-cylinders.net\/wp-content\/uploads\/2025\/01\/songte-oil-pipes-and-spare-parts.webp\" alt=\"Obraz cz\u0119\u015bci cylindra hydraulicznego\"><\/p>\n<h2>Aplikacje<\/h2>\n<p>Cylindry ramieniowe maj\u0105 szeroki zakres zastosowa\u0144, w tym:<\/p>\n<ul>\n<li>\n<h3>In\u017cynieria budowlana:<\/h3>\n<p> W koparkach i d\u017awigach si\u0142owniki ramienia s\u0142u\u017c\u0105 do sterowania ruchem \u0142y\u017cki lub wysi\u0119gnika podczas prac ziemnych, przenoszenia materia\u0142\u00f3w i instalacji konstrukcyjnych.<\/li>\n<li>\n<h3>Produkcja:<\/h3>\n<p> W zautomatyzowanych liniach produkcyjnych si\u0142owniki ramieniowe s\u0142u\u017c\u0105 do poruszania ramionami mechanicznymi podczas monta\u017cu, spawania i obs\u0142ugi, co zwi\u0119ksza wydajno\u015b\u0107 i dok\u0142adno\u015b\u0107 produkcji.<\/li>\n<li>\n<h3>Maszyny rolnicze:<\/h3>\n<p> W maszynach rolniczych, takich jak kombajny i siewniki, si\u0142owniki ramion steruj\u0105 ruchem ramion roboczych, co umo\u017cliwia wykonywanie takich zada\u0144, jak siew, nawo\u017cenie i zbi\u00f3r.<\/li>\n<li>\n<h3>G\u00f3rnictwo:<\/h3>\n<p> W sprz\u0119cie g\u00f3rniczym cylindry ramieniowe s\u0142u\u017c\u0105 do sterowania ruchem ramienia sprz\u0119tu g\u00f3rniczego w celu wydobywania i transportu rudy.<\/li>\n<li>\n<h3>Logistyka i transport:<\/h3>\n<p> W w\u00f3zkach wid\u0142owych i robotach prze\u0142adunkowych si\u0142owniki ramion s\u0142u\u017c\u0105 do sterowania podnoszeniem i ruchem wide\u0142, co umo\u017cliwia obs\u0142ug\u0119 i uk\u0142adanie materia\u0142\u00f3w.<\/li>\n<\/ul>\n<h2>Zagadnienia projektowe i kryteria wyboru<\/h2>\n<p>Przy projektowaniu i doborze cylindr\u00f3w ramieniowych nale\u017cy wzi\u0105\u0107 pod uwag\u0119 nast\u0119puj\u0105ce czynniki:<\/p>\n<ul>\n<li>\n<h3>No\u015bno\u015b\u0107:<\/h3>\n<p> Si\u0142ownik ramienia powinien wytrzyma\u0107 wymagane obci\u0105\u017cenie, co zapewni bezpieczn\u0105 i niezawodn\u0105 prac\u0119.<\/li>\n<li>\n<h3>Opiecz\u0119towanie:<\/h3>\n<p> Aby zapobiec wyciekom p\u0142ynu i zagwarantowa\u0107 wydajn\u0105 prac\u0119, nale\u017cy stosowa\u0107 r\u00f3\u017cne elementy uszczelniaj\u0105ce, takie jak uszczelki t\u0142okowe i uszczelki t\u0142oczyskowe.<\/li>\n<li>\n<h3>Trwa\u0142o\u015b\u0107:<\/h3>\n<p> Cylindry ramienia powinny by\u0107 wykonane z materia\u0142\u00f3w o du\u017cej wytrzyma\u0142o\u015bci i odporno\u015bci na zu\u017cycie, aby mog\u0142y wytrzyma\u0107 trudne warunki pracy.<\/li>\n<li>\n<h3>Bezpiecze\u0144stwo:<\/h3>\n<p> Cylinder powinien by\u0107 tak zaprojektowany, aby zapobiega\u0107 wypadkom, takim jak przytrza\u015bni\u0119cie lub zmia\u017cd\u017cenie, poprzez zastosowanie urz\u0105dze\u0144 zabezpieczaj\u0105cych, takich jak poduszki i ko\u0142nierze.<\/li>\n<li>\n<h3>Konserwacja:<\/h3>\n<p> Cylinder powinien by\u0107 zaprojektowany w spos\u00f3b umo\u017cliwiaj\u0105cy \u0142atw\u0105 konserwacj\u0119 i wymian\u0119 podzespo\u0142\u00f3w, co skr\u00f3ci przestoje sprz\u0119tu.<\/li>\n<\/ul>\n<p><img decoding=\"async\" src=\"https:\/\/www.hydraulic-cylinders.net\/wp-content\/uploads\/2025\/01\/songte-cylinder-head-with-all-kinds-excavator-models.webp\" alt=\"Obraz g\u0142owicy cylindra hydraulicznego\"><\/p>\n<h2>Uszczelnianie i smarowanie<\/h2>\n<p>Aby zapobiec wyciekom p\u0142ynu i zapewni\u0107 wydajn\u0105 prac\u0119, nale\u017cy stosowa\u0107 r\u00f3\u017cne elementy uszczelniaj\u0105ce, takie jak uszczelnienia t\u0142oka i t\u0142oczyska. Elementy uszczelniaj\u0105ce nale\u017cy dobiera\u0107 na podstawie ich odporno\u015bci na zu\u017cycie, kompatybilno\u015bci chemicznej i warunk\u00f3w pracy. Korpus cylindra i powierzchnia gwintu powinny by\u0107 precyzyjnie obrobione, aby zwi\u0119kszy\u0107 odporno\u015b\u0107 na zu\u017cycie. Regularne smarowanie odpowiedni\u0105 ilo\u015bci\u0105 oleju hydraulicznego jest r\u00f3wnie\u017c niezb\u0119dne dla zapewnienia prawid\u0142owej pracy.<\/p>\n<p><img decoding=\"async\" src=\"https:\/\/www.hydraulic-cylinders.net\/wp-content\/uploads\/2025\/01\/songte-chushion-collar.webp\" alt=\"Obraz ko\u0142nierza amortyzuj\u0105cego si\u0142ownika hydraulicznego\"><\/p>\n<h2>Konserwacja i rozwi\u0105zywanie problem\u00f3w<\/h2>\n<p>Aby zapewni\u0107 wydajn\u0105 i niezawodn\u0105 prac\u0119, si\u0142owniki ramienia nale\u017cy regularnie kontrolowa\u0107 i konserwowa\u0107. Mo\u017cna podj\u0105\u0107 nast\u0119puj\u0105ce \u015brodki zapobiegawcze:<\/p>\n<ul>\n<li>Nale\u017cy regularnie sprawdza\u0107, czy elementy uszczelniaj\u0105ce nie s\u0105 uszkodzone lub zu\u017cyte; w razie potrzeby nale\u017cy je wymieni\u0107.<\/li>\n<li>Regularnie sprawdzaj korpus cylindra oraz t\u0142oczysko pod k\u0105tem uszkodze\u0144 lub zu\u017cycia i w razie potrzeby wymie\u0144 je.<\/li>\n<li>Regularnie smaruj cylinder odpowiedni\u0105 ilo\u015bci\u0105 oleju hydraulicznego.<\/li>\n<li>Przed rozpocz\u0119ciem sezonu roboczego nale\u017cy przeprowadzi\u0107 konserwacj\u0119 zapobiegawcz\u0105, aby mie\u0107 pewno\u015b\u0107, \u017ce sprz\u0119t dzia\u0142a prawid\u0142owo.<\/li>\n<\/ul>\n<p>Rozwi\u0105zuj\u0105c typowe problemy, takie jak spowolnienie ruchu lub wyciek p\u0142ynu, niezb\u0119dna jest dok\u0142adna diagnoza problemu i podj\u0119cie odpowiednich dzia\u0142a\u0144. Mo\u017cliwe rozwi\u0105zania obejmuj\u0105 wymian\u0119 uszkodzonych lub zu\u017cytych cz\u0119\u015bci, regulacj\u0119 ci\u015bnienia w uk\u0142adzie hydraulicznym oraz czyszczenie korpusu cylindra i t\u0142oczyska. Aby zminimalizowa\u0107 potencjalne problemy, zaleca si\u0119 regularn\u0105 konserwacj\u0119 i przegl\u0105dy.<\/p>\n<h2>Przewodnik instalacji<\/h2>\n<p>Proces monta\u017cu cylindra ramienia powinien przebiega\u0107 wed\u0142ug nast\u0119puj\u0105cych krok\u00f3w:<\/p>\n<ul>\n<li>Przygotuj narz\u0119dzia i materia\u0142y instalacyjne, w tym olej hydrauliczny, elementy uszczelniaj\u0105ce i elementy mocuj\u0105ce.<\/li>\n<li>Wyjmij stary cylinder i wyczy\u015b\u0107 miejsce instalacji.<\/li>\n<li>Zamontuj nowy cylinder i dokr\u0119\u0107 elementy mocuj\u0105ce.<\/li>\n<li>Pod\u0142\u0105cz przew\u00f3d oleju hydraulicznego i inne akcesoria.<\/li>\n<li>Sprawd\u017a dzia\u0142anie cylindra, aby upewni\u0107 si\u0119, \u017ce zosta\u0142 zainstalowany prawid\u0142owo i dzia\u0142a prawid\u0142owo.<\/li>\n<\/ul>\n<p><img decoding=\"async\" src=\"https:\/\/www.hydraulic-cylinders.net\/wp-content\/uploads\/2025\/01\/songte-bushings-with-all-kinds-of-excavator-models.webp\" alt=\"Obraz tulei cylindr\u00f3w hydraulicznych\"><\/p>\n<h2>O nas<\/h2>\n<p>Jeste\u015bmy profesjonalnym producentem zamiennych cylindr\u00f3w hydraulicznych, oferuj\u0105cym szerok\u0105 gam\u0119 produkt\u00f3w. Stali\u015bmy si\u0119 jednym z wiod\u0105cych producent\u00f3w i hurtowych dystrybutor\u00f3w cylindr\u00f3w hydraulicznych na rynku krajowym i mi\u0119dzynarodowym. Zawsze przestrzegamy zasady doskona\u0142ej jako\u015bci, opieramy si\u0119 na strategii przemys\u0142owego zarz\u0105dzania produkcj\u0105 w dopracowanym warsztacie produkcyjnym, stale podnosz\u0105c poziom techniczny i wydajno\u015b\u0107 produkcji. Wprowadzaj\u0105c wysokiej klasy cyfrowy sprz\u0119t produkcyjny i profesjonalne systemy testowe, optymalizujemy platform\u0119 produkcyjn\u0105, usprawniamy proces kontroli jako\u015bci produkt\u00f3w i dysponujemy silnymi mo\u017cliwo\u015bciami innowacyjnymi. Naszym celem jest zaspokajanie zr\u00f3\u017cnicowanych potrzeb klient\u00f3w poprzez wysok\u0105 wydajno\u015b\u0107, precyzj\u0119 i wysok\u0105 jako\u015b\u0107.<\/p>\n<p>Nasza firma oferuje profesjonalne, certyfikowane na ca\u0142ym \u015bwiecie, zindywidualizowane us\u0142ugi, zaawansowany sprz\u0119t produkcyjny oraz doskona\u0142\u0105 obs\u0142ug\u0119 posprzeda\u017cow\u0105. Posiadamy certyfikaty ISO9001:2015 i CE, co gwarantuje jako\u015b\u0107 i bezpiecze\u0144stwo naszych produkt\u00f3w. Oferujemy us\u0142ugi dostosowane do indywidualnych potrzeb klienta i mo\u017cemy produkowa\u0107 niestandardowe cylindry wed\u0142ug jego rysunk\u00f3w technicznych. Dysponujemy zaawansowanym sprz\u0119tem do obr\u00f3bki, takim jak tokarki CNC, szlifierki i frezarki, aby zapewni\u0107 wysok\u0105 jako\u015b\u0107 produkt\u00f3w i wydajno\u015b\u0107 produkcji. Nasz zesp\u00f3\u0142 obs\u0142ugi posprzeda\u017cowej zapewnia profesjonalne wsparcie techniczne i sprawn\u0105 obs\u0142ug\u0119 posprzeda\u017cow\u0105, aby zagwarantowa\u0107 satysfakcj\u0119 klienta.<\/p>\n<p><img decoding=\"async\" src=\"https:\/\/www.hydraulic-cylinders.net\/wp-content\/uploads\/2025\/01\/songte-company-4.webp\" alt=\"Obraz firmy produkuj\u0105cej si\u0142owniki hydrauliczne\"><br \/>\n<img decoding=\"async\" src=\"https:\/\/www.hydraulic-cylinders.net\/wp-content\/uploads\/2025\/01\/songte-company-3.webp\" alt=\"Obraz firmy produkuj\u0105cej si\u0142owniki hydrauliczne\"><\/p>\n<p>Autor: lyl<\/p>","protected":false},"excerpt":{"rendered":"<p>Arm Cylinder For Caterpillar Middle Excavator E325D Introduction The arm cylinder is a specialized hydraulic cylinder designed to provide linear motion and power to the arm of various machines such as excavators, cranes, and mechanical arms. It plays a critical role in hydraulic systems, enabling the effective movement and control of attachments or accessories. These [&hellip;]<\/p>","protected":false},"featured_media":14779,"comment_status":"open","ping_status":"closed","template":"","meta":{"_et_pb_use_builder":"","_et_pb_old_content":"","_et_gb_content_width":""},"product_brand":[],"product_cat":[1497],"product_tag":[1498,1496],"class_list":{"0":"post-16165","1":"product","2":"type-product","3":"status-publish","4":"has-post-thumbnail","6":"product_cat-arm-cylinders","7":"product_tag-arm-cylinders","8":"product_tag-hydraulic-cylinders","10":"first","11":"instock","12":"shipping-taxable","13":"product-type-simple"},"amp_enabled":true,"_links":{"self":[{"href":"https:\/\/www.hydraulic-cylinders.net\/pl\/wp-json\/wp\/v2\/product\/16165","targetHints":{"allow":["GET"]}}],"collection":[{"href":"https:\/\/www.hydraulic-cylinders.net\/pl\/wp-json\/wp\/v2\/product"}],"about":[{"href":"https:\/\/www.hydraulic-cylinders.net\/pl\/wp-json\/wp\/v2\/types\/product"}],"replies":[{"embeddable":true,"href":"https:\/\/www.hydraulic-cylinders.net\/pl\/wp-json\/wp\/v2\/comments?post=16165"}],"wp:featuredmedia":[{"embeddable":true,"href":"https:\/\/www.hydraulic-cylinders.net\/pl\/wp-json\/wp\/v2\/media\/14779"}],"wp:attachment":[{"href":"https:\/\/www.hydraulic-cylinders.net\/pl\/wp-json\/wp\/v2\/media?parent=16165"}],"wp:term":[{"taxonomy":"product_brand","embeddable":true,"href":"https:\/\/www.hydraulic-cylinders.net\/pl\/wp-json\/wp\/v2\/product_brand?post=16165"},{"taxonomy":"product_cat","embeddable":true,"href":"https:\/\/www.hydraulic-cylinders.net\/pl\/wp-json\/wp\/v2\/product_cat?post=16165"},{"taxonomy":"product_tag","embeddable":true,"href":"https:\/\/www.hydraulic-cylinders.net\/pl\/wp-json\/wp\/v2\/product_tag?post=16165"}],"curies":[{"name":"wp","href":"https:\/\/api.w.org\/{rel}","templated":true}]}}