{"id":16194,"date":"2025-01-20T08:38:43","date_gmt":"2025-01-20T08:38:43","guid":{"rendered":"https:\/\/www.hydraulic-cylinders.net\/product\/arm-cylinderfor-doosan-small-excavator-dh80-7\/"},"modified":"2025-01-20T08:38:44","modified_gmt":"2025-01-20T08:38:44","slug":"arm-cylinderfor-doosan-small-excavator-dh80-7","status":"publish","type":"product","link":"https:\/\/www.hydraulic-cylinders.net\/pl\/produkt\/arm-cylinderfor-doosan-small-excavator-dh80-7\/","title":{"rendered":"Si\u0142ownik ramienia do ma\u0142ej koparki Doosan DH80-7"},"content":{"rendered":"<h2>Si\u0142ownik ramienia do ma\u0142ej koparki Doosan DH80-7<\/h2>\n<p>Wst\u0119p:<\/p>\n<p>Si\u0142ownik ramienia do ma\u0142ej koparki Doosan DH80-7 to specjalistyczny si\u0142ownik hydrauliczny zaprojektowany do zapewnienia ruchu liniowego i zasilania ramienia r\u00f3\u017cnych maszyn, takich jak koparki, d\u017awigi i ramiona robot\u00f3w. Si\u0142ownik ramienia odgrywa kluczow\u0105 rol\u0119 w uk\u0142adach hydraulicznych, umo\u017cliwiaj\u0105c efektywny ruch i sterowanie dodatkowymi narz\u0119dziami lub osprz\u0119tem. Si\u0142owniki te nie tylko zapewniaj\u0105 p\u0142ynny ruch, ale tak\u017ce wytrzymuj\u0105 du\u017ce obci\u0105\u017cenia, gwarantuj\u0105c wysok\u0105 wydajno\u015b\u0107 i niezawodno\u015b\u0107 maszyn w r\u00f3\u017cnych warunkach pracy.<\/p>\n<p><img decoding=\"async\" src=\"https:\/\/www.hydraulic-cylinders.net\/wp-content\/uploads\/2025\/01\/songte-company-2.webp\" alt=\"Obraz cylindra ramienia\"><\/p>\n<h2>Cechy:<\/h2>\n<ul>\n<li><strong>Wysoka wydajno\u015b\u0107 transmisji:<\/strong> Si\u0142ownik ramienia zapewnia mocny ruch liniowy i si\u0142\u0119, gwarantuj\u0105c wysok\u0105 wydajno\u015b\u0107 ramienia mechanicznego w r\u00f3\u017cnych operacjach.<\/li>\n<li><strong>Precyzyjna kontrola:<\/strong> Dzi\u0119ki uk\u0142adowi hydraulicznemu si\u0142ownik ramienia umo\u017cliwia precyzyjn\u0105 kontrol\u0119 ruchu, co sprawia, \u017ce \u200b\u200bobs\u0142uga dodatkowych narz\u0119dzi jest bardziej elastyczna i dok\u0142adna.<\/li>\n<li><strong>Trwa\u0142o\u015b\u0107:<\/strong> Cylindry ramienia s\u0105 zazwyczaj wykonane z materia\u0142\u00f3w o wysokiej wytrzyma\u0142o\u015bci, zapewniaj\u0105cych doskona\u0142\u0105 odporno\u015b\u0107 na zu\u017cycie i korozj\u0119, dzi\u0119ki czemu nadaj\u0105 si\u0119 do d\u0142ugotrwa\u0142ego u\u017cytkowania w trudnych warunkach.<\/li>\n<li><strong>Wszechstronna adaptowalno\u015b\u0107:<\/strong> Cylindry te mo\u017cna powszechnie stosowa\u0107 w r\u00f3\u017cnych maszynach, m.in. koparkach, d\u017awigach i ramionach robot\u00f3w, zaspokajaj\u0105c r\u00f3\u017cne potrzeby operacyjne.<\/li>\n<li><strong>\u0141atwa konserwacja:<\/strong> Zaprojektowany z my\u015bl\u0105 o konserwacji i wymianie si\u0142ownik ramienia umo\u017cliwia wygodne okresowe kontrole i konserwacj\u0119, redukuj\u0105c przestoje sprz\u0119tu.<\/li>\n<\/ul>\n<p><img decoding=\"async\" src=\"https:\/\/www.hydraulic-cylinders.net\/wp-content\/uploads\/2025\/01\/songte-oil-pipes-and-spare-parts.webp\" alt=\"Obraz cylindra hydraulicznego\"><\/p>\n<h2>Zastosowania:<\/h2>\n<p>Si\u0142ownik ramienia do ma\u0142ej koparki Doosan DH80-7 znajduje zastosowanie w r\u00f3\u017cnych ga\u0142\u0119ziach przemys\u0142u:<\/p>\n<ul>\n<li><strong>In\u017cynieria budowlana:<\/strong> W koparkach i d\u017awigach si\u0142ownik ramienia s\u0142u\u017cy do sterowania ruchem \u0142y\u017cki lub wysi\u0119gnika podczas rob\u00f3t ziemnych, przenoszenia materia\u0142\u00f3w i instalacji konstrukcyjnych.<\/li>\n<li><strong>Produkcja:<\/strong> W zautomatyzowanych liniach produkcyjnych si\u0142ownik ramienia u\u0142atwia ruch ramion robota podczas monta\u017cu, spawania i obs\u0142ugi materia\u0142\u00f3w, zwi\u0119kszaj\u0105c wydajno\u015b\u0107 i precyzj\u0119 produkcji.<\/li>\n<li><strong>Maszyny rolnicze:<\/strong> W sprz\u0119cie rolniczym, takim jak kombajny i siewniki, si\u0142ownik ramienia steruje ruchem ramienia roboczego podczas wykonywania takich zada\u0144, jak sadzenie, nawo\u017cenie i zbi\u00f3r.<\/li>\n<li><strong>G\u00f3rnictwo:<\/strong> W sprz\u0119cie g\u00f3rniczym si\u0142ownik ramienia steruje ruchem ramienia urz\u0105dzenia g\u00f3rniczego, umo\u017cliwiaj\u0105c wydobycie i transport rudy.<\/li>\n<li><strong>Logistyka i transport:<\/strong> W w\u00f3zkach wid\u0142owych i robotach prze\u0142adunkowych si\u0142ownik ramienia steruje podnoszeniem i ruchem wide\u0142, u\u0142atwiaj\u0105c przenoszenie materia\u0142\u00f3w i operacje uk\u0142adania.<\/li>\n<\/ul>\n<h2>Zagadnienia projektowe i standardy wyboru:<\/h2>\n<p>Je\u015bli chodzi o kwestie projektowe i standardy wyboru cylindra ramienia, kluczow\u0105 rol\u0119 odgrywa kilka czynnik\u00f3w:<\/p>\n<ul>\n<li><strong>No\u015bno\u015b\u0107:<\/strong> Si\u0142ownik ramienia powinien by\u0107 zaprojektowany w taki spos\u00f3b, aby wytrzymywa\u0142 zamierzone obci\u0105\u017cenia i warunki pracy.<\/li>\n<li><strong>Opiecz\u0119towanie:<\/strong> Nale\u017cy stosowa\u0107 r\u00f3\u017cne elementy uszczelniaj\u0105ce, takie jak uszczelnienia t\u0142ok\u00f3w i t\u0142oczysk, aby zapewni\u0107 skuteczne uszczelnienie i u\u017cywa\u0107 materia\u0142\u00f3w odpornych na zu\u017cycie, takich jak poliuretan i kauczuk nitrylowy.<\/li>\n<li><strong>Trwa\u0142o\u015b\u0107:<\/strong> Korpus cylindra i gwintowane ko\u0144ce nale\u017cy podda\u0107 precyzyjnej obr\u00f3bce w celu zwi\u0119kszenia odporno\u015bci na zu\u017cycie.<\/li>\n<li><strong>Bezpiecze\u0144stwo:<\/strong> Projektuj\u0105c butl\u0119 nale\u017cy bra\u0107 pod uwag\u0119 kwestie bezpiecze\u0144stwa, gwarantuj\u0105c bezpieczn\u0105 prac\u0119 butli i zapobiegaj\u0105c potencjalnym zagro\u017ceniom.<\/li>\n<li><strong>Utrzymywalno\u015b\u0107:<\/strong> Aby zapewni\u0107 d\u0142ugowieczno\u015b\u0107 i optymaln\u0105 wydajno\u015b\u0107 si\u0142ownika ramienia, nale\u017cy regularnie przeprowadza\u0107 kontrole i podejmowa\u0107 dzia\u0142ania zapobiegawcze.<\/li>\n<\/ul>\n<p><img decoding=\"async\" src=\"https:\/\/www.hydraulic-cylinders.net\/wp-content\/uploads\/2025\/01\/songte-cylinder-head-with-all-kinds-excavator-models.webp\" alt=\"Obraz g\u0142owicy cylindra\"><\/p>\n<h2>Uszczelnianie i smarowanie:<\/h2>\n<p>Si\u0142ownik ramienia do ma\u0142ej koparki Doosan DH80-7 wykorzystuje r\u00f3\u017cnorodne elementy uszczelniaj\u0105ce, takie jak uszczelnienia t\u0142oka i t\u0142oczyska, wykonane z trwa\u0142ych materia\u0142\u00f3w, takich jak poliuretan i kauczuk nitrylowy. Korpus si\u0142ownika i gwintowane ko\u0144c\u00f3wki s\u0105 poddawane starannej obr\u00f3bce w celu zwi\u0119kszenia odporno\u015bci na zu\u017cycie. Regularne smarowanie odpowiedni\u0105 ilo\u015bci\u0105 oleju hydraulicznego jest niezb\u0119dne do zapewnienia prawid\u0142owej pracy.<\/p>\n<h2>Regularne kontrole i konserwacja zapobiegawcza:<\/h2>\n<p>Aby zachowa\u0107 wydajno\u015b\u0107 cylindra ramienia, nale\u017cy podj\u0105\u0107 nast\u0119puj\u0105ce \u015brodki zapobiegawcze:<\/p>\n<ul>\n<li>Regularnie sprawdzaj cylinder pod k\u0105tem oznak zu\u017cycia, nieszczelno\u015bci lub uszkodze\u0144.<\/li>\n<li>Nale\u017cy zapewni\u0107 odpowiednie smarowanie poprzez okresowe sprawdzanie i uzupe\u0142nianie oleju hydraulicznego.<\/li>\n<li>Niezw\u0142ocznie dokr\u0119\u0107 wszelkie lu\u017ane po\u0142\u0105czenia i wymie\u0144 zu\u017cyte uszczelki lub elementy.<\/li>\n<li>Nale\u017cy przestrzega\u0107 wytycznych producenta dotycz\u0105cych cz\u0119stotliwo\u015bci konserwacji i procedur kontroli.<\/li>\n<\/ul>\n<h2>Instrukcja instalacji produktu:<\/h2>\n<p>Aby prawid\u0142owo zamontowa\u0107 si\u0142ownik ramienia do ma\u0142ej koparki Doosan DH80-7, nale\u017cy wykona\u0107 nast\u0119puj\u0105ce czynno\u015bci:<\/p>\n<ol>\n<li>Upewnij si\u0119, \u017ce urz\u0105dzenie jest bezpiecznie wy\u0142\u0105czone i stabilne.<\/li>\n<li>Wyjmij stary lub uszkodzony cylinder, post\u0119puj\u0105c zgodnie z odpowiedni\u0105 procedur\u0105 demonta\u017cu.<\/li>\n<li>Sprawd\u017a czysto\u015b\u0107 powierzchni monta\u017cowych i ewentualne uszkodzenia.<\/li>\n<li>Wyr\u00f3wnaj nowy cylinder ramienia z punktami mocowania i zabezpiecz go, u\u017cywaj\u0105c zalecanych element\u00f3w mocuj\u0105cych.<\/li>\n<li>Dokr\u0119\u0107 elementy mocuj\u0105ce, stosuj\u0105c podane warto\u015bci momentu obrotowego.<\/li>\n<li>Przed wznowieniem pracy nale\u017cy sprawdzi\u0107, czy nie ma wyciek\u00f3w lub nieprawid\u0142owych ruch\u00f3w.<\/li>\n<\/ol>\n<p><img decoding=\"async\" src=\"https:\/\/www.hydraulic-cylinders.net\/wp-content\/uploads\/2025\/01\/songte-bushings-with-all-kinds-of-excavator-models.webp\" alt=\"Obraz tulei\"><\/p>\n<h2>Zagadnienia bezpiecze\u0144stwa i czynniki \u015brodowiskowe:<\/h2>\n<p>Podczas pracy z si\u0142ownikiem ramienia do ma\u0142ej koparki Doosan DH80-7, \u015brodki bezpiecze\u0144stwa s\u0105 kluczowe dla ochrony personelu i \u015brodowiska. Odpowiednie przeszkolenie, przestrzeganie wytycznych bezpiecze\u0144stwa i stosowanie \u015brodk\u00f3w ochrony indywidualnej s\u0105 niezb\u0119dne dla zapewnienia bezpiecznego \u015brodowiska pracy.<\/p>\n<h2>Diagnostyka usterek i typowe problemy:<\/h2>\n<p>Poni\u017cej przedstawiono kilka typowych problem\u00f3w, kt\u00f3re mog\u0105 wyst\u0105pi\u0107 w przypadku si\u0142ownika ramienia ma\u0142ej koparki Doosan DH80-7:<\/p>\n<ul>\n<li>Wyciek p\u0142ynu hydraulicznego<\/li>\n<li>Nieprawid\u0142owe lub szarpi\u0105ce ruchy<\/li>\n<li>Utrata mocy podnoszenia lub kopania<\/li>\n<li>Nadmierne zu\u017cycie lub uszkodzenie uszczelek<\/li>\n<\/ul>\n<p>Aby rozwi\u0105za\u0107 te problemy, nale\u017cy zastosowa\u0107 si\u0119 do poni\u017cszych wskaz\u00f3wek dotycz\u0105cych rozwi\u0105zywania problem\u00f3w:<\/p>\n<ul>\n<li>Sprawd\u017a, czy po\u0142\u0105czenia nie s\u0105 lu\u017ane i w razie potrzeby je dokr\u0119\u0107.<\/li>\n<li>Sprawd\u017a uszczelki i wymie\u0144 te zu\u017cyte lub uszkodzone.<\/li>\n<li>Aby zapewni\u0107 odpowiednie smarowanie, nale\u017cy sprawdza\u0107 poziom oleju hydraulicznego i w razie potrzeby go uzupe\u0142nia\u0107.<\/li>\n<li>Je\u015bli problem nadal wyst\u0119puje, nale\u017cy skonsultowa\u0107 si\u0119 z wykwalifikowanym technikiem w celu dalszej diagnostyki i naprawy.<\/li>\n<\/ul>\n<p><img decoding=\"async\" src=\"https:\/\/www.hydraulic-cylinders.net\/wp-content\/uploads\/2025\/01\/songte-chushion-collar.webp\" alt=\"Obraz ko\u0142nierza Chushion\"><\/p>\n<p>Pami\u0119taj, aby artyku\u0142 by\u0142 logicznie uporz\u0105dkowany, u\u017cywaj podtytu\u0142\u00f3w u\u0142atwiaj\u0105cych nawigacj\u0119, dodawaj odpowiednie obrazy i wykresy dla lepszego zrozumienia tekstu oraz zadbaj o to, aby tre\u015b\u0107 by\u0142a przejrzysta, zwi\u0119z\u0142a i dostosowana do czytelnik\u00f3w o r\u00f3\u017cnym poziomie wiedzy technicznej.<\/p>\n<p>O nas:<\/p>\n<p>Jeste\u015bmy profesjonalnym producentem zamiennych cylindr\u00f3w hydraulicznych, oferuj\u0105cym szerok\u0105 gam\u0119 produkt\u00f3w. Stali\u015bmy si\u0119 jednym z wiod\u0105cych producent\u00f3w i hurtowych dystrybutor\u00f3w cylindr\u00f3w hydraulicznych na rynku krajowym i mi\u0119dzynarodowym. Kieruj\u0105c si\u0119 zasad\u0105 doskona\u0142ej jako\u015bci, stale doskonalimy nasz\u0105 wiedz\u0119 techniczn\u0105 i wydajno\u015b\u0107 produkcji poprzez udoskonalone procesy produkcyjne. Wprowadzaj\u0105c zaawansowany, cyfrowy sprz\u0119t produkcyjny i profesjonalne systemy testowe, optymalizujemy nasz\u0105 platform\u0119 produkcyjn\u0105 i udoskonalamy procedury kontroli jako\u015bci produkt\u00f3w, wykazuj\u0105c si\u0119 wysokim potencja\u0142em innowacyjnym. Naszym celem jest spe\u0142nianie zr\u00f3\u017cnicowanych wymaga\u0144 klient\u00f3w poprzez wysok\u0105 wydajno\u015b\u0107, precyzj\u0119 i wysok\u0105 jako\u015b\u0107 produkt\u00f3w.<\/p>\n<p><img decoding=\"async\" src=\"https:\/\/www.hydraulic-cylinders.net\/wp-content\/uploads\/2025\/01\/songte-company-4.webp\" alt=\"Wizerunek firmy\"><br \/>\n<img","protected":false},"excerpt":{"rendered":"<p>Arm Cylinder For Doosan Small Excavator DH80-7 Introduction: The Arm Cylinder for Doosan Small Excavator DH80-7 is a specialized hydraulic cylinder designed to provide linear motion and power to the arm of various machinery, such as excavators, cranes, and robotic arms. The arm cylinder plays a crucial role in hydraulic systems, enabling the efficient movement [&hellip;]<\/p>","protected":false},"featured_media":14783,"comment_status":"open","ping_status":"closed","template":"","meta":{"_et_pb_use_builder":"","_et_pb_old_content":"","_et_gb_content_width":""},"product_brand":[],"product_cat":[1497],"product_tag":[1498,1496],"class_list":{"0":"post-16194","1":"product","2":"type-product","3":"status-publish","4":"has-post-thumbnail","6":"product_cat-arm-cylinders","7":"product_tag-arm-cylinders","8":"product_tag-hydraulic-cylinders","10":"first","11":"instock","12":"shipping-taxable","13":"product-type-simple"},"amp_enabled":true,"_links":{"self":[{"href":"https:\/\/www.hydraulic-cylinders.net\/pl\/wp-json\/wp\/v2\/product\/16194","targetHints":{"allow":["GET"]}}],"collection":[{"href":"https:\/\/www.hydraulic-cylinders.net\/pl\/wp-json\/wp\/v2\/product"}],"about":[{"href":"https:\/\/www.hydraulic-cylinders.net\/pl\/wp-json\/wp\/v2\/types\/product"}],"replies":[{"embeddable":true,"href":"https:\/\/www.hydraulic-cylinders.net\/pl\/wp-json\/wp\/v2\/comments?post=16194"}],"wp:featuredmedia":[{"embeddable":true,"href":"https:\/\/www.hydraulic-cylinders.net\/pl\/wp-json\/wp\/v2\/media\/14783"}],"wp:attachment":[{"href":"https:\/\/www.hydraulic-cylinders.net\/pl\/wp-json\/wp\/v2\/media?parent=16194"}],"wp:term":[{"taxonomy":"product_brand","embeddable":true,"href":"https:\/\/www.hydraulic-cylinders.net\/pl\/wp-json\/wp\/v2\/product_brand?post=16194"},{"taxonomy":"product_cat","embeddable":true,"href":"https:\/\/www.hydraulic-cylinders.net\/pl\/wp-json\/wp\/v2\/product_cat?post=16194"},{"taxonomy":"product_tag","embeddable":true,"href":"https:\/\/www.hydraulic-cylinders.net\/pl\/wp-json\/wp\/v2\/product_tag?post=16194"}],"curies":[{"name":"wp","href":"https:\/\/api.w.org\/{rel}","templated":true}]}}