{"id":16195,"date":"2025-01-20T08:38:46","date_gmt":"2025-01-20T08:38:46","guid":{"rendered":"https:\/\/www.hydraulic-cylinders.net\/product\/arm-cylinderfor-doosan-small-excavator-dh150-7\/"},"modified":"2025-01-20T08:38:48","modified_gmt":"2025-01-20T08:38:48","slug":"arm-cylinderfor-doosan-small-excavator-dh150-7","status":"publish","type":"product","link":"https:\/\/www.hydraulic-cylinders.net\/pl\/produkt\/arm-cylinderfor-doosan-small-excavator-dh150-7\/","title":{"rendered":"Si\u0142ownik ramienia do ma\u0142ej koparki Doosan DH150-7"},"content":{"rendered":"<h1>Si\u0142ownik ramienia do ma\u0142ej koparki Doosan DH150-7<\/h1>\n<h2>Wst\u0119p<\/h2>\n<p>Si\u0142ownik ramienia to si\u0142ownik hydrauliczny specjalnie zaprojektowany do zapewnienia ruchu liniowego i zasilania ramienia r\u00f3\u017cnego rodzaju maszyn, takich jak koparki, d\u017awigi i ramiona mechaniczne. Si\u0142ownik ramienia odgrywa kluczow\u0105 rol\u0119 w uk\u0142adzie hydraulicznym, umo\u017cliwiaj\u0105c ruch osprz\u0119tu i akcesori\u00f3w oraz ich efektywne sterowanie. Si\u0142owniki te nie tylko zapewniaj\u0105 p\u0142ynny ruch, ale tak\u017ce wytrzymuj\u0105 du\u017ce obci\u0105\u017cenia, gwarantuj\u0105c wydajn\u0105 prac\u0119 i niezawodno\u015b\u0107 maszyn w r\u00f3\u017cnych warunkach eksploatacyjnych.<\/p>\n<p><img decoding=\"async\" src=\"https:\/\/www.hydraulic-cylinders.net\/wp-content\/uploads\/2025\/01\/songte-company-2.webp\" alt=\"Obraz cylindra ramienia\"><\/p>\n<h3>Definicja i wyja\u015bnienie<\/h3>\n<p>Si\u0142ownik ramienia to rodzaj si\u0142ownika hydraulicznego, kt\u00f3ry zapewnia liniowy ruch i moc ramienia maszyny. Sk\u0142ada si\u0119 z t\u0142oka, cylindra i zestawu uszczelnie\u0144 zapobiegaj\u0105cych wyciekom p\u0142ynu. Si\u0142ownik ramienia przekszta\u0142ca ci\u015bnienie p\u0142ynu w si\u0142\u0119 mechaniczn\u0105, umo\u017cliwiaj\u0105c ruch ramienia i jego precyzyjne sterowanie.<\/p>\n<h2>Cechy<\/h2>\n<ul>\n<li>\n<h3>Wysoka wydajno\u015b\u0107 transmisji<\/h3>\n<p>Cylinder ramienia zapewnia mocny ruch liniowy i si\u0142\u0119, gwarantuj\u0105c wysok\u0105 wydajno\u015b\u0107 ramion mechanicznych w r\u00f3\u017cnych operacjach.<\/p>\n<\/li>\n<li>\n<h3>Dok\u0142adna kontrola<\/h3>\n<p>Si\u0142ownik ramienia umo\u017cliwia precyzyjn\u0105 kontrol\u0119 ruchu za pomoc\u0105 uk\u0142adu hydraulicznego, co sprawia, \u017ce \u200b\u200bobs\u0142uga osprz\u0119tu jest bardziej elastyczna i dok\u0142adna.<\/p>\n<\/li>\n<li>\n<h3>Wysoka wytrzyma\u0142o\u015b\u0107<\/h3>\n<p>Cylinder ramienia jest zwykle wykonany z materia\u0142\u00f3w o wysokiej wytrzyma\u0142o\u015bci, z dobr\u0105 odporno\u015bci\u0105 na zu\u017cycie i korozj\u0119, nadaje si\u0119 do d\u0142ugotrwa\u0142ego u\u017cytkowania w trudnych warunkach.<\/p>\n<\/li>\n<li>\n<h3>Wielofunkcyjna adaptowalno\u015b\u0107<\/h3>\n<p>Tego typu si\u0142owniki mo\u017cna powszechnie stosowa\u0107 w r\u00f3\u017cnych urz\u0105dzeniach mechanicznych, takich jak koparki, d\u017awigi i ramiona mechaniczne, dostosowuj\u0105c je do r\u00f3\u017cnych wymaga\u0144 roboczych.<\/p>\n<\/li>\n<li>\n<h3>\u0141atwa konserwacja<\/h3>\n<p>Konstrukcja cylindra ramienia uwzgl\u0119dnia \u0142atwo\u015b\u0107 konserwacji i wymiany, dzi\u0119ki czemu regularne kontrole i konserwacje staj\u0105 si\u0119 wygodniejsze, a przestoje sprz\u0119tu zostaj\u0105 skr\u00f3cone.<\/p>\n<\/li>\n<\/ul>\n<p>Mo\u017cemy dostarczy\u0107 idealne zamienniki tych cylindr\u00f3w hydraulicznych.<\/p>\n<p><img decoding=\"async\" src=\"https:\/\/www.hydraulic-cylinders.net\/wp-content\/uploads\/2025\/01\/songte-oil-pipes-and-spare-parts.webp\" alt=\"Obraz cz\u0119\u015bci zamiennych\"><\/p>\n<h2>Aplikacje<\/h2>\n<p>Si\u0142ownik ramienia ma szeroki zakres zastosowa\u0144 w r\u00f3\u017cnych ga\u0142\u0119ziach przemys\u0142u, w tym:<\/p>\n<ul>\n<li>\n<h3>In\u017cynieria budowlana<\/h3>\n<p>Si\u0142ownik ramienia s\u0142u\u017cy do sterowania ruchem \u0142y\u017cki lub wysi\u0119gnika w koparkach i d\u017awigach podczas rob\u00f3t ziemnych, przenoszenia materia\u0142\u00f3w i instalacji konstrukcyjnych.<\/p>\n<\/li>\n<li>\n<h3>Produkcja<\/h3>\n<p>Si\u0142ownik ramienia s\u0142u\u017cy do sterowania ruchem ramienia mechanicznego w zautomatyzowanych liniach produkcyjnych w procesach monta\u017cu, spawania i obs\u0142ugi, zwi\u0119kszaj\u0105c wydajno\u015b\u0107 i dok\u0142adno\u015b\u0107 produkcji.<\/p>\n<\/li>\n<li>\n<h3>Maszyny rolnicze<\/h3>\n<p>Si\u0142ownik ramienia s\u0142u\u017cy do sterowania ruchem ramienia roboczego w maszynach rolniczych, takich jak kombajny i siewniki, podczas wykonywania zada\u0144 takich jak siew, nawo\u017cenie i zbi\u00f3r.<\/p>\n<\/li>\n<li>\n<h3>G\u00f3rnictwo<\/h3>\n<p>Si\u0142ownik ramienia s\u0142u\u017cy do sterowania ruchem ramienia sprz\u0119tu g\u00f3rniczego wykorzystywanego do wydobywania i transportu minera\u0142\u00f3w.<\/p>\n<\/li>\n<li>\n<h3>Logistyka i transport<\/h3>\n<p>Si\u0142ownik ramienia s\u0142u\u017cy do sterowania podnoszeniem i ruchem wide\u0142 w w\u00f3zkach wid\u0142owych i robotach prze\u0142adunkowych przy obs\u0142udze materia\u0142\u00f3w i ich uk\u0142adaniu.<\/p>\n<\/li>\n<\/ul>\n<h2>Zagadnienia projektowe i kryteria wyboru<\/h2>\n<ul>\n<li>\n<h3>No\u015bno\u015b\u0107<\/h3>\n<p>Si\u0142ownik ramienia musi by\u0107 w stanie wytrzyma\u0107 obci\u0105\u017cenie ramienia i element\u00f3w przy\u0142\u0105czonych w r\u00f3\u017cnych warunkach pracy.<\/p>\n<\/li>\n<li>\n<h3>Opiecz\u0119towanie<\/h3>\n<p>Cylinder ramienia musi mie\u0107 skuteczne uszczelnienia, aby zapobiec wyciekaniu p\u0142ynu i utrzyma\u0107 ci\u015bnienie.<\/p>\n<\/li>\n<li>\n<h3>Trwa\u0142o\u015b\u0107<\/h3>\n<p>Cylinder ramienia musi by\u0107 wykonany z materia\u0142\u00f3w najwy\u017cszej jako\u015bci, odpornych na zu\u017cycie i korozj\u0119, aby zapewni\u0107 d\u0142ug\u0105 \u017cywotno\u015b\u0107 w trudnych warunkach.<\/p>\n<\/li>\n<li>\n<h3>Bezpiecze\u0144stwo<\/h3>\n<p>Si\u0142ownik ramienia musi spe\u0142nia\u0107 wymogi bezpiecze\u0144stwa, aby zapobiega\u0107 wypadkom i zapewnia\u0107 bezpiecze\u0144stwo operatora.<\/p>\n<\/li>\n<li>\n<h3>Utrzymywalno\u015b\u0107<\/h3>\n<p>Cylinder ramienia musi by\u0107 zaprojektowany w spos\u00f3b umo\u017cliwiaj\u0105cy \u0142atw\u0105 konserwacj\u0119 i wymian\u0119, aby ograniczy\u0107 przestoje i koszty konserwacji.<\/p>\n<\/li>\n<\/ul>\n<p><img decoding=\"async\" src=\"https:\/\/www.hydraulic-cylinders.net\/wp-content\/uploads\/2025\/01\/songte-cylinder-head-with-all-kinds-excavator-models.webp\" alt=\"Obraz g\u0142owicy cylindra\"><\/p>\n<h2>Uszczelnianie i smarowanie<\/h2>\n<p>W si\u0142owniku ramienia zastosowano r\u00f3\u017cnorodne uszczelnienia, takie jak uszczelnienia t\u0142oka i t\u0142oczyska, wykonane z materia\u0142\u00f3w odpornych na zu\u017cycie, takich jak poliuretan i kauczuk nitrylowy. Korpus si\u0142ownika i gwintowane powierzchnie ko\u0144cowe s\u0105 precyzyjnie obrobione, aby zwi\u0119kszy\u0107 odporno\u015b\u0107 na zu\u017cycie. Si\u0142ownik ramienia wymaga regularnego smarowania odpowiedni\u0105 ilo\u015bci\u0105 oleju hydraulicznego, aby zapewni\u0107 p\u0142ynn\u0105 prac\u0119 i wyd\u0142u\u017cy\u0107 jego \u017cywotno\u015b\u0107.<\/p>\n<h2>Konserwacja i rozwi\u0105zywanie problem\u00f3w<\/h2>\n<p>Si\u0142ownik ramienia wymaga regularnej kontroli i konserwacji, aby zapewni\u0107 jego prawid\u0142owe dzia\u0142anie i zapobiec awariom. Typowe problemy to wycieki p\u0142ynu, nietypowy ha\u0142as i spowolnienie ruchu. W przypadku wyst\u0105pienia problemu nale\u017cy go zdiagnozowa\u0107 i naprawi\u0107 w odpowiednim czasie. \u015arodki zapobiegawcze obejmuj\u0105 prawid\u0142owe u\u017cytkowanie i konserwacj\u0119, unikanie przeci\u0105\u017ce\u0144 i trudnych warunk\u00f3w \u015brodowiskowych.<\/p>\n<p><img decoding=\"async\" src=\"https:\/\/www.hydraulic-cylinders.net\/wp-content\/uploads\/2025\/01\/songte-chushion-collar.webp\" alt=\"Obraz ko\u0142nierza Chushion\"><\/p>\n<h2>Przewodnik instalacji<\/h2>\n<p>Przed monta\u017cem nale\u017cy oczy\u015bci\u0107 si\u0142ownik ramienia i mechanizm pod k\u0105tem uszkodze\u0144. Si\u0142ownik nale\u017cy zamontowa\u0107 pionowo i solidnie zamocowa\u0107 odpowiednimi \u015brubami monta\u017cowymi. Przewody hydrauliczne powinny by\u0107 prawid\u0142owo pod\u0142\u0105czone, a uk\u0142ad nale\u017cy przedmucha\u0107 i przetestowa\u0107 przed uruchomieniem.<\/p>\n<h2>O nas<\/h2>\n<p>Jeste\u015bmy profesjonalnym producentem zamiennych cylindr\u00f3w hydraulicznych, oferuj\u0105cym szerok\u0105 gam\u0119 produkt\u00f3w i stali\u015bmy si\u0119 jednym z wiod\u0105cych producent\u00f3w i hurtownik\u00f3w cylindr\u00f3w hydraulicznych na rynku krajowym i mi\u0119dzynarodowym. Zawsze przestrzegamy zasady doskona\u0142ej jako\u015bci, opieramy si\u0119 na strategii przemys\u0142owego zarz\u0105dzania produkcj\u0105 w wyspecjalizowanych warsztatach produkcyjnych, stale podnosz\u0105c poziom techniczny i wydajno\u015b\u0107 produkcji. Posiadamy potencja\u0142 innowacyjny dzi\u0119ki wprowadzeniu zaawansowanego cyfrowego sprz\u0119tu produkcyjnego i profesjonalnych system\u00f3w testowych. Naszym celem jest zaspokojenie zr\u00f3\u017cnicowanych potrzeb klient\u00f3w, kieruj\u0105c si\u0119 zasadami wysokiej wydajno\u015bci, precyzji i jako\u015bci.<\/p>\n<h3>Profesjonalizm<\/h3>\n<p>We have a professional R&#038;D team, production team, and sales team to provide customers with professional and efficient services.<\/p>\n<h3>Mi\u0119dzynarodowa Certyfikacja<\/h3>\n<p>Nasze produkty uzyska\u0142y mi\u0119dzynarodowy certyfikat systemu zarz\u0105dzania jako\u015bci\u0105 ISO9001 oraz certyfikat CE, co gwarantuje jako\u015b\u0107 i niezawodno\u015b\u0107 produktu.<\/p>\n<h3>Us\u0142uga personalizacji<\/h3>\n<p>Mo\u017cemy dostarczy\u0107 niestandardowe cylindry hydrauliczne, aby spe\u0142ni\u0107 szczeg\u00f3lne potrzeby klient\u00f3w w zakresie r\u00f3\u017cnych zastosowa\u0144 i urz\u0105dze\u0144.<\/p>\n<h3>Sprz\u0119t produkcyjny<\/h3>\n<p>Dysponujemy kompletn\u0105 lini\u0105 produkcyjn\u0105 si\u0142ownik\u00f3w hydraulicznych, od surowc\u00f3w po produkty gotowe, co zapewnia jako\u015b\u0107 i wydajno\u015b\u0107 produkcji.<\/p>\n<h3>Serwis posprzeda\u017cowy<\/h3>\n<p>Oferujemy klientom kompleksow\u0105 obs\u0142ug\u0119 posprzeda\u017cow\u0105, obejmuj\u0105c\u0105 doradztwo w zakresie instalacji, konserwacji i napraw, aby zapewni\u0107 prawid\u0142owe dzia\u0142anie sprz\u0119tu.<\/p>\n<p><img decoding=\"async\" src=\"https:\/\/www.hydraulic-cylinders.net\/wp-content\/uploads\/2025\/01\/songte-company-4.webp\" alt=\"Wizerunek firmy\"><br \/>\n<img decoding=\"async\" src=\"https:\/\/www.hydraulic-cylinders.net\/wp-content\/uploads\/2025\/01\/songte-company-3.webp\" alt=\"Wizerunek firmy\"><\/p>\n<p>Autor: lyl<\/p>","protected":false},"excerpt":{"rendered":"<p>Arm Cylinder For Doosan Small Excavator DH150-7 Introduction The Arm Cylinder is a hydraulic cylinder specially designed to provide linear motion and power to the arm of various types of machinery, such as excavators, cranes, and mechanical arms. The Arm Cylinder plays a critical role in the hydraulic system, allowing attachments or accessories to move [&hellip;]<\/p>","protected":false},"featured_media":14779,"comment_status":"open","ping_status":"closed","template":"","meta":{"_et_pb_use_builder":"","_et_pb_old_content":"","_et_gb_content_width":""},"product_brand":[],"product_cat":[1497],"product_tag":[1498,1496],"class_list":{"0":"post-16195","1":"product","2":"type-product","3":"status-publish","4":"has-post-thumbnail","6":"product_cat-arm-cylinders","7":"product_tag-arm-cylinders","8":"product_tag-hydraulic-cylinders","10":"first","11":"instock","12":"shipping-taxable","13":"product-type-simple"},"amp_enabled":true,"_links":{"self":[{"href":"https:\/\/www.hydraulic-cylinders.net\/pl\/wp-json\/wp\/v2\/product\/16195","targetHints":{"allow":["GET"]}}],"collection":[{"href":"https:\/\/www.hydraulic-cylinders.net\/pl\/wp-json\/wp\/v2\/product"}],"about":[{"href":"https:\/\/www.hydraulic-cylinders.net\/pl\/wp-json\/wp\/v2\/types\/product"}],"replies":[{"embeddable":true,"href":"https:\/\/www.hydraulic-cylinders.net\/pl\/wp-json\/wp\/v2\/comments?post=16195"}],"wp:featuredmedia":[{"embeddable":true,"href":"https:\/\/www.hydraulic-cylinders.net\/pl\/wp-json\/wp\/v2\/media\/14779"}],"wp:attachment":[{"href":"https:\/\/www.hydraulic-cylinders.net\/pl\/wp-json\/wp\/v2\/media?parent=16195"}],"wp:term":[{"taxonomy":"product_brand","embeddable":true,"href":"https:\/\/www.hydraulic-cylinders.net\/pl\/wp-json\/wp\/v2\/product_brand?post=16195"},{"taxonomy":"product_cat","embeddable":true,"href":"https:\/\/www.hydraulic-cylinders.net\/pl\/wp-json\/wp\/v2\/product_cat?post=16195"},{"taxonomy":"product_tag","embeddable":true,"href":"https:\/\/www.hydraulic-cylinders.net\/pl\/wp-json\/wp\/v2\/product_tag?post=16195"}],"curies":[{"name":"wp","href":"https:\/\/api.w.org\/{rel}","templated":true}]}}