{"id":1620,"date":"2023-10-08T08:35:44","date_gmt":"2023-10-08T08:35:44","guid":{"rendered":"https:\/\/hydraulic-cylinders.net\/?post_type=product&#038;p=1620"},"modified":"2025-04-11T02:55:36","modified_gmt":"2025-04-11T02:55:36","slug":"press-side-cylinder","status":"publish","type":"product","link":"https:\/\/www.hydraulic-cylinders.net\/pl\/produkt\/press-side-cylinder\/","title":{"rendered":"Cylinder boczny prasy"},"content":{"rendered":"<h1 style=\"text-align: center;\"><strong>Cylinder boczny prasy<\/strong><\/h1>\n<p><img loading=\"lazy\" decoding=\"async\" class=\"aligncenter wp-image-1621\" src=\"https:\/\/hydraulic-cylinders.net\/wp-content\/uploads\/2023\/10\/side-cylinder-1-300x300.webp\" alt=\"\" width=\"400\" height=\"400\" \/><\/p>\n<p>Si\u0142ownik boczny prasy to mocny i niezawodny element zaprojektowany z my\u015bl\u0105 o optymalizacji operacji prasowania w r\u00f3\u017cnych bran\u017cach. Ten innowacyjny si\u0142ownik zapewnia precyzyjn\u0105 si\u0142\u0119 i wyj\u0105tkow\u0105 wydajno\u015b\u0107, umo\u017cliwiaj\u0105c osi\u0105gni\u0119cie doskona\u0142ych rezultat\u00f3w w zastosowaniach zwi\u0105zanych z prasowaniem.<\/p>\n<p>Si\u0142ownik boczny prasy oferuje niezawodne i wydajne rozwi\u0105zanie usprawniaj\u0105ce proces prasowania. Dzi\u0119ki solidnej konstrukcji, precyzyjnemu generowaniu si\u0142y i energooszcz\u0119dno\u015bci, si\u0142ownik ten pozwala osi\u0105gn\u0105\u0107 doskona\u0142e rezultaty w procesach prasowania. Przestrzegaj\u0105c prawid\u0142owych metod u\u017cytkowania i praktyk konserwacyjnych, mo\u017cesz zmaksymalizowa\u0107 wydajno\u015b\u0107, produktywno\u015b\u0107 i trwa\u0142o\u015b\u0107 swoich proces\u00f3w prasowania. Wybierz si\u0142ownik boczny prasy, aby zwi\u0119kszy\u0107 swoje mo\u017cliwo\u015bci prasowania i utrzyma\u0107 si\u0119 na czele konkurencji w dzisiejszym konkurencyjnym \u015brodowisku przemys\u0142owym.<\/p>\n<p>Charakterystyka klucza cylindrycznego po stronie prasy:<\/p>\n<ol>\n<li>Solidna konstrukcja:<\/li>\n<\/ol>\n<ul>\n<li>Cylinder strony prasy wykonany jest z materia\u0142\u00f3w najwy\u017cszej jako\u015bci, co gwarantuje trwa\u0142o\u015b\u0107 i d\u0142ugotrwa\u0142\u0105 wydajno\u015b\u0107.<\/li>\n<li>Solidna konstrukcja pozwala na wytrzymanie du\u017cych obci\u0105\u017ce\u0144 i trudnych warunk\u00f3w pracy, zapewniaj\u0105c niezawodno\u015b\u0107 w wymagaj\u0105cych \u015brodowiskach przemys\u0142owych.<\/li>\n<\/ul>\n<ol start=\"2\">\n<li>Precyzyjne generowanie si\u0142y:<\/li>\n<\/ol>\n<ul>\n<li>Ten cylinder zosta\u0142 zaprojektowany tak, aby zapewnia\u0107 precyzyjn\u0105 si\u0142\u0119 nacisku i wyj\u0105tkow\u0105 dok\u0142adno\u015b\u0107, gwarantuj\u0105c sp\u00f3jne i niezawodne rezultaty prasowania.<\/li>\n<li>Zaawansowane techniki projektowania i produkcji umo\u017cliwiaj\u0105 precyzyjn\u0105 kontrol\u0119 przyk\u0142adanej si\u0142y, redukuj\u0105c ryzyko wyst\u0105pienia wad produktu lub niezgodno\u015bci.<\/li>\n<\/ul>\n<ol start=\"3\">\n<li>Efektywne zu\u017cycie energii:<\/li>\n<\/ol>\n<ul>\n<li>Cylinder po stronie prasy zaprojektowano z my\u015bl\u0105 o oszcz\u0119dno\u015bci energii, optymalizuj\u0105c zu\u017cycie pr\u0105du podczas operacji prasowania.<\/li>\n<li>Wydajny uk\u0142ad hydrauliczny minimalizuje straty energii, co przek\u0142ada si\u0119 na oszcz\u0119dno\u015b\u0107 koszt\u00f3w i korzy\u015bci dla \u015brodowiska.<\/li>\n<\/ul>\n<h2><strong>Parametry cylindra strony prasy:<\/strong><\/h2>\n<table border=\"1\" cellspacing=\"0\" cellpadding=\"0\">\n<tbody>\n<tr>\n<td>Nazwa produktu<\/td>\n<td>Si\u0142ownik boczny prasy hydraulicznej<\/td>\n<\/tr>\n<tr>\n<td>Cechy:<\/td>\n<td>Zapewnij docisk prasy za pomoc\u0105 cylindra g\u0142\u00f3wnego<\/td>\n<\/tr>\n<tr>\n<td>T\u0142ok nurnikowy:<\/td>\n<td>420 mm\uff5e1000 mm<\/td>\n<\/tr>\n<tr>\n<td>Udar m\u00f3zgu:<\/td>\n<td>Skok \u22644500 mm<\/td>\n<\/tr>\n<tr>\n<td>Si\u0142a ci\u0105gu:<\/td>\n<td>Maksymalnie 24,7 MN<br \/>\n(T\u0142ok 1000mm\/ci\u015bnienie 31,5MPa)<\/td>\n<\/tr>\n<tr>\n<td>Zastosowania cylindr\u00f3w bocznych hydraulicznych:<\/td>\n<td>Prasa hydrauliczna<\/td>\n<\/tr>\n<\/tbody>\n<\/table>\n<div><\/div>\n<div class=\"txtboxL\">Cechy:<\/div>\n<div class=\"txtboxR\">zapewni\u0107 docisk prasy za pomoc\u0105 cylindra g\u0142\u00f3wnego<\/div>\n<div class=\"txtboxL\">Specyfikacja:<\/div>\n<div class=\"txtboxR\">T\u0142ok 420mm\uff5e1000mm<br \/>\nSkok \u22644500 mm<\/div>\n<div class=\"txtboxL\">Si\u0142a ci\u0105gu:<\/div>\n<div class=\"txtboxR\">Maksymalnie 24,7 MN<br \/>\n(T\u0142ok 1000mm\/ci\u015bnienie 31,5MPa)<\/div>\n<h2><strong>Fabryka cylindr\u00f3w prasowych:<\/strong><\/h2>\n<p><img loading=\"lazy\" decoding=\"async\" class=\"alignnone wp-image-1619 size-full\" src=\"https:\/\/hydraulic-cylinders.net\/wp-content\/uploads\/2023\/10\/press-cylinder.webp\" alt=\"\" width=\"1418\" height=\"946\" srcset=\"https:\/\/hydraulic-cylinders.net\/wp-content\/uploads\/2023\/10\/press-cylinder.webp 1418w, https:\/\/hydraulic-cylinders.net\/wp-content\/uploads\/2023\/10\/press-cylinder-1280x854.webp 1280w, https:\/\/hydraulic-cylinders.net\/wp-content\/uploads\/2023\/10\/press-cylinder-980x654.webp 980w, https:\/\/hydraulic-cylinders.net\/wp-content\/uploads\/2023\/10\/press-cylinder-480x320.webp 480w\" sizes=\"(min-width: 0px) and (max-width: 480px) 480px, (min-width: 481px) and (max-width: 980px) 980px, (min-width: 981px) and (max-width: 1280px) 1280px, (min-width: 1281px) 1418px, 100vw\" \/><\/p>\n<h2><strong>Metoda u\u017cycia cylindra bocznego prasy<\/strong><strong>:<\/strong><\/h2>\n<ol>\n<li><strong>Instalacja i integracja:<\/strong><\/li>\n<\/ol>\n<ul>\n<li>Zamontuj cylinder strony prasy solidnie na ramie prasy, zwracaj\u0105c uwag\u0119 na w\u0142a\u015bciwe wyr\u00f3wnanie i po\u0142\u0105czenie.<\/li>\n<li>Aby zapewni\u0107 optymaln\u0105 wydajno\u015b\u0107 i bezpiecze\u0144stwo, nale\u017cy przestrzega\u0107 wskaz\u00f3wek i zalece\u0144 producenta dotycz\u0105cych instalacji.<\/li>\n<\/ul>\n<ol start=\"2\">\n<li><strong>Po\u0142\u0105czenia hydrauliczne:<\/strong><\/li>\n<\/ol>\n<ul>\n<li>Pod\u0142\u0105cz cylinder strony prasy do agregatu hydraulicznego za pomoc\u0105 odpowiednich w\u0119\u017cy i \u200b\u200bz\u0142\u0105czek.<\/li>\n<li>Sprawd\u017a, czy po\u0142\u0105czenia hydrauliczne s\u0105 szczelne i nie powoduj\u0105 wyciek\u00f3w, aby zapewni\u0107 wydajny transfer p\u0142yn\u00f3w i niezawodn\u0105 prac\u0119.<\/li>\n<\/ul>\n<ol start=\"3\">\n<li><strong>Regulacja ci\u015bnienia:<\/strong><\/li>\n<\/ol>\n<ul>\n<li>Dostosuj ci\u015bnienie dostarczane do cylindra po stronie prasy zgodnie ze szczeg\u00f3lnymi wymaganiami prasowania.<\/li>\n<li>Aby okre\u015bli\u0107 zalecany zakres ci\u015bnie\u0144 zapewniaj\u0105cy optymaln\u0105 wydajno\u015b\u0107, zapoznaj si\u0119 z wytycznymi producenta.<\/li>\n<\/ul>\n<ol start=\"4\">\n<li><strong>Kontrola d\u0142ugo\u015bci i pr\u0119dko\u015bci skoku:<\/strong><\/li>\n<\/ol>\n<ul>\n<li>Si\u0142ownik po stronie prasy zazwyczaj oferuje regulowan\u0105 d\u0142ugo\u015b\u0107 skoku i opcje kontroli pr\u0119dko\u015bci dla r\u00f3\u017cnych zastosowa\u0144 prasowania.<\/li>\n<li>Zapoznaj si\u0119 z funkcjami i mo\u017cliwo\u015bciami sterowania cylindra, aby uzyska\u0107 po\u017c\u0105dane rezultaty.<\/li>\n<\/ul>\n<h2><strong>Jak odpowietrzy\u0107 uk\u0142ad hydrauliczny ci\u0105gnika?<\/strong><\/h2>\n<p>Odpowietrzanie uk\u0142adu hydraulicznego ci\u0105gnika to wa\u017cna czynno\u015b\u0107 konserwacyjna, kt\u00f3ra zapewnia jego prawid\u0142owe dzia\u0142anie i wydajno\u015b\u0107. Powietrze w uk\u0142adzie hydraulicznym mo\u017ce prowadzi\u0107 do obni\u017cenia wydajno\u015bci, nieregularnej pracy i potencjalnego uszkodzenia podzespo\u0142\u00f3w. Oto og\u00f3lne kroki odpowietrzania uk\u0142adu hydraulicznego ci\u0105gnika:<\/p>\n<ol>\n<li><strong>Przygotowanie:<\/strong>\n<ul>\n<li>Zaparkuj ci\u0105gnik na r\u00f3wnej powierzchni i zaci\u0105gnij hamulec postojowy.<\/li>\n<li>Upewnij si\u0119, \u017ce zbiornik p\u0142ynu hydraulicznego jest nape\u0142niony do zalecanego poziomu.<\/li>\n<li>Znajd\u017a \u015brub\u0119 lub zaw\u00f3r odpowietrzaj\u0105cy w uk\u0142adzie hydraulicznym. Zazwyczaj znajduje si\u0119 on w pobli\u017cu najwy\u017cszego punktu uk\u0142adu lub na si\u0142owniku hydraulicznym.<\/li>\n<\/ul>\n<\/li>\n<li><strong>Zidentyfikuj punkty wycieku:<\/strong>\n<ul>\n<li>W zale\u017cno\u015bci od modelu ci\u0105gnika, w uk\u0142adzie hydraulicznym mo\u017ce znajdowa\u0107 si\u0119 wiele punkt\u00f3w odpowietrzania.<\/li>\n<li>Typowymi punktami odpowietrzania s\u0105 cylindry hydrauliczne, zawory steruj\u0105ce i inne wysoko po\u0142o\u017cone punkty uk\u0142adu, w kt\u00f3rych mo\u017ce gromadzi\u0107 si\u0119 powietrze.<\/li>\n<\/ul>\n<\/li>\n<li><strong>Otw\u00f3rz \u015brub\u0119\/zaw\u00f3r odpowietrzaj\u0105cy:<\/strong>\n<ul>\n<li>U\u017cywaj\u0105c odpowiedniego narz\u0119dzia, na przyk\u0142ad klucza lub \u015brubokr\u0119ta, ostro\u017cnie poluzuj \u015brub\u0119 odpowietrzaj\u0105c\u0105 lub zaw\u00f3r.<\/li>\n<li>Upewnij si\u0119, \u017ce \u015bruba\/zaw\u00f3r odpowietrzaj\u0105cy jest otwarty tylko na tyle, aby umo\u017cliwi\u0107 ucieczk\u0119 powietrza, ale nie wykr\u0119caj go ca\u0142kowicie.<\/li>\n<\/ul>\n<\/li>\n<li><strong>Uruchom ci\u0105gnik:<\/strong>\n<ul>\n<li>Uruchom silnik ci\u0105gnika i pozw\u00f3l mu pracowa\u0107 na biegu ja\u0142owym.<\/li>\n<li>Odczekaj kilka minut, a\u017c uk\u0142ad hydrauliczny si\u0119 rozgrzeje, aby zapewni\u0107 optymalny przep\u0142yw p\u0142ynu.<\/li>\n<\/ul>\n<\/li>\n<li><strong>Obs\u0142uga element\u00f3w steruj\u0105cych hydraulik\u0105:<\/strong>\n<ul>\n<li>W\u0142\u0105cz sterowanie hydrauliczne odpowiadaj\u0105ce punktowi odpowietrzania, nad kt\u00f3rym pracujesz.<\/li>\n<li>Na przyk\u0142ad, aby odpowietrzy\u0107 si\u0142ownik hydrauliczny \u0142adowarki, nale\u017cy u\u017cy\u0107 d\u017awigni steruj\u0105cej \u0142adowarki, aby ca\u0142kowicie wysun\u0105\u0107 lub schowa\u0107 si\u0142ownik.<\/li>\n<\/ul>\n<\/li>\n<li><strong>Monitoruj uwalnianie p\u0142yn\u00f3w i powietrza:<\/strong>\n<ul>\n<li>Podczas obs\u0142ugi uk\u0142adu hydraulicznego nale\u017cy obserwowa\u0107, czy z zaworu\/\u015bruby odpowietrzaj\u0105cej nie wydostaj\u0105 si\u0119 p\u0119cherzyki powietrza.<\/li>\n<li>Z punktu odpowietrzaj\u0105cego mo\u017ce r\u00f3wnie\u017c zacz\u0105\u0107 wyp\u0142ywa\u0107 p\u0142yn, co wskazuje na usuwanie powietrza z uk\u0142adu.<\/li>\n<\/ul>\n<\/li>\n<li><strong>Zamknij \u015brub\u0119\/zaw\u00f3r odpowietrzaj\u0105cy:<\/strong>\n<ul>\n<li>Gdy p\u0119cherzyki powietrza przestan\u0105 by\u0107 obecne, nale\u017cy mocno dokr\u0119ci\u0107 \u015brub\u0119\/zaw\u00f3r odpowietrzaj\u0105cy.<\/li>\n<li>Upewnij si\u0119, \u017ce \u015bruba\/zaw\u00f3r odpowietrzaj\u0105cy jest odpowiednio uszczelniony, aby zapobiec wyciekowi p\u0142ynu.<\/li>\n<\/ul>\n<\/li>\n<li><strong>Powt\u00f3rz dla pozosta\u0142ych punkt\u00f3w krwawienia:<\/strong>\n<ul>\n<li>Je\u017celi w uk\u0142adzie hydraulicznym wyst\u0119puje wiele punkt\u00f3w odpowietrzania, nale\u017cy powt\u00f3rzy\u0107 procedur\u0119 odpowietrzania dla ka\u017cdego z nich.<\/li>\n<li>Zacznij od najwy\u017cszego punktu i schod\u017a w d\u00f3\u0142, a\u017c upewnisz si\u0119, \u017ce ca\u0142e powietrze zosta\u0142o usuni\u0119te z uk\u0142adu.<\/li>\n<\/ul>\n<\/li>\n<li><strong>Sprawd\u017a poziom p\u0142ynu:<\/strong>\n<ul>\n<li>Po odpowietrzeniu uk\u0142adu hydraulicznego nale\u017cy sprawdzi\u0107 poziom p\u0142ynu w zbiorniku.<\/li>\n<li>W razie konieczno\u015bci dolej p\u0142ynu hydraulicznego, aby utrzyma\u0107 zalecany poziom.<\/li>\n<\/ul>\n<\/li>\n<li><strong>Uk\u0142ad hydrauliczny testowy:<\/strong>\n<ul>\n<li>Po odpowietrzeniu uk\u0142adu nale\u017cy sprawdzi\u0107 dzia\u0142anie element\u00f3w steruj\u0105cych i funkcji hydraulicznych, aby upewni\u0107 si\u0119, \u017ce dzia\u0142aj\u0105 p\u0142ynnie i prawid\u0142owo.<\/li>\n<li>Sprawd\u017a, czy uk\u0142ad hydrauliczny ci\u0105gnika dzia\u0142a prawid\u0142owo, bez \u017cadnych nietypowych d\u017awi\u0119k\u00f3w lub problem\u00f3w z wydajno\u015bci\u0105.<\/li>\n<\/ul>\n<\/li>\n<\/ol>\n<h2><strong>Mo\u017cliwo\u015bci i pojemno\u015b\u0107 fabryki:<\/strong><\/h2>\n<h3>(1) Monta\u017c<\/h3>\n<p>Dysponujemy najwy\u017cszej klasy niezale\u017cn\u0105 platform\u0105 badawczo-rozwojow\u0105. Warsztat produkcji si\u0142ownik\u00f3w hydraulicznych posiada cztery p\u00f3\u0142automatyczne linie monta\u017cowe si\u0142ownik\u00f3w podnosz\u0105cych i jedn\u0105 automatyczn\u0105 lini\u0119 monta\u017cow\u0105 si\u0142ownik\u00f3w przechy\u0142u, o projektowanej rocznej zdolno\u015bci produkcyjnej 1 miliona sztuk. Specjalny warsztat cylindr\u00f3w jest wyposa\u017cony w r\u00f3\u017cne specyfikacje p\u00f3\u0142automatycznego systemu monta\u017cu czyszcz\u0105cego o projektowanej rocznej zdolno\u015bci produkcyjnej 200 000 i wyposa\u017cony w s\u0142ynny sprz\u0119t do obr\u00f3bki CNC, centrum obr\u00f3bcze, specjalny sprz\u0119t do precyzyjnej obr\u00f3bki cylindr\u00f3w, robot spawalniczy, automatyczna maszyna czyszcz\u0105ca, automatyczna maszyna do monta\u017cu cylindr\u00f3w i automatyczna linia produkcyjna do malowania. Istniej\u0105cy krytyczny sprz\u0119t sk\u0142ada si\u0119 z ponad 300 zestaw\u00f3w. Optymalna alokacja i efektywne wykorzystanie zasob\u00f3w sprz\u0119towych zapewniaj\u0105 wymagania dotycz\u0105ce dok\u0142adno\u015bci produkt\u00f3w i spe\u0142niaj\u0105 potrzeby wysokiej jako\u015bci produkt\u00f3w.<\/p>\n<p><img loading=\"lazy\" decoding=\"async\" class=\"alignnone wp-image-626\" src=\"https:\/\/hydraulic-cylinders.net\/wp-content\/uploads\/2023\/08\/hydraulic-cylinder-product-1-300x158.webp\" alt=\"\" width=\"495\" height=\"260\" srcset=\"https:\/\/hydraulic-cylinders.net\/wp-content\/uploads\/2023\/08\/hydraulic-cylinder-product-1-300x158.webp 495w, https:\/\/hydraulic-cylinders.net\/wp-content\/uploads\/2023\/08\/hydraulic-cylinder-product-1-480x252.webp 480w\" sizes=\"(min-width: 0px) and (max-width: 480px) 480px, (min-width: 481px) 495px, 100vw\" \/> <img loading=\"lazy\" decoding=\"async\" class=\"alignnone wp-image-627\" src=\"https:\/\/hydraulic-cylinders.net\/wp-content\/uploads\/2023\/08\/hydraulic-cylinder-product-2-300x189.webp\" alt=\"\" width=\"413\" height=\"260\" \/><\/p>\n<h3>(2) Obr\u00f3bka<\/h3>\n<p>Warsztat obr\u00f3bki skrawaniem jest wyposa\u017cony w niestandardowe centrum tokarskie z pochylon\u0105 szyn\u0105, centrum obr\u00f3bcze, szybkobie\u017cn\u0105 honownic\u0119, robota spawalniczego i inny powi\u0105zany sprz\u0119t, kt\u00f3ry mo\u017ce obs\u0142ugiwa\u0107 przetwarzanie rur cylindrycznych o maksymalnej \u015brednicy wewn\u0119trznej 400 mm i maksymalnej d\u0142ugo\u015bci 6 metr\u00f3w.<\/p>\n<p><img loading=\"lazy\" decoding=\"async\" class=\"alignnone wp-image-628 size-large\" src=\"https:\/\/hydraulic-cylinders.net\/wp-content\/uploads\/2023\/08\/hydraulic-cylinder-product-3-1024x391.webp\" alt=\"\" width=\"1024\" height=\"391\" srcset=\"https:\/\/hydraulic-cylinders.net\/wp-content\/uploads\/2023\/08\/hydraulic-cylinder-product-3-980x374.webp 980w, https:\/\/hydraulic-cylinders.net\/wp-content\/uploads\/2023\/08\/hydraulic-cylinder-product-3-480x183.webp 480w\" sizes=\"(min-width: 0px) and (max-width: 480px) 480px, (min-width: 481px) and (max-width: 980px) 980px, (min-width: 981px) 1024px, 100vw\" \/><\/p>\n<h3>(3) Spawanie<\/h3>\n<p><img loading=\"lazy\" decoding=\"async\" class=\"alignnone wp-image-629 size-large\" src=\"https:\/\/hydraulic-cylinders.net\/wp-content\/uploads\/2023\/08\/hydraulic-cylinder-product-4-1024x510.webp\" alt=\"\" width=\"1024\" height=\"510\" srcset=\"https:\/\/hydraulic-cylinders.net\/wp-content\/uploads\/2023\/08\/hydraulic-cylinder-product-4-980x488.webp 980w, https:\/\/hydraulic-cylinders.net\/wp-content\/uploads\/2023\/08\/hydraulic-cylinder-product-4-480x239.webp 480w\" sizes=\"(min-width: 0px) and (max-width: 480px) 480px, (min-width: 481px) and (max-width: 980px) 980px, (min-width: 981px) 1024px, 100vw\" \/><\/p>\n<h3>(4) Malowanie i powlekanie<\/h3>\n<p>Z ma\u0142ymi i \u015brednimi automatycznymi liniami do powlekania farbami na bazie wody, w celu osi\u0105gni\u0119cia automatycznego za\u0142adunku i roz\u0142adunku robota oraz automatycznego natryskiwania, wydajno\u015b\u0107 projektowa 4000 sztuk na zmian\u0119;<br \/>\nPosiadamy r\u00f3wnie\u017c p\u00f3\u0142automatyczn\u0105 lini\u0119 do produkcji farb do du\u017cych cylindr\u00f3w nap\u0119dzan\u0105 \u0142a\u0144cuchem nap\u0119dowym, o wydajno\u015bci 60 skrzy\u0144 na zmian\u0119.<\/p>\n<p><img loading=\"lazy\" decoding=\"async\" class=\"alignnone wp-image-630\" src=\"https:\/\/hydraulic-cylinders.net\/wp-content\/uploads\/2023\/08\/hydraulic-cylinder-product-5-300x213.webp\" alt=\"\" width=\"366\" height=\"260\" \/> <img loading=\"lazy\" decoding=\"async\" class=\"alignnone wp-image-631\" src=\"https:\/\/hydraulic-cylinders.net\/wp-content\/uploads\/2023\/08\/hydraulic-cylinder-product-6-300x225.webp\" alt=\"\" width=\"347\" height=\"260\" \/><\/p>\n<h3>(5) Testowanie<\/h3>\n<p>Dysponujemy najwy\u017cszej klasy urz\u0105dzeniami kontrolnymi i stanowiskami testowymi, aby zapewni\u0107, \u017ce wydajno\u015b\u0107 cylindra spe\u0142nia wymagania.<\/p>\n<p><img loading=\"lazy\" decoding=\"async\" class=\"alignnone wp-image-632\" src=\"https:\/\/hydraulic-cylinders.net\/wp-content\/uploads\/2023\/08\/hydraulic-cylinder-product-8-300x200.webp\" alt=\"\" width=\"389\" height=\"260\" \/><\/p>\n<p>&nbsp;<\/p>\n<p>&nbsp;<\/p>\n<p>Jeste\u015bmy jednym z najlepszych producent\u00f3w cylindr\u00f3w hydraulicznych. Oferujemy kompleksow\u0105 ofert\u0119 cylindr\u00f3w hydraulicznych. Dostarczamy r\u00f3wnie\u017c\u2026 <a href=\"https:\/\/hzpt.com\/agricultural-pto-gearbox\/\" target=\"_blank\" rel=\"noopener\">przek\u0142adnie rolnicze<\/a>. Eksportowali\u015bmy nasze produkty do klient\u00f3w na ca\u0142ym \u015bwiecie i zdobyli\u015bmy dobr\u0105 reputacj\u0119 dzi\u0119ki najwy\u017cszej jako\u015bci produkt\u00f3w i us\u0142ug posprzeda\u017cnych. Zapraszamy klient\u00f3w w kraju i za granic\u0105 do kontaktu z nami w celu negocjacji biznesowych, wymiany informacji i <a href=\"https:\/\/www.hydraulic-cylinders.net\/pl\/contact-us\/\">wsp\u00f3\u0142pracowa\u0107 z nami<\/a>!<\/p>","protected":false},"excerpt":{"rendered":"<p>Press Side Cylinder The press side cylinder is a powerful and reliable component designed to optimize pressing operations across various industries. This innovative cylinder delivers precise force and exceptional performance, enabling you to achieve superior results in your pressing applications. The press side cylinder offers a reliable, efficient solution for enhancing pressing operations. With its [&hellip;]<\/p>","protected":false},"featured_media":1622,"comment_status":"open","ping_status":"closed","template":"","meta":{"_et_pb_use_builder":"","_et_pb_old_content":"","_et_gb_content_width":""},"product_brand":[],"product_cat":[1522,1549,1376],"product_tag":[1380],"class_list":{"0":"post-1620","1":"product","2":"type-product","3":"status-publish","4":"has-post-thumbnail","6":"product_cat-press-hydraulic-cylinders","7":"product_cat-single-acting-hydraulic-cylinder","8":"product_cat-hydraulic-cylinder","9":"product_tag-hydraulic-cylinder","11":"first","12":"instock","13":"shipping-taxable","14":"product-type-simple"},"amp_enabled":true,"_links":{"self":[{"href":"https:\/\/www.hydraulic-cylinders.net\/pl\/wp-json\/wp\/v2\/product\/1620","targetHints":{"allow":["GET"]}}],"collection":[{"href":"https:\/\/www.hydraulic-cylinders.net\/pl\/wp-json\/wp\/v2\/product"}],"about":[{"href":"https:\/\/www.hydraulic-cylinders.net\/pl\/wp-json\/wp\/v2\/types\/product"}],"replies":[{"embeddable":true,"href":"https:\/\/www.hydraulic-cylinders.net\/pl\/wp-json\/wp\/v2\/comments?post=1620"}],"wp:featuredmedia":[{"embeddable":true,"href":"https:\/\/www.hydraulic-cylinders.net\/pl\/wp-json\/wp\/v2\/media\/1622"}],"wp:attachment":[{"href":"https:\/\/www.hydraulic-cylinders.net\/pl\/wp-json\/wp\/v2\/media?parent=1620"}],"wp:term":[{"taxonomy":"product_brand","embeddable":true,"href":"https:\/\/www.hydraulic-cylinders.net\/pl\/wp-json\/wp\/v2\/product_brand?post=1620"},{"taxonomy":"product_cat","embeddable":true,"href":"https:\/\/www.hydraulic-cylinders.net\/pl\/wp-json\/wp\/v2\/product_cat?post=1620"},{"taxonomy":"product_tag","embeddable":true,"href":"https:\/\/www.hydraulic-cylinders.net\/pl\/wp-json\/wp\/v2\/product_tag?post=1620"}],"curies":[{"name":"wp","href":"https:\/\/api.w.org\/{rel}","templated":true}]}}