{"id":16209,"date":"2025-01-20T08:39:57","date_gmt":"2025-01-20T08:39:57","guid":{"rendered":"https:\/\/www.hydraulic-cylinders.net\/product\/arm-cylinderfor-doosan-middle-excavator-dh260lc\/"},"modified":"2025-01-20T08:39:59","modified_gmt":"2025-01-20T08:39:59","slug":"arm-cylinderfor-doosan-middle-excavator-dh260lc","status":"publish","type":"product","link":"https:\/\/www.hydraulic-cylinders.net\/pl\/produkt\/arm-cylinderfor-doosan-middle-excavator-dh260lc\/","title":{"rendered":"Si\u0142ownik ramienia do koparki \u015brodkowej Doosan DH260LC"},"content":{"rendered":"<h1>Si\u0142ownik ramienia do koparki \u015brodkowej Doosan DH260LC<\/h1>\n<h2>Wst\u0119p<\/h2>\n<p>Si\u0142ownik ramienia to specjalnie zaprojektowany si\u0142ownik hydrauliczny, kt\u00f3ry zapewnia ruch liniowy i zasilanie ramienia r\u00f3\u017cnego rodzaju maszyn, takich jak koparki, d\u017awigi i ramiona robotyczne. Odgrywa kluczow\u0105 rol\u0119 w uk\u0142adach hydraulicznych, umo\u017cliwiaj\u0105c wydajny ruch i sterowanie dodatkowymi narz\u0119dziami lub osprz\u0119tem. Si\u0142owniki te nie tylko zapewniaj\u0105 p\u0142ynny ruch, ale tak\u017ce wytrzymuj\u0105 du\u017ce obci\u0105\u017cenia, gwarantuj\u0105c wydajn\u0105 prac\u0119 i niezawodno\u015b\u0107 maszyn w r\u00f3\u017cnych warunkach pracy.<\/p>\n<h3>Definicja i wyja\u015bnienie<\/h3>\n<p>Si\u0142ownik ramienia to si\u0142ownik hydrauliczny zaprojektowany do zapewnienia ruchu liniowego i zasilania ramienia r\u00f3\u017cnego typu maszyn. Jest kluczowym elementem uk\u0142ad\u00f3w hydraulicznych, umo\u017cliwiaj\u0105cym efektywny ruch i sterowanie dodatkowymi narz\u0119dziami lub osprz\u0119tem. Si\u0142owniki te charakteryzuj\u0105 si\u0119 p\u0142ynnym ruchem i wytrzymuj\u0105 du\u017ce obci\u0105\u017cenia, zapewniaj\u0105c wydajn\u0105 prac\u0119 i niezawodno\u015b\u0107 maszyn w r\u00f3\u017cnych warunkach pracy.<\/p>\n<p><img decoding=\"async\" src=\"https:\/\/www.hydraulic-cylinders.net\/wp-content\/uploads\/2025\/01\/songte-company-2.webp\" alt=\"Obraz cylindra ramienia\"><\/p>\n<h2>Cechy<\/h2>\n<ul>\n<li><strong>Wysoka wydajno\u015b\u0107 transmisji:<\/strong> Si\u0142ownik ramienia zapewnia mocny ruch liniowy i si\u0142\u0119, gwarantuj\u0105c wysok\u0105 wydajno\u015b\u0107 ramienia mechanicznego w r\u00f3\u017cnych operacjach.<\/li>\n<li><strong>Precyzyjna kontrola:<\/strong> Dzi\u0119ki uk\u0142adowi hydraulicznemu si\u0142ownik ramienia umo\u017cliwia precyzyjn\u0105 kontrol\u0119 ruchu, co sprawia, \u017ce \u200b\u200bpraca z pod\u0142\u0105czonymi narz\u0119dziami jest bardziej elastyczna i dok\u0142adna.<\/li>\n<li><strong>Trwa\u0142o\u015b\u0107:<\/strong> Cylindry ramienia s\u0105 zazwyczaj wykonane z materia\u0142\u00f3w o wysokiej wytrzyma\u0142o\u015bci, zapewniaj\u0105cych doskona\u0142\u0105 odporno\u015b\u0107 na zu\u017cycie i korozj\u0119, dzi\u0119ki czemu nadaj\u0105 si\u0119 do d\u0142ugotrwa\u0142ego u\u017cytkowania w trudnych warunkach.<\/li>\n<li><strong>Wielofunkcyjna adaptowalno\u015b\u0107:<\/strong> Cylindry te mo\u017cna powszechnie stosowa\u0107 w r\u00f3\u017cnych typach maszyn, takich jak koparki, d\u017awigi i ramiona robotyczne, dostosowuj\u0105c je do r\u00f3\u017cnych wymaga\u0144 roboczych.<\/li>\n<li><strong>\u0141atwa konserwacja:<\/strong> Zaprojektowane z my\u015bl\u0105 o \u0142atwej konserwacji i wymianie, cylindry ramion u\u0142atwiaj\u0105 regularne kontrole i konserwacj\u0119, zmniejszaj\u0105c przestoje sprz\u0119tu.<\/li>\n<\/ul>\n<p><img decoding=\"async\" src=\"https:\/\/www.hydraulic-cylinders.net\/wp-content\/uploads\/2025\/01\/songte-oil-pipes-and-spare-parts.webp\" alt=\"Obraz cz\u0119\u015bci zamiennych cylindra ramienia\"><\/p>\n<h2>Aplikacje<\/h2>\n<p>Cylinder ramienia znajduje zastosowanie w r\u00f3\u017cnych ga\u0142\u0119ziach przemys\u0142u, w tym:<\/p>\n<h3>1. In\u017cynieria budowlana<\/h3>\n<p>W koparkach i d\u017awigach si\u0142ownik ramienia steruje ruchem \u0142y\u017cki lub wysi\u0119gnika podczas prac ziemnych, przenoszenia materia\u0142\u00f3w i instalacji konstrukcyjnych.<\/p>\n<h3>2. Przemys\u0142 wytw\u00f3rczy<\/h3>\n<p>W zautomatyzowanych liniach produkcyjnych si\u0142ownik ramienia umo\u017cliwia ruch ramion robota podczas proces\u00f3w monta\u017cu, spawania i obs\u0142ugi, co zwi\u0119ksza wydajno\u015b\u0107 i dok\u0142adno\u015b\u0107 produkcji.<\/p>\n<h3>3. Maszyny rolnicze<\/h3>\n<p>W maszynach rolniczych, takich jak kombajny i siewniki, si\u0142ownik ramienia steruje ruchem ramienia roboczego podczas wykonywania takich zada\u0144, jak sadzenie, nawo\u017cenie i zbi\u00f3r.<\/p>\n<h3>4. G\u00f3rnictwo<\/h3>\n<p>W sprz\u0119cie g\u00f3rniczym si\u0142ownik ramienia steruje ruchem ramienia podczas operacji wydobywczych i transportu materia\u0142\u00f3w.<\/p>\n<h3>5. Logistyka i transport<\/h3>\n<p>W w\u00f3zkach wid\u0142owych i robotach prze\u0142adunkowych si\u0142ownik ramienia steruje podnoszeniem i ruchem wide\u0142, umo\u017cliwiaj\u0105c przenoszenie i uk\u0142adanie materia\u0142\u00f3w.<\/p>\n<p><img decoding=\"async\" src=\"https:\/\/www.hydraulic-cylinders.net\/wp-content\/uploads\/2025\/01\/songte-chushion-collar.webp\" alt=\"Obraz zastosowania cylindra ramienia\"><\/p>\n<h2>Zagadnienia projektowe i kryteria wyboru<\/h2>\n<p>Przy projektowaniu i doborze cylindr\u00f3w ramienia nale\u017cy wzi\u0105\u0107 pod uwag\u0119 kilka kluczowych czynnik\u00f3w:<\/p>\n<h3>1. No\u015bno\u015b\u0107<\/h3>\n<p>Si\u0142ownik ramienia powinien by\u0107 w stanie wytrzyma\u0107 spodziewane obci\u0105\u017cenia podczas pracy, aby zapewni\u0107 bezpieczn\u0105 i wydajn\u0105 prac\u0119.<\/p>\n<h3>2. Uszczelnienie<\/h3>\n<p>Aby zapobiec wyciekom i utrzyma\u0107 wydajno\u015b\u0107 cylindra, nale\u017cy stosowa\u0107 r\u00f3\u017cne elementy uszczelniaj\u0105ce, takie jak uszczelki t\u0142okowe i t\u0142oczyskowe. Powszechnie wybiera si\u0119 uszczelki wykonane z materia\u0142\u00f3w odpornych na zu\u017cycie, takich jak poliuretan i kauczuk nitrylowy.<\/p>\n<h3>3. Trwa\u0142o\u015b\u0107<\/h3>\n<p>Cylinder ramienia powinien by\u0107 wykonany z materia\u0142\u00f3w najwy\u017cszej jako\u015bci, charakteryzuj\u0105cych si\u0119 doskona\u0142\u0105 odporno\u015bci\u0105 na zu\u017cycie i korozj\u0119, co gwarantuje d\u0142ugoterminow\u0105 niezawodno\u015b\u0107 w wymagaj\u0105cych warunkach.<\/p>\n<h3>4. Bezpiecze\u0144stwo<\/h3>\n<p>Aby zagwarantowa\u0107 bezpieczn\u0105 obs\u0142ug\u0119 i zapobiec wypadkom, w projekcie nale\u017cy uwzgl\u0119dni\u0107 takie elementy bezpiecze\u0144stwa, jak zawory bezpiecze\u0144stwa i mechanizmy zatrzymania awaryjnego.<\/p>\n<h3>5. Utrzymywalno\u015b\u0107<\/h3>\n<p>Projekt powinien uwzgl\u0119dnia\u0107 \u0142atwo\u015b\u0107 konserwacji i wymiany, umo\u017cliwiaj\u0105c wygodne przeprowadzanie okresowych kontroli i ograniczaj\u0105c przestoje.<\/p>\n<p><img decoding=\"async\" src=\"https:\/\/www.hydraulic-cylinders.net\/wp-content\/uploads\/2025\/01\/songte-cylinder-head-with-all-kinds-excavator-models.webp\" alt=\"Obraz projektu cylindra ramienia\"><\/p>\n<h2>Uszczelnianie i smarowanie<\/h2>\n<p>Si\u0142ownik ramienia wykorzystuje r\u00f3\u017cne elementy uszczelniaj\u0105ce, takie jak uszczelki t\u0142oka i t\u0142oczyska, aby zapewni\u0107 odpowiednie uszczelnienie i zapobiec wyciekom. Uszczelki te wykonane s\u0105 z materia\u0142\u00f3w odpornych na zu\u017cycie, takich jak poliuretan i kauczuk nitrylowy. Dodatkowo korpus si\u0142ownika i gwintowane ko\u0144c\u00f3wki s\u0105 precyzyjnie obrobione w celu zwi\u0119kszenia odporno\u015bci na zu\u017cycie. Aby zapewni\u0107 p\u0142ynn\u0105 prac\u0119, wymagane jest regularne smarowanie odpowiedni\u0105 ilo\u015bci\u0105 oleju hydraulicznego.<\/p>\n<h2>Regularne kontrole i konserwacja zapobiegawcza<\/h2>\n<p>Aby utrzyma\u0107 optymaln\u0105 wydajno\u015b\u0107 i wyd\u0142u\u017cy\u0107 \u017cywotno\u015b\u0107 si\u0142ownika ramienia, niezb\u0119dne s\u0105 regularne kontrole i konserwacja zapobiegawcza. Nale\u017cy podj\u0105\u0107 nast\u0119puj\u0105ce \u015brodki:<\/p>\n<h3>1. Inspekcja<\/h3>\n<p>Regularnie sprawdzaj cylinder ramienia pod k\u0105tem \u015blad\u00f3w zu\u017cycia, nieszczelno\u015bci lub uszkodze\u0144. Sprawd\u017a uszczelki, po\u0142\u0105czenia i og\u00f3lny stan cylindra. Niezw\u0142ocznie wymie\u0144 wszelkie zu\u017cyte lub uszkodzone elementy.<\/p>\n<h3>2. Smarowanie<\/h3>\n<p>Upewnij si\u0119, \u017ce si\u0142ownik ramienia jest prawid\u0142owo nasmarowany zalecanym olejem hydraulicznym. Regularnie sprawdzaj i uzupe\u0142niaj olej, aby utrzyma\u0107 wymagany poziom.<\/p>\n<h3>3. Czyszczenie<\/h3>\n<p>Utrzymuj cylinder ramienia w czysto\u015bci i bez zanieczyszcze\u0144, kt\u00f3re mog\u0142yby wp\u0142yn\u0105\u0107 na jego dzia\u0142anie. Stosuj odpowiednie metody i materia\u0142y czyszcz\u0105ce.<\/p>\n<h3>4. Testowanie ci\u015bnieniowe<\/h3>\n<p>Okresowo przeprowadzaj testy ci\u015bnieniowe, aby sprawdzi\u0107 dzia\u0142anie butli i zidentyfikowa\u0107 potencjalne problemy. Post\u0119puj zgodnie z wytycznymi producenta dotycz\u0105cymi procedur testowych.<\/p>\n<p><img decoding=\"async\" src=\"https:\/\/www.hydraulic-cylinders.net\/wp-content\/uploads\/2025\/01\/songte-bushings-with-all-kinds-of-excavator-models.webp\" alt=\"Obraz konserwacji cylindra ramienia\"><\/p>\n<h2>Zagadnienia bezpiecze\u0144stwa i czynniki \u015brodowiskowe<\/h2>\n<p>Podczas pracy z si\u0142ownikami ramieniowymi \u015brodki bezpiecze\u0144stwa s\u0105 kluczowe dla ochrony personelu i sprz\u0119tu. Nale\u017cy podkre\u015bli\u0107 nast\u0119puj\u0105ce kwestie:<\/p>\n<h3>\u015arodki bezpiecze\u0144stwa<\/h3>\n<p>Zawsze przestrzegaj odpowiednich procedur i wytycznych bezpiecze\u0144stwa podczas obs\u0142ugi lub konserwacji si\u0142ownik\u00f3w ramienia. Stosuj wymagane \u015brodki ochrony indywidualnej (PPE) i zapewnij odpowiednie przeszkolenie personelu.<\/p>\n<h3>Czynniki \u015brodowiskowe<\/h3>\n<p>Nale\u017cy wzi\u0105\u0107 pod uwag\u0119 warunki \u015brodowiskowe, w kt\u00f3rych b\u0119dzie pracowa\u0142 si\u0142ownik ramienia. Nale\u017cy wzi\u0105\u0107 pod uwag\u0119 temperatur\u0119, wilgotno\u015b\u0107 i inne czynniki, kt\u00f3re mog\u0105 wp\u0142ywa\u0107 na wydajno\u015b\u0107 lub wymaga\u0107 dodatkowych \u015brodk\u00f3w ochronnych.<\/p>\n<h2>Diagnostyka usterek i typowe problemy<\/h2>\n<p>Cylindry ramienia mog\u0105 mie\u0107 usterki lub typowe problemy, kt\u00f3re mog\u0105 wp\u0142ywa\u0107 na ich dzia\u0142anie. Niekt\u00f3re z mo\u017cliwych problem\u00f3w to:<\/p>\n<h3>1. Wycieki<\/h3>\n<p>Nieszczelno\u015bci w uszczelnieniach lub po\u0142\u0105czeniach cylindra mog\u0105 spowodowa\u0107 utrat\u0119 p\u0142ynu hydraulicznego i obni\u017cenie wydajno\u015bci. Nale\u017cy niezw\u0142ocznie sprawdzi\u0107 i wymieni\u0107 zu\u017cyte lub uszkodzone uszczelnienia.<\/p>\n<h3>2. Powolny lub niesp\u00f3jny ruch<\/h3>\n<p>Je\u015bli si\u0142ownik ramienia porusza si\u0119 powoli lub nier\u00f3wnomiernie, mo\u017ce to wskazywa\u0107 na problem z uk\u0142adem hydraulicznym, taki jak niskie ci\u015bnienie p\u0142ynu lub uszkodzony zaw\u00f3r steruj\u0105cy. Sprawd\u017a podzespo\u0142y uk\u0142adu i rozwi\u0105\u017c wszelkie problemy.<\/p>\n<h3>3. Nadmierny ha\u0142as lub wibracje<\/h3>\n<p>Nietypowy ha\u0142as lub wibracje podczas pracy mog\u0105 by\u0107 oznak\u0105 niewsp\u00f3\u0142osiowo\u015bci, zu\u017cycia \u0142o\u017cysk lub lu\u017anych element\u00f3w. Sprawd\u017a cylinder i jego cz\u0119\u015bci pod k\u0105tem uszkodze\u0144 lub zu\u017cycia.<\/p>\n<h3>4. Dryf cylindra<\/h3>\n<p>Dryft cylindra wyst\u0119puje, gdy rami\u0119 porusza si\u0119 powoli, nawet bez przy\u0142o\u017cenia si\u0142y zewn\u0119trznej. Mo\u017ce to by\u0107 spowodowane nieszczelno\u015bci\u0105 zaworu wewn\u0119trznego lub problemami z uszczelnieniami cylindra. Aby rozwi\u0105za\u0107 problem, wymie\u0144 uszkodzone uszczelnienia lub napraw zaw\u00f3r.<\/p>\n<h2>Wskaz\u00f3wki i rozwi\u0105zania dotycz\u0105ce rozwi\u0105zywania problem\u00f3w<\/h2>\n<p>Aby skutecznie zdiagnozowa\u0107 i rozwi\u0105za\u0107 problemy z cylindrami ramienia, nale\u017cy wzi\u0105\u0107 pod uwag\u0119 nast\u0119puj\u0105ce wskaz\u00f3wki:<\/p>\n<h3>1. Sprawd\u017a i wyczy\u015b\u0107<\/h3>\n<p>Dok\u0142adnie sprawd\u017a cylinder i powi\u0105zane cz\u0119\u015bci, zwracaj\u0105c uwag\u0119 na czysto\u015b\u0107<\/p>","protected":false},"excerpt":{"rendered":"<p>Arm Cylinder For Doosan Middle Excavator DH260LC Introduction The arm cylinder is a specially designed hydraulic cylinder that is used to provide linear motion and power to the arm of various types of machinery, such as excavators, cranes, and robotic arms. It plays a crucial role in hydraulic systems, enabling the efficient movement and control [&hellip;]<\/p>","protected":false},"featured_media":14770,"comment_status":"open","ping_status":"closed","template":"","meta":{"_et_pb_use_builder":"","_et_pb_old_content":"","_et_gb_content_width":""},"product_brand":[],"product_cat":[1497],"product_tag":[1498,1496],"class_list":{"0":"post-16209","1":"product","2":"type-product","3":"status-publish","4":"has-post-thumbnail","6":"product_cat-arm-cylinders","7":"product_tag-arm-cylinders","8":"product_tag-hydraulic-cylinders","10":"first","11":"instock","12":"shipping-taxable","13":"product-type-simple"},"amp_enabled":true,"_links":{"self":[{"href":"https:\/\/www.hydraulic-cylinders.net\/pl\/wp-json\/wp\/v2\/product\/16209","targetHints":{"allow":["GET"]}}],"collection":[{"href":"https:\/\/www.hydraulic-cylinders.net\/pl\/wp-json\/wp\/v2\/product"}],"about":[{"href":"https:\/\/www.hydraulic-cylinders.net\/pl\/wp-json\/wp\/v2\/types\/product"}],"replies":[{"embeddable":true,"href":"https:\/\/www.hydraulic-cylinders.net\/pl\/wp-json\/wp\/v2\/comments?post=16209"}],"wp:featuredmedia":[{"embeddable":true,"href":"https:\/\/www.hydraulic-cylinders.net\/pl\/wp-json\/wp\/v2\/media\/14770"}],"wp:attachment":[{"href":"https:\/\/www.hydraulic-cylinders.net\/pl\/wp-json\/wp\/v2\/media?parent=16209"}],"wp:term":[{"taxonomy":"product_brand","embeddable":true,"href":"https:\/\/www.hydraulic-cylinders.net\/pl\/wp-json\/wp\/v2\/product_brand?post=16209"},{"taxonomy":"product_cat","embeddable":true,"href":"https:\/\/www.hydraulic-cylinders.net\/pl\/wp-json\/wp\/v2\/product_cat?post=16209"},{"taxonomy":"product_tag","embeddable":true,"href":"https:\/\/www.hydraulic-cylinders.net\/pl\/wp-json\/wp\/v2\/product_tag?post=16209"}],"curies":[{"name":"wp","href":"https:\/\/api.w.org\/{rel}","templated":true}]}}