{"id":16210,"date":"2025-01-20T08:40:01","date_gmt":"2025-01-20T08:40:01","guid":{"rendered":"https:\/\/www.hydraulic-cylinders.net\/product\/arm-cylinderfor-doosan-middle-excavator-dx260lc\/"},"modified":"2025-01-20T08:40:04","modified_gmt":"2025-01-20T08:40:04","slug":"arm-cylinderfor-doosan-middle-excavator-dx260lc","status":"publish","type":"product","link":"https:\/\/www.hydraulic-cylinders.net\/pl\/produkt\/arm-cylinderfor-doosan-middle-excavator-dx260lc\/","title":{"rendered":"Si\u0142ownik ramienia do koparki Doosan Middle Excavator DX260LC"},"content":{"rendered":"<p><!DOCTYPE html><br \/>\n<html><br \/>\n<head><br \/>\n<title>Si\u0142ownik ramienia do koparki \u015brodkowej Doosan DX260LC<\/title><br \/>\n<\/head><br \/>\n<body><\/p>\n<h1>Si\u0142ownik ramienia do koparki \u015brodkowej Doosan DX260LC<\/h1>\n<h2>Definicja i wyja\u015bnienie<\/h2>\n<p>Si\u0142ownik ramienia to specjalnie zaprojektowany si\u0142ownik hydrauliczny, kt\u00f3ry zapewnia ruch liniowy i zasilanie ramienia r\u00f3\u017cnych maszyn, takich jak koparki, d\u017awigi i ramiona robotyczne. Odgrywa kluczow\u0105 rol\u0119 w uk\u0142adach hydraulicznych, umo\u017cliwiaj\u0105c efektywny ruch i sterowanie osprz\u0119tem lub akcesoriami. Si\u0142owniki te nie tylko zapewniaj\u0105 p\u0142ynny ruch, ale tak\u017ce wytrzymuj\u0105 du\u017ce obci\u0105\u017cenia, gwarantuj\u0105c wydajn\u0105 prac\u0119 i niezawodno\u015b\u0107 maszyn w r\u00f3\u017cnych warunkach pracy.<\/p>\n<p><img decoding=\"async\" src=\"https:\/\/www.hydraulic-cylinders.net\/wp-content\/uploads\/2025\/01\/songte-company-2.webp\" alt=\"Obraz cylindra ramienia\"><\/p>\n<h2>Cechy<\/h2>\n<ul>\n<li><strong>Transmisja du\u017cej mocy:<\/strong> Si\u0142ownik ramienia zapewnia mocny ruch liniowy i si\u0142\u0119, gwarantuj\u0105c wysok\u0105 wydajno\u015b\u0107 i efektywno\u015b\u0107 podczas r\u00f3\u017cnych operacji.<\/li>\n<li><strong>Precyzyjna kontrola:<\/strong> Dzi\u0119ki uk\u0142adowi hydraulicznemu si\u0142ownik ramienia umo\u017cliwia precyzyjn\u0105 kontrol\u0119 ruchu, co sprawia, \u017ce \u200b\u200bpraca z pod\u0142\u0105czonymi narz\u0119dziami jest bardziej elastyczna i dok\u0142adna.<\/li>\n<li><strong>Trwa\u0142o\u015b\u0107:<\/strong> Cylindry ramienia s\u0105 zazwyczaj wykonane z materia\u0142\u00f3w o wysokiej wytrzyma\u0142o\u015bci, zapewniaj\u0105cych dobr\u0105 odporno\u015b\u0107 na zu\u017cycie i korozj\u0119, dzi\u0119ki czemu nadaj\u0105 si\u0119 do d\u0142ugotrwa\u0142ego u\u017cytkowania w trudnych warunkach.<\/li>\n<li><strong>Wielofunkcyjna adaptowalno\u015b\u0107:<\/strong> Cylindry te mog\u0105 by\u0107 szeroko stosowane w r\u00f3\u017cnych maszynach, takich jak koparki, d\u017awigi i ramiona robotyczne, dostosowuj\u0105c si\u0119 do r\u00f3\u017cnych wymaga\u0144 roboczych.<\/li>\n<li><strong>\u0141atwa konserwacja:<\/strong> Zaprojektowany z my\u015bl\u0105 o \u0142atwej konserwacji i wymianie si\u0142ownik ramienia pozwala na wygodne regularne kontrole i konserwacj\u0119, redukuj\u0105c przestoje sprz\u0119tu.<\/li>\n<\/ul>\n<p><img decoding=\"async\" src=\"https:\/\/www.hydraulic-cylinders.net\/wp-content\/uploads\/2025\/01\/songte-oil-pipes-and-spare-parts.webp\" alt=\"Obraz produktu\"><\/p>\n<h2>Aplikacje<\/h2>\n<p>Cylindry ramieniowe s\u0105 stosowane w r\u00f3\u017cnych ga\u0142\u0119ziach przemys\u0142u i zastosowaniach:<\/p>\n<ul>\n<li><strong>In\u017cynieria budowlana:<\/strong> W koparkach i d\u017awigach si\u0142owniki ramion steruj\u0105 ruchem \u0142y\u017cek lub wysi\u0119gnik\u00f3w podczas rob\u00f3t ziemnych, przenoszenia materia\u0142\u00f3w i instalacji konstrukcyjnych.<\/li>\n<li><strong>Przemys\u0142 wytw\u00f3rczy:<\/strong> W zautomatyzowanych liniach produkcyjnych cylindry ramieniowe s\u0142u\u017c\u0105 do poruszania ramionami robot\u00f3w w procesach monta\u017cu, spawania i obs\u0142ugi, zwi\u0119kszaj\u0105c wydajno\u015b\u0107 i precyzj\u0119 produkcji.<\/li>\n<li><strong>Maszyny rolnicze:<\/strong> W sprz\u0119cie rolniczym, takim jak kombajny i siewniki, si\u0142owniki ramion steruj\u0105 ruchem ramion roboczych podczas wykonywania takich zada\u0144, jak siew, nawo\u017cenie i zbi\u00f3r.<\/li>\n<li><strong>G\u00f3rnictwo:<\/strong> W sprz\u0119cie g\u00f3rniczym cylindry ramienia kontroluj\u0105 ruch ramienia podczas prac g\u00f3rniczych i transportu materia\u0142\u00f3w.<\/li>\n<li><strong>Logistyka i transport:<\/strong> W w\u00f3zkach wid\u0142owych i robotach prze\u0142adunkowych si\u0142owniki ramion steruj\u0105 podnoszeniem i ruchem wide\u0142, umo\u017cliwiaj\u0105c przenoszenie i uk\u0142adanie materia\u0142\u00f3w.<\/li>\n<\/ul>\n<h2>Zagadnienia projektowe i kryteria wyboru<\/h2>\n<ul>\n<li><strong>No\u015bno\u015b\u0107:<\/strong> Projekt cylindra ramienia musi uwzgl\u0119dnia\u0107 jego zdolno\u015b\u0107 do wytrzymywania wymaganych obci\u0105\u017ce\u0144.<\/li>\n<li><strong>Opiecz\u0119towanie:<\/strong> Stosowane s\u0105 r\u00f3\u017cne elementy uszczelniaj\u0105ce, takie jak uszczelnienia t\u0142ok\u00f3w i t\u0142oczysk, wykonane z materia\u0142\u00f3w odpornych na zu\u017cycie, takich jak poliuretan i kauczuk nitrylowy. Korpus cylindra i gwintowane ko\u0144c\u00f3wki poddawane s\u0105 precyzyjnej obr\u00f3bce w celu zwi\u0119kszenia odporno\u015bci na zu\u017cycie.<\/li>\n<li><strong>Trwa\u0142o\u015b\u0107:<\/strong> Cylinder ramienia wykonany jest z materia\u0142\u00f3w najwy\u017cszej jako\u015bci, co gwarantuje trwa\u0142o\u015b\u0107 i niezawodn\u0105 prac\u0119.<\/li>\n<li><strong>Bezpiecze\u0144stwo:<\/strong> Konstrukcja maszyny zosta\u0142a wyposa\u017cona w funkcje bezpiecze\u0144stwa, kt\u00f3re zapobiegaj\u0105 wypadkom i zapewniaj\u0105 ochron\u0119 operatora.<\/li>\n<li><strong>Konserwacja:<\/strong> Konstrukcja pozwala na \u0142atw\u0105 konserwacj\u0119 i wymian\u0119, co ogranicza przestoje i gwarantuje wydajn\u0105 prac\u0119.<\/li>\n<\/ul>\n<p><img decoding=\"async\" src=\"https:\/\/www.hydraulic-cylinders.net\/wp-content\/uploads\/2025\/01\/songte-cylinder-head-with-all-kinds-excavator-models.webp\" alt=\"Obraz produktu\"><\/p>\n<h2>Uszczelnianie i smarowanie<\/h2>\n<p>W celu zapewnienia prawid\u0142owego uszczelnienia stosuje si\u0119 r\u00f3\u017cne elementy uszczelniaj\u0105ce, takie jak uszczelnienia t\u0142oka i t\u0142oczyska. Uszczelnienia te wykonane s\u0105 z materia\u0142\u00f3w odpornych na zu\u017cycie, takich jak poliuretan i kauczuk nitrylowy. Korpus cylindra i gwintowane ko\u0144c\u00f3wki s\u0105 starannie obrabiane w celu zwi\u0119kszenia odporno\u015bci na zu\u017cycie. Aby zapewni\u0107 p\u0142ynn\u0105 prac\u0119, wymagane jest regularne smarowanie odpowiedni\u0105 ilo\u015bci\u0105 oleju hydraulicznego.<\/p>\n<h2>Regularne kontrole i konserwacja zapobiegawcza<\/h2>\n<p>Aby utrzyma\u0107 optymaln\u0105 wydajno\u015b\u0107, niezb\u0119dne s\u0105 regularne kontrole i konserwacja zapobiegawcza. Nale\u017cy podj\u0105\u0107 nast\u0119puj\u0105ce dzia\u0142ania:<\/p>\n<ul>\n<li>Sprawd\u017a wszystkie uszczelki i wymie\u0144 wszystkie zu\u017cyte lub uszkodzone elementy.<\/li>\n<li>Sprawd\u017a, czy nie ma wyciek\u00f3w oleju i niezw\u0142ocznie je napraw.<\/li>\n<li>Zapewnij odpowiednie smarowanie cylindra i innych ruchomych cz\u0119\u015bci.<\/li>\n<li>Dokr\u0119\u0107 wszelkie lu\u017ane po\u0142\u0105czenia.<\/li>\n<li>Monitoruj og\u00f3lny stan cylindra ramienia, aby zidentyfikowa\u0107 potencjalne problemy.<\/li>\n<\/ul>\n<p><img decoding=\"async\" src=\"https:\/\/www.hydraulic-cylinders.net\/wp-content\/uploads\/2025\/01\/songte-chushion-collar.webp\" alt=\"Obraz produktu\"><\/p>\n<h2>Wytyczne dotycz\u0105ce instalacji produktu<\/h2>\n<p>Prawid\u0142owy monta\u017c si\u0142ownika ramienia jest kluczowy dla jego optymalnej pracy. Post\u0119puj zgodnie z poni\u017cszymi wskaz\u00f3wkami:<\/p>\n<ul>\n<li>Refer to the manufacturer&#8217;s instructions for the specific excavator model.<\/li>\n<li>Sprawd\u017a, czy wszystkie po\u0142\u0105czenia s\u0105 solidne i prawid\u0142owo wyr\u00f3wnane.<\/li>\n<li>Check for any obstructions or interference that may hinder the cylinder&#8217;s movement.<\/li>\n<li>Zastosowa\u0107 zalecan\u0105 ilo\u015b\u0107 oleju hydraulicznego w celu smarowania.<\/li>\n<li>Przed uruchomieniem cylindra nale\u017cy sprawdzi\u0107 jego dzia\u0142anie.<\/li>\n<\/ul>\n<p><img decoding=\"async\" src=\"https:\/\/www.hydraulic-cylinders.net\/wp-content\/uploads\/2025\/01\/songte-bushings-with-all-kinds-of-excavator-models.webp\" alt=\"Obraz produktu\"><\/p>\n<h2>Zagadnienia bezpiecze\u0144stwa i czynniki \u015brodowiskowe<\/h2>\n<p>Podczas u\u017cytkowania si\u0142ownik\u00f3w ramieniowych, priorytetem jest zapewnienie \u015brodk\u00f3w bezpiecze\u0144stwa, aby zapobiec wypadkom i zapewni\u0107 bezpiecze\u0144stwo operatora. Odpowiednie szkolenie, w\u0142a\u015bciwa konserwacja i przestrzeganie norm bezpiecze\u0144stwa s\u0105 kluczowe dla stworzenia bezpiecznego \u015brodowiska pracy. Dodatkowo nale\u017cy wzi\u0105\u0107 pod uwag\u0119 czynniki \u015brodowiskowe, takie jak w\u0142a\u015bciwa utylizacja zu\u017cytego oleju hydraulicznego i przestrzeganie przepis\u00f3w ochrony \u015brodowiska.<\/p>\n<h2>Rozwi\u0105zywanie problem\u00f3w i typowe problemy<\/h2>\n<p>Cylindry ramienia mog\u0105 napotyka\u0107 pewne usterki lub problemy. Oto kilka typowych problem\u00f3w i ich potencjalne rozwi\u0105zania:<\/p>\n<ul>\n<li><strong>Przeciek:<\/strong> Sprawd\u017a wszystkie uszczelki pod k\u0105tem uszkodze\u0144 lub zu\u017cycia i w razie potrzeby wymie\u0144 je. Upewnij si\u0119, \u017ce po\u0142\u0105czenia s\u0105 odpowiednio dokr\u0119cone.<\/li>\n<li><strong>Powolny lub niesp\u00f3jny ruch:<\/strong> Sprawd\u017a poziom oleju hydraulicznego i upewnij si\u0119, \u017ce mie\u015bci si\u0119 w zalecanym zakresie. Sprawd\u017a cylinder pod k\u0105tem ewentualnych przeszk\u00f3d lub uszkodze\u0144.<\/li>\n<li><strong>Nadmierne wibracje:<\/strong> Check for misalignment or loose connections. Inspect the surrounding components for any issues that may affect the cylinder&#8217;s stability.<\/li>\n<li><strong>Nieregularna praca:<\/strong> Sprawd\u017a uk\u0142ad hydrauliczny pod k\u0105tem usterek lub waha\u0144 ci\u015bnienia. W razie potrzeby sprawd\u017a i wyczy\u015b\u0107 zawory steruj\u0105ce.<\/li>\n<\/ul>\n<p><img decoding=\"async\" src=\"https:\/\/www.hydraulic-cylinders.net\/wp-content\/uploads\/2025\/01\/songte-company-4.webp\" alt=\"Obraz produktu\"><br \/>\n<img decoding=\"async\" src=\"https:\/\/www.hydraulic-cylinders.net\/wp-content\/uploads\/2025\/01\/songte-company-3.webp\" alt=\"Obraz produktu\"><\/p>\n<h2>O naszej firmie<\/h2>\n<p>We are a professional manufacturer of replacement hydraulic cylinders with a wide range of products. We have become one of the leading hydraulic cylinder manufacturers and wholesale distributors in both domestic and international markets. Upholding the principle of excellence in quality, we continuously improve our technological capabilities and production efficiency by implementing industrialized production management strategies in our refined manufacturing workshops. By introducing advanced digital manufacturing equipment and professional testing systems, we optimize our manufacturing platform and enhance our product quality control processes, enabling us to possess strong innovation capabilities. Our goal is to meet customers&#8217; diverse needs with principles of efficiency, accuracy, and high quality.<\/p>\n<h2>Nasze mocne strony<\/h2>\n<ul>\n<li><strong>Ekspertyza:<\/strong> Jeste\u015bmy ekspertami w dziedzinie produkcji cylindr\u00f3w hydraulicznych, posiadaj\u0105cymi du\u017c\u0105 wiedz\u0119 i do\u015bwiadczenie.<\/li>\n<li><strong>Certyfikaty mi\u0119dzynarodowe:<\/strong> Nasze produkty posiadaj\u0105 szereg mi\u0119dzynarodowych certyfikat\u00f3w, kt\u00f3re gwarantuj\u0105 ich wysok\u0105 jako\u015b\u0107 i niezawodno\u015b\u0107.<\/li>\n<li><strong \n<br \/>","protected":false},"excerpt":{"rendered":"<p>Arm Cylinder For Doosan Middle Excavator DX260LC Arm Cylinder For Doosan Middle Excavator DX260LC Definition and Explanation Arm Cylinder is a specifically designed hydraulic cylinder that provides linear motion and power to the arm of various machinery such as excavators, cranes, and robotic arms. It plays a crucial role in hydraulic systems, allowing for effective [&hellip;]<\/p>","protected":false},"featured_media":14766,"comment_status":"open","ping_status":"closed","template":"","meta":{"_et_pb_use_builder":"","_et_pb_old_content":"","_et_gb_content_width":""},"product_brand":[],"product_cat":[1497],"product_tag":[1498,1496],"class_list":{"0":"post-16210","1":"product","2":"type-product","3":"status-publish","4":"has-post-thumbnail","6":"product_cat-arm-cylinders","7":"product_tag-arm-cylinders","8":"product_tag-hydraulic-cylinders","10":"first","11":"instock","12":"shipping-taxable","13":"product-type-simple"},"amp_enabled":true,"_links":{"self":[{"href":"https:\/\/www.hydraulic-cylinders.net\/pl\/wp-json\/wp\/v2\/product\/16210","targetHints":{"allow":["GET"]}}],"collection":[{"href":"https:\/\/www.hydraulic-cylinders.net\/pl\/wp-json\/wp\/v2\/product"}],"about":[{"href":"https:\/\/www.hydraulic-cylinders.net\/pl\/wp-json\/wp\/v2\/types\/product"}],"replies":[{"embeddable":true,"href":"https:\/\/www.hydraulic-cylinders.net\/pl\/wp-json\/wp\/v2\/comments?post=16210"}],"wp:featuredmedia":[{"embeddable":true,"href":"https:\/\/www.hydraulic-cylinders.net\/pl\/wp-json\/wp\/v2\/media\/14766"}],"wp:attachment":[{"href":"https:\/\/www.hydraulic-cylinders.net\/pl\/wp-json\/wp\/v2\/media?parent=16210"}],"wp:term":[{"taxonomy":"product_brand","embeddable":true,"href":"https:\/\/www.hydraulic-cylinders.net\/pl\/wp-json\/wp\/v2\/product_brand?post=16210"},{"taxonomy":"product_cat","embeddable":true,"href":"https:\/\/www.hydraulic-cylinders.net\/pl\/wp-json\/wp\/v2\/product_cat?post=16210"},{"taxonomy":"product_tag","embeddable":true,"href":"https:\/\/www.hydraulic-cylinders.net\/pl\/wp-json\/wp\/v2\/product_tag?post=16210"}],"curies":[{"name":"wp","href":"https:\/\/api.w.org\/{rel}","templated":true}]}}