{"id":16211,"date":"2025-01-20T08:40:10","date_gmt":"2025-01-20T08:40:10","guid":{"rendered":"https:\/\/www.hydraulic-cylinders.net\/product\/arm-cylinderfor-doosan-large-excavator-dh290\/"},"modified":"2025-01-20T08:40:20","modified_gmt":"2025-01-20T08:40:20","slug":"arm-cylinderfor-doosan-large-excavator-dh290","status":"publish","type":"product","link":"https:\/\/www.hydraulic-cylinders.net\/pl\/produkt\/arm-cylinderfor-doosan-large-excavator-dh290\/","title":{"rendered":"Si\u0142ownik ramienia do du\u017cej koparki Doosan DH290"},"content":{"rendered":"<h2>Si\u0142ownik ramienia do du\u017cej koparki Doosan DH290<\/h2>\n<h3>Wst\u0119p<\/h3>\n<p>Si\u0142ownik ramienia to specjalnie zaprojektowany si\u0142ownik hydrauliczny, kt\u00f3ry s\u0142u\u017cy g\u0142\u00f3wnie do zapewnienia ruchu liniowego i zasilania ramion r\u00f3\u017cnego rodzaju urz\u0105dze\u0144, takich jak koparki, d\u017awigi i ramiona mechaniczne. Si\u0142owniki ramienia odgrywaj\u0105 kluczow\u0105 rol\u0119 w uk\u0142adach hydraulicznych, umo\u017cliwiaj\u0105c ruch osprz\u0119tu i akcesori\u00f3w oraz ich efektywne sterowanie. Si\u0142owniki te nie tylko zapewniaj\u0105 p\u0142ynny ruch, ale tak\u017ce wytrzymuj\u0105 du\u017ce obci\u0105\u017cenia, zapewniaj\u0105c wydajn\u0105 prac\u0119 i niezawodno\u015b\u0107 urz\u0105dze\u0144 w r\u00f3\u017cnych warunkach eksploatacyjnych.<\/p>\n<p><img decoding=\"async\" src=\"https:\/\/www.hydraulic-cylinders.net\/wp-content\/uploads\/2025\/01\/songte-company-2.webp\"><\/p>\n<h3>Cechy produktu<\/h3>\n<ul>\n<li><strong>Efektywne przenoszenie mocy:<\/strong> Cylindry ramion zapewniaj\u0105 mocny ruch liniowy i si\u0142\u0119, gwarantuj\u0105c wysok\u0105 wydajno\u015b\u0107 ramion mechanicznych w r\u00f3\u017cnych operacjach.<\/li>\n<li><strong>Precyzyjna kontrola:<\/strong> Dzi\u0119ki uk\u0142adowi hydraulicznemu si\u0142owniki ramion umo\u017cliwiaj\u0105 precyzyjn\u0105 kontrol\u0119 ruchu, co sprawia, \u017ce \u200b\u200bpraca osprz\u0119tu jest bardziej elastyczna i dok\u0142adna.<\/li>\n<li><strong>Wysoka wytrzyma\u0142o\u015b\u0107:<\/strong> Cylindry ramienia s\u0105 zazwyczaj wykonane z materia\u0142\u00f3w o wysokiej wytrzyma\u0142o\u015bci i charakteryzuj\u0105 si\u0119 dobr\u0105 odporno\u015bci\u0105 na zu\u017cycie i korozj\u0119, dzi\u0119ki czemu nadaj\u0105 si\u0119 do d\u0142ugotrwa\u0142ego u\u017cytkowania w trudnych warunkach.<\/li>\n<li><strong>Wielofunkcyjna adaptowalno\u015b\u0107:<\/strong> Tego typu si\u0142owniki mog\u0105 by\u0107 szeroko stosowane w r\u00f3\u017cnych typach urz\u0105dze\u0144 mechanicznych, takich jak koparki, d\u017awigi i ramiona mechaniczne, a tak\u017ce mog\u0105 by\u0107 dostosowane do r\u00f3\u017cnych wymaga\u0144 roboczych.<\/li>\n<li><strong>\u0141atwa konserwacja:<\/strong> Zaprojektowane z my\u015bl\u0105 o \u0142atwo\u015bci konserwacji i wymiany, regularne kontrole i konserwacje staj\u0105 si\u0119 wygodniejsze, redukuj\u0105c przestoje sprz\u0119tu.<\/li>\n<\/ul>\n<p>Mo\u017cemy wyprodukowa\u0107 ten produkt i nasz produkt mo\u017ce doskonale zast\u0105pi\u0107 te cylindry hydrauliczne.<\/p>\n<p><img decoding=\"async\" src=\"https:\/\/www.hydraulic-cylinders.net\/wp-content\/uploads\/2025\/01\/songte-oil-pipes-and-spare-parts.webp\"><\/p>\n<h3>Aplikacje<\/h3>\n<p>Cylindry ramieniowe s\u0105 szeroko stosowane w r\u00f3\u017cnych ga\u0142\u0119ziach przemys\u0142u, w tym m.in.:<\/p>\n<ul>\n<li><strong>In\u017cynieria budowlana:<\/strong> W koparkach i d\u017awigach si\u0142owniki ramienia s\u0142u\u017c\u0105 do sterowania ruchem \u0142y\u017cki lub wysi\u0119gnika podczas prac ziemnych, przenoszenia materia\u0142\u00f3w i monta\u017cu konstrukcji.<\/li>\n<li><strong>Produkcja:<\/strong> W zautomatyzowanych liniach produkcyjnych si\u0142owniki ramieniowe s\u0142u\u017c\u0105 do poruszania ramionami mechanicznymi podczas proces\u00f3w monta\u017cu, spawania i obs\u0142ugi, co zwi\u0119ksza wydajno\u015b\u0107 i dok\u0142adno\u015b\u0107 produkcji.<\/li>\n<li><strong>Maszyny rolnicze:<\/strong> W maszynach rolniczych, takich jak kombajny i siewniki, si\u0142owniki ramion steruj\u0105 ruchem ramion roboczych podczas wykonywania takich zada\u0144, jak siew, nawo\u017cenie i zbi\u00f3r.<\/li>\n<li><strong>G\u00f3rnictwo:<\/strong> W sprz\u0119cie g\u00f3rniczym cylindry ramieniowe s\u0142u\u017c\u0105 do sterowania ruchem ramion sprz\u0119tu g\u00f3rniczego stosowanego przy wydobyciu i transporcie rud.<\/li>\n<li><strong>Logistyka i transport:<\/strong> W w\u00f3zkach wid\u0142owych i robotach prze\u0142adunkowych si\u0142owniki ramion s\u0142u\u017c\u0105 do sterowania podnoszeniem i ruchem wide\u0142, umo\u017cliwiaj\u0105c obs\u0142ug\u0119 i uk\u0142adanie materia\u0142\u00f3w.<\/li>\n<\/ul>\n<h3>Zagadnienia projektowe i standardy wyboru<\/h3>\n<p>W kontek\u015bcie projektowania brane s\u0105 pod uwag\u0119 kluczowe czynniki, takie jak no\u015bno\u015b\u0107, szczelno\u015b\u0107, trwa\u0142o\u015b\u0107, bezpiecze\u0144stwo i \u0142atwo\u015b\u0107 konserwacji. Niekt\u00f3re z aspekt\u00f3w projektowych i standard\u00f3w doboru obejmuj\u0105:<\/p>\n<ul>\n<li><strong>No\u015bno\u015b\u0107:<\/strong> Cylindry ramienia musz\u0105 mie\u0107 odpowiedni\u0105 no\u015bno\u015b\u0107, aby zagwarantowa\u0107 bezpieczn\u0105 prac\u0119 w r\u00f3\u017cnych warunkach roboczych.<\/li>\n<li><strong>Mo\u017cliwo\u015b\u0107 uszczelnienia:<\/strong> R\u00f3\u017cne elementy uszczelniaj\u0105ce, takie jak uszczelki t\u0142okowe i uszczelki t\u0142oczyskowe, s\u0142u\u017c\u0105 do utrzymania p\u0142ynu hydraulicznego wewn\u0105trz cylindra, zapobiegaj\u0105c wyciekom i gwarantuj\u0105c stabiln\u0105 prac\u0119.<\/li>\n<li><strong>Trwa\u0142o\u015b\u0107:<\/strong> Cylindry ramienia s\u0105 zazwyczaj wykonane z materia\u0142\u00f3w o wysokiej wytrzyma\u0142o\u015bci, takich jak stal stopowa, co zapewnia wysok\u0105 trwa\u0142o\u015b\u0107 oraz odporno\u015b\u0107 na zu\u017cycie i korozj\u0119. Powierzchnia cylindra i t\u0142oczyska s\u0105 precyzyjnie obrabiane w celu zwi\u0119kszenia odporno\u015bci na zu\u017cycie.<\/li>\n<li><strong>Bezpiecze\u0144stwo:<\/strong> Istotne znaczenie maj\u0105 wzgl\u0119dy bezpiecze\u0144stwa, w tym takie \u015brodki, jak stosowanie zawor\u00f3w bezpiecze\u0144stwa zapobiegaj\u0105cych przeci\u0105\u017ceniu oraz instalowanie wy\u0142\u0105cznik\u00f3w awaryjnych.<\/li>\n<li><strong>Utrzymywalno\u015b\u0107:<\/strong> Cylindry ramieniowe zaprojektowano tak, aby by\u0142y \u0142atwe w konserwacji i wymianie, z wymiennymi uszczelkami i \u0142o\u017cyskami oraz przyjaznymi dla u\u017cytkownika procedurami monta\u017cu i demonta\u017cu.<\/li>\n<\/ul>\n<p><img decoding=\"async\" src=\"https:\/\/www.hydraulic-cylinders.net\/wp-content\/uploads\/2025\/01\/songte-cylinder-head-with-all-kinds-excavator-models.webp\"><\/p>\n<h3>Uszczelnianie i smarowanie<\/h3>\n<p>W si\u0142ownikach ramieniowych zastosowano r\u00f3\u017cne elementy uszczelniaj\u0105ce, takie jak uszczelnienia t\u0142oka i t\u0142oczyska, aby zapobiec wyciekom. Uszczelnienia wykonane s\u0105 z materia\u0142\u00f3w odpornych na zu\u017cycie, takich jak poliuretan i kauczuk nitrylowy. Powierzchnia cylindra i t\u0142oczyska s\u0105 precyzyjnie obrobione, aby zwi\u0119kszy\u0107 odporno\u015b\u0107 na zu\u017cycie. Regularne smarowanie odpowiednim olejem hydraulicznym jest niezb\u0119dne dla zapewnienia p\u0142ynnej pracy si\u0142ownika i wyd\u0142u\u017cenia jego \u017cywotno\u015bci.<\/p>\n<h3>Konserwacja i \u015brodki zapobiegawcze<\/h3>\n<p>Regularne przegl\u0105dy i konserwacja zapobiegawcza s\u0105 niezb\u0119dne dla zapewnienia bezpiecznej i wydajnej pracy si\u0142ownik\u00f3w ramienia. Niekt\u00f3re \u015brodki konserwacyjne i zapobiegawcze obejmuj\u0105:<\/p>\n<ul>\n<li><strong>Regularna kontrola:<\/strong> Kontrola korpusu cylindra, t\u0142oka, pr\u0119ta, uszczelek i innych element\u00f3w pod k\u0105tem zu\u017cycia i uszkodze\u0144.<\/li>\n<li><strong>Regularne smarowanie:<\/strong> Regular lubrication with appropriate hydraulic oil to ensure smooth operation and extend the cylinder&#8217;s service life.<\/li>\n<li><strong>Wymiana zu\u017cytych cz\u0119\u015bci:<\/strong> Wymiana zu\u017cytych lub uszkodzonych uszczelek, \u0142o\u017cysk i innych podzespo\u0142\u00f3w w celu zapewnienia bezpiecznej i wydajnej pracy cylindra.<\/li>\n<li><strong>\u015arodki zapobiegawcze:<\/strong> Unikanie przeci\u0105\u017cania butli, zapobieganie zanieczyszczeniu butli obcymi substancjami oraz unikanie nara\u017cania na ekstremalne temperatury i \u015brodowiska korozyjne.<\/li>\n<\/ul>\n<p><img decoding=\"async\" src=\"https:\/\/www.hydraulic-cylinders.net\/wp-content\/uploads\/2025\/01\/songte-chushion-collar.webp\"><\/p>\n<h3>Instrukcja instalacji produktu<\/h3>\n<p>Prawid\u0142owy monta\u017c si\u0142ownika ramienia jest niezb\u0119dny dla bezpiecznej i wydajnej pracy. Oto kilka wskaz\u00f3wek dotycz\u0105cych monta\u017cu:<\/p>\n<ul>\n<li><strong>Przygotowanie:<\/strong> Przejrzyj instrukcj\u0119 instalacji i upewnij si\u0119, \u017ce masz dost\u0119p do wszystkich niezb\u0119dnych narz\u0119dzi i sprz\u0119tu.<\/li>\n<li><strong>Montowanie:<\/strong> Zamontuj cylinder w urz\u0105dzeniu zgodnie ze specyfikacjami instalacji, upewniaj\u0105c si\u0119, \u017ce cylinder jest solidnie zamocowany i prawid\u0142owo wyr\u00f3wnany.<\/li>\n<li><strong>Po\u0142\u0105czenie:<\/strong> Pod\u0142\u0105cz przewody hydrauliczne do cylindra zgodnie ze specyfikacj\u0105 instalacji, upewniaj\u0105c si\u0119, \u017ce przewody s\u0105 solidnie zamocowane i szczelne.<\/li>\n<li><strong>Testowanie:<\/strong> Sprawd\u017a, czy cylinder dzia\u0142a prawid\u0142owo i wykonaj wszelkie niezb\u0119dne regulacje.<\/li>\n<\/ul>\n<h3>Zagadnienia bezpiecze\u0144stwa i czynniki \u015brodowiskowe<\/h3>\n<p>Podczas pracy z si\u0142ownikami ramieniowymi nale\u017cy zachowa\u0107 szczeg\u00f3ln\u0105 ostro\u017cno\u015b\u0107, aby zapewni\u0107 bezpiecze\u0144stwo personelu i sprz\u0119tu. Obejmuj\u0105 one stosowanie \u015brodk\u00f3w ochrony indywidualnej, takich jak r\u0119kawice i okulary ochronne, oraz wdra\u017canie procedur bezpiecze\u0144stwa, takich jak blokowanie \u017ar\u00f3d\u0142a zasilania przed rozpocz\u0119ciem prac konserwacyjnych. Nale\u017cy r\u00f3wnie\u017c uwzgl\u0119dni\u0107 czynniki \u015brodowiskowe, takie jak zapobieganie wyciekom oleju i w\u0142a\u015bciwa utylizacja zu\u017cytego oleju hydraulicznego.<\/p>\n<h3>Rozwi\u0105zywanie problem\u00f3w i typowe problemy<\/h3>\n<p>Do typowych problem\u00f3w, kt\u00f3re mog\u0105 wyst\u0105pi\u0107 w przypadku si\u0142ownik\u00f3w ramienia, nale\u017c\u0105 nieszczelno\u015bci, nieprawid\u0142owa obs\u0142uga i uszkodzenia podzespo\u0142\u00f3w. Oto kilka wskaz\u00f3wek dotycz\u0105cych rozwi\u0105zywania tych problem\u00f3w:<\/p>\n<ul>\n<li><strong>Przeciek:<\/strong> Sprawd\u017a uszczelki pod k\u0105tem zu\u017cycia lub uszkodze\u0144 i w razie potrzeby wymie\u0144 je. Upewnij si\u0119, \u017ce cylinder nie jest przeci\u0105\u017cony.<\/li>\n<li><strong>Nieprawid\u0142owa obs\u0142uga:<\/strong> Sprawd\u017a poprawno\u015b\u0107 ustawienia i upewnij si\u0119, \u017ce uk\u0142ad hydrauliczny dzia\u0142a prawid\u0142owo.<\/li>\n<li><strong>Uszkodzenia komponent\u00f3w:<\/strong> Wymie\u0144 wszystkie uszkodzone elementy, takie jak uszczelki lub \u0142o\u017cyska i upewnij si\u0119, \u017ce cylinder nie jest przeci\u0105\u017cony.<\/li>\n<\/ul>\n<p>\u015arodki zapobiegawcze maj\u0105ce na celu ograniczenie tych problem\u00f3w obejmuj\u0105 prawid\u0142ow\u0105 instalacj\u0119, rutynowe kontrole i konserwacj\u0119.<\/p>\n<p><img decoding=\"async\" src=\"https:\/\/www.hydraulic-cylinders.net\/wp-content\/uploads\/2025\/01\/songte-bushings-with-all-kinds-of-excavator-models.webp\"><\/p>\n<h3>O nas<\/h3>\n<p>Jeste\u015bmy profesjonalnym producentem zamiennych cylindr\u00f3w hydraulicznych, oferuj\u0105cym szerok\u0105 gam\u0119 produkt\u00f3w. Stali\u015bmy si\u0119 jednym z wiod\u0105cych producent\u00f3w i dystrybutor\u00f3w hurtowych cylindr\u00f3w hydraulicznych na rynku krajowym i mi\u0119dzynarodowym. Zawsze kierujemy si\u0119 zasad\u0105 doskona\u0142ej jako\u015bci, opieraj\u0105c si\u0119 na strategii zarz\u0105dzania produkcj\u0105 przemys\u0142ow\u0105 w nowoczesnym zak\u0142adzie produkcyjnym, stale podnosz\u0105c poziom techniczny i wydajno\u015b\u0107 produkcji. Wprowadzaj\u0105c wysokiej klasy cyfrowy sprz\u0119t produkcyjny i profesjonalne systemy testowe, stale optymalizujemy nasz\u0105 platform\u0119 produkcyjn\u0105, usprawniamy procesy kontroli jako\u015bci produkt\u00f3w i dysponujemy silnym potencja\u0142em innowacyjnym. Naszym celem jest zaspokajanie zr\u00f3\u017cnicowanych potrzeb klient\u00f3w poprzez wysok\u0105 wydajno\u015b\u0107, dok\u0142adno\u015b\u0107 i wysok\u0105 jako\u015b\u0107.<\/p>\n<p>Nasza firma \u015bwiadczy r\u00f3\u017cnorodne us\u0142ugi, w tym:<\/p>\n<ul>\n<li><strong>Profesjonalizm:<\/strong> Dysponujemy zespo\u0142em profesjonalnych ekspert\u00f3w, kt\u00f3rzy mog\u0105 zapewni\u0107 specjalistyczne us\u0142ugi w zakresie projektowania, rozwoju, produkcji i sprzeda\u017cy cylindr\u00f3w hydraulicznych.<\/li>\n<li><strong>Certyfikacja mi\u0119dzynarodowa:<\/strong> Nasze produkty uzyska\u0142y szereg mi\u0119dzynarodowych certyfikat\u00f3w, takich jak ISO9001, SGS i CE, co gwarantuje wysokie standardy jako\u015bci i bezpiecze\u0144stwa.<\/li>\n<li><strong>Personalizacja:<\/strong> Potrafimy dostosowa\u0107 cylindry hydrauliczne do konkretnych potrzeb klient\u00f3w, dostarczaj\u0105c spersonalizowane i dostosowane do indywidualnych potrzeb produkty i us\u0142ugi.<\/li>\n<li><strong>Sprz\u0119t produkcyjny:<\/strong> Nasza firma dysponuje r\u00f3\u017cnorodnym sprz\u0119tem produkcyjnym, takim jak obrabiarki CNC, automatyczne maszyny spawalnicze i urz\u0105dzenia testowe, kt\u00f3re mog\u0105 sprosta\u0107 potrzebom r\u00f3\u017cnych proces\u00f3w produkcyjnych.<\/li>\n<li><strong>Serwis posprzeda\u017cowy:<\/strong> Zapewniamy kompleksow\u0105 obs\u0142ug\u0119 posprzeda\u017cow\u0105, obejmuj\u0105c\u0105 wsparcie techniczne, konserwacj\u0119 produkt\u00f3w i us\u0142ugi gwarancyjne, aby zagwarantowa\u0107 satysfakcj\u0119 klienta.<\/li>\n<\/ul>\n<p><img decoding=\"async\" src=\"https:\/\/www.hydraulic-cylinders.net\/wp-content\/uploads\/2025\/01\/songte-company-4.webp\"><\/p>\n<p><img decoding=\"async\" src=\"https:\/\/www.hydraulic-cylinders.net\/wp-content\/uploads\/2025\/01\/songte-company-3.webp\"><\/p>\n<p>Autor: lyl<\/p>","protected":false},"excerpt":{"rendered":"<p>Arm Cylinder for Doosan Large Excavator DH290 Introduction An arm cylinder is a specially designed hydraulic cylinder that is primarily used to provide linear motion and power to the arms of various types of equipment, such as excavators, cranes, and mechanical arms. Arm cylinders play a key role in hydraulic systems, enabling attachments or accessories [&hellip;]<\/p>","protected":false},"featured_media":14763,"comment_status":"open","ping_status":"closed","template":"","meta":{"_et_pb_use_builder":"","_et_pb_old_content":"","_et_gb_content_width":""},"product_brand":[],"product_cat":[1497],"product_tag":[1498,1496],"class_list":{"0":"post-16211","1":"product","2":"type-product","3":"status-publish","4":"has-post-thumbnail","6":"product_cat-arm-cylinders","7":"product_tag-arm-cylinders","8":"product_tag-hydraulic-cylinders","10":"first","11":"instock","12":"shipping-taxable","13":"product-type-simple"},"amp_enabled":true,"_links":{"self":[{"href":"https:\/\/www.hydraulic-cylinders.net\/pl\/wp-json\/wp\/v2\/product\/16211","targetHints":{"allow":["GET"]}}],"collection":[{"href":"https:\/\/www.hydraulic-cylinders.net\/pl\/wp-json\/wp\/v2\/product"}],"about":[{"href":"https:\/\/www.hydraulic-cylinders.net\/pl\/wp-json\/wp\/v2\/types\/product"}],"replies":[{"embeddable":true,"href":"https:\/\/www.hydraulic-cylinders.net\/pl\/wp-json\/wp\/v2\/comments?post=16211"}],"wp:featuredmedia":[{"embeddable":true,"href":"https:\/\/www.hydraulic-cylinders.net\/pl\/wp-json\/wp\/v2\/media\/14763"}],"wp:attachment":[{"href":"https:\/\/www.hydraulic-cylinders.net\/pl\/wp-json\/wp\/v2\/media?parent=16211"}],"wp:term":[{"taxonomy":"product_brand","embeddable":true,"href":"https:\/\/www.hydraulic-cylinders.net\/pl\/wp-json\/wp\/v2\/product_brand?post=16211"},{"taxonomy":"product_cat","embeddable":true,"href":"https:\/\/www.hydraulic-cylinders.net\/pl\/wp-json\/wp\/v2\/product_cat?post=16211"},{"taxonomy":"product_tag","embeddable":true,"href":"https:\/\/www.hydraulic-cylinders.net\/pl\/wp-json\/wp\/v2\/product_tag?post=16211"}],"curies":[{"name":"wp","href":"https:\/\/api.w.org\/{rel}","templated":true}]}}