{"id":16218,"date":"2025-01-20T08:40:53","date_gmt":"2025-01-20T08:40:53","guid":{"rendered":"https:\/\/www.hydraulic-cylinders.net\/product\/arm-cylinderfor-doosan-large-excavator-d370l-9\/"},"modified":"2025-01-20T08:40:54","modified_gmt":"2025-01-20T08:40:54","slug":"arm-cylinderfor-doosan-large-excavator-d370l-9","status":"publish","type":"product","link":"https:\/\/www.hydraulic-cylinders.net\/pl\/produkt\/arm-cylinderfor-doosan-large-excavator-d370l-9\/","title":{"rendered":"Si\u0142ownik ramienia do du\u017cej koparki Doosan D370L-9"},"content":{"rendered":"<h2>Si\u0142ownik ramienia do du\u017cej koparki Doosan D370L-9<\/h2>\n<h3>Definicja i wyja\u015bnienie produktu<\/h3>\n<p>Si\u0142ownik ramienia to specjalnie zaprojektowany si\u0142ownik hydrauliczny, kt\u00f3ry zapewnia ruch liniowy i zasilanie ramienia r\u00f3\u017cnych maszyn, takich jak koparki, d\u017awigi i ramiona robot\u00f3w. Si\u0142ownik ramienia odgrywa kluczow\u0105 rol\u0119 w uk\u0142adach hydraulicznych, umo\u017cliwiaj\u0105c wydajny ruch i sterowanie dodatkowymi narz\u0119dziami lub osprz\u0119tem. Si\u0142owniki te nie tylko zapewniaj\u0105 p\u0142ynny ruch, ale tak\u017ce wytrzymuj\u0105 du\u017ce obci\u0105\u017cenia, gwarantuj\u0105c wydajn\u0105 prac\u0119 i niezawodno\u015b\u0107 maszyn w r\u00f3\u017cnych warunkach pracy.<\/p>\n<p><img decoding=\"async\" src=\"https:\/\/www.hydraulic-cylinders.net\/wp-content\/uploads\/2025\/01\/songte-company-2.webp\" alt=\"Obraz cylindra ramienia\"><\/p>\n<h3>Cechy produktu<\/h3>\n<ul>\n<li>Wysokowydajna przek\u0142adnia: Cylinder ramienia zapewnia mocny ruch liniowy i si\u0142\u0119, gwarantuj\u0105c wysok\u0105 wydajno\u015b\u0107 ramienia mechanicznego w r\u00f3\u017cnych operacjach.<\/li>\n<li>Precyzyjna kontrola: Dzi\u0119ki uk\u0142adowi hydraulicznemu si\u0142ownik ramienia umo\u017cliwia precyzyjn\u0105 kontrol\u0119 ruchu, co sprawia, \u017ce \u200b\u200bobs\u0142uga pod\u0142\u0105czonych narz\u0119dzi jest bardziej elastyczna i dok\u0142adna.<\/li>\n<li>Wysoka trwa\u0142o\u015b\u0107: Cylindry ramienia s\u0105 zazwyczaj produkowane z materia\u0142\u00f3w o wysokiej wytrzyma\u0142o\u015bci, zapewniaj\u0105cych doskona\u0142\u0105 odporno\u015b\u0107 na zu\u017cycie i korozj\u0119, dzi\u0119ki czemu nadaj\u0105 si\u0119 do d\u0142ugotrwa\u0142ego u\u017cytkowania w trudnych warunkach.<\/li>\n<li>Wszechstronno\u015b\u0107: Cylindry te mo\u017cna szeroko stosowa\u0107 w r\u00f3\u017cnych maszynach, takich jak koparki, d\u017awigi i ramiona robotyczne, spe\u0142niaj\u0105c r\u00f3\u017cne wymagania robocze.<\/li>\n<li>\u0141atwa konserwacja: Zaprojektowane z my\u015bl\u0105 o \u0142atwej konserwacji i wymianie, si\u0142owniki ramion u\u0142atwiaj\u0105 okresowe kontrole i konserwacj\u0119, redukuj\u0105c przestoje sprz\u0119tu.<\/li>\n<\/ul>\n<p><img decoding=\"async\" src=\"https:\/\/www.hydraulic-cylinders.net\/wp-content\/uploads\/2025\/01\/songte-oil-pipes-and-spare-parts.webp\" alt=\"Cz\u0119\u015bci zamienne do cylindra ramienia\"><\/p>\n<h3>Scenariusze zastosowa\u0144<\/h3>\n<p>Si\u0142ownik ramienia znajduje szerokie zastosowanie w r\u00f3\u017cnych ga\u0142\u0119ziach przemys\u0142u, w tym:<\/p>\n<ol>\n<li>In\u017cynieria budowlana: W koparkach i d\u017awigach si\u0142ownik ramienia s\u0142u\u017cy do sterowania ruchem \u0142y\u017cek lub wysi\u0119gnik\u00f3w podczas rob\u00f3t ziemnych, przenoszenia materia\u0142\u00f3w i instalacji konstrukcyjnych.<\/li>\n<li>Przemys\u0142 wytw\u00f3rczy: W zautomatyzowanych liniach produkcyjnych si\u0142ownik ramienia umo\u017cliwia ruch ramion robota podczas monta\u017cu, spawania i obs\u0142ugi materia\u0142\u00f3w, co zwi\u0119ksza wydajno\u015b\u0107 i precyzj\u0119 produkcji.<\/li>\n<li>Maszyny rolnicze: W sprz\u0119cie rolniczym, takim jak kombajny i siewniki, si\u0142ownik ramienia steruje ruchem ramion roboczych podczas wykonywania takich zada\u0144, jak siew, nawo\u017cenie i zbi\u00f3r.<\/li>\n<li>G\u00f3rnictwo: W sprz\u0119cie g\u00f3rniczym si\u0142ownik ramienia s\u0142u\u017cy do sterowania ruchem ramienia sprz\u0119tu g\u00f3rniczego podczas wydobywania i transportu rudy.<\/li>\n<li>Logistyka i transport: W w\u00f3zkach wid\u0142owych i robotach prze\u0142adunkowych si\u0142ownik ramienia steruje podnoszeniem i ruchem wide\u0142, umo\u017cliwiaj\u0105c przenoszenie i uk\u0142adanie materia\u0142\u00f3w.<\/li>\n<\/ol>\n<h3>Zagadnienia projektowe i kryteria wyboru<\/h3>\n<p>Przy projektowaniu cylindr\u00f3w ramieniowych brane s\u0105 pod uwag\u0119 r\u00f3\u017cne czynniki:<\/p>\n<ul>\n<li>No\u015bno\u015b\u0107: Cylinder ramienia musi by\u0107 zaprojektowany tak, aby wytrzyma\u0107 okre\u015blone wymagania dotycz\u0105ce obci\u0105\u017cenia, aby zapewni\u0107 bezpieczn\u0105 i niezawodn\u0105 prac\u0119.<\/li>\n<li>Uszczelnienie: W celu zapewnienia skutecznego uszczelnienia i zminimalizowania wycieku p\u0142ynu stosuje si\u0119 wiele element\u00f3w uszczelniaj\u0105cych, takich jak uszczelki t\u0142okowe i uszczelki t\u0142oczyskowe, z materia\u0142\u00f3w takich jak poliuretan i kauczuk nitrylowy.<\/li>\n<li>Trwa\u0142o\u015b\u0107: Korpus cylindra i gwintowane ko\u0144c\u00f3wki poddawane s\u0105 starannej obr\u00f3bce powierzchni w celu zwi\u0119kszenia odporno\u015bci na zu\u017cycie i wyd\u0142u\u017cenia \u017cywotno\u015bci cylindra.<\/li>\n<li>Bezpiecze\u0144stwo: Konstrukcja urz\u0105dzenia zosta\u0142a wyposa\u017cona w funkcje bezpiecze\u0144stwa, kt\u00f3re zapobiegaj\u0105 wypadkom i zapewniaj\u0105 ochron\u0119 operatora podczas pracy.<\/li>\n<li>\u0141atwo\u015b\u0107 konserwacji: Konstrukcja ma na celu u\u0142atwienie konserwacji i napraw, co skr\u00f3ci przestoje i zwi\u0119kszy wydajno\u015b\u0107 operacyjn\u0105.<\/li>\n<\/ul>\n<p><img decoding=\"async\" src=\"https:\/\/www.hydraulic-cylinders.net\/wp-content\/uploads\/2025\/01\/songte-cylinder-head-with-all-kinds-excavator-models.webp\" alt=\"Obraz g\u0142owicy cylindra\"><\/p>\n<h3>Uszczelnianie i smarowanie<\/h3>\n<p>Si\u0142ownik ramienia wykorzystuje r\u00f3\u017cne elementy uszczelniaj\u0105ce, takie jak uszczelnienia t\u0142oka i t\u0142oczyska, wykonane z materia\u0142\u00f3w odpornych na zu\u017cycie, takich jak poliuretan i kauczuk nitrylowy. Korpus si\u0142ownika i gwintowane ko\u0144c\u00f3wki s\u0105 precyzyjnie obrobione w celu zwi\u0119kszenia odporno\u015bci na zu\u017cycie. Regularne smarowanie odpowiednim olejem hydraulicznym jest niezb\u0119dne dla zapewnienia p\u0142ynnej pracy.<\/p>\n<h3>Regularne kontrole i konserwacja zapobiegawcza<\/h3>\n<ul>\n<li>Regularnie przeprowadzaj kontrole wzrokowe, aby sprawdzi\u0107, czy nie ma \u015blad\u00f3w wyciek\u00f3w, uszkodze\u0144 lub zu\u017cycia.<\/li>\n<li>Monitoruj poziom i jako\u015b\u0107 p\u0142yn\u00f3w, uzupe\u0142niaj\u0105c lub wymieniaj\u0105c olej hydrauliczny w razie potrzeby.<\/li>\n<li>Sprawd\u017a i dokr\u0119\u0107 wszelkie lu\u017ane po\u0142\u0105czenia lub elementy mocuj\u0105ce.<\/li>\n<li>Sprawd\u017a i wymie\u0144 zu\u017cyte lub uszkodzone uszczelki i podzespo\u0142y.<\/li>\n<li>Nale\u017cy przestrzega\u0107 zalece\u0144 producenta dotycz\u0105cych harmonogramu i wytycznych dotycz\u0105cych konserwacji.<\/li>\n<\/ul>\n<h3>Prawid\u0142owy przewodnik instalacji produktu<\/h3>\n<p>Prawid\u0142owy monta\u017c si\u0142ownika ramienia ma kluczowe znaczenie dla jego optymalnej wydajno\u015bci i trwa\u0142o\u015bci. Wykonaj nast\u0119puj\u0105ce kroki:<\/p>\n<ol>\n<li>Upewnij si\u0119, \u017ce urz\u0105dzenie jest wy\u0142\u0105czone i znajduje si\u0119 w stabilnej pozycji.<\/li>\n<li>Dok\u0142adnie wyr\u00f3wnaj cylinder ze wspornikami monta\u017cowymi lub punktami po\u0142\u0105cze\u0144.<\/li>\n<li>Solidnie zamocuj cylinder za pomoc\u0105 odpowiednich \u015brub i element\u00f3w mocuj\u0105cych.<\/li>\n<li>Po monta\u017cu sprawd\u017a, czy nie ma \u017cadnych rozbie\u017cno\u015bci lub zaci\u0119\u0107 i dokonaj niezb\u0119dnych regulacji.<\/li>\n<li>Przeprowad\u017a dok\u0142adn\u0105 kontrol\u0119 wszystkich po\u0142\u0105cze\u0144 i osprz\u0119tu, aby mie\u0107 pewno\u015b\u0107, \u017ce instalacja przebiegnie prawid\u0142owo.<\/li>\n<\/ol>\n<p><img decoding=\"async\" src=\"https:\/\/www.hydraulic-cylinders.net\/wp-content\/uploads\/2025\/01\/songte-bushings-with-all-kinds-of-excavator-models.webp\" alt=\"Obraz tulei cylindrowych\"><\/p>\n<h3>Zagadnienia bezpiecze\u0144stwa i czynniki \u015brodowiskowe<\/h3>\n<p>Podczas pracy z si\u0142ownikami ramieniowymi \u015brodki bezpiecze\u0144stwa s\u0105 kluczowe dla ochrony operator\u00f3w i zapobiegania wypadkom. Niezb\u0119dne jest odpowiednie przeszkolenie, przestrzeganie protoko\u0142\u00f3w bezpiecze\u0144stwa oraz stosowanie \u015brodk\u00f3w ochrony indywidualnej. Ponadto, aby zapewni\u0107 trwa\u0142o\u015b\u0107 i wydajno\u015b\u0107 si\u0142ownika ramieniowego, nale\u017cy uwzgl\u0119dni\u0107 czynniki \u015brodowiskowe, takie jak temperatura, wilgotno\u015b\u0107 i nara\u017cenie na substancje \u017cr\u0105ce.<\/p>\n<h3>Diagnostyka usterek i typowe problemy<\/h3>\n<p>Do typowych problem\u00f3w, kt\u00f3re mog\u0105 wyst\u0105pi\u0107 w przypadku cylindr\u00f3w ramienia, nale\u017c\u0105:<\/p>\n<ul>\n<li>Wyciek p\u0142ynu z uszczelek lub z\u0142\u0105czek<\/li>\n<li>Nietypowe d\u017awi\u0119ki podczas pracy<\/li>\n<li>Utrata mocy lub niewystarczaj\u0105ca si\u0142a<\/li>\n<li>Niesp\u00f3jny lub szarpany ruch<\/li>\n<li>Nadmierne zu\u017cycie lub uszkodzenie podzespo\u0142\u00f3w<\/li>\n<\/ul>\n<p>Aby rozwi\u0105za\u0107 te problemy, zapoznaj si\u0119 z poni\u017cszymi wskaz\u00f3wkami i rozwi\u0105zaniami rozwi\u0105zywania problem\u00f3w:<\/p>\n<ul>\n<li>Sprawd\u017a i wymie\u0144 zu\u017cyte lub uszkodzone uszczelki i z\u0142\u0105cza.<\/li>\n<li>Sprawd\u017a, czy nie ma lu\u017anych po\u0142\u0105cze\u0144 lub mocowa\u0144 i w razie potrzeby dokr\u0119\u0107 je.<\/li>\n<li>Zapewnij odpowiednie smarowanie przy u\u017cyciu zalecanego oleju hydraulicznego.<\/li>\n<li>Dok\u0142adnie sprawd\u017a wszystkie podzespo\u0142y pod k\u0105tem zu\u017cycia lub uszkodze\u0144 i wymie\u0144 je, je\u015bli to konieczne.<\/li>\n<li>Stosuj \u015brodki konserwacji zapobiegawczej, aby zminimalizowa\u0107 ryzyko wyst\u0105pienia potencjalnych problem\u00f3w.<\/li>\n<\/ul>\n<p><img decoding=\"async\" src=\"https:\/\/www.hydraulic-cylinders.net\/wp-content\/uploads\/2025\/01\/songte-chushion-collar.webp\" alt=\"Obraz ko\u0142nierza poduszkowego\"><\/p>\n<p>Pami\u0119taj o logicznej organizacji artyku\u0142u, stosuj\u0105c podtytu\u0142y u\u0142atwiaj\u0105ce nawigacj\u0119. Dodaj odpowiednie obrazy lub wykresy, aby u\u0142atwi\u0107 zrozumienie i upewnij si\u0119, \u017ce tre\u015b\u0107 jest przejrzysta, zwi\u0119z\u0142a i odpowiednia dla czytelnik\u00f3w o r\u00f3\u017cnym poziomie wiedzy technicznej. Podsumowuj\u0105c, jeste\u015bmy profesjonalnym producentem zamiennych cylindr\u00f3w hydraulicznych, oferuj\u0105cym szerok\u0105 gam\u0119 produkt\u00f3w. Stali\u015bmy si\u0119 wiod\u0105cym producentem i dystrybutorem hurtowym zar\u00f3wno na rynku krajowym, jak i mi\u0119dzynarodowym. Nasze zaanga\u017cowanie w d\u0105\u017cenie do doskona\u0142o\u015bci znajduje odzwierciedlenie w naszych dopracowanych strategiach zarz\u0105dzania produkcj\u0105 oraz ci\u0105g\u0142ym doskonaleniu mo\u017cliwo\u015bci technologicznych i wydajno\u015bci produkcji. Wprowadzaj\u0105c zaawansowany sprz\u0119t do produkcji cyfrowej i profesjonalne systemy testowe, optymalizujemy nasz\u0105 platform\u0119 produkcyjn\u0105 i usprawniamy procesy kontroli jako\u015bci, wykazuj\u0105c si\u0119 silnym potencja\u0142em innowacyjnym. Naszym celem jest zaspokajanie zr\u00f3\u017cnicowanych potrzeb klient\u00f3w, kieruj\u0105c si\u0119 zasadami wydajno\u015bci, precyzji i wysokiej jako\u015bci.<\/p>\n<p><img decoding=\"async\" src=\"https:\/\/www.hydraulic-cylinders.net\/wp-content\/uploads\/2025\/01\/songte-company-4.webp\" alt=\"Zdj\u0119cia firmy\"><br \/>\n<img decoding=\"async\" src=\"https:\/\/www.hydraulic-cylinders.net\/wp-content\/uploads\/2025\/01\/songte-company-3.webp\" alt=\"Zdj\u0119cia firmy\"><\/p>\n<p><em>Autor: lyl<\/em><\/p>","protected":false},"excerpt":{"rendered":"<p>Arm Cylinder For Doosan Large Excavator D370L-9 Product Definition and Explanation The arm cylinder is a specially designed hydraulic cylinder that is used to provide linear motion and power for the arm of various machinery, such as excavators, cranes, and robotic arms. The arm cylinder plays a key role in hydraulic systems, enabling the efficient [&hellip;]<\/p>","protected":false},"featured_media":14772,"comment_status":"open","ping_status":"closed","template":"","meta":{"_et_pb_use_builder":"","_et_pb_old_content":"","_et_gb_content_width":""},"product_brand":[],"product_cat":[1497],"product_tag":[1498,1496],"class_list":{"0":"post-16218","1":"product","2":"type-product","3":"status-publish","4":"has-post-thumbnail","6":"product_cat-arm-cylinders","7":"product_tag-arm-cylinders","8":"product_tag-hydraulic-cylinders","10":"first","11":"instock","12":"shipping-taxable","13":"product-type-simple"},"amp_enabled":true,"_links":{"self":[{"href":"https:\/\/www.hydraulic-cylinders.net\/pl\/wp-json\/wp\/v2\/product\/16218","targetHints":{"allow":["GET"]}}],"collection":[{"href":"https:\/\/www.hydraulic-cylinders.net\/pl\/wp-json\/wp\/v2\/product"}],"about":[{"href":"https:\/\/www.hydraulic-cylinders.net\/pl\/wp-json\/wp\/v2\/types\/product"}],"replies":[{"embeddable":true,"href":"https:\/\/www.hydraulic-cylinders.net\/pl\/wp-json\/wp\/v2\/comments?post=16218"}],"wp:featuredmedia":[{"embeddable":true,"href":"https:\/\/www.hydraulic-cylinders.net\/pl\/wp-json\/wp\/v2\/media\/14772"}],"wp:attachment":[{"href":"https:\/\/www.hydraulic-cylinders.net\/pl\/wp-json\/wp\/v2\/media?parent=16218"}],"wp:term":[{"taxonomy":"product_brand","embeddable":true,"href":"https:\/\/www.hydraulic-cylinders.net\/pl\/wp-json\/wp\/v2\/product_brand?post=16218"},{"taxonomy":"product_cat","embeddable":true,"href":"https:\/\/www.hydraulic-cylinders.net\/pl\/wp-json\/wp\/v2\/product_cat?post=16218"},{"taxonomy":"product_tag","embeddable":true,"href":"https:\/\/www.hydraulic-cylinders.net\/pl\/wp-json\/wp\/v2\/product_tag?post=16218"}],"curies":[{"name":"wp","href":"https:\/\/api.w.org\/{rel}","templated":true}]}}