{"id":16223,"date":"2025-01-20T08:41:23","date_gmt":"2025-01-20T08:41:23","guid":{"rendered":"https:\/\/www.hydraulic-cylinders.net\/product\/arm-cylinderfor-doosan-large-excavator-dh420lc-7\/"},"modified":"2025-01-20T08:41:24","modified_gmt":"2025-01-20T08:41:24","slug":"arm-cylinderfor-doosan-large-excavator-dh420lc-7","status":"publish","type":"product","link":"https:\/\/www.hydraulic-cylinders.net\/pl\/produkt\/arm-cylinderfor-doosan-large-excavator-dh420lc-7\/","title":{"rendered":"Si\u0142ownik ramienia do du\u017cej koparki Doosan DH420LC-7"},"content":{"rendered":"<p>Si\u0142ownik ramienia do du\u017cej koparki Doosan DH420LC-7<\/p>\n<p>Wst\u0119p<br \/>\nSi\u0142ownik ramienia to specjalnie zaprojektowany si\u0142ownik hydrauliczny, wykorzystywany g\u0142\u00f3wnie do zapewnienia ruchu liniowego i zasilania ramienia r\u00f3\u017cnych maszyn, takich jak koparki, d\u017awigi i ramiona mechaniczne. Si\u0142owniki ramienia odgrywaj\u0105 kluczow\u0105 rol\u0119 w uk\u0142adach hydraulicznych, umo\u017cliwiaj\u0105c ruch dodatkowych narz\u0119dzi lub osprz\u0119tu i ich efektywne sterowanie. Si\u0142owniki te nie tylko umo\u017cliwiaj\u0105 p\u0142ynny ruch, ale tak\u017ce wytrzymuj\u0105 du\u017ce obci\u0105\u017cenia, zapewniaj\u0105c wydajn\u0105 prac\u0119 i niezawodno\u015b\u0107 maszyn w r\u00f3\u017cnych warunkach pracy.<\/p>\n<p><img decoding=\"async\" src=\"https:\/\/www.hydraulic-cylinders.net\/wp-content\/uploads\/2025\/01\/songte-company-2.webp\"><\/p>\n<p>Cechy<br \/>\n1. Nap\u0119d o wysokiej wydajno\u015bci: cylinder ramienia zapewnia mocny ruch liniowy i si\u0142\u0119, gwarantuj\u0105c wysok\u0105 wydajno\u015b\u0107 podczas pracy ramienia maszyny.<br \/>\n2. Precyzyjna kontrola: Si\u0142ownik ramienia umo\u017cliwia precyzyjn\u0105 kontrol\u0119 ruchu dzi\u0119ki uk\u0142adowi hydraulicznemu, co sprawia, \u017ce \u200b\u200bobs\u0142uga dodatkowych narz\u0119dzi jest bardziej elastyczna i dok\u0142adna.<br \/>\n3. Wysoka trwa\u0142o\u015b\u0107: Cylindry ramienia s\u0105 zazwyczaj wykonane z materia\u0142\u00f3w o wysokiej wytrzyma\u0142o\u015bci i charakteryzuj\u0105 si\u0119 dobr\u0105 odporno\u015bci\u0105 na zu\u017cycie i korozj\u0119, dzi\u0119ki czemu nadaj\u0105 si\u0119 do d\u0142ugotrwa\u0142ego u\u017cytkowania w trudnych warunkach.<br \/>\n4. Wszechstronno\u015b\u0107: Cylindry te mo\u017cna powszechnie stosowa\u0107 w r\u00f3\u017cnych urz\u0105dzeniach mechanicznych, takich jak koparki, d\u017awigi i ramiona mechaniczne, aby sprosta\u0107 zr\u00f3\u017cnicowanym wymaganiom roboczym.<br \/>\n5. \u0141atwa konserwacja: Zaprojektowane z my\u015bl\u0105 o \u0142atwej konserwacji i wymianie, regularne kontrole i konserwacje staj\u0105 si\u0119 wygodniejsze, redukuj\u0105c przestoje sprz\u0119tu.<\/p>\n<p><img decoding=\"async\" src=\"https:\/\/www.hydraulic-cylinders.net\/wp-content\/uploads\/2025\/01\/songte-oil-pipes-and-spare-parts.webp\"><\/p>\n<p>Aplikacje<br \/>\n1. In\u017cynieria budowlana: Cylindry ramieniowe s\u0105 stosowane w koparkach i d\u017awigach w celu kontrolowania ruchu \u0142y\u017cki lub podno\u015bnika podczas rob\u00f3t ziemnych, przenoszenia materia\u0142\u00f3w i instalacji konstrukcyjnych.<br \/>\n2. Produkcja: Cylindry ramieniowe stosowane s\u0105 w ramionach mechanicznych w zautomatyzowanych liniach produkcyjnych do proces\u00f3w monta\u017cu, spawania i obs\u0142ugi, co zwi\u0119ksza wydajno\u015b\u0107 i dok\u0142adno\u015b\u0107 produkcji.<br \/>\n3. Maszyny rolnicze: W maszynach rolniczych, takich jak kombajny i siewniki, si\u0142owniki ramienia steruj\u0105 ruchem ramienia roboczego i wykonuj\u0105 zadania takie jak siew, nawo\u017cenie i zbi\u00f3r.<br \/>\n4. G\u00f3rnictwo: W sprz\u0119cie g\u00f3rniczym cylindry ramieniowe s\u0142u\u017c\u0105 do sterowania ruchem ramion sprz\u0119tu g\u00f3rniczego wykorzystywanego do wydobywania i transportu rud.<br \/>\n5. Logistyka i transport: Cylindry ramieniowe stosowane s\u0105 w w\u00f3zkach wid\u0142owych i robotach prze\u0142adunkowych w celu kontrolowania podnoszenia i ruchu wide\u0142, co umo\u017cliwia przenoszenie materia\u0142\u00f3w i ich uk\u0142adanie.<\/p>\n<p>Zagadnienia projektowe i kryteria wyboru<br \/>\n1. No\u015bno\u015b\u0107: Cylindry ramienia musz\u0105 mie\u0107 wystarczaj\u0105c\u0105 no\u015bno\u015b\u0107, aby wytrzyma\u0107 obci\u0105\u017cenie wyst\u0119puj\u0105ce podczas pracy maszyny.<br \/>\n2. Uszczelnienie: Aby zapewni\u0107 szczelno\u015b\u0107 cylindra ramienia, stosuje si\u0119 r\u00f3\u017cne elementy uszczelniaj\u0105ce, takie jak uszczelki t\u0142oka i t\u0142oczyska. Do uszczelnie\u0144 powszechnie stosuje si\u0119 materia\u0142y poliuretanowe i nitrylowe.<br \/>\n3. Trwa\u0142o\u015b\u0107: Korpus cylindra i powierzchnia gwintu s\u0105 precyzyjnie obrobione, aby zwi\u0119kszy\u0107 odporno\u015b\u0107 na zu\u017cycie. Cylindry ramion s\u0105 zazwyczaj wykonane z materia\u0142\u00f3w o wysokiej wytrzyma\u0142o\u015bci, charakteryzuj\u0105cych si\u0119 dobr\u0105 odporno\u015bci\u0105 na zu\u017cycie i korozj\u0119, dzi\u0119ki czemu nadaj\u0105 si\u0119 do d\u0142ugotrwa\u0142ego u\u017cytkowania w trudnych warunkach.<br \/>\n4. Bezpiecze\u0144stwo: Cylindry ramieniowe musz\u0105 spe\u0142nia\u0107 normy bezpiecze\u0144stwa, aby zagwarantowa\u0107 bezpieczn\u0105 obs\u0142ug\u0119 maszyn.<br \/>\n5. \u0141atwo\u015b\u0107 konserwacji: Podczas projektowania nale\u017cy bra\u0107 pod uwag\u0119 \u0142atwo\u015b\u0107 konserwacji i wymiany cylindr\u00f3w ramion, aby zapewni\u0107 wydajn\u0105 prac\u0119 i niezawodno\u015b\u0107 maszyn.<\/p>\n<p><img decoding=\"async\" src=\"https:\/\/www.hydraulic-cylinders.net\/wp-content\/uploads\/2025\/01\/songte-cylinder-head-with-all-kinds-excavator-models.webp\"><\/p>\n<p>Uszczelnianie i smarowanie<br \/>\nW si\u0142owniku ramienia zastosowano r\u00f3\u017cne elementy uszczelniaj\u0105ce, takie jak uszczelnienia t\u0142oka i t\u0142oczyska, wykonane z materia\u0142\u00f3w odpornych na zu\u017cycie, takich jak poliuretan i kauczuk nitrylowy. Korpus si\u0142ownika i powierzchnia gwintu s\u0105 precyzyjnie obrobione w celu zwi\u0119kszenia odporno\u015bci na zu\u017cycie. Konieczne jest regularne uzupe\u0142nianie odpowiedniej ilo\u015bci oleju hydraulicznego w celu smarowania.<\/p>\n<p>Konserwacja i \u015brodki zapobiegawcze<br \/>\n1. Nale\u017cy przeprowadza\u0107 regularne kontrole w celu zapewnienia prawid\u0142owego dzia\u0142ania cylindra ramienia.<br \/>\n2. Zu\u017cyte lub uszkodzone uszczelki nale\u017cy wymienia\u0107 w odpowiednim czasie.<br \/>\n3. Regularnie sprawdzaj smarowanie cylindra ramienia i w razie potrzeby dolewaj oleju smaruj\u0105cego.<br \/>\n4. Wybierz odpowiednie warunki pracy, aby unikn\u0105\u0107 przeci\u0105\u017cenia cylindra ramienia.<br \/>\n5. Post\u0119puj zgodnie z instrukcjami producenta dotycz\u0105cymi obs\u0142ugi i konserwacji.<\/p>\n<p>Przewodnik instalacji<br \/>\n1. Przed monta\u017cem nale\u017cy sprawdzi\u0107 cylinder i wszystkie elementy pod k\u0105tem uszkodze\u0144 i wad.<br \/>\n2. Zamontuj cylinder ramienia pewnie i pewnie, upewniaj\u0105c si\u0119, \u017ce po\u0142\u0105czenia gwintowane s\u0105 dobrze dokr\u0119cone.<br \/>\n3. Dolej oleju hydraulicznego do okre\u015blonego poziomu, upewniaj\u0105c si\u0119, \u017ce olej jest czysty i wolny od zanieczyszcze\u0144.<br \/>\n4. Przetestuj cylinder ramienia, aby upewni\u0107 si\u0119, \u017ce wszystkie podzespo\u0142y i po\u0142\u0105czenia dzia\u0142aj\u0105 prawid\u0142owo.<\/p>\n<p><img decoding=\"async\" src=\"https:\/\/www.hydraulic-cylinders.net\/wp-content\/uploads\/2025\/01\/songte-bushings-with-all-kinds-of-excavator-models.webp\"><\/p>\n<p>Zagadnienia bezpiecze\u0144stwa i czynniki \u015brodowiskowe<br \/>\nPodczas obs\u0142ugi maszyn nale\u017cy stosowa\u0107 \u015brodki bezpiecze\u0144stwa, aby zapobiec wypadkom. Si\u0142owniki ramienia musz\u0105 spe\u0142nia\u0107 normy bezpiecze\u0144stwa, aby zapewni\u0107 bezpiecze\u0144stwo obs\u0142ugi maszyn. Aby zapewni\u0107 prawid\u0142owe dzia\u0142anie si\u0142ownika ramienia, nale\u017cy r\u00f3wnie\u017c uwzgl\u0119dni\u0107 czynniki \u015brodowiskowe, takie jak temperatura i wilgotno\u015b\u0107.<\/p>\n<p>Diagnostyka usterek i typowe problemy<br \/>\n1. Wyciek: Przyczyn\u0105 wycieku mog\u0105 by\u0107 uszkodzone uszczelki lub brak oleju smaruj\u0105cego.<br \/>\n2. Powolny ruch: Powolny ruch cylindra ramienia mo\u017ce by\u0107 spowodowany niewystarczaj\u0105cym ci\u015bnieniem hydraulicznym lub uszkodzeniem zaworu.<br \/>\n3. Nietypowy ha\u0142as: Nietypowy ha\u0142as mo\u017ce by\u0107 spowodowany lu\u017anym po\u0142\u0105czeniem cylindra ramienia lub uszkodzeniem t\u0142oczyska.<br \/>\n4. Przegrzanie: Przegrzanie mo\u017ce by\u0107 spowodowane nadmiernym obci\u0105\u017ceniem roboczym lub niedoborem oleju smaruj\u0105cego.<\/p>\n<p>Post\u0119powanie z b\u0142\u0119dami i \u015brodki zapobiegawcze<br \/>\n1. W odpowiednim czasie wymieniaj uszkodzone uszczelki, aby zapobiec przeciekom.<br \/>\n2. Sprawd\u017a i wyreguluj ci\u015bnienie hydrauliczne i zaw\u00f3r, aby zapewni\u0107 p\u0142ynny ruch cylindra ramienia.<br \/>\n3. Dokr\u0119\u0107 lu\u017ane po\u0142\u0105czenie lub wymie\u0144 uszkodzony t\u0142oczysko, aby wyeliminowa\u0107 nietypowy ha\u0142as.<br \/>\n4. Unikaj przeci\u0105\u017cania cylindra ramienia i zadbaj o odpowiednie smarowanie, aby zapobiec przegrzaniu.<\/p>\n<p><img decoding=\"async\" src=\"https:\/\/www.hydraulic-cylinders.net\/wp-content\/uploads\/2025\/01\/songte-chushion-collar.webp\"><\/p>\n<p>Wniosek<br \/>\nJeste\u015bmy profesjonalnym producentem zamiennych cylindr\u00f3w hydraulicznych, oferuj\u0105cym szerok\u0105 gam\u0119 produkt\u00f3w. Stali\u015bmy si\u0119 jednym z wiod\u0105cych producent\u00f3w i hurtowych dystrybutor\u00f3w cylindr\u00f3w hydraulicznych na rynku krajowym i mi\u0119dzynarodowym. Zawsze przestrzegamy zasady doskona\u0142ej jako\u015bci i stale doskonalimy nasz\u0105 technologi\u0119 oraz wydajno\u015b\u0107 produkcji poprzez przemys\u0142owe strategie zarz\u0105dzania produkcj\u0105. Dzi\u0119ki wprowadzeniu zaawansowanego cyfrowego sprz\u0119tu produkcyjnego i profesjonalnych system\u00f3w testowych, dysponujemy du\u017cym potencja\u0142em innowacyjnym i oferujemy wysokiej jako\u015bci us\u0142ugi dostosowane do indywidualnych potrzeb klient\u00f3w.<\/p>\n<p>Nasza firma posiada liczne mi\u0119dzynarodowe certyfikaty i zapewnia wysokiej jako\u015bci obs\u0142ug\u0119 posprzeda\u017cow\u0105, aby zagwarantowa\u0107 satysfakcj\u0119 klienta. Posiadamy bogaty park maszynowy, w tym tokarki CNC, automaty spawalnicze i maszyny do obr\u00f3bki powierzchni. Nasze produkty znajduj\u0105 szerokie zastosowanie w r\u00f3\u017cnych bran\u017cach, takich jak budownictwo, produkcja, g\u00f3rnictwo i logistyka. <\/p>\n<p><img decoding=\"async\" src=\"https:\/\/www.hydraulic-cylinders.net\/wp-content\/uploads\/2025\/01\/songte-company-4.webp\"><img decoding=\"async\" src=\"https:\/\/www.hydraulic-cylinders.net\/wp-content\/uploads\/2025\/01\/songte-company-3.webp\"><\/p>\n<p>Autor: lyl<\/p>","protected":false},"excerpt":{"rendered":"<p>Arm Cylinder for Doosan Large Excavator DH420LC-7 Introduction Arm cylinder is a specially designed hydraulic cylinder used primarily to provide linear motion and power for the arm of various machines, such as excavators, cranes, and mechanical arms. Arm cylinders play a critical role in hydraulic systems, allowing additional tools or attachments to move and be [&hellip;]<\/p>","protected":false},"featured_media":14786,"comment_status":"open","ping_status":"closed","template":"","meta":{"_et_pb_use_builder":"","_et_pb_old_content":"","_et_gb_content_width":""},"product_brand":[],"product_cat":[1497],"product_tag":[1498,1496],"class_list":{"0":"post-16223","1":"product","2":"type-product","3":"status-publish","4":"has-post-thumbnail","6":"product_cat-arm-cylinders","7":"product_tag-arm-cylinders","8":"product_tag-hydraulic-cylinders","10":"first","11":"instock","12":"shipping-taxable","13":"product-type-simple"},"amp_enabled":true,"_links":{"self":[{"href":"https:\/\/www.hydraulic-cylinders.net\/pl\/wp-json\/wp\/v2\/product\/16223","targetHints":{"allow":["GET"]}}],"collection":[{"href":"https:\/\/www.hydraulic-cylinders.net\/pl\/wp-json\/wp\/v2\/product"}],"about":[{"href":"https:\/\/www.hydraulic-cylinders.net\/pl\/wp-json\/wp\/v2\/types\/product"}],"replies":[{"embeddable":true,"href":"https:\/\/www.hydraulic-cylinders.net\/pl\/wp-json\/wp\/v2\/comments?post=16223"}],"wp:featuredmedia":[{"embeddable":true,"href":"https:\/\/www.hydraulic-cylinders.net\/pl\/wp-json\/wp\/v2\/media\/14786"}],"wp:attachment":[{"href":"https:\/\/www.hydraulic-cylinders.net\/pl\/wp-json\/wp\/v2\/media?parent=16223"}],"wp:term":[{"taxonomy":"product_brand","embeddable":true,"href":"https:\/\/www.hydraulic-cylinders.net\/pl\/wp-json\/wp\/v2\/product_brand?post=16223"},{"taxonomy":"product_cat","embeddable":true,"href":"https:\/\/www.hydraulic-cylinders.net\/pl\/wp-json\/wp\/v2\/product_cat?post=16223"},{"taxonomy":"product_tag","embeddable":true,"href":"https:\/\/www.hydraulic-cylinders.net\/pl\/wp-json\/wp\/v2\/product_tag?post=16223"}],"curies":[{"name":"wp","href":"https:\/\/api.w.org\/{rel}","templated":true}]}}