{"id":16235,"date":"2025-01-20T08:42:25","date_gmt":"2025-01-20T08:42:25","guid":{"rendered":"https:\/\/www.hydraulic-cylinders.net\/product\/arm-cylinderfor-hyundai-small-excavator-r60-7-9\/"},"modified":"2025-01-20T08:42:27","modified_gmt":"2025-01-20T08:42:27","slug":"arm-cylinderfor-hyundai-small-excavator-r60-7-9","status":"publish","type":"product","link":"https:\/\/www.hydraulic-cylinders.net\/pl\/produkt\/arm-cylinderfor-hyundai-small-excavator-r60-7-9\/","title":{"rendered":"Si\u0142ownik ramienia do ma\u0142ej koparki Hyundai R60-7-9"},"content":{"rendered":"<h2>Si\u0142ownik ramienia do ma\u0142ej koparki Hyundai R60-7-9<\/h2>\n<p>Si\u0142ownik ramienia to specjalnie zaprojektowany si\u0142ownik hydrauliczny, kt\u00f3ry zapewnia ruch liniowy i zasilanie ramienia r\u00f3\u017cnego rodzaju maszyn, takich jak koparki, d\u017awigi i ramiona robotyczne. Si\u0142ownik ramienia odgrywa kluczow\u0105 rol\u0119 w uk\u0142adach hydraulicznych, umo\u017cliwiaj\u0105c ruch dodatkowych narz\u0119dzi lub osprz\u0119tu i efektywne sterowanie nimi. Si\u0142owniki te nie tylko zapewniaj\u0105 p\u0142ynny ruch, ale tak\u017ce wytrzymuj\u0105 du\u017ce obci\u0105\u017cenia, gwarantuj\u0105c wydajn\u0105 prac\u0119 i niezawodno\u015b\u0107 maszyn w r\u00f3\u017cnych warunkach pracy.<\/p>\n<p><img decoding=\"async\" src=\"https:\/\/www.hydraulic-cylinders.net\/wp-content\/uploads\/2025\/01\/songte-company-2.webp\"><\/p>\n<h2>Cechy<\/h2>\n<ul>\n<li><strong>Wysokowydajna skrzynia bieg\u00f3w:<\/strong> Cylinder ramienia zapewnia mocny ruch liniowy i si\u0142\u0119, gwarantuj\u0105c wysok\u0105 wydajno\u015b\u0107 ramienia robota w r\u00f3\u017cnych operacjach.<\/li>\n<li><strong>Precyzyjna kontrola:<\/strong> Dzi\u0119ki uk\u0142adowi hydraulicznemu si\u0142ownik ramienia umo\u017cliwia precyzyjn\u0105 kontrol\u0119 ruchu, co sprawia, \u017ce \u200b\u200bpraca z pod\u0142\u0105czonymi narz\u0119dziami jest bardziej elastyczna i dok\u0142adna.<\/li>\n<li><strong>Wysoka wytrzyma\u0142o\u015b\u0107:<\/strong> Cylindry ramienia s\u0105 zazwyczaj produkowane z materia\u0142\u00f3w o wysokiej wytrzyma\u0142o\u015bci, zapewniaj\u0105cych doskona\u0142\u0105 odporno\u015b\u0107 na zu\u017cycie i korozj\u0119, odpowiednich do d\u0142ugotrwa\u0142ego u\u017cytkowania w trudnych warunkach.<\/li>\n<li><strong>Wielofunkcyjna adaptowalno\u015b\u0107:<\/strong> Tego typu cylindry mo\u017cna powszechnie stosowa\u0107 w r\u00f3\u017cnych maszynach, takich jak koparki, d\u017awigi i ramiona robotyczne, dostosowuj\u0105c je do r\u00f3\u017cnych wymaga\u0144 roboczych.<\/li>\n<li><strong>\u0141atwa konserwacja:<\/strong> Projekt uwzgl\u0119dnia \u0142atwo\u015b\u0107 konserwacji i wymiany, dzi\u0119ki czemu regularne kontrole i konserwacja staj\u0105 si\u0119 wygodniejsze, a przestoje sprz\u0119tu zostaj\u0105 skr\u00f3cone.<\/li>\n<\/ul>\n<p><img decoding=\"async\" src=\"https:\/\/www.hydraulic-cylinders.net\/wp-content\/uploads\/2025\/01\/songte-oil-pipes-and-spare-parts.webp\"><\/p>\n<h2>Aplikacje<\/h2>\n<p>Si\u0142ownik ramieniowy znajduje zastosowanie w r\u00f3\u017cnych ga\u0142\u0119ziach przemys\u0142u:<\/p>\n<ol>\n<li>In\u017cynieria budowlana: W koparkach i d\u017awigach si\u0142ownik ramienia steruje ruchem \u0142y\u017cki lub wysi\u0119gnika podczas rob\u00f3t ziemnych, przenoszenia materia\u0142\u00f3w i instalacji konstrukcyjnych.<\/li>\n<li>Przemys\u0142 wytw\u00f3rczy: W zautomatyzowanych liniach produkcyjnych si\u0142ownik ramienia u\u0142atwia ruch ramion robota podczas proces\u00f3w monta\u017cu, spawania i obs\u0142ugi, zwi\u0119kszaj\u0105c wydajno\u015b\u0107 i precyzj\u0119 produkcji.<\/li>\n<li>Maszyny rolnicze: W sprz\u0119cie rolniczym, takim jak kombajny i siewniki, si\u0142ownik ramienia steruje ruchem ramion roboczych podczas wykonywania takich zada\u0144, jak siew, nawo\u017cenie i zbi\u00f3r.<\/li>\n<li>G\u00f3rnictwo: W sprz\u0119cie g\u00f3rniczym si\u0142ownik ramienia steruje ruchem ramienia w celu wydobywania i transportu rudy.<\/li>\n<li>Logistyka i transport: W w\u00f3zkach wid\u0142owych i robotach prze\u0142adunkowych si\u0142ownik ramienia steruje podnoszeniem i ruchem wide\u0142, umo\u017cliwiaj\u0105c przenoszenie i uk\u0142adanie materia\u0142\u00f3w.<\/li>\n<\/ol>\n<h2>Zagadnienia projektowe i kryteria wyboru<\/h2>\n<p><img decoding=\"async\" src=\"https:\/\/www.hydraulic-cylinders.net\/wp-content\/uploads\/2025\/01\/songte-cylinder-head-with-all-kinds-excavator-models.webp\"><\/p>\n<p>Przy projektowaniu cylindra ramienia nale\u017cy wzi\u0105\u0107 pod uwag\u0119 kilka kluczowych czynnik\u00f3w:<\/p>\n<ol>\n<li>No\u015bno\u015b\u0107: Cylinder ramienia powinien by\u0107 w stanie wytrzyma\u0107 wymagane obci\u0105\u017cenie bez uszkodzenia.<\/li>\n<li>Uszczelnienie: Aby zapewni\u0107 skuteczne uszczelnienie, stosuje si\u0119 r\u00f3\u017cne elementy uszczelniaj\u0105ce, takie jak uszczelki t\u0142okowe i uszczelki t\u0142oczyskowe. Uszczelnienia te wykonane s\u0105 z materia\u0142\u00f3w odpornych na zu\u017cycie, takich jak poliuretan i kauczuk nitrylowy.<\/li>\n<li>Trwa\u0142o\u015b\u0107: Korpus cylindra i gwintowane ko\u0144ce s\u0105 poddawane precyzyjnej obr\u00f3bce w celu zwi\u0119kszenia odporno\u015bci na zu\u017cycie.<\/li>\n<li>Bezpiecze\u0144stwo: Aby zapobiec wypadkom podczas pracy, nale\u017cy zastosowa\u0107 odpowiednie \u015brodki bezpiecze\u0144stwa.<\/li>\n<li>\u0141atwo\u015b\u0107 konserwacji: Cylinder ramienia powinien by\u0107 zaprojektowany w spos\u00f3b umo\u017cliwiaj\u0105cy \u0142atw\u0105 konserwacj\u0119 i napraw\u0119.<\/li>\n<\/ol>\n<h2>Uszczelnianie i smarowanie<\/h2>\n<p>Si\u0142ownik ramienia wykorzystuje r\u00f3\u017cnorodne elementy uszczelniaj\u0105ce, aby zapewni\u0107 skuteczne uszczelnienie. Elementy te, takie jak uszczelnienia t\u0142oka i t\u0142oczyska, wykonane s\u0105 z materia\u0142\u00f3w odpornych na zu\u017cycie, takich jak poliuretan i kauczuk nitrylowy. Korpus si\u0142ownika i gwintowane ko\u0144c\u00f3wki poddawane s\u0105 precyzyjnej obr\u00f3bce w celu zwi\u0119kszenia odporno\u015bci na zu\u017cycie. Regularne smarowanie odpowiedni\u0105 ilo\u015bci\u0105 oleju hydraulicznego jest niezb\u0119dne dla zapewnienia p\u0142ynnej pracy.<\/p>\n<h2>Regularne kontrole i konserwacja zapobiegawcza<\/h2>\n<p>Aby zapewni\u0107 prawid\u0142owe dzia\u0142anie si\u0142ownika ramienia, niezb\u0119dne s\u0105 regularne kontrole i konserwacja zapobiegawcza. Nale\u017cy podj\u0105\u0107 nast\u0119puj\u0105ce \u015brodki:<\/p>\n<ol>\n<li>Nale\u017cy regularnie sprawdza\u0107 stan element\u00f3w uszczelniaj\u0105cych pod k\u0105tem zu\u017cycia i w razie konieczno\u015bci wymieni\u0107 je.<\/li>\n<li>Sprawd\u017a korpus cylindra i gwintowane ko\u0144ce pod k\u0105tem uszkodze\u0144 lub korozji.<\/li>\n<li>Monitoruj poziom i jako\u015b\u0107 oleju hydraulicznego, uzupe\u0142niaj\u0105c go lub wymieniaj\u0105c w razie potrzeby.<\/li>\n<li>Sprawd\u017a dzia\u0142anie funkcji bezpiecze\u0144stwa i wymie\u0144 wszystkie uszkodzone cz\u0119\u015bci.<\/li>\n<li>Nale\u017cy przestrzega\u0107 zalece\u0144 producenta dotycz\u0105cych cz\u0119stotliwo\u015bci i procedur konserwacji.<\/li>\n<\/ol>\n<h2>Instrukcja instalacji produktu<\/h2>\n<p><img decoding=\"async\" src=\"https:\/\/www.hydraulic-cylinders.net\/wp-content\/uploads\/2025\/01\/songte-bushings-with-all-kinds-of-excavator-models.webp\"><\/p>\n<p>Aby zapewni\u0107 prawid\u0142owy monta\u017c cylindra ramienia, nale\u017cy post\u0119powa\u0107 zgodnie z poni\u017cszymi wskaz\u00f3wkami:<\/p>\n<ol>\n<li>Przygotuj niezb\u0119dne narz\u0119dzia i sprz\u0119t.<\/li>\n<li>Oczy\u015b\u0107 powierzchnie monta\u017cowe i usu\u0144 wszelkie zanieczyszczenia lub stare elementy uszczelniaj\u0105ce.<\/li>\n<li>Wyr\u00f3wnaj cylinder ramienia z otworami monta\u017cowymi i przymocuj go przy u\u017cyciu odpowiednich element\u00f3w mocuj\u0105cych.<\/li>\n<li>Dokr\u0119\u0107 elementy mocuj\u0105ce okre\u015blonym momentem obrotowym.<\/li>\n<li>Sprawd\u017a prawid\u0142owe ustawienie i dzia\u0142anie cylindra ramienia.<\/li>\n<\/ol>\n<h2>Zagadnienia bezpiecze\u0144stwa i czynniki \u015brodowiskowe<\/h2>\n<p>Podczas pracy z si\u0142ownikami ramieniowymi \u015brodki bezpiecze\u0144stwa maj\u0105 kluczowe znaczenie. Odpowiednie przeszkolenie, przestrzeganie wytycznych bezpiecze\u0144stwa oraz stosowanie \u015brodk\u00f3w ochrony indywidualnej mog\u0105 zapobiec wypadkom i zapewni\u0107 bezpieczne \u015brodowisko pracy. Ponadto, uwzgl\u0119dnienie czynnik\u00f3w \u015brodowiskowych, takich jak prawid\u0142owa utylizacja p\u0142yn\u00f3w hydraulicznych i przestrzeganie przepis\u00f3w ochrony \u015brodowiska, jest kluczowe dla zminimalizowania wp\u0142ywu na ekosystem.<\/p>\n<h2>Rozwi\u0105zywanie problem\u00f3w i typowe problemy<\/h2>\n<p>Typowe problemy z cylindrami ramienia mog\u0105 obejmowa\u0107 nieszczelno\u015b\u0107, nadmierny ha\u0142as lub nieregularny ruch. W przypadku wyst\u0105pienia problem\u00f3w nale\u017cy rozwa\u017cy\u0107 nast\u0119puj\u0105ce kroki rozwi\u0105zywania problem\u00f3w:<\/p>\n<ol>\n<li>Sprawd\u017a, czy nie ma widocznych wyciek\u00f3w i sprawd\u017a elementy uszczelniaj\u0105ce.<\/li>\n<li>Sprawd\u017a poziom i jako\u015b\u0107 p\u0142ynu hydraulicznego.<\/li>\n<li>Sprawd\u017a korpus cylindra oraz gwintowane ko\u0144ce pod k\u0105tem uszkodze\u0144 i zu\u017cycia.<\/li>\n<li>Zapewnij odpowiednie smarowanie cylindra.<\/li>\n<li>Je\u015bli problem nadal wyst\u0119puje, skonsultuj si\u0119 z wykwalifikowanym technikiem lub skontaktuj si\u0119 z dzia\u0142em obs\u0142ugi klienta, aby uzyska\u0107 dalsz\u0105 pomoc.<\/li>\n<\/ol>\n<p><img decoding=\"async\" src=\"https:\/\/www.hydraulic-cylinders.net\/wp-content\/uploads\/2025\/01\/songte-chushion-collar.webp\"><\/p>\n<p>Post\u0119puj\u0105c zgodnie z poni\u017cszymi krokami rozwi\u0105zywania problem\u00f3w, czytelnicy mog\u0105 skutecznie diagnozowa\u0107 i rozwi\u0105zywa\u0107 problemy zwi\u0105zane z cylindrem ramienia. Wdro\u017cenie \u015brodk\u00f3w zapobiegawczych mo\u017ce pom\u00f3c zminimalizowa\u0107 potencjalne problemy.<\/p>\n<h2>O naszej firmie<\/h2>\n<p>Jeste\u015bmy profesjonalnym producentem zamiennych si\u0142ownik\u00f3w hydraulicznych, oferuj\u0105cym szerok\u0105 gam\u0119 produkt\u00f3w. Stali\u015bmy si\u0119 jednym z wiod\u0105cych producent\u00f3w i hurtowych dystrybutor\u00f3w si\u0142ownik\u00f3w hydraulicznych na rynku krajowym i mi\u0119dzynarodowym. Kierujemy si\u0119 zasad\u0105 doskona\u0142o\u015bci i stale podnosimy nasze mo\u017cliwo\u015bci technologiczne oraz wydajno\u015b\u0107 produkcji. Wprowadzaj\u0105c wysokiej klasy cyfrowy sprz\u0119t produkcyjny i profesjonalne systemy testowe, optymalizujemy nasz\u0105 platform\u0119 produkcyjn\u0105 i usprawniamy procesy kontroli jako\u015bci. Naszym celem jest zaspokojenie zr\u00f3\u017cnicowanych potrzeb klient\u00f3w poprzez wysok\u0105 wydajno\u015b\u0107, dok\u0142adno\u015b\u0107 i wysok\u0105 jako\u015b\u0107 produkt\u00f3w.<\/p>\n<p><img decoding=\"async\" src=\"https:\/\/www.hydraulic-cylinders.net\/wp-content\/uploads\/2025\/01\/songte-company-4.webp\"><br \/>\n<img decoding=\"async\" src=\"https:\/\/www.hydraulic-cylinders.net\/wp-content\/uploads\/2025\/01\/songte-company-3.webp\"><\/p>\n<p>Jeste\u015bmy dumni z naszego profesjonalizmu, mi\u0119dzynarodowych certyfikat\u00f3w, spersonalizowanych us\u0142ug, sprz\u0119tu produkcyjnego i wsparcia posprzeda\u017cowego. Dok\u0142adamy wszelkich stara\u0144, aby zapewni\u0107 doskona\u0142\u0105 obs\u0142ug\u0119 klienta i zagwarantowa\u0107 jego satysfakcj\u0119.<\/p>\n<p>Autor: lyl<\/p>","protected":false},"excerpt":{"rendered":"<p>Arm CylinderFor Hyundai Small Excavator R60-7-9 Arm Cylinder is a specially designed hydraulic cylinder that provides linear motion and power to the arm of various types of machinery, such as excavators, cranes, and robotic arms. The arm cylinder plays a crucial role in hydraulic systems, allowing additional tools or attachments to move and be controlled [&hellip;]<\/p>","protected":false},"featured_media":14779,"comment_status":"open","ping_status":"closed","template":"","meta":{"_et_pb_use_builder":"","_et_pb_old_content":"","_et_gb_content_width":""},"product_brand":[],"product_cat":[1497],"product_tag":[1498,1496],"class_list":{"0":"post-16235","1":"product","2":"type-product","3":"status-publish","4":"has-post-thumbnail","6":"product_cat-arm-cylinders","7":"product_tag-arm-cylinders","8":"product_tag-hydraulic-cylinders","10":"first","11":"instock","12":"shipping-taxable","13":"product-type-simple"},"amp_enabled":true,"_links":{"self":[{"href":"https:\/\/www.hydraulic-cylinders.net\/pl\/wp-json\/wp\/v2\/product\/16235","targetHints":{"allow":["GET"]}}],"collection":[{"href":"https:\/\/www.hydraulic-cylinders.net\/pl\/wp-json\/wp\/v2\/product"}],"about":[{"href":"https:\/\/www.hydraulic-cylinders.net\/pl\/wp-json\/wp\/v2\/types\/product"}],"replies":[{"embeddable":true,"href":"https:\/\/www.hydraulic-cylinders.net\/pl\/wp-json\/wp\/v2\/comments?post=16235"}],"wp:featuredmedia":[{"embeddable":true,"href":"https:\/\/www.hydraulic-cylinders.net\/pl\/wp-json\/wp\/v2\/media\/14779"}],"wp:attachment":[{"href":"https:\/\/www.hydraulic-cylinders.net\/pl\/wp-json\/wp\/v2\/media?parent=16235"}],"wp:term":[{"taxonomy":"product_brand","embeddable":true,"href":"https:\/\/www.hydraulic-cylinders.net\/pl\/wp-json\/wp\/v2\/product_brand?post=16235"},{"taxonomy":"product_cat","embeddable":true,"href":"https:\/\/www.hydraulic-cylinders.net\/pl\/wp-json\/wp\/v2\/product_cat?post=16235"},{"taxonomy":"product_tag","embeddable":true,"href":"https:\/\/www.hydraulic-cylinders.net\/pl\/wp-json\/wp\/v2\/product_tag?post=16235"}],"curies":[{"name":"wp","href":"https:\/\/api.w.org\/{rel}","templated":true}]}}