{"id":1626,"date":"2023-10-08T08:46:25","date_gmt":"2023-10-08T08:46:25","guid":{"rendered":"https:\/\/hydraulic-cylinders.net\/?post_type=product&#038;p=1626"},"modified":"2025-04-11T03:46:32","modified_gmt":"2025-04-11T03:46:32","slug":"press-lateral-shift-anvil-cylinder","status":"publish","type":"product","link":"https:\/\/www.hydraulic-cylinders.net\/pl\/produkt\/press-lateral-shift-anvil-cylinder\/","title":{"rendered":"Prasa z przesuni\u0119ciem bocznym kowad\u0142a"},"content":{"rendered":"<h1 style=\"text-align: center;\"><strong>Prasa z przesuni\u0119ciem bocznym kowad\u0142a<\/strong><\/h1>\n<p><img loading=\"lazy\" decoding=\"async\" class=\"aligncenter wp-image-1627\" src=\"https:\/\/hydraulic-cylinders.net\/wp-content\/uploads\/2023\/10\/lateral-shift-anvil-cylinder-300x300.webp\" alt=\"\" width=\"400\" height=\"400\" \/><\/p>\n<p>Si\u0142ownik przesuwu bocznego kowad\u0142a prasy to najnowocze\u015bniejszy komponent zaprojektowany z my\u015bl\u0105 o optymalizacji operacji prasowania w r\u00f3\u017cnych ga\u0142\u0119ziach przemys\u0142u. Dzi\u0119ki zaawansowanym funkcjom i niezawodnej pracy, si\u0142ownik ten oferuje zwi\u0119kszon\u0105 precyzj\u0119, wydajno\u015b\u0107 i wszechstronno\u015b\u0107.<\/p>\n<p>Si\u0142ownik kowad\u0142a prasy z bocznym przesuwem to pot\u0119\u017cne narz\u0119dzie zwi\u0119kszaj\u0105ce precyzj\u0119, wydajno\u015b\u0107 i wszechstronno\u015b\u0107 operacji prasowania. Dzi\u0119ki mo\u017cliwo\u015bci bocznego przesuwu, wysokiej dok\u0142adno\u015bci, szybkiemu procesowi i kompatybilno\u015bci z r\u00f3\u017cnymi aplikacjami, ten si\u0142ownik pozwala osi\u0105gn\u0105\u0107 doskona\u0142e rezultaty. Przestrzegaj\u0105c zalecanych metod u\u017cytkowania i praktyk konserwacyjnych, mo\u017cesz zmaksymalizowa\u0107 wydajno\u015b\u0107, produktywno\u015b\u0107 i \u017cywotno\u015b\u0107 swoich operacji prasowania. Wybierz si\u0142ownik kowad\u0142a prasy z bocznym przesuwem, aby usprawni\u0107 procesy prasowania i osi\u0105gn\u0105\u0107 nowy poziom precyzji i wydajno\u015bci.<\/p>\n<p>Klucz cylindra prasy z przesuwem bocznym i kowad\u0142em Charakterystyka:<\/p>\n<ol>\n<li>Mo\u017cliwo\u015b\u0107 przesuni\u0119cia bocznego:<\/li>\n<\/ol>\n<ul>\n<li>Cylinder kowad\u0142a z bocznym przesuwem prasy jest wyposa\u017cony w wyj\u0105tkowy mechanizm bocznego przesuwu, kt\u00f3ry umo\u017cliwia precyzyjne pozycjonowanie kowad\u0142a.<\/li>\n<li>Mo\u017cliwo\u015b\u0107 przesuni\u0119cia bocznego umo\u017cliwia dok\u0142adne wyr\u00f3wnanie z prasowanym materia\u0142em, co gwarantuje optymalne rezultaty i skraca czas konfiguracji.<\/li>\n<\/ul>\n<ol start=\"2\">\n<li>Wysoka precyzja:<\/li>\n<\/ol>\n<ul>\n<li>Cylinder ten zapewnia wyj\u0105tkow\u0105 precyzj\u0119 przesuni\u0119cia bocznego, umo\u017cliwiaj\u0105c drobne regulacje po\u0142o\u017cenia kowad\u0142a.<\/li>\n<li>Dzi\u0119ki wysokiej precyzji gwarantuje sp\u00f3jne i dok\u0142adne wyr\u00f3wnanie, czego efektem jest znakomita jako\u015b\u0107 prasowania.<\/li>\n<\/ul>\n<ol start=\"3\">\n<li>Szybka i wydajna praca:<\/li>\n<\/ol>\n<ul>\n<li>Si\u0142ownik kowad\u0142a przesuwu bocznego prasy zaprojektowano z my\u015bl\u0105 o szybkiej i wydajnej pracy, maksymalizuj\u0105c produktywno\u015b\u0107.<\/li>\n<li>Zaawansowany uk\u0142ad hydrauliczny umo\u017cliwia szybkie przesuwy boczne, skracaj\u0105c czas cykli i zwi\u0119kszaj\u0105c og\u00f3ln\u0105 wydajno\u015b\u0107.<\/li>\n<\/ul>\n<ol start=\"4\">\n<li>Wszechstronno\u015b\u0107:<\/li>\n<\/ol>\n<ul>\n<li>Ten cylinder nadaje si\u0119 do szerokiej gamy zastosowa\u0144 zwi\u0105zanych z prasowaniem, obs\u0142uguje r\u00f3\u017cnorodne materia\u0142y i kszta\u0142ty.<\/li>\n<li>Niezale\u017cnie od tego, czy pracujesz z blach\u0105, tworzywami sztucznymi czy innymi materia\u0142ami, si\u0142ownik kowad\u0142a z przesuwem bocznym prasy zapewnia wszechstronno\u015b\u0107, kt\u00f3ra spe\u0142ni Twoje potrzeby w zakresie prasowania.<\/li>\n<\/ul>\n<h2><strong>Parametry cylindra kowad\u0142a przesuwu bocznego prasy:<\/strong><\/h2>\n<table border=\"1\" cellspacing=\"0\" cellpadding=\"0\">\n<tbody>\n<tr>\n<td>Nazwa produktu<\/td>\n<td>Si\u0142ownik kowad\u0142a przesuwu bocznego prasy hydraulicznej<\/td>\n<\/tr>\n<tr>\n<td>Cechy:<\/td>\n<td>Przesu\u0144 kowad\u0142o na bok<\/td>\n<\/tr>\n<tr>\n<td>\u015arednica otworu:<\/td>\n<td>125 mm\uff5e250 mm<\/td>\n<\/tr>\n<tr>\n<td>\u015arednica pr\u0119ta:<\/td>\n<td>90 mm\uff5e180 mm<br \/>\nSkok \u22645500 mm<\/td>\n<\/tr>\n<tr>\n<td>Si\u0142a ci\u0105gu:<\/td>\n<td>Maksymalnie 1546 kN<br \/>\n(\u015arednica otworu: 250 mm\/ci\u015bnienie 31,5 MPa)<\/td>\n<\/tr>\n<tr>\n<td>Zastosowania cylindra kowad\u0142a z przesuwem bocznym:<\/td>\n<td>Prasa hydrauliczna<\/td>\n<\/tr>\n<\/tbody>\n<\/table>\n<div><\/div>\n<div class=\"txtboxL\">\n<div class=\"txtboxL\">\n<div class=\"txtboxL\">Cechy:<\/div>\n<div class=\"txtboxR\">Przesu\u0144 kowad\u0142o na bok<\/div>\n<div class=\"txtboxL\">Specyfikacja:<\/div>\n<div class=\"txtboxR\">\u015arednica otworu: 125 mm\uff5e250 mm<br \/>\n\u015arednica pr\u0119ta: 90 mm \u2013 180 mm<br \/>\nSkok \u22645500 mm<\/div>\n<div class=\"txtboxL\">Si\u0142a ci\u0105gu:<\/div>\n<div class=\"txtboxR\">Maksymalnie 1546 kN<br \/>\n(\u015arednica otworu: 250 mm\/ci\u015bnienie 31,5 MPa)<\/div>\n<\/div>\n<\/div>\n<h2><strong>Fabryka cylindr\u00f3w prasowych:<\/strong><\/h2>\n<p><img loading=\"lazy\" decoding=\"async\" class=\"alignnone wp-image-1619 size-full\" src=\"https:\/\/hydraulic-cylinders.net\/wp-content\/uploads\/2023\/10\/press-cylinder.webp\" alt=\"\" width=\"1418\" height=\"946\" srcset=\"https:\/\/hydraulic-cylinders.net\/wp-content\/uploads\/2023\/10\/press-cylinder.webp 1418w, https:\/\/hydraulic-cylinders.net\/wp-content\/uploads\/2023\/10\/press-cylinder-1280x854.webp 1280w, https:\/\/hydraulic-cylinders.net\/wp-content\/uploads\/2023\/10\/press-cylinder-980x654.webp 980w, https:\/\/hydraulic-cylinders.net\/wp-content\/uploads\/2023\/10\/press-cylinder-480x320.webp 480w\" sizes=\"(min-width: 0px) and (max-width: 480px) 480px, (min-width: 481px) and (max-width: 980px) 980px, (min-width: 981px) and (max-width: 1280px) 1280px, (min-width: 1281px) 1418px, 100vw\" \/><\/p>\n<h2><strong>Metoda u\u017cytkowania prasy z bocznym przesuni\u0119ciem kowad\u0142a<\/strong><strong>:<\/strong><\/h2>\n<ol>\n<li><strong>Instalacja i integracja:<\/strong><\/li>\n<\/ol>\n<ul>\n<li>Zamontuj pewnie si\u0142ownik przesuwu bocznego prasy na ramie prasy lub w wyznaczonym miejscu monta\u017cu.<\/li>\n<li>Nale\u017cy zapewni\u0107 w\u0142a\u015bciwe wyr\u00f3wnanie i po\u0142\u0105czenie, post\u0119puj\u0105c zgodnie ze wskaz\u00f3wkami i zaleceniami producenta.<\/li>\n<\/ul>\n<ol start=\"2\">\n<li><strong>Po\u0142\u0105czenia hydrauliczne:<\/strong><\/li>\n<\/ol>\n<ul>\n<li>Pod\u0142\u0105cz si\u0142ownik przesuwu bocznego prasy do agregatu hydraulicznego za pomoc\u0105 odpowiednich w\u0119\u017cy i \u200b\u200bz\u0142\u0105czek.<\/li>\n<li>Sprawd\u017a, czy po\u0142\u0105czenia hydrauliczne s\u0105 solidne i szczelne, aby zagwarantowa\u0107 wydajny transfer p\u0142yn\u00f3w i bezpieczn\u0105 prac\u0119.<\/li>\n<\/ul>\n<ol start=\"3\">\n<li><strong>Regulacja po\u0142o\u017cenia:<\/strong><\/li>\n<\/ol>\n<ul>\n<li>Dostosuj pozycj\u0119 przesuni\u0119cia bocznego kowad\u0142a do konkretnych wymaga\u0144 danego zastosowania.<\/li>\n<li>Wykorzystaj mechanizm przesuwu bocznego, aby uzyska\u0107 precyzyjne wyr\u00f3wnanie z prasowanym materia\u0142em.<\/li>\n<\/ul>\n<ol start=\"4\">\n<li><strong>Kontrola operacyjna:<\/strong><\/li>\n<\/ol>\n<ul>\n<li>Zapoznaj si\u0119 z elementami steruj\u0105cymi cylindra przesuwu bocznego kowad\u0142a prasy.<\/li>\n<li>Dowiedz si\u0119, jak zainicjowa\u0107 ruch przesuwu bocznego i jakie s\u0105 dodatkowe funkcje, takie jak kontrola pr\u0119dko\u015bci lub mechanizmy blokowania po\u0142o\u017cenia.<\/li>\n<\/ul>\n<h2><strong>Jak uwolni\u0107 ci\u015bnienie z uk\u0142adu hydraulicznego?<\/strong><\/h2>\n<p>Uwolnienie ci\u015bnienia z uk\u0142adu hydraulicznego jest kluczowym krokiem dla zapewnienia bezpiecze\u0144stwa oraz przeprowadzenia konserwacji lub napraw. Oto przewodnik krok po kroku, jak uwolni\u0107 ci\u015bnienie z uk\u0142adu hydraulicznego:<\/p>\n<ol>\n<li><strong>Zidentyfikuj \u017ar\u00f3d\u0142o zasilania:<\/strong>\n<ul>\n<li>Okre\u015bl \u017ar\u00f3d\u0142o zasilania dostarczaj\u0105ce ci\u015bnienie do uk\u0142adu hydraulicznego. Mo\u017ce to by\u0107 silnik elektryczny, pompa nap\u0119dzana silnikiem spalinowym lub dowolne inne \u017ar\u00f3d\u0142o zasilania.<\/li>\n<\/ul>\n<\/li>\n<li><strong>Wy\u0142\u0105cz \u017ar\u00f3d\u0142o zasilania:<\/strong>\n<ul>\n<li>Wy\u0142\u0105cz lub zamknij \u017ar\u00f3d\u0142o zasilania wytwarzaj\u0105ce ci\u015bnienie w uk\u0142adzie hydraulicznym.<\/li>\n<li>Je\u015bli jest to silnik elektryczny, wy\u0142\u0105cz zasilanie lub od\u0142\u0105cz go.<\/li>\n<li>W przypadku pompy nap\u0119dzanej silnikiem nale\u017cy wy\u0142\u0105czy\u0107 silnik.<\/li>\n<\/ul>\n<\/li>\n<li><strong>W\u0142\u0105cz zatrzymanie awaryjne:<\/strong>\n<ul>\n<li>Je\u017celi tw\u00f3j uk\u0142ad hydrauliczny jest wyposa\u017cony w przycisk lub d\u017awigni\u0119 zatrzymania awaryjnego, naci\u015bnij j\u0105, aby zatrzyma\u0107 dalsze wytwarzanie ci\u015bnienia hydraulicznego.<\/li>\n<\/ul>\n<\/li>\n<li><strong>Pozostaw czas na uwolnienie ci\u015bnienia:<\/strong>\n<ul>\n<li>Po wy\u0142\u0105czeniu \u017ar\u00f3d\u0142a zasilania i uruchomieniu wy\u0142\u0105cznika awaryjnego nale\u017cy odczeka\u0107, a\u017c ci\u015bnienie opadnie.<\/li>\n<li>Czas potrzebny na uwolnienie ci\u015bnienia zale\u017cy od rozmiaru i z\u0142o\u017cono\u015bci uk\u0142adu hydraulicznego. Ca\u0142kowite uwolnienie ci\u015bnienia mo\u017ce zaj\u0105\u0107 kilka minut lub d\u0142u\u017cej.<\/li>\n<\/ul>\n<\/li>\n<li><strong>Sprawd\u017a uwolnienie ci\u015bnienia:<\/strong>\n<ul>\n<li>Aby mie\u0107 pewno\u015b\u0107, \u017ce ci\u015bnienie zosta\u0142o uwolnione, nale\u017cy sprawdzi\u0107 manometry lub wska\u017aniki ci\u015bnienia w uk\u0142adzie hydraulicznym, je\u015bli s\u0105 dost\u0119pne.<\/li>\n<li>Je\u017celi odczyt ci\u015bnienia wynosi zero lub jest bliski zeru, oznacza to, \u017ce ci\u015bnienie zosta\u0142o pomy\u015blnie uwolnione.<\/li>\n<\/ul>\n<\/li>\n<li><strong>Uwolnij ci\u015bnienie resztkowe:<\/strong>\n<ul>\n<li>W niekt\u00f3rych przypadkach, nawet po wy\u0142\u0105czeniu \u017ar\u00f3d\u0142a zasilania, w uk\u0142adzie hydraulicznym mo\u017ce nadal wyst\u0119powa\u0107 ci\u015bnienie resztkowe.<\/li>\n<li>Aby uwolni\u0107 to ci\u015bnienie resztkowe, nale\u017cy zlokalizowa\u0107 zaw\u00f3r bezpiecze\u0144stwa w uk\u0142adzie hydraulicznym.<\/li>\n<li>Powoli otw\u00f3rz zaw\u00f3r bezpiecze\u0144stwa, u\u017cywaj\u0105c odpowiednich narz\u0119dzi (np. klucza), aby stopniowo uwolni\u0107 pozosta\u0142e ci\u015bnienie.<\/li>\n<li>Podczas uwalniania ci\u015bnienia resztkowego nale\u017cy zachowa\u0107 ostro\u017cno\u015b\u0107 i uwag\u0119, aby zapobiec nag\u0142ym ruchom lub rozpryskiwaniu si\u0119 p\u0142ynu hydraulicznego.<\/li>\n<\/ul>\n<\/li>\n<li><strong>Sprawd\u017a dwukrotnie uwolnienie ci\u015bnienia:<\/strong>\n<ul>\n<li>Po usuni\u0119ciu ci\u015bnienia resztkowego nale\u017cy ponownie sprawdzi\u0107, czy wska\u017aniki ci\u015bnienia wskazuj\u0105 ci\u015bnienie zerowe lub bliskie zera.<\/li>\n<li>Przeprowad\u017a wizualn\u0105 kontrol\u0119 uk\u0142adu hydraulicznego pod k\u0105tem oznak ruchu lub wzrostu ci\u015bnienia.<\/li>\n<\/ul>\n<\/li>\n<\/ol>\n<h2><strong>Mo\u017cliwo\u015bci i pojemno\u015b\u0107 fabryki:<\/strong><\/h2>\n<h3>(1) Monta\u017c<\/h3>\n<p>Dysponujemy najwy\u017cszej klasy niezale\u017cn\u0105 platform\u0105 badawczo-rozwojow\u0105. Warsztat produkcji si\u0142ownik\u00f3w hydraulicznych posiada cztery p\u00f3\u0142automatyczne linie monta\u017cowe si\u0142ownik\u00f3w podnosz\u0105cych i jedn\u0105 automatyczn\u0105 lini\u0119 monta\u017cow\u0105 si\u0142ownik\u00f3w przechy\u0142u, o projektowanej rocznej zdolno\u015bci produkcyjnej 1 miliona sztuk. Specjalny warsztat cylindr\u00f3w jest wyposa\u017cony w r\u00f3\u017cne specyfikacje p\u00f3\u0142automatycznego systemu monta\u017cu czyszcz\u0105cego o projektowanej rocznej zdolno\u015bci produkcyjnej 200 000 i wyposa\u017cony w s\u0142ynny sprz\u0119t do obr\u00f3bki CNC, centrum obr\u00f3bcze, specjalny sprz\u0119t do precyzyjnej obr\u00f3bki cylindr\u00f3w, robot spawalniczy, automatyczna maszyna czyszcz\u0105ca, automatyczna maszyna do monta\u017cu cylindr\u00f3w i automatyczna linia produkcyjna do malowania. Istniej\u0105cy krytyczny sprz\u0119t sk\u0142ada si\u0119 z ponad 300 zestaw\u00f3w. Optymalna alokacja i efektywne wykorzystanie zasob\u00f3w sprz\u0119towych zapewniaj\u0105 wymagania dotycz\u0105ce dok\u0142adno\u015bci produkt\u00f3w i spe\u0142niaj\u0105 potrzeby wysokiej jako\u015bci produkt\u00f3w.<\/p>\n<p><img loading=\"lazy\" decoding=\"async\" class=\"alignnone wp-image-626\" src=\"https:\/\/hydraulic-cylinders.net\/wp-content\/uploads\/2023\/08\/hydraulic-cylinder-product-1-300x158.webp\" alt=\"\" width=\"495\" height=\"260\" srcset=\"https:\/\/hydraulic-cylinders.net\/wp-content\/uploads\/2023\/08\/hydraulic-cylinder-product-1-300x158.webp 495w, https:\/\/hydraulic-cylinders.net\/wp-content\/uploads\/2023\/08\/hydraulic-cylinder-product-1-480x252.webp 480w\" sizes=\"(min-width: 0px) and (max-width: 480px) 480px, (min-width: 481px) 495px, 100vw\" \/> <img loading=\"lazy\" decoding=\"async\" class=\"alignnone wp-image-627\" src=\"https:\/\/hydraulic-cylinders.net\/wp-content\/uploads\/2023\/08\/hydraulic-cylinder-product-2-300x189.webp\" alt=\"\" width=\"413\" height=\"260\" \/><\/p>\n<h3>(2) Obr\u00f3bka<\/h3>\n<p>Warsztat obr\u00f3bki skrawaniem jest wyposa\u017cony w niestandardowe centrum tokarskie z pochylon\u0105 szyn\u0105, centrum obr\u00f3bcze, szybkobie\u017cn\u0105 honownic\u0119, robota spawalniczego i inny powi\u0105zany sprz\u0119t, kt\u00f3ry mo\u017ce obs\u0142ugiwa\u0107 przetwarzanie rur cylindrycznych o maksymalnej \u015brednicy wewn\u0119trznej 400 mm i maksymalnej d\u0142ugo\u015bci 6 metr\u00f3w.<\/p>\n<p><img loading=\"lazy\" decoding=\"async\" class=\"alignnone wp-image-628 size-large\" src=\"https:\/\/hydraulic-cylinders.net\/wp-content\/uploads\/2023\/08\/hydraulic-cylinder-product-3-1024x391.webp\" alt=\"\" width=\"1024\" height=\"391\" srcset=\"https:\/\/hydraulic-cylinders.net\/wp-content\/uploads\/2023\/08\/hydraulic-cylinder-product-3-980x374.webp 980w, https:\/\/hydraulic-cylinders.net\/wp-content\/uploads\/2023\/08\/hydraulic-cylinder-product-3-480x183.webp 480w\" sizes=\"(min-width: 0px) and (max-width: 480px) 480px, (min-width: 481px) and (max-width: 980px) 980px, (min-width: 981px) 1024px, 100vw\" \/><\/p>\n<h3>(3) Spawanie<\/h3>\n<p><img loading=\"lazy\" decoding=\"async\" class=\"alignnone wp-image-629 size-large\" src=\"https:\/\/hydraulic-cylinders.net\/wp-content\/uploads\/2023\/08\/hydraulic-cylinder-product-4-1024x510.webp\" alt=\"\" width=\"1024\" height=\"510\" srcset=\"https:\/\/hydraulic-cylinders.net\/wp-content\/uploads\/2023\/08\/hydraulic-cylinder-product-4-980x488.webp 980w, https:\/\/hydraulic-cylinders.net\/wp-content\/uploads\/2023\/08\/hydraulic-cylinder-product-4-480x239.webp 480w\" sizes=\"(min-width: 0px) and (max-width: 480px) 480px, (min-width: 481px) and (max-width: 980px) 980px, (min-width: 981px) 1024px, 100vw\" \/><\/p>\n<h3>(4) Malowanie i powlekanie<\/h3>\n<p>Z ma\u0142ymi i \u015brednimi automatycznymi liniami do powlekania farbami na bazie wody, w celu osi\u0105gni\u0119cia automatycznego za\u0142adunku i roz\u0142adunku robota oraz automatycznego natryskiwania, wydajno\u015b\u0107 projektowa 4000 sztuk na zmian\u0119;<br \/>\nPosiadamy r\u00f3wnie\u017c p\u00f3\u0142automatyczn\u0105 lini\u0119 do produkcji farb do du\u017cych cylindr\u00f3w nap\u0119dzan\u0105 \u0142a\u0144cuchem nap\u0119dowym, o wydajno\u015bci 60 skrzy\u0144 na zmian\u0119.<\/p>\n<p><img loading=\"lazy\" decoding=\"async\" class=\"alignnone wp-image-630\" src=\"https:\/\/hydraulic-cylinders.net\/wp-content\/uploads\/2023\/08\/hydraulic-cylinder-product-5-300x213.webp\" alt=\"\" width=\"366\" height=\"260\" \/> <img loading=\"lazy\" decoding=\"async\" class=\"alignnone wp-image-631\" src=\"https:\/\/hydraulic-cylinders.net\/wp-content\/uploads\/2023\/08\/hydraulic-cylinder-product-6-300x225.webp\" alt=\"\" width=\"347\" height=\"260\" \/><\/p>\n<h3>(5) Testowanie<\/h3>\n<p>Dysponujemy najwy\u017cszej klasy urz\u0105dzeniami kontrolnymi i stanowiskami testowymi, aby zapewni\u0107, \u017ce wydajno\u015b\u0107 cylindra spe\u0142nia wymagania.<\/p>\n<p><img loading=\"lazy\" decoding=\"async\" class=\"alignnone wp-image-632\" src=\"https:\/\/hydraulic-cylinders.net\/wp-content\/uploads\/2023\/08\/hydraulic-cylinder-product-8-300x200.webp\" alt=\"\" width=\"389\" height=\"260\" \/><\/p>\n<p>&nbsp;<\/p>\n<p>&nbsp;<\/p>\n<p>Jeste\u015bmy jednym z najlepszych producent\u00f3w cylindr\u00f3w hydraulicznych. Oferujemy kompleksow\u0105 ofert\u0119 cylindr\u00f3w hydraulicznych. Dostarczamy r\u00f3wnie\u017c\u2026 <a href=\"https:\/\/hzpt.com\/agricultural-pto-gearbox\/\" target=\"_blank\" rel=\"noopener\">przek\u0142adnie rolnicze<\/a>. Eksportowali\u015bmy nasze produkty do klient\u00f3w na ca\u0142ym \u015bwiecie i zdobyli\u015bmy dobr\u0105 reputacj\u0119 dzi\u0119ki najwy\u017cszej jako\u015bci produkt\u00f3w i us\u0142ug posprzeda\u017cnych. Zapraszamy klient\u00f3w w kraju i za granic\u0105 do kontaktu z nami w celu negocjacji biznesowych, wymiany informacji i <a href=\"https:\/\/www.hydraulic-cylinders.net\/pl\/contact-us\/\">wsp\u00f3\u0142pracowa\u0107 z nami<\/a>!<\/p>","protected":false},"excerpt":{"rendered":"<p>Press Lateral Shift Anvil Cylinder The press lateral shift anvil cylinder is a cutting-edge component designed to optimize pressing operations in various industries. With its advanced features and reliable performance, this cylinder offers enhanced precision, efficiency, and versatility. The press lateral shift anvil cylinder is a powerful tool for enhancing precision, efficiency, and versatility in [&hellip;]<\/p>","protected":false},"featured_media":1628,"comment_status":"open","ping_status":"closed","template":"","meta":{"_et_pb_use_builder":"","_et_pb_old_content":"","_et_gb_content_width":""},"product_brand":[],"product_cat":[1550,1522,1376],"product_tag":[1380],"class_list":{"0":"post-1626","1":"product","2":"type-product","3":"status-publish","4":"has-post-thumbnail","6":"product_cat-double-acting-hydraulic-cylinder","7":"product_cat-press-hydraulic-cylinders","8":"product_cat-hydraulic-cylinder","9":"product_tag-hydraulic-cylinder","11":"first","12":"instock","13":"shipping-taxable","14":"product-type-simple"},"amp_enabled":true,"_links":{"self":[{"href":"https:\/\/www.hydraulic-cylinders.net\/pl\/wp-json\/wp\/v2\/product\/1626","targetHints":{"allow":["GET"]}}],"collection":[{"href":"https:\/\/www.hydraulic-cylinders.net\/pl\/wp-json\/wp\/v2\/product"}],"about":[{"href":"https:\/\/www.hydraulic-cylinders.net\/pl\/wp-json\/wp\/v2\/types\/product"}],"replies":[{"embeddable":true,"href":"https:\/\/www.hydraulic-cylinders.net\/pl\/wp-json\/wp\/v2\/comments?post=1626"}],"wp:featuredmedia":[{"embeddable":true,"href":"https:\/\/www.hydraulic-cylinders.net\/pl\/wp-json\/wp\/v2\/media\/1628"}],"wp:attachment":[{"href":"https:\/\/www.hydraulic-cylinders.net\/pl\/wp-json\/wp\/v2\/media?parent=1626"}],"wp:term":[{"taxonomy":"product_brand","embeddable":true,"href":"https:\/\/www.hydraulic-cylinders.net\/pl\/wp-json\/wp\/v2\/product_brand?post=1626"},{"taxonomy":"product_cat","embeddable":true,"href":"https:\/\/www.hydraulic-cylinders.net\/pl\/wp-json\/wp\/v2\/product_cat?post=1626"},{"taxonomy":"product_tag","embeddable":true,"href":"https:\/\/www.hydraulic-cylinders.net\/pl\/wp-json\/wp\/v2\/product_tag?post=1626"}],"curies":[{"name":"wp","href":"https:\/\/api.w.org\/{rel}","templated":true}]}}