{"id":16262,"date":"2025-01-20T09:00:34","date_gmt":"2025-01-20T09:00:34","guid":{"rendered":"https:\/\/www.hydraulic-cylinders.net\/product\/arm-cylinderfor-hyundai-wheel-excavator-r160w-5\/"},"modified":"2025-01-20T09:00:36","modified_gmt":"2025-01-20T09:00:36","slug":"arm-cylinderfor-hyundai-wheel-excavator-r160w-5","status":"publish","type":"product","link":"https:\/\/www.hydraulic-cylinders.net\/pl\/produkt\/arm-cylinderfor-hyundai-wheel-excavator-r160w-5\/","title":{"rendered":"Si\u0142ownik ramienia do koparki ko\u0142owej Hyundai R160W-5"},"content":{"rendered":"<h2>Wst\u0119p<\/h2>\n<h3>Si\u0142ownik ramienia do koparki ko\u0142owej Hyundai R160W-5<\/h3>\n<p>Si\u0142ownik ramienia to specjalnie zaprojektowany si\u0142ownik hydrauliczny, kt\u00f3ry s\u0142u\u017cy g\u0142\u00f3wnie do zapewnienia ruchu liniowego i zasilania ramion r\u00f3\u017cnego rodzaju maszyn, takich jak koparki, d\u017awigi i ramiona mechaniczne. Si\u0142ownik ramienia odgrywa kluczow\u0105 rol\u0119 w uk\u0142adzie hydraulicznym, umo\u017cliwiaj\u0105c efektywny ruch i sterowanie dodatkowymi narz\u0119dziami lub osprz\u0119tem. Si\u0142owniki te nie tylko zapewniaj\u0105 p\u0142ynny ruch, ale tak\u017ce wytrzymuj\u0105 du\u017ce obci\u0105\u017cenia, zapewniaj\u0105c wydajn\u0105 prac\u0119 i niezawodno\u015b\u0107 maszyn w r\u00f3\u017cnych warunkach pracy.<\/p>\n<p><img decoding=\"async\" src=\"https:\/\/www.hydraulic-cylinders.net\/wp-content\/uploads\/2025\/01\/songte-company-2.webp\" alt=\"Obraz cylindra ramienia\"><\/p>\n<h2>Cechy<\/h2>\n<ol>\n<li><strong>Wysoka wydajno\u015b\u0107 transmisji:<\/strong> Cylindry ramienia zapewniaj\u0105 mocny ruch liniowy i si\u0142\u0119, gwarantuj\u0105c wysok\u0105 wydajno\u015b\u0107 ramienia mechanicznego podczas r\u00f3\u017cnych operacji.<\/li>\n<li><strong>Precyzyjna kontrola:<\/strong> Dzi\u0119ki uk\u0142adowi hydraulicznemu si\u0142owniki ramion mog\u0105 uzyska\u0107 precyzyjn\u0105 kontrol\u0119 ruchu, co sprawia, \u017ce \u200b\u200bobs\u0142uga dodatkowych narz\u0119dzi jest bardziej elastyczna i dok\u0142adna.<\/li>\n<li><strong>Wysoka wytrzyma\u0142o\u015b\u0107:<\/strong> Cylindry ramienia s\u0105 zazwyczaj wykonane z materia\u0142\u00f3w o wysokiej wytrzyma\u0142o\u015bci i charakteryzuj\u0105 si\u0119 dobr\u0105 odporno\u015bci\u0105 na zu\u017cycie i korozj\u0119, dzi\u0119ki czemu nadaj\u0105 si\u0119 do d\u0142ugotrwa\u0142ego u\u017cytkowania w trudnych warunkach.<\/li>\n<li><strong>Wielofunkcyjna adaptowalno\u015b\u0107:<\/strong> Si\u0142owniki te mo\u017cna powszechnie stosowa\u0107 w r\u00f3\u017cnych typach maszyn, takich jak koparki, d\u017awigi i ramiona mechaniczne, dostosowuj\u0105c je do r\u00f3\u017cnych wymaga\u0144 roboczych.<\/li>\n<li><strong>\u0141atwa konserwacja:<\/strong> Podczas projektowania zadbano o \u0142atwo\u015b\u0107 konserwacji i wymiany, dzi\u0119ki czemu regularne kontrole i konserwacje s\u0105 wygodniejsze, a przestoje sprz\u0119tu skr\u00f3cone.<\/li>\n<\/ol>\n<p>Nasz produkt idealnie zast\u0119puje te si\u0142owniki hydrauliczne. Zobacz poni\u017cszy obrazek:<\/p>\n<p><img decoding=\"async\" src=\"https:\/\/www.hydraulic-cylinders.net\/wp-content\/uploads\/2025\/01\/songte-oil-pipes-and-spare-parts.webp\" alt=\"Obraz cylindr\u00f3w hydraulicznych\"><\/p>\n<h2>Aplikacje<\/h2>\n<p>Cylindry ramieniowe s\u0105 wykorzystywane w r\u00f3\u017cnych ga\u0142\u0119ziach przemys\u0142u do wielu zastosowa\u0144, takich jak:<\/p>\n<ol>\n<li><strong>In\u017cynieria budowlana:<\/strong> W koparkach i d\u017awigach si\u0142owniki ramieniowe s\u0142u\u017c\u0105 do sterowania ruchem \u0142y\u017cek lub wysi\u0119gnik\u00f3w podczas rob\u00f3t ziemnych, przenoszenia materia\u0142\u00f3w i instalacji konstrukcyjnych.<\/li>\n<li><strong>Produkcja:<\/strong> W zautomatyzowanych liniach produkcyjnych si\u0142owniki ramion s\u0142u\u017c\u0105 do kontrolowania ruchu ramion mechanicznych podczas monta\u017cu, spawania i transportu materia\u0142\u00f3w, co zwi\u0119ksza wydajno\u015b\u0107 i dok\u0142adno\u015b\u0107 produkcji.<\/li>\n<li><strong>Maszyny rolnicze:<\/strong> W maszynach rolniczych, takich jak kombajny i sadzarki, si\u0142owniki ramion steruj\u0105 ruchem ramion roboczych, co umo\u017cliwia wykonywanie takich zada\u0144, jak siew, nawo\u017cenie i zbi\u00f3r.<\/li>\n<li><strong>G\u00f3rnictwo:<\/strong> W sprz\u0119cie g\u00f3rniczym cylindry ramieniowe s\u0142u\u017c\u0105 do sterowania ruchem ramion sprz\u0119tu g\u00f3rniczego stosowanego przy wydobyciu i transporcie rud.<\/li>\n<li><strong>Logistyka i transport:<\/strong> W w\u00f3zkach wid\u0142owych i robotach prze\u0142adunkowych si\u0142owniki ramieniowe s\u0142u\u017c\u0105 do sterowania podnoszeniem i przemieszczaniem \u0142adunku, realizacji transportu materia\u0142\u00f3w i ich uk\u0142adania.<\/li>\n<\/ol>\n<h2>Zagadnienia projektowe i kryteria wyboru<\/h2>\n<p>Cylindry ramieniowe s\u0105 projektowane z uwzgl\u0119dnieniem takich kluczowych czynnik\u00f3w jak:<\/p>\n<ol>\n<li><strong>No\u015bno\u015b\u0107:<\/strong> Cylindry ramienia musz\u0105 mie\u0107 odpowiedni\u0105 no\u015bno\u015b\u0107, aby wytrzyma\u0107 du\u017ce obci\u0105\u017cenia i zapewni\u0107 ich wydajn\u0105 prac\u0119.<\/li>\n<li><strong>Opiecz\u0119towanie:<\/strong> W procesie produkcji stosuje si\u0119 r\u00f3\u017cne elementy uszczelniaj\u0105ce, takie jak uszczelki t\u0142okowe i uszczelki t\u0142oczyskowe. Aby zapewni\u0107 trwa\u0142o\u015b\u0107, dobiera si\u0119 takie materia\u0142y uszczelniaj\u0105ce, jak poliuretan i kauczuk nitrylowy.<\/li>\n<li><strong>Trwa\u0142o\u015b\u0107:<\/strong> Cylindry ramienia wykonane s\u0105 z materia\u0142\u00f3w o wysokiej wytrzyma\u0142o\u015bci i poddane precyzyjnej obr\u00f3bce w celu zwi\u0119kszenia ich odporno\u015bci na zu\u017cycie i korozj\u0119.<\/li>\n<li><strong>Bezpiecze\u0144stwo:<\/strong> Kwestie bezpiecze\u0144stwa obejmuj\u0105 konstrukcj\u0119 i instalacj\u0119 zawor\u00f3w bezpiecze\u0144stwa oraz innych urz\u0105dze\u0144 zabezpieczaj\u0105cych zapobiegaj\u0105cych wypadkom.<\/li>\n<li><strong>Utrzymywalno\u015b\u0107:<\/strong> Projekt zak\u0142ada \u0142atw\u0105 konserwacj\u0119 i wymian\u0119 element\u00f3w w celu przeprowadzania regularnych kontroli i konserwacji, co skraca przestoje sprz\u0119tu.<\/li>\n<\/ol>\n<p>Zobacz poni\u017cszy obraz:<\/p>\n<p><img decoding=\"async\" src=\"https:\/\/www.hydraulic-cylinders.net\/wp-content\/uploads\/2025\/01\/songte-cylinder-head-with-all-kinds-excavator-models.webp\" alt=\"Obraz g\u0142owicy cylindra\"><\/p>\n<h2>Uszczelnianie i smarowanie<\/h2>\n<p>Si\u0142owniki ramieniowe wykorzystuj\u0105 r\u00f3\u017cne elementy uszczelniaj\u0105ce, takie jak uszczelnienia t\u0142oka i t\u0142oczyska, oraz materia\u0142y uszczelniaj\u0105ce, takie jak poliuretan i kauczuk nitrylowy, aby zapewni\u0107 trwa\u0142o\u015b\u0107. Korpus cylindra i gwintowane powierzchnie ko\u0144cowe s\u0105 precyzyjnie obrobione, aby zwi\u0119kszy\u0107 odporno\u015b\u0107 na zu\u017cycie. Do smarowania wymagane jest regularne uzupe\u0142nianie odpowiednim olejem hydraulicznym.<\/p>\n<h2>Konserwacja zapobiegawcza i rozwi\u0105zywanie problem\u00f3w<\/h2>\n<p>Regularne kontrole i konserwacja zapobiegawcza s\u0105 niezb\u0119dne, aby zapobiec potencjalnym problemom. Poni\u017csze wskaz\u00f3wki mog\u0105 pom\u00f3c w diagnozowaniu i rozwi\u0105zywaniu problem\u00f3w:<\/p>\n<h3>Typowe problemy<\/h3>\n<ol>\n<li>Niska wydajno\u015b\u0107 pracy cylindra<\/li>\n<li>Wyciek oleju z cylindra<\/li>\n<li>Nadmierny ha\u0142as lub wibracje cylindra<\/li>\n<li>Dryft cylindra<\/li>\n<li>Odkszta\u0142cenie lub uszkodzenie cylindra<\/li>\n<\/ol>\n<h3>Metody rozwi\u0105zywania problem\u00f3w<\/h3>\n<ol>\n<li>Sprawd\u017a \u015bcie\u017ck\u0119 olejow\u0105 i zaw\u00f3r steruj\u0105cy, aby upewni\u0107 si\u0119, \u017ce przep\u0142yw oleju jest p\u0142ynny i prawid\u0142owy.<\/li>\n<li>Sprawd\u017a elementy uszczelniaj\u0105ce i w razie potrzeby wymie\u0144 je.<\/li>\n<li>Sprawd\u017a dok\u0142adno\u015b\u0107 monta\u017cu cylindra i wyreguluj go.<\/li>\n<li>Sprawd\u017a ci\u015bnienie w uk\u0142adzie hydraulicznym i dostosuj je do odpowiedniego poziomu.<\/li>\n<li>Sprawd\u017a korpus cylindra i w razie konieczno\u015bci napraw go lub wymie\u0144.<\/li>\n<\/ol>\n<p>Do \u015brodk\u00f3w zapobiegawczych zalicza si\u0119 regularn\u0105 konserwacj\u0119 i wymian\u0119 zu\u017cytych cz\u0119\u015bci, prawid\u0142owe u\u017cytkowanie i konserwacj\u0119 uk\u0142adu hydraulicznego oraz unikanie przeci\u0105\u017cenia lub pracy pod nadmiernym ci\u015bnieniem.<\/p>\n<p>Zobacz poni\u017cszy obraz:<\/p>\n<p><img decoding=\"async\" src=\"https:\/\/www.hydraulic-cylinders.net\/wp-content\/uploads\/2025\/01\/songte-chushion-collar.webp\" alt=\"Obraz ko\u0142nierza Chushion\"><\/p>\n<h2>Wytyczne dotycz\u0105ce instalacji<\/h2>\n<p>Prawid\u0142owy monta\u017c ma kluczowe znaczenie dla prawid\u0142owego dzia\u0142ania si\u0142ownik\u00f3w ramienia. Nale\u017cy wykona\u0107 nast\u0119puj\u0105ce czynno\u015bci:<\/p>\n<ol>\n<li>Upewnij si\u0119, \u017ce cylinder i rami\u0119 mechaniczne s\u0105 wyr\u00f3wnane.<\/li>\n<li>Sprawd\u017a, czy t\u0142oczysko jest prawid\u0142owo zamontowane.<\/li>\n<li>Sprawd\u017a, czy z\u0142\u0105cze hydrauliczne jest prawid\u0142owo zamontowane i dokr\u0119cone.<\/li>\n<li>Aby upewni\u0107 si\u0119, \u017ce urz\u0105dzenie dzia\u0142a prawid\u0142owo, nale\u017cy przeprowadzi\u0107 test funkcjonalny.<\/li>\n<\/ol>\n<p>Zobacz poni\u017cszy obraz:<\/p>\n<p><img decoding=\"async\" src=\"https:\/\/www.hydraulic-cylinders.net\/wp-content\/uploads\/2025\/01\/songte-bushings-with-all-kinds-of-excavator-models.webp\" alt=\"Obraz tulei\"><\/p>\n<h2>O nas<\/h2>\n<p>Jeste\u015bmy profesjonalnym producentem zamiennych cylindr\u00f3w hydraulicznych, oferuj\u0105cym szerok\u0105 gam\u0119 produkt\u00f3w. Stali\u015bmy si\u0119 jednym z wiod\u0105cych producent\u00f3w i dystrybutor\u00f3w cylindr\u00f3w hydraulicznych na rynku krajowym i mi\u0119dzynarodowym. Zawsze przestrzegamy zasady doskona\u0142ej jako\u015bci i opieramy si\u0119 na strategiach zarz\u0105dzania produkcj\u0105 w wyspecjalizowanych warsztatach produkcyjnych, aby stale doskonali\u0107 nasz\u0105 technologi\u0119 i wydajno\u015b\u0107 produkcji. Wprowadzaj\u0105c zaawansowany, cyfrowy sprz\u0119t produkcyjny i profesjonalne systemy testowe, stale optymalizujemy nasz\u0105 platform\u0119 produkcyjn\u0105 i usprawniamy procesy kontroli jako\u015bci produkt\u00f3w. Naszym celem jest zaspokajanie zr\u00f3\u017cnicowanych potrzeb klient\u00f3w, kieruj\u0105c si\u0119 zasadami wydajno\u015bci, precyzji i wysokiej jako\u015bci.<\/p>\n<p>Nasza firma posiada nast\u0119puj\u0105ce atuty:<\/p>\n<ul>\n<li><strong>Profesjonalizm:<\/strong> Posiadamy zesp\u00f3\u0142 do\u015bwiadczonych specjalist\u00f3w i zaawansowany sprz\u0119t produkcyjny, co gwarantuje jako\u015b\u0107 i dok\u0142adno\u015b\u0107 produkt\u00f3w.<\/li>\n<li><strong>Certyfikacja mi\u0119dzynarodowa:<\/strong> Nasze produkty spe\u0142niaj\u0105 wymogi norm ISO9001, CE oraz inne mi\u0119dzynarodowe certyfikaty, co gwarantuje ich jako\u015b\u0107 i niezawodno\u015b\u0107.<\/li>\n<li><strong>Us\u0142ugi dostosowane do indywidualnych potrzeb:<\/strong> Oferujemy us\u0142ugi dostosowane do indywidualnych potrzeb i wymaga\u0144 naszych klient\u00f3w.<\/li>\n<li><strong>Sprz\u0119t produkcyjny:<\/strong> Posiadamy zaawansowany cyfrowy sprz\u0119t produkcyjny, taki jak maszyny CNC i systemy testowe, co gwarantuje wysok\u0105 jako\u015b\u0107 naszych produkt\u00f3w.<\/li>\n<li><strong>Serwis posprzeda\u017cowy:<\/strong> Zapewniamy kompleksowy serwis i wsparcie posprzeda\u017cowe, aby zagwarantowa\u0107 zadowolenie i lojalno\u015b\u0107 klient\u00f3w.<\/li>\n<\/ul>\n<p>Zobacz poni\u017csze obrazy:<\/p>\n<p><img decoding=\"async\" src=\"https:\/\/www.hydraulic-cylinders.net\/wp-content\/uploads\/2025\/01\/songte-company-4.webp\" alt=\"Obraz firmy 1\"><br \/>\n<img decoding=\"async\" src=\"https:\/\/www.hydraulic-cylinders.net\/wp-content\/uploads\/2025\/01\/songte-company-3.webp\" alt=\"Obraz firmy 2\"><\/p>\n<p>Napisane przez lyl.<\/p>","protected":false},"excerpt":{"rendered":"<p>Introduction Arm Cylinder for Hyundai Wheel Excavator R160W-5 An arm cylinder is a specially designed hydraulic cylinder that is primarily used to provide linear motion and power for the arms of various types of machinery such as excavators, cranes, and mechanical arms. The arm cylinder plays a key role in the hydraulic system by enabling [&hellip;]<\/p>","protected":false},"featured_media":14766,"comment_status":"open","ping_status":"closed","template":"","meta":{"_et_pb_use_builder":"","_et_pb_old_content":"","_et_gb_content_width":""},"product_brand":[],"product_cat":[1497],"product_tag":[1498,1496],"class_list":{"0":"post-16262","1":"product","2":"type-product","3":"status-publish","4":"has-post-thumbnail","6":"product_cat-arm-cylinders","7":"product_tag-arm-cylinders","8":"product_tag-hydraulic-cylinders","10":"first","11":"instock","12":"shipping-taxable","13":"product-type-simple"},"amp_enabled":true,"_links":{"self":[{"href":"https:\/\/www.hydraulic-cylinders.net\/pl\/wp-json\/wp\/v2\/product\/16262","targetHints":{"allow":["GET"]}}],"collection":[{"href":"https:\/\/www.hydraulic-cylinders.net\/pl\/wp-json\/wp\/v2\/product"}],"about":[{"href":"https:\/\/www.hydraulic-cylinders.net\/pl\/wp-json\/wp\/v2\/types\/product"}],"replies":[{"embeddable":true,"href":"https:\/\/www.hydraulic-cylinders.net\/pl\/wp-json\/wp\/v2\/comments?post=16262"}],"wp:featuredmedia":[{"embeddable":true,"href":"https:\/\/www.hydraulic-cylinders.net\/pl\/wp-json\/wp\/v2\/media\/14766"}],"wp:attachment":[{"href":"https:\/\/www.hydraulic-cylinders.net\/pl\/wp-json\/wp\/v2\/media?parent=16262"}],"wp:term":[{"taxonomy":"product_brand","embeddable":true,"href":"https:\/\/www.hydraulic-cylinders.net\/pl\/wp-json\/wp\/v2\/product_brand?post=16262"},{"taxonomy":"product_cat","embeddable":true,"href":"https:\/\/www.hydraulic-cylinders.net\/pl\/wp-json\/wp\/v2\/product_cat?post=16262"},{"taxonomy":"product_tag","embeddable":true,"href":"https:\/\/www.hydraulic-cylinders.net\/pl\/wp-json\/wp\/v2\/product_tag?post=16262"}],"curies":[{"name":"wp","href":"https:\/\/api.w.org\/{rel}","templated":true}]}}